{"id":9,"date":"2026-01-08T14:07:51","date_gmt":"2026-01-08T14:07:51","guid":{"rendered":"https:\/\/coinkickoff.com\/?page_id=9"},"modified":"2026-01-08T14:07:51","modified_gmt":"2026-01-08T14:07:51","slug":"about-us","status":"publish","type":"page","link":"https:\/\/coinkickoff.com\/tr\/about-us\/","title":{"rendered":"Hakk\u0131nda"},"content":{"rendered":"<h1 class=\"wp-block-genesis-blocks-gb-spacer gb-block-spacer gb-divider-solid gb-divider-size-1\" style=\"color: #ddd;\">Coin Kickoff Hakk\u0131nda\u00a0<\/h1>\r\n<div class=\"wp-block-columns has-2-columns\">\r\n<div class=\"wp-block-column\">\r\n<p>Coin Kickoff'u yaratt\u0131m \u00e7\u00fcnk\u00fc kripto\/<a href=\"https:\/\/coinkickoff.com\/tr\/what-is-web-3-0\/\" data-internallinksmanager029f6b8e52c=\"184\" title=\"Web 3.0 Nedir?\">web3<\/a> \u00e7ok karma\u015f\u0131k.<\/p>\r\n\r\n\r\n\r\n<p>Benim ad\u0131m Ian Wright ve kripto ile u\u011fra\u015fmaya <strong>2017<\/strong> ne zaman <a href=\"https:\/\/coinkickoff.com\/tr\/bitcoin-btc\/\" data-internallinksmanager029f6b8e52c=\"1\" title=\"Bitcoin (BTC) Nedir? Fiyat, Tarih\u00e7e ve Nereden Al\u0131n\u0131r\">Bitcoin<\/a> ilk bo\u011fa ko\u015fusunu neredeyse <strong>$20,000<\/strong> Her biri.<\/p>\r\n\r\n\r\n\r\n<p>O zamanlar biraz para kazanmay\u0131 ba\u015faracak kadar \u015fansl\u0131yd\u0131m. Sonra hemen kriptoyu unuttum.<\/p>\r\n\r\n\r\n\r\n<p>Balonun patlad\u0131\u011f\u0131n\u0131 d\u00fc\u015f\u00fcnm\u00fc\u015ft\u00fcm. \u00c7\u0131kt\u0131\u011f\u0131mda kendimi \u015fansl\u0131 hissediyordum.<\/p>\r\n\r\n\r\n\r\n<p>Her \u015fey b\u00fcy\u00fck bir aldatmaca gibiydi ve sonunda ortadan kaybolacakt\u0131.<\/p>\r\n\r\n\r\n\r\n<p><strong>Sonra garip bir \u015fey oldu.<\/strong><\/p>\r\n\r\n\r\n\r\n<p>Sonbaharda <strong>2020<\/strong> \u0130nsanlar\u0131n tekrar Bitcoin ve kripto hakk\u0131nda konu\u015ftuklar\u0131n\u0131 duymaya ba\u015flad\u0131m.<\/p>\r\n\r\n\r\n\r\n<p>\u0130lk ba\u015fta bunu g\u00f6z ard\u0131 ettim. Bitcoin \u00e7ok <strong>2017<\/strong>.<\/p>\r\n\r\n\r\n\r\n<p>Ayr\u0131ca, bu zaten bir aldatmacayd\u0131.<\/p>\r\n\r\n\r\n\r\n<p>Ancak sonunda Bitcoin'nin fiyat\u0131 t\u00fcm zamanlar\u0131n en y\u00fcksek seviyesinin \u00fczerine \u00e7\u0131k\u0131nca fikrimi de\u011fi\u015ftirdim.<\/p>\r\n\r\n\r\n\r\n<p>Akl\u0131mda bunun olmamas\u0131 gerekti\u011fi vard\u0131.<\/p>\r\n\r\n\r\n\r\n<p>Bitcoin, kripto, web3 ve Blockchain'in de\u011feri konusunda \u015f\u00fcpheciydim ve \u00f6yle olmaya devam ediyorum.<\/p>\r\n\r\n\r\n\r\n<p>Ama art\u0131k yak\u0131n zamanda ortadan kalkacaklar\u0131n\u0131 d\u00fc\u015f\u00fcnm\u00fcyorum.<\/p>\r\n\r\n\r\n\r\n<p><strong>Hatta yeniden yat\u0131r\u0131m yapmaya karar verdim. <\/strong><\/p>\r\n\r\n\r\n\r\n<p>Ama ge\u00e7en seferkinden farkl\u0131 olarak para kaybettim. Hem de bo\u011fa piyasas\u0131nda!<\/p>\r\n\r\n\r\n\r\n<p>Bu nedenle kendimi e\u011fitmeye karar verdim.<\/p>\r\n\r\n\r\n\r\n<p>\u0130\u015fte bu y\u00fczden Coin Kickoff'u yaratt\u0131m.<\/p>\r\n\r\n\r\n\r\n<p>Ama\u00e7 basit: \u00e7e\u015fitli coins'lerin ne oldu\u011funu, ne i\u015fe yarad\u0131klar\u0131n\u0131 ve nereden sat\u0131n al\u0131nabileceklerini a\u00e7\u0131klamak.<\/p>\r\n\r\n\r\n\r\n<p>Hepsi basit ve anla\u015f\u0131lmas\u0131 kolay bir \u015fekilde.<\/p>\r\n\r\n\r\n\r\n<p>Ve a\u00e7\u0131k olmak gerekirse ne yapt\u0131\u011f\u0131m hakk\u0131nda hi\u00e7bir fikrim yok. Bu web sitesindeki hi\u00e7bir \u015fey herhangi bir yat\u0131r\u0131m\u0131 te\u015fvik etmek olarak alg\u0131lanmamal\u0131d\u0131r.<\/p>\r\n\r\n\r\n\r\n<p>\u00c7o\u011fu coins'nin <strong>s\u0131f\u0131ra gidecek<\/strong>.<\/p>\r\n\r\n\r\n\r\n<p>Coin Kickoff'u, piyasadaki \u00e7e\u015fitli kripto se\u00e7enekleri hakk\u0131nda daha fazla bilgi edinmek i\u00e7in bir ba\u015flang\u0131\u00e7 noktas\u0131 olarak d\u00fc\u015f\u00fcn\u00fcn.<\/p>\r\n\r\n\r\n\r\n<p>T\u00fcm g\u00f6nderiler ve k\u0131lavuzlar yaln\u0131zca bilgilendirme ama\u00e7l\u0131d\u0131r.<\/p>\r\n\r\n\r\n\r\n<p>Ve asla ama asla kaybetmeyi g\u00f6ze alabilece\u011finizden daha fazla para yat\u0131rmay\u0131n.<\/p>\r\n\r\n\r\n\r\n<p>&nbsp;<\/p>\r\n<\/div>\r\n<!-- \/wp:post-content --><\/div>\r\n<!-- \/wp:columns -->\r\n\r\n<!-- wp:paragraph -->\r\n<p>&nbsp;<\/p>\r\n<!-- \/wp:paragraph -->","protected":false},"excerpt":{"rendered":"<p>Benim ad\u0131m Ian Wright ve 2017 y\u0131l\u0131nda, Bitcoin'nin ilk bo\u011fa y\u00fckseli\u015fini ger\u00e7ekle\u015ftirip her biri yakla\u015f\u0131k $20.000'e ula\u015ft\u0131\u011f\u0131nda kripto ile u\u011fra\u015fmaya ba\u015flad\u0131m. O zamanlar biraz para kazanmay\u0131 ba\u015faracak kadar \u015fansl\u0131yd\u0131m. Sonra hemen kriptoyu unuttum. Balonun patlad\u0131\u011f\u0131n\u0131 d\u00fc\u015f\u00fcnd\u00fcm. I [...]<\/p>","protected":false},"author":1,"featured_media":10,"parent":0,"menu_order":0,"comment_status":"closed","ping_status":"closed","template":"","meta":{"_genesis_hide_title":true,"_genesis_hide_breadcrumbs":true,"_genesis_hide_singular_image":true,"_genesis_hide_footer_widgets":false,"_genesis_custom_body_class":"","_genesis_custom_post_class":"","_genesis_layout":"full-width-content","_glsr_average":0,"_glsr_ranking":0,"_glsr_reviews":0,"footnotes":""},"class_list":{"0":"post-9","1":"page","2":"type-page","3":"status-publish","4":"has-post-thumbnail","6":"entry"},"featured_image_src":"https:\/\/coinkickoff.com\/wp-content\/uploads\/2022\/03\/about-600x400.jpg","featured_image_src_square":"https:\/\/coinkickoff.com\/wp-content\/uploads\/2022\/03\/about-600x600.jpg","_links":{"self":[{"href":"https:\/\/coinkickoff.com\/tr\/wp-json\/wp\/v2\/pages\/9","targetHints":{"allow":["GET"]}}],"collection":[{"href":"https:\/\/coinkickoff.com\/tr\/wp-json\/wp\/v2\/pages"}],"about":[{"href":"https:\/\/coinkickoff.com\/tr\/wp-json\/wp\/v2\/types\/page"}],"author":[{"embeddable":true,"href":"https:\/\/coinkickoff.com\/tr\/wp-json\/wp\/v2\/users\/1"}],"replies":[{"embeddable":true,"href":"https:\/\/coinkickoff.com\/tr\/wp-json\/wp\/v2\/comments?post=9"}],"version-history":[{"count":6,"href":"https:\/\/coinkickoff.com\/tr\/wp-json\/wp\/v2\/pages\/9\/revisions"}],"predecessor-version":[{"id":79,"href":"https:\/\/coinkickoff.com\/tr\/wp-json\/wp\/v2\/pages\/9\/revisions\/79"}],"wp:featuredmedia":[{"embeddable":true,"href":"https:\/\/coinkickoff.com\/tr\/wp-json\/wp\/v2\/media\/10"}],"wp:attachment":[{"href":"https:\/\/coinkickoff.com\/tr\/wp-json\/wp\/v2\/media?parent=9"}],"curies":[{"name":"wp","href":"https:\/\/api.w.org\/{rel}","templated":true}]}}