{"id":822,"date":"2026-01-08T14:06:30","date_gmt":"2026-01-08T14:06:30","guid":{"rendered":"https:\/\/coinkickoff.com\/?page_id=822"},"modified":"2026-01-08T14:06:30","modified_gmt":"2026-01-08T14:06:30","slug":"prices-twd","status":"publish","type":"page","link":"https:\/\/coinkickoff.com\/tr\/prices\/prices-twd\/","title":{"rendered":"Yeni Tayvan Dolar\u0131 (TWD) Cinsinden En \u0130yi 100 Canl\u0131 Kripto Para Birimi Fiyat\u0131"},"content":{"rendered":"<p>Yeni Tayvan Dolar\u0131 (TWD) cinsinden ger\u00e7ek zamanl\u0131 fiyat g\u00fcncellemelerini g\u00f6r\u00fcn <a href=\"https:\/\/coinkickoff.com\/tr\/bitcoin-btc\/\" data-internallinksmanager029f6b8e52c=\"1\" title=\"Bitcoin (BTC) Nedir? Fiyat, Tarih\u00e7e ve Nereden Al\u0131n\u0131r\">bitcoin<\/a> ve di\u011fer ilk 100 kripto para birimini a\u015fa\u011f\u0131da bulabilirsiniz. <\/p>\n<!-- Cryptocurrency Widgets PRO 4.1.2  !--><div  class=\"ccpw-widget\" id=\"ccpw-list-widget-1345\" ><div class=\"ccpw_react_widget\" id=\"ccpw_react_widgets_1345324438354\" data-attribute=\"{&quot;type&quot;:&quot;list-widget&quot;,&quot;selected_currency&quot;:&quot;TWD&quot;,&quot;design&quot;:&quot;style-4&quot;,&quot;header&quot;:&quot;&quot;,&quot;show_chart&quot;:&quot;&quot;,&quot;custom_currency&quot;:&quot;&quot;,&quot;show_coins&quot;:&quot;100&quot;,&quot;MbFormating&quot;:&quot;&quot;,&quot;live_changes&quot;:&quot;&quot;,&quot;display_changes&quot;:&quot;on&quot;}\"><\/div><\/div><style type='text\/css'>\r\n\t\t\t  .ccpw-widget #ccpw-list-widget-1345{background-color:#ffffff;color:#000;}\r\n\t\t\t  .ccpw-widget .ccpw_table tr #ccpw-list-widget-1345 {background-color:#ffffff;}\r\n\t\t\t  .ccpw-widget #ccpw-list-widget-1345.table {background-color:#ffffff;color:#000; box-shadow:inset 0px 0px 0px 3px rgba(0,0,0,0.25);}\r\n\t\t\t  #ccpw-list-widget-1345 .ccpw_table > tbody > tr > td,\r\n\t\t\t  #ccpw-list-widget-1345 .ccpw_table > tbody > tr > td .ticker-price,\r\n\t\t\t  #ccpw-list-widget-1345 .ccpw_table > tbody > tr > td.price,\r\n\t\t\t  #ccpw-list-widget-1345 .ccpw_table.table tr ,\r\n\t\t\t  #ccpw-list-widget-1345 .ccpw_table.table > thead > tr > th {border-color:rgba(0,0,0,0.25) !important;color:#000;background-color:#ffffff;}\r\n\t\t\t   .ccpw_table span.symbol { position:initial !Important; }<\/style>\n<div class=\"cg-choice-box-six   cg-blue\" ><div class=\"cg-cb-row\"><div class=\"cg-cb-items\" id=\"product-265843\"><div class=\"cg-cb-top-head\"><div class=\"cg-cb-top-pick\">\u00c7o\u011fu Coins<\/div><\/div><a href=\"https:\/\/accounts.binance.com\/register?ref=BLJQ60RW\" target=\"_blank\" rel=\"nofollow noopener\" class=\"cg-aff-link cg-cb-img\" data-post-title=\"Binance\" data-aff-link=\"https:\/\/accounts.binance.com\/register?ref=BLJQ60RW\" data-post-type=\"top\" data-post-id=\"127750\"><img decoding=\"async\" src=\"https:\/\/coinkickoff.com\/wp-content\/uploads\/2022\/10\/Binance_logo.png\" class=\"cg-img-1\" alt=\"Binance\" style=\"\"><\/a><div class=\"cg-cb-title\"><a href=\"https:\/\/accounts.binance.com\/register?ref=BLJQ60RW\" class=\"cg-aff-link\" data-post-id=\"127750\" data-post-type=\"top\" data-aff-link=\"https:\/\/accounts.binance.com\/register?ref=BLJQ60RW\" data-post-title=\"Binance\" target=\"\" rel=\"nofollow noopener\">Binance<\/a><\/span><\/div><div class=\"cg-cb-content\"><ul><li><strong>350+<\/strong> Listelenen Kripto Para Birimleri<\/li><li><strong>&lt;0.10%<\/strong> \u0130\u015flem \u00dccretleri<\/li><li><strong>120 milyon<\/strong> Kay\u0131tl\u0131 Kullan\u0131c\u0131lar<\/li><li>Kullan\u0131c\u0131lar i\u00e7in G\u00fcvenli Varl\u0131k Fonu<\/li><li>Mevduat \u00dczerinden Kazan\u00e7<\/li><\/ul><\/div><div class=\"cg-cb-btn\"><span class='cta-copy'><a href=\"https:\/\/accounts.binance.com\/register?ref=BLJQ60RW\" class=\"cg-one-button cg-btn cg-red  cg-aff-link cg-btn-lg\" data-post-id=\"127750\" data-post-type=\"top\" data-aff-link=\"https:\/\/accounts.binance.com\/register?ref=BLJQ60RW\" data-style=\"default\" data-post-title=\"Binance\" data-extra=\"arrow\" style=\"\" target=\"\" rel=\"nofollow noopener\">Ba\u015flay\u0131n<\/a><\/span><\/span><\/div><\/div><div class=\"cg-cb-items\" id=\"product-265829\"><div class=\"cg-cb-top-head\"><div class=\"cg-cb-top-pick\">\u00c7o\u011fu \u00dclke<\/div><\/div><a href=\"https:\/\/kraken.pxf.io\/756J3y\" target=\"_blank\" rel=\"nofollow noopener\" class=\"cg-aff-link cg-cb-img\" data-post-title=\"Kraken\" data-aff-link=\"https:\/\/kraken.pxf.io\/756J3y\" data-post-type=\"top\" data-post-id=\"127750\"><img decoding=\"async\" src=\"https:\/\/coinkickoff.com\/wp-content\/uploads\/Kraken-logo.webp\" class=\"cg-img-1\" alt=\"Kraken\" style=\"\"><\/a><div class=\"cg-cb-title\"><a href=\"https:\/\/kraken.pxf.io\/756J3y\" class=\"cg-aff-link\" data-post-id=\"127750\" data-post-type=\"top\" data-aff-link=\"https:\/\/kraken.pxf.io\/756J3y\" data-post-title=\"Kraken\" target=\"\" rel=\"nofollow noopener\">Kraken<\/a><\/span><\/div><div class=\"cg-cb-content\"><ul><li>ABD Merkezli<\/li><li>Az bir miktarla ba\u015flay\u0131n <strong>$10<\/strong><\/li><li>Al ve sat <strong>200+<\/strong> kripto para birimleri<\/li><li>B\u00fcy\u00fck t\u00fcccarlar i\u00e7in Pro \u00c7\u00f6z\u00fcm<\/li><li>\u0130\u00e7inde mevcut <strong>190+<\/strong> \u00fclkeler<\/li><\/ul><\/div><div class=\"cg-cb-btn\"><span class='cta-copy'><a href=\"https:\/\/kraken.pxf.io\/756J3y\" class=\"cg-one-button cg-btn cg-red  cg-aff-link cg-btn-lg\" data-post-id=\"127750\" data-post-type=\"top\" data-aff-link=\"https:\/\/kraken.pxf.io\/756J3y\" data-style=\"default\" data-post-title=\"Kraken\" data-extra=\"arrow\" style=\"\" target=\"\" rel=\"nofollow noopener\">Ba\u015flay\u0131n<\/a><\/span><\/span><\/div><\/div><div class=\"cg-cb-items\" id=\"product-265822\"><div class=\"cg-cb-top-head\"><div class=\"cg-cb-top-pick\">ABD Merkezli<\/div><\/div><a href=\"https:\/\/coinbase-consumer.sjv.io\/ORPoaG\" target=\"_blank\" rel=\"nofollow noopener\" class=\"cg-aff-link cg-cb-img\" data-post-title=\"Coinbase\" data-aff-link=\"https:\/\/coinbase-consumer.sjv.io\/ORPoaG\" data-post-type=\"top\" data-post-id=\"127750\"><img decoding=\"async\" src=\"https:\/\/coinkickoff.com\/wp-content\/uploads\/2022\/10\/Coinbase.png\" class=\"cg-img-1\" alt=\"Coinbase\" style=\"\"><\/a><div class=\"cg-cb-title\"><a href=\"https:\/\/coinbase-consumer.sjv.io\/ORPoaG\" class=\"cg-aff-link\" data-post-id=\"127750\" data-post-type=\"top\" data-aff-link=\"https:\/\/coinbase-consumer.sjv.io\/ORPoaG\" data-post-title=\"Coinbase\" target=\"\" rel=\"nofollow noopener\">Coinbase<\/a><\/span><\/div><div class=\"cg-cb-content\"><ul><li><strong>200+<\/strong> Listelenen Kripto Para Birimleri<\/li><li>\u0130lk Sat\u0131n Al\u0131m\u0131n\u0131zdan Sonra Kripto Al\u0131n<\/li><li>Sigorta ile Korunuyor&nbsp;<\/li><li>Kasa Korumal\u0131 G\u00fcvenli Depolama<\/li><li>En G\u00fcvenilir Kripto Para Platformu<\/li><\/ul><\/div><div class=\"cg-cb-btn\"><span class='cta-copy'><a href=\"https:\/\/coinbase-consumer.sjv.io\/ORPoaG\" class=\"cg-one-button cg-btn cg-red  cg-aff-link cg-btn-lg\" data-post-id=\"127750\" data-post-type=\"top\" data-aff-link=\"https:\/\/coinbase-consumer.sjv.io\/ORPoaG\" data-style=\"default\" data-post-title=\"Coinbase\" data-extra=\"arrow\" style=\"\" target=\"\" rel=\"nofollow noopener\">Ba\u015flay\u0131n<\/a><\/span><\/span><\/div><\/div><\/div><\/div>\n\n<h2>Kripto Para Fiyat Hesaplay\u0131c\u0131 (TWD)<\/h2>\n<p>TWD ile bir\u00e7ok pop\u00fcler kripto para birimi aras\u0131nda ger\u00e7ek zamanl\u0131 d\u00f6viz kurlar\u0131 i\u00e7in a\u015fa\u011f\u0131daki hesaplay\u0131c\u0131y\u0131 kullan\u0131n<\/p>\n<div class=\"ccpw_react_widget ccpw_calculator\" id=\"ccpw_react_widgets_1346_69e1296e9cdfe\" data-attribute=\"{&quot;type&quot;:&quot;calculator&quot;,&quot;baseCurrency&quot;:&quot;bitcoin&quot;,&quot;targetCurrency&quot;:&quot;TWD&quot;}\"><\/div><style type='text\/css'>\r\n\t\t\t  #ccpw_react_widgets_1346 .ccpw-Converter {\r\n\t\t\t\t  background-color: #ffffff;\r\n\t\t\t\t  color: #000;\r\n\t\t\t  }<\/style>\n<h2>Fiyat De\u011fi\u015fikli\u011fi Is\u0131 Haritas\u0131: En \u0130yi 20 Kripto Para Birimi<\/h2>\n<!-- Cryptocurrency Widgets PRO 4.1.2  !--><div class=\"ccpw-coingecko-widget\" style=\"width:100%;\"> \r\n    <gecko-coin-heatmap-widget  height=\"400\"  locale=\"en\" outlined=\"true\" top=\"20\"><\/gecko-coin-heatmap-widget>\r\n    <\/div><style type='text\/css'><\/style>\n<p>Ayr\u0131ca fiyatlar\u0131 da g\u00f6r\u00fcn:<\/p>\n<ul>\n<li> <a href=\"https:\/\/coinkickoff.com\/tr\/prices\/\">ABD Dolar\u0131 (USD)<\/a><\/li>\n<li> <a href=\"https:\/\/coinkickoff.com\/tr\/prices\/prices-euros\/\">Euro (EUD)<\/li>\n<li> <a href=\"https:\/\/coinkickoff.com\/tr\/prices\/prices-gbp\/\">\u0130ngiliz Sterlini (GBP)<\/a><\/li>\n<li> <a href=\"https:\/\/coinkickoff.com\/tr\/prices\/prices-cad\/\">Kanada Dolar\u0131 (CAD)<\/a><\/li>\n<li> <a href=\"https:\/\/coinkickoff.com\/tr\/prices\/prices-aud\/\" data-internallinksmanager029f6b8e52c=\"116\" title=\"En \u0130yi 100 Canl\u0131 Kripto Para Birimi Fiyatlar\u0131 Avustralya Dolar\u0131 (AUD)\">Avustralya Dolar\u0131 (AUD)<\/a><\/li>\n<li> <a href=\"https:\/\/coinkickoff.com\/tr\/prices\/prices-jpy\/\" data-internallinksmanager029f6b8e52c=\"118\" title=\"Japon Yeni (JPY) Cinsinden En \u0130yi 100 Canl\u0131 Kripto Para Birimi Fiyatlar\u0131\">Japon Yeni (JPY)<\/a><\/li>\n<li> <a href=\"https:\/\/coinkickoff.com\/tr\/prices\/prices-mxn\/\" data-internallinksmanager029f6b8e52c=\"119\" title=\"Meksika Pezosu (MXN) Cinsinden En \u0130yi 100 Canl\u0131 Kripto Para Birimi Fiyat\u0131\">Meksika Pezosu (MXN)<\/a><\/li>\n<li> <a href=\"https:\/\/coinkickoff.com\/tr\/prices\/prices-brl\/\" data-internallinksmanager029f6b8e52c=\"120\" title=\"Brezilya Reali (BRL) Cinsinden En \u0130yi 100 Canl\u0131 Kripto Para Birimi Fiyat\u0131\">Brezilya Reali (BRL)<\/a><\/li>\n<li> <a href=\"https:\/\/coinkickoff.com\/tr\/prices\/prices-cny\/\" data-internallinksmanager029f6b8e52c=\"121\" title=\"\u00c7in Renminbisi (CNY) Cinsinden En \u0130yi 100 Canl\u0131 Kripto Para Birimi Fiyatlar\u0131\">\u00c7in Renminbisi (CNY)<\/a><\/li>\n<li> <a href=\"https:\/\/coinkickoff.com\/tr\/prices\/prices-chf\/\" data-internallinksmanager029f6b8e52c=\"122\" title=\"\u0130svi\u00e7re Frang\u0131 (CHF) Cinsinden En \u0130yi 100 Canl\u0131 Kripto Para Birimi Fiyatlar\u0131\">\u0130svi\u00e7re Frang\u0131 (CHF)<\/a><\/li>\n<li> <a href=\"https:\/\/coinkickoff.com\/tr\/prices\/prices-hkd\/\" data-internallinksmanager029f6b8e52c=\"123\" title=\"Hong Kong Dolar\u0131 (HKD) Cinsinden En \u0130yi 100 Canl\u0131 Kripto Para Birimi Fiyat\u0131\">Hong Kong Dolar\u0131 (HKD)<\/a><\/li>\n<li> <a href=\"https:\/\/coinkickoff.com\/tr\/prices\/prices-sgd\/\" data-internallinksmanager029f6b8e52c=\"124\" title=\"Singapur Dolar\u0131 (SGD) Cinsinden En \u0130yi 100 Canl\u0131 Kripto Para Birimi Fiyatlar\u0131\">Singapur Dolar\u0131 (SGD)<\/a><\/li>\n<li> <a href=\"https:\/\/coinkickoff.com\/tr\/prices\/prices-sek\/\" data-internallinksmanager029f6b8e52c=\"125\" title=\"\u0130sve\u00e7 Kronu (SEK) Cinsinden En \u0130yi 100 Canl\u0131 Kripto Para Birimi Fiyatlar\u0131\">\u0130sve\u00e7 Kronu (SEK)<\/a><\/li>\n<li> <a href=\"https:\/\/coinkickoff.com\/tr\/prices\/prices-nzd\/\" data-internallinksmanager029f6b8e52c=\"126\" title=\"Yeni Zelanda Dolar\u0131 (NZD) Cinsinden En \u0130yi 100 Canl\u0131 Kripto Para Birimi Fiyatlar\u0131\">Yeni Zelanda Dolar\u0131 (NZD)<\/a><\/li>\n<li> <a href=\"https:\/\/coinkickoff.com\/tr\/prices\/prices-inr\/\" data-internallinksmanager029f6b8e52c=\"127\" title=\"Hint Rupisi (INR) Cinsinden En \u0130yi 100 Canl\u0131 Kripto Para Birimi Fiyatlar\u0131\">Hint Rupisi (INR)<\/a><\/li>\n<li> Yeni Tayvan Dolar\u0131 (TWD)<\/li>\n<li> <a href=\"https:\/\/coinkickoff.com\/tr\/prices\/prices-zar\/\" data-internallinksmanager029f6b8e52c=\"129\" title=\"G\u00fcney Afrika Rand\u0131 (ZAR) Cinsinden En \u0130yi 100 Canl\u0131 Kripto Para Birimi Fiyatlar\u0131\">G\u00fcney Afrika Rand\u0131 (ZAR)<\/a><\/li>\n<li> <a href=\"https:\/\/coinkickoff.com\/tr\/prices\/prices-dkk\/\" data-internallinksmanager029f6b8e52c=\"130\" title=\"Danimarka Kronu (DKK) Cinsinden En \u0130yi 100 Canl\u0131 Kripto Para Birimi Fiyatlar\u0131\">Danimarka Kronu (DKK)<\/a><\/li>\n<li> <a href=\"https:\/\/coinkickoff.com\/tr\/prices\/prices-pln\/\" data-internallinksmanager029f6b8e52c=\"131\" title=\"Polonya Z\u0142oty (PLN) Cinsinden En \u0130yi 100 Canl\u0131 Kripto Para Birimi Fiyatlar\u0131\">Polonya Z\u0142oty (PLN)<\/a><\/li>\n<li> <a href=\"https:\/\/coinkickoff.com\/tr\/prices\/prices-czk\/\" data-internallinksmanager029f6b8e52c=\"132\" title=\"\u00c7ek Korunas\u0131 (CZK) Cinsinden En \u0130yi 100 Canl\u0131 Kripto Para Birimi Fiyatlar\u0131\">\u00c7ekya Korunas\u0131 (CZK)<\/a><\/li>\n<li> <a href=\"https:\/\/coinkickoff.com\/tr\/prices\/prices-huf\/\" data-internallinksmanager029f6b8e52c=\"133\" title=\"Macar Forinti (HUF) Cinsinden En \u0130yi 100 Canl\u0131 Kripto Para Birimi Fiyatlar\u0131\">Macar Forinti (HUF)<\/a><\/li>\n<li> <a href=\"https:\/\/coinkickoff.com\/tr\/prices\/prices-rub\/\" data-internallinksmanager029f6b8e52c=\"134\" title=\"Rus Rublesi (RUB) Cinsinden En \u0130yi 100 Canl\u0131 Kripto Para Birimi Fiyatlar\u0131\">Rus Rublesi (RUB)<\/a><\/li>\n<\/ul>","protected":false},"excerpt":{"rendered":"<p>bitcoin ve a\u015fa\u011f\u0131daki di\u011fer en iyi 100 kripto para biriminin Yeni Tayvan Dolar\u0131 (TWD) cinsinden ger\u00e7ek zamanl\u0131 fiyat g\u00fcncellemelerini g\u00f6r\u00fcn. Kripto Para Fiyat Hesaplama (TWD) TWD ve bir\u00e7ok pop\u00fcler kripto para birimi aras\u0131ndaki ger\u00e7ek zamanl\u0131 d\u00f6viz kurlar\u0131 i\u00e7in a\u015fa\u011f\u0131daki hesaplay\u0131c\u0131y\u0131 kullan\u0131n Fiyat De\u011fi\u015fimi Is\u0131 Haritas\u0131: En \u0130yi 20 Kripto Para Birimi Ayr\u0131ca \u015fu para birimindeki fiyatlar\u0131 da g\u00f6r\u00fcn: ABD Dolar\u0131 (USD) Euro (EUD) \u0130ngiliz Sterlini (GBP) [...]<\/p>","protected":false},"author":1,"featured_media":738,"parent":708,"menu_order":0,"comment_status":"closed","ping_status":"closed","template":"","meta":{"_genesis_hide_title":false,"_genesis_hide_breadcrumbs":false,"_genesis_hide_singular_image":false,"_genesis_hide_footer_widgets":false,"_genesis_custom_body_class":"","_genesis_custom_post_class":"","_genesis_layout":"","_glsr_average":0,"_glsr_ranking":0,"_glsr_reviews":0,"footnotes":""},"class_list":{"0":"post-822","1":"page","2":"type-page","3":"status-publish","4":"has-post-thumbnail","6":"entry"},"featured_image_src":"https:\/\/coinkickoff.com\/wp-content\/uploads\/crypto-prices-600x400.jpg","featured_image_src_square":"https:\/\/coinkickoff.com\/wp-content\/uploads\/crypto-prices-600x586.jpg","_links":{"self":[{"href":"https:\/\/coinkickoff.com\/tr\/wp-json\/wp\/v2\/pages\/822","targetHints":{"allow":["GET"]}}],"collection":[{"href":"https:\/\/coinkickoff.com\/tr\/wp-json\/wp\/v2\/pages"}],"about":[{"href":"https:\/\/coinkickoff.com\/tr\/wp-json\/wp\/v2\/types\/page"}],"author":[{"embeddable":true,"href":"https:\/\/coinkickoff.com\/tr\/wp-json\/wp\/v2\/users\/1"}],"replies":[{"embeddable":true,"href":"https:\/\/coinkickoff.com\/tr\/wp-json\/wp\/v2\/comments?post=822"}],"version-history":[{"count":4,"href":"https:\/\/coinkickoff.com\/tr\/wp-json\/wp\/v2\/pages\/822\/revisions"}],"predecessor-version":[{"id":1348,"href":"https:\/\/coinkickoff.com\/tr\/wp-json\/wp\/v2\/pages\/822\/revisions\/1348"}],"up":[{"embeddable":true,"href":"https:\/\/coinkickoff.com\/tr\/wp-json\/wp\/v2\/pages\/708"}],"wp:featuredmedia":[{"embeddable":true,"href":"https:\/\/coinkickoff.com\/tr\/wp-json\/wp\/v2\/media\/738"}],"wp:attachment":[{"href":"https:\/\/coinkickoff.com\/tr\/wp-json\/wp\/v2\/media?parent=822"}],"curies":[{"name":"wp","href":"https:\/\/api.w.org\/{rel}","templated":true}]}}