{"id":4605,"date":"2026-01-08T14:07:58","date_gmt":"2026-01-08T14:07:58","guid":{"rendered":"https:\/\/coinkickoff.com\/?page_id=4605"},"modified":"2026-01-08T14:07:58","modified_gmt":"2026-01-08T14:07:58","slug":"how-is-bitcoin-poker-different","status":"publish","type":"page","link":"https:\/\/coinkickoff.com\/tr\/bitcoin-casino\/how-is-bitcoin-poker-different\/","title":{"rendered":"Bitcoin Pokerin Online Pokerden Fark\u0131 Nedir?"},"content":{"rendered":"<p><em>Sorumluluk Reddi: Kumar \u00f6nemli finansal riskler i\u00e7erir. L\u00fctfen sadece kaybetmeyi g\u00f6ze alabilece\u011finiz parayla kumar oynay\u0131n. A\u015fa\u011f\u0131da verilen bilgiler sadece bilgilendirme ama\u00e7l\u0131d\u0131r. A\u015fa\u011f\u0131dakilerden herhangi birine kaydolur ve para kaybederseniz bize bir komisyon \u00f6denebilir <a href=\"https:\/\/coinkickoff.com\/tr\/bitcoin-casino\/\" data-internallinksmanager029f6b8e52c=\"200\" title=\"3 Bonuslu En \u0130yi Bitcoin Kripto Kumarhaneleri\">kumarhaneler<\/a>. T\u00fcm kumarhaneler t\u00fcm \u00fclkelerde mevcut de\u011fildir. T\u00fcm bilgilerin yay\u0131nland\u0131\u011f\u0131 tarihte do\u011fru oldu\u011funa inan\u0131yoruz, ancak o zamandan beri de\u011fi\u015fmi\u015f olabilir.<\/em><\/p>\n<div id=\"ez-toc-container\" class=\"ez-toc-v2_0_80 counter-hierarchy ez-toc-counter ez-toc-transparent ez-toc-container-direction\">\n<div class=\"ez-toc-title-container\">\n<p class=\"ez-toc-title\" style=\"cursor:inherit\">B\u00f6l\u00fcmler<\/p>\n<span class=\"ez-toc-title-toggle\"><a href=\"#\" class=\"ez-toc-pull-right ez-toc-btn ez-toc-btn-xs ez-toc-btn-default ez-toc-toggle\" aria-label=\"\u0130\u00e7indekiler Tablosunu A\u00e7\/Kapat\"><span class=\"ez-toc-js-icon-con\"><span class=\"\"><span class=\"eztoc-hide\" style=\"display:none;\">Ge\u00e7i\u015f<\/span><span class=\"ez-toc-icon-toggle-span\"><svg style=\"fill: #999;color:#999\" xmlns=\"http:\/\/www.w3.org\/2000\/svg\" class=\"list-377408\" width=\"20px\" height=\"20px\" viewbox=\"0 0 24 24\" fill=\"none\"><path d=\"M6 6H4v2h2V6zm14 0H8v2h12V6zM4 11h2v2H4v-2zm16 0H8v2h12v-2zM4 16h2v2H4v-2zm16 0H8v2h12v-2z\" fill=\"currentColor\"><\/path><\/svg><svg style=\"fill: #999;color:#999\" class=\"arrow-unsorted-368013\" xmlns=\"http:\/\/www.w3.org\/2000\/svg\" width=\"10px\" height=\"10px\" viewbox=\"0 0 24 24\" version=\"1.2\" baseprofile=\"tiny\"><path d=\"M18.2 9.3l-6.2-6.3-6.2 6.3c-.2.2-.3.4-.3.7s.1.5.3.7c.2.2.4.3.7.3h11c.3 0 .5-.1.7-.3.2-.2.3-.5.3-.7s-.1-.5-.3-.7zM5.8 14.7l6.2 6.3 6.2-6.3c.2-.2.3-.5.3-.7s-.1-.5-.3-.7c-.2-.2-.4-.3-.7-.3h-11c-.3 0-.5.1-.7.3-.2.2-.3.5-.3.7s.1.5.3.7z\"\/><\/svg><\/span><\/span><\/span><\/a><\/span><\/div>\n<nav><ul class='ez-toc-list ez-toc-list-level-1 eztoc-toggle-hide-by-default' ><li class='ez-toc-page-1 ez-toc-heading-level-2'><a class=\"ez-toc-link ez-toc-heading-1\" href=\"https:\/\/coinkickoff.com\/tr\/bitcoin-casino\/how-is-bitcoin-poker-different\/#Understanding_Bitcoin_Poker\" >Bitcoin Pokerin Anla\u015f\u0131lmas\u0131<\/a><ul class='ez-toc-list-level-3' ><li class='ez-toc-heading-level-3'><a class=\"ez-toc-link ez-toc-heading-2\" href=\"https:\/\/coinkickoff.com\/tr\/bitcoin-casino\/how-is-bitcoin-poker-different\/#Definition_and_Concept_of_Bitcoin_Poker\" >Bitcoin Pokerin Tan\u0131m\u0131 ve Kavram\u0131<\/a><\/li><li class='ez-toc-page-1 ez-toc-heading-level-3'><a class=\"ez-toc-link ez-toc-heading-3\" href=\"https:\/\/coinkickoff.com\/tr\/bitcoin-casino\/how-is-bitcoin-poker-different\/#Key_Differences_Between_Bitcoin_Poker_and_Online_Poker\" >Bitcoin Poker ve Online Poker Aras\u0131ndaki Temel Farklar<\/a><\/li><li class='ez-toc-page-1 ez-toc-heading-level-3'><a class=\"ez-toc-link ez-toc-heading-4\" href=\"https:\/\/coinkickoff.com\/tr\/bitcoin-casino\/how-is-bitcoin-poker-different\/#The_Role_of_Cryptocurrency_in_Poker\" >Kripto Para Biriminin Pokerdeki Rol\u00fc<\/a><\/li><\/ul><\/li><li class='ez-toc-page-1 ez-toc-heading-level-2'><a class=\"ez-toc-link ez-toc-heading-5\" href=\"https:\/\/coinkickoff.com\/tr\/bitcoin-casino\/how-is-bitcoin-poker-different\/#The_Gameplay_Experience\" >Oynan\u0131\u015f Deneyimi<\/a><ul class='ez-toc-list-level-3' ><li class='ez-toc-heading-level-3'><a class=\"ez-toc-link ez-toc-heading-6\" href=\"https:\/\/coinkickoff.com\/tr\/bitcoin-casino\/how-is-bitcoin-poker-different\/#Account_Funding_and_Withdrawals\" >Hesap Finansman\u0131 ve Para \u00c7ekme<\/a><\/li><li class='ez-toc-page-1 ez-toc-heading-level-3'><a class=\"ez-toc-link ez-toc-heading-7\" href=\"https:\/\/coinkickoff.com\/tr\/bitcoin-casino\/how-is-bitcoin-poker-different\/#Anonymity_and_Security_Features\" >Anonimlik ve G\u00fcvenlik \u00d6zellikleri<\/a><\/li><li class='ez-toc-page-1 ez-toc-heading-level-3'><a class=\"ez-toc-link ez-toc-heading-8\" href=\"https:\/\/coinkickoff.com\/tr\/bitcoin-casino\/how-is-bitcoin-poker-different\/#Poker_Variants_and_Software_Differences\" >Poker \u00c7e\u015fitleri ve Yaz\u0131l\u0131m Farkl\u0131l\u0131klar\u0131<\/a><\/li><\/ul><\/li><li class='ez-toc-page-1 ez-toc-heading-level-2'><a class=\"ez-toc-link ez-toc-heading-9\" href=\"https:\/\/coinkickoff.com\/tr\/bitcoin-casino\/how-is-bitcoin-poker-different\/#Regulatory_and_Legal_Landscape\" >D\u00fczenleyici ve Yasal \u00c7er\u00e7eve<\/a><ul class='ez-toc-list-level-3' ><li class='ez-toc-heading-level-3'><a class=\"ez-toc-link ez-toc-heading-10\" href=\"https:\/\/coinkickoff.com\/tr\/bitcoin-casino\/how-is-bitcoin-poker-different\/#Jurisdictional_Variations_in_Bitcoin_Poker\" >Bitcoin Pokerde Yarg\u0131sal Varyasyonlar<\/a><\/li><li class='ez-toc-page-1 ez-toc-heading-level-3'><a class=\"ez-toc-link ez-toc-heading-11\" href=\"https:\/\/coinkickoff.com\/tr\/bitcoin-casino\/how-is-bitcoin-poker-different\/#Legal_Implications_for_Players_and_Operators\" >Oyuncular ve Operat\u00f6rler i\u00e7in Yasal Sonu\u00e7lar<\/a><\/li><li class='ez-toc-page-1 ez-toc-heading-level-3'><a class=\"ez-toc-link ez-toc-heading-12\" href=\"https:\/\/coinkickoff.com\/tr\/bitcoin-casino\/how-is-bitcoin-poker-different\/#Compliance_and_Fair_Play_Standards\" >Uyumluluk ve Fair Play Standartlar\u0131<\/a><\/li><\/ul><\/li><li class='ez-toc-page-1 ez-toc-heading-level-2'><a class=\"ez-toc-link ez-toc-heading-13\" href=\"https:\/\/coinkickoff.com\/tr\/bitcoin-casino\/how-is-bitcoin-poker-different\/#Frequently_Asked_Questions\" >S\u0131k\u00e7a Sorulan Sorular<\/a><ul class='ez-toc-list-level-3' ><li class='ez-toc-heading-level-3'><a class=\"ez-toc-link ez-toc-heading-14\" href=\"https:\/\/coinkickoff.com\/tr\/bitcoin-casino\/how-is-bitcoin-poker-different\/#What_are_the_advantages_of_playing_poker_using_Bitcoin\" >Bitcoin kullanarak poker oynaman\u0131n avantajlar\u0131 nelerdir?<\/a><\/li><li class='ez-toc-page-1 ez-toc-heading-level-3'><a class=\"ez-toc-link ez-toc-heading-15\" href=\"https:\/\/coinkickoff.com\/tr\/bitcoin-casino\/how-is-bitcoin-poker-different\/#Can_Bitcoin_transactions_affect_the_speed_of_online_poker_play\" >Bitcoin i\u015flemleri online poker oynama h\u0131z\u0131n\u0131 etkileyebilir mi?<\/a><\/li><li class='ez-toc-page-1 ez-toc-heading-level-3'><a class=\"ez-toc-link ez-toc-heading-16\" href=\"https:\/\/coinkickoff.com\/tr\/bitcoin-casino\/how-is-bitcoin-poker-different\/#Are_there_any_legal_differences_in_playing_poker_with_Bitcoin_versus_traditional_currencies\" >Bitcoin ile poker oynaman\u0131n geleneksel para birimlerine g\u00f6re herhangi bir yasal fark\u0131 var m\u0131?<\/a><\/li><li class='ez-toc-page-1 ez-toc-heading-level-3'><a class=\"ez-toc-link ez-toc-heading-17\" href=\"https:\/\/coinkickoff.com\/tr\/bitcoin-casino\/how-is-bitcoin-poker-different\/#How_does_provable_fairness_in_Bitcoin_poker_compare_to_regular_online_poker_games\" >Bitcoin pokerde kan\u0131tlanabilir adalet normal \u00e7evrimi\u00e7i poker oyunlar\u0131na k\u0131yasla nas\u0131ld\u0131r?<\/a><\/li><li class='ez-toc-page-1 ez-toc-heading-level-3'><a class=\"ez-toc-link ez-toc-heading-18\" href=\"https:\/\/coinkickoff.com\/tr\/bitcoin-casino\/how-is-bitcoin-poker-different\/#Does_the_use_of_Bitcoin_offer_more_anonymity_in_online_poker\" >Bitcoin kullan\u0131m\u0131 online pokerde daha fazla anonimlik sa\u011fl\u0131yor mu?<\/a><\/li><li class='ez-toc-page-1 ez-toc-heading-level-3'><a class=\"ez-toc-link ez-toc-heading-19\" href=\"https:\/\/coinkickoff.com\/tr\/bitcoin-casino\/how-is-bitcoin-poker-different\/#What_impact_does_cryptocurrency_volatility_have_on_Bitcoin_poker_stakes\" >Kripto para volatilitesinin Bitcoin poker bahisleri \u00fczerinde nas\u0131l bir etkisi var?<\/a><\/li><\/ul><\/li><\/ul><\/nav><\/div>\n<h2><span class=\"ez-toc-section\" id=\"Understanding_Bitcoin_Poker\"><\/span>Bitcoin Pokerin Anla\u015f\u0131lmas\u0131<span class=\"ez-toc-section-end\"><\/span><\/h2>\n<p><img decoding=\"async\" src=\"https:\/\/coinkickoff.com\/wp-content\/uploads\/v2-3dh0j-a3sgg.jpg\" alt=\"\"><\/p>\n<p><a href=\"https:\/\/coinkickoff.com\/tr\/bitcoin-casino\/how-to-play-crypto-poker\/\" data-internallinksmanager029f6b8e52c=\"203\" title=\"Kripto Poker Nas\u0131l Oynan\u0131r? Bitcoin Bahislerinde Ustala\u015fmak\">Bitcoin Poker<\/a> klasik poker oyununu modern blok zinciri teknolojisiyle entegre ederek geli\u015fmi\u015f gizlilik ve daha h\u0131zl\u0131 i\u015flemler gibi benzersiz avantajlar sunuyor.<\/p>\n<h3><span class=\"ez-toc-section\" id=\"Definition_and_Concept_of_Bitcoin_Poker\"><\/span>Bitcoin Pokerin Tan\u0131m\u0131 ve Kavram\u0131<span class=\"ez-toc-section-end\"><\/span><\/h3>\n<p>Bitcoin Poker, para yat\u0131rma, bahis ve para \u00e7ekme i\u015flemleri i\u00e7in para birimi olarak Bitcoin kullanan \u00e7evrimi\u00e7i poker s\u00fcr\u00fcm\u00fcn\u00fc ifade eder. Fiat para biriminin kullan\u0131ld\u0131\u011f\u0131 geleneksel \u00e7evrimi\u00e7i poker oyunlar\u0131n\u0131n aksine Bitcoin Poker, blok zinciri teknolojisinin merkezsizle\u015ftirme ve e\u015fler aras\u0131 y\u00f6n\u00fcnden yararlanarak dijital para birimiyle \u00e7al\u0131\u015f\u0131r.<\/p>\n<h3><span class=\"ez-toc-section\" id=\"Key_Differences_Between_Bitcoin_Poker_and_Online_Poker\"><\/span>Bitcoin Poker ve Online Poker Aras\u0131ndaki Temel Farklar<span class=\"ez-toc-section-end\"><\/span><\/h3>\n<p><strong>Anonimlik:<\/strong> En \u00f6nemli farklardan biri Bitcoin'nin sundu\u011fu anonimlik seviyesidir. Geleneksel online poker siteleri genellikle ki\u015fisel finansal bilgilere ihtiya\u00e7 duyarken, Bitcoin poker siteleri kullan\u0131c\u0131lar\u0131n nispeten anonim olarak oynamas\u0131na izin verir.<\/p>\n<p><strong>\u0130\u015flem H\u0131z\u0131:<\/strong> Bitcoin i\u015flemleri fiat i\u015flemlerinden \u00f6nemli \u00f6l\u00e7\u00fcde daha h\u0131zl\u0131 olabilir, bu da oyuncular i\u00e7in daha h\u0131zl\u0131 para yat\u0131rma ve \u00e7ekme i\u015flemlerine yol a\u00e7ar.<\/p>\n<p><strong>\u0130\u00e7erik Tablosu Farkl\u0131l\u0131klar\u0131:<\/strong><\/p>\n<table>\n<thead>\n<tr>\n<th>\u00d6zellik<\/th>\n<th>Bitcoin Poker<\/th>\n<th>\u00c7evrimi\u00e7i Poker<\/th>\n<\/tr>\n<\/thead>\n<tbody>\n<tr>\n<td>Para Birimi T\u00fcr\u00fc<\/td>\n<td>Kripto Para Birimi (Bitcoin)<\/td>\n<td>Fiat Para Birimi (USD, EUR, <a href=\"https:\/\/coinkickoff.com\/tr\/ethereum-classic-etc\/\" data-internallinksmanager029f6b8e52c=\"29\" title=\"Ethereum Classic (ETC) Nedir, Nas\u0131l \u00c7al\u0131\u015f\u0131r ve Nereden Al\u0131n\u0131r?\">vb.<\/a>.)<\/td>\n<\/tr>\n<tr>\n<td>Anonimlik Seviyesi<\/td>\n<td>Y\u00fcksek<\/td>\n<td>Orta ila D\u00fc\u015f\u00fck<\/td>\n<\/tr>\n<tr>\n<td>\u0130\u015flem H\u0131z\u0131<\/td>\n<td>H\u0131zl\u0131 (dakikalar ila saatler aras\u0131)<\/td>\n<td>De\u011fi\u015fken (saatler ila g\u00fcnler aras\u0131)<\/td>\n<\/tr>\n<tr>\n<td>Finansal Bilgi Gereklili\u011fi<\/td>\n<td>Minimal<\/td>\n<td>Genellikle Kapsaml\u0131<\/td>\n<\/tr>\n<\/tbody>\n<\/table>\n<h3><span class=\"ez-toc-section\" id=\"The_Role_of_Cryptocurrency_in_Poker\"><\/span>Kripto Para Biriminin Pokerdeki Rol\u00fc<span class=\"ez-toc-section-end\"><\/span><\/h3>\n<p>Bitcoin gibi kripto para birimleri, i\u015flemlerin ger\u00e7ekle\u015ftirilmesi i\u00e7in alternatif bir yol sa\u011flayarak \u00e7evrimi\u00e7i poker ortam\u0131n\u0131 d\u00f6n\u00fc\u015ft\u00fcrd\u00fc. Merkezi olmayan bir poker ekonomisi sunuyor, kontrol\u00fc merkezi bir otoriteden uzakla\u015ft\u0131r\u0131yor ve geleneksel bankac\u0131l\u0131k d\u00fczenlemelerine ba\u011fl\u0131 olmayan k\u00fcresel bir poker toplulu\u011funun olu\u015fturulmas\u0131na katk\u0131da bulunuyorlar.<\/p>\n<h2><span class=\"ez-toc-section\" id=\"The_Gameplay_Experience\"><\/span>Oynan\u0131\u015f Deneyimi<span class=\"ez-toc-section-end\"><\/span><\/h2>\n<p><img decoding=\"async\" src=\"https:\/\/coinkickoff.com\/wp-content\/uploads\/v2-3dh10-d5088.jpg\" alt=\"\"><\/p>\n<p>Temel poker oyunu benzer kalsa da, Bitcoin poker, geleneksel \u00e7evrimi\u00e7i pokere k\u0131yasla hesap y\u00f6netimi, gizlilik ve yaz\u0131l\u0131m se\u00e7eneklerinde farkl\u0131 bir deneyim sunar.<\/p>\n<h3><span class=\"ez-toc-section\" id=\"Account_Funding_and_Withdrawals\"><\/span>Hesap Finansman\u0131 ve Para \u00c7ekme<span class=\"ez-toc-section-end\"><\/span><\/h3>\n<ul>\n<li><strong>Bitcoin \u0130\u015flemleri<\/strong>: Oyuncular hesaplar\u0131na para yat\u0131r\u0131r ve \u00e7eker <a href=\"https:\/\/coinkickoff.com\/tr\/bitcoin-casino\/cash-in-bitcoin-casino-winnings\/\" data-internallinksmanager029f6b8e52c=\"211\" title=\"Bitcoin Casino Kazan\u00e7lar\u0131 Nas\u0131l Nakde \u00c7evrilir? Ad\u0131m Ad\u0131m K\u0131lavuz\">kazan\u00e7lar<\/a> Bitcoin kullanarak, kripto para biriminin merkezi olmayan yap\u0131s\u0131 nedeniyle genellikle daha h\u0131zl\u0131 i\u015flem s\u00fcreleri ya\u015f\u0131yor.<\/li>\n<li><strong>D\u00f6viz Dalgalanmalar\u0131<\/strong>: Bitcoin'nin de\u011feri de\u011fi\u015fken olabilir, yani oyuncular\u0131n paralar\u0131n\u0131n de\u011feri poker performanslar\u0131ndan ba\u011f\u0131ms\u0131z olarak dalgalanabilir.<\/li>\n<\/ul>\n<h3><span class=\"ez-toc-section\" id=\"Anonymity_and_Security_Features\"><\/span>Anonimlik ve G\u00fcvenlik \u00d6zellikleri<span class=\"ez-toc-section-end\"><\/span><\/h3>\n<ul>\n<li><strong>Gizlilik<\/strong>: Bitcoin poker platformlar\u0131, ki\u015fisel finansal bilgiler fiat para birimi sitelerinde oldu\u011fu gibi ayn\u0131 \u015fekilde gerekli olmad\u0131\u011f\u0131ndan, geli\u015fmi\u015f anonimlik sunabilir.<\/li>\n<li><strong>G\u00fcvenlik \u00d6nlemleri<\/strong>: \u0130\u015flemler blok zinciri teknolojisi ile g\u00fcvence alt\u0131na al\u0131n\u0131r ve t\u00fcm transferlerin \u015feffaf ve kurcalamaya kar\u015f\u0131 dayan\u0131kl\u0131 bir kayd\u0131n\u0131 sa\u011flar.<\/li>\n<\/ul>\n<h3><span class=\"ez-toc-section\" id=\"Poker_Variants_and_Software_Differences\"><\/span>Poker \u00c7e\u015fitleri ve Yaz\u0131l\u0131m Farkl\u0131l\u0131klar\u0131<span class=\"ez-toc-section-end\"><\/span><\/h3>\n<ul>\n<li><strong>Oyun \u00c7e\u015fitlili\u011fi<\/strong>: Baz\u0131 Bitcoin poker siteleri, geleneksel platformlarda bulunmayan benzersiz poker varyantlar\u0131 sunabilir.<\/li>\n<li><strong>Yaz\u0131l\u0131m Aray\u00fczleri<\/strong>: Aray\u00fcz ve kullan\u0131c\u0131 deneyimi farkl\u0131l\u0131k g\u00f6sterebilir, bazen kripto para kullan\u0131c\u0131lar\u0131 i\u00e7in \u00f6zel olarak tasarlanm\u0131\u015f daha geli\u015fmi\u015f istatistiksel ara\u00e7lar sunar.<\/li>\n<\/ul>\n<h2><span class=\"ez-toc-section\" id=\"Regulatory_and_Legal_Landscape\"><\/span>D\u00fczenleyici ve Yasal \u00c7er\u00e7eve<span class=\"ez-toc-section-end\"><\/span><\/h2>\n<p><img decoding=\"async\" src=\"https:\/\/coinkickoff.com\/wp-content\/uploads\/v2-3dh1d-kf9ye.jpg\" alt=\"\"><\/p>\n<p>Bitcoin pokerin d\u00fczenleyici ve yasal y\u00f6nleri d\u00fcnya \u00e7ap\u0131nda \u00f6nemli \u00f6l\u00e7\u00fcde farkl\u0131l\u0131k g\u00f6sterir ve hem oyuncular hem de operat\u00f6rler i\u00e7in s\u0131k\u0131 uyumluluk ve adil oyun standartlar\u0131 ile farkl\u0131 etkileri vard\u0131r.<\/p>\n<h3><span class=\"ez-toc-section\" id=\"Jurisdictional_Variations_in_Bitcoin_Poker\"><\/span>Bitcoin Pokerde Yarg\u0131sal Varyasyonlar<span class=\"ez-toc-section-end\"><\/span><\/h3>\n<p>Farkl\u0131 \u00fclkeler, kumar i\u00e7in Bitcoin gibi kripto para birimlerinin kullan\u0131m\u0131na ili\u015fkin farkl\u0131 d\u00fczenlemelere sahiptir. Baz\u0131lar\u0131 bunu net d\u00fczenlemelerle tamamen benimsemi\u015fken, di\u011ferleri gri bir alanda faaliyet g\u00f6steriyor veya tamamen yasaklara sahip. \u00d6rne\u011fin:<\/p>\n<ul>\n<li><strong>Birle\u015fik Devletler:<\/strong> Eyalete g\u00f6re de\u011fi\u015fir; baz\u0131lar\u0131 Bitcoin pokeri kabul ederken, di\u011ferleri \u00e7evrimi\u00e7i kumar oynamaya hi\u00e7 izin vermez.<\/li>\n<li><strong>Birle\u015fik Krall\u0131k:<\/strong> Kripto para kullan\u0131m\u0131 i\u00e7in \u00f6zel y\u00f6nergelerle tamamen d\u00fczenlenmi\u015ftir.<\/li>\n<li><strong>\u00c7in:<\/strong> Bitcoin poker de dahil olmak \u00fczere \u00e7evrimi\u00e7i kumar yasad\u0131\u015f\u0131d\u0131r.<\/li>\n<\/ul>\n<h3><span class=\"ez-toc-section\" id=\"Legal_Implications_for_Players_and_Operators\"><\/span>Oyuncular ve Operat\u00f6rler i\u00e7in Yasal Sonu\u00e7lar<span class=\"ez-toc-section-end\"><\/span><\/h3>\n<p><strong>Oyuncular<\/strong> yasal riskten ka\u00e7\u0131nmak i\u00e7in \u00fclkelerinin kripto para ve \u00e7evrimi\u00e7i kumarla ilgili yasalar\u0131n\u0131n fark\u0131nda olmal\u0131d\u0131r. \u0130hlal cezalar\u0131 para cezas\u0131ndan kovu\u015fturmaya kadar de\u011fi\u015febilir.<\/p>\n<p><strong>Operat\u00f6rler<\/strong> Bitcoin poker siteleri lisanslama gerekliliklerine, kara para aklamay\u0131 \u00f6nleme (AML) prosed\u00fcrlerine ve m\u00fc\u015fterini tan\u0131 (KYC) politikalar\u0131na uymal\u0131d\u0131r.<\/p>\n<ul>\n<li><strong>Lisanslama Gereklilikleri:<\/strong> \u00c7evrimi\u00e7i kumar\u0131n d\u00fczenlendi\u011fi yerlerde uygun lisanslar\u0131 almal\u0131d\u0131r.<\/li>\n<li><strong>AML Prosed\u00fcrleri:<\/strong> Mali su\u00e7lar\u0131 \u00f6nlemeye y\u00f6nelik sistemler uygulamal\u0131d\u0131r.<\/li>\n<li><strong>KYC Politikalar\u0131:<\/strong> M\u00fc\u015fterilerinin kimliklerini do\u011frulamal\u0131d\u0131r.<\/li>\n<\/ul>\n<h3><span class=\"ez-toc-section\" id=\"Compliance_and_Fair_Play_Standards\"><\/span>Uyumluluk ve Fair Play Standartlar\u0131<span class=\"ez-toc-section-end\"><\/span><\/h3>\n<p>Operat\u00f6rlerin adaleti ve g\u00fcvenli\u011fi sa\u011flayan standartlar\u0131 kar\u015f\u0131lamalar\u0131 gerekmektedir.<\/p>\n<ul>\n<li><strong>RNG Sertifikas\u0131:<\/strong> Rastgele Say\u0131 \u00dcrete\u00e7leri ba\u011f\u0131ms\u0131z kurulu\u015flar taraf\u0131ndan onaylanmal\u0131d\u0131r.<\/li>\n<li><strong>G\u00fcvenlik Protokolleri:<\/strong> SSL \u015fifreleme ve di\u011fer siber g\u00fcvenlik \u00f6nlemlerinin uygulanmas\u0131.<\/li>\n<li><strong>Kan\u0131tlanabilir Adil Sistemler:<\/strong> Oyuncular\u0131n her elin adilli\u011fini do\u011frulamas\u0131na olanak tan\u0131yan Bitcoin oyununa \u00f6zg\u00fcd\u00fcr.<\/li>\n<\/ul>\n<h2><span class=\"ez-toc-section\" id=\"Frequently_Asked_Questions\"><\/span>S\u0131k\u00e7a Sorulan Sorular<span class=\"ez-toc-section-end\"><\/span><\/h2>\n<p><img decoding=\"async\" src=\"https:\/\/coinkickoff.com\/wp-content\/uploads\/v2-3dh1y-p4uhr.jpg\" alt=\"\"><\/p>\n<p>Yayg\u0131n sorulara yan\u0131t verirken, bu b\u00f6l\u00fcm Bitcoin poker ile standart \u00e7evrimi\u00e7i poker aras\u0131ndaki avantajlar, h\u0131z, yasall\u0131k, adalet, anonimlik ve kripto para birimi oynakl\u0131\u011f\u0131n\u0131n etkisi ile ilgili farklar\u0131 ortaya koymaktad\u0131r.<\/p>\n<h3><span class=\"ez-toc-section\" id=\"What_are_the_advantages_of_playing_poker_using_Bitcoin\"><\/span>Bitcoin kullanarak poker oynaman\u0131n avantajlar\u0131 nelerdir?<span class=\"ez-toc-section-end\"><\/span><\/h3>\n<p>Poker i\u00e7in Bitcoin kullanan oyuncular daha h\u0131zl\u0131 i\u015flem s\u00fcrelerinin, daha d\u00fc\u015f\u00fck i\u015flem \u00fccretlerinin ve poker sitelerine geleneksel bankac\u0131l\u0131k i\u015flemlerinin k\u0131s\u0131tl\u0131 oldu\u011fu b\u00f6lgelerden oynama olana\u011f\u0131n\u0131n keyfini \u00e7\u0131kar\u0131r. Bu avantajlar kripto para birimlerinin merkezi olmayan yap\u0131s\u0131ndan kaynaklanmaktad\u0131r.<\/p>\n<h3><span class=\"ez-toc-section\" id=\"Can_Bitcoin_transactions_affect_the_speed_of_online_poker_play\"><\/span>Bitcoin i\u015flemleri online poker oynama h\u0131z\u0131n\u0131 etkileyebilir mi?<span class=\"ez-toc-section-end\"><\/span><\/h3>\n<p>Evet, Bitcoin para yat\u0131rma ve \u00e7ekme s\u00fcrecini h\u0131zland\u0131rarak oyuncular\u0131n daha h\u0131zl\u0131 oynamaya ba\u015flamas\u0131na ve uzun bankac\u0131l\u0131k gecikmeleri olmadan kazan\u00e7lar\u0131n\u0131 nakde \u00e7evirmesine olanak tan\u0131r. Bu kolayla\u015ft\u0131r\u0131lm\u0131\u015f i\u015flem, Bitcoin'ye \u00f6zg\u00fc e\u015fler aras\u0131 i\u015flem sisteminden gelir.<\/p>\n<h3><span class=\"ez-toc-section\" id=\"Are_there_any_legal_differences_in_playing_poker_with_Bitcoin_versus_traditional_currencies\"><\/span>Bitcoin ile poker oynaman\u0131n geleneksel para birimlerine g\u00f6re herhangi bir yasal fark\u0131 var m\u0131?<span class=\"ez-toc-section-end\"><\/span><\/h3>\n<p>\u00c7evrimi\u00e7i kumar oynamay\u0131 d\u00fczenleyen veya yasaklayan baz\u0131 yarg\u0131 b\u00f6lgeleri hen\u00fcz kripto para birimlerini a\u00e7\u0131k\u00e7a ele almad\u0131\u011f\u0131ndan, Bitcoin poker i\u00e7in yasal ortam \u00f6nemli \u00f6l\u00e7\u00fcde farkl\u0131l\u0131k g\u00f6sterebilir. Bu durum, Bitcoin pokerin belirli alanlardaki yasal durumunu potansiyel olarak etkileyerek belirsizlik yaratabilir.<\/p>\n<h3><span class=\"ez-toc-section\" id=\"How_does_provable_fairness_in_Bitcoin_poker_compare_to_regular_online_poker_games\"><\/span>Bitcoin pokerde kan\u0131tlanabilir adalet normal \u00e7evrimi\u00e7i poker oyunlar\u0131na k\u0131yasla nas\u0131ld\u0131r?<span class=\"ez-toc-section-end\"><\/span><\/h3>\n<p>Bitcoin poker platformlar\u0131 genellikle kan\u0131tlanabilir adalet algoritmalar\u0131 kullan\u0131r ve oyuncular\u0131n her elin rastgeleli\u011fini ve adaletini do\u011frulamas\u0131n\u0131 sa\u011flar. Bu \u015feffafl\u0131k seviyesi genellikle geleneksel \u00e7evrimi\u00e7i poker oyunlar\u0131nda mevcut de\u011fildir ve Bitcoin poker oyuncular\u0131na ek bir g\u00fcven katman\u0131 sunar.<\/p>\n<h3><span class=\"ez-toc-section\" id=\"Does_the_use_of_Bitcoin_offer_more_anonymity_in_online_poker\"><\/span>Bitcoin kullan\u0131m\u0131 online pokerde daha fazla anonimlik sa\u011fl\u0131yor mu?<span class=\"ez-toc-section-end\"><\/span><\/h3>\n<p>Bitcoin i\u015flemleri, ki\u015fisel bankac\u0131l\u0131k bilgileri gerektirmedi\u011fi i\u00e7in geleneksel \u00e7evrimi\u00e7i \u00f6deme y\u00f6ntemlerine k\u0131yasla daha fazla anonimlik sa\u011flar. Oyuncular ki\u015fisel veriler yerine c\u00fczdan adresleriyle tan\u0131mlan\u0131r, ancak blok zinciri i\u015flemlerinin izlenebilirli\u011fi nedeniyle tam anonimlik garanti edilmez.<\/p>\n<h3><span class=\"ez-toc-section\" id=\"What_impact_does_cryptocurrency_volatility_have_on_Bitcoin_poker_stakes\"><\/span>Kripto para volatilitesinin Bitcoin poker bahisleri \u00fczerinde nas\u0131l bir etkisi var?<span class=\"ez-toc-section-end\"><\/span><\/h3>\n<p>Bitcoin'nin de\u011feri \u00f6nemli \u00f6l\u00e7\u00fcde dalgalanabilir, bu da Bitcoin pokerde buy-in'lerin ve kazan\u00e7lar\u0131n ger\u00e7ek para de\u011ferini etkileyebilir. Baz\u0131 oyuncular artan de\u011fer potansiyelini takdir ederken, di\u011ferleri \u00f6ng\u00f6r\u00fclemezli\u011fin kendi kazan\u00e7lar\u0131n\u0131 etkiledi\u011fini d\u00fc\u015f\u00fcnebilir. <a href=\"https:\/\/coinkickoff.com\/tr\/bitcoin-casino\/bankroll-management\/\" data-internallinksmanager029f6b8e52c=\"210\" title=\"Bitcoin ile Bahis Oynarken Paran\u0131n Y\u00f6netimi\">para y\u00f6netimi<\/a> ve genel strateji.<\/p>","protected":false},"excerpt":{"rendered":"<p>Sorumluluk Reddi: Kumar \u00f6nemli finansal riskler i\u00e7erir. L\u00fctfen sadece kaybetmeyi g\u00f6ze alabilece\u011finiz parayla kumar oynay\u0131n. A\u015fa\u011f\u0131da verilen bilgiler sadece bilgilendirme ama\u00e7l\u0131d\u0131r. A\u015fa\u011f\u0131daki casinolardan herhangi birine kaydolur ve para kaybederseniz bize bir komisyon \u00f6denebilir. T\u00fcm casinolar t\u00fcm \u00fclkelerde mevcut de\u011fildir. T\u00fcm bilgiler biz [...]<\/p>","protected":false},"author":1,"featured_media":4609,"parent":4440,"menu_order":0,"comment_status":"closed","ping_status":"closed","template":"","meta":{"_genesis_hide_title":false,"_genesis_hide_breadcrumbs":false,"_genesis_hide_singular_image":false,"_genesis_hide_footer_widgets":false,"_genesis_custom_body_class":"","_genesis_custom_post_class":"","_genesis_layout":"","_glsr_average":0,"_glsr_ranking":0,"_glsr_reviews":0,"footnotes":""},"class_list":{"0":"post-4605","1":"page","2":"type-page","3":"status-publish","4":"has-post-thumbnail","6":"entry"},"featured_image_src":"https:\/\/coinkickoff.com\/wp-content\/uploads\/v2-3dh1y-p4uhr-600x400.jpg","featured_image_src_square":"https:\/\/coinkickoff.com\/wp-content\/uploads\/v2-3dh1y-p4uhr-600x600.jpg","_links":{"self":[{"href":"https:\/\/coinkickoff.com\/tr\/wp-json\/wp\/v2\/pages\/4605","targetHints":{"allow":["GET"]}}],"collection":[{"href":"https:\/\/coinkickoff.com\/tr\/wp-json\/wp\/v2\/pages"}],"about":[{"href":"https:\/\/coinkickoff.com\/tr\/wp-json\/wp\/v2\/types\/page"}],"author":[{"embeddable":true,"href":"https:\/\/coinkickoff.com\/tr\/wp-json\/wp\/v2\/users\/1"}],"replies":[{"embeddable":true,"href":"https:\/\/coinkickoff.com\/tr\/wp-json\/wp\/v2\/comments?post=4605"}],"version-history":[{"count":3,"href":"https:\/\/coinkickoff.com\/tr\/wp-json\/wp\/v2\/pages\/4605\/revisions"}],"predecessor-version":[{"id":4614,"href":"https:\/\/coinkickoff.com\/tr\/wp-json\/wp\/v2\/pages\/4605\/revisions\/4614"}],"up":[{"embeddable":true,"href":"https:\/\/coinkickoff.com\/tr\/wp-json\/wp\/v2\/pages\/4440"}],"wp:featuredmedia":[{"embeddable":true,"href":"https:\/\/coinkickoff.com\/tr\/wp-json\/wp\/v2\/media\/4609"}],"wp:attachment":[{"href":"https:\/\/coinkickoff.com\/tr\/wp-json\/wp\/v2\/media?parent=4605"}],"curies":[{"name":"wp","href":"https:\/\/api.w.org\/{rel}","templated":true}]}}