{"id":4595,"date":"2026-01-08T14:07:58","date_gmt":"2026-01-08T14:07:58","guid":{"rendered":"https:\/\/coinkickoff.com\/?page_id=4595"},"modified":"2026-01-08T14:07:58","modified_gmt":"2026-01-08T14:07:58","slug":"how-is-bitcoin-roulette-different","status":"publish","type":"page","link":"https:\/\/coinkickoff.com\/tr\/bitcoin-casino\/how-is-bitcoin-roulette-different\/","title":{"rendered":"Bitcoin Ruletinin Geleneksel Casino Ruletinden Fark\u0131 Nedir?"},"content":{"rendered":"<p>Sorumluluk Reddi: Kumar \u00f6nemli finansal riskler i\u00e7erir. L\u00fctfen sadece kaybetmeyi g\u00f6ze alabilece\u011finiz parayla kumar oynay\u0131n. A\u015fa\u011f\u0131da verilen bilgiler sadece bilgilendirme ama\u00e7l\u0131d\u0131r. A\u015fa\u011f\u0131dakilerden herhangi birine kaydolur ve para kaybederseniz bize bir komisyon \u00f6denebilir <a href=\"https:\/\/coinkickoff.com\/tr\/bitcoin-casino\/\" data-internallinksmanager029f6b8e52c=\"200\" title=\"3 Bonuslu En \u0130yi Bitcoin Kripto Kumarhaneleri\">kumarhaneler<\/a>. T\u00fcm kumarhaneler t\u00fcm \u00fclkelerde mevcut de\u011fildir. T\u00fcm bilgilerin yay\u0131nland\u0131\u011f\u0131 tarihte do\u011fru oldu\u011funa inan\u0131yoruz, ancak o zamandan beri de\u011fi\u015fmi\u015f olabilir.<\/p>\n<div id=\"ez-toc-container\" class=\"ez-toc-v2_0_80 counter-hierarchy ez-toc-counter ez-toc-transparent ez-toc-container-direction\">\n<div class=\"ez-toc-title-container\">\n<p class=\"ez-toc-title\" style=\"cursor:inherit\">B\u00f6l\u00fcmler<\/p>\n<span class=\"ez-toc-title-toggle\"><a href=\"#\" class=\"ez-toc-pull-right ez-toc-btn ez-toc-btn-xs ez-toc-btn-default ez-toc-toggle\" aria-label=\"\u0130\u00e7indekiler Tablosunu A\u00e7\/Kapat\"><span class=\"ez-toc-js-icon-con\"><span class=\"\"><span class=\"eztoc-hide\" style=\"display:none;\">Ge\u00e7i\u015f<\/span><span class=\"ez-toc-icon-toggle-span\"><svg style=\"fill: #999;color:#999\" xmlns=\"http:\/\/www.w3.org\/2000\/svg\" class=\"list-377408\" width=\"20px\" height=\"20px\" viewbox=\"0 0 24 24\" fill=\"none\"><path d=\"M6 6H4v2h2V6zm14 0H8v2h12V6zM4 11h2v2H4v-2zm16 0H8v2h12v-2zM4 16h2v2H4v-2zm16 0H8v2h12v-2z\" fill=\"currentColor\"><\/path><\/svg><svg style=\"fill: #999;color:#999\" class=\"arrow-unsorted-368013\" xmlns=\"http:\/\/www.w3.org\/2000\/svg\" width=\"10px\" height=\"10px\" viewbox=\"0 0 24 24\" version=\"1.2\" baseprofile=\"tiny\"><path d=\"M18.2 9.3l-6.2-6.3-6.2 6.3c-.2.2-.3.4-.3.7s.1.5.3.7c.2.2.4.3.7.3h11c.3 0 .5-.1.7-.3.2-.2.3-.5.3-.7s-.1-.5-.3-.7zM5.8 14.7l6.2 6.3 6.2-6.3c.2-.2.3-.5.3-.7s-.1-.5-.3-.7c-.2-.2-.4-.3-.7-.3h-11c-.3 0-.5.1-.7.3-.2.2-.3.5-.3.7s.1.5.3.7z\"\/><\/svg><\/span><\/span><\/span><\/a><\/span><\/div>\n<nav><ul class='ez-toc-list ez-toc-list-level-1 eztoc-toggle-hide-by-default' ><li class='ez-toc-page-1 ez-toc-heading-level-2'><a class=\"ez-toc-link ez-toc-heading-1\" href=\"https:\/\/coinkickoff.com\/tr\/bitcoin-casino\/how-is-bitcoin-roulette-different\/#Fundamentals_of_Bitcoin_Roulette\" >Bitcoin Ruletin Temelleri<\/a><ul class='ez-toc-list-level-3' ><li class='ez-toc-heading-level-3'><a class=\"ez-toc-link ez-toc-heading-2\" href=\"https:\/\/coinkickoff.com\/tr\/bitcoin-casino\/how-is-bitcoin-roulette-different\/#Definition_and_Mechanism\" >Tan\u0131m ve Mekanizma<\/a><\/li><li class='ez-toc-page-1 ez-toc-heading-level-3'><a class=\"ez-toc-link ez-toc-heading-3\" href=\"https:\/\/coinkickoff.com\/tr\/bitcoin-casino\/how-is-bitcoin-roulette-different\/#Basic_Rules_Comparison\" >Temel Kural Kar\u015f\u0131la\u015ft\u0131rmas\u0131<\/a><\/li><\/ul><\/li><li class='ez-toc-page-1 ez-toc-heading-level-2'><a class=\"ez-toc-link ez-toc-heading-4\" href=\"https:\/\/coinkickoff.com\/tr\/bitcoin-casino\/how-is-bitcoin-roulette-different\/#Technological_Aspects\" >Teknolojik Y\u00f6nler<\/a><ul class='ez-toc-list-level-3' ><li class='ez-toc-heading-level-3'><a class=\"ez-toc-link ez-toc-heading-5\" href=\"https:\/\/coinkickoff.com\/tr\/bitcoin-casino\/how-is-bitcoin-roulette-different\/#Software_and_Fairness\" >Yaz\u0131l\u0131m ve Adalet<\/a><\/li><li class='ez-toc-page-1 ez-toc-heading-level-3'><a class=\"ez-toc-link ez-toc-heading-6\" href=\"https:\/\/coinkickoff.com\/tr\/bitcoin-casino\/how-is-bitcoin-roulette-different\/#Transaction_Security_and_Anonymity\" >\u0130\u015flem G\u00fcvenli\u011fi ve Anonimlik<\/a><\/li><\/ul><\/li><li class='ez-toc-page-1 ez-toc-heading-level-2'><a class=\"ez-toc-link ez-toc-heading-7\" href=\"https:\/\/coinkickoff.com\/tr\/bitcoin-casino\/how-is-bitcoin-roulette-different\/#Practical_Considerations\" >Pratik Hususlar<\/a><ul class='ez-toc-list-level-3' ><li class='ez-toc-heading-level-3'><a class=\"ez-toc-link ez-toc-heading-8\" href=\"https:\/\/coinkickoff.com\/tr\/bitcoin-casino\/how-is-bitcoin-roulette-different\/#Accessibility_and_Jurisdiction\" >Eri\u015filebilirlik ve Yarg\u0131 Yetkisi<\/a><\/li><li class='ez-toc-page-1 ez-toc-heading-level-3'><a class=\"ez-toc-link ez-toc-heading-9\" href=\"https:\/\/coinkickoff.com\/tr\/bitcoin-casino\/how-is-bitcoin-roulette-different\/#Payment_Processing_Times\" >\u00d6deme \u0130\u015flem S\u00fcreleri<\/a><\/li><li class='ez-toc-page-1 ez-toc-heading-level-3'><a class=\"ez-toc-link ez-toc-heading-10\" href=\"https:\/\/coinkickoff.com\/tr\/bitcoin-casino\/how-is-bitcoin-roulette-different\/#Casino_Bonuses_and_Incentives\" >Casino Bonuslar\u0131 ve Te\u015fvikleri<\/a><\/li><\/ul><\/li><li class='ez-toc-page-1 ez-toc-heading-level-2'><a class=\"ez-toc-link ez-toc-heading-11\" href=\"https:\/\/coinkickoff.com\/tr\/bitcoin-casino\/how-is-bitcoin-roulette-different\/#Frequently_Asked_Questions\" >S\u0131k\u00e7a Sorulan Sorular<\/a><ul class='ez-toc-list-level-3' ><li class='ez-toc-heading-level-3'><a class=\"ez-toc-link ez-toc-heading-12\" href=\"https:\/\/coinkickoff.com\/tr\/bitcoin-casino\/how-is-bitcoin-roulette-different\/#What_are_the_distinctive_features_of_Bitcoin_roulette_compared_to_traditional_roulette\" >Bitcoin ruletinin geleneksel rulete k\u0131yasla ay\u0131rt edici \u00f6zellikleri nelerdir?<\/a><\/li><li class='ez-toc-page-1 ez-toc-heading-level-3'><a class=\"ez-toc-link ez-toc-heading-13\" href=\"https:\/\/coinkickoff.com\/tr\/bitcoin-casino\/how-is-bitcoin-roulette-different\/#Can_you_use_Bitcoin_to_play_any_version_of_roulette\" >Bitcoin'yi ruletin herhangi bir versiyonunu oynamak i\u00e7in kullanabilir misiniz?<\/a><\/li><li class='ez-toc-page-1 ez-toc-heading-level-3'><a class=\"ez-toc-link ez-toc-heading-14\" href=\"https:\/\/coinkickoff.com\/tr\/bitcoin-casino\/how-is-bitcoin-roulette-different\/#What_advantages_do_Bitcoin_casinos_offer_for_roulette_players\" >Bitcoin casinolar\u0131 rulet oyuncular\u0131 i\u00e7in ne gibi avantajlar sunuyor?<\/a><\/li><li class='ez-toc-page-1 ez-toc-heading-level-3'><a class=\"ez-toc-link ez-toc-heading-15\" href=\"https:\/\/coinkickoff.com\/tr\/bitcoin-casino\/how-is-bitcoin-roulette-different\/#How_does_the_integration_of_Bitcoin_affect_the_gameplay_of_roulette\" >Bitcoin'nin entegrasyonu rulet oyununu nas\u0131l etkiliyor?<\/a><\/li><li class='ez-toc-page-1 ez-toc-heading-level-3'><a class=\"ez-toc-link ez-toc-heading-16\" href=\"https:\/\/coinkickoff.com\/tr\/bitcoin-casino\/how-is-bitcoin-roulette-different\/#Are_there_any_unique_betting_options_available_in_Bitcoin_roulette\" >Bitcoin ruletinde benzersiz bahis se\u00e7enekleri var m\u0131?<\/a><\/li><li class='ez-toc-page-1 ez-toc-heading-level-3'><a class=\"ez-toc-link ez-toc-heading-17\" href=\"https:\/\/coinkickoff.com\/tr\/bitcoin-casino\/how-is-bitcoin-roulette-different\/#What_should_players_know_about_the_security_of_Bitcoin_roulette_games\" >Oyuncular Bitcoin rulet oyunlar\u0131n\u0131n g\u00fcvenli\u011fi hakk\u0131nda ne bilmeli?<\/a><\/li><\/ul><\/li><\/ul><\/nav><\/div>\n<h2><span class=\"ez-toc-section\" id=\"Fundamentals_of_Bitcoin_Roulette\"><\/span>Bitcoin Ruletin Temelleri<span class=\"ez-toc-section-end\"><\/span><\/h2>\n<p><img decoding=\"async\" src=\"https:\/\/coinkickoff.com\/wp-content\/uploads\/v2-3dgyd-6ia5o.jpg\" alt=\"\"><\/p>\n<p><a href=\"https:\/\/coinkickoff.com\/tr\/bitcoin-casino\/how-to-play-crypto-roulette\/\" data-internallinksmanager029f6b8e52c=\"206\" title=\"Kripto Ruleti Nas\u0131l Oynan\u0131r? Blockchain Bahisleri i\u00e7in Rehberiniz\">Bitcoin Rulet<\/a> geleneksel rulet ile ayn\u0131 temel prensiplerle \u00e7al\u0131\u015f\u0131r, ancak fiat para birimi yerine Bitcoin ile oynan\u0131r, bu da i\u015flem h\u0131z\u0131n\u0131 ve anonimli\u011fi etkiler.<\/p>\n<h3><span class=\"ez-toc-section\" id=\"Definition_and_Mechanism\"><\/span>Tan\u0131m ve Mekanizma<span class=\"ez-toc-section-end\"><\/span><\/h3>\n<p>Bitcoin Rulet, bahis ve i\u015flemler i\u00e7in Bitcoin kullanan klasik casino oyununun dijital bir varyasyonudur. Oyuncular, numaral\u0131 ve renkli b\u00f6l\u00fcmlere ayr\u0131lm\u0131\u015f d\u00f6nen bir \u00e7arkta topun nereye d\u00fc\u015fece\u011fi \u00fczerine bahis yaparlar. Mekanizma standart rulete benzer, temel fark kullan\u0131lan para birimidir. Bitcoin Ruletinde her i\u015flem, \u015feffafl\u0131k ve doland\u0131r\u0131c\u0131l\u0131k olas\u0131l\u0131\u011f\u0131n\u0131n azalmas\u0131n\u0131 sa\u011flayan blok zinciri arac\u0131l\u0131\u011f\u0131yla i\u015flenir.<\/p>\n<ul>\n<li><strong>\u0130\u015flem H\u0131z\u0131<\/strong>: Bitcoin ile yap\u0131lan i\u015flemler daha h\u0131zl\u0131d\u0131r ve genellikle birka\u00e7 dakika s\u00fcrer.<\/li>\n<li><strong>Anonimlik<\/strong>: Bitcoin i\u015flemleri yapmak i\u00e7in ki\u015fisel bilgiler do\u011fal olarak gerekli olmad\u0131\u011f\u0131ndan, oyuncular anonimliklerini koruyabilirler.<\/li>\n<\/ul>\n<h3><span class=\"ez-toc-section\" id=\"Basic_Rules_Comparison\"><\/span>Temel Kural Kar\u015f\u0131la\u015ft\u0131rmas\u0131<span class=\"ez-toc-section-end\"><\/span><\/h3>\n<p>Bitcoin Rulet ve normal ruletin temel kurallar\u0131 temelde ayn\u0131d\u0131r. Oyuncular tek bir say\u0131ya, \u00e7e\u015fitli say\u0131 gruplar\u0131na, k\u0131rm\u0131z\u0131 veya siyah renklere, tek veya \u00e7ift say\u0131lara veya y\u00fcksek (19-36) veya d\u00fc\u015f\u00fck (1-18) say\u0131lara bahis oynamay\u0131 se\u00e7erler.<\/p>\n<ul>\n<li><strong>Bahis Se\u00e7enekleri<\/strong>:\n<ul>\n<li><strong>Tek Numara<\/strong>: Daha y\u00fcksek \u00f6deme; daha d\u00fc\u015f\u00fck oranlar.<\/li>\n<li><strong>Grup Numaralar\u0131<\/strong>: Say\u0131 k\u00fcmeleri \u00fczerine bahisler; de\u011fi\u015fen \u00f6demeler.<\/li>\n<li><strong>Renkler<\/strong>: K\u0131rm\u0131z\u0131 veya siyah \u00fczerine bahis yap\u0131n; neredeyse 50\/50 \u015fans.<\/li>\n<li><strong>Tek veya \u00c7ift<\/strong>: Say\u0131n\u0131n tek mi \u00e7ift mi oldu\u011funa bahse girin.<\/li>\n<li><strong>Y\u00fcksek veya D\u00fc\u015f\u00fck<\/strong>: Y\u00fcksek (19-36) veya d\u00fc\u015f\u00fck (1-18) say\u0131lar \u00fczerine bahis yap\u0131n.<\/li>\n<\/ul>\n<\/li>\n<\/ul>\n<p>Kurallardaki net ayr\u0131m, para biriminin kullan\u0131m\u0131 ve potansiyel \u00f6demelerle ilgilidir. Bitcoin'nin fiyat oynakl\u0131\u011f\u0131, ger\u00e7ek de\u011ferini etkileyebilir <a href=\"https:\/\/coinkickoff.com\/tr\/bitcoin-casino\/cash-in-bitcoin-casino-winnings\/\" data-internallinksmanager029f6b8e52c=\"211\" title=\"Bitcoin Casino Kazan\u00e7lar\u0131 Nas\u0131l Nakde \u00c7evrilir? Ad\u0131m Ad\u0131m K\u0131lavuz\">kazan\u00e7lar<\/a> veya kay\u0131plar ve minimum ve maksimum bahisler a\u015fa\u011f\u0131dakilere ba\u011fl\u0131 olarak de\u011fi\u015febilir <a href=\"https:\/\/coinkickoff.com\/tr\/bitcoin-casino\/what-is-a-bitcoin-casino\/\" data-internallinksmanager029f6b8e52c=\"201\" title=\"Bitcoin Casino nedir? Crytpo Bahis Platformlar\u0131n\u0131 Anlamak\">Bitcoin kumarhane<\/a>'in politikalar\u0131.<\/p>\n<h2><span class=\"ez-toc-section\" id=\"Technological_Aspects\"><\/span>Teknolojik Y\u00f6nler<span class=\"ez-toc-section-end\"><\/span><\/h2>\n<p><img decoding=\"async\" src=\"https:\/\/coinkickoff.com\/wp-content\/uploads\/v2-3dgyu-2s6kd.jpg\" alt=\"\"><\/p>\n<p>Bitcoin ruletini geleneksel ruletle kar\u015f\u0131la\u015ft\u0131r\u0131rken, iki temel teknolojik husus devreye girmektedir: yaz\u0131l\u0131m adaletini sa\u011flayan mekanizmalar ve i\u015flem g\u00fcvenli\u011fini ve anonimli\u011fi koruyan protokoller.<\/p>\n<h3><span class=\"ez-toc-section\" id=\"Software_and_Fairness\"><\/span>Yaz\u0131l\u0131m ve Adalet<span class=\"ez-toc-section-end\"><\/span><\/h3>\n<p>Bitcoin rulet oyunlar\u0131 \u015funlara dayan\u0131r <strong>Kan\u0131tlanabilir \u015eekilde Adil<\/strong> teknolojisi, oyuncular\u0131n her oyunun sonu\u00e7lar\u0131n\u0131 do\u011frulamas\u0131na olanak tan\u0131r. Bu sistem kriptografik algoritmalar kullanarak <strong>rastgele tohumlar olu\u015fturun<\/strong>Her d\u00f6n\u00fc\u015f\u00fcn rastgele ve adil olmas\u0131n\u0131 sa\u011flar. Oyuncular genellikle adilli\u011fi bir <strong>do\u011frulama arac\u0131<\/strong> kumarhane taraf\u0131ndan sa\u011flan\u0131r.<\/p>\n<ul>\n<li>Rastgele Say\u0131 \u00dcretimi (RNG): Algoritmik olarak \u00f6ng\u00f6r\u00fclemeyen sonu\u00e7lar olu\u015fturur.<\/li>\n<li>Do\u011frulama Ara\u00e7lar\u0131: \u015eeffaf ve do\u011frulanabilir oyun sonu\u00e7lar\u0131 sunun.<\/li>\n<\/ul>\n<h3><span class=\"ez-toc-section\" id=\"Transaction_Security_and_Anonymity\"><\/span>\u0130\u015flem G\u00fcvenli\u011fi ve Anonimlik<span class=\"ez-toc-section-end\"><\/span><\/h3>\n<p>Bitcoin i\u015flemleri kullan\u0131r <strong>blockchain teknolojisi<\/strong>de\u011fi\u015fmez bir sistem arac\u0131l\u0131\u011f\u0131yla para yat\u0131rma ve \u00e7ekme i\u015flemlerini g\u00fcvence alt\u0131na al\u0131r. <a href=\"https:\/\/coinkickoff.com\/tr\/what-is-ledger-wallet\/\" data-internallinksmanager029f6b8e52c=\"167\" title=\"Ledger C\u00fczdan \u0130ncelemeleri 2023: \u00dccretler, \u00d6zellikler, G\u00fcvenlik, Art\u0131lar\u0131 ve Eksileri\">Defter<\/a>g\u00fcvenli\u011fi art\u0131r\u0131r ve bir dereceye kadar anonimlik sa\u011flar.<\/p>\n<ul>\n<li><strong>G\u00fcvenlik<\/strong>: Blockchain teknolojisi ile korunan \u015fifrelenmi\u015f i\u015flemler.<\/li>\n<li><strong>Anonimlik<\/strong>: Geleneksel \u00f6deme y\u00f6ntemlerine k\u0131yasla daha az ki\u015fisel veri if\u015fas\u0131.<\/li>\n<\/ul>\n<table>\n<thead>\n<tr>\n<th>Aspect<\/th>\n<th>Fayda<\/th>\n<\/tr>\n<\/thead>\n<tbody>\n<tr>\n<td>\u015eifrelenmi\u015f \u0130\u015flemler<\/td>\n<td>Doland\u0131r\u0131c\u0131l\u0131\u011fa kar\u015f\u0131 bir g\u00fcvenlik katman\u0131 ekler<\/td>\n<\/tr>\n<tr>\n<td>De\u011fi\u015fmez Defter<\/td>\n<td>\u0130\u015flemlerin kal\u0131c\u0131l\u0131\u011f\u0131n\u0131 ve izlenebilirli\u011fini sa\u011flar<\/td>\n<\/tr>\n<tr>\n<td>Azalt\u0131lm\u0131\u015f Veri \u0130f\u015fas\u0131<\/td>\n<td>Oyuncular\u0131n ki\u015fisel bilgileri daha az a\u00e7\u0131\u011fa \u00e7\u0131kar<\/td>\n<\/tr>\n<\/tbody>\n<\/table>\n<h2><span class=\"ez-toc-section\" id=\"Practical_Considerations\"><\/span>Pratik Hususlar<span class=\"ez-toc-section-end\"><\/span><\/h2>\n<p><img decoding=\"async\" src=\"https:\/\/coinkickoff.com\/wp-content\/uploads\/v2-3dgz8-pee1q.jpg\" alt=\"\"><\/p>\n<p>Bitcoin rulet ile etkile\u015fime girerken, kullan\u0131c\u0131lar eri\u015filebilirlik, i\u015flem s\u00fcreleri ve geleneksel rulet deneyimlerinden farkl\u0131 olarak sunulan benzersiz bonuslar gibi farkl\u0131l\u0131klar\u0131 g\u00f6z \u00f6n\u00fcnde bulundurmal\u0131d\u0131r.<\/p>\n<h3><span class=\"ez-toc-section\" id=\"Accessibility_and_Jurisdiction\"><\/span>Eri\u015filebilirlik ve Yarg\u0131 Yetkisi<span class=\"ez-toc-section-end\"><\/span><\/h3>\n<p>Bitcoin ruleti genellikle \u00e7evrimi\u00e7i kumar\u0131n k\u0131s\u0131tl\u0131 oldu\u011fu veya geleneksel \u00f6deme y\u00f6ntemlerinin uygulanabilir olmad\u0131\u011f\u0131 yarg\u0131 b\u00f6lgelerindeki oyuncular taraf\u0131ndan kullan\u0131labilir. <strong>Kripto Para<\/strong> bir ara\u00e7 olarak d\u00fczenleyici k\u0131s\u0131tlamalar\u0131n \u00e7o\u011funu atlayarak daha yayg\u0131n bir \u015fekilde eri\u015filebilir hale getirir. Bununla birlikte, kripto para birimleriyle kumar oynaman\u0131n yasall\u0131\u011f\u0131 bir b\u00f6lgeden di\u011ferine \u00f6nemli \u00f6l\u00e7\u00fcde de\u011fi\u015febilece\u011finden, kullan\u0131c\u0131lar yerel yasalar\u0131n\u0131n fark\u0131nda olmal\u0131d\u0131r.<\/p>\n<h3><span class=\"ez-toc-section\" id=\"Payment_Processing_Times\"><\/span>\u00d6deme \u0130\u015flem S\u00fcreleri<span class=\"ez-toc-section-end\"><\/span><\/h3>\n<ul>\n<li><strong>Bitcoin Mevduat:<\/strong> Genellikle anl\u0131k veya birka\u00e7 dakika i\u00e7inde.<\/li>\n<li><strong>Bitcoin Para \u00c7ekme:<\/strong> Dakikalar ile birka\u00e7 saat aras\u0131nda de\u011fi\u015febilir.<\/li>\n<li><strong>Geleneksel Bankac\u0131l\u0131k Y\u00f6ntemleri:<\/strong> Para yat\u0131rma ve \u00e7ekme i\u015flemleri genellikle birka\u00e7 g\u00fcn s\u00fcrer.<\/li>\n<\/ul>\n<p>Bitcoin kullan\u0131m\u0131, \u00e7evrimi\u00e7i kumarda \u00f6deme i\u015flemleriyle ili\u015fkili bekleme s\u00fcrelerini \u00f6nemli \u00f6l\u00e7\u00fcde azaltabilir. Oyuncular genellikle daha erken oynamaya ba\u015flayabilir ve geleneksel \u00f6deme y\u00f6ntemlerine k\u0131yasla kazan\u00e7lar\u0131n\u0131 daha h\u0131zl\u0131 tahsil edebilirler.<\/p>\n<h3><span class=\"ez-toc-section\" id=\"Casino_Bonuses_and_Incentives\"><\/span>Casino Bonuslar\u0131 ve Te\u015fvikleri<span class=\"ez-toc-section-end\"><\/span><\/h3>\n<ul>\n<li><strong>Ho\u015fgeldin Bonuslar\u0131:<\/strong> Bir\u00e7ok Bitcoin kumarhanesi yeni oyuncular i\u00e7in \u00f6nemli ho\u015f geldin bonuslar\u0131 sunar.<\/li>\n<li><strong>Sadakat \u00d6d\u00fclleri:<\/strong> D\u00fczenli kullan\u0131c\u0131lar i\u00e7in avantajlar genellikle daha y\u00fcksek bonuslar veya VIP muamelesi i\u00e7erir.<\/li>\n<li><strong>\u00d6zel Promosyonlar:<\/strong> Baz\u0131 casinolar \u00f6zellikle Bitcoin kullan\u0131c\u0131lar\u0131na \u00f6zel promosyonlar sunar.<\/li>\n<\/ul>\n<p>Bitcoin rulet platformlar\u0131, normal \u00e7evrimi\u00e7i casinolara k\u0131yasla daha c\u00f6mert bonuslar ve te\u015fvikler i\u00e7erebilir. Bu bonuslar, kripto para kullanmay\u0131 tercih eden oyuncular\u0131 \u00e7ekmek ve elde tutmak i\u00e7in tasarlanm\u0131\u015ft\u0131r. Oyuncular\u0131n nas\u0131l kullan\u0131labileceklerini tam olarak anlamak i\u00e7in bu bonuslarla ilgili h\u00fck\u00fcm ve ko\u015fullar\u0131 okumalar\u0131 \u00f6nemlidir.<\/p>\n<h2><span class=\"ez-toc-section\" id=\"Frequently_Asked_Questions\"><\/span>S\u0131k\u00e7a Sorulan Sorular<span class=\"ez-toc-section-end\"><\/span><\/h2>\n<p><img decoding=\"async\" src=\"https:\/\/coinkickoff.com\/wp-content\/uploads\/v2-3dgzp-ju7x7.jpg\" alt=\"\"><\/p>\n<p>Bu b\u00f6l\u00fcm, Bitcoin ruleti ile geleneksel rulet aras\u0131ndaki farklara ili\u015fkin yayg\u0131n sorular\u0131 ele almakta olup, konuya a\u00e7\u0131kl\u0131k getirmek isteyen oyuncular i\u00e7in haz\u0131rlanm\u0131\u015ft\u0131r.<\/p>\n<h3><span class=\"ez-toc-section\" id=\"What_are_the_distinctive_features_of_Bitcoin_roulette_compared_to_traditional_roulette\"><\/span>Bitcoin ruletinin geleneksel rulete k\u0131yasla ay\u0131rt edici \u00f6zellikleri nelerdir?<span class=\"ez-toc-section-end\"><\/span><\/h3>\n<p>Bitcoin ruleti, oynan\u0131\u015f a\u00e7\u0131s\u0131ndan geleneksel rulete benzer \u015fekilde \u00e7al\u0131\u015f\u0131r. Birincil fark, genellikle daha h\u0131zl\u0131 i\u015flem s\u00fcreleri ve oyuncular i\u00e7in daha iyi anonimlik sa\u011flayan Bitcoin'nin para birimi olarak kullan\u0131lmas\u0131nda yatmaktad\u0131r.<\/p>\n<h3><span class=\"ez-toc-section\" id=\"Can_you_use_Bitcoin_to_play_any_version_of_roulette\"><\/span>Bitcoin'yi ruletin herhangi bir versiyonunu oynamak i\u00e7in kullanabilir misiniz?<span class=\"ez-toc-section-end\"><\/span><\/h3>\n<p>\u00c7o\u011fu Bitcoin casino, Amerikan, Avrupa ve Frans\u0131z ruleti dahil olmak \u00fczere \u00e7e\u015fitli rulet versiyonlar\u0131 sunar. Oyuncular, kumarhanenin teklifine ba\u011fl\u0131 olarak, bu farkl\u0131 s\u00fcr\u00fcmlerde Bitcoin kullanarak bahis oynayabilirler.<\/p>\n<h3><span class=\"ez-toc-section\" id=\"What_advantages_do_Bitcoin_casinos_offer_for_roulette_players\"><\/span>Bitcoin casinolar\u0131 rulet oyuncular\u0131 i\u00e7in ne gibi avantajlar sunuyor?<span class=\"ez-toc-section-end\"><\/span><\/h3>\n<p>Bitcoin casinolar\u0131 genellikle oyunculara daha d\u00fc\u015f\u00fck i\u015flem \u00fccretleri, kan\u0131tlanabilir \u015fekilde adil oyun oynama ve ki\u015fisel finansal bilgilere ihtiya\u00e7 duymadan oynama ve para \u00e7ekme gibi avantajlar sa\u011flar.<\/p>\n<h3><span class=\"ez-toc-section\" id=\"How_does_the_integration_of_Bitcoin_affect_the_gameplay_of_roulette\"><\/span>Bitcoin'nin entegrasyonu rulet oyununu nas\u0131l etkiliyor?<span class=\"ez-toc-section-end\"><\/span><\/h3>\n<p>Bitcoin'nin entegrasyonu tipik olarak ruletin temel oynan\u0131\u015f\u0131n\u0131 de\u011fi\u015ftirmez. Ancak, daha h\u0131zl\u0131 bahis ve para \u00e7ekme i\u015flemlerine olanak sa\u011flayarak oyunun genel h\u0131z\u0131n\u0131 art\u0131rabilir.<\/p>\n<h3><span class=\"ez-toc-section\" id=\"Are_there_any_unique_betting_options_available_in_Bitcoin_roulette\"><\/span>Bitcoin ruletinde benzersiz bahis se\u00e7enekleri var m\u0131?<span class=\"ez-toc-section-end\"><\/span><\/h3>\n<p>Bitcoin ruleti genellikle normal rulet ile ayn\u0131 bahis se\u00e7eneklerini sunar. Bununla birlikte, baz\u0131 Bitcoin casinolar\u0131, daha geni\u015f bir kripto para merakl\u0131s\u0131 kitlesini \u00e7ekmek i\u00e7in benzersiz promosyonlar veya bahisler sunabilir.<\/p>\n<h3><span class=\"ez-toc-section\" id=\"What_should_players_know_about_the_security_of_Bitcoin_roulette_games\"><\/span>Oyuncular Bitcoin rulet oyunlar\u0131n\u0131n g\u00fcvenli\u011fi hakk\u0131nda ne bilmeli?<span class=\"ez-toc-section-end\"><\/span><\/h3>\n<p>Bitcoin rulet g\u00fcvenli\u011fi, hem Bitcoin'nin arkas\u0131ndaki kriptografik teknolojinin sa\u011flaml\u0131\u011f\u0131na hem de her bir casino taraf\u0131ndan uygulanan g\u00fcvenlik \u00f6nlemlerine ba\u011fl\u0131d\u0131r. Oyuncular\u0131n kumarhanenin g\u00fcvenilirli\u011fini ve oyunlar\u0131n\u0131n adilli\u011fini do\u011frulamas\u0131 hayati \u00f6nem ta\u015f\u0131r.<\/p>","protected":false},"excerpt":{"rendered":"<p>Sorumluluk Reddi: Kumar \u00f6nemli finansal riskler i\u00e7erir. L\u00fctfen sadece kaybetmeyi g\u00f6ze alabilece\u011finiz parayla kumar oynay\u0131n. A\u015fa\u011f\u0131da verilen bilgiler sadece bilgilendirme ama\u00e7l\u0131d\u0131r. A\u015fa\u011f\u0131daki casinolardan herhangi birine kaydolur ve para kaybederseniz bize bir komisyon \u00f6denebilir. T\u00fcm casinolar t\u00fcm \u00fclkelerde mevcut de\u011fildir. T\u00fcm bilgiler biz [...]<\/p>","protected":false},"author":1,"featured_media":4599,"parent":4440,"menu_order":0,"comment_status":"closed","ping_status":"closed","template":"","meta":{"_genesis_hide_title":false,"_genesis_hide_breadcrumbs":false,"_genesis_hide_singular_image":false,"_genesis_hide_footer_widgets":false,"_genesis_custom_body_class":"","_genesis_custom_post_class":"","_genesis_layout":"","_glsr_average":0,"_glsr_ranking":0,"_glsr_reviews":0,"footnotes":""},"class_list":{"0":"post-4595","1":"page","2":"type-page","3":"status-publish","4":"has-post-thumbnail","6":"entry"},"featured_image_src":"https:\/\/coinkickoff.com\/wp-content\/uploads\/v2-3dgz8-pee1q-600x400.jpg","featured_image_src_square":"https:\/\/coinkickoff.com\/wp-content\/uploads\/v2-3dgz8-pee1q-600x600.jpg","_links":{"self":[{"href":"https:\/\/coinkickoff.com\/tr\/wp-json\/wp\/v2\/pages\/4595","targetHints":{"allow":["GET"]}}],"collection":[{"href":"https:\/\/coinkickoff.com\/tr\/wp-json\/wp\/v2\/pages"}],"about":[{"href":"https:\/\/coinkickoff.com\/tr\/wp-json\/wp\/v2\/types\/page"}],"author":[{"embeddable":true,"href":"https:\/\/coinkickoff.com\/tr\/wp-json\/wp\/v2\/users\/1"}],"replies":[{"embeddable":true,"href":"https:\/\/coinkickoff.com\/tr\/wp-json\/wp\/v2\/comments?post=4595"}],"version-history":[{"count":3,"href":"https:\/\/coinkickoff.com\/tr\/wp-json\/wp\/v2\/pages\/4595\/revisions"}],"predecessor-version":[{"id":4602,"href":"https:\/\/coinkickoff.com\/tr\/wp-json\/wp\/v2\/pages\/4595\/revisions\/4602"}],"up":[{"embeddable":true,"href":"https:\/\/coinkickoff.com\/tr\/wp-json\/wp\/v2\/pages\/4440"}],"wp:featuredmedia":[{"embeddable":true,"href":"https:\/\/coinkickoff.com\/tr\/wp-json\/wp\/v2\/media\/4599"}],"wp:attachment":[{"href":"https:\/\/coinkickoff.com\/tr\/wp-json\/wp\/v2\/media?parent=4595"}],"curies":[{"name":"wp","href":"https:\/\/api.w.org\/{rel}","templated":true}]}}