{"id":4585,"date":"2026-01-08T14:07:59","date_gmt":"2026-01-08T14:07:59","guid":{"rendered":"https:\/\/coinkickoff.com\/?page_id=4585"},"modified":"2026-01-08T14:07:59","modified_gmt":"2026-01-08T14:07:59","slug":"how-is-bitcoin-blackjack-different","status":"publish","type":"page","link":"https:\/\/coinkickoff.com\/tr\/bitcoin-casino\/how-is-bitcoin-blackjack-different\/","title":{"rendered":"Bitcoin Blackjack'in Normal Blackjack'ten Fark\u0131 Nedir?"},"content":{"rendered":"<p><em>Sorumluluk Reddi: Kumar \u00f6nemli finansal riskler i\u00e7erir. L\u00fctfen sadece kaybetmeyi g\u00f6ze alabilece\u011finiz parayla kumar oynay\u0131n. A\u015fa\u011f\u0131da verilen bilgiler sadece bilgilendirme ama\u00e7l\u0131d\u0131r. A\u015fa\u011f\u0131dakilerden herhangi birine kaydolur ve para kaybederseniz bize bir komisyon \u00f6denebilir <a href=\"https:\/\/coinkickoff.com\/tr\/bitcoin-casino\/\" data-internallinksmanager029f6b8e52c=\"200\" title=\"3 Bonuslu En \u0130yi Bitcoin Kripto Kumarhaneleri\">kumarhaneler<\/a>. T\u00fcm kumarhaneler t\u00fcm \u00fclkelerde mevcut de\u011fildir. T\u00fcm bilgilerin yay\u0131nland\u0131\u011f\u0131 tarihte do\u011fru oldu\u011funa inan\u0131yoruz, ancak o zamandan beri de\u011fi\u015fmi\u015f olabilir.<\/em><\/p>\n<div id=\"ez-toc-container\" class=\"ez-toc-v2_0_80 counter-hierarchy ez-toc-counter ez-toc-transparent ez-toc-container-direction\">\n<div class=\"ez-toc-title-container\">\n<p class=\"ez-toc-title\" style=\"cursor:inherit\">B\u00f6l\u00fcmler<\/p>\n<span class=\"ez-toc-title-toggle\"><a href=\"#\" class=\"ez-toc-pull-right ez-toc-btn ez-toc-btn-xs ez-toc-btn-default ez-toc-toggle\" aria-label=\"\u0130\u00e7indekiler Tablosunu A\u00e7\/Kapat\"><span class=\"ez-toc-js-icon-con\"><span class=\"\"><span class=\"eztoc-hide\" style=\"display:none;\">Ge\u00e7i\u015f<\/span><span class=\"ez-toc-icon-toggle-span\"><svg style=\"fill: #999;color:#999\" xmlns=\"http:\/\/www.w3.org\/2000\/svg\" class=\"list-377408\" width=\"20px\" height=\"20px\" viewbox=\"0 0 24 24\" fill=\"none\"><path d=\"M6 6H4v2h2V6zm14 0H8v2h12V6zM4 11h2v2H4v-2zm16 0H8v2h12v-2zM4 16h2v2H4v-2zm16 0H8v2h12v-2z\" fill=\"currentColor\"><\/path><\/svg><svg style=\"fill: #999;color:#999\" class=\"arrow-unsorted-368013\" xmlns=\"http:\/\/www.w3.org\/2000\/svg\" width=\"10px\" height=\"10px\" viewbox=\"0 0 24 24\" version=\"1.2\" baseprofile=\"tiny\"><path d=\"M18.2 9.3l-6.2-6.3-6.2 6.3c-.2.2-.3.4-.3.7s.1.5.3.7c.2.2.4.3.7.3h11c.3 0 .5-.1.7-.3.2-.2.3-.5.3-.7s-.1-.5-.3-.7zM5.8 14.7l6.2 6.3 6.2-6.3c.2-.2.3-.5.3-.7s-.1-.5-.3-.7c-.2-.2-.4-.3-.7-.3h-11c-.3 0-.5.1-.7.3-.2.2-.3.5-.3.7s.1.5.3.7z\"\/><\/svg><\/span><\/span><\/span><\/a><\/span><\/div>\n<nav><ul class='ez-toc-list ez-toc-list-level-1 eztoc-toggle-hide-by-default' ><li class='ez-toc-page-1 ez-toc-heading-level-2'><a class=\"ez-toc-link ez-toc-heading-1\" href=\"https:\/\/coinkickoff.com\/tr\/bitcoin-casino\/how-is-bitcoin-blackjack-different\/#Fundamentals_of_Bitcoin_Blackjack\" >Bitcoin Blackjack'in Temelleri<\/a><ul class='ez-toc-list-level-3' ><li class='ez-toc-heading-level-3'><a class=\"ez-toc-link ez-toc-heading-2\" href=\"https:\/\/coinkickoff.com\/tr\/bitcoin-casino\/how-is-bitcoin-blackjack-different\/#Definition_and_Operation\" >Tan\u0131m ve \u00c7al\u0131\u015fma<\/a><\/li><li class='ez-toc-page-1 ez-toc-heading-level-3'><a class=\"ez-toc-link ez-toc-heading-3\" href=\"https:\/\/coinkickoff.com\/tr\/bitcoin-casino\/how-is-bitcoin-blackjack-different\/#Key_Differences_From_Traditional_Blackjack\" >Geleneksel Blackjack'ten Temel Farkl\u0131l\u0131klar<\/a><\/li><\/ul><\/li><li class='ez-toc-page-1 ez-toc-heading-level-2'><a class=\"ez-toc-link ez-toc-heading-4\" href=\"https:\/\/coinkickoff.com\/tr\/bitcoin-casino\/how-is-bitcoin-blackjack-different\/#Gameplay_Specifics\" >Oynan\u0131\u015f \u00d6zellikleri<\/a><ul class='ez-toc-list-level-3' ><li class='ez-toc-heading-level-3'><a class=\"ez-toc-link ez-toc-heading-5\" href=\"https:\/\/coinkickoff.com\/tr\/bitcoin-casino\/how-is-bitcoin-blackjack-different\/#Digital_Transactions_in_Gameplay\" >Oynan\u0131\u015fta Dijital \u0130\u015flemler<\/a><\/li><li class='ez-toc-page-1 ez-toc-heading-level-3'><a class=\"ez-toc-link ez-toc-heading-6\" href=\"https:\/\/coinkickoff.com\/tr\/bitcoin-casino\/how-is-bitcoin-blackjack-different\/#Use_of_Provably_Fair_Algorithms\" >Kan\u0131tlanabilir Adil Algoritmalar\u0131n Kullan\u0131m\u0131<\/a><\/li><li class='ez-toc-page-1 ez-toc-heading-level-3'><a class=\"ez-toc-link ez-toc-heading-7\" href=\"https:\/\/coinkickoff.com\/tr\/bitcoin-casino\/how-is-bitcoin-blackjack-different\/#Privacy_and_Anonymity_Aspects\" >Gizlilik ve Anonimlik Unsurlar\u0131<\/a><\/li><\/ul><\/li><li class='ez-toc-page-1 ez-toc-heading-level-2'><a class=\"ez-toc-link ez-toc-heading-8\" href=\"https:\/\/coinkickoff.com\/tr\/bitcoin-casino\/how-is-bitcoin-blackjack-different\/#Considerations_for_Players\" >Oyuncular i\u00e7in Dikkat Edilmesi Gerekenler<\/a><ul class='ez-toc-list-level-3' ><li class='ez-toc-heading-level-3'><a class=\"ez-toc-link ez-toc-heading-9\" href=\"https:\/\/coinkickoff.com\/tr\/bitcoin-casino\/how-is-bitcoin-blackjack-different\/#Volatility_of_Bitcoin_Value\" >Bitcoin De\u011ferinin Volatilitesi<\/a><\/li><li class='ez-toc-page-1 ez-toc-heading-level-3'><a class=\"ez-toc-link ez-toc-heading-10\" href=\"https:\/\/coinkickoff.com\/tr\/bitcoin-casino\/how-is-bitcoin-blackjack-different\/#Legal_and_Regulatory_Implications\" >Yasal ve D\u00fczenleyici Sonu\u00e7lar<\/a><\/li><li class='ez-toc-page-1 ez-toc-heading-level-3'><a class=\"ez-toc-link ez-toc-heading-11\" href=\"https:\/\/coinkickoff.com\/tr\/bitcoin-casino\/how-is-bitcoin-blackjack-different\/#Security_and_Trustworthiness\" >G\u00fcvenlik ve G\u00fcvenilirlik<\/a><\/li><\/ul><\/li><li class='ez-toc-page-1 ez-toc-heading-level-2'><a class=\"ez-toc-link ez-toc-heading-12\" href=\"https:\/\/coinkickoff.com\/tr\/bitcoin-casino\/how-is-bitcoin-blackjack-different\/#Frequently_Asked_Questions\" >S\u0131k\u00e7a Sorulan Sorular<\/a><ul class='ez-toc-list-level-3' ><li class='ez-toc-heading-level-3'><a class=\"ez-toc-link ez-toc-heading-13\" href=\"https:\/\/coinkickoff.com\/tr\/bitcoin-casino\/how-is-bitcoin-blackjack-different\/#What_are_the_differences_in_transaction_methods_between_Bitcoin_Blackjack_and_traditional_Blackjack\" >Bitcoin Blackjack ile geleneksel Blackjack aras\u0131ndaki i\u015flem y\u00f6ntemleri aras\u0131ndaki farklar nelerdir?<\/a><\/li><li class='ez-toc-page-1 ez-toc-heading-level-3'><a class=\"ez-toc-link ez-toc-heading-14\" href=\"https:\/\/coinkickoff.com\/tr\/bitcoin-casino\/how-is-bitcoin-blackjack-different\/#Does_the_use_of_Bitcoin_in_Blackjack_affect_game_anonymity\" >Blackjack'te Bitcoin kullan\u0131m\u0131 oyunun anonimli\u011fini etkiler mi?<\/a><\/li><li class='ez-toc-page-1 ez-toc-heading-level-3'><a class=\"ez-toc-link ez-toc-heading-15\" href=\"https:\/\/coinkickoff.com\/tr\/bitcoin-casino\/how-is-bitcoin-blackjack-different\/#Are_there_any_variations_in_game_rules_for_Blackjack_when_playing_with_Bitcoin\" >Bitcoin ile oynarken Blackjack i\u00e7in oyun kurallar\u0131nda herhangi bir de\u011fi\u015fiklik var m\u0131?<\/a><\/li><li class='ez-toc-page-1 ez-toc-heading-level-3'><a class=\"ez-toc-link ez-toc-heading-16\" href=\"https:\/\/coinkickoff.com\/tr\/bitcoin-casino\/how-is-bitcoin-blackjack-different\/#How_do_the_odds_or_payouts_differ_in_Bitcoin_Blackjack_compared_to_regular_Blackjack\" >Bitcoin Blackjack'te oranlar veya \u00f6demeler normal Blackjack'e k\u0131yasla nas\u0131l farkl\u0131l\u0131k g\u00f6sterir?<\/a><\/li><li class='ez-toc-page-1 ez-toc-heading-level-3'><a class=\"ez-toc-link ez-toc-heading-17\" href=\"https:\/\/coinkickoff.com\/tr\/bitcoin-casino\/how-is-bitcoin-blackjack-different\/#What_security_measures_are_unique_to_Bitcoin_Blackjack_games\" >Bitcoin Blackjack oyunlar\u0131na \u00f6zg\u00fc g\u00fcvenlik \u00f6nlemleri nelerdir?<\/a><\/li><li class='ez-toc-page-1 ez-toc-heading-level-3'><a class=\"ez-toc-link ez-toc-heading-18\" href=\"https:\/\/coinkickoff.com\/tr\/bitcoin-casino\/how-is-bitcoin-blackjack-different\/#Can_Bitcoin_Blackjack_be_played_from_regions_where_traditional_online_gambling_is_restricted\" >Bitcoin Blackjack geleneksel \u00e7evrimi\u00e7i kumar\u0131n k\u0131s\u0131tl\u0131 oldu\u011fu b\u00f6lgelerden oynanabilir mi?<\/a><\/li><\/ul><\/li><\/ul><\/nav><\/div>\n<h2><span class=\"ez-toc-section\" id=\"Fundamentals_of_Bitcoin_Blackjack\"><\/span>Bitcoin Blackjack'in Temelleri<span class=\"ez-toc-section-end\"><\/span><\/h2>\n<p><img decoding=\"async\" src=\"https:\/\/coinkickoff.com\/wp-content\/uploads\/v2-3dgvp-hoj5o.jpg\" alt=\"\"><\/p>\n<p><a href=\"https:\/\/coinkickoff.com\/tr\/bitcoin-casino\/how-to-play-crypto-blackjack\/\" data-internallinksmanager029f6b8e52c=\"204\" title=\"Kripto Blackjack Nas\u0131l Oynan\u0131r: \u00c7evrimi\u00e7i Oyunda Ustala\u015fmak\">Bitcoin Blackjack<\/a> kripto para teknolojisini geleneksel blackjack oyunuyla b\u00fct\u00fcnle\u015ftirerek g\u00fcncel teknolojik trendlere hitap eden benzersiz \u00f6zellikler sunuyor.<\/p>\n<h3><span class=\"ez-toc-section\" id=\"Definition_and_Operation\"><\/span>Tan\u0131m ve \u00c7al\u0131\u015fma<span class=\"ez-toc-section-end\"><\/span><\/h3>\n<p>Bitcoin Blackjack, bir t\u00fcr dijital para birimi olan Bitcoin kullan\u0131larak oynanan geleneksel casino oyununun dijital bir \u00e7e\u015fididir. Oyuncular Bitcoin kullanarak bahis oynayabilir, \u00f6deme alabilir ve t\u00fcm finansal i\u015flemleri ger\u00e7ekle\u015ftirebilir. \u0130\u015flem, \u015feffafl\u0131k ve g\u00fcvenlik sa\u011flayan blok zincirine dayan\u0131r. Temel bile\u015fenler \u015funlar\u0131 i\u00e7erir:<\/p>\n<ul>\n<li>Bitcoin C\u00fczdanlar: Oyuncular bunlar\u0131 para yat\u0131rmak ve \u00e7ekmek i\u00e7in kullan\u0131r.<\/li>\n<li>Kan\u0131tlanabilir Adil Teknoloji: Oyuncular\u0131n her bir da\u011f\u0131t\u0131m\u0131n veya elin adilli\u011fini do\u011frulamas\u0131n\u0131 sa\u011flar.<\/li>\n<\/ul>\n<h3><span class=\"ez-toc-section\" id=\"Key_Differences_From_Traditional_Blackjack\"><\/span>Geleneksel Blackjack'ten Temel Farkl\u0131l\u0131klar<span class=\"ez-toc-section-end\"><\/span><\/h3>\n<p>Geleneksel muadiliyle kar\u015f\u0131la\u015ft\u0131r\u0131ld\u0131\u011f\u0131nda Bitcoin Blackjack belirgin farkl\u0131l\u0131klar sergiler:<\/p>\n<p><strong>Finansal \u0130\u015flemler<\/strong>: Bitcoin Blackjack, geleneksel bankac\u0131l\u0131k s\u00fcre\u00e7lerini ve \u00fccretlerini atlayarak an\u0131nda para yat\u0131rma ve \u00e7ekme i\u015flemlerini garanti eder.<\/p>\n<p><strong>Anonimlik<\/strong>: Bitcoin i\u015flemleri fiat para birimleriyle ayn\u0131 \u00f6l\u00e7\u00fcde ki\u015fisel bilgi gerektirmedi\u011finden, oyuncular genellikle daha fazla gizlili\u011fin tad\u0131n\u0131 \u00e7\u0131kar\u0131r.<\/p>\n<p><strong>K\u00fcresel Eri\u015fim<\/strong>: Bir merkez bankas\u0131na ba\u011fl\u0131 olmayan Bitcoin, \u00e7e\u015fitli yetki alanlar\u0131ndan oyuncular\u0131n yerel kumar d\u00fczenlemelerinin k\u0131s\u0131tlamalar\u0131 olmadan kat\u0131lmalar\u0131na olanak tan\u0131r.<\/p>\n<p><strong>Oyun Adaleti<\/strong>: Blok zinciri teknolojisinin kullan\u0131m\u0131, oyuncular\u0131n her oyun turunun rastgeleli\u011fini ve adilli\u011fini do\u011frulamas\u0131na olanak tan\u0131yan kan\u0131tlanabilir adil bir sistem sunar.<\/p>\n<h2><span class=\"ez-toc-section\" id=\"Gameplay_Specifics\"><\/span>Oynan\u0131\u015f \u00d6zellikleri<span class=\"ez-toc-section-end\"><\/span><\/h2>\n<p><img decoding=\"async\" src=\"https:\/\/coinkickoff.com\/wp-content\/uploads\/v2-3dgw4-jjeu5.jpg\" alt=\"\"><\/p>\n<p>\u00c7evrimi\u00e7i kumar alan\u0131nda, Bitcoin Blackjack i\u015flem s\u00fcre\u00e7lerinde ve g\u00fcvenlik protokollerinde \u00f6nemli de\u011fi\u015fiklikler getirerek oyuncu deneyimini farkl\u0131 \u015fekillerde geli\u015ftiriyor.<\/p>\n<h3><span class=\"ez-toc-section\" id=\"Digital_Transactions_in_Gameplay\"><\/span>Oynan\u0131\u015fta Dijital \u0130\u015flemler<span class=\"ez-toc-section-end\"><\/span><\/h3>\n<p>Bitcoin Blackjack, bahisler ve \u00f6demeler i\u00e7in kripto para biriminin kullan\u0131lmas\u0131na izin verir. Oyuncular\u0131n \u015funlar\u0131 yapmas\u0131 gerekir <strong>depozito Bitcoin<\/strong> ba\u015flamak i\u00e7in kumarhane c\u00fczdanlar\u0131na ve <a href=\"https:\/\/coinkickoff.com\/tr\/bitcoin-casino\/cash-in-bitcoin-casino-winnings\/\" data-internallinksmanager029f6b8e52c=\"211\" title=\"Bitcoin Casino Kazan\u00e7lar\u0131 Nas\u0131l Nakde \u00c7evrilir? Ad\u0131m Ad\u0131m K\u0131lavuz\">kazan\u00e7lar<\/a> vard\u0131r <strong>Bitcoin'de \u00f6denmi\u015ftir<\/strong>geleneksel para birimine g\u00f6re daha h\u0131zl\u0131 i\u015flem s\u00fcreleri sa\u011flar.<\/p>\n<h3><span class=\"ez-toc-section\" id=\"Use_of_Provably_Fair_Algorithms\"><\/span>Kan\u0131tlanabilir Adil Algoritmalar\u0131n Kullan\u0131m\u0131<span class=\"ez-toc-section-end\"><\/span><\/h3>\n<p>Bitcoin Blackjack'in arkas\u0131ndaki teknoloji \u015funlar\u0131 kullan\u0131r <strong>kan\u0131tlanabilir adil algoritmalar<\/strong>\u015feffafl\u0131k ve adalet sa\u011flar. Oyuncular kullan\u0131lan destenin \u015fifrelenmi\u015f karmalar\u0131n\u0131 al\u0131rlar ve oyundan sonra bu ad\u0131mlar\u0131 kullanarak da\u011f\u0131t\u0131lan kartlar\u0131n ger\u00e7ekten rastgele oldu\u011funu do\u011frulayabilirler:<\/p>\n<ol>\n<li>Oyun ba\u015flamadan \u00f6nce \u015fifrelenmi\u015f hash'i al\u0131n.<\/li>\n<li>Oyun s\u0131ras\u0131nda kart sonu\u00e7lar\u0131n\u0131 not edin.<\/li>\n<li>Oyun sonras\u0131 algoritmay\u0131 kullanarak hash'in kodunu \u00e7\u00f6z\u00fcn ve oyunun sonucuyla kar\u015f\u0131la\u015ft\u0131r\u0131n.<\/li>\n<\/ol>\n<h3><span class=\"ez-toc-section\" id=\"Privacy_and_Anonymity_Aspects\"><\/span>Gizlilik ve Anonimlik Unsurlar\u0131<span class=\"ez-toc-section-end\"><\/span><\/h3>\n<p>Bitcoin i\u015flemleri ki\u015fisel bilgi gerektirmez, b\u00f6ylece daha y\u00fcksek gizlilik sunar. Oyuncular hassas verilerini if\u015fa etmeden Blackjack oyunlar\u0131na kat\u0131labilir, b\u00f6ylece \u00f6ncelik veren bireyleri \u00e7ekebilir <em>anonimlik<\/em> \u00e7evrimi\u00e7i etkinliklerde.<\/p>\n<h2><span class=\"ez-toc-section\" id=\"Considerations_for_Players\"><\/span>Oyuncular i\u00e7in Dikkat Edilmesi Gerekenler<span class=\"ez-toc-section-end\"><\/span><\/h2>\n<p><img decoding=\"async\" src=\"https:\/\/coinkickoff.com\/wp-content\/uploads\/v2-3dgws-32uf3.jpg\" alt=\"\"><\/p>\n<p>Oyuncular geleneksel blackjack'ten Bitcoin blackjack'e ge\u00e7tiklerinde, kripto para biriminin oynakl\u0131\u011f\u0131, yasal y\u00f6nleri ve \u00e7evrimi\u00e7i platformlar\u0131n g\u00fcvenlik \u00f6nlemleri gibi fakt\u00f6rlerin fark\u0131nda olmalar\u0131 gerekir.<\/p>\n<h3><span class=\"ez-toc-section\" id=\"Volatility_of_Bitcoin_Value\"><\/span>Bitcoin De\u011ferinin Volatilitesi<span class=\"ez-toc-section-end\"><\/span><\/h3>\n<p><strong>Bitcoin'nin fiyat\u0131 dalgalan\u0131yor<\/strong> Bu da oyuncular\u0131n bahis oynad\u0131klar\u0131 para miktar\u0131n\u0131 \u00f6nemli \u00f6l\u00e7\u00fcde etkileyebilir. \u00d6rne\u011fin:<\/p>\n<ul>\n<li><strong>Bitcoin'nin de\u011feri artt\u0131\u011f\u0131nda<\/strong>: 0,01 BTC'lik bir bahis bir g\u00fcn $50, ertesi g\u00fcn $100 de\u011ferinde olabilir.<\/li>\n<li><strong>Bitcoin'nin de\u011feri d\u00fc\u015ft\u00fc\u011f\u00fcnde<\/strong>: Kazan\u00e7lar, \u00e7ekildikleri zaman de\u011fer kaybedebilir ve genel karl\u0131l\u0131\u011f\u0131 etkileyebilir.<\/li>\n<\/ul>\n<h3><span class=\"ez-toc-section\" id=\"Legal_and_Regulatory_Implications\"><\/span>Yasal ve D\u00fczenleyici Sonu\u00e7lar<span class=\"ez-toc-section-end\"><\/span><\/h3>\n<p>Farkl\u0131 yarg\u0131 b\u00f6lgelerinde a\u015fa\u011f\u0131dakilere ili\u015fkin farkl\u0131 yasalar vard\u0131r <strong>kripto para kumar<\/strong>. Oyuncular d\u00fc\u015f\u00fcnmelidir:<\/p>\n<ul>\n<li><strong>Yasall\u0131k<\/strong>: Baz\u0131 b\u00f6lgelerde, blackjack i\u00e7in Bitcoin kullanmak yasalken, di\u011ferlerinde ya d\u00fczenlenmi\u015f ya da yasaklanm\u0131\u015ft\u0131r.<\/li>\n<li><strong>Vergi etkileri<\/strong>: Bitcoin'deki kazan\u00e7lar, geleneksel para biriminden farkl\u0131 vergi uygulamalar\u0131na sahip olabilir ve bu da ekstra durum tespiti gerektirir.<\/li>\n<\/ul>\n<h3><span class=\"ez-toc-section\" id=\"Security_and_Trustworthiness\"><\/span>G\u00fcvenlik ve G\u00fcvenilirlik<span class=\"ez-toc-section-end\"><\/span><\/h3>\n<p>G\u00fcvenilir bir Bitcoin blackjack sa\u011flay\u0131c\u0131s\u0131 se\u00e7mek \u00e7ok \u00f6nemlidir. Oyuncular \u015funlar\u0131 aramal\u0131d\u0131r:<\/p>\n<ul>\n<li><strong>\u015eeffaf operasyonlar<\/strong>: Sayg\u0131n siteler, oyunlar\u0131n\u0131n adilli\u011fi ve operasyonel lisanslar\u0131 hakk\u0131nda net bilgiler sa\u011flar.<\/li>\n<li><strong>G\u00fcvenlik \u00f6nlemleri<\/strong>: A\u015fa\u011f\u0131daki gibi yeterli koruma <strong>iki fakt\u00f6rl\u00fc kimlik do\u011frulama<\/strong> ve <strong>SSL \u015fifreleme<\/strong> oyuncular\u0131n fonlar\u0131n\u0131 ve ki\u015fisel verilerini korumak.<\/li>\n<\/ul>\n<h2><span class=\"ez-toc-section\" id=\"Frequently_Asked_Questions\"><\/span>S\u0131k\u00e7a Sorulan Sorular<span class=\"ez-toc-section-end\"><\/span><\/h2>\n<p><img decoding=\"async\" src=\"https:\/\/coinkickoff.com\/wp-content\/uploads\/v2-3dgx9-wx3hk.jpg\" alt=\"\"><\/p>\n<p>A\u015fa\u011f\u0131daki alt b\u00f6l\u00fcmler, Bitcoin Blackjack ile geleneksel muadili aras\u0131ndaki farklara ili\u015fkin yayg\u0131n sorular\u0131 ele almakta ve i\u015flem farkl\u0131l\u0131klar\u0131, anonimlik, oyun kurallar\u0131, oranlar, g\u00fcvenlik \u00f6nlemleri ve eri\u015filebilirlik konular\u0131na odaklanmaktad\u0131r.<\/p>\n<h3><span class=\"ez-toc-section\" id=\"What_are_the_differences_in_transaction_methods_between_Bitcoin_Blackjack_and_traditional_Blackjack\"><\/span>Bitcoin Blackjack ile geleneksel Blackjack aras\u0131ndaki i\u015flem y\u00f6ntemleri aras\u0131ndaki farklar nelerdir?<span class=\"ez-toc-section-end\"><\/span><\/h3>\n<p>Bitcoin Blackjack, bahis ve \u00f6demeler i\u00e7in ba\u015fta Bitcoin olmak \u00fczere kripto para birimleri kullanarak daha h\u0131zl\u0131 i\u015flem yap\u0131lmas\u0131n\u0131 ve genellikle i\u015flem \u00fccretlerinin d\u00fc\u015f\u00fcr\u00fclmesini sa\u011flar. Geleneksel Blackjack genellikle kredi kartlar\u0131, banka havaleleri veya e-c\u00fczdanlar gibi \u00e7e\u015fitli \u00f6deme sistemleri arac\u0131l\u0131\u011f\u0131yla i\u015flenen fiat para birimlerine dayan\u0131r.<\/p>\n<h3><span class=\"ez-toc-section\" id=\"Does_the_use_of_Bitcoin_in_Blackjack_affect_game_anonymity\"><\/span>Blackjack'te Bitcoin kullan\u0131m\u0131 oyunun anonimli\u011fini etkiler mi?<span class=\"ez-toc-section-end\"><\/span><\/h3>\n<p>Bitcoin ile Blackjack oynamak, i\u015flemler ki\u015fisel finansal bilgiler gerektirmedi\u011finden daha fazla anonimlik sunabilir. Ancak oyuncular, platform politikalar\u0131 veya d\u00fczenleyici gereklilikler nedeniyle tam anonimli\u011fin garanti edilemeyebilece\u011fini unutmamal\u0131d\u0131r.<\/p>\n<h3><span class=\"ez-toc-section\" id=\"Are_there_any_variations_in_game_rules_for_Blackjack_when_playing_with_Bitcoin\"><\/span>Bitcoin ile oynarken Blackjack i\u00e7in oyun kurallar\u0131nda herhangi bir de\u011fi\u015fiklik var m\u0131?<span class=\"ez-toc-section-end\"><\/span><\/h3>\n<p>Blackjack'in temel kurallar\u0131 Bitcoin Blackjack'te de\u011fi\u015fmeden kal\u0131r. Oyuncular, toplam 21'i a\u015fmadan ona yakla\u015farak krupiyeyi yenmeyi hedefler. Bununla birlikte, baz\u0131 Bitcoin casinolar\u0131 kendi platformlar\u0131na \u00f6zg\u00fc benzersiz varyasyonlar veya yan bahisler sunabilir.<\/p>\n<h3><span class=\"ez-toc-section\" id=\"How_do_the_odds_or_payouts_differ_in_Bitcoin_Blackjack_compared_to_regular_Blackjack\"><\/span>Bitcoin Blackjack'te oranlar veya \u00f6demeler normal Blackjack'e k\u0131yasla nas\u0131l farkl\u0131l\u0131k g\u00f6sterir?<span class=\"ez-toc-section-end\"><\/span><\/h3>\n<p>Bitcoin Blackjack'teki oranlar ve \u00f6demeler genellikle standart casino uygulamalar\u0131na ba\u011fl\u0131 kalarak geleneksel Blackjack ile ayn\u0131d\u0131r. Ancak, Bitcoin casinolar\u0131 oyuncular\u0131 kripto para kullanmaya ikna etmek i\u00e7in daha cazip oranlar veya bonus \u00f6demeleri sunabilir.<\/p>\n<h3><span class=\"ez-toc-section\" id=\"What_security_measures_are_unique_to_Bitcoin_Blackjack_games\"><\/span>Bitcoin Blackjack oyunlar\u0131na \u00f6zg\u00fc g\u00fcvenlik \u00f6nlemleri nelerdir?<span class=\"ez-toc-section-end\"><\/span><\/h3>\n<p>Bitcoin Blackjack, merkezi olmayan i\u015flem do\u011frulamas\u0131 ve geli\u015fmi\u015f g\u00fcvenlik sa\u011flayan blok zinciri teknolojisini i\u00e7erir. Baz\u0131 casinolar, oyuncular\u0131n her elin oynand\u0131ktan sonra adilli\u011fini do\u011frulamas\u0131na olanak tan\u0131yan kan\u0131tlanabilir adil algoritmalar da sunar.<\/p>\n<h3><span class=\"ez-toc-section\" id=\"Can_Bitcoin_Blackjack_be_played_from_regions_where_traditional_online_gambling_is_restricted\"><\/span>Bitcoin Blackjack geleneksel \u00e7evrimi\u00e7i kumar\u0131n k\u0131s\u0131tl\u0131 oldu\u011fu b\u00f6lgelerden oynanabilir mi?<span class=\"ez-toc-section-end\"><\/span><\/h3>\n<p>Bitcoin Blackjack'e bazen Bitcoin'nin merkezi olmayan yap\u0131s\u0131 nedeniyle geleneksel \u00e7evrimi\u00e7i kumar\u0131n k\u0131s\u0131tlamalarla kar\u015f\u0131la\u015ft\u0131\u011f\u0131 yarg\u0131 b\u00f6lgelerinden eri\u015filebilir. Ancak, d\u00fczenlemeler b\u00fcy\u00fck \u00f6l\u00e7\u00fcde de\u011fi\u015febilece\u011finden ve zaman i\u00e7inde de\u011fi\u015febilece\u011finden, oyuncular yerel yasalar\u0131n fark\u0131nda olmal\u0131d\u0131r.<\/p>","protected":false},"excerpt":{"rendered":"<p>Sorumluluk Reddi: Kumar \u00f6nemli finansal riskler i\u00e7erir. L\u00fctfen sadece kaybetmeyi g\u00f6ze alabilece\u011finiz parayla kumar oynay\u0131n. A\u015fa\u011f\u0131da verilen bilgiler sadece bilgilendirme ama\u00e7l\u0131d\u0131r. A\u015fa\u011f\u0131daki casinolardan herhangi birine kaydolur ve para kaybederseniz bize bir komisyon \u00f6denebilir. T\u00fcm casinolar t\u00fcm \u00fclkelerde mevcut de\u011fildir. T\u00fcm bilgiler biz [...]<\/p>","protected":false},"author":1,"featured_media":4586,"parent":4440,"menu_order":0,"comment_status":"closed","ping_status":"closed","template":"","meta":{"_genesis_hide_title":false,"_genesis_hide_breadcrumbs":false,"_genesis_hide_singular_image":false,"_genesis_hide_footer_widgets":false,"_genesis_custom_body_class":"","_genesis_custom_post_class":"","_genesis_layout":"","_glsr_average":0,"_glsr_ranking":0,"_glsr_reviews":0,"footnotes":""},"class_list":{"0":"post-4585","1":"page","2":"type-page","3":"status-publish","4":"has-post-thumbnail","6":"entry"},"featured_image_src":"https:\/\/coinkickoff.com\/wp-content\/uploads\/v2-3dgvp-hoj5o-600x400.jpg","featured_image_src_square":"https:\/\/coinkickoff.com\/wp-content\/uploads\/v2-3dgvp-hoj5o-600x600.jpg","_links":{"self":[{"href":"https:\/\/coinkickoff.com\/tr\/wp-json\/wp\/v2\/pages\/4585","targetHints":{"allow":["GET"]}}],"collection":[{"href":"https:\/\/coinkickoff.com\/tr\/wp-json\/wp\/v2\/pages"}],"about":[{"href":"https:\/\/coinkickoff.com\/tr\/wp-json\/wp\/v2\/types\/page"}],"author":[{"embeddable":true,"href":"https:\/\/coinkickoff.com\/tr\/wp-json\/wp\/v2\/users\/1"}],"replies":[{"embeddable":true,"href":"https:\/\/coinkickoff.com\/tr\/wp-json\/wp\/v2\/comments?post=4585"}],"version-history":[{"count":3,"href":"https:\/\/coinkickoff.com\/tr\/wp-json\/wp\/v2\/pages\/4585\/revisions"}],"predecessor-version":[{"id":4592,"href":"https:\/\/coinkickoff.com\/tr\/wp-json\/wp\/v2\/pages\/4585\/revisions\/4592"}],"up":[{"embeddable":true,"href":"https:\/\/coinkickoff.com\/tr\/wp-json\/wp\/v2\/pages\/4440"}],"wp:featuredmedia":[{"embeddable":true,"href":"https:\/\/coinkickoff.com\/tr\/wp-json\/wp\/v2\/media\/4586"}],"wp:attachment":[{"href":"https:\/\/coinkickoff.com\/tr\/wp-json\/wp\/v2\/media?parent=4585"}],"curies":[{"name":"wp","href":"https:\/\/api.w.org\/{rel}","templated":true}]}}