{"id":4575,"date":"2026-01-08T14:08:04","date_gmt":"2026-01-08T14:08:04","guid":{"rendered":"https:\/\/coinkickoff.com\/?page_id=4575"},"modified":"2026-01-08T14:08:04","modified_gmt":"2026-01-08T14:08:04","slug":"how-are-bitcoin-casinos-different","status":"publish","type":"page","link":"https:\/\/coinkickoff.com\/tr\/bitcoin-casino\/how-are-bitcoin-casinos-different\/","title":{"rendered":"Bitcoin Kumarhanelerinin Geleneksel Kumarhanelerden Fark\u0131 Nedir?"},"content":{"rendered":"<p><em>Sorumluluk Reddi: Kumar \u00f6nemli finansal riskler i\u00e7erir. L\u00fctfen sadece kaybetmeyi g\u00f6ze alabilece\u011finiz parayla kumar oynay\u0131n. A\u015fa\u011f\u0131da verilen bilgiler sadece bilgilendirme ama\u00e7l\u0131d\u0131r. A\u015fa\u011f\u0131dakilerden herhangi birine kaydolur ve para kaybederseniz bize bir komisyon \u00f6denebilir <a href=\"https:\/\/coinkickoff.com\/tr\/bitcoin-casino\/\" data-internallinksmanager029f6b8e52c=\"200\" title=\"3 Bonuslu En \u0130yi Bitcoin Kripto Kumarhaneleri\">kumarhaneler<\/a>. T\u00fcm kumarhaneler t\u00fcm \u00fclkelerde mevcut de\u011fildir. T\u00fcm bilgilerin yay\u0131nland\u0131\u011f\u0131 tarihte do\u011fru oldu\u011funa inan\u0131yoruz, ancak o zamandan beri de\u011fi\u015fmi\u015f olabilir.<\/em><\/p>\n<div id=\"ez-toc-container\" class=\"ez-toc-v2_0_80 counter-hierarchy ez-toc-counter ez-toc-transparent ez-toc-container-direction\">\n<div class=\"ez-toc-title-container\">\n<p class=\"ez-toc-title\" style=\"cursor:inherit\">B\u00f6l\u00fcmler<\/p>\n<span class=\"ez-toc-title-toggle\"><a href=\"#\" class=\"ez-toc-pull-right ez-toc-btn ez-toc-btn-xs ez-toc-btn-default ez-toc-toggle\" aria-label=\"\u0130\u00e7indekiler Tablosunu A\u00e7\/Kapat\"><span class=\"ez-toc-js-icon-con\"><span class=\"\"><span class=\"eztoc-hide\" style=\"display:none;\">Ge\u00e7i\u015f<\/span><span class=\"ez-toc-icon-toggle-span\"><svg style=\"fill: #999;color:#999\" xmlns=\"http:\/\/www.w3.org\/2000\/svg\" class=\"list-377408\" width=\"20px\" height=\"20px\" viewbox=\"0 0 24 24\" fill=\"none\"><path d=\"M6 6H4v2h2V6zm14 0H8v2h12V6zM4 11h2v2H4v-2zm16 0H8v2h12v-2zM4 16h2v2H4v-2zm16 0H8v2h12v-2z\" fill=\"currentColor\"><\/path><\/svg><svg style=\"fill: #999;color:#999\" class=\"arrow-unsorted-368013\" xmlns=\"http:\/\/www.w3.org\/2000\/svg\" width=\"10px\" height=\"10px\" viewbox=\"0 0 24 24\" version=\"1.2\" baseprofile=\"tiny\"><path d=\"M18.2 9.3l-6.2-6.3-6.2 6.3c-.2.2-.3.4-.3.7s.1.5.3.7c.2.2.4.3.7.3h11c.3 0 .5-.1.7-.3.2-.2.3-.5.3-.7s-.1-.5-.3-.7zM5.8 14.7l6.2 6.3 6.2-6.3c.2-.2.3-.5.3-.7s-.1-.5-.3-.7c-.2-.2-.4-.3-.7-.3h-11c-.3 0-.5.1-.7.3-.2.2-.3.5-.3.7s.1.5.3.7z\"\/><\/svg><\/span><\/span><\/span><\/a><\/span><\/div>\n<nav><ul class='ez-toc-list ez-toc-list-level-1 eztoc-toggle-hide-by-default' ><li class='ez-toc-page-1 ez-toc-heading-level-2'><a class=\"ez-toc-link ez-toc-heading-1\" href=\"https:\/\/coinkickoff.com\/tr\/bitcoin-casino\/how-are-bitcoin-casinos-different\/#Fundamental_Differences_Between_Bitcoin_and_Traditional_Casinos\" >Bitcoin ve Geleneksel Kumarhaneler Aras\u0131ndaki Temel Farklar<\/a><ul class='ez-toc-list-level-3' ><li class='ez-toc-heading-level-3'><a class=\"ez-toc-link ez-toc-heading-2\" href=\"https:\/\/coinkickoff.com\/tr\/bitcoin-casino\/how-are-bitcoin-casinos-different\/#Currency_Used_for_Transactions\" >\u0130\u015flemlerde Kullan\u0131lan Para Birimi<\/a><\/li><li class='ez-toc-page-1 ez-toc-heading-level-3'><a class=\"ez-toc-link ez-toc-heading-3\" href=\"https:\/\/coinkickoff.com\/tr\/bitcoin-casino\/how-are-bitcoin-casinos-different\/#Operational_Transparency\" >Operasyonel \u015eeffafl\u0131k<\/a><\/li><li class='ez-toc-page-1 ez-toc-heading-level-3'><a class=\"ez-toc-link ez-toc-heading-4\" href=\"https:\/\/coinkickoff.com\/tr\/bitcoin-casino\/how-are-bitcoin-casinos-different\/#Legal_and_Regulatory_Landscape\" >Yasal ve D\u00fczenleyici Ortam<\/a><\/li><\/ul><\/li><li class='ez-toc-page-1 ez-toc-heading-level-2'><a class=\"ez-toc-link ez-toc-heading-5\" href=\"https:\/\/coinkickoff.com\/tr\/bitcoin-casino\/how-are-bitcoin-casinos-different\/#Technological_Aspects_of_Bitcoin_Casinos\" >Bitcoin Kumarhanelerin Teknolojik Y\u00f6nleri<\/a><ul class='ez-toc-list-level-3' ><li class='ez-toc-heading-level-3'><a class=\"ez-toc-link ez-toc-heading-6\" href=\"https:\/\/coinkickoff.com\/tr\/bitcoin-casino\/how-are-bitcoin-casinos-different\/#Blockchain_Technology_Implementation\" >Blockchain Teknolojisi Uygulamas\u0131<\/a><\/li><li class='ez-toc-page-1 ez-toc-heading-level-3'><a class=\"ez-toc-link ez-toc-heading-7\" href=\"https:\/\/coinkickoff.com\/tr\/bitcoin-casino\/how-are-bitcoin-casinos-different\/#Provably_Fair_Gaming_Mechanisms\" >Kan\u0131tlanabilir Adil Oyun Mekanizmalar\u0131<\/a><\/li><li class='ez-toc-page-1 ez-toc-heading-level-3'><a class=\"ez-toc-link ez-toc-heading-8\" href=\"https:\/\/coinkickoff.com\/tr\/bitcoin-casino\/how-are-bitcoin-casinos-different\/#Anonymity_and_Security_Features\" >Anonimlik ve G\u00fcvenlik \u00d6zellikleri<\/a><\/li><\/ul><\/li><li class='ez-toc-page-1 ez-toc-heading-level-2'><a class=\"ez-toc-link ez-toc-heading-9\" href=\"https:\/\/coinkickoff.com\/tr\/bitcoin-casino\/how-are-bitcoin-casinos-different\/#User_Experience_in_Bitcoin_versus_Regular_Casinos\" >Bitcoin ve Normal Kumarhanelerde Kullan\u0131c\u0131 Deneyimi<\/a><ul class='ez-toc-list-level-3' ><li class='ez-toc-heading-level-3'><a class=\"ez-toc-link ez-toc-heading-10\" href=\"https:\/\/coinkickoff.com\/tr\/bitcoin-casino\/how-are-bitcoin-casinos-different\/#Account_Funding_and_Withdrawal_Process\" >Hesap Fonlama ve Para \u00c7ekme S\u00fcreci<\/a><\/li><li class='ez-toc-page-1 ez-toc-heading-level-3'><a class=\"ez-toc-link ez-toc-heading-11\" href=\"https:\/\/coinkickoff.com\/tr\/bitcoin-casino\/how-are-bitcoin-casinos-different\/#Bonuses_and_Incentives\" >\u0130kramiyeler ve Te\u015fvikler<\/a><\/li><li class='ez-toc-page-1 ez-toc-heading-level-3'><a class=\"ez-toc-link ez-toc-heading-12\" href=\"https:\/\/coinkickoff.com\/tr\/bitcoin-casino\/how-are-bitcoin-casinos-different\/#Geographical_Accessibility_and_Restrictions\" >Co\u011frafi Eri\u015filebilirlik ve K\u0131s\u0131tlamalar<\/a><\/li><\/ul><\/li><li class='ez-toc-page-1 ez-toc-heading-level-2'><a class=\"ez-toc-link ez-toc-heading-13\" href=\"https:\/\/coinkickoff.com\/tr\/bitcoin-casino\/how-are-bitcoin-casinos-different\/#Frequently_Asked_Questions\" >S\u0131k\u00e7a Sorulan Sorular<\/a><ul class='ez-toc-list-level-3' ><li class='ez-toc-heading-level-3'><a class=\"ez-toc-link ez-toc-heading-14\" href=\"https:\/\/coinkickoff.com\/tr\/bitcoin-casino\/how-are-bitcoin-casinos-different\/#What_factors_make_crypto_casinos_more_advantageous_than_traditional_ones\" >Kripto casinolar\u0131 geleneksel casinolardan daha avantajl\u0131 k\u0131lan fakt\u00f6rler nelerdir?<\/a><\/li><li class='ez-toc-page-1 ez-toc-heading-level-3'><a class=\"ez-toc-link ez-toc-heading-15\" href=\"https:\/\/coinkickoff.com\/tr\/bitcoin-casino\/how-are-bitcoin-casinos-different\/#Are_there_any_risks_associated_with_using_Bitcoin_for_online_gambling\" >\u00c7evrimi\u00e7i kumar i\u00e7in Bitcoin kullanman\u0131n herhangi bir riski var m\u0131?<\/a><\/li><li class='ez-toc-page-1 ez-toc-heading-level-3'><a class=\"ez-toc-link ez-toc-heading-16\" href=\"https:\/\/coinkickoff.com\/tr\/bitcoin-casino\/how-are-bitcoin-casinos-different\/#How_do_the_security_measures_in_Bitcoin_casinos_compare_to_those_in_traditional_casinos\" >Bitcoin kumarhanelerindeki g\u00fcvenlik \u00f6nlemleri geleneksel kumarhanelerdekilere k\u0131yasla nas\u0131ld\u0131r?<\/a><\/li><li class='ez-toc-page-1 ez-toc-heading-level-3'><a class=\"ez-toc-link ez-toc-heading-17\" href=\"https:\/\/coinkickoff.com\/tr\/bitcoin-casino\/how-are-bitcoin-casinos-different\/#Can_players_expect_provably_fair_gaming_in_Bitcoin_casinos\" >Oyuncular Bitcoin casinolar\u0131nda kan\u0131tlanabilir \u015fekilde adil bir oyun bekleyebilir mi?<\/a><\/li><li class='ez-toc-page-1 ez-toc-heading-level-3'><a class=\"ez-toc-link ez-toc-heading-18\" href=\"https:\/\/coinkickoff.com\/tr\/bitcoin-casino\/how-are-bitcoin-casinos-different\/#What_are_the_unique_benefits_of_gambling_with_Bitcoin\" >Bitcoin ile kumar oynaman\u0131n benzersiz faydalar\u0131 nelerdir?<\/a><\/li><li class='ez-toc-page-1 ez-toc-heading-level-3'><a class=\"ez-toc-link ez-toc-heading-19\" href=\"https:\/\/coinkickoff.com\/tr\/bitcoin-casino\/how-are-bitcoin-casinos-different\/#How_does_the_regulatory_landscape_for_Bitcoin_casinos_differ_from_traditional_gambling_venues\" >Bitcoin kumarhaneleri i\u00e7in d\u00fczenleyici ortam\u0131n geleneksel kumar mekanlar\u0131ndan fark\u0131 nedir?<\/a><\/li><\/ul><\/li><\/ul><\/nav><\/div>\n<h2><span class=\"ez-toc-section\" id=\"Fundamental_Differences_Between_Bitcoin_and_Traditional_Casinos\"><\/span>Bitcoin ve Geleneksel Kumarhaneler Aras\u0131ndaki Temel Farklar<span class=\"ez-toc-section-end\"><\/span><\/h2>\n<p><img decoding=\"async\" src=\"https:\/\/coinkickoff.com\/wp-content\/uploads\/v2-3dgrx-7h0pa.jpg\" alt=\"\"><\/p>\n<p><a href=\"https:\/\/coinkickoff.com\/tr\/bitcoin-btc\/\" data-internallinksmanager029f6b8e52c=\"1\" title=\"Bitcoin (BTC) Nedir? Fiyat, Tarih\u00e7e ve Nereden Al\u0131n\u0131r\">Bitcoin<\/a> kumarhaneler ve geleneksel kumarhaneler temel olarak para birimi, \u015feffafl\u0131k d\u00fczeyleri ve i\u00e7inde faaliyet g\u00f6sterdikleri d\u00fczenleyici ortamlar a\u00e7\u0131s\u0131ndan farkl\u0131l\u0131k g\u00f6stermektedir.<\/p>\n<h3><span class=\"ez-toc-section\" id=\"Currency_Used_for_Transactions\"><\/span>\u0130\u015flemlerde Kullan\u0131lan Para Birimi<span class=\"ez-toc-section-end\"><\/span><\/h3>\n<p><strong>Bitcoin Kumarhaneler:<\/strong> \u0130\u015flemler Bitcoin gibi kripto para birimleri kullan\u0131larak ger\u00e7ekle\u015ftirilir, <a href=\"https:\/\/coinkickoff.com\/tr\/ethereum-eth\/\" data-internallinksmanager029f6b8e52c=\"2\" title=\"Ethereum (ETH) Nedir? Fiyat, Tarih\u00e7e ve Nereden Al\u0131n\u0131r\">Ethereum<\/a>veya di\u011fer altcoins. Bu dijital para birimleri, itibari para birimlerine k\u0131yasla genellikle daha d\u00fc\u015f\u00fck \u00fccretler ve daha h\u0131zl\u0131 i\u015flem s\u00fcreleri ile anonim i\u015flemleri kolayla\u015ft\u0131r\u0131r.<\/p>\n<ul>\n<li><strong>Anonimlik:<\/strong> Kullan\u0131c\u0131lar ki\u015fisel bilgilerini if\u015fa etmeden i\u015flem yapabilirler.<\/li>\n<li><strong>\u00dccretler:<\/strong> Genellikle kredi kartlar\u0131 veya banka havaleleri ile ili\u015fkili olanlardan daha d\u00fc\u015f\u00fckt\u00fcr.<\/li>\n<li><strong>H\u0131z:<\/strong> \u0130\u015flemler h\u0131zl\u0131 bir \u015fekilde, bazen dakikalar i\u00e7inde ger\u00e7ekle\u015ftirilir.<\/li>\n<\/ul>\n<p><strong>Geleneksel Kumarhaneler:<\/strong> Bu kurulu\u015flar genellikle t\u00fcm i\u015flemler i\u00e7in USD, EUR veya GBP gibi fiat para birimleri kullan\u0131r. Bu geleneksel bankac\u0131l\u0131k, ayr\u0131nt\u0131l\u0131 kay\u0131t tutma ve kimlik do\u011frulama s\u00fcre\u00e7lerini i\u00e7erir.<\/p>\n<ul>\n<li><strong>Ki\u015fisel Veriler:<\/strong> \u0130\u015flemler ki\u015fisel bilgilerin if\u015fa edilmesini gerektirir.<\/li>\n<li><strong>\u00dccretler:<\/strong> \u0130\u015flemler i\u00e7in daha y\u00fcksek \u00fccretler uygulanabilir.<\/li>\n<li><strong>\u0130\u015flem S\u00fcreleri:<\/strong> Paran\u0131n transfer edilmesi veya \u00e7ekilmesi g\u00fcnler s\u00fcrebilir.<\/li>\n<\/ul>\n<h3><span class=\"ez-toc-section\" id=\"Operational_Transparency\"><\/span>Operasyonel \u015eeffafl\u0131k<span class=\"ez-toc-section-end\"><\/span><\/h3>\n<p><strong>Bitcoin Kumarhaneler:<\/strong> Kripto para birimi i\u015flemlerinin temelini olu\u015fturan blok zinciri teknolojisi nedeniyle daha y\u00fcksek derecede \u015feffafl\u0131k sunma e\u011filimindedirler. Blok zinciri halka a\u00e7\u0131k, de\u011fi\u015fmez bir <a href=\"https:\/\/coinkickoff.com\/tr\/what-is-ledger-wallet\/\" data-internallinksmanager029f6b8e52c=\"167\" title=\"Ledger C\u00fczdan \u0130ncelemeleri 2023: \u00dccretler, \u00d6zellikler, G\u00fcvenlik, Art\u0131lar\u0131 ve Eksileri\">Defter<\/a>B\u00f6ylece i\u015flem ge\u00e7mi\u015fi kolayca eri\u015filebilir ve denetlenebilir hale gelir.<\/p>\n<ul>\n<li><strong>Provably Fair:<\/strong> Baz\u0131 Bitcoin casinolar\u0131, oyuncular\u0131n her oyun sonucunun adilli\u011fini do\u011frulamas\u0131na olanak tan\u0131yan \"Provably Fair\" algoritmalar\u0131n\u0131 kullan\u0131r.<\/li>\n<\/ul>\n<p><strong>Geleneksel Kumarhaneler:<\/strong> \u015eeffafl\u0131k oyun otoriteleri taraf\u0131ndan d\u00fczenlenir, ancak i\u00e7 i\u015fleyi\u015f ve oyun algoritmalar\u0131 genellikle kamu denetimi veya do\u011frulamas\u0131 i\u00e7in eri\u015filebilir de\u011fildir.<\/p>\n<ul>\n<li><strong>D\u00fczenlenmi\u015f Adalet:<\/strong> Oyun adaleti d\u00fczenleyici kurumlar taraf\u0131ndan onaylanm\u0131\u015ft\u0131r, ancak yaz\u0131l\u0131m\u0131n ayr\u0131nt\u0131l\u0131 mekanizmalar\u0131 kamuya a\u00e7\u0131klanmam\u0131\u015ft\u0131r.<\/li>\n<\/ul>\n<h3><span class=\"ez-toc-section\" id=\"Legal_and_Regulatory_Landscape\"><\/span>Yasal ve D\u00fczenleyici Ortam<span class=\"ez-toc-section-end\"><\/span><\/h3>\n<p><strong>Bitcoin Kumarhaneler:<\/strong> H\u0131zla geli\u015fen bir d\u00fczenleyici \u00e7er\u00e7evede faaliyet g\u00f6stermektedirler. Bir\u00e7ok b\u00f6lge, kripto paralar\u0131n kumarda kullan\u0131m\u0131n\u0131 d\u00fczenleyen net bir mevzuat\u0131 hen\u00fcz tan\u0131mlamam\u0131\u015ft\u0131r ve bu da uyumluluk gerekliliklerinin yamal\u0131 boh\u00e7aya d\u00f6nmesine neden olmaktad\u0131r.<\/p>\n<ul>\n<li><strong>De\u011fi\u015fken D\u00fczenleme:<\/strong> Yasal stat\u00fc h\u0131zla de\u011fi\u015febilir ve uyumluluk yarg\u0131 yetkisine g\u00f6re de\u011fi\u015fir.<\/li>\n<li><strong>K\u00fcresel Eri\u015fim:<\/strong> Yerel yasalara ba\u011fl\u0131 olarak genellikle d\u00fcnya \u00e7ap\u0131nda eri\u015filebilir.<\/li>\n<\/ul>\n<p><strong>Geleneksel Kumarhaneler:<\/strong> D\u00fcnya \u00e7ap\u0131nda yerle\u015fik h\u00fck\u00fcmet organlar\u0131 taraf\u0131ndan s\u0131k\u0131 bir d\u00fczenleme alt\u0131ndad\u0131r. Ruhsatland\u0131rma, operasyonel uygulamalar ve finansal raporlamay\u0131 d\u00fczenleyen s\u0131k\u0131 yasa ve y\u00f6netmeliklere tabidirler.<\/p>\n<ul>\n<li><strong>S\u0131k\u0131 G\u00f6zetim:<\/strong> \u00c7ok say\u0131da yasal ve mali d\u00fczenlemeye uyum zorunludur.<\/li>\n<li><strong>Co\u011frafi S\u0131n\u0131rlamalar:<\/strong> Tipik olarak ruhsatland\u0131rma makamlar\u0131n\u0131n yetki alan\u0131 dahilinde faaliyet g\u00f6stermekle y\u00fck\u00fcml\u00fcd\u00fcrler.<\/li>\n<\/ul>\n<h2><span class=\"ez-toc-section\" id=\"Technological_Aspects_of_Bitcoin_Casinos\"><\/span>Bitcoin Kumarhanelerin Teknolojik Y\u00f6nleri<span class=\"ez-toc-section-end\"><\/span><\/h2>\n<p><img decoding=\"async\" src=\"https:\/\/coinkickoff.com\/wp-content\/uploads\/v2-3dgss-o0d7k.jpg\" alt=\"\"><\/p>\n<p>Bitcoin casinolar\u0131, geli\u015fmi\u015f g\u00fcvenlik, adalet ve \u015feffafl\u0131k sunan ileri teknoloji ile kendilerini farkl\u0131la\u015ft\u0131rmaktad\u0131r. Bu teknolojik \u00fcst\u00fcnl\u00fck, i\u015flemleri nas\u0131l ele ald\u0131klar\u0131, adaleti nas\u0131l do\u011frulad\u0131klar\u0131 ve gizlili\u011fi nas\u0131l koruduklar\u0131 konusunda belirgindir.<\/p>\n<h3><span class=\"ez-toc-section\" id=\"Blockchain_Technology_Implementation\"><\/span>Blockchain Teknolojisi Uygulamas\u0131<span class=\"ez-toc-section-end\"><\/span><\/h3>\n<p><strong>Bitcoin kumarhaneleri<\/strong> kripto para birimi i\u015flemlerini kolayla\u015ft\u0131rmak i\u00e7in blockchain teknolojisini kullan\u0131r. Bu <strong>blok zinciri<\/strong> bir bilgisayar a\u011f\u0131ndaki t\u00fcm i\u015flemleri kaydeden merkezi olmayan bir defterdir. Bu \u015funlar\u0131 sa\u011flar:<\/p>\n<ul>\n<li><strong>\u0130\u015flemler<\/strong> vard\u0131r <strong>\u015feffaf<\/strong> ve <strong>de\u011fi\u015fmez<\/strong>.<\/li>\n<li>Oyuncular para yat\u0131rabilir ve \u00e7ekebilir <strong>bitcoins<\/strong> do\u011frudan, <strong>\u00fc\u00e7\u00fcnc\u00fc taraf bankac\u0131l\u0131k kurumlar\u0131na olan ihtiyac\u0131 ortadan kald\u0131rmak<\/strong>.<\/li>\n<\/ul>\n<h3><span class=\"ez-toc-section\" id=\"Provably_Fair_Gaming_Mechanisms\"><\/span>Kan\u0131tlanabilir Adil Oyun Mekanizmalar\u0131<span class=\"ez-toc-section-end\"><\/span><\/h3>\n<p>Kan\u0131tlanabilir adil oyun, Bitcoin casinolar\u0131n\u0131n ay\u0131rt edici \u00f6zelli\u011fidir. Bu sistem, her oyunun adil olmas\u0131n\u0131 sa\u011flamak i\u00e7in kriptografik algoritmalar kullan\u0131r. \u00d6nemli noktalar \u015funlard\u0131r:<\/p>\n<ul>\n<li>Oyuncular\u0131n \u015funlar\u0131 yapmas\u0131n\u0131 sa\u011flar <strong>rastgeleli\u011fi do\u011frulay\u0131n<\/strong> oyun sonu\u00e7lar\u0131n\u0131n.<\/li>\n<li>Kumarhaneler bir <strong>karma anahtar<\/strong> Bu da oyunun adilli\u011fini do\u011frulamak i\u00e7in oyun sonras\u0131 analiz edilebilir.<\/li>\n<\/ul>\n<h3><span class=\"ez-toc-section\" id=\"Anonymity_and_Security_Features\"><\/span>Anonimlik ve G\u00fcvenlik \u00d6zellikleri<span class=\"ez-toc-section-end\"><\/span><\/h3>\n<p>Bitcoin kumarhaneleri daha fazla <strong>anonimlik<\/strong> ve <strong>g\u00fcvenlik<\/strong>. Hem oyuncunun kimli\u011fini hem de fonlar\u0131n\u0131 koruyan \u00e7e\u015fitli \u00f6zellikler uygularlar, \u00f6rne\u011fin:<\/p>\n<ul>\n<li><strong>\u0130ki fakt\u00f6rl\u00fc kimlik do\u011frulama (2FA)<\/strong> kullan\u0131c\u0131 hesaplar\u0131n\u0131n g\u00fcvenli\u011fini sa\u011flamak i\u00e7in.<\/li>\n<li><strong>Minimum ki\u015fisel bilgi<\/strong> hesap olu\u015fturma i\u00e7in gerekli, kullan\u0131c\u0131y\u0131 korumak <strong>anonimlik<\/strong>.<\/li>\n<\/ul>\n<h2><span class=\"ez-toc-section\" id=\"User_Experience_in_Bitcoin_versus_Regular_Casinos\"><\/span>Bitcoin ve Normal Kumarhanelerde Kullan\u0131c\u0131 Deneyimi<span class=\"ez-toc-section-end\"><\/span><\/h2>\n<p><img decoding=\"async\" src=\"https:\/\/coinkickoff.com\/wp-content\/uploads\/v2-3dgt7-n76he.jpg\" alt=\"\"><\/p>\n<p>Bitcoin casinolar\u0131ndaki kullan\u0131c\u0131 deneyimi, \u00f6zellikle hesap y\u00f6netimi, bonuslar ve k\u00fcresel eri\u015filebilirlik a\u00e7\u0131s\u0131ndan geleneksel casinolara k\u0131yasla farkl\u0131 \u00f6zellikler sunar.<\/p>\n<h3><span class=\"ez-toc-section\" id=\"Account_Funding_and_Withdrawal_Process\"><\/span>Hesap Fonlama ve Para \u00c7ekme S\u00fcreci<span class=\"ez-toc-section-end\"><\/span><\/h3>\n<p>Bitcoin casinolar\u0131 kullan\u0131c\u0131lar\u0131n \u015funlar\u0131 yapmas\u0131na olanak tan\u0131r <strong>hesaplar\u0131na fon sa\u011flamak<\/strong> do\u011frudan kripto para birimleri kullanarak, tipik olarak <em>daha h\u0131zl\u0131 i\u015flem s\u00fcreleri<\/em> ve <em>daha d\u00fc\u015f\u00fck \u00fccretler<\/em> geleneksel bankac\u0131l\u0131k y\u00f6ntemlerine dayanan normal kumarhanelere g\u00f6re.<\/p>\n<p><strong>Para \u00e7ekme s\u00fcreleri<\/strong>tersine, ayn\u0131 zamanda genellikle <strong>daha h\u0131zl\u0131<\/strong> Bitcoin casinolar\u0131nda banka i\u015flem s\u00fcrelerine olan ihtiyac\u0131n ortadan kalkmas\u0131 nedeniyle. Bu casinolar genellikle bir <strong>an\u0131nda veya neredeyse an\u0131nda \u00f6deme<\/strong> kabiliyeti, normal kumarhanelerde s\u0131kl\u0131kla bulunan gecikmeli i\u015flem s\u00fcrelerinin aksine.<\/p>\n<h3><span class=\"ez-toc-section\" id=\"Bonuses_and_Incentives\"><\/span>\u0130kramiyeler ve Te\u015fvikler<span class=\"ez-toc-section-end\"><\/span><\/h3>\n<p>Yap\u0131s\u0131 <strong>i\u0307krami\u0307yeler ve te\u015fvi\u0307kler<\/strong> \u00f6nemli \u00f6l\u00e7\u00fcde de\u011fi\u015febilir. Bitcoin casinolar\u0131 sunabilir:<\/p>\n<ul>\n<li>Daha y\u00fcksek <strong>ho\u015f geldin bonuslar\u0131<\/strong><\/li>\n<li><strong>Sadakat \u00f6d\u00fclleri<\/strong> Bitcoin veya di\u011fer kripto para birimleri \u015feklinde<\/li>\n<\/ul>\n<p>Geleneksel casinolar genellikle \u00e7e\u015fitli bonuslar sa\u011flar, ancak dijital para birimlerinin daha d\u00fc\u015f\u00fck i\u015flem ve operasyonel maliyetleri nedeniyle Bitcoin casinolar\u0131nda bulunan kazan\u00e7l\u0131 tekliflerle e\u015fle\u015fmeyebilirler.<\/p>\n<h3><span class=\"ez-toc-section\" id=\"Geographical_Accessibility_and_Restrictions\"><\/span>Co\u011frafi Eri\u015filebilirlik ve K\u0131s\u0131tlamalar<span class=\"ez-toc-section-end\"><\/span><\/h3>\n<p>Bitcoin casinolar\u0131 genellikle bir <strong>daha y\u00fcksek derecede eri\u015filebilirlik<\/strong> \u00e7\u00fcnk\u00fc normal kumarhaneleri etkileyen ayn\u0131 d\u00fczenleyici k\u0131s\u0131tlamalara ba\u011fl\u0131 de\u011fildirler.<\/p>\n<ul>\n<li>Faaliyetleri <strong>\u00e7oklu yetki\u0307 alanlari<\/strong> yerel bankac\u0131l\u0131k altyap\u0131s\u0131na ihtiya\u00e7 duymadan<\/li>\n<li>\u015eu \u00fclkelerden oyuncu kabul ediliyor <strong>s\u0131k\u0131 kumar d\u00fczenlemeleri olan b\u00f6lgeler<\/strong>yerel yasalara tabidir<\/li>\n<\/ul>\n<p>Bununla birlikte, kullan\u0131c\u0131lar\u0131n <strong>yerel yasalar hakk\u0131nda bilgilendirilmi\u015f<\/strong> Bitcoin casinolar\u0131na eri\u015firken, daha geni\u015f eri\u015fimleriyle bile uyumlulu\u011fu sa\u011flamak i\u00e7in.<\/p>\n<h2><span class=\"ez-toc-section\" id=\"Frequently_Asked_Questions\"><\/span>S\u0131k\u00e7a Sorulan Sorular<span class=\"ez-toc-section-end\"><\/span><\/h2>\n<p><img decoding=\"async\" src=\"https:\/\/coinkickoff.com\/wp-content\/uploads\/v2-3dgtr-7frp8.jpg\" alt=\"\"><\/p>\n<p>Bu b\u00f6l\u00fcmde, Bitcoin kumarhaneleri ile geleneksel kumarhaneler aras\u0131ndaki farklara ili\u015fkin yayg\u0131n olarak sorulan sorular, ikisinin daha net anla\u015f\u0131lmas\u0131n\u0131 sa\u011flamak i\u00e7in ele al\u0131nmaktad\u0131r.<\/p>\n<h3><span class=\"ez-toc-section\" id=\"What_factors_make_crypto_casinos_more_advantageous_than_traditional_ones\"><\/span>Kripto casinolar\u0131 geleneksel casinolardan daha avantajl\u0131 k\u0131lan fakt\u00f6rler nelerdir?<span class=\"ez-toc-section-end\"><\/span><\/h3>\n<p>Kripto casinolar\u0131, an\u0131nda i\u015flemler ve d\u00fc\u015f\u00fck i\u015flem \u00fccretleri gibi benzersiz avantajlar sunar. Ayr\u0131ca, geleneksel casinolar\u0131n bankac\u0131l\u0131k ve ki\u015fisel bilgilere olan ba\u011f\u0131ml\u0131l\u0131klar\u0131 nedeniyle e\u015fle\u015femedi\u011fi kullan\u0131c\u0131lar i\u00e7in daha y\u00fcksek d\u00fczeyde bir anonimlik sa\u011flarlar.<\/p>\n<h3><span class=\"ez-toc-section\" id=\"Are_there_any_risks_associated_with_using_Bitcoin_for_online_gambling\"><\/span>\u00c7evrimi\u00e7i kumar i\u00e7in Bitcoin kullanman\u0131n herhangi bir riski var m\u0131?<span class=\"ez-toc-section-end\"><\/span><\/h3>\n<p>Kullan\u0131c\u0131lar Bitcoin'nin de\u011ferindeki y\u00fcksek dalgalanma ve bilgisayar korsanl\u0131\u011f\u0131 gibi potansiyel g\u00fcvenlik tehditleri gibi belirli risklerle kar\u015f\u0131 kar\u015f\u0131yad\u0131r. Ek olarak, d\u00fczenleme eksikli\u011fi hem \u00f6zg\u00fcrl\u00fck hem de risk sunarak iki ucu keskin bir k\u0131l\u0131\u00e7 olabilir.<\/p>\n<h3><span class=\"ez-toc-section\" id=\"How_do_the_security_measures_in_Bitcoin_casinos_compare_to_those_in_traditional_casinos\"><\/span>Bitcoin kumarhanelerindeki g\u00fcvenlik \u00f6nlemleri geleneksel kumarhanelerdekilere k\u0131yasla nas\u0131ld\u0131r?<span class=\"ez-toc-section-end\"><\/span><\/h3>\n<p>Bitcoin casinolar\u0131 tipik olarak geli\u015fmi\u015f \u015fifreleme teknolojileri uygular ve g\u00fcvenli blok zinciri a\u011flar\u0131 \u00fczerine in\u015fa edilir. Bu, farkl\u0131 risk t\u00fcrlerine kar\u015f\u0131 savunmas\u0131z olan geleneksel g\u00fcvenlik ve finansal sistemlere ba\u011fl\u0131 olan geleneksel kumarhanelerle tezat olu\u015fturmaktad\u0131r.<\/p>\n<h3><span class=\"ez-toc-section\" id=\"Can_players_expect_provably_fair_gaming_in_Bitcoin_casinos\"><\/span>Oyuncular Bitcoin casinolar\u0131nda kan\u0131tlanabilir \u015fekilde adil bir oyun bekleyebilir mi?<span class=\"ez-toc-section-end\"><\/span><\/h3>\n<p>Bir\u00e7ok Bitcoin casino, oyuncular\u0131n blockchain teknolojisi arac\u0131l\u0131\u011f\u0131yla her oyunun adilli\u011fini do\u011frulamas\u0131na olanak tan\u0131yan kan\u0131tlanabilir adil oyun sunar. Bu, geleneksel \u00e7evrimi\u00e7i kumar sitelerinin sa\u011flayamayabilece\u011fi bir \u015feffafl\u0131k d\u00fczeyidir.<\/p>\n<h3><span class=\"ez-toc-section\" id=\"What_are_the_unique_benefits_of_gambling_with_Bitcoin\"><\/span>Bitcoin ile kumar oynaman\u0131n benzersiz faydalar\u0131 nelerdir?<span class=\"ez-toc-section-end\"><\/span><\/h3>\n<p>Bitcoin ile kumar oynamak, blockchain teknolojisinin kullan\u0131m\u0131 sayesinde i\u015flemlerin gizli ve g\u00fcvenli kalmas\u0131n\u0131 sa\u011flar. Ayr\u0131ca, potansiyel olarak daha d\u00fc\u015f\u00fck \u00fccret avantaj\u0131 sunar ve oyuncular\u0131n co\u011frafi k\u0131s\u0131tlamalar olmaks\u0131z\u0131n kumar oynayabilmelerini sa\u011flar.<\/p>\n<h3><span class=\"ez-toc-section\" id=\"How_does_the_regulatory_landscape_for_Bitcoin_casinos_differ_from_traditional_gambling_venues\"><\/span>Bitcoin kumarhaneleri i\u00e7in d\u00fczenleyici ortam\u0131n geleneksel kumar mekanlar\u0131ndan fark\u0131 nedir?<span class=\"ez-toc-section-end\"><\/span><\/h3>\n<p>Bitcoin casinolar\u0131 genellikle daha d\u00fczensiz bir ortamda faaliyet g\u00f6sterir \u00e7\u00fcnk\u00fc kripto para birimleri bir\u00e7ok h\u00fck\u00fcmet taraf\u0131ndan resmi para birimi olarak tan\u0131nmaz. Bu durum, kat\u0131 d\u00fczenleyici \u00e7er\u00e7evelere tabi olan geleneksel kumarhanelerle tezat olu\u015fturmaktad\u0131r.<\/p>","protected":false},"excerpt":{"rendered":"<p>Sorumluluk Reddi: Kumar \u00f6nemli finansal riskler i\u00e7erir. L\u00fctfen sadece kaybetmeyi g\u00f6ze alabilece\u011finiz parayla kumar oynay\u0131n. A\u015fa\u011f\u0131da verilen bilgiler sadece bilgilendirme ama\u00e7l\u0131d\u0131r. A\u015fa\u011f\u0131daki casinolardan herhangi birine kaydolur ve para kaybederseniz bize bir komisyon \u00f6denebilir. T\u00fcm casinolar t\u00fcm \u00fclkelerde mevcut de\u011fildir. T\u00fcm bilgiler biz [...]<\/p>","protected":false},"author":1,"featured_media":4576,"parent":4440,"menu_order":0,"comment_status":"closed","ping_status":"closed","template":"","meta":{"_genesis_hide_title":false,"_genesis_hide_breadcrumbs":false,"_genesis_hide_singular_image":false,"_genesis_hide_footer_widgets":false,"_genesis_custom_body_class":"","_genesis_custom_post_class":"","_genesis_layout":"","_glsr_average":0,"_glsr_ranking":0,"_glsr_reviews":0,"footnotes":""},"class_list":{"0":"post-4575","1":"page","2":"type-page","3":"status-publish","4":"has-post-thumbnail","6":"entry"},"featured_image_src":"https:\/\/coinkickoff.com\/wp-content\/uploads\/v2-3dgrx-7h0pa-600x400.jpg","featured_image_src_square":"https:\/\/coinkickoff.com\/wp-content\/uploads\/v2-3dgrx-7h0pa-600x600.jpg","_links":{"self":[{"href":"https:\/\/coinkickoff.com\/tr\/wp-json\/wp\/v2\/pages\/4575","targetHints":{"allow":["GET"]}}],"collection":[{"href":"https:\/\/coinkickoff.com\/tr\/wp-json\/wp\/v2\/pages"}],"about":[{"href":"https:\/\/coinkickoff.com\/tr\/wp-json\/wp\/v2\/types\/page"}],"author":[{"embeddable":true,"href":"https:\/\/coinkickoff.com\/tr\/wp-json\/wp\/v2\/users\/1"}],"replies":[{"embeddable":true,"href":"https:\/\/coinkickoff.com\/tr\/wp-json\/wp\/v2\/comments?post=4575"}],"version-history":[{"count":3,"href":"https:\/\/coinkickoff.com\/tr\/wp-json\/wp\/v2\/pages\/4575\/revisions"}],"predecessor-version":[{"id":4582,"href":"https:\/\/coinkickoff.com\/tr\/wp-json\/wp\/v2\/pages\/4575\/revisions\/4582"}],"up":[{"embeddable":true,"href":"https:\/\/coinkickoff.com\/tr\/wp-json\/wp\/v2\/pages\/4440"}],"wp:featuredmedia":[{"embeddable":true,"href":"https:\/\/coinkickoff.com\/tr\/wp-json\/wp\/v2\/media\/4576"}],"wp:attachment":[{"href":"https:\/\/coinkickoff.com\/tr\/wp-json\/wp\/v2\/media?parent=4575"}],"curies":[{"name":"wp","href":"https:\/\/api.w.org\/{rel}","templated":true}]}}