{"id":4404,"date":"2026-01-08T14:07:11","date_gmt":"2026-01-08T14:07:11","guid":{"rendered":"https:\/\/coinkickoff.com\/?page_id=4404"},"modified":"2026-01-08T14:07:11","modified_gmt":"2026-01-08T14:07:11","slug":"how-to-buy-litecoin-on-kucoin","status":"publish","type":"page","link":"https:\/\/coinkickoff.com\/tr\/how-to-buy-litecoin\/how-to-buy-litecoin-on-kucoin\/","title":{"rendered":"Kucoin'de Litecoin Nas\u0131l Sat\u0131n Al\u0131n\u0131r"},"content":{"rendered":"<div id=\"ez-toc-container\" class=\"ez-toc-v2_0_80 counter-hierarchy ez-toc-counter ez-toc-transparent ez-toc-container-direction\">\n<div class=\"ez-toc-title-container\">\n<p class=\"ez-toc-title\" style=\"cursor:inherit\">B\u00f6l\u00fcmler<\/p>\n<span class=\"ez-toc-title-toggle\"><a href=\"#\" class=\"ez-toc-pull-right ez-toc-btn ez-toc-btn-xs ez-toc-btn-default ez-toc-toggle\" aria-label=\"\u0130\u00e7indekiler Tablosunu A\u00e7\/Kapat\"><span class=\"ez-toc-js-icon-con\"><span class=\"\"><span class=\"eztoc-hide\" style=\"display:none;\">Ge\u00e7i\u015f<\/span><span class=\"ez-toc-icon-toggle-span\"><svg style=\"fill: #999;color:#999\" xmlns=\"http:\/\/www.w3.org\/2000\/svg\" class=\"list-377408\" width=\"20px\" height=\"20px\" viewbox=\"0 0 24 24\" fill=\"none\"><path d=\"M6 6H4v2h2V6zm14 0H8v2h12V6zM4 11h2v2H4v-2zm16 0H8v2h12v-2zM4 16h2v2H4v-2zm16 0H8v2h12v-2z\" fill=\"currentColor\"><\/path><\/svg><svg style=\"fill: #999;color:#999\" class=\"arrow-unsorted-368013\" xmlns=\"http:\/\/www.w3.org\/2000\/svg\" width=\"10px\" height=\"10px\" viewbox=\"0 0 24 24\" version=\"1.2\" baseprofile=\"tiny\"><path d=\"M18.2 9.3l-6.2-6.3-6.2 6.3c-.2.2-.3.4-.3.7s.1.5.3.7c.2.2.4.3.7.3h11c.3 0 .5-.1.7-.3.2-.2.3-.5.3-.7s-.1-.5-.3-.7zM5.8 14.7l6.2 6.3 6.2-6.3c.2-.2.3-.5.3-.7s-.1-.5-.3-.7c-.2-.2-.4-.3-.7-.3h-11c-.3 0-.5.1-.7.3-.2.2-.3.5-.3.7s.1.5.3.7z\"\/><\/svg><\/span><\/span><\/span><\/a><\/span><\/div>\n<nav><ul class='ez-toc-list ez-toc-list-level-1 eztoc-toggle-hide-by-default' ><li class='ez-toc-page-1 ez-toc-heading-level-2'><a class=\"ez-toc-link ez-toc-heading-1\" href=\"https:\/\/coinkickoff.com\/tr\/how-to-buy-litecoin\/how-to-buy-litecoin-on-kucoin\/#How_to_Buy_Litecoin_on_Kucoin\" >Kucoin'de Litecoin Nas\u0131l Sat\u0131n Al\u0131n\u0131r<\/a><\/li><li class='ez-toc-page-1 ez-toc-heading-level-2'><a class=\"ez-toc-link ez-toc-heading-2\" href=\"https:\/\/coinkickoff.com\/tr\/how-to-buy-litecoin\/how-to-buy-litecoin-on-kucoin\/#A_Step-By-Step_Guide_on_How_to_Buy_Litecoin_on_Kucoin\" >Kucoin \u00dczerinden Litecoin Nas\u0131l Sat\u0131n Al\u0131n\u0131r Ad\u0131m Ad\u0131m K\u0131lavuz<\/a><ul class='ez-toc-list-level-3' ><li class='ez-toc-heading-level-3'><a class=\"ez-toc-link ez-toc-heading-3\" href=\"https:\/\/coinkickoff.com\/tr\/how-to-buy-litecoin\/how-to-buy-litecoin-on-kucoin\/#1_Register_an_Account\" >1. Bir Hesap A\u00e7\u0131n<\/a><\/li><li class='ez-toc-page-1 ez-toc-heading-level-3'><a class=\"ez-toc-link ez-toc-heading-4\" href=\"https:\/\/coinkickoff.com\/tr\/how-to-buy-litecoin\/how-to-buy-litecoin-on-kucoin\/#2_Verify_Your_Account\" >2. Hesab\u0131n\u0131z\u0131 Do\u011frulay\u0131n<\/a><\/li><li class='ez-toc-page-1 ez-toc-heading-level-3'><a class=\"ez-toc-link ez-toc-heading-5\" href=\"https:\/\/coinkickoff.com\/tr\/how-to-buy-litecoin\/how-to-buy-litecoin-on-kucoin\/#3_Deposit_Crypto\" >3. Kripto Para Yat\u0131rma<\/a><\/li><li class='ez-toc-page-1 ez-toc-heading-level-3'><a class=\"ez-toc-link ez-toc-heading-6\" href=\"https:\/\/coinkickoff.com\/tr\/how-to-buy-litecoin\/how-to-buy-litecoin-on-kucoin\/#4_Navigate_to_the_Relevant_Screen_to_Buy\" >4. Sat\u0131n Almak i\u00e7in \u0130lgili Ekrana Gidin<\/a><ul class='ez-toc-list-level-4' ><li class='ez-toc-heading-level-4'><a class=\"ez-toc-link ez-toc-heading-7\" href=\"https:\/\/coinkickoff.com\/tr\/how-to-buy-litecoin\/how-to-buy-litecoin-on-kucoin\/#Fast_Trade\" >H\u0131zl\u0131 Ticaret<\/a><\/li><li class='ez-toc-page-1 ez-toc-heading-level-4'><a class=\"ez-toc-link ez-toc-heading-8\" href=\"https:\/\/coinkickoff.com\/tr\/how-to-buy-litecoin\/how-to-buy-litecoin-on-kucoin\/#Third-Party\" >\u00dc\u00e7\u00fcnc\u00fc Taraf<\/a><\/li><li class='ez-toc-page-1 ez-toc-heading-level-4'><a class=\"ez-toc-link ez-toc-heading-9\" href=\"https:\/\/coinkickoff.com\/tr\/how-to-buy-litecoin\/how-to-buy-litecoin-on-kucoin\/#How_to_Buy_Litecoin_with_Crypto\" >Crypto ile Litecoin Nas\u0131l Sat\u0131n Al\u0131n\u0131r<\/a><\/li><\/ul><\/li><\/ul><\/li><\/ul><\/nav><\/div>\n<h2><span class=\"ez-toc-section\" id=\"How_to_Buy_Litecoin_on_Kucoin\"><\/span><span style=\"font-weight: 400;\">Kucoin'de Litecoin Nas\u0131l Sat\u0131n Al\u0131n\u0131r<\/span><span class=\"ez-toc-section-end\"><\/span><\/h2>\n<p><span style=\"font-weight: 400;\">Nas\u0131l sat\u0131n alaca\u011f\u0131n\u0131z konusunda rehberli\u011fe ihtiyac\u0131n\u0131z varsa <a href=\"https:\/\/coinkickoff.com\/tr\/litecoin-ltc\/\" data-internallinksmanager029f6b8e52c=\"21\" title=\"Litecoin (LTC) Nedir? Fiyat, Tarih\u00e7e ve Nereden Al\u0131n\u0131r\">Litecoin<\/a> \u00fczerinde <a href=\"https:\/\/coinkickoff.com\/tr\/kucoin-review\/\" data-internallinksmanager029f6b8e52c=\"153\" title=\"KuCoin \u0130ncelemeleri 2023: \u00dccretler, G\u00fcvenlik, Art\u0131lar\u0131 ve Eksileri\">Kucoin<\/a>do\u011fru yerdesiniz! Birka\u00e7 basit ad\u0131mda Kucoin'de LTC'yi nas\u0131l sat\u0131n alaca\u011f\u0131m\u0131z\u0131 g\u00f6relim.<\/span><\/p>\n<h2><span class=\"ez-toc-section\" id=\"A_Step-By-Step_Guide_on_How_to_Buy_Litecoin_on_Kucoin\"><\/span><span style=\"font-weight: 400;\">Kucoin \u00dczerinden Litecoin Nas\u0131l Sat\u0131n Al\u0131n\u0131r Ad\u0131m Ad\u0131m K\u0131lavuz<\/span><span class=\"ez-toc-section-end\"><\/span><\/h2>\n<h3><span class=\"ez-toc-section\" id=\"1_Register_an_Account\"><\/span><span style=\"font-weight: 400;\">1. Bir Hesap A\u00e7\u0131n<\/span><span class=\"ez-toc-section-end\"><\/span><\/h3>\n<p><img loading=\"lazy\" decoding=\"async\" class=\"alignnone wp-image-3269 size-full\" src=\"https:\/\/coinkickoff.com\/wp-content\/uploads\/kucoin-register.png\" alt=\"kucoin kayd\u0131yla doge sat\u0131n al\u0131n\" width=\"1421\" height=\"788\" srcset=\"https:\/\/coinkickoff.com\/wp-content\/uploads\/kucoin-register.png 1421w, https:\/\/coinkickoff.com\/wp-content\/uploads\/kucoin-register-300x166.png 300w, https:\/\/coinkickoff.com\/wp-content\/uploads\/kucoin-register-1024x568.png 1024w, https:\/\/coinkickoff.com\/wp-content\/uploads\/kucoin-register-768x426.png 768w, https:\/\/coinkickoff.com\/wp-content\/uploads\/kucoin-register-18x10.png 18w\" sizes=\"auto, (max-width: 1421px) 100vw, 1421px\" \/><\/p>\n<p><span style=\"font-weight: 400;\">\u015euraya git <\/span><a href=\"https:\/\/www.kucoin.com\/r\/af\/rMJPV3B\" target=\"_blank\" rel=\"noopener\"><span style=\"font-weight: 400;\">Kucoin<\/span><\/a><span style=\"font-weight: 400;\"> web sitesine girin ve e-posta veya telefon numaran\u0131zla kaydolun.\u00a0<\/span><\/p>\n<h3><span class=\"ez-toc-section\" id=\"2_Verify_Your_Account\"><\/span><span style=\"font-weight: 400;\">2. Hesab\u0131n\u0131z\u0131 Do\u011frulay\u0131n<\/span><span class=\"ez-toc-section-end\"><\/span><\/h3>\n<p><span style=\"font-weight: 400;\">Litecoin i\u00e7in i\u015flem yapabilece\u011finiz dijital varl\u0131klar\u0131n\u0131z varsa, kimli\u011finizi do\u011frulaman\u0131za gerek yoktur. Kucoin'ye kripto varl\u0131klar\u0131n nas\u0131l yat\u0131r\u0131laca\u011f\u0131n\u0131 g\u00f6rmek i\u00e7in bir sonraki ad\u0131ma ge\u00e7ebilirsiniz.<\/span><\/p>\n<p><span style=\"font-weight: 400;\">Hen\u00fcz herhangi bir dijital varl\u0131\u011f\u0131n\u0131z yoksa endi\u015felenmeyin! Kimlik do\u011frulamas\u0131 \u00e7ok basittir ve birka\u00e7 dakika i\u00e7inde tamamlanabilir.<\/span><\/p>\n<p><span style=\"font-weight: 400;\">Sayfan\u0131n sa\u011f \u00fcst taraf\u0131nda kullan\u0131c\u0131 ad\u0131n\u0131z\u0131 g\u00f6receksiniz. Bu sizi kullan\u0131c\u0131 profilinize g\u00f6t\u00fcrecektir.<\/span><\/p>\n<p><span style=\"font-weight: 400;\">Profilinizdeki \"Kimlik Do\u011frulama\" sekmesine gidin ve \"Geli\u015fmi\u015f \u00d6zellikler\" i\u00e7in \"Do\u011frula \"y\u0131 t\u0131klay\u0131n.<\/span><\/p>\n<p><img loading=\"lazy\" decoding=\"async\" class=\"alignnone wp-image-3272 size-full\" src=\"https:\/\/coinkickoff.com\/wp-content\/uploads\/kucoin-identity-verification.png\" alt=\"kucoin kimlik do\u011frulama 1\" width=\"1420\" height=\"785\" srcset=\"https:\/\/coinkickoff.com\/wp-content\/uploads\/kucoin-identity-verification.png 1420w, https:\/\/coinkickoff.com\/wp-content\/uploads\/kucoin-identity-verification-300x166.png 300w, https:\/\/coinkickoff.com\/wp-content\/uploads\/kucoin-identity-verification-1024x566.png 1024w, https:\/\/coinkickoff.com\/wp-content\/uploads\/kucoin-identity-verification-768x425.png 768w, https:\/\/coinkickoff.com\/wp-content\/uploads\/kucoin-identity-verification-18x10.png 18w\" sizes=\"auto, (max-width: 1420px) 100vw, 1420px\" \/><\/p>\n<p><span style=\"font-weight: 400;\">Geli\u015fmi\u015f do\u011frulamay\u0131 tamamlamak, Kucoin'ye fiat para yat\u0131rman\u0131za ve \u00e7ekmenize olanak tan\u0131r. Ayr\u0131ca i\u015flem ve para \u00e7ekme limitlerinizi de \u00f6nemli \u00f6l\u00e7\u00fcde art\u0131racakt\u0131r.<\/span><\/p>\n<p><span style=\"font-weight: 400;\">Do\u011frulama sistemi basittir - sadece ki\u015fisel bilgi anketini doldurun, bilgilerinizi do\u011frulamak i\u00e7in devlet taraf\u0131ndan verilmi\u015f bir kimlik y\u00fckleyin ve y\u00fcz do\u011frulamas\u0131n\u0131 tamamlay\u0131n.<\/span><\/p>\n<p><img loading=\"lazy\" decoding=\"async\" class=\"alignnone wp-image-3270 size-full\" src=\"https:\/\/coinkickoff.com\/wp-content\/uploads\/kucoin-id-verification-2.png\" alt=\"kucoin kimlik do\u011frulama 2\" width=\"1407\" height=\"706\" srcset=\"https:\/\/coinkickoff.com\/wp-content\/uploads\/kucoin-id-verification-2.png 1407w, https:\/\/coinkickoff.com\/wp-content\/uploads\/kucoin-id-verification-2-300x151.png 300w, https:\/\/coinkickoff.com\/wp-content\/uploads\/kucoin-id-verification-2-1024x514.png 1024w, https:\/\/coinkickoff.com\/wp-content\/uploads\/kucoin-id-verification-2-768x385.png 768w, https:\/\/coinkickoff.com\/wp-content\/uploads\/kucoin-id-verification-2-18x9.png 18w\" sizes=\"auto, (max-width: 1407px) 100vw, 1407px\" \/><\/p>\n<p><span style=\"font-weight: 400;\">Kimli\u011finizi do\u011frulamak i\u00e7in ulusal kimlik kart\u0131, ehliyet veya pasaport sayfas\u0131 kullanabilirsiniz. Kimlik belgenizi haz\u0131rlay\u0131n ve \"Kabul Et ve Devam Et\" butonuna t\u0131klay\u0131n.<\/span><\/p>\n<p><img loading=\"lazy\" decoding=\"async\" class=\"alignnone wp-image-3271 size-full\" src=\"https:\/\/coinkickoff.com\/wp-content\/uploads\/kucoin-id-verification-3.png\" alt=\"kucoin kimlik do\u011frulama 3 \" width=\"1412\" height=\"789\" srcset=\"https:\/\/coinkickoff.com\/wp-content\/uploads\/kucoin-id-verification-3.png 1412w, https:\/\/coinkickoff.com\/wp-content\/uploads\/kucoin-id-verification-3-300x168.png 300w, https:\/\/coinkickoff.com\/wp-content\/uploads\/kucoin-id-verification-3-1024x572.png 1024w, https:\/\/coinkickoff.com\/wp-content\/uploads\/kucoin-id-verification-3-768x429.png 768w, https:\/\/coinkickoff.com\/wp-content\/uploads\/kucoin-id-verification-3-18x10.png 18w\" sizes=\"auto, (max-width: 1412px) 100vw, 1412px\" \/><\/p>\n<p><span style=\"font-weight: 400;\">Bilgilerinizi girin ve \"\u0130leri \"ye t\u0131klay\u0131n. Kimlik do\u011frulamas\u0131n\u0131 tamamlamak i\u00e7in ekrandaki talimatlar\u0131 izleyin.<\/span><\/p>\n<h3><span class=\"ez-toc-section\" id=\"3_Deposit_Crypto\"><\/span><span style=\"font-weight: 400;\">3. Kripto Para Yat\u0131rma<\/span><span class=\"ez-toc-section-end\"><\/span><\/h3>\n<p><span style=\"font-weight: 400;\">Harici bir c\u00fczdanda dijital varl\u0131klar\u0131n\u0131z varsa, bunlar\u0131 Kucoin'ye aktarabilir ve spot piyasada LTC ile takas edebilirsiniz. Bu sizin i\u00e7in bir se\u00e7enek de\u011filse, fiat para ile Litecoin'yi nas\u0131l sat\u0131n alaca\u011f\u0131n\u0131z\u0131 g\u00f6rmek i\u00e7in bir sonraki ad\u0131ma ge\u00e7in.<\/span><\/p>\n<p><span style=\"font-weight: 400;\">Web sayfas\u0131n\u0131n sa\u011f \u00fcst taraf\u0131ndaki \"Varl\u0131klar\" men\u00fcs\u00fcne t\u0131klay\u0131n.<\/span><\/p>\n<p><img loading=\"lazy\" decoding=\"async\" class=\"alignnone wp-image-3273 size-full\" src=\"https:\/\/coinkickoff.com\/wp-content\/uploads\/kucoin-deposit.png\" alt=\"kucoin mevduat fonlar\u0131 1\" width=\"1427\" height=\"758\" srcset=\"https:\/\/coinkickoff.com\/wp-content\/uploads\/kucoin-deposit.png 1427w, https:\/\/coinkickoff.com\/wp-content\/uploads\/kucoin-deposit-300x159.png 300w, https:\/\/coinkickoff.com\/wp-content\/uploads\/kucoin-deposit-1024x544.png 1024w, https:\/\/coinkickoff.com\/wp-content\/uploads\/kucoin-deposit-768x408.png 768w, https:\/\/coinkickoff.com\/wp-content\/uploads\/kucoin-deposit-18x10.png 18w\" sizes=\"auto, (max-width: 1427px) 100vw, 1427px\" \/><\/p>\n<p><span style=\"font-weight: 400;\">T\u00fcm bakiyelerinizi burada g\u00f6rebilirsiniz. \"Para Yat\u0131r\" butonuna t\u0131klay\u0131n ve Kucoin'ye transfer etmek istedi\u011finiz dijital para birimini se\u00e7in.<\/span><\/p>\n<p><span style=\"font-weight: 400;\">\u00d6rne\u011fin, e\u011fer verdiyseniz <a href=\"https:\/\/coinkickoff.com\/tr\/tether-usdt\/\" data-internallinksmanager029f6b8e52c=\"3\" title=\"Tether (USDT) Nedir? Nas\u0131l \u00c7al\u0131\u015f\u0131r ve Nereden Al\u0131n\u0131r?\">USDT<\/a>USDT \u00fczerine t\u0131klad\u0131\u011f\u0131n\u0131zda bir QR kodu alacaks\u0131n\u0131z. Bu QR kodu Kucoin'deki USDT adresinizi temsil eder. USDT'yi Kucoin'ye aktarmak istedi\u011finizde, bu QR kodunu para \u00e7ekme adresiniz olarak kullan\u0131n.<\/span><\/p>\n<p><span style=\"font-weight: 400;\">L\u00fctfen USDT c\u00fczdan adresini ba\u015fka kripto para birimlerini transfer etmek i\u00e7in kullanmay\u0131n. Her c\u00fczdan adresi para birimine \u00f6zg\u00fcd\u00fcr: BTC'yi yaln\u0131zca bir <a href=\"https:\/\/coinkickoff.com\/tr\/bitcoin-btc\/\" data-internallinksmanager029f6b8e52c=\"1\" title=\"Bitcoin (BTC) Nedir? Fiyat, Tarih\u00e7e ve Nereden Al\u0131n\u0131r\">Bitcoin<\/a> adresini, ETH'yi bir <a href=\"https:\/\/coinkickoff.com\/tr\/ethereum-eth\/\" data-internallinksmanager029f6b8e52c=\"2\" title=\"Ethereum (ETH) Nedir? Fiyat, Tarih\u00e7e ve Nereden Al\u0131n\u0131r\">Ethereum<\/a> Adres, <a href=\"https:\/\/coinkickoff.com\/tr\/polkadot-dot\/\" data-internallinksmanager029f6b8e52c=\"12\" title=\"Polkadot (DOT) nedir? Nas\u0131l \u00c7al\u0131\u015f\u0131r ve Nereden Al\u0131n\u0131r?\">Polkadot<\/a> DOT adresine ve bu \u015fekilde devam eder.<\/span><\/p>\n<h3><span class=\"ez-toc-section\" id=\"4_Navigate_to_the_Relevant_Screen_to_Buy\"><\/span><span style=\"font-weight: 400;\">4. Sat\u0131n Almak i\u00e7in \u0130lgili Ekrana Gidin<\/span><span class=\"ez-toc-section-end\"><\/span><\/h3>\n<p><span style=\"font-weight: 400;\">Ana sayfan\u0131zda \"Kripto Sat\u0131n Al\" men\u00fcs\u00fcne t\u0131klay\u0131n. \"H\u0131zl\u0131 Ticaret\", \"P2P\" ve \"\u00dc\u00e7\u00fcnc\u00fc Taraf\" gibi \u00e7e\u015fitli se\u00e7enekler g\u00f6receksiniz.<\/span><\/p>\n<p><span style=\"font-weight: 400;\">P2P i\u015flemleriyle Litecoin sat\u0131n alamazs\u0131n\u0131z, ancak di\u011fer ikisi m\u00fckemmel bir \u015fekilde uygulanabilir ve kullan\u0131m\u0131 olduk\u00e7a kolayd\u0131r.<\/span><\/p>\n<p><img loading=\"lazy\" decoding=\"async\" class=\"alignnone wp-image-3274 size-full\" src=\"https:\/\/coinkickoff.com\/wp-content\/uploads\/kucoin-buy-crypto.png\" alt=\"kucoin ekran sat\u0131n al\" width=\"1418\" height=\"692\" srcset=\"https:\/\/coinkickoff.com\/wp-content\/uploads\/kucoin-buy-crypto.png 1418w, https:\/\/coinkickoff.com\/wp-content\/uploads\/kucoin-buy-crypto-300x146.png 300w, https:\/\/coinkickoff.com\/wp-content\/uploads\/kucoin-buy-crypto-1024x500.png 1024w, https:\/\/coinkickoff.com\/wp-content\/uploads\/kucoin-buy-crypto-768x375.png 768w, https:\/\/coinkickoff.com\/wp-content\/uploads\/kucoin-buy-crypto-18x9.png 18w\" sizes=\"auto, (max-width: 1418px) 100vw, 1418px\" \/><\/p>\n<p><span style=\"font-weight: 400;\">H\u0131zl\u0131 ticaret ile \u00fc\u00e7\u00fcnc\u00fc taraf i\u015flemi aras\u0131ndaki temel fark \u00f6deme y\u00f6ntemidir. H\u0131zl\u0131 ticaret ile Litecoin sat\u0131n almak i\u00e7in kredi kart\u0131n\u0131z\u0131 kullanabilir ve \u00fc\u00e7\u00fcnc\u00fc taraf ile Simplex ve Banxa gibi \u00f6deme i\u015flemcilerini kullanabilirsiniz.<\/span><\/p>\n<h4><span class=\"ez-toc-section\" id=\"Fast_Trade\"><\/span><span style=\"font-weight: 400;\">H\u0131zl\u0131 Ticaret<\/span><span class=\"ez-toc-section-end\"><\/span><\/h4>\n<p><span style=\"font-weight: 400;\">Yat\u0131r\u0131m yapmak istedi\u011finiz tutar\u0131 \"Harcamak \u0130stiyorum\" s\u00fctununa girin.<\/span><\/p>\n<h4><img loading=\"lazy\" decoding=\"async\" class=\"alignnone wp-image-3275 size-full\" style=\"font-family: Muli, sans-serif;\" src=\"https:\/\/coinkickoff.com\/wp-content\/uploads\/kucoin-buy-crypto-one-click.png\" alt=\"kucoin tek t\u0131kla sat\u0131n al\" width=\"1421\" height=\"770\" srcset=\"https:\/\/coinkickoff.com\/wp-content\/uploads\/kucoin-buy-crypto-one-click.png 1421w, https:\/\/coinkickoff.com\/wp-content\/uploads\/kucoin-buy-crypto-one-click-300x163.png 300w, https:\/\/coinkickoff.com\/wp-content\/uploads\/kucoin-buy-crypto-one-click-1024x555.png 1024w, https:\/\/coinkickoff.com\/wp-content\/uploads\/kucoin-buy-crypto-one-click-768x416.png 768w, https:\/\/coinkickoff.com\/wp-content\/uploads\/kucoin-buy-crypto-one-click-18x10.png 18w\" sizes=\"auto, (max-width: 1421px) 100vw, 1421px\" \/><\/h4>\n<p><span style=\"font-weight: 400;\">\"Al\u0131c\u0131\" s\u00fctununu Litecoin olarak ayarlay\u0131n.<\/span><\/p>\n<p><img loading=\"lazy\" decoding=\"async\" class=\"alignnone wp-image-3276 size-full\" src=\"https:\/\/coinkickoff.com\/wp-content\/uploads\/kucoin-select-paymnet-method.png\" alt=\"Kucoin \u00fczerinde Polygon nas\u0131l sat\u0131n al\u0131n\u0131r\" width=\"1424\" height=\"794\" srcset=\"https:\/\/coinkickoff.com\/wp-content\/uploads\/kucoin-select-paymnet-method.png 1424w, https:\/\/coinkickoff.com\/wp-content\/uploads\/kucoin-select-paymnet-method-300x167.png 300w, https:\/\/coinkickoff.com\/wp-content\/uploads\/kucoin-select-paymnet-method-1024x571.png 1024w, https:\/\/coinkickoff.com\/wp-content\/uploads\/kucoin-select-paymnet-method-768x428.png 768w, https:\/\/coinkickoff.com\/wp-content\/uploads\/kucoin-select-paymnet-method-18x10.png 18w\" sizes=\"auto, (max-width: 1424px) 100vw, 1424px\" \/><\/p>\n<p><span style=\"font-weight: 400;\">Son olarak, bir \u00f6deme y\u00f6ntemi ekleyin. G\u00f6rd\u00fc\u011f\u00fcn\u00fcz gibi, Kucoin hesab\u0131n\u0131za bir banka veya kredi kart\u0131 ekleme se\u00e7ene\u011finiz var. Bir kart ekledikten sonra, sonraki sat\u0131n al\u0131mlar\u0131n\u0131z i\u00e7in bu kart\u0131 kullanabilirsiniz.<\/span><\/p>\n<p><span style=\"font-weight: 400;\">Kart bilgilerinizi girin ve \"LTC Sat\u0131n Al\" d\u00fc\u011fmesine bas\u0131n. Uygulanacak t\u00fcm \u00fccretler de dahil olmak \u00fczere sipari\u015f ayr\u0131nt\u0131lar\u0131n\u0131z\u0131n bir \u00f6nizlemesini alacaks\u0131n\u0131z. E\u011fer iyi g\u00f6r\u00fcn\u00fcyorsa, \"Onayla \"ya t\u0131klay\u0131n. Sat\u0131n alma i\u015fleminiz an\u0131nda tamamlanacakt\u0131r.<\/span><\/p>\n<p><span style=\"font-weight: 400;\">H\u0131zl\u0131 Ticaret arac\u0131l\u0131\u011f\u0131yla Litecoin sat\u0131n almak i\u00e7in banka\/kredi kart\u0131n\u0131z\u0131 kullanamazsan\u0131z ne olur? Bu, bankan\u0131z taraf\u0131ndan uygulanan k\u0131s\u0131tlamalar ve\/veya H\u0131zl\u0131 Ticaret ar\u0131zas\u0131 dahil olmak \u00fczere \u00e7e\u015fitli sorunlardan kaynaklanabilir.<\/span><\/p>\n<p><span style=\"font-weight: 400;\">Alternatif olarak, kart bilgilerinizi Kucoin'de b\u0131rakmaktan rahats\u0131zl\u0131k duyabilirsiniz. Bu durumda, \u00dc\u00e7\u00fcnc\u00fc taraf sat\u0131n almay\u0131 tercih edebilirsiniz.<\/span><\/p>\n<h4><span class=\"ez-toc-section\" id=\"Third-Party\"><\/span><span style=\"font-weight: 400;\">\u00dc\u00e7\u00fcnc\u00fc Taraf<\/span><span class=\"ez-toc-section-end\"><\/span><\/h4>\n<p><span style=\"font-weight: 400;\">\u00dc\u00e7\u00fcnc\u00fc taraf sat\u0131n alma, sat\u0131n alma i\u015fleminiz i\u00e7in ba\u011f\u0131ms\u0131z \u00f6deme kanallar\u0131 arac\u0131l\u0131\u011f\u0131yla \u00f6deme yapman\u0131za olanak tan\u0131r. Bu \u00f6deme kanallar\u0131 size genellikle spot piyasa oranlar\u0131na k\u0131yasla daha y\u00fcksek olan ancak h\u0131zl\u0131 ticaret fiyatlar\u0131na e\u015fit olan kendi oranlar\u0131 \u00fczerinden kripto satar.<\/span><\/p>\n<p><img loading=\"lazy\" decoding=\"async\" class=\"alignnone wp-image-3278 size-full\" src=\"https:\/\/coinkickoff.com\/wp-content\/uploads\/kucoin-screenshot.png\" alt=\"Kucoin&#039;de Cardano Nas\u0131l Sat\u0131n Al\u0131n\u0131r kucoin&#039;de polkadot nas\u0131l sat\u0131n al\u0131n\u0131r Kucoin&#039;de Litecoin nas\u0131l sat\u0131n al\u0131n\u0131r\" width=\"1436\" height=\"673\" srcset=\"https:\/\/coinkickoff.com\/wp-content\/uploads\/kucoin-screenshot.png 1436w, https:\/\/coinkickoff.com\/wp-content\/uploads\/kucoin-screenshot-300x141.png 300w, https:\/\/coinkickoff.com\/wp-content\/uploads\/kucoin-screenshot-1024x480.png 1024w, https:\/\/coinkickoff.com\/wp-content\/uploads\/kucoin-screenshot-768x360.png 768w, https:\/\/coinkickoff.com\/wp-content\/uploads\/kucoin-screenshot-18x8.png 18w\" sizes=\"auto, (max-width: 1436px) 100vw, 1436px\" \/><\/p>\n<p><span style=\"font-weight: 400;\">\u00dc\u00e7\u00fcnc\u00fc taraf sat\u0131n alma i\u015fleminde gezinmek \u00e7ok kolayd\u0131r: harcamak istedi\u011finiz tutar\u0131 girin ve almak istedi\u011finiz para birimi olarak Litecoin'yi se\u00e7in.<\/span><\/p>\n<p><span style=\"font-weight: 400;\">Bir \u00f6deme y\u00f6ntemi ve bir \u00f6deme i\u015flemcisi se\u00e7in. Devam etmek i\u00e7in \"Onayla \"ya t\u0131klay\u0131n.<\/span><\/p>\n<p><span style=\"font-weight: 400;\">Bu noktada, \u00f6deme i\u015flemcisi web sitesi i\u00e7in Kucoin web sitesinden ayr\u0131lacaks\u0131n\u0131z. Zaten bir hesab\u0131n\u0131z varsa, i\u015flemi hemen tamamlayabilirsiniz. Hesab\u0131n\u0131z yoksa, h\u0131zl\u0131 bir \u015fekilde olu\u015fturabilir ve i\u015fleminizi tamamlayabilirsiniz.\u00a0<\/span><\/p>\n<h4><span class=\"ez-toc-section\" id=\"How_to_Buy_Litecoin_with_Crypto\"><\/span><span style=\"font-weight: 400;\">Crypto ile Litecoin Nas\u0131l Sat\u0131n Al\u0131n\u0131r<\/span><span class=\"ez-toc-section-end\"><\/span><\/h4>\n<p><span style=\"font-weight: 400;\">Son olarak, Kucoin spot piyasas\u0131ndan kripto para birimleri ile Litecoin sat\u0131n alabilirsiniz.\u00a0<\/span><\/p>\n<p><span style=\"font-weight: 400;\">Kontrol panelinizde \"Ticaret\" men\u00fcs\u00fcn\u00fc se\u00e7in ve Spot Ticaret'e bas\u0131n. Sayfada BTC\/USDT, ETH\/USDT gibi \u00e7e\u015fitli e\u015fle\u015ftirmeler g\u00f6receksiniz, <a href=\"https:\/\/coinkickoff.com\/tr\/dogecoin-doge\/\" data-internallinksmanager029f6b8e52c=\"14\" title=\"Dogecoin (DOGE) Nedir? Nas\u0131l \u00c7al\u0131\u015f\u0131r ve Nereden Al\u0131n\u0131r?\">DOGE<\/a>\/USDT, vb.\u00a0<\/span><\/p>\n<p><span style=\"font-weight: 400;\">T\u00fcm kripto al\u0131m sat\u0131mlar\u0131n\u0131n \u00f6nemli bir k\u0131sm\u0131 USDT cinsindendir, bu nedenle coins de dahil olmak \u00fczere \u00e7o\u011fu USDT'yi Litecoin kar\u015f\u0131l\u0131\u011f\u0131nda al\u0131p satabilirsiniz.\u00a0<\/span><\/p>\n<p><span style=\"font-weight: 400;\">\u00d6rne\u011fin, Polkadot'ye sahipseniz, bunu do\u011frudan Litecoin ile takas edemeyebilirsiniz, ancak USDT ile takas edebilir ve ard\u0131ndan LTC sat\u0131n almak i\u00e7in USDT'yi kullanabilirsiniz.<\/span><\/p>\n<p><span style=\"font-weight: 400;\">\u0130lk olarak, takas etmek istedi\u011finiz i\u015flem \u00e7iftini se\u00e7in (\u00f6rne\u011fin, LTC\/USDT). Ard\u0131ndan, LTC i\u00e7in harcamak istedi\u011finiz USDT miktar\u0131n\u0131 ayarlayarak sipari\u015f formunu doldurun.<\/span><\/p>\n<p><span style=\"font-weight: 400;\">Kucoin \"Piyasa\" ve \"Limit\" emirleri vermenize olanak tan\u0131r. Yeni ba\u015flayanlar i\u00e7in bir piyasa emri se\u00e7menizi \u00f6neririz. Di\u011fer se\u00e7enekleri ke\u015ffetmek istiyorsan\u0131z, a\u015fa\u011f\u0131dakiler hakk\u0131nda daha fazla bilgi edinin <\/span><a href=\"https:\/\/www.kucoin.com\/support\/900006714063\" target=\"_blank\" rel=\"noopener\"><span style=\"font-weight: 400;\">farkl\u0131 sipari\u015f t\u00fcrleri<\/span><\/a><span style=\"font-weight: 400;\"> devam etmeden \u00f6nce<\/span><\/p>\n<p><span style=\"font-weight: 400;\">\u0130\u015finiz bitti\u011finde \"Sat\u0131n Al \"a t\u0131klay\u0131n.<\/span><\/p>\n<p><span style=\"font-weight: 400;\">Art\u0131k Kucoin \u00fczerinden Litecoin sat\u0131n alman\u0131n \u00fc\u00e7 farkl\u0131 yolunu biliyorsunuz! E\u011fer bizim \"<\/span><i><span style=\"font-weight: 400;\">Kucoin'de Litecoin Nas\u0131l Sat\u0131n Al\u0131n\u0131r\"<\/span><\/i><span style=\"font-weight: 400;\"> rehberimizi de be\u011fenebilirsiniz. <\/span><a href=\"https:\/\/coinkickoff.com\/tr\/crypto-exchanges\/\"><span style=\"font-weight: 400;\">de\u011fi\u015fim incelemeleri<\/span><\/a><span style=\"font-weight: 400;\"> ve <a href=\"https:\/\/coinkickoff.com\/tr\/how-to-buy-bitcoin\/\">di\u0307\u011fer rehberler<\/a>.<\/span><\/p>","protected":false},"excerpt":{"rendered":"<p>Kucoin'de Litecoin Nas\u0131l Sat\u0131n Al\u0131n\u0131r Kucoin'de Litecoin nas\u0131l sat\u0131n al\u0131n\u0131r konusunda biraz rehberli\u011fe ihtiyac\u0131n\u0131z varsa, do\u011fru yerdesiniz! Birka\u00e7 basit ad\u0131mda Kucoin'de LTC'nin nas\u0131l sat\u0131n al\u0131naca\u011f\u0131n\u0131 g\u00f6relim. Kucoin'de Litecoin'yi Nas\u0131l Sat\u0131n Alaca\u011f\u0131n\u0131za Dair Ad\u0131m Ad\u0131m K\u0131lavuz 1. Bir Hesap A\u00e7\u0131n Kucoin'ye gidin [...]<\/p>","protected":false},"author":3,"featured_media":0,"parent":4392,"menu_order":0,"comment_status":"closed","ping_status":"closed","template":"","meta":{"_genesis_hide_title":false,"_genesis_hide_breadcrumbs":false,"_genesis_hide_singular_image":false,"_genesis_hide_footer_widgets":false,"_genesis_custom_body_class":"","_genesis_custom_post_class":"","_genesis_layout":"","_glsr_average":0,"_glsr_ranking":0,"_glsr_reviews":0,"footnotes":""},"class_list":{"0":"post-4404","1":"page","2":"type-page","3":"status-publish","5":"entry"},"featured_image_src":null,"featured_image_src_square":null,"_links":{"self":[{"href":"https:\/\/coinkickoff.com\/tr\/wp-json\/wp\/v2\/pages\/4404","targetHints":{"allow":["GET"]}}],"collection":[{"href":"https:\/\/coinkickoff.com\/tr\/wp-json\/wp\/v2\/pages"}],"about":[{"href":"https:\/\/coinkickoff.com\/tr\/wp-json\/wp\/v2\/types\/page"}],"author":[{"embeddable":true,"href":"https:\/\/coinkickoff.com\/tr\/wp-json\/wp\/v2\/users\/3"}],"replies":[{"embeddable":true,"href":"https:\/\/coinkickoff.com\/tr\/wp-json\/wp\/v2\/comments?post=4404"}],"version-history":[{"count":2,"href":"https:\/\/coinkickoff.com\/tr\/wp-json\/wp\/v2\/pages\/4404\/revisions"}],"predecessor-version":[{"id":4406,"href":"https:\/\/coinkickoff.com\/tr\/wp-json\/wp\/v2\/pages\/4404\/revisions\/4406"}],"up":[{"embeddable":true,"href":"https:\/\/coinkickoff.com\/tr\/wp-json\/wp\/v2\/pages\/4392"}],"wp:attachment":[{"href":"https:\/\/coinkickoff.com\/tr\/wp-json\/wp\/v2\/media?parent=4404"}],"curies":[{"name":"wp","href":"https:\/\/api.w.org\/{rel}","templated":true}]}}