{"id":4236,"date":"2026-01-08T14:07:08","date_gmt":"2026-01-08T14:07:08","guid":{"rendered":"https:\/\/coinkickoff.com\/?page_id=4236"},"modified":"2026-01-08T14:07:08","modified_gmt":"2026-01-08T14:07:08","slug":"how-to-buy-polkadot-on-gemini","status":"publish","type":"page","link":"https:\/\/coinkickoff.com\/tr\/how-to-buy-polkadot\/how-to-buy-polkadot-on-gemini\/","title":{"rendered":"Gemini'de Polkadot Nas\u0131l Sat\u0131n Al\u0131n\u0131r"},"content":{"rendered":"<div id=\"ez-toc-container\" class=\"ez-toc-v2_0_80 counter-hierarchy ez-toc-counter ez-toc-transparent ez-toc-container-direction\">\n<div class=\"ez-toc-title-container\">\n<p class=\"ez-toc-title\" style=\"cursor:inherit\">B\u00f6l\u00fcmler<\/p>\n<span class=\"ez-toc-title-toggle\"><a href=\"#\" class=\"ez-toc-pull-right ez-toc-btn ez-toc-btn-xs ez-toc-btn-default ez-toc-toggle\" aria-label=\"\u0130\u00e7indekiler Tablosunu A\u00e7\/Kapat\"><span class=\"ez-toc-js-icon-con\"><span class=\"\"><span class=\"eztoc-hide\" style=\"display:none;\">Ge\u00e7i\u015f<\/span><span class=\"ez-toc-icon-toggle-span\"><svg style=\"fill: #999;color:#999\" xmlns=\"http:\/\/www.w3.org\/2000\/svg\" class=\"list-377408\" width=\"20px\" height=\"20px\" viewbox=\"0 0 24 24\" fill=\"none\"><path d=\"M6 6H4v2h2V6zm14 0H8v2h12V6zM4 11h2v2H4v-2zm16 0H8v2h12v-2zM4 16h2v2H4v-2zm16 0H8v2h12v-2z\" fill=\"currentColor\"><\/path><\/svg><svg style=\"fill: #999;color:#999\" class=\"arrow-unsorted-368013\" xmlns=\"http:\/\/www.w3.org\/2000\/svg\" width=\"10px\" height=\"10px\" viewbox=\"0 0 24 24\" version=\"1.2\" baseprofile=\"tiny\"><path d=\"M18.2 9.3l-6.2-6.3-6.2 6.3c-.2.2-.3.4-.3.7s.1.5.3.7c.2.2.4.3.7.3h11c.3 0 .5-.1.7-.3.2-.2.3-.5.3-.7s-.1-.5-.3-.7zM5.8 14.7l6.2 6.3 6.2-6.3c.2-.2.3-.5.3-.7s-.1-.5-.3-.7c-.2-.2-.4-.3-.7-.3h-11c-.3 0-.5.1-.7.3-.2.2-.3.5-.3.7s.1.5.3.7z\"\/><\/svg><\/span><\/span><\/span><\/a><\/span><\/div>\n<nav><ul class='ez-toc-list ez-toc-list-level-1 eztoc-toggle-hide-by-default' ><li class='ez-toc-page-1 ez-toc-heading-level-2'><a class=\"ez-toc-link ez-toc-heading-1\" href=\"https:\/\/coinkickoff.com\/tr\/how-to-buy-polkadot\/how-to-buy-polkadot-on-gemini\/#How_to_Buy_Polkadot_on_Gemini\" >Gemini'de Polkadot Nas\u0131l Sat\u0131n Al\u0131n\u0131r<\/a><\/li><li class='ez-toc-page-1 ez-toc-heading-level-2'><a class=\"ez-toc-link ez-toc-heading-2\" href=\"https:\/\/coinkickoff.com\/tr\/how-to-buy-polkadot\/how-to-buy-polkadot-on-gemini\/#A_Step-By-Step_Guide_on_How_to_Buy_Polkadot_on_Gemini\" >Gemini'de Polkadot Nas\u0131l Sat\u0131n Al\u0131n\u0131r Ad\u0131m Ad\u0131m K\u0131lavuz<\/a><ul class='ez-toc-list-level-3' ><li class='ez-toc-heading-level-3'><a class=\"ez-toc-link ez-toc-heading-3\" href=\"https:\/\/coinkickoff.com\/tr\/how-to-buy-polkadot\/how-to-buy-polkadot-on-gemini\/#1_Register_an_Account_and_Verify_Your_Identity\" >1. Bir Hesap A\u00e7\u0131n ve Kimli\u011finizi Do\u011frulay\u0131n<\/a><\/li><li class='ez-toc-page-1 ez-toc-heading-level-3'><a class=\"ez-toc-link ez-toc-heading-4\" href=\"https:\/\/coinkickoff.com\/tr\/how-to-buy-polkadot\/how-to-buy-polkadot-on-gemini\/#2_Add_a_Payment_Method\" >2. \u00d6deme Y\u00f6ntemi Ekleme<\/a><\/li><li class='ez-toc-page-1 ez-toc-heading-level-3'><a class=\"ez-toc-link ez-toc-heading-5\" href=\"https:\/\/coinkickoff.com\/tr\/how-to-buy-polkadot\/how-to-buy-polkadot-on-gemini\/#3_Navigate_to_the_Relevant_Screen_to_Buy\" >3. Sat\u0131n Almak i\u00e7in \u0130lgili Ekrana Gidin<\/a><ul class='ez-toc-list-level-4' ><li class='ez-toc-heading-level-4'><a class=\"ez-toc-link ez-toc-heading-6\" href=\"https:\/\/coinkickoff.com\/tr\/how-to-buy-polkadot\/how-to-buy-polkadot-on-gemini\/#Active_Trading\" >Aktif Ticaret<\/a><\/li><\/ul><\/li><\/ul><\/li><\/ul><\/nav><\/div>\n<h2><span class=\"ez-toc-section\" id=\"How_to_Buy_Polkadot_on_Gemini\"><\/span><span style=\"font-weight: 400;\">Gemini'de Polkadot Nas\u0131l Sat\u0131n Al\u0131n\u0131r<\/span><span class=\"ez-toc-section-end\"><\/span><\/h2>\n<p><span style=\"font-weight: 400;\">E\u011fer sat\u0131n almak istiyorsan\u0131z <a href=\"https:\/\/coinkickoff.com\/tr\/polkadot-dot\/\">Polkadot<\/a> (DOT) i\u00e7in do\u011fru yerdesiniz. Nas\u0131l sat\u0131n alaca\u011f\u0131n\u0131z\u0131 \u00f6\u011frenmek i\u00e7in \u00fc\u00e7 ad\u0131ml\u0131 k\u0131lavuzumuzu izleyin <a href=\"https:\/\/coinkickoff.com\/tr\/polkadot-dot\/\" data-internallinksmanager029f6b8e52c=\"12\" title=\"Polkadot (DOT) nedir? Nas\u0131l \u00c7al\u0131\u015f\u0131r ve Nereden Al\u0131n\u0131r?\">Polkadot<\/a> Gemini'de.<\/span><\/p>\n<p><span style=\"font-weight: 400;\">Ancak ba\u015flamadan \u00f6nce l\u00fctfen <\/span><a href=\"https:\/\/coinkickoff.com\/tr\/gemini-review\/\"><span style=\"font-weight: 400;\">\u0130kizler incelemesi<\/span><\/a><span style=\"font-weight: 400;\">. Gemini Earn m\u00fc\u015fterileri <\/span><a href=\"https:\/\/www.bloomberg.com\/news\/articles\/2023-07-07\/winklevoss-s-gemini-crypto-exchange-sues-barry-silbert-and-dcg\" target=\"_blank\" rel=\"noopener\"><span style=\"font-weight: 400;\">geri \u00e7ekilemiyor<\/span><\/a><span style=\"font-weight: 400;\"> varl\u0131klar\u0131n\u0131 aylard\u0131r platformdan \u00e7ekmektedir ve Gemini'de kripto tutman\u0131n risklerini kavramak i\u00e7in duruma a\u015fina olmak en iyisidir.<\/span><\/p>\n<p><span style=\"font-weight: 400;\">S\u0131rada, Gemini'den Polkadot nas\u0131l sat\u0131n al\u0131n\u0131r var.<\/span><\/p>\n<h2><span class=\"ez-toc-section\" id=\"A_Step-By-Step_Guide_on_How_to_Buy_Polkadot_on_Gemini\"><\/span><span style=\"font-weight: 400;\">Gemini'de Polkadot Nas\u0131l Sat\u0131n Al\u0131n\u0131r Ad\u0131m Ad\u0131m K\u0131lavuz<\/span><span class=\"ez-toc-section-end\"><\/span><\/h2>\n<h3><span class=\"ez-toc-section\" id=\"1_Register_an_Account_and_Verify_Your_Identity\"><\/span><span style=\"font-weight: 400;\">1. Bir Hesap A\u00e7\u0131n ve Kimli\u011finizi Do\u011frulay\u0131n<\/span><span class=\"ez-toc-section-end\"><\/span><\/h3>\n<p><span style=\"font-weight: 400;\">Hadi gidelim. <\/span><a href=\"https:\/\/gemini.com\" target=\"_blank\" rel=\"noopener\"><span style=\"font-weight: 400;\">\u0130kizler<\/span><\/a><span style=\"font-weight: 400;\"> web sitesine girin ve \"Kaydol \"a t\u0131klay\u0131n.<\/span><\/p>\n<p><span style=\"font-weight: 400;\">Kaydolurken, Gemini sizden soyad\u0131n\u0131z, do\u011fum tarihiniz ve adresiniz dahil olmak \u00fczere bir\u00e7ok bilgi ister. T\u00fcm bilgileri kimli\u011finizde yaz\u0131l\u0131 oldu\u011fu gibi girmelisiniz.<\/span><\/p>\n<p><span style=\"font-weight: 400;\"><img loading=\"lazy\" decoding=\"async\" class=\"alignnone wp-image-3690 size-full\" src=\"https:\/\/coinkickoff.com\/wp-content\/uploads\/Screen-Shot-2023-04-10-at-7.45.50-AM-e1684925675301.png\" alt=\"\" width=\"1439\" height=\"791\" srcset=\"https:\/\/coinkickoff.com\/wp-content\/uploads\/Screen-Shot-2023-04-10-at-7.45.50-AM-e1684925675301.png 1439w, https:\/\/coinkickoff.com\/wp-content\/uploads\/Screen-Shot-2023-04-10-at-7.45.50-AM-e1684925675301-300x165.png 300w, https:\/\/coinkickoff.com\/wp-content\/uploads\/Screen-Shot-2023-04-10-at-7.45.50-AM-e1684925675301-1024x563.png 1024w, https:\/\/coinkickoff.com\/wp-content\/uploads\/Screen-Shot-2023-04-10-at-7.45.50-AM-e1684925675301-768x422.png 768w, https:\/\/coinkickoff.com\/wp-content\/uploads\/Screen-Shot-2023-04-10-at-7.45.50-AM-e1684925675301-18x10.png 18w\" sizes=\"auto, (max-width: 1439px) 100vw, 1439px\" \/><\/span><\/p>\n<p><span style=\"font-weight: 400;\">Devam etmek i\u00e7in \"Hesap Olu\u015ftur\" d\u00fc\u011fmesine bas\u0131n. <\/span><\/p>\n<p><span style=\"font-weight: 400;\"><img loading=\"lazy\" decoding=\"async\" class=\"alignnone wp-image-3697 size-full\" src=\"https:\/\/coinkickoff.com\/wp-content\/uploads\/Screen-Shot-2023-04-10-at-7.52.01-AM-e1684925865857.png\" alt=\"\" width=\"1274\" height=\"669\" srcset=\"https:\/\/coinkickoff.com\/wp-content\/uploads\/Screen-Shot-2023-04-10-at-7.52.01-AM-e1684925865857.png 1274w, https:\/\/coinkickoff.com\/wp-content\/uploads\/Screen-Shot-2023-04-10-at-7.52.01-AM-e1684925865857-300x158.png 300w, https:\/\/coinkickoff.com\/wp-content\/uploads\/Screen-Shot-2023-04-10-at-7.52.01-AM-e1684925865857-1024x538.png 1024w, https:\/\/coinkickoff.com\/wp-content\/uploads\/Screen-Shot-2023-04-10-at-7.52.01-AM-e1684925865857-768x403.png 768w, https:\/\/coinkickoff.com\/wp-content\/uploads\/Screen-Shot-2023-04-10-at-7.52.01-AM-e1684925865857-18x9.png 18w\" sizes=\"auto, (max-width: 1274px) 100vw, 1274px\" \/><\/span><\/p>\n<p><span style=\"font-weight: 400;\">Kimli\u011finizi do\u011frulamak i\u00e7in y\u00fcklemek istedi\u011finiz bir belge t\u00fcr\u00fc se\u00e7in. <\/span><\/p>\n<p><span style=\"font-weight: 400;\"><img loading=\"lazy\" decoding=\"async\" class=\"alignnone wp-image-3698 size-full\" src=\"https:\/\/coinkickoff.com\/wp-content\/uploads\/Screen-Shot-2023-04-10-at-7.52.08-AM-e1684925892934.png\" alt=\"\" width=\"1249\" height=\"701\" srcset=\"https:\/\/coinkickoff.com\/wp-content\/uploads\/Screen-Shot-2023-04-10-at-7.52.08-AM-e1684925892934.png 1249w, https:\/\/coinkickoff.com\/wp-content\/uploads\/Screen-Shot-2023-04-10-at-7.52.08-AM-e1684925892934-300x168.png 300w, https:\/\/coinkickoff.com\/wp-content\/uploads\/Screen-Shot-2023-04-10-at-7.52.08-AM-e1684925892934-1024x575.png 1024w, https:\/\/coinkickoff.com\/wp-content\/uploads\/Screen-Shot-2023-04-10-at-7.52.08-AM-e1684925892934-768x431.png 768w, https:\/\/coinkickoff.com\/wp-content\/uploads\/Screen-Shot-2023-04-10-at-7.52.08-AM-e1684925892934-18x10.png 18w, https:\/\/coinkickoff.com\/wp-content\/uploads\/Screen-Shot-2023-04-10-at-7.52.08-AM-e1684925892934-600x338.png 600w\" sizes=\"auto, (max-width: 1249px) 100vw, 1249px\" \/><\/span><\/p>\n<p><span style=\"font-weight: 400;\">\"Get Secure link \"e bas\u0131n. Telefonunuzda, y\u00fckleme sayfas\u0131na eri\u015fmek i\u00e7in ba\u011flant\u0131ya t\u0131klay\u0131n ve kayd\u0131 tamamlay\u0131n. Do\u011frulama tamamlanana kadar web sayfas\u0131n\u0131 kapatmay\u0131n.<\/span><\/p>\n<h3><span class=\"ez-toc-section\" id=\"2_Add_a_Payment_Method\"><\/span><span style=\"font-weight: 400;\">2. \u00d6deme Y\u00f6ntemi Ekleme<\/span><span class=\"ez-toc-section-end\"><\/span><\/h3>\n<p><span style=\"font-weight: 400;\">Kontrol panelinizdeki \"Hesap\" d\u00fc\u011fmesine bas\u0131n ve <\/span><a href=\"https:\/\/exchange.gemini.com\/settings\/bank\" target=\"_blank\" rel=\"noopener\"><span style=\"font-weight: 400;\">\u00d6deme Y\u00f6ntemleri<\/span><\/a><span style=\"font-weight: 400;\">. Ard\u0131ndan, bir \u00f6deme y\u00f6ntemi ekleyeceksiniz.<\/span><\/p>\n<p><span style=\"font-weight: 400;\">\"Manuel Olarak Bir Banka Hesab\u0131 Ekle\" se\u00e7ene\u011fine t\u0131klarsan\u0131z, \u00e7evrimi\u00e7i banka hesab\u0131n\u0131z\u0131 Gemini'ye ba\u011flamak i\u00e7in talimatlar alacaks\u0131n\u0131z. Yurti\u00e7i banka transferleri genellikle \u00fccretsizdir ancak 5 i\u015f g\u00fcn\u00fcne kadar s\u00fcrebilir.\u00a0<\/span><\/p>\n<p><span style=\"font-weight: 400;\">Alternatif olarak, an\u0131nda kripto al\u0131mlar\u0131 i\u00e7in hesab\u0131n\u0131za bir banka kart\u0131 ba\u011flayabilirsiniz. Bir kart ekledikten sonra, Gemini'nin Kolay Sat\u0131n Alma i\u015flevi arac\u0131l\u0131\u011f\u0131yla birka\u00e7 dakika i\u00e7inde Polkadot ve di\u011fer para birimlerini sat\u0131n alabilirsiniz.<\/span><\/p>\n<p><span style=\"font-weight: 400;\">Ancak, banka kart\u0131 ile yap\u0131lan al\u0131\u015fveri\u015fler banka havalelerine g\u00f6re daha pahal\u0131d\u0131r. <\/span><\/p>\n<p><span style=\"font-weight: 400;\"><img loading=\"lazy\" decoding=\"async\" class=\"alignnone wp-image-3699 size-full\" src=\"https:\/\/coinkickoff.com\/wp-content\/uploads\/Screen-Shot-2023-04-10-at-8.05.13-AM-e1684925923198.png\" alt=\"\" width=\"1331\" height=\"680\" srcset=\"https:\/\/coinkickoff.com\/wp-content\/uploads\/Screen-Shot-2023-04-10-at-8.05.13-AM-e1684925923198.png 1331w, https:\/\/coinkickoff.com\/wp-content\/uploads\/Screen-Shot-2023-04-10-at-8.05.13-AM-e1684925923198-300x153.png 300w, https:\/\/coinkickoff.com\/wp-content\/uploads\/Screen-Shot-2023-04-10-at-8.05.13-AM-e1684925923198-1024x523.png 1024w, https:\/\/coinkickoff.com\/wp-content\/uploads\/Screen-Shot-2023-04-10-at-8.05.13-AM-e1684925923198-768x392.png 768w, https:\/\/coinkickoff.com\/wp-content\/uploads\/Screen-Shot-2023-04-10-at-8.05.13-AM-e1684925923198-18x9.png 18w\" sizes=\"auto, (max-width: 1331px) 100vw, 1331px\" \/><\/span><\/p>\n<p><span style=\"font-weight: 400;\">Eklemek istedi\u011finiz y\u00f6ntemi se\u00e7in ve \"Ekle \"ye t\u0131klay\u0131n. Birden fazla \u00f6deme y\u00f6ntemi ekleyebilirsiniz.<\/span><\/p>\n<p><span style=\"font-weight: 400;\">\"Banka Hesab\u0131n\u0131 Manuel Olarak\" se\u00e7erseniz, ekrandaki talimatlar\u0131 izleyin. Bir banka kart\u0131 eklemek i\u00e7in a\u015fa\u011f\u0131daki talimatlar\u0131 izleyin.<\/span><\/p>\n<p><span style=\"font-weight: 400;\"><img loading=\"lazy\" decoding=\"async\" class=\"alignnone wp-image-3700 size-full\" src=\"https:\/\/coinkickoff.com\/wp-content\/uploads\/Screen-Shot-2023-04-10-at-8.07.32-AM-e1684925955355.png\" alt=\"\" width=\"1180\" height=\"759\" srcset=\"https:\/\/coinkickoff.com\/wp-content\/uploads\/Screen-Shot-2023-04-10-at-8.07.32-AM-e1684925955355.png 1180w, https:\/\/coinkickoff.com\/wp-content\/uploads\/Screen-Shot-2023-04-10-at-8.07.32-AM-e1684925955355-300x193.png 300w, https:\/\/coinkickoff.com\/wp-content\/uploads\/Screen-Shot-2023-04-10-at-8.07.32-AM-e1684925955355-1024x659.png 1024w, https:\/\/coinkickoff.com\/wp-content\/uploads\/Screen-Shot-2023-04-10-at-8.07.32-AM-e1684925955355-768x494.png 768w, https:\/\/coinkickoff.com\/wp-content\/uploads\/Screen-Shot-2023-04-10-at-8.07.32-AM-e1684925955355-18x12.png 18w\" sizes=\"auto, (max-width: 1180px) 100vw, 1180px\" \/><\/span><\/p>\n<p><span style=\"font-weight: 400;\">Banka kart\u0131n\u0131z\u0131n para birimini se\u00e7in. Gemini USD, EUR, CAD, AUD, GBP, HKD ve SGD'yi destekler.<\/span><\/p>\n<p><span style=\"font-weight: 400;\"><img loading=\"lazy\" decoding=\"async\" class=\"alignnone wp-image-3701 size-full\" src=\"https:\/\/coinkickoff.com\/wp-content\/uploads\/Screen-Shot-2023-04-10-at-8.07.43-AM-e1684925980171.png\" alt=\"\" width=\"1231\" height=\"777\" srcset=\"https:\/\/coinkickoff.com\/wp-content\/uploads\/Screen-Shot-2023-04-10-at-8.07.43-AM-e1684925980171.png 1231w, https:\/\/coinkickoff.com\/wp-content\/uploads\/Screen-Shot-2023-04-10-at-8.07.43-AM-e1684925980171-300x189.png 300w, https:\/\/coinkickoff.com\/wp-content\/uploads\/Screen-Shot-2023-04-10-at-8.07.43-AM-e1684925980171-1024x646.png 1024w, https:\/\/coinkickoff.com\/wp-content\/uploads\/Screen-Shot-2023-04-10-at-8.07.43-AM-e1684925980171-768x485.png 768w, https:\/\/coinkickoff.com\/wp-content\/uploads\/Screen-Shot-2023-04-10-at-8.07.43-AM-e1684925980171-18x12.png 18w\" sizes=\"auto, (max-width: 1231px) 100vw, 1231px\" \/><\/span><\/p>\n<p><span style=\"font-weight: 400;\">Bir fatura adresi ekleyin.<\/span><\/p>\n<p><span style=\"font-weight: 400;\"><img loading=\"lazy\" decoding=\"async\" class=\"alignnone wp-image-3702 size-full\" src=\"https:\/\/coinkickoff.com\/wp-content\/uploads\/Screen-Shot-2023-04-10-at-8.08.21-AM-e1684926023269.png\" alt=\"\" width=\"1206\" height=\"770\" srcset=\"https:\/\/coinkickoff.com\/wp-content\/uploads\/Screen-Shot-2023-04-10-at-8.08.21-AM-e1684926023269.png 1206w, https:\/\/coinkickoff.com\/wp-content\/uploads\/Screen-Shot-2023-04-10-at-8.08.21-AM-e1684926023269-300x192.png 300w, https:\/\/coinkickoff.com\/wp-content\/uploads\/Screen-Shot-2023-04-10-at-8.08.21-AM-e1684926023269-1024x654.png 1024w, https:\/\/coinkickoff.com\/wp-content\/uploads\/Screen-Shot-2023-04-10-at-8.08.21-AM-e1684926023269-768x490.png 768w, https:\/\/coinkickoff.com\/wp-content\/uploads\/Screen-Shot-2023-04-10-at-8.08.21-AM-e1684926023269-18x12.png 18w\" sizes=\"auto, (max-width: 1206px) 100vw, 1206px\" \/><\/span><\/p>\n<p><span style=\"font-weight: 400;\">Adres bilgilerinizi do\u011frulay\u0131n.<\/span><\/p>\n<p><span style=\"font-weight: 400;\"><img loading=\"lazy\" decoding=\"async\" class=\"alignnone wp-image-3703 size-full\" src=\"https:\/\/coinkickoff.com\/wp-content\/uploads\/Screen-Shot-2023-04-10-at-8.08.37-AM-e1684926046103.png\" alt=\"\" width=\"1216\" height=\"752\" srcset=\"https:\/\/coinkickoff.com\/wp-content\/uploads\/Screen-Shot-2023-04-10-at-8.08.37-AM-e1684926046103.png 1216w, https:\/\/coinkickoff.com\/wp-content\/uploads\/Screen-Shot-2023-04-10-at-8.08.37-AM-e1684926046103-300x186.png 300w, https:\/\/coinkickoff.com\/wp-content\/uploads\/Screen-Shot-2023-04-10-at-8.08.37-AM-e1684926046103-1024x633.png 1024w, https:\/\/coinkickoff.com\/wp-content\/uploads\/Screen-Shot-2023-04-10-at-8.08.37-AM-e1684926046103-768x475.png 768w, https:\/\/coinkickoff.com\/wp-content\/uploads\/Screen-Shot-2023-04-10-at-8.08.37-AM-e1684926046103-18x12.png 18w\" sizes=\"auto, (max-width: 1216px) 100vw, 1216px\" \/><\/span><\/p>\n<p><span style=\"font-weight: 400;\">Kart bilgilerinizi girin. Sadece banka kartlar\u0131n\u0131n desteklendi\u011fini l\u00fctfen unutmay\u0131n - kredi kartlar\u0131 kabul edilmeyecektir.<\/span><\/p>\n<h3><span class=\"ez-toc-section\" id=\"3_Navigate_to_the_Relevant_Screen_to_Buy\"><\/span><span style=\"font-weight: 400;\">3. Sat\u0131n Almak i\u00e7in \u0130lgili Ekrana Gidin<\/span><span class=\"ez-toc-section-end\"><\/span><\/h3>\n<p><span style=\"font-weight: 400;\">Kontrol panelinizdeki \"Market \"e t\u0131klay\u0131n. Polkadot'yi g\u00f6rmek i\u00e7in \"pazar ara\" alan\u0131na \"DOT\" yaz\u0131n.<\/span><\/p>\n<p><span style=\"font-weight: 400;\"><img loading=\"lazy\" decoding=\"async\" class=\"alignnone wp-image-3704 size-full\" src=\"https:\/\/coinkickoff.com\/wp-content\/uploads\/Screen-Shot-2023-04-10-at-8.17.54-AM-e1684926106937.png\" alt=\"\" width=\"1393\" height=\"766\" srcset=\"https:\/\/coinkickoff.com\/wp-content\/uploads\/Screen-Shot-2023-04-10-at-8.17.54-AM-e1684926106937.png 1393w, https:\/\/coinkickoff.com\/wp-content\/uploads\/Screen-Shot-2023-04-10-at-8.17.54-AM-e1684926106937-300x165.png 300w, https:\/\/coinkickoff.com\/wp-content\/uploads\/Screen-Shot-2023-04-10-at-8.17.54-AM-e1684926106937-1024x563.png 1024w, https:\/\/coinkickoff.com\/wp-content\/uploads\/Screen-Shot-2023-04-10-at-8.17.54-AM-e1684926106937-768x422.png 768w, https:\/\/coinkickoff.com\/wp-content\/uploads\/Screen-Shot-2023-04-10-at-8.17.54-AM-e1684926106937-18x10.png 18w\" sizes=\"auto, (max-width: 1393px) 100vw, 1393px\" \/><\/span><\/p>\n<p><span style=\"font-weight: 400;\">\"Detaylar\u0131 G\u00f6r\u00fcnt\u00fcle \"ye t\u0131klad\u0131\u011f\u0131n\u0131zda, Polkadot i\u00e7in \"Kolay Sat\u0131n Alma\" sayfas\u0131na y\u00f6nlendirileceksiniz. <\/span><\/p>\n<p><img loading=\"lazy\" decoding=\"async\" class=\"alignnone wp-image-3706 size-full\" src=\"https:\/\/coinkickoff.com\/wp-content\/uploads\/Screen-Shot-2023-04-10-at-8.20.19-AM-e1684926155864.png\" alt=\"Gemini&#039;de Cardano Nas\u0131l Sat\u0131n Al\u0131n\u0131r Gemini&#039;de Polygon Nas\u0131l Sat\u0131n Al\u0131n\u0131r Gemini&#039;de Polkadot Nas\u0131l Sat\u0131n Al\u0131n\u0131r\" width=\"1393\" height=\"766\" srcset=\"https:\/\/coinkickoff.com\/wp-content\/uploads\/Screen-Shot-2023-04-10-at-8.20.19-AM-e1684926155864.png 1393w, https:\/\/coinkickoff.com\/wp-content\/uploads\/Screen-Shot-2023-04-10-at-8.20.19-AM-e1684926155864-300x165.png 300w, https:\/\/coinkickoff.com\/wp-content\/uploads\/Screen-Shot-2023-04-10-at-8.20.19-AM-e1684926155864-1024x563.png 1024w, https:\/\/coinkickoff.com\/wp-content\/uploads\/Screen-Shot-2023-04-10-at-8.20.19-AM-e1684926155864-768x422.png 768w, https:\/\/coinkickoff.com\/wp-content\/uploads\/Screen-Shot-2023-04-10-at-8.20.19-AM-e1684926155864-18x10.png 18w\" sizes=\"auto, (max-width: 1393px) 100vw, 1393px\" \/><\/p>\n<p><span style=\"font-weight: 400;\">Polkadot'in zaman i\u00e7indeki fiyat performans\u0131n\u0131 g\u00f6rmek i\u00e7in soldaki grafikleri kullanabilirsiniz.\u00a0<\/span><\/p>\n<p><span style=\"font-weight: 400;\">Sa\u011f tarafta kolay sat\u0131n alma formunu g\u00f6receksiniz.\u00a0<\/span><\/p>\n<p><span style=\"font-weight: 400;\">\"Ne S\u0131kl\u0131kta?\" \"Bir Kez\" olarak ayarlanm\u0131\u015ft\u0131r, ancak periyodik otomatik sat\u0131n alma emirleri vermek i\u00e7in bunu de\u011fi\u015ftirebilirsiniz. \u00d6rne\u011fin, portf\u00f6y\u00fcn\u00fcz\u00fc geli\u015ftirmek i\u00e7in Gemini'nin her hafta 10 dolar de\u011ferinde DOT sat\u0131n almas\u0131n\u0131 sa\u011flayabilirsiniz.<\/span><\/p>\n<p><span style=\"font-weight: 400;\">Sat\u0131n alma i\u015fleminizi tamamlamak i\u00e7in Polkadot'ye yat\u0131rmak istedi\u011finiz tutar\u0131 girin ve bir \u00f6deme y\u00f6ntemi se\u00e7in.\u00a0<\/span><\/p>\n<p><span style=\"font-weight: 400;\">\"Sipari\u015fi \u0130ncele \"ye t\u0131klay\u0131n ve Gemini'nin ald\u0131\u011f\u0131 \u00fccretleri kontrol edin. Alaca\u011f\u0131n\u0131z DOT miktar\u0131n\u0131 g\u00f6receksiniz. Onayl\u0131yorsan\u0131z, \"Sat\u0131n Al \"a t\u0131klay\u0131n. \"Kolay Al\u0131m\" fiyatlar\u0131n\u0131n genellikle varl\u0131\u011f\u0131n fiyat\u0131na eklenen gizli bir \"spread \u00fccreti\" i\u00e7erdi\u011fini unutmay\u0131n.<\/span><\/p>\n<p><span style=\"font-weight: 400;\">DOT token'leriniz Gemini c\u00fczdan\u0131n\u0131za eklenecektir.<\/span><\/p>\n<h4><span class=\"ez-toc-section\" id=\"Active_Trading\"><\/span><span style=\"font-weight: 400;\">Aktif Ticaret<\/span><span class=\"ez-toc-section-end\"><\/span><\/h4>\n<p><span style=\"font-weight: 400;\">Bir banka hesab\u0131 eklediyseniz ve Gemini'ye nakit para yat\u0131rd\u0131ysan\u0131z veya Gemini c\u00fczdan\u0131n\u0131zda dijital para birimleriniz varsa, Polkadot ve di\u011fer kripto paralar\u0131 sat\u0131n almak i\u00e7in spot piyasay\u0131 kullanabilirsiniz.<\/span><\/p>\n<p><span style=\"font-weight: 400;\">Spot piyasa fiyatlar\u0131 \"Easy Buy \"dan \u00e7ok daha ucuzdur ve \u00fccretler daha d\u00fc\u015f\u00fckt\u00fcr.\u00a0<\/span><\/p>\n<p><span style=\"font-weight: 400;\">Spot piyasaya eri\u015fmek i\u00e7in \"Kolay Al\u0131m\" sayfas\u0131ndaki \"Aktif \u0130\u015flemciye Ge\u00e7\" se\u00e7ene\u011fine t\u0131klay\u0131n.\u00a0<\/span><\/p>\n<p><span style=\"font-weight: 400;\">DOT e\u015fle\u015ftirmelerini aramak i\u00e7in piyasan\u0131n arama i\u015flevini kullan\u0131n. E\u011fer DOT\/USD veya DOT\/EUR e\u015fle\u015fmesi g\u00f6remiyorsan\u0131z, sat\u0131n alabilirsiniz <a href=\"https:\/\/coinkickoff.com\/tr\/tether-usdt\/\" data-internallinksmanager029f6b8e52c=\"3\" title=\"Tether (USDT) Nedir? Nas\u0131l \u00c7al\u0131\u015f\u0131r ve Nereden Al\u0131n\u0131r?\">USDT<\/a> veya <a href=\"https:\/\/coinkickoff.com\/tr\/usd-coin-usdc\/\" data-internallinksmanager029f6b8e52c=\"8\" title=\"USD Coin (USDC) nedir? Nas\u0131l \u00c7al\u0131\u015f\u0131r ve Nereden Al\u0131n\u0131r?\">USDC<\/a> ve ard\u0131ndan bu token'leri DOT ile takas edin.<\/span><\/p>\n<p><span style=\"font-weight: 400;\">Sat\u0131n alma i\u015fleminizi tamamlamak i\u00e7in sipari\u015f formunu doldurun.<\/span><\/p>\n<p><span style=\"font-weight: 400;\">E\u011fer bizim \"<\/span><i><span style=\"font-weight: 400;\">Gemini'de DOT Nas\u0131l Sat\u0131n Al\u0131n\u0131r\" <\/span><\/i><span style=\"font-weight: 400;\">rehberimize g\u00f6z atmak isteyebilirsiniz. <\/span><a href=\"https:\/\/coinkickoff.com\/tr\/crypto-exchanges\/\"><span style=\"font-weight: 400;\">de\u011fi\u015fim incelemeleri<\/span><\/a><span style=\"font-weight: 400;\"> ve di\u011fer rehberler.<\/span><\/p>","protected":false},"excerpt":{"rendered":"<p>Gemini'de Polkadot Nas\u0131l Sat\u0131n Al\u0131n\u0131r Gemini'de Polkadot (DOT) sat\u0131n almak istiyorsan\u0131z do\u011fru yerdesiniz. Gemini'den nas\u0131l Polkadot sat\u0131n alaca\u011f\u0131n\u0131z\u0131 \u00f6\u011frenmek i\u00e7in \u00fc\u00e7 ad\u0131ml\u0131 k\u0131lavuzumuzu izleyin. Ancak ba\u015flamadan \u00f6nce, l\u00fctfen Gemini incelememize g\u00f6z at\u0131n. Gemini Earn m\u00fc\u015fterileri varl\u0131klar\u0131n\u0131 [...]'den \u00e7ekemediler.<\/p>","protected":false},"author":3,"featured_media":0,"parent":4215,"menu_order":0,"comment_status":"closed","ping_status":"closed","template":"","meta":{"_genesis_hide_title":false,"_genesis_hide_breadcrumbs":false,"_genesis_hide_singular_image":false,"_genesis_hide_footer_widgets":false,"_genesis_custom_body_class":"","_genesis_custom_post_class":"","_genesis_layout":"","_glsr_average":0,"_glsr_ranking":0,"_glsr_reviews":0,"footnotes":""},"class_list":{"0":"post-4236","1":"page","2":"type-page","3":"status-publish","5":"entry"},"featured_image_src":null,"featured_image_src_square":null,"_links":{"self":[{"href":"https:\/\/coinkickoff.com\/tr\/wp-json\/wp\/v2\/pages\/4236","targetHints":{"allow":["GET"]}}],"collection":[{"href":"https:\/\/coinkickoff.com\/tr\/wp-json\/wp\/v2\/pages"}],"about":[{"href":"https:\/\/coinkickoff.com\/tr\/wp-json\/wp\/v2\/types\/page"}],"author":[{"embeddable":true,"href":"https:\/\/coinkickoff.com\/tr\/wp-json\/wp\/v2\/users\/3"}],"replies":[{"embeddable":true,"href":"https:\/\/coinkickoff.com\/tr\/wp-json\/wp\/v2\/comments?post=4236"}],"version-history":[{"count":2,"href":"https:\/\/coinkickoff.com\/tr\/wp-json\/wp\/v2\/pages\/4236\/revisions"}],"predecessor-version":[{"id":4238,"href":"https:\/\/coinkickoff.com\/tr\/wp-json\/wp\/v2\/pages\/4236\/revisions\/4238"}],"up":[{"embeddable":true,"href":"https:\/\/coinkickoff.com\/tr\/wp-json\/wp\/v2\/pages\/4215"}],"wp:attachment":[{"href":"https:\/\/coinkickoff.com\/tr\/wp-json\/wp\/v2\/media?parent=4236"}],"curies":[{"name":"wp","href":"https:\/\/api.w.org\/{rel}","templated":true}]}}