{"id":4172,"date":"2026-01-08T14:07:22","date_gmt":"2026-01-08T14:07:22","guid":{"rendered":"https:\/\/coinkickoff.com\/?page_id=4172"},"modified":"2026-01-08T14:07:22","modified_gmt":"2026-01-08T14:07:22","slug":"__trashed","status":"publish","type":"page","link":"https:\/\/coinkickoff.com\/tr\/how-to-buy-ethereum\/__trashed\/","title":{"rendered":"Bitfinex'te Ethereum Nas\u0131l Sat\u0131n Al\u0131n\u0131r"},"content":{"rendered":"<div id=\"ez-toc-container\" class=\"ez-toc-v2_0_80 counter-hierarchy ez-toc-counter ez-toc-transparent ez-toc-container-direction\">\n<div class=\"ez-toc-title-container\">\n<p class=\"ez-toc-title\" style=\"cursor:inherit\">B\u00f6l\u00fcmler<\/p>\n<span class=\"ez-toc-title-toggle\"><a href=\"#\" class=\"ez-toc-pull-right ez-toc-btn ez-toc-btn-xs ez-toc-btn-default ez-toc-toggle\" aria-label=\"\u0130\u00e7indekiler Tablosunu A\u00e7\/Kapat\"><span class=\"ez-toc-js-icon-con\"><span class=\"\"><span class=\"eztoc-hide\" style=\"display:none;\">Ge\u00e7i\u015f<\/span><span class=\"ez-toc-icon-toggle-span\"><svg style=\"fill: #999;color:#999\" xmlns=\"http:\/\/www.w3.org\/2000\/svg\" class=\"list-377408\" width=\"20px\" height=\"20px\" viewbox=\"0 0 24 24\" fill=\"none\"><path d=\"M6 6H4v2h2V6zm14 0H8v2h12V6zM4 11h2v2H4v-2zm16 0H8v2h12v-2zM4 16h2v2H4v-2zm16 0H8v2h12v-2z\" fill=\"currentColor\"><\/path><\/svg><svg style=\"fill: #999;color:#999\" class=\"arrow-unsorted-368013\" xmlns=\"http:\/\/www.w3.org\/2000\/svg\" width=\"10px\" height=\"10px\" viewbox=\"0 0 24 24\" version=\"1.2\" baseprofile=\"tiny\"><path d=\"M18.2 9.3l-6.2-6.3-6.2 6.3c-.2.2-.3.4-.3.7s.1.5.3.7c.2.2.4.3.7.3h11c.3 0 .5-.1.7-.3.2-.2.3-.5.3-.7s-.1-.5-.3-.7zM5.8 14.7l6.2 6.3 6.2-6.3c.2-.2.3-.5.3-.7s-.1-.5-.3-.7c-.2-.2-.4-.3-.7-.3h-11c-.3 0-.5.1-.7.3-.2.2-.3.5-.3.7s.1.5.3.7z\"\/><\/svg><\/span><\/span><\/span><\/a><\/span><\/div>\n<nav><ul class='ez-toc-list ez-toc-list-level-1 eztoc-toggle-hide-by-default' ><li class='ez-toc-page-1 ez-toc-heading-level-1'><a class=\"ez-toc-link ez-toc-heading-1\" href=\"https:\/\/coinkickoff.com\/tr\/how-to-buy-ethereum\/__trashed\/#How_to_Buy_Ethereum_on_Bitfinex\" >Bitfinex'te Ethereum Nas\u0131l Sat\u0131n Al\u0131n\u0131r<\/a><ul class='ez-toc-list-level-2' ><li class='ez-toc-heading-level-2'><a class=\"ez-toc-link ez-toc-heading-2\" href=\"https:\/\/coinkickoff.com\/tr\/how-to-buy-ethereum\/__trashed\/#A_Step-By-Step_Guide_on_How_to_Buy_Ethereum_on_Bitfinex\" >Bitfinex'te Ethereum Nas\u0131l Sat\u0131n Al\u0131n\u0131r Ad\u0131m Ad\u0131m K\u0131lavuz<\/a><ul class='ez-toc-list-level-3' ><li class='ez-toc-heading-level-3'><a class=\"ez-toc-link ez-toc-heading-3\" href=\"https:\/\/coinkickoff.com\/tr\/how-to-buy-ethereum\/__trashed\/#1_Register_an_Account_on_Bitfinex\" >1. Bitfinex'te Bir Hesap A\u00e7\u0131n<\/a><\/li><li class='ez-toc-page-1 ez-toc-heading-level-3'><a class=\"ez-toc-link ez-toc-heading-4\" href=\"https:\/\/coinkickoff.com\/tr\/how-to-buy-ethereum\/__trashed\/#2_Get_Verified_on_Bitfinex\" >2. Bitfinex'te Do\u011frulama Al\u0131n<\/a><\/li><li class='ez-toc-page-1 ez-toc-heading-level-3'><a class=\"ez-toc-link ez-toc-heading-5\" href=\"https:\/\/coinkickoff.com\/tr\/how-to-buy-ethereum\/__trashed\/#3_Deposit_FundsCrypto\" >3. Mevduat Fonlar\u0131\/Kripto<\/a><\/li><li class='ez-toc-page-1 ez-toc-heading-level-3'><a class=\"ez-toc-link ez-toc-heading-6\" href=\"https:\/\/coinkickoff.com\/tr\/how-to-buy-ethereum\/__trashed\/#4_Navigate_to_the_Relevant_Screen_to_Buy\" >4. Sat\u0131n Almak i\u00e7in \u0130lgili Ekrana Gidin<\/a><\/li><\/ul><\/li><\/ul><\/li><\/ul><\/nav><\/div>\n<h1><span class=\"ez-toc-section\" id=\"How_to_Buy_Ethereum_on_Bitfinex\"><\/span><span style=\"font-weight: 400;\">Bitfinex'te Ethereum Nas\u0131l Sat\u0131n Al\u0131n\u0131r<\/span><span class=\"ez-toc-section-end\"><\/span><\/h1>\n<p><span style=\"font-weight: 400;\">Sat\u0131n almak istiyor musunuz? <a href=\"https:\/\/coinkickoff.com\/tr\/ethereum-eth\/\" data-internallinksmanager029f6b8e52c=\"2\" title=\"Ethereum (ETH) Nedir? Fiyat, Tarih\u00e7e ve Nereden Al\u0131n\u0131r\">Ethereum<\/a> \u00fczerinde <a href=\"https:\/\/coinkickoff.com\/tr\/bitfinex-review\/\">Bitfinex<\/a>? Ad\u0131m ad\u0131m talimatlarla sizin i\u00e7in do\u011fru rehbere sahibiz. \u0130\u015fte Ethereum'yi nas\u0131l sat\u0131n alaca\u011f\u0131n\u0131z <a href=\"https:\/\/coinkickoff.com\/tr\/bitfinex-review\/\" data-internallinksmanager029f6b8e52c=\"151\" title=\"Bitfinex Yorumlar\u0131 2023: \u00dccretler, \u00d6zellikler, G\u00fcvenlik, Art\u0131lar\u0131 ve Eksileri\">Bitfinex<\/a>.<\/span><\/p>\n<h2><span class=\"ez-toc-section\" id=\"A_Step-By-Step_Guide_on_How_to_Buy_Ethereum_on_Bitfinex\"><\/span><span style=\"font-weight: 400;\">Bitfinex'te Ethereum Nas\u0131l Sat\u0131n Al\u0131n\u0131r Ad\u0131m Ad\u0131m K\u0131lavuz<\/span><span class=\"ez-toc-section-end\"><\/span><\/h2>\n<h3><span class=\"ez-toc-section\" id=\"1_Register_an_Account_on_Bitfinex\"><\/span><span style=\"font-weight: 400;\">1. Bitfinex'te Bir Hesap A\u00e7\u0131n<\/span><span class=\"ez-toc-section-end\"><\/span><\/h3>\n<p><span style=\"font-weight: 400;\">Ba\u015flamak i\u00e7in bir <\/span><a href=\"https:\/\/www.bitfinex.com\/sign-up?refcode=kjCYk-CZD\" target=\"_blank\" rel=\"noopener\"><span style=\"font-weight: 400;\">Bitfinex hesab\u0131.<\/span><\/a><\/p>\n<p><img loading=\"lazy\" decoding=\"async\" class=\"alignnone wp-image-3138 size-full\" src=\"https:\/\/coinkickoff.com\/wp-content\/uploads\/bitfinex-exchange.jpg\" alt=\"Bitfinex Borsas\u0131 Bitfinex&#039;te Ethereum Nas\u0131l Sat\u0131n Al\u0131n\u0131r\" width=\"1876\" height=\"916\" srcset=\"https:\/\/coinkickoff.com\/wp-content\/uploads\/bitfinex-exchange.jpg 1876w, https:\/\/coinkickoff.com\/wp-content\/uploads\/bitfinex-exchange-300x146.jpg 300w, https:\/\/coinkickoff.com\/wp-content\/uploads\/bitfinex-exchange-1024x500.jpg 1024w, https:\/\/coinkickoff.com\/wp-content\/uploads\/bitfinex-exchange-768x375.jpg 768w, https:\/\/coinkickoff.com\/wp-content\/uploads\/bitfinex-exchange-1536x750.jpg 1536w, https:\/\/coinkickoff.com\/wp-content\/uploads\/bitfinex-exchange-18x9.jpg 18w\" sizes=\"auto, (max-width: 1876px) 100vw, 1876px\" \/><\/p>\n<p><span style=\"font-weight: 400;\">Kaydolduktan sonra, hesab\u0131n\u0131z\u0131 g\u00fcvence alt\u0131na almak i\u00e7in iki fakt\u00f6rl\u00fc kimlik do\u011frulamay\u0131 etkinle\u015ftirin.<\/span><\/p>\n<p><span style=\"font-weight: 400;\">\u0130lk giri\u015finizden sonra 2FA'y\u0131 kapatabilirsiniz, ancak hesab\u0131n\u0131z\u0131 bilgisayar korsanlar\u0131ndan korumak i\u00e7in etkin tutman\u0131z \u00f6nerilir.<\/span><\/p>\n<p><span style=\"font-weight: 400;\">\u0130ki fakt\u00f6rl\u00fc kimlik do\u011frulamay\u0131 etkinle\u015ftirmek olduk\u00e7a basittir: Sunulan y\u00f6ntemlerden birini se\u00e7in ve \u201cAyarla\u201d d\u00fc\u011fmesine bas\u0131n.\u201d<\/span><\/p>\n<p><span style=\"font-weight: 400;\">Elbette, \u00e7al\u0131\u015fmas\u0131n\u0131 sa\u011flamak i\u00e7in Google Authenticator uygulamas\u0131na ihtiyac\u0131n\u0131z var. Devam etmek i\u00e7in ekrandaki talimatlar\u0131 izleyin. \u0130\u015finiz bitti\u011finde, Bitfinex 2FA'y\u0131 etkinle\u015ftirdi\u011finizi onaylamak i\u00e7in size bir e-posta g\u00f6nderecektir.<\/span><\/p>\n<h3><span class=\"ez-toc-section\" id=\"2_Get_Verified_on_Bitfinex\"><\/span><span style=\"font-weight: 400;\">2. Bitfinex'te Do\u011frulama Al\u0131n<\/span><span class=\"ez-toc-section-end\"><\/span><\/h3>\n<p><span style=\"font-weight: 400;\">Bir sonraki ad\u0131m, platformda kimli\u011finizi do\u011frulamakt\u0131r. \u00c7o\u011fu borsa gibi Bitfinex'in de standart bir kimlik do\u011frulama s\u00fcreci vard\u0131r. Ba\u015flamak i\u00e7in, kontrol panelinizdeki profil logosu arac\u0131l\u0131\u011f\u0131yla profilinize gidin ve \u201cDo\u011frulama \u201dy\u0131 se\u00e7in.\u201d<\/span><\/p>\n<p><span style=\"font-weight: 400;\">Fiat para ile borsada Ethereum gibi dijital varl\u0131klar sat\u0131n almak i\u00e7in en az orta seviye do\u011frulamay\u0131 tamamlaman\u0131z gerekir. Elbette, tek yapmak istedi\u011finiz kripto para birimi \u00e7iftleri ticareti yapmaksa, \u00f6rne\u011fin, ticaret <a href=\"https:\/\/coinkickoff.com\/tr\/bitcoin-btc\/\" data-internallinksmanager029f6b8e52c=\"1\" title=\"Bitcoin (BTC) Nedir? Fiyat, Tarih\u00e7e ve Nereden Al\u0131n\u0131r\">Bitcoin<\/a> Ethereum i\u00e7in bu ad\u0131m\u0131 atlayabilirsiniz.<\/span><\/p>\n<p><span style=\"font-weight: 400;\">Ara do\u011frulama, Bitfinex Pay Merchants arac\u0131l\u0131\u011f\u0131yla bir kredi kart\u0131yla ETH sat\u0131n alman\u0131za veya SEPA arac\u0131l\u0131\u011f\u0131yla nakit para yat\u0131rman\u0131za olanak tan\u0131r. Tam do\u011frulamay\u0131 tamamlad\u0131ktan sonra banka havalesi yapabilirsiniz.<\/span><\/p>\n<p><span style=\"font-weight: 400;\">Devam etmek i\u00e7in \u201cDo\u011frulamay\u0131 Ba\u015flat\u201d d\u00fc\u011fmesine bas\u0131n.<\/span><\/p>\n<p><span style=\"font-weight: 400;\">\u00d6nerilen kimlik t\u00fcrlerini g\u00f6rmek i\u00e7in ikamet etti\u011finiz \u00fclkenin ad\u0131n\u0131 girin. G\u00f6ndermek istedi\u011finiz kimli\u011fi se\u00e7in ve \u201cDevam\u201d d\u00fc\u011fmesine bas\u0131n.\u201d<\/span><\/p>\n<p><span style=\"font-weight: 400;\">Devam etmek i\u00e7in bir mobil cihaza ihtiyac\u0131n\u0131z olacak: Kodu taramak ve y\u00fckleme sayfas\u0131n\u0131 a\u00e7mak i\u00e7in telefonunuzun kameras\u0131n\u0131 kullan\u0131n. Ard\u0131ndan gerekli resimleri g\u00f6nderebilirsiniz.<\/span><\/p>\n<h3><span class=\"ez-toc-section\" id=\"3_Deposit_FundsCrypto\"><\/span><span style=\"font-weight: 400;\">3. Mevduat Fonlar\u0131\/Kripto<\/span><span class=\"ez-toc-section-end\"><\/span><\/h3>\n<p><span style=\"font-weight: 400;\">\u015eimdi para yat\u0131rma zaman\u0131: Bitfinex'te Ethereum i\u00e7in i\u015flem yapmak istedi\u011finiz dijital varl\u0131klar\u0131n\u0131z varsa, \u00f6nce bu varl\u0131klar\u0131 Bitfinex hesab\u0131n\u0131za aktarman\u0131z gerekir. Platforma g\u00f6nderebilece\u011finiz varl\u0131klar\u0131n bir listesini g\u00f6rmek i\u00e7in \u201cPara Yat\u0131rma\u201d se\u00e7ene\u011fini se\u00e7in.<\/span><\/p>\n<p><span style=\"font-weight: 400;\">Varl\u0131\u011f\u0131n\u0131z\u0131 se\u00e7tikten sonra, Bitfinex kripto paran\u0131z\u0131 g\u00f6ndermek i\u00e7in bir c\u00fczdan adresi olu\u015fturacakt\u0131r. Para yat\u0131rma i\u015fleminizi tamamlad\u0131\u011f\u0131n\u0131zda, varl\u0131klar\u0131n\u0131z \u201cBakiyeler\u201d sekmenizde g\u00f6r\u00fcnecektir.<\/span><\/p>\n<h3><span class=\"ez-toc-section\" id=\"4_Navigate_to_the_Relevant_Screen_to_Buy\"><\/span><span style=\"font-weight: 400;\">4. Sat\u0131n Almak i\u00e7in \u0130lgili Ekrana Gidin<\/span><span class=\"ez-toc-section-end\"><\/span><\/h3>\n<p><span style=\"font-weight: 400;\">Para yat\u0131rma i\u015fleminiz tamamland\u0131\u011f\u0131na g\u00f6re art\u0131k dijital varl\u0131k sat\u0131n almaya haz\u0131r oldu\u011funuzu d\u00fc\u015f\u00fcnebilirsiniz, ancak bundan \u00f6nce bir ad\u0131m daha var: Bitfinex depozitonuzu otomatik olarak \u201cFonlama C\u00fczdan\u0131n\u0131za\u201d g\u00f6nderir, ancak biz onlar\u0131 \u201cBorsa C\u00fczdan\u0131m\u0131zda\u201d istiyoruz.\u201d<\/span><\/p>\n<p><span style=\"font-weight: 400;\">Neyse ki, bu basit bir i\u015flemdir: \u201cBakiyeler\u201d sekmenizde, takas etmek istedi\u011finiz fonlar\u0131 se\u00e7in ve \u201cAktar\u201d \u0131 t\u0131klay\u0131n. Borsa c\u00fczdan\u0131na girdikten sonra, Ether ile takas edebilirsiniz.<\/span><\/p>\n<p><span style=\"font-weight: 400;\">Ba\u015flamak i\u00e7in \u201cTicaret\u201d sekmesine gidin. \u015eimdi, dijital varl\u0131klar\u0131 yat\u0131rd\u0131ysan\u0131z, o varl\u0131k i\u00e7in Ethereum piyasas\u0131n\u0131 aramak istersiniz. \u00d6rne\u011fin, e\u011fer <a href=\"https:\/\/coinkickoff.com\/tr\/tether-usdt\/\" data-internallinksmanager029f6b8e52c=\"3\" title=\"Tether (USDT) Nedir? Nas\u0131l \u00c7al\u0131\u015f\u0131r ve Nereden Al\u0131n\u0131r?\">USDT<\/a>, ETH\/USDT i\u00e7in arama yap\u0131n.\u00a0<\/span><\/p>\n<p><span style=\"font-weight: 400;\">Fiat para birimi i\u00e7in ETH\/USD veya ETH\/EUR e\u015fle\u015ftirmelerini aray\u0131n. \u0130stedi\u011finiz e\u015fle\u015ftirmeyi buldu\u011funuzda, i\u015flem aray\u00fcz\u00fcn\u00fc g\u00f6rmek i\u00e7in \u00fczerine t\u0131klay\u0131n.\u00a0<\/span><\/p>\n<p><span style=\"font-weight: 400;\">Varl\u0131klar\u0131n\u0131z i\u00e7in ne kadar Ethereum sat\u0131n almak istedi\u011finizi girmeniz yeterlidir. \u00d6demeye haz\u0131r oldu\u011funuz fiyat\u0131 manuel olarak ayarlayabilirsiniz. Form tamamland\u0131ktan sonra \u201cExchange Buy \u201da bas\u0131n.\u201d<\/span><\/p>\n<p><span style=\"font-weight: 400;\">Ve Bitfinex'te Ethereum bu \u015fekilde sat\u0131n al\u0131n\u0131r. Farkl\u0131 bir borsada Ethereum sat\u0131n almaya karar verirseniz, \u00e7e\u015fitli borsalar\u0131m\u0131za da bakabilirsiniz. <a href=\"https:\/\/coinkickoff.com\/tr\/crypto-exchanges\/\">exchnage yorumlar<\/a> ve <a href=\"https:\/\/coinkickoff.com\/tr\/how-to-buy-ethereum\/\">rehberler<\/a>.<\/span><\/p>","protected":false},"excerpt":{"rendered":"<p>Bitfinex'te Ethereum Nas\u0131l Sat\u0131n Al\u0131n\u0131r Bitfinex \u00fczerinden Ethereum sat\u0131n almak istiyor musunuz? Ad\u0131m ad\u0131m talimatlarla sizin i\u00e7in do\u011fru rehbere sahibiz. \u0130\u015fte Bitfinex'te Ethereum'yi nas\u0131l sat\u0131n alaca\u011f\u0131n\u0131z. Bitfinex'te Ethereum Nas\u0131l Sat\u0131n Al\u0131n\u0131r Ad\u0131m Ad\u0131m K\u0131lavuz 1. Bitfinex'te Bir Hesap A\u00e7\u0131n Ba\u015flamak i\u00e7in bir [...]<\/p>","protected":false},"author":3,"featured_media":0,"parent":3937,"menu_order":0,"comment_status":"closed","ping_status":"closed","template":"","meta":{"_genesis_hide_title":false,"_genesis_hide_breadcrumbs":false,"_genesis_hide_singular_image":false,"_genesis_hide_footer_widgets":false,"_genesis_custom_body_class":"","_genesis_custom_post_class":"","_genesis_layout":"","_glsr_average":0,"_glsr_ranking":0,"_glsr_reviews":0,"footnotes":""},"class_list":{"0":"post-4172","1":"page","2":"type-page","3":"status-publish","5":"entry"},"featured_image_src":null,"featured_image_src_square":null,"_links":{"self":[{"href":"https:\/\/coinkickoff.com\/tr\/wp-json\/wp\/v2\/pages\/4172","targetHints":{"allow":["GET"]}}],"collection":[{"href":"https:\/\/coinkickoff.com\/tr\/wp-json\/wp\/v2\/pages"}],"about":[{"href":"https:\/\/coinkickoff.com\/tr\/wp-json\/wp\/v2\/types\/page"}],"author":[{"embeddable":true,"href":"https:\/\/coinkickoff.com\/tr\/wp-json\/wp\/v2\/users\/3"}],"replies":[{"embeddable":true,"href":"https:\/\/coinkickoff.com\/tr\/wp-json\/wp\/v2\/comments?post=4172"}],"version-history":[{"count":1,"href":"https:\/\/coinkickoff.com\/tr\/wp-json\/wp\/v2\/pages\/4172\/revisions"}],"predecessor-version":[{"id":4173,"href":"https:\/\/coinkickoff.com\/tr\/wp-json\/wp\/v2\/pages\/4172\/revisions\/4173"}],"up":[{"embeddable":true,"href":"https:\/\/coinkickoff.com\/tr\/wp-json\/wp\/v2\/pages\/3937"}],"wp:attachment":[{"href":"https:\/\/coinkickoff.com\/tr\/wp-json\/wp\/v2\/media?parent=4172"}],"curies":[{"name":"wp","href":"https:\/\/api.w.org\/{rel}","templated":true}]}}