{"id":4045,"date":"2026-01-08T14:07:39","date_gmt":"2026-01-08T14:07:39","guid":{"rendered":"https:\/\/coinkickoff.com\/?page_id=4045"},"modified":"2026-01-08T14:07:39","modified_gmt":"2026-01-08T14:07:39","slug":"how-to-buy-cardano-on-kucoin","status":"publish","type":"page","link":"https:\/\/coinkickoff.com\/tr\/how-to-buy-cardano\/how-to-buy-cardano-on-kucoin\/","title":{"rendered":"Kucoin'de Cardano Nas\u0131l Sat\u0131n Al\u0131n\u0131r"},"content":{"rendered":"<div id=\"ez-toc-container\" class=\"ez-toc-v2_0_80 counter-hierarchy ez-toc-counter ez-toc-transparent ez-toc-container-direction\">\n<div class=\"ez-toc-title-container\">\n<p class=\"ez-toc-title\" style=\"cursor:inherit\">B\u00f6l\u00fcmler<\/p>\n<span class=\"ez-toc-title-toggle\"><a href=\"#\" class=\"ez-toc-pull-right ez-toc-btn ez-toc-btn-xs ez-toc-btn-default ez-toc-toggle\" aria-label=\"\u0130\u00e7indekiler Tablosunu A\u00e7\/Kapat\"><span class=\"ez-toc-js-icon-con\"><span class=\"\"><span class=\"eztoc-hide\" style=\"display:none;\">Ge\u00e7i\u015f<\/span><span class=\"ez-toc-icon-toggle-span\"><svg style=\"fill: #999;color:#999\" xmlns=\"http:\/\/www.w3.org\/2000\/svg\" class=\"list-377408\" width=\"20px\" height=\"20px\" viewbox=\"0 0 24 24\" fill=\"none\"><path d=\"M6 6H4v2h2V6zm14 0H8v2h12V6zM4 11h2v2H4v-2zm16 0H8v2h12v-2zM4 16h2v2H4v-2zm16 0H8v2h12v-2z\" fill=\"currentColor\"><\/path><\/svg><svg style=\"fill: #999;color:#999\" class=\"arrow-unsorted-368013\" xmlns=\"http:\/\/www.w3.org\/2000\/svg\" width=\"10px\" height=\"10px\" viewbox=\"0 0 24 24\" version=\"1.2\" baseprofile=\"tiny\"><path d=\"M18.2 9.3l-6.2-6.3-6.2 6.3c-.2.2-.3.4-.3.7s.1.5.3.7c.2.2.4.3.7.3h11c.3 0 .5-.1.7-.3.2-.2.3-.5.3-.7s-.1-.5-.3-.7zM5.8 14.7l6.2 6.3 6.2-6.3c.2-.2.3-.5.3-.7s-.1-.5-.3-.7c-.2-.2-.4-.3-.7-.3h-11c-.3 0-.5.1-.7.3-.2.2-.3.5-.3.7s.1.5.3.7z\"\/><\/svg><\/span><\/span><\/span><\/a><\/span><\/div>\n<nav><ul class='ez-toc-list ez-toc-list-level-1 eztoc-toggle-hide-by-default' ><li class='ez-toc-page-1 ez-toc-heading-level-1'><a class=\"ez-toc-link ez-toc-heading-1\" href=\"https:\/\/coinkickoff.com\/tr\/how-to-buy-cardano\/how-to-buy-cardano-on-kucoin\/#How_to_Buy_Cardano_on_Kucoin\" >Kucoin'de Cardano Nas\u0131l Sat\u0131n Al\u0131n\u0131r<\/a><ul class='ez-toc-list-level-2' ><li class='ez-toc-heading-level-2'><a class=\"ez-toc-link ez-toc-heading-2\" href=\"https:\/\/coinkickoff.com\/tr\/how-to-buy-cardano\/how-to-buy-cardano-on-kucoin\/#A_Step-By-Step_Guide_on_How_to_Buy_Cardano_on_Kucoin\" >Kucoin \u00dczerinden Cardano Nas\u0131l Sat\u0131n Al\u0131n\u0131r Ad\u0131m Ad\u0131m K\u0131lavuz<\/a><ul class='ez-toc-list-level-3' ><li class='ez-toc-heading-level-3'><a class=\"ez-toc-link ez-toc-heading-3\" href=\"https:\/\/coinkickoff.com\/tr\/how-to-buy-cardano\/how-to-buy-cardano-on-kucoin\/#1_Register_an_Account\" >1. Bir Hesap A\u00e7\u0131n<\/a><\/li><li class='ez-toc-page-1 ez-toc-heading-level-3'><a class=\"ez-toc-link ez-toc-heading-4\" href=\"https:\/\/coinkickoff.com\/tr\/how-to-buy-cardano\/how-to-buy-cardano-on-kucoin\/#2_Verify_Your_Account\" >2. Hesab\u0131n\u0131z\u0131 Do\u011frulay\u0131n<\/a><\/li><li class='ez-toc-page-1 ez-toc-heading-level-3'><a class=\"ez-toc-link ez-toc-heading-5\" href=\"https:\/\/coinkickoff.com\/tr\/how-to-buy-cardano\/how-to-buy-cardano-on-kucoin\/#3_Deposit_Crypto\" >3. Kripto Para Yat\u0131rma<\/a><\/li><li class='ez-toc-page-1 ez-toc-heading-level-3'><a class=\"ez-toc-link ez-toc-heading-6\" href=\"https:\/\/coinkickoff.com\/tr\/how-to-buy-cardano\/how-to-buy-cardano-on-kucoin\/#4_Navigate_to_the_Relevant_Screen_to_Buy\" >4. Sat\u0131n Almak i\u00e7in \u0130lgili Ekrana Gidin<\/a><ul class='ez-toc-list-level-4' ><li class='ez-toc-heading-level-4'><a class=\"ez-toc-link ez-toc-heading-7\" href=\"https:\/\/coinkickoff.com\/tr\/how-to-buy-cardano\/how-to-buy-cardano-on-kucoin\/#Fast_Trade_allows_you_to_buy_ADA_with_credit_and_debit_cards_and_Third-party_buy_supports_payment_channels_such_as_Banxa_and_Simplex\" >Fast Trade, kredi ve banka kartlar\u0131yla ADA sat\u0131n alman\u0131za olanak tan\u0131r ve Third-party buy, Banxa ve Simplex gibi \u00f6deme kanallar\u0131n\u0131 destekler.\u00a0<\/a><\/li><li class='ez-toc-page-1 ez-toc-heading-level-4'><a class=\"ez-toc-link ez-toc-heading-8\" href=\"https:\/\/coinkickoff.com\/tr\/how-to-buy-cardano\/how-to-buy-cardano-on-kucoin\/#P2P_is_a_peer_network_where_you_can_use_bank_transfers_to_buy_digital_currencies_however_its_not_possible_to_buy_ADA_with_this_option\" >P2P, dijital para birimleri sat\u0131n almak i\u00e7in banka havalelerini kullanabilece\u011finiz bir e\u015fler a\u011f\u0131d\u0131r, ancak bu se\u00e7enekle ADA sat\u0131n almak m\u00fcmk\u00fcn de\u011fildir.<\/a><\/li><li class='ez-toc-page-1 ez-toc-heading-level-4'><a class=\"ez-toc-link ez-toc-heading-9\" href=\"https:\/\/coinkickoff.com\/tr\/how-to-buy-cardano\/how-to-buy-cardano-on-kucoin\/#Fast_Trade\" >H\u0131zl\u0131 Ticaret<\/a><\/li><li class='ez-toc-page-1 ez-toc-heading-level-4'><a class=\"ez-toc-link ez-toc-heading-10\" href=\"https:\/\/coinkickoff.com\/tr\/how-to-buy-cardano\/how-to-buy-cardano-on-kucoin\/#Third-Party\" >\u00dc\u00e7\u00fcnc\u00fc Taraf<\/a><\/li><\/ul><\/li><\/ul><\/li><\/ul><\/li><\/ul><\/nav><\/div>\n<h1><span class=\"ez-toc-section\" id=\"How_to_Buy_Cardano_on_Kucoin\"><\/span><span style=\"font-weight: 400;\">Kucoin'de Cardano Nas\u0131l Sat\u0131n Al\u0131n\u0131r<\/span><span class=\"ez-toc-section-end\"><\/span><\/h1>\n<p><span style=\"font-weight: 400;\">E\u011fer kullanmad\u0131ysan\u0131z <a href=\"https:\/\/coinkickoff.com\/tr\/kucoin-review\/\" data-internallinksmanager029f6b8e52c=\"153\" title=\"KuCoin \u0130ncelemeleri 2023: \u00dccretler, G\u00fcvenlik, Art\u0131lar\u0131 ve Eksileri\">Kucoin<\/a> sat\u0131n almak i\u00e7in <a href=\"https:\/\/coinkickoff.com\/tr\/cardano-ada\/\" data-internallinksmanager029f6b8e52c=\"9\" title=\"Cardano (ADA) nedir? Nas\u0131l \u00c7al\u0131\u015f\u0131r ve Nereden Al\u0131n\u0131r?\">Cardano<\/a> (ADA) sat\u0131n almadan \u00f6nce, nas\u0131l devam edece\u011finiz konusunda bir kay\u0131p ya\u015f\u0131yor olabilirsiniz. Ancak endi\u015felenmenize gerek yok: Size Cardano'yi nas\u0131l sat\u0131n alaca\u011f\u0131n\u0131z\u0131 g\u00f6sterece\u011fiz <\/span><a href=\"https:\/\/coinkickoff.com\/tr\/kucoin-review\/\"><span style=\"font-weight: 400;\">Kucoin<\/span><\/a><span style=\"font-weight: 400;\"> ad\u0131m ad\u0131m talimatlarla.<\/span><\/p>\n<h2><span class=\"ez-toc-section\" id=\"A_Step-By-Step_Guide_on_How_to_Buy_Cardano_on_Kucoin\"><\/span><span style=\"font-weight: 400;\">Kucoin \u00dczerinden Cardano Nas\u0131l Sat\u0131n Al\u0131n\u0131r Ad\u0131m Ad\u0131m K\u0131lavuz<\/span><span class=\"ez-toc-section-end\"><\/span><\/h2>\n<h3><span class=\"ez-toc-section\" id=\"1_Register_an_Account\"><\/span><span style=\"font-weight: 400;\">1. Bir Hesap A\u00e7\u0131n<\/span><span class=\"ez-toc-section-end\"><\/span><\/h3>\n<p><img loading=\"lazy\" decoding=\"async\" class=\"alignnone wp-image-3269 size-full\" src=\"https:\/\/coinkickoff.com\/wp-content\/uploads\/kucoin-register.png\" alt=\"kucoin kayd\u0131yla doge sat\u0131n al\u0131n\" width=\"1421\" height=\"788\" srcset=\"https:\/\/coinkickoff.com\/wp-content\/uploads\/kucoin-register.png 1421w, https:\/\/coinkickoff.com\/wp-content\/uploads\/kucoin-register-300x166.png 300w, https:\/\/coinkickoff.com\/wp-content\/uploads\/kucoin-register-1024x568.png 1024w, https:\/\/coinkickoff.com\/wp-content\/uploads\/kucoin-register-768x426.png 768w, https:\/\/coinkickoff.com\/wp-content\/uploads\/kucoin-register-18x10.png 18w\" sizes=\"auto, (max-width: 1421px) 100vw, 1421px\" \/><\/p>\n<p><span style=\"font-weight: 400;\">Sana bir <\/span><a href=\"https:\/\/www.kucoin.com\/r\/af\/rMJPV3B\" target=\"_blank\" rel=\"noopener\"><span style=\"font-weight: 400;\">Kucoin<\/span><\/a><span style=\"font-weight: 400;\"> platformundan ADA sat\u0131n almak i\u00e7in e-posta adresiniz ve \u015fifrenizle kay\u0131t olarak ba\u015flay\u0131n.<\/span><\/p>\n<h3><span class=\"ez-toc-section\" id=\"2_Verify_Your_Account\"><\/span><span style=\"font-weight: 400;\">2. Hesab\u0131n\u0131z\u0131 Do\u011frulay\u0131n<\/span><span class=\"ez-toc-section-end\"><\/span><\/h3>\n<p><span style=\"font-weight: 400;\">Kaydolduktan sonra do\u011frulama i\u015flemine ba\u015flayabilirsiniz. Di\u011fer bir\u00e7ok k\u00fcresel borsa gibi, Kucoin de yat\u0131r\u0131mc\u0131lar\u0131n kimlik do\u011frulamas\u0131 olmadan platformda dijital varl\u0131k al\u0131\u015fveri\u015fi yapmalar\u0131na izin verir, ancak hen\u00fcz herhangi bir dijital varl\u0131\u011fa sahip de\u011filseniz, platformda ADA sat\u0131n almak i\u00e7in bu ad\u0131m\u0131 tamamlaman\u0131z gerekir.<\/span><\/p>\n<p><span style=\"font-weight: 400;\">Bu basit bir i\u015flemdir: profil sayfan\u0131zdaki \"Kimlik Do\u011frulama\" sekmesini se\u00e7in.\u00a0<\/span><\/p>\n<p><img loading=\"lazy\" decoding=\"async\" class=\"alignnone wp-image-3272 size-full\" src=\"https:\/\/coinkickoff.com\/wp-content\/uploads\/kucoin-identity-verification.png\" alt=\"kucoin kimlik do\u011frulama 1\" width=\"1420\" height=\"785\" srcset=\"https:\/\/coinkickoff.com\/wp-content\/uploads\/kucoin-identity-verification.png 1420w, https:\/\/coinkickoff.com\/wp-content\/uploads\/kucoin-identity-verification-300x166.png 300w, https:\/\/coinkickoff.com\/wp-content\/uploads\/kucoin-identity-verification-1024x566.png 1024w, https:\/\/coinkickoff.com\/wp-content\/uploads\/kucoin-identity-verification-768x425.png 768w, https:\/\/coinkickoff.com\/wp-content\/uploads\/kucoin-identity-verification-18x10.png 18w\" sizes=\"auto, (max-width: 1420px) 100vw, 1420px\" \/><\/p>\n<p><span style=\"font-weight: 400;\">Temel \u00f6zelliklere eri\u015fiminiz vard\u0131r, ancak fiat para yat\u0131rma i\u015flemleri geli\u015fmi\u015f bir \u00f6zellik olarak say\u0131l\u0131r, bu nedenle bunu ger\u00e7ekle\u015ftirmek i\u00e7in kimli\u011finizi do\u011frulaman\u0131z gerekir.<\/span><\/p>\n<p><img loading=\"lazy\" decoding=\"async\" class=\"alignnone wp-image-3270 size-full\" src=\"https:\/\/coinkickoff.com\/wp-content\/uploads\/kucoin-id-verification-2.png\" alt=\"kucoin kimlik do\u011frulama 2\" width=\"1407\" height=\"706\" srcset=\"https:\/\/coinkickoff.com\/wp-content\/uploads\/kucoin-id-verification-2.png 1407w, https:\/\/coinkickoff.com\/wp-content\/uploads\/kucoin-id-verification-2-300x151.png 300w, https:\/\/coinkickoff.com\/wp-content\/uploads\/kucoin-id-verification-2-1024x514.png 1024w, https:\/\/coinkickoff.com\/wp-content\/uploads\/kucoin-id-verification-2-768x385.png 768w, https:\/\/coinkickoff.com\/wp-content\/uploads\/kucoin-id-verification-2-18x9.png 18w\" sizes=\"auto, (max-width: 1407px) 100vw, 1407px\" \/><\/p>\n<p><span style=\"font-weight: 400;\">Kucoin \u00fc\u00e7 a\u015famal\u0131 bir s\u00fcrece sahiptir: ki\u015fisel bilgiler, resmi kimlik ile kimlik do\u011frulama ve kimlik kart\u0131n\u0131n sahibi oldu\u011funuzdan emin olmak i\u00e7in y\u00fcz tan\u0131ma.<\/span><\/p>\n<p><img loading=\"lazy\" decoding=\"async\" class=\"alignnone wp-image-3271 size-full\" src=\"https:\/\/coinkickoff.com\/wp-content\/uploads\/kucoin-id-verification-3.png\" alt=\"kucoin kimlik do\u011frulama 3 \" width=\"1412\" height=\"789\" srcset=\"https:\/\/coinkickoff.com\/wp-content\/uploads\/kucoin-id-verification-3.png 1412w, https:\/\/coinkickoff.com\/wp-content\/uploads\/kucoin-id-verification-3-300x168.png 300w, https:\/\/coinkickoff.com\/wp-content\/uploads\/kucoin-id-verification-3-1024x572.png 1024w, https:\/\/coinkickoff.com\/wp-content\/uploads\/kucoin-id-verification-3-768x429.png 768w, https:\/\/coinkickoff.com\/wp-content\/uploads\/kucoin-id-verification-3-18x10.png 18w\" sizes=\"auto, (max-width: 1412px) 100vw, 1412px\" \/><\/p>\n<p><span style=\"font-weight: 400;\">Kimli\u011finizi do\u011frulamak i\u00e7in \u00fc\u00e7 ad\u0131m\u0131 da tamamlad\u0131ktan sonra hesab\u0131n\u0131za para yat\u0131rma i\u015flemine ge\u00e7ebilirsiniz.<\/span><\/p>\n<h3><span class=\"ez-toc-section\" id=\"3_Deposit_Crypto\"><\/span><span style=\"font-weight: 400;\">3. Kripto Para Yat\u0131rma<\/span><span class=\"ez-toc-section-end\"><\/span><\/h3>\n<p><span style=\"font-weight: 400;\">\u015eu anda Kucoin'ye banka havalesi yoluyla nakit para g\u00f6nderemezsiniz, ancak platforma yine de kripto para yat\u0131rabilirsiniz. Bu sizin i\u00e7in bir se\u00e7enek de\u011filse, fiat para ile Kucoin'de Cardano'nin nas\u0131l sat\u0131n al\u0131naca\u011f\u0131n\u0131 a\u00e7\u0131klad\u0131\u011f\u0131m\u0131z bir sonraki b\u00f6l\u00fcme gidin.<\/span><\/p>\n<p><span style=\"font-weight: 400;\">ADA i\u00e7in takas etmek istedi\u011finiz dijital varl\u0131klar\u0131n\u0131z varsa, \u00f6nce bunlar\u0131 Kucoin'ye aktarman\u0131z gerekir. Bunu yapmak i\u00e7in \"Varl\u0131klar\" sayfan\u0131za gidin ve \"Para Yat\u0131rma \"y\u0131 se\u00e7in.<\/span><\/p>\n<p><img loading=\"lazy\" decoding=\"async\" class=\"alignnone wp-image-3273 size-full\" src=\"https:\/\/coinkickoff.com\/wp-content\/uploads\/kucoin-deposit.png\" alt=\"kucoin mevduat fonlar\u0131 1\" width=\"1427\" height=\"758\" srcset=\"https:\/\/coinkickoff.com\/wp-content\/uploads\/kucoin-deposit.png 1427w, https:\/\/coinkickoff.com\/wp-content\/uploads\/kucoin-deposit-300x159.png 300w, https:\/\/coinkickoff.com\/wp-content\/uploads\/kucoin-deposit-1024x544.png 1024w, https:\/\/coinkickoff.com\/wp-content\/uploads\/kucoin-deposit-768x408.png 768w, https:\/\/coinkickoff.com\/wp-content\/uploads\/kucoin-deposit-18x10.png 18w\" sizes=\"auto, (max-width: 1427px) 100vw, 1427px\" \/><\/p>\n<p><span style=\"font-weight: 400;\">Kucoin c\u00fczdan\u0131n\u0131za aktarmak istedi\u011finiz dijital varl\u0131\u011f\u0131 se\u00e7in. \u00d6rne\u011fin, diyelim ki bir miktar <a href=\"https:\/\/coinkickoff.com\/tr\/bitcoin-btc\/\" data-internallinksmanager029f6b8e52c=\"1\" title=\"Bitcoin (BTC) Nedir? Fiyat, Tarih\u00e7e ve Nereden Al\u0131n\u0131r\">BTC<\/a> platforma para yat\u0131rmak istiyorsunuz. Listeden BTC'yi se\u00e7in ve Kucoin'nin sa\u011flad\u0131\u011f\u0131 c\u00fczdan adresini kopyalay\u0131n.<\/span><\/p>\n<p><span style=\"font-weight: 400;\">Bu, Kucoin platformundaki benzersiz BTC c\u00fczdan adresiniz olacakt\u0131r. Bu adresi BTC'nizi Kucoin'ye aktarmak i\u00e7in kullanabilirsiniz.\u00a0<\/span><\/p>\n<h3><span class=\"ez-toc-section\" id=\"4_Navigate_to_the_Relevant_Screen_to_Buy\"><\/span><span style=\"font-weight: 400;\">4. Sat\u0131n Almak i\u00e7in \u0130lgili Ekrana Gidin<\/span><span class=\"ez-toc-section-end\"><\/span><\/h3>\n<p><span style=\"font-weight: 400;\">Kontrol panelinizdeki \"Kripto Sat\u0131n Al\" sekmesine t\u0131klay\u0131n.\u00a0<\/span><\/p>\n<p><img loading=\"lazy\" decoding=\"async\" class=\"alignnone wp-image-3274 size-full\" src=\"https:\/\/coinkickoff.com\/wp-content\/uploads\/kucoin-buy-crypto.png\" alt=\"kucoin ekran sat\u0131n al\" width=\"1418\" height=\"692\" srcset=\"https:\/\/coinkickoff.com\/wp-content\/uploads\/kucoin-buy-crypto.png 1418w, https:\/\/coinkickoff.com\/wp-content\/uploads\/kucoin-buy-crypto-300x146.png 300w, https:\/\/coinkickoff.com\/wp-content\/uploads\/kucoin-buy-crypto-1024x500.png 1024w, https:\/\/coinkickoff.com\/wp-content\/uploads\/kucoin-buy-crypto-768x375.png 768w, https:\/\/coinkickoff.com\/wp-content\/uploads\/kucoin-buy-crypto-18x9.png 18w\" sizes=\"auto, (max-width: 1418px) 100vw, 1418px\" \/><\/p>\n<h4><span class=\"ez-toc-section\" id=\"Fast_Trade_allows_you_to_buy_ADA_with_credit_and_debit_cards_and_Third-party_buy_supports_payment_channels_such_as_Banxa_and_Simplex\"><\/span><span style=\"font-weight: 400;\">Fast Trade, kredi ve banka kartlar\u0131yla ADA sat\u0131n alman\u0131za olanak tan\u0131r ve Third-party buy, Banxa ve Simplex gibi \u00f6deme kanallar\u0131n\u0131 destekler.\u00a0<\/span><span class=\"ez-toc-section-end\"><\/span><\/h4>\n<h4><span class=\"ez-toc-section\" id=\"P2P_is_a_peer_network_where_you_can_use_bank_transfers_to_buy_digital_currencies_however_its_not_possible_to_buy_ADA_with_this_option\"><\/span><span style=\"font-weight: 400;\">P2P, dijital para birimleri sat\u0131n almak i\u00e7in banka havalelerini kullanabilece\u011finiz bir e\u015fler a\u011f\u0131d\u0131r, ancak bu se\u00e7enekle ADA sat\u0131n almak m\u00fcmk\u00fcn de\u011fildir.<\/span><span class=\"ez-toc-section-end\"><\/span><\/h4>\n<h4><span class=\"ez-toc-section\" id=\"Fast_Trade\"><\/span><span style=\"font-weight: 400;\">H\u0131zl\u0131 Ticaret<\/span><span class=\"ez-toc-section-end\"><\/span><\/h4>\n<p><span style=\"font-weight: 400;\">Fast Trade ile Visa ve Mastercard banka ve kredi kartlar\u0131n\u0131n yan\u0131 s\u0131ra SEPA ve Paypal gibi di\u011fer bir\u00e7ok se\u00e7enekle ADA sat\u0131n alabilirsiniz. Sat\u0131n alma sipari\u015f formunu doldurman\u0131z, listeden ADA'yi se\u00e7meniz ve bir \u00f6deme y\u00f6ntemi se\u00e7meniz yeterlidir.\u00a0<\/span><\/p>\n<p><img loading=\"lazy\" decoding=\"async\" class=\"alignnone wp-image-3275 size-full\" src=\"https:\/\/coinkickoff.com\/wp-content\/uploads\/kucoin-buy-crypto-one-click.png\" alt=\"kucoin tek t\u0131kla sat\u0131n al\" width=\"1421\" height=\"770\" srcset=\"https:\/\/coinkickoff.com\/wp-content\/uploads\/kucoin-buy-crypto-one-click.png 1421w, https:\/\/coinkickoff.com\/wp-content\/uploads\/kucoin-buy-crypto-one-click-300x163.png 300w, https:\/\/coinkickoff.com\/wp-content\/uploads\/kucoin-buy-crypto-one-click-1024x555.png 1024w, https:\/\/coinkickoff.com\/wp-content\/uploads\/kucoin-buy-crypto-one-click-768x416.png 768w, https:\/\/coinkickoff.com\/wp-content\/uploads\/kucoin-buy-crypto-one-click-18x10.png 18w\" sizes=\"auto, (max-width: 1421px) 100vw, 1421px\" \/><\/p>\n<p><span style=\"font-weight: 400;\">Kredi kart\u0131 veya banka kart\u0131 ile \u00f6deme yapmak istiyorsan\u0131z, devam etmeden \u00f6nce kart bilgilerinizi girmeniz gerekir.<\/span><\/p>\n<p><img loading=\"lazy\" decoding=\"async\" class=\"alignnone wp-image-3276 size-full\" src=\"https:\/\/coinkickoff.com\/wp-content\/uploads\/kucoin-select-paymnet-method.png\" alt=\"\" width=\"1424\" height=\"794\" srcset=\"https:\/\/coinkickoff.com\/wp-content\/uploads\/kucoin-select-paymnet-method.png 1424w, https:\/\/coinkickoff.com\/wp-content\/uploads\/kucoin-select-paymnet-method-300x167.png 300w, https:\/\/coinkickoff.com\/wp-content\/uploads\/kucoin-select-paymnet-method-1024x571.png 1024w, https:\/\/coinkickoff.com\/wp-content\/uploads\/kucoin-select-paymnet-method-768x428.png 768w, https:\/\/coinkickoff.com\/wp-content\/uploads\/kucoin-select-paymnet-method-18x10.png 18w\" sizes=\"auto, (max-width: 1424px) 100vw, 1424px\" \/><\/p>\n<p><span style=\"font-weight: 400;\">Di\u011fer se\u00e7enekler aras\u0131nda Zelle bulunmaktad\u0131r, <a href=\"https:\/\/coinkickoff.com\/tr\/uphold-review\/\" data-internallinksmanager029f6b8e52c=\"156\" title=\"Uphold Yorumlar\u0131 2023: \u00dccretler, \u00d6zellikler, G\u00fcvenlik, Art\u0131lar ve Eksiler\">Desteklemek<\/a>, Advcash ve Payeer. \u00d6deme y\u00f6nteminizi belirledikten sonra, devam edin ve \"ADA Sat\u0131n Al\" d\u00fc\u011fmesine bas\u0131n. Ne kadar ADA alaca\u011f\u0131n\u0131z\u0131 ve ge\u00e7erli olan t\u00fcm \u00fccretleri \u00f6zetleyen bir sipari\u015f \u00f6nizlemesi g\u00f6receksiniz.\u00a0\u00a0<\/span><\/p>\n<p><span style=\"font-weight: 400;\">Sipari\u015finizi onaylad\u0131\u011f\u0131n\u0131zda ADA token'leriniz birka\u00e7 dakika i\u00e7inde c\u00fczdan\u0131n\u0131zda g\u00f6r\u00fcnecektir.<\/span><\/p>\n<h4><span class=\"ez-toc-section\" id=\"Third-Party\"><\/span><span style=\"font-weight: 400;\">\u00dc\u00e7\u00fcnc\u00fc Taraf<\/span><span class=\"ez-toc-section-end\"><\/span><\/h4>\n<p><img loading=\"lazy\" decoding=\"async\" class=\"alignnone wp-image-3278 size-full\" src=\"https:\/\/coinkickoff.com\/wp-content\/uploads\/kucoin-screenshot.png\" alt=\"Kucoin&#039;de Cardano Nas\u0131l Sat\u0131n Al\u0131n\u0131r\" width=\"1436\" height=\"673\" srcset=\"https:\/\/coinkickoff.com\/wp-content\/uploads\/kucoin-screenshot.png 1436w, https:\/\/coinkickoff.com\/wp-content\/uploads\/kucoin-screenshot-300x141.png 300w, https:\/\/coinkickoff.com\/wp-content\/uploads\/kucoin-screenshot-1024x480.png 1024w, https:\/\/coinkickoff.com\/wp-content\/uploads\/kucoin-screenshot-768x360.png 768w, https:\/\/coinkickoff.com\/wp-content\/uploads\/kucoin-screenshot-18x8.png 18w\" sizes=\"auto, (max-width: 1436px) 100vw, 1436px\" \/><\/p>\n<p><span style=\"font-weight: 400;\">Zaten \u00fc\u00e7\u00fcnc\u00fc taraf bir \u00f6deme kanal\u0131 kullan\u0131yorsan\u0131z <\/span><a href=\"https:\/\/banxa.com\/case-study\/kucoin\/\" target=\"_blank\" rel=\"noopener\"><span style=\"font-weight: 400;\">Banxa<\/span><\/a><span style=\"font-weight: 400;\"> veya <\/span><a href=\"https:\/\/www.simplex.com\" target=\"_blank\" rel=\"noopener\"><span style=\"font-weight: 400;\">Simplex<\/span><\/a><span style=\"font-weight: 400;\">bu uygun bir se\u00e7enek olabilir. Simplex veya Banxa hesab\u0131n\u0131z yoksa, sipari\u015f verirken bir hesap a\u00e7abilirsiniz.<\/span><\/p>\n<p><span style=\"font-weight: 400;\">Sat\u0131n alma sipari\u015f formunu doldurarak ba\u015flay\u0131n: \u0130stedi\u011finiz varl\u0131k olarak ADA'yi se\u00e7in, harcamak istedi\u011finiz tutar\u0131 girin ve bir \u00f6deme y\u00f6ntemi ve kanal\u0131 se\u00e7in.<\/span><\/p>\n<p><span style=\"font-weight: 400;\">Sipari\u015finize devam edebilmeniz i\u00e7in \u00f6nce t\u00fcm \u00fccretler g\u00f6r\u00fcnt\u00fclenecektir.\u00a0<\/span><\/p>\n<p><span style=\"font-weight: 400;\">\"Sat\u0131n Al\" d\u00fc\u011fmesine bast\u0131\u011f\u0131n\u0131zda, Kucoin sipari\u015finizi tamamlaman\u0131z i\u00e7in sizi \u00fc\u00e7\u00fcnc\u00fc taraf web sitesine g\u00f6nderir.\u00a0<\/span><\/p>\n<p><span style=\"font-weight: 400;\">Kucoin \u00fczerinden Cardano sat\u0131n almak i\u00e7in yapman\u0131z gerekenler hemen hemen bu kadar. G\u00f6rd\u00fc\u011f\u00fcn\u00fcz gibi, olduk\u00e7a fazla se\u00e7ene\u011finiz var, bu y\u00fczden sorunsuz bir yolculuk olmal\u0131. Herhangi bir sorunuz varsa, ayr\u0131ca <a href=\"https:\/\/coinkickoff.com\/tr\/crypto-exchanges\/\">de\u011fi\u015fim incelemeleri<\/a> ve <a href=\"https:\/\/coinkickoff.com\/tr\/how-to-buy-cardano\/\">nas\u0131l sat\u0131n al\u0131n\u0131r<\/a> daha fazla bilgi i\u00e7in k\u0131lavuzlar.<\/span><\/p>","protected":false},"excerpt":{"rendered":"<p>Kucoin'de Cardano Nas\u0131l Sat\u0131n Al\u0131n\u0131r Daha \u00f6nce Cardano (ADA) sat\u0131n almak i\u00e7in Kucoin kullanmad\u0131ysan\u0131z, nas\u0131l devam edece\u011finizi bilmiyor olabilirsiniz. Ancak endi\u015felenmenize gerek yok: Size ad\u0131m ad\u0131m talimatlarla Kucoin'de Cardano'yi nas\u0131l sat\u0131n alaca\u011f\u0131n\u0131z\u0131 g\u00f6sterece\u011fiz. Kucoin \u00dczerinden Cardano Nas\u0131l Sat\u0131n Al\u0131n\u0131r Ad\u0131m Ad\u0131m K\u0131lavuz [...]<\/p>","protected":false},"author":3,"featured_media":0,"parent":4010,"menu_order":0,"comment_status":"closed","ping_status":"closed","template":"","meta":{"_genesis_hide_title":false,"_genesis_hide_breadcrumbs":false,"_genesis_hide_singular_image":false,"_genesis_hide_footer_widgets":false,"_genesis_custom_body_class":"","_genesis_custom_post_class":"","_genesis_layout":"","_glsr_average":0,"_glsr_ranking":0,"_glsr_reviews":0,"footnotes":""},"class_list":{"0":"post-4045","1":"page","2":"type-page","3":"status-publish","5":"entry"},"featured_image_src":null,"featured_image_src_square":null,"_links":{"self":[{"href":"https:\/\/coinkickoff.com\/tr\/wp-json\/wp\/v2\/pages\/4045","targetHints":{"allow":["GET"]}}],"collection":[{"href":"https:\/\/coinkickoff.com\/tr\/wp-json\/wp\/v2\/pages"}],"about":[{"href":"https:\/\/coinkickoff.com\/tr\/wp-json\/wp\/v2\/types\/page"}],"author":[{"embeddable":true,"href":"https:\/\/coinkickoff.com\/tr\/wp-json\/wp\/v2\/users\/3"}],"replies":[{"embeddable":true,"href":"https:\/\/coinkickoff.com\/tr\/wp-json\/wp\/v2\/comments?post=4045"}],"version-history":[{"count":2,"href":"https:\/\/coinkickoff.com\/tr\/wp-json\/wp\/v2\/pages\/4045\/revisions"}],"predecessor-version":[{"id":4047,"href":"https:\/\/coinkickoff.com\/tr\/wp-json\/wp\/v2\/pages\/4045\/revisions\/4047"}],"up":[{"embeddable":true,"href":"https:\/\/coinkickoff.com\/tr\/wp-json\/wp\/v2\/pages\/4010"}],"wp:attachment":[{"href":"https:\/\/coinkickoff.com\/tr\/wp-json\/wp\/v2\/media?parent=4045"}],"curies":[{"name":"wp","href":"https:\/\/api.w.org\/{rel}","templated":true}]}}