{"id":3951,"date":"2026-01-08T14:07:25","date_gmt":"2026-01-08T14:07:25","guid":{"rendered":"https:\/\/coinkickoff.com\/?page_id=3951"},"modified":"2026-01-08T14:07:25","modified_gmt":"2026-01-08T14:07:25","slug":"how-to-buy-ethereum-on-binance","status":"publish","type":"page","link":"https:\/\/coinkickoff.com\/tr\/how-to-buy-ethereum\/how-to-buy-ethereum-on-binance\/","title":{"rendered":"Binance \u00fczerinde Ethereum Nas\u0131l Sat\u0131n Al\u0131n\u0131r"},"content":{"rendered":"<h1><img loading=\"lazy\" decoding=\"async\" class=\"alignnone wp-image-3662 size-full\" src=\"https:\/\/coinkickoff.com\/wp-content\/uploads\/how-many-eth-are-there.jpg\" alt=\"Ka\u00e7 Adet Ethereum (ETH) Vard\u0131r?\" width=\"1000\" height=\"666\" srcset=\"https:\/\/coinkickoff.com\/wp-content\/uploads\/how-many-eth-are-there.jpg 1000w, https:\/\/coinkickoff.com\/wp-content\/uploads\/how-many-eth-are-there-300x200.jpg 300w, https:\/\/coinkickoff.com\/wp-content\/uploads\/how-many-eth-are-there-768x511.jpg 768w, https:\/\/coinkickoff.com\/wp-content\/uploads\/how-many-eth-are-there-18x12.jpg 18w, https:\/\/coinkickoff.com\/wp-content\/uploads\/how-many-eth-are-there-600x400.jpg 600w\" sizes=\"auto, (max-width: 1000px) 100vw, 1000px\" \/><\/h1>\n<div id=\"ez-toc-container\" class=\"ez-toc-v2_0_80 counter-hierarchy ez-toc-counter ez-toc-transparent ez-toc-container-direction\">\n<div class=\"ez-toc-title-container\">\n<p class=\"ez-toc-title\" style=\"cursor:inherit\">B\u00f6l\u00fcmler<\/p>\n<span class=\"ez-toc-title-toggle\"><a href=\"#\" class=\"ez-toc-pull-right ez-toc-btn ez-toc-btn-xs ez-toc-btn-default ez-toc-toggle\" aria-label=\"\u0130\u00e7indekiler Tablosunu A\u00e7\/Kapat\"><span class=\"ez-toc-js-icon-con\"><span class=\"\"><span class=\"eztoc-hide\" style=\"display:none;\">Ge\u00e7i\u015f<\/span><span class=\"ez-toc-icon-toggle-span\"><svg style=\"fill: #999;color:#999\" xmlns=\"http:\/\/www.w3.org\/2000\/svg\" class=\"list-377408\" width=\"20px\" height=\"20px\" viewbox=\"0 0 24 24\" fill=\"none\"><path d=\"M6 6H4v2h2V6zm14 0H8v2h12V6zM4 11h2v2H4v-2zm16 0H8v2h12v-2zM4 16h2v2H4v-2zm16 0H8v2h12v-2z\" fill=\"currentColor\"><\/path><\/svg><svg style=\"fill: #999;color:#999\" class=\"arrow-unsorted-368013\" xmlns=\"http:\/\/www.w3.org\/2000\/svg\" width=\"10px\" height=\"10px\" viewbox=\"0 0 24 24\" version=\"1.2\" baseprofile=\"tiny\"><path d=\"M18.2 9.3l-6.2-6.3-6.2 6.3c-.2.2-.3.4-.3.7s.1.5.3.7c.2.2.4.3.7.3h11c.3 0 .5-.1.7-.3.2-.2.3-.5.3-.7s-.1-.5-.3-.7zM5.8 14.7l6.2 6.3 6.2-6.3c.2-.2.3-.5.3-.7s-.1-.5-.3-.7c-.2-.2-.4-.3-.7-.3h-11c-.3 0-.5.1-.7.3-.2.2-.3.5-.3.7s.1.5.3.7z\"\/><\/svg><\/span><\/span><\/span><\/a><\/span><\/div>\n<nav><ul class='ez-toc-list ez-toc-list-level-1 eztoc-toggle-hide-by-default' ><li class='ez-toc-page-1 ez-toc-heading-level-2'><a class=\"ez-toc-link ez-toc-heading-1\" href=\"https:\/\/coinkickoff.com\/tr\/how-to-buy-ethereum\/how-to-buy-ethereum-on-binance\/#How_to_Buy_Ethereum_on_Binance\" >Binance \u00fczerinde Ethereum Nas\u0131l Sat\u0131n Al\u0131n\u0131r<\/a><\/li><li class='ez-toc-page-1 ez-toc-heading-level-2'><a class=\"ez-toc-link ez-toc-heading-2\" href=\"https:\/\/coinkickoff.com\/tr\/how-to-buy-ethereum\/how-to-buy-ethereum-on-binance\/#A_Step-By-Step_Guide_on_How_to_Buy_Ethereum_on_Binance\" >Binance \u00dczerinden Ethereum Nas\u0131l Sat\u0131n Al\u0131n\u0131r Ad\u0131m Ad\u0131m K\u0131lavuz<\/a><ul class='ez-toc-list-level-3' ><li class='ez-toc-heading-level-3'><a class=\"ez-toc-link ez-toc-heading-3\" href=\"https:\/\/coinkickoff.com\/tr\/how-to-buy-ethereum\/how-to-buy-ethereum-on-binance\/#1_Register_an_Account_on_Binance\" >1. Binance'de Bir Hesap A\u00e7\u0131n<\/a><\/li><li class='ez-toc-page-1 ez-toc-heading-level-3'><a class=\"ez-toc-link ez-toc-heading-4\" href=\"https:\/\/coinkickoff.com\/tr\/how-to-buy-ethereum\/how-to-buy-ethereum-on-binance\/#2_Verify_Your_Account\" >2. Hesab\u0131n\u0131z\u0131 Do\u011frulay\u0131n<\/a><\/li><li class='ez-toc-page-1 ez-toc-heading-level-3'><a class=\"ez-toc-link ez-toc-heading-5\" href=\"https:\/\/coinkickoff.com\/tr\/how-to-buy-ethereum\/how-to-buy-ethereum-on-binance\/#3_Deposit_FundsCrypto\" >3. Mevduat Fonlar\u0131\/Kripto<\/a><\/li><li class='ez-toc-page-1 ez-toc-heading-level-3'><a class=\"ez-toc-link ez-toc-heading-6\" href=\"https:\/\/coinkickoff.com\/tr\/how-to-buy-ethereum\/how-to-buy-ethereum-on-binance\/#Click_on_%E2%80%9CDeposit%E2%80%9D_to_see_all_the_deposit_options_The_three_options_are_depositing_crypto_depositing_fiat_currencies_and_adding_credit_cards_or_other_payment_methods\" >T\u00fcm para yat\u0131rma se\u00e7eneklerini g\u00f6rmek i\u00e7in \"Para Yat\u0131rma\" \u00fczerine t\u0131klay\u0131n. \u00dc\u00e7 se\u00e7enek kripto para yat\u0131rma, fiat para yat\u0131rma ve kredi kart\u0131 veya di\u011fer \u00f6deme y\u00f6ntemlerini eklemektir.<\/a><\/li><li class='ez-toc-page-1 ez-toc-heading-level-3'><a class=\"ez-toc-link ez-toc-heading-7\" href=\"https:\/\/coinkickoff.com\/tr\/how-to-buy-ethereum\/how-to-buy-ethereum-on-binance\/#4_Navigate_to_the_Relevant_Screen_to_Buy\" >4. Sat\u0131n Almak i\u00e7in \u0130lgili Ekrana Gidin<\/a><\/li><\/ul><\/li><\/ul><\/nav><\/div>\n<h2><span class=\"ez-toc-section\" id=\"How_to_Buy_Ethereum_on_Binance\"><\/span><span style=\"font-weight: 400;\">Binance \u00fczerinde Ethereum Nas\u0131l Sat\u0131n Al\u0131n\u0131r<\/span><span class=\"ez-toc-section-end\"><\/span><\/h2>\n<p><span style=\"font-weight: 400;\"><a href=\"https:\/\/coinkickoff.com\/tr\/binance-review\/\" data-internallinksmanager029f6b8e52c=\"152\" title=\"Binance Yorumlar 2024: \u00d6zellikler, \u00dccretler, G\u00fcvenlik, Art\u0131lar ve Eksiler\">Binance<\/a> d\u00fcnyan\u0131n en b\u00fcy\u00fck <a href=\"https:\/\/coinkickoff.com\/tr\/crypto-exchanges\/\" data-internallinksmanager029f6b8e52c=\"141\" title=\"21&#039;teki 2024 En \u0130yi Cryptocurrency Borsalar\u0131 ve Uygulamalar\u0131\">kripto para borsas\u0131<\/a> gibi pop\u00fcler kripto varl\u0131klar\u0131n\u0131 sat\u0131n almak i\u00e7in d\u00fcnya \u00e7ap\u0131nda milyonlarca ki\u015fi taraf\u0131ndan kullan\u0131lmaktad\u0131r. <a href=\"https:\/\/coinkickoff.com\/tr\/bitcoin-btc\/\" data-internallinksmanager029f6b8e52c=\"1\" title=\"Bitcoin (BTC) Nedir? Fiyat, Tarih\u00e7e ve Nereden Al\u0131n\u0131r\">Bitcoin<\/a> ve <a href=\"https:\/\/coinkickoff.com\/tr\/ethereum-eth\/\" data-internallinksmanager029f6b8e52c=\"2\" title=\"Ethereum (ETH) Nedir? Fiyat, Tarih\u00e7e ve Nereden Al\u0131n\u0131r\">Ethereum<\/a>.<\/span><\/p>\n<p><span style=\"font-weight: 400;\">Bu k\u0131lavuzda, Binance \u00fczerine Ethereum'nin nas\u0131l sat\u0131n al\u0131naca\u011f\u0131n\u0131 ad\u0131m ad\u0131m talimatlarla a\u00e7\u0131klayaca\u011f\u0131z.<\/span><\/p>\n<p><span style=\"font-weight: 400;\">ABD merkezli bir kullan\u0131c\u0131ysan\u0131z, l\u00fctfen Binance ABD'de Ethereum'yi nas\u0131l sat\u0131n alaca\u011f\u0131n\u0131zla ilgili k\u0131lavuzumuza g\u00f6z at\u0131n.<\/span><\/p>\n<h2><span class=\"ez-toc-section\" id=\"A_Step-By-Step_Guide_on_How_to_Buy_Ethereum_on_Binance\"><\/span><span style=\"font-weight: 400;\">Binance \u00dczerinden Ethereum Nas\u0131l Sat\u0131n Al\u0131n\u0131r Ad\u0131m Ad\u0131m K\u0131lavuz<\/span><span class=\"ez-toc-section-end\"><\/span><\/h2>\n<h3><span class=\"ez-toc-section\" id=\"1_Register_an_Account_on_Binance\"><\/span><span style=\"font-weight: 400;\">1. Binance'de Bir Hesap A\u00e7\u0131n<\/span><span class=\"ez-toc-section-end\"><\/span><\/h3>\n<h2><img loading=\"lazy\" decoding=\"async\" class=\"alignnone wp-image-3245 size-full\" style=\"font-size: 18px; font-family: Muli, sans-serif;\" src=\"https:\/\/coinkickoff.com\/wp-content\/uploads\/binance-register.png\" alt=\"binance kay\u0131t \u00fczerinden doge sat\u0131n al\u0131n\" width=\"1430\" height=\"798\" srcset=\"https:\/\/coinkickoff.com\/wp-content\/uploads\/binance-register.png 1430w, https:\/\/coinkickoff.com\/wp-content\/uploads\/binance-register-300x167.png 300w, https:\/\/coinkickoff.com\/wp-content\/uploads\/binance-register-1024x571.png 1024w, https:\/\/coinkickoff.com\/wp-content\/uploads\/binance-register-768x429.png 768w, https:\/\/coinkickoff.com\/wp-content\/uploads\/binance-register-18x10.png 18w\" sizes=\"auto, (max-width: 1430px) 100vw, 1430px\" \/><\/h2>\n<p><span style=\"font-weight: 400;\">E\u011fer bir Binance hesab\u0131n\u0131z yoksa, \u015fu adrese gidin <\/span><a href=\"https:\/\/accounts.binance.com\/register?ref=BLJQ60RW\" target=\"_blank\" rel=\"noopener\"><span style=\"font-weight: 400;\">Binance'nin resmi web sitesi<\/span><\/a><span style=\"font-weight: 400;\"> ve kaydolun. Telefon numaran\u0131zla veya e-posta adresinizle kay\u0131t olabilirsiniz. Mesaj kutunuzda bir hesap onay kodu alacaks\u0131n\u0131z. Bu kod ile Binance'ye giri\u015f yap\u0131n.\u00a0<\/span><\/p>\n<h3><span class=\"ez-toc-section\" id=\"2_Verify_Your_Account\"><\/span><span style=\"font-weight: 400;\">2. Hesab\u0131n\u0131z\u0131 Do\u011frulay\u0131n<\/span><span class=\"ez-toc-section-end\"><\/span><\/h3>\n<p><img loading=\"lazy\" decoding=\"async\" class=\"alignnone wp-image-3247 size-full\" src=\"https:\/\/coinkickoff.com\/wp-content\/uploads\/binance-verification-0-e1686527478138.png\" alt=\"binance do\u011frulama \" width=\"1438\" height=\"730\" srcset=\"https:\/\/coinkickoff.com\/wp-content\/uploads\/binance-verification-0-e1686527478138.png 1438w, https:\/\/coinkickoff.com\/wp-content\/uploads\/binance-verification-0-e1686527478138-300x152.png 300w, https:\/\/coinkickoff.com\/wp-content\/uploads\/binance-verification-0-e1686527478138-1024x520.png 1024w, https:\/\/coinkickoff.com\/wp-content\/uploads\/binance-verification-0-e1686527478138-768x390.png 768w, https:\/\/coinkickoff.com\/wp-content\/uploads\/binance-verification-0-e1686527478138-18x9.png 18w\" sizes=\"auto, (max-width: 1438px) 100vw, 1438px\" \/><\/p>\n<p><span style=\"font-weight: 400;\">Sayfan\u0131n sa\u011f \u00fcst k\u00f6\u015fesinde (\"Sipari\u015fler\" sekmesinin hemen yan\u0131nda) profil simgeniz bulunmaktad\u0131r. Do\u011frulama sayfas\u0131na ula\u015fmak i\u00e7in \u00fczerine t\u0131klay\u0131n. \"Do\u011frulan\" se\u00e7ene\u011fine t\u0131klay\u0131n.<\/span><\/p>\n<p><img loading=\"lazy\" decoding=\"async\" class=\"alignnone wp-image-3246 size-full\" src=\"https:\/\/coinkickoff.com\/wp-content\/uploads\/binance-verification.png\" alt=\"binance do\u011frulama\" width=\"1239\" height=\"752\" srcset=\"https:\/\/coinkickoff.com\/wp-content\/uploads\/binance-verification.png 1239w, https:\/\/coinkickoff.com\/wp-content\/uploads\/binance-verification-300x182.png 300w, https:\/\/coinkickoff.com\/wp-content\/uploads\/binance-verification-1024x622.png 1024w, https:\/\/coinkickoff.com\/wp-content\/uploads\/binance-verification-768x466.png 768w, https:\/\/coinkickoff.com\/wp-content\/uploads\/binance-verification-18x12.png 18w\" sizes=\"auto, (max-width: 1239px) 100vw, 1239px\" \/><\/p>\n<p><span style=\"font-weight: 400;\">Sayfan\u0131n \u00fcst k\u0131sm\u0131ndaki listeden ikamet etti\u011finiz \u00fclkeyi veya b\u00f6lgeyi se\u00e7in. B\u00f6lgenizi veya \u00fclkenizi se\u00e7tikten sonra, do\u011frulama gereksinimlerini g\u00f6rebilirsiniz. Ba\u015flamak i\u00e7in \"Do\u011frula \"ya t\u0131klay\u0131n.<\/span><\/p>\n<p><img loading=\"lazy\" decoding=\"async\" class=\"alignnone wp-image-3248 size-full\" src=\"https:\/\/coinkickoff.com\/wp-content\/uploads\/binance-verification-2.png\" alt=\"Binance \u00fczerinden Ethereum nas\u0131l sat\u0131n al\u0131n\u0131r\" width=\"563\" height=\"686\" srcset=\"https:\/\/coinkickoff.com\/wp-content\/uploads\/binance-verification-2.png 563w, https:\/\/coinkickoff.com\/wp-content\/uploads\/binance-verification-2-246x300.png 246w, https:\/\/coinkickoff.com\/wp-content\/uploads\/binance-verification-2-10x12.png 10w\" sizes=\"auto, (max-width: 563px) 100vw, 563px\" \/><\/p>\n<p><span style=\"font-weight: 400;\">Gerekli bilgileri girin ve \"Devam Et\" butonuna t\u0131klay\u0131n. Bilgilerinizi do\u011frulamak i\u00e7in foto\u011frafl\u0131 bir kimlik y\u00fcklemeniz istenecektir. Ad\u0131n\u0131z\u0131n ve do\u011fum tarihinizin platforma g\u00f6nderdi\u011finiz kimlikle e\u015fle\u015fti\u011finden emin olman\u0131z \u00f6nemlidir.<\/span><\/p>\n<h3><span class=\"ez-toc-section\" id=\"3_Deposit_FundsCrypto\"><\/span><span style=\"font-weight: 400;\">3. Mevduat Fonlar\u0131\/Kripto<\/span><span class=\"ez-toc-section-end\"><\/span><\/h3>\n<p><img loading=\"lazy\" decoding=\"async\" class=\"alignnone wp-image-3254 size-full\" style=\"font-family: 'Helvetica Neue', Helvetica, Arial, sans-serif; font-size: 20px;\" src=\"https:\/\/coinkickoff.com\/wp-content\/uploads\/binance-deposit-2.png\" alt=\"\" width=\"926\" height=\"796\" srcset=\"https:\/\/coinkickoff.com\/wp-content\/uploads\/binance-deposit-2.png 926w, https:\/\/coinkickoff.com\/wp-content\/uploads\/binance-deposit-2-300x258.png 300w, https:\/\/coinkickoff.com\/wp-content\/uploads\/binance-deposit-2-768x660.png 768w, https:\/\/coinkickoff.com\/wp-content\/uploads\/binance-deposit-2-14x12.png 14w\" sizes=\"auto, (max-width: 926px) 100vw, 926px\" \/><\/p>\n<h3><span class=\"ez-toc-section\" id=\"Click_on_%E2%80%9CDeposit%E2%80%9D_to_see_all_the_deposit_options_The_three_options_are_depositing_crypto_depositing_fiat_currencies_and_adding_credit_cards_or_other_payment_methods\"><\/span><span style=\"font-weight: 400;\">T\u00fcm para yat\u0131rma se\u00e7eneklerini g\u00f6rmek i\u00e7in \"Para Yat\u0131rma\" \u00fczerine t\u0131klay\u0131n. \u00dc\u00e7 se\u00e7enek kripto para yat\u0131rma, fiat para yat\u0131rma ve kredi kart\u0131 veya di\u011fer \u00f6deme y\u00f6ntemlerini eklemektir.<\/span><span class=\"ez-toc-section-end\"><\/span><\/h3>\n<p><span style=\"font-weight: 400;\">Kripto paran\u0131z varsa ve bunu ETH ile takas etmek istiyorsan\u0131z, para yat\u0131rma adresi almak i\u00e7in \"Kripto Para Yat\u0131r\" se\u00e7ene\u011fine t\u0131klayabilirsiniz.\u00a0<\/span><\/p>\n<p><span style=\"font-weight: 400;\">Ancak yeni ba\u015flayanlar\u0131n \u00e7o\u011funun b\u00f6yle bir se\u00e7ene\u011fi yoktur ve ya bir \u00f6deme y\u00f6ntemi eklemeleri ya da banka havalesi yoluyla fiat para yat\u0131rmalar\u0131 gerekir.<\/span><\/p>\n<p><span style=\"font-weight: 400;\">\"Fiat Para Yat\u0131rma\" se\u00e7ene\u011fine t\u0131klay\u0131n. Sonraki sayfada, yat\u0131rmak istedi\u011finiz para birimini se\u00e7in. Binance bir\u00e7ok yerel para birimini kabul eder, bu nedenle do\u011fru se\u00e7ene\u011fi bulmakta sorun ya\u015famazs\u0131n\u0131z.<\/span><\/p>\n<h3><img loading=\"lazy\" decoding=\"async\" class=\"alignnone wp-image-3256 size-full\" style=\"font-size: 18px; font-family: Muli, sans-serif;\" src=\"https:\/\/coinkickoff.com\/wp-content\/uploads\/binance-fiat-deposit-3.png\" alt=\"\" width=\"1052\" height=\"778\" srcset=\"https:\/\/coinkickoff.com\/wp-content\/uploads\/binance-fiat-deposit-3.png 1052w, https:\/\/coinkickoff.com\/wp-content\/uploads\/binance-fiat-deposit-3-300x222.png 300w, https:\/\/coinkickoff.com\/wp-content\/uploads\/binance-fiat-deposit-3-1024x757.png 1024w, https:\/\/coinkickoff.com\/wp-content\/uploads\/binance-fiat-deposit-3-768x568.png 768w, https:\/\/coinkickoff.com\/wp-content\/uploads\/binance-fiat-deposit-3-16x12.png 16w\" sizes=\"auto, (max-width: 1052px) 100vw, 1052px\" \/><\/h3>\n<p><span style=\"font-weight: 400;\">Binance para yat\u0131rma i\u015flemini tamamlamak i\u00e7in farkl\u0131 yollar sunar ve genellikle \u00f6nerilen baz\u0131 y\u00f6ntemler vard\u0131r. Her se\u00e7ene\u011fin alt\u0131nda \u00fccret detaylar\u0131n\u0131 g\u00f6rebilirsiniz.<\/span><\/p>\n<p><span style=\"font-weight: 400;\">G\u00f6rd\u00fc\u011f\u00fcn\u00fcz gibi, platformda kripto sat\u0131n almak i\u00e7in SEPA veya \u00e7evrimi\u00e7i bankac\u0131l\u0131k transferleri yapabilir veya bir banka kart\u0131 ekleyebilirsiniz.<\/span><\/p>\n<p><span style=\"font-weight: 400;\">\"Di\u011fer Y\u00f6ntemler \"i se\u00e7erseniz, Banxa veya Simplex gibi \u00fc\u00e7\u00fcnc\u00fc taraf uygulamalara ba\u011flanabilirsiniz. Binance ayr\u0131ca Google Pay ve Apple Pay sat\u0131n al\u0131mlar\u0131n\u0131 da destekler.<\/span><\/p>\n<p><span style=\"font-weight: 400;\">\u00a0Tercih etti\u011finiz para yat\u0131rma y\u00f6ntemini se\u00e7in ve \"Devam Et\" butonuna t\u0131klay\u0131n. Banka hesab\u0131n\u0131za veya \u00e7evrimi\u00e7i bankac\u0131l\u0131k sa\u011flay\u0131c\u0131n\u0131za y\u00f6nlendirilebilirsiniz. Para yat\u0131rma i\u015flemini tamamlamak i\u00e7in ekrandaki talimatlar\u0131 izleyin.<\/span><\/p>\n<h3><span class=\"ez-toc-section\" id=\"4_Navigate_to_the_Relevant_Screen_to_Buy\"><\/span><span style=\"font-weight: 400;\">4. Sat\u0131n Almak i\u00e7in \u0130lgili Ekrana Gidin<\/span><span class=\"ez-toc-section-end\"><\/span><\/h3>\n<p><span style=\"font-weight: 400;\">Bir \u00f6deme y\u00f6ntemi ekledikten veya para yat\u0131rd\u0131ktan sonra, Ethereum sat\u0131n almaya haz\u0131rs\u0131n\u0131z. Ana ekrandaki \"Kripto Sat\u0131n Al\" d\u00fc\u011fmesine t\u0131klay\u0131n.<\/span><\/p>\n<p><span style=\"font-weight: 400;\">\"Kripto Sat\u0131n Al\" sayfas\u0131nda gezinmek \u00e7ok kolayd\u0131r: \"Harcama\" s\u00fctununda, harcamak istedi\u011finiz para birimini se\u00e7in ve tutar\u0131 girin.<\/span><\/p>\n<p><img loading=\"lazy\" decoding=\"async\" class=\"alignnone wp-image-3249 size-full\" src=\"https:\/\/coinkickoff.com\/wp-content\/uploads\/binance-buy-sell-crypto.png\" alt=\"\" width=\"1056\" height=\"642\" srcset=\"https:\/\/coinkickoff.com\/wp-content\/uploads\/binance-buy-sell-crypto.png 1056w, https:\/\/coinkickoff.com\/wp-content\/uploads\/binance-buy-sell-crypto-300x182.png 300w, https:\/\/coinkickoff.com\/wp-content\/uploads\/binance-buy-sell-crypto-1024x623.png 1024w, https:\/\/coinkickoff.com\/wp-content\/uploads\/binance-buy-sell-crypto-768x467.png 768w, https:\/\/coinkickoff.com\/wp-content\/uploads\/binance-buy-sell-crypto-18x12.png 18w\" sizes=\"auto, (max-width: 1056px) 100vw, 1056px\" \/><\/p>\n<p><span style=\"font-weight: 400;\">Alma s\u00fctununu ETH olarak ayarlay\u0131n. Burada paran\u0131z kar\u015f\u0131l\u0131\u011f\u0131nda ne kadar Ether alaca\u011f\u0131n\u0131z\u0131 g\u00f6receksiniz.<\/span><\/p>\n<p><img loading=\"lazy\" decoding=\"async\" class=\"alignnone wp-image-3250 size-full\" src=\"https:\/\/coinkickoff.com\/wp-content\/uploads\/binance-buy-sell-crypto-2.png\" alt=\"\" width=\"1079\" height=\"634\" srcset=\"https:\/\/coinkickoff.com\/wp-content\/uploads\/binance-buy-sell-crypto-2.png 1079w, https:\/\/coinkickoff.com\/wp-content\/uploads\/binance-buy-sell-crypto-2-300x176.png 300w, https:\/\/coinkickoff.com\/wp-content\/uploads\/binance-buy-sell-crypto-2-1024x602.png 1024w, https:\/\/coinkickoff.com\/wp-content\/uploads\/binance-buy-sell-crypto-2-768x451.png 768w, https:\/\/coinkickoff.com\/wp-content\/uploads\/binance-buy-sell-crypto-2-18x12.png 18w\" sizes=\"auto, (max-width: 1079px) 100vw, 1079px\" \/><\/p>\n<p><span style=\"font-weight: 400;\">\u015eimdi, devam edin ve \"ETH Sat\u0131n Al \"a t\u0131klay\u0131n. Sonraki sayfada \u00f6deme y\u00f6nteminizi se\u00e7ebilir ve ge\u00e7erli \u00fccretler dahil olmak \u00fczere sipari\u015f ayr\u0131nt\u0131lar\u0131n\u0131 g\u00f6rebilirsiniz.<\/span><\/p>\n<p><img loading=\"lazy\" decoding=\"async\" class=\"alignnone wp-image-3252 size-full\" src=\"https:\/\/coinkickoff.com\/wp-content\/uploads\/binance-crypto-buy-sell-5.png\" alt=\"Bitcoin \u00fczerinde Binance Nas\u0131l Sat\u0131n Al\u0131n\u0131r\" width=\"1047\" height=\"640\" srcset=\"https:\/\/coinkickoff.com\/wp-content\/uploads\/binance-crypto-buy-sell-5.png 1047w, https:\/\/coinkickoff.com\/wp-content\/uploads\/binance-crypto-buy-sell-5-300x183.png 300w, https:\/\/coinkickoff.com\/wp-content\/uploads\/binance-crypto-buy-sell-5-1024x626.png 1024w, https:\/\/coinkickoff.com\/wp-content\/uploads\/binance-crypto-buy-sell-5-768x469.png 768w, https:\/\/coinkickoff.com\/wp-content\/uploads\/binance-crypto-buy-sell-5-18x12.png 18w\" sizes=\"auto, (max-width: 1047px) 100vw, 1047px\" \/><\/p>\n<p><span style=\"font-weight: 400;\">\u0130\u015fte bu kadar! Umar\u0131z, Binance \u00fczerinden nas\u0131l Ethereum sat\u0131n alabilece\u011finizi \u00f6\u011frenmenize yard\u0131mc\u0131 olmu\u015fuzdur. Ayr\u0131ca \u015fu konulardaki k\u0131lavuzlar\u0131m\u0131za da g\u00f6z atabilirsiniz <a href=\"https:\/\/coinkickoff.com\/tr\/how-to-buy-ethereum\/\">Ethereum nas\u0131l sat\u0131n al\u0131n\u0131r<\/a> di\u011fer borsalarda.<\/span><\/p>","protected":false},"excerpt":{"rendered":"<p>Binance'de Ethereum Nas\u0131l Sat\u0131n Al\u0131n\u0131r Binance, i\u015flem hacmine g\u00f6re d\u00fcnyan\u0131n en b\u00fcy\u00fck kripto para borsas\u0131d\u0131r ve d\u00fcnya \u00e7ap\u0131nda milyonlarca ki\u015fi taraf\u0131ndan Bitcoin ve Ethereum gibi pop\u00fcler kripto varl\u0131klar\u0131 sat\u0131n almak i\u00e7in kullan\u0131lmaktad\u0131r. Bu k\u0131lavuzda, Binance'de Ethereum'nin nas\u0131l sat\u0131n al\u0131naca\u011f\u0131n\u0131 ad\u0131m ad\u0131m talimatlarla a\u00e7\u0131klayaca\u011f\u0131z. ABD merkezli bir kullan\u0131c\u0131ysan\u0131z, l\u00fctfen [...]<\/p>","protected":false},"author":3,"featured_media":0,"parent":3937,"menu_order":0,"comment_status":"closed","ping_status":"closed","template":"","meta":{"_genesis_hide_title":false,"_genesis_hide_breadcrumbs":false,"_genesis_hide_singular_image":false,"_genesis_hide_footer_widgets":false,"_genesis_custom_body_class":"","_genesis_custom_post_class":"","_genesis_layout":"","_glsr_average":0,"_glsr_ranking":0,"_glsr_reviews":0,"footnotes":""},"class_list":{"0":"post-3951","1":"page","2":"type-page","3":"status-publish","5":"entry"},"featured_image_src":null,"featured_image_src_square":null,"_links":{"self":[{"href":"https:\/\/coinkickoff.com\/tr\/wp-json\/wp\/v2\/pages\/3951","targetHints":{"allow":["GET"]}}],"collection":[{"href":"https:\/\/coinkickoff.com\/tr\/wp-json\/wp\/v2\/pages"}],"about":[{"href":"https:\/\/coinkickoff.com\/tr\/wp-json\/wp\/v2\/types\/page"}],"author":[{"embeddable":true,"href":"https:\/\/coinkickoff.com\/tr\/wp-json\/wp\/v2\/users\/3"}],"replies":[{"embeddable":true,"href":"https:\/\/coinkickoff.com\/tr\/wp-json\/wp\/v2\/comments?post=3951"}],"version-history":[{"count":1,"href":"https:\/\/coinkickoff.com\/tr\/wp-json\/wp\/v2\/pages\/3951\/revisions"}],"predecessor-version":[{"id":3953,"href":"https:\/\/coinkickoff.com\/tr\/wp-json\/wp\/v2\/pages\/3951\/revisions\/3953"}],"up":[{"embeddable":true,"href":"https:\/\/coinkickoff.com\/tr\/wp-json\/wp\/v2\/pages\/3937"}],"wp:attachment":[{"href":"https:\/\/coinkickoff.com\/tr\/wp-json\/wp\/v2\/media?parent=3951"}],"curies":[{"name":"wp","href":"https:\/\/api.w.org\/{rel}","templated":true}]}}