{"id":3920,"date":"2026-01-08T14:07:48","date_gmt":"2026-01-08T14:07:48","guid":{"rendered":"https:\/\/coinkickoff.com\/?page_id=3920"},"modified":"2026-01-08T14:07:48","modified_gmt":"2026-01-08T14:07:48","slug":"how-to-buy-bitcoin-on-kraken","status":"publish","type":"page","link":"https:\/\/coinkickoff.com\/tr\/how-to-buy-bitcoin\/how-to-buy-bitcoin-on-kraken\/","title":{"rendered":"Kraken'de Bitcoin Nas\u0131l Sat\u0131n Al\u0131n\u0131r"},"content":{"rendered":"<div id=\"ez-toc-container\" class=\"ez-toc-v2_0_80 counter-hierarchy ez-toc-counter ez-toc-transparent ez-toc-container-direction\">\n<div class=\"ez-toc-title-container\">\n<p class=\"ez-toc-title\" style=\"cursor:inherit\">B\u00f6l\u00fcmler<\/p>\n<span class=\"ez-toc-title-toggle\"><a href=\"#\" class=\"ez-toc-pull-right ez-toc-btn ez-toc-btn-xs ez-toc-btn-default ez-toc-toggle\" aria-label=\"\u0130\u00e7indekiler Tablosunu A\u00e7\/Kapat\"><span class=\"ez-toc-js-icon-con\"><span class=\"\"><span class=\"eztoc-hide\" style=\"display:none;\">Ge\u00e7i\u015f<\/span><span class=\"ez-toc-icon-toggle-span\"><svg style=\"fill: #999;color:#999\" xmlns=\"http:\/\/www.w3.org\/2000\/svg\" class=\"list-377408\" width=\"20px\" height=\"20px\" viewbox=\"0 0 24 24\" fill=\"none\"><path d=\"M6 6H4v2h2V6zm14 0H8v2h12V6zM4 11h2v2H4v-2zm16 0H8v2h12v-2zM4 16h2v2H4v-2zm16 0H8v2h12v-2z\" fill=\"currentColor\"><\/path><\/svg><svg style=\"fill: #999;color:#999\" class=\"arrow-unsorted-368013\" xmlns=\"http:\/\/www.w3.org\/2000\/svg\" width=\"10px\" height=\"10px\" viewbox=\"0 0 24 24\" version=\"1.2\" baseprofile=\"tiny\"><path d=\"M18.2 9.3l-6.2-6.3-6.2 6.3c-.2.2-.3.4-.3.7s.1.5.3.7c.2.2.4.3.7.3h11c.3 0 .5-.1.7-.3.2-.2.3-.5.3-.7s-.1-.5-.3-.7zM5.8 14.7l6.2 6.3 6.2-6.3c.2-.2.3-.5.3-.7s-.1-.5-.3-.7c-.2-.2-.4-.3-.7-.3h-11c-.3 0-.5.1-.7.3-.2.2-.3.5-.3.7s.1.5.3.7z\"\/><\/svg><\/span><\/span><\/span><\/a><\/span><\/div>\n<nav><ul class='ez-toc-list ez-toc-list-level-1 eztoc-toggle-hide-by-default' ><li class='ez-toc-page-1 ez-toc-heading-level-1'><a class=\"ez-toc-link ez-toc-heading-1\" href=\"https:\/\/coinkickoff.com\/tr\/how-to-buy-bitcoin\/how-to-buy-bitcoin-on-kraken\/#How_to_Buy_Bitcoin_on_Kraken\" >Kraken'de Bitcoin Nas\u0131l Sat\u0131n Al\u0131n\u0131r<\/a><ul class='ez-toc-list-level-2' ><li class='ez-toc-heading-level-2'><a class=\"ez-toc-link ez-toc-heading-2\" href=\"https:\/\/coinkickoff.com\/tr\/how-to-buy-bitcoin\/how-to-buy-bitcoin-on-kraken\/#A_Step-By-Step_Guide_on_How_to_Buy_Bitcoin_on_Kraken\" >Kraken'de Bitcoin Nas\u0131l Sat\u0131n Al\u0131n\u0131r Ad\u0131m Ad\u0131m K\u0131lavuz<\/a><ul class='ez-toc-list-level-3' ><li class='ez-toc-heading-level-3'><a class=\"ez-toc-link ez-toc-heading-3\" href=\"https:\/\/coinkickoff.com\/tr\/how-to-buy-bitcoin\/how-to-buy-bitcoin-on-kraken\/#1_Register_an_Account_on_Kraken\" >1. Kraken'de Bir Hesap A\u00e7\u0131n<\/a><\/li><li class='ez-toc-page-1 ez-toc-heading-level-3'><a class=\"ez-toc-link ez-toc-heading-4\" href=\"https:\/\/coinkickoff.com\/tr\/how-to-buy-bitcoin\/how-to-buy-bitcoin-on-kraken\/#2_Verify_Your_Account\" >2. Hesab\u0131n\u0131z\u0131 Do\u011frulay\u0131n<\/a><\/li><li class='ez-toc-page-1 ez-toc-heading-level-3'><a class=\"ez-toc-link ez-toc-heading-5\" href=\"https:\/\/coinkickoff.com\/tr\/how-to-buy-bitcoin\/how-to-buy-bitcoin-on-kraken\/#3_Enable_2FA\" >3. 2FA'y\u0131 etkinle\u015ftirin<\/a><\/li><li class='ez-toc-page-1 ez-toc-heading-level-3'><a class=\"ez-toc-link ez-toc-heading-6\" href=\"https:\/\/coinkickoff.com\/tr\/how-to-buy-bitcoin\/how-to-buy-bitcoin-on-kraken\/#4_Add_an_Instant_Payment_Method\" >4. An\u0131nda \u00d6deme Y\u00f6ntemi Ekleme<\/a><\/li><li class='ez-toc-page-1 ez-toc-heading-level-3'><a class=\"ez-toc-link ez-toc-heading-7\" href=\"https:\/\/coinkickoff.com\/tr\/how-to-buy-bitcoin\/how-to-buy-bitcoin-on-kraken\/#4_Navigate_to_the_Relevant_Screen_to_Buy\" >4. Sat\u0131n Almak i\u00e7in \u0130lgili Ekrana Gidin<\/a><\/li><\/ul><\/li><\/ul><\/li><\/ul><\/nav><\/div>\n<h1><span class=\"ez-toc-section\" id=\"How_to_Buy_Bitcoin_on_Kraken\"><\/span><span style=\"font-weight: 400;\">Kraken'de Bitcoin Nas\u0131l Sat\u0131n Al\u0131n\u0131r<\/span><span class=\"ez-toc-section-end\"><\/span><\/h1>\n<p><span style=\"font-weight: 400;\"><a href=\"https:\/\/coinkickoff.com\/tr\/kraken-review\/\">Kraken<\/a> y\u00fcksek g\u00fcvenlik seviyesiyle \u00fcnl\u00fc, ABD merkezli deneyimli bir borsad\u0131r. Birka\u00e7 altcoins'nin yan\u0131 s\u0131ra \u015funlar\u0131 da sat\u0131n alabilirsiniz <a href=\"https:\/\/coinkickoff.com\/tr\/bitcoin-btc\/\">Bitcoin<\/a> platformda. \u0130\u015fte nas\u0131l sat\u0131n al\u0131naca\u011f\u0131na dair rehberimiz <a href=\"https:\/\/coinkickoff.com\/tr\/bitcoin-btc\/\" data-internallinksmanager029f6b8e52c=\"1\" title=\"Bitcoin (BTC) Nedir? Fiyat, Tarih\u00e7e ve Nereden Al\u0131n\u0131r\">Bitcoin<\/a> \u00fczerinde <a href=\"https:\/\/coinkickoff.com\/tr\/kraken-review\/\" data-internallinksmanager029f6b8e52c=\"171\" title=\"Kraken Yorumlar\u0131 2023: \u00dccretler, \u00d6zellikler, G\u00fcvenlik, Art\u0131lar\u0131 ve Eksileri\">Kraken<\/a>.<\/span><\/p>\n<h2><span class=\"ez-toc-section\" id=\"A_Step-By-Step_Guide_on_How_to_Buy_Bitcoin_on_Kraken\"><\/span><span style=\"font-weight: 400;\">Kraken'de Bitcoin Nas\u0131l Sat\u0131n Al\u0131n\u0131r Ad\u0131m Ad\u0131m K\u0131lavuz<\/span><span class=\"ez-toc-section-end\"><\/span><\/h2>\n<h3><span class=\"ez-toc-section\" id=\"1_Register_an_Account_on_Kraken\"><\/span><span style=\"font-weight: 400;\">1. Kraken'de Bir Hesap A\u00e7\u0131n<\/span><span class=\"ez-toc-section-end\"><\/span><\/h3>\n<p><a href=\"https:\/\/kraken.pxf.io\/B0Rny4\" rel=\"nofollow noopener\" target=\"_blank\"><img loading=\"lazy\" decoding=\"async\" class=\"alignnone wp-image-3406 size-full\" src=\"https:\/\/coinkickoff.com\/wp-content\/uploads\/kraken1-e1682502957481.png\" alt=\"Kraken&#039;de Dogecoin nas\u0131l sat\u0131n al\u0131n\u0131r\" width=\"1339\" height=\"763\" srcset=\"https:\/\/coinkickoff.com\/wp-content\/uploads\/kraken1-e1682502957481.png 1339w, https:\/\/coinkickoff.com\/wp-content\/uploads\/kraken1-e1682502957481-300x171.png 300w, https:\/\/coinkickoff.com\/wp-content\/uploads\/kraken1-e1682502957481-1024x584.png 1024w, https:\/\/coinkickoff.com\/wp-content\/uploads\/kraken1-e1682502957481-768x438.png 768w, https:\/\/coinkickoff.com\/wp-content\/uploads\/kraken1-e1682502957481-18x10.png 18w\" sizes=\"auto, (max-width: 1339px) 100vw, 1339px\" \/><\/a><\/p>\n<p><span style=\"font-weight: 400;\"><a href=\"https:\/\/kraken.pxf.io\/B0Rny4\" rel=\"nofollow noopener\" target=\"_blank\">Kraken web sitesine giderek ve bir hesap a\u00e7arak ba\u015flay\u0131n<\/a>. Kraken, kayd\u0131n\u0131z\u0131 tamamlamak i\u00e7in e-posta adresinize bir aktivasyon ba\u011flant\u0131s\u0131 g\u00f6nderecektir. Hesab\u0131n\u0131za giri\u015f yapmak i\u00e7in ba\u011flant\u0131y\u0131 kullan\u0131n.<\/span><\/p>\n<h3><span class=\"ez-toc-section\" id=\"2_Verify_Your_Account\"><\/span><span style=\"font-weight: 400;\">2. Hesab\u0131n\u0131z\u0131 Do\u011frulay\u0131n<\/span><span class=\"ez-toc-section-end\"><\/span><\/h3>\n<p><span style=\"font-weight: 400;\">Kraken'de kripto sat\u0131n almak ve ticaret yapmak i\u00e7in kimlik do\u011frulamas\u0131n\u0131 tamamlaman\u0131z gerekir. Do\u011frulama istemini \"Kripto Sat\u0131n Al\" se\u00e7ene\u011fine t\u0131klayarak tetikleyebilirsiniz.<\/span><\/p>\n<p><a href=\"https:\/\/kraken.pxf.io\/B0Rny4\" rel=\"nofollow noopener\" target=\"_blank\"><img loading=\"lazy\" decoding=\"async\" class=\"alignnone wp-image-3407 size-full\" src=\"https:\/\/coinkickoff.com\/wp-content\/uploads\/kraken2-e1686524781685.png\" alt=\"kraken do\u011frulama uyar\u0131s\u0131\" width=\"1360\" height=\"791\" srcset=\"https:\/\/coinkickoff.com\/wp-content\/uploads\/kraken2-e1686524781685.png 1360w, https:\/\/coinkickoff.com\/wp-content\/uploads\/kraken2-e1686524781685-300x174.png 300w, https:\/\/coinkickoff.com\/wp-content\/uploads\/kraken2-e1686524781685-1024x596.png 1024w, https:\/\/coinkickoff.com\/wp-content\/uploads\/kraken2-e1686524781685-768x447.png 768w, https:\/\/coinkickoff.com\/wp-content\/uploads\/kraken2-e1686524781685-18x10.png 18w\" sizes=\"auto, (max-width: 1360px) 100vw, 1360px\" \/><\/a><\/p>\n<p><span style=\"font-weight: 400;\">Kimlik formunu doldurun. Bilgilerinizin kimlik belgelerinizle e\u015fle\u015fti\u011finden emin olun. \"Devam Et\" butonuna t\u0131klay\u0131n.<\/span><\/p>\n<p><a href=\"https:\/\/kraken.pxf.io\/B0Rny4\" rel=\"nofollow noopener\" target=\"_blank\"><img loading=\"lazy\" decoding=\"async\" class=\"alignnone wp-image-3408 size-full\" src=\"https:\/\/coinkickoff.com\/wp-content\/uploads\/kraken3-e1682503223180.png\" alt=\"\" width=\"1375\" height=\"777\" srcset=\"https:\/\/coinkickoff.com\/wp-content\/uploads\/kraken3-e1682503223180.png 1375w, https:\/\/coinkickoff.com\/wp-content\/uploads\/kraken3-e1682503223180-300x170.png 300w, https:\/\/coinkickoff.com\/wp-content\/uploads\/kraken3-e1682503223180-1024x579.png 1024w, https:\/\/coinkickoff.com\/wp-content\/uploads\/kraken3-e1682503223180-768x434.png 768w, https:\/\/coinkickoff.com\/wp-content\/uploads\/kraken3-e1682503223180-18x10.png 18w, https:\/\/coinkickoff.com\/wp-content\/uploads\/kraken3-e1682503223180-600x338.png 600w\" sizes=\"auto, (max-width: 1375px) 100vw, 1375px\" \/><\/a><\/p>\n<p><span style=\"font-weight: 400;\">Bir sonraki sayfada, resmi bir foto\u011frafl\u0131 kimlik y\u00fcklemeniz istenecektir. Ulusal kimlik kart\u0131n\u0131z\u0131n, pasaport sayfan\u0131z\u0131n veya ehliyetinizin bir foto\u011fraf\u0131n\u0131 y\u00fckleyebilirsiniz.<\/span><\/p>\n<h3><span class=\"ez-toc-section\" id=\"3_Enable_2FA\"><\/span><span style=\"font-weight: 400;\">3. 2FA'y\u0131 etkinle\u015ftirin<\/span><span class=\"ez-toc-section-end\"><\/span><\/h3>\n<p><span style=\"font-weight: 400;\">Kraken'e para yat\u0131rmadan \u00f6nce, 2FA'y\u0131 a\u00e7mak i\u00e7in Profilinize ve g\u00fcvenlik ayarlar\u0131n\u0131za gidin. Bu, \u015fifreniz ele ge\u00e7irilse bile hesab\u0131n\u0131z\u0131n korunmas\u0131n\u0131 sa\u011flayacakt\u0131r.\u00a0<\/span><\/p>\n<p><img loading=\"lazy\" decoding=\"async\" class=\"alignnone wp-image-3409 size-full\" src=\"https:\/\/coinkickoff.com\/wp-content\/uploads\/kraken4-e1682503267822.png\" alt=\"\" width=\"1360\" height=\"795\" srcset=\"https:\/\/coinkickoff.com\/wp-content\/uploads\/kraken4-e1682503267822.png 1360w, https:\/\/coinkickoff.com\/wp-content\/uploads\/kraken4-e1682503267822-300x175.png 300w, https:\/\/coinkickoff.com\/wp-content\/uploads\/kraken4-e1682503267822-1024x599.png 1024w, https:\/\/coinkickoff.com\/wp-content\/uploads\/kraken4-e1682503267822-768x449.png 768w, https:\/\/coinkickoff.com\/wp-content\/uploads\/kraken4-e1682503267822-18x12.png 18w\" sizes=\"auto, (max-width: 1360px) 100vw, 1360px\" \/><\/p>\n<p><span style=\"font-weight: 400;\">Kraken, giri\u015fler i\u00e7in 2FA'y\u0131 etkinle\u015ftirmenizi gerektirir, ancak fonlama ve ticaret dahil olmak \u00fczere di\u011fer i\u015flemler i\u00e7in de etkinle\u015ftirebilirsiniz. \u0130\u015flemi ba\u015flatmak i\u00e7in \"\u015eimdi Etkinle\u015ftir\" i t\u0131klaman\u0131z yeterlidir.<\/span><\/p>\n<p><a href=\"https:\/\/kraken.pxf.io\/B0Rny4\" rel=\"nofollow noopener\" target=\"_blank\"><span style=\"font-weight: 400;\"><img loading=\"lazy\" decoding=\"async\" class=\"alignnone wp-image-3405 size-full\" src=\"https:\/\/coinkickoff.com\/wp-content\/uploads\/kraken-5-e1682503294785.png\" alt=\"\" width=\"1357\" height=\"770\" srcset=\"https:\/\/coinkickoff.com\/wp-content\/uploads\/kraken-5-e1682503294785.png 1357w, https:\/\/coinkickoff.com\/wp-content\/uploads\/kraken-5-e1682503294785-300x170.png 300w, https:\/\/coinkickoff.com\/wp-content\/uploads\/kraken-5-e1682503294785-1024x581.png 1024w, https:\/\/coinkickoff.com\/wp-content\/uploads\/kraken-5-e1682503294785-768x436.png 768w, https:\/\/coinkickoff.com\/wp-content\/uploads\/kraken-5-e1682503294785-18x10.png 18w\" sizes=\"auto, (max-width: 1357px) 100vw, 1357px\" \/><\/span><\/a><\/p>\n<p><span style=\"font-weight: 400;\">\u0130lk olarak Google Authenticator uygulamas\u0131n\u0131 indirin. Uygulama, 2FA Kurulumu sayfas\u0131ndaki QR kodunu tarad\u0131\u011f\u0131n\u0131zda bir g\u00fcvenlik kodu olu\u015fturacakt\u0131r. Kodu girin ve \"Onayla \"y\u0131 t\u0131klay\u0131n.<\/span><\/p>\n<p><img loading=\"lazy\" decoding=\"async\" class=\"alignnone wp-image-3410 size-full\" src=\"https:\/\/coinkickoff.com\/wp-content\/uploads\/kraken6-e1682503322525.png\" alt=\"\" width=\"1357\" height=\"791\" \/><\/p>\n<h3><span class=\"ez-toc-section\" id=\"4_Add_an_Instant_Payment_Method\"><\/span><span style=\"font-weight: 400;\">4. An\u0131nda \u00d6deme Y\u00f6ntemi Ekleme<\/span><span class=\"ez-toc-section-end\"><\/span><\/h3>\n<p><span style=\"font-weight: 400;\">An\u0131nda bir \u00f6deme y\u00f6ntemi ekledi\u011finizde, Kraken'de Bitcoin veya di\u011fer dijital para birimlerini bir t\u0131klamayla sat\u0131n alabilirsiniz. Bunu yapmak i\u00e7in, sadece \"Kripto Sat\u0131n Al\" \u0131 t\u0131klay\u0131n. Bir sonraki sayfada, \"\u00d6deme Y\u00f6ntemleri Ekle\" yi se\u00e7in.\u00a0<\/span><\/p>\n<p><img loading=\"lazy\" decoding=\"async\" class=\"alignnone wp-image-3412 size-full\" src=\"https:\/\/coinkickoff.com\/wp-content\/uploads\/kraken8-e1682503364155.png\" alt=\"Kraken&#039;de Shiba Inu nas\u0131l sat\u0131n al\u0131n\u0131r\" width=\"1206\" height=\"781\" srcset=\"https:\/\/coinkickoff.com\/wp-content\/uploads\/kraken8-e1682503364155.png 1206w, https:\/\/coinkickoff.com\/wp-content\/uploads\/kraken8-e1682503364155-300x194.png 300w, https:\/\/coinkickoff.com\/wp-content\/uploads\/kraken8-e1682503364155-1024x663.png 1024w, https:\/\/coinkickoff.com\/wp-content\/uploads\/kraken8-e1682503364155-768x497.png 768w, https:\/\/coinkickoff.com\/wp-content\/uploads\/kraken8-e1682503364155-18x12.png 18w\" sizes=\"auto, (max-width: 1206px) 100vw, 1206px\" \/><\/p>\n<p><span style=\"font-weight: 400;\">\"\u00d6deme kart\u0131 ekle \"yi se\u00e7in.<\/span><\/p>\n<p><img loading=\"lazy\" decoding=\"async\" class=\"alignnone wp-image-3413 size-full\" src=\"https:\/\/coinkickoff.com\/wp-content\/uploads\/kraken9-e1682503407337.png\" alt=\"Kraken&#039;de Bitcoin Nas\u0131l Sat\u0131n Al\u0131n\u0131r\" width=\"1196\" height=\"776\" srcset=\"https:\/\/coinkickoff.com\/wp-content\/uploads\/kraken9-e1682503407337.png 1196w, https:\/\/coinkickoff.com\/wp-content\/uploads\/kraken9-e1682503407337-300x195.png 300w, https:\/\/coinkickoff.com\/wp-content\/uploads\/kraken9-e1682503407337-1024x664.png 1024w, https:\/\/coinkickoff.com\/wp-content\/uploads\/kraken9-e1682503407337-768x498.png 768w, https:\/\/coinkickoff.com\/wp-content\/uploads\/kraken9-e1682503407337-18x12.png 18w\" sizes=\"auto, (max-width: 1196px) 100vw, 1196px\" \/><\/p>\n<p><span style=\"font-weight: 400;\">Bir sonraki sayfada kart bilgilerinizi girin. Kart\u0131n\u0131z\u0131 ekledikten sonra, platformdan an\u0131nda Bitcoin sat\u0131n alabilirsiniz.<\/span><\/p>\n<h3><span class=\"ez-toc-section\" id=\"4_Navigate_to_the_Relevant_Screen_to_Buy\"><\/span><span style=\"font-weight: 400;\">4. Sat\u0131n Almak i\u00e7in \u0130lgili Ekrana Gidin<\/span><span class=\"ez-toc-section-end\"><\/span><\/h3>\n<p><span style=\"font-weight: 400;\">Bitcoin sat\u0131n alman\u0131n iki yolu vard\u0131r <a href=\"https:\/\/coinkickoff.com\/tr\/binance-review\/\" data-internallinksmanager029f6b8e52c=\"152\" title=\"Binance Yorumlar 2024: \u00d6zellikler, \u00dccretler, G\u00fcvenlik, Art\u0131lar ve Eksiler\">Binance<\/a>. Hesab\u0131n\u0131za bir kredi kart\u0131 veya banka kart\u0131 eklediyseniz, an\u0131nda sat\u0131n alma \u00f6zelli\u011fini kullanabilirsiniz. Hesab\u0131n\u0131za nakit para yat\u0131rd\u0131ysan\u0131z, USD'yi BTC'ye d\u00f6n\u00fc\u015ft\u00fcrebilirsiniz.<\/span><\/p>\n<p><span style=\"font-weight: 400;\">Kredi kart\u0131 al\u0131mlar\u0131 ile ba\u015flayal\u0131m. Tekrar \"Kripto Sat\u0131n Al \"a t\u0131klay\u0131n ve \"Sat\u0131n Al \"\u0131 se\u00e7in.<\/span><\/p>\n<p><span style=\"font-weight: 400;\">Kraken, Bitcoin dahil olmak \u00fczere \u00e7e\u015fitli dijital varl\u0131klar\u0131 do\u011frudan fiat ile sat\u0131n alman\u0131za olanak tan\u0131r. Arama \u00e7ubu\u011funa BTC yaz\u0131n ve listeden Bitcoin'yi se\u00e7in.\u00a0<\/span><\/p>\n<p><span style=\"font-weight: 400;\">Sipari\u015f formunda, BTC i\u00e7in ne kadar harcamak istedi\u011finizi girin ve \u00f6deme y\u00f6nteminiz olarak kart\u0131n\u0131z\u0131 se\u00e7in.<\/span><\/p>\n<p><span style=\"font-weight: 400;\">\"Onayla\" y\u0131 t\u0131klad\u0131\u011f\u0131n\u0131zda, Kraken sat\u0131n alma i\u015fleminize eklenen \u00fccretleri g\u00f6sterecektir. Kredi ve banka kart\u0131 al\u0131mlar\u0131 sipari\u015finize 3-5% \u00fccret ekler, bu nedenle biraz pahal\u0131 olabilir. Ancak, hemen hemen her borsada ayn\u0131d\u0131r.<\/span><\/p>\n<p><span style=\"font-weight: 400;\">Kraken hesab\u0131n\u0131za nakit para yat\u0131rd\u0131ysan\u0131z, USD'yi BTC ile takas edebilir veya USD'yi BTC'ye d\u00f6n\u00fc\u015ft\u00fcrebilirsiniz. <\/span><a href=\"https:\/\/kraken.pxf.io\/B0Rny4convert\/shib\/usd\" target=\"_blank\" rel=\"noopener\"><span style=\"font-weight: 400;\">otomatik d\u00f6n\u00fc\u015ft\u00fcr\u00fcc\u00fc<\/span><\/a><span style=\"font-weight: 400;\">. Bu, tek t\u0131kla sat\u0131n alma kadar basit ve h\u0131zl\u0131 de\u011fildir, ancak \u00fccretler \u00e7ok daha d\u00fc\u015f\u00fckt\u00fcr.<\/span><\/p>\n<p><span style=\"font-weight: 400;\">Otomatik d\u00f6n\u00fc\u015ft\u00fcr\u00fcc\u00fcn\u00fcn kullan\u0131m\u0131 \u00e7ok kolayd\u0131r, ancak belirlenmi\u015f bir i\u015flem oran\u0131na sahiptir. Ba\u015fka bir deyi\u015fle, bu y\u00f6ntemi kulland\u0131\u011f\u0131n\u0131zda Kraken BTC fiyat\u0131na karar verir.<\/span><\/p>\n<p><span style=\"font-weight: 400;\">Fiyat pazarl\u0131\u011f\u0131 yapmak istiyorsan\u0131z, ticaret aray\u00fcz\u00fcnde kendi ticaretinizi olu\u015fturabilirsiniz. \"\u0130\u015flem \"e t\u0131klay\u0131n ve \"Yeni Emir \"i se\u00e7in. \u0130\u015flem \u00e7iftinizi bize USD\/BTC olarak ayarlay\u0131n.<\/span><\/p>\n<p><span style=\"font-weight: 400;\">\u015eimdi, Bitcoin i\u00e7in harcamak istedi\u011finiz miktar\u0131 girin. Kraken size BTC i\u00e7in piyasa fiyat\u0131n\u0131 sunar, ancak fiyat\u0131 ayarlayabilirsiniz. Ayarlad\u0131\u011f\u0131n\u0131z fiyat piyasa fiyat\u0131ndan d\u00fc\u015f\u00fckse, Bitcoin'nizi almadan \u00f6nce birisinin teklifinizi almas\u0131n\u0131 beklemeniz gerekir.<\/span><\/p>","protected":false},"excerpt":{"rendered":"<p>Kraken'de Bitcoin Nas\u0131l Sat\u0131n Al\u0131n\u0131r Kraken, y\u00fcksek g\u00fcvenlik seviyesiyle \u00fcnl\u00fc, ABD merkezli deneyimli bir borsad\u0131r. Platformda birka\u00e7 altcoins'nin yan\u0131 s\u0131ra Bitcoin de sat\u0131n alabilirsiniz. \u0130\u015fte Kraken'de Bitcoin'nin nas\u0131l sat\u0131n al\u0131naca\u011f\u0131na dair rehberimiz. Kraken'de Bitcoin Nas\u0131l Sat\u0131n Al\u0131n\u0131r Ad\u0131m Ad\u0131m K\u0131lavuz 1. [...]<\/p>","protected":false},"author":3,"featured_media":0,"parent":3885,"menu_order":0,"comment_status":"closed","ping_status":"closed","template":"","meta":{"_genesis_hide_title":false,"_genesis_hide_breadcrumbs":false,"_genesis_hide_singular_image":false,"_genesis_hide_footer_widgets":false,"_genesis_custom_body_class":"","_genesis_custom_post_class":"","_genesis_layout":"","_glsr_average":0,"_glsr_ranking":0,"_glsr_reviews":0,"footnotes":""},"class_list":{"0":"post-3920","1":"page","2":"type-page","3":"status-publish","5":"entry"},"featured_image_src":null,"featured_image_src_square":null,"_links":{"self":[{"href":"https:\/\/coinkickoff.com\/tr\/wp-json\/wp\/v2\/pages\/3920","targetHints":{"allow":["GET"]}}],"collection":[{"href":"https:\/\/coinkickoff.com\/tr\/wp-json\/wp\/v2\/pages"}],"about":[{"href":"https:\/\/coinkickoff.com\/tr\/wp-json\/wp\/v2\/types\/page"}],"author":[{"embeddable":true,"href":"https:\/\/coinkickoff.com\/tr\/wp-json\/wp\/v2\/users\/3"}],"replies":[{"embeddable":true,"href":"https:\/\/coinkickoff.com\/tr\/wp-json\/wp\/v2\/comments?post=3920"}],"version-history":[{"count":3,"href":"https:\/\/coinkickoff.com\/tr\/wp-json\/wp\/v2\/pages\/3920\/revisions"}],"predecessor-version":[{"id":4245,"href":"https:\/\/coinkickoff.com\/tr\/wp-json\/wp\/v2\/pages\/3920\/revisions\/4245"}],"up":[{"embeddable":true,"href":"https:\/\/coinkickoff.com\/tr\/wp-json\/wp\/v2\/pages\/3885"}],"wp:attachment":[{"href":"https:\/\/coinkickoff.com\/tr\/wp-json\/wp\/v2\/media?parent=3920"}],"curies":[{"name":"wp","href":"https:\/\/api.w.org\/{rel}","templated":true}]}}