{"id":3899,"date":"2026-01-08T14:07:44","date_gmt":"2026-01-08T14:07:44","guid":{"rendered":"https:\/\/coinkickoff.com\/?page_id=3899"},"modified":"2026-01-08T14:07:44","modified_gmt":"2026-01-08T14:07:44","slug":"how-to-buy-bitcoin-on-coinbase","status":"publish","type":"page","link":"https:\/\/coinkickoff.com\/tr\/how-to-buy-bitcoin\/how-to-buy-bitcoin-on-coinbase\/","title":{"rendered":"Coinbase \u00fczerinde Bitcoin Nas\u0131l Sat\u0131n Al\u0131n\u0131r"},"content":{"rendered":"<div id=\"ez-toc-container\" class=\"ez-toc-v2_0_80 counter-hierarchy ez-toc-counter ez-toc-transparent ez-toc-container-direction\">\n<div class=\"ez-toc-title-container\">\n<p class=\"ez-toc-title\" style=\"cursor:inherit\">B\u00f6l\u00fcmler<\/p>\n<span class=\"ez-toc-title-toggle\"><a href=\"#\" class=\"ez-toc-pull-right ez-toc-btn ez-toc-btn-xs ez-toc-btn-default ez-toc-toggle\" aria-label=\"\u0130\u00e7indekiler Tablosunu A\u00e7\/Kapat\"><span class=\"ez-toc-js-icon-con\"><span class=\"\"><span class=\"eztoc-hide\" style=\"display:none;\">Ge\u00e7i\u015f<\/span><span class=\"ez-toc-icon-toggle-span\"><svg style=\"fill: #999;color:#999\" xmlns=\"http:\/\/www.w3.org\/2000\/svg\" class=\"list-377408\" width=\"20px\" height=\"20px\" viewbox=\"0 0 24 24\" fill=\"none\"><path d=\"M6 6H4v2h2V6zm14 0H8v2h12V6zM4 11h2v2H4v-2zm16 0H8v2h12v-2zM4 16h2v2H4v-2zm16 0H8v2h12v-2z\" fill=\"currentColor\"><\/path><\/svg><svg style=\"fill: #999;color:#999\" class=\"arrow-unsorted-368013\" xmlns=\"http:\/\/www.w3.org\/2000\/svg\" width=\"10px\" height=\"10px\" viewbox=\"0 0 24 24\" version=\"1.2\" baseprofile=\"tiny\"><path d=\"M18.2 9.3l-6.2-6.3-6.2 6.3c-.2.2-.3.4-.3.7s.1.5.3.7c.2.2.4.3.7.3h11c.3 0 .5-.1.7-.3.2-.2.3-.5.3-.7s-.1-.5-.3-.7zM5.8 14.7l6.2 6.3 6.2-6.3c.2-.2.3-.5.3-.7s-.1-.5-.3-.7c-.2-.2-.4-.3-.7-.3h-11c-.3 0-.5.1-.7.3-.2.2-.3.5-.3.7s.1.5.3.7z\"\/><\/svg><\/span><\/span><\/span><\/a><\/span><\/div>\n<nav><ul class='ez-toc-list ez-toc-list-level-1 eztoc-toggle-hide-by-default' ><li class='ez-toc-page-1 ez-toc-heading-level-2'><a class=\"ez-toc-link ez-toc-heading-1\" href=\"https:\/\/coinkickoff.com\/tr\/how-to-buy-bitcoin\/how-to-buy-bitcoin-on-coinbase\/#How_to_Buy_Bitcoin_on_Coinbase\" >Coinbase \u00fczerinde Bitcoin Nas\u0131l Sat\u0131n Al\u0131n\u0131r<\/a><\/li><li class='ez-toc-page-1 ez-toc-heading-level-2'><a class=\"ez-toc-link ez-toc-heading-2\" href=\"https:\/\/coinkickoff.com\/tr\/how-to-buy-bitcoin\/how-to-buy-bitcoin-on-coinbase\/#A_Step-By-Step_Guide_on_How_to_Buy_Bitcoin_on_Coinbase\" >Coinbase \u00dczerinden Bitcoin Nas\u0131l Sat\u0131n Al\u0131n\u0131r Ad\u0131m Ad\u0131m K\u0131lavuz<\/a><ul class='ez-toc-list-level-3' ><li class='ez-toc-heading-level-3'><a class=\"ez-toc-link ez-toc-heading-3\" href=\"https:\/\/coinkickoff.com\/tr\/how-to-buy-bitcoin\/how-to-buy-bitcoin-on-coinbase\/#1_Register_an_Account\" >1. Bir Hesap A\u00e7\u0131n<\/a><\/li><li class='ez-toc-page-1 ez-toc-heading-level-3'><a class=\"ez-toc-link ez-toc-heading-4\" href=\"https:\/\/coinkickoff.com\/tr\/how-to-buy-bitcoin\/how-to-buy-bitcoin-on-coinbase\/#2_Verify_Your_Account\" >2. Hesab\u0131n\u0131z\u0131 Do\u011frulay\u0131n<\/a><\/li><li class='ez-toc-page-1 ez-toc-heading-level-3'><a class=\"ez-toc-link ez-toc-heading-5\" href=\"https:\/\/coinkickoff.com\/tr\/how-to-buy-bitcoin\/how-to-buy-bitcoin-on-coinbase\/#3_Deposit_FundsCrypto\" >3. Mevduat Fonlar\u0131\/Kripto<\/a><\/li><li class='ez-toc-page-1 ez-toc-heading-level-3'><a class=\"ez-toc-link ez-toc-heading-6\" href=\"https:\/\/coinkickoff.com\/tr\/how-to-buy-bitcoin\/how-to-buy-bitcoin-on-coinbase\/#4_Navigate_to_the_Relevant_Screen_to_Buy\" >4. Sat\u0131n Almak i\u00e7in \u0130lgili Ekrana Gidin<\/a><\/li><\/ul><\/li><\/ul><\/nav><\/div>\n<h2><span class=\"ez-toc-section\" id=\"How_to_Buy_Bitcoin_on_Coinbase\"><\/span><span style=\"font-weight: 400;\">Coinbase \u00fczerinde Bitcoin Nas\u0131l Sat\u0131n Al\u0131n\u0131r<\/span><span class=\"ez-toc-section-end\"><\/span><\/h2>\n<p><span style=\"font-weight: 400;\">Hakk\u0131nda biraz bilginiz varsa <a href=\"https:\/\/coinkickoff.com\/tr\/bitcoin-btc\/\" data-internallinksmanager029f6b8e52c=\"1\" title=\"Bitcoin (BTC) Nedir? Fiyat, Tarih\u00e7e ve Nereden Al\u0131n\u0131r\">Bitcoin<\/a>hakk\u0131nda bir \u015feyler duymu\u015f olabilirsiniz. <a href=\"https:\/\/coinkickoff.com\/tr\/coinbase-review\/\" data-internallinksmanager029f6b8e52c=\"142\" title=\"Coinbase Yorumlar\u0131 2024: \u00d6zellikler, \u00dccretler, G\u00fcvenlik, Art\u0131lar &amp; Eksiler\">Coinbase<\/a>\u00f6nde gelen \u015firketlerinden biri olan <a href=\"https:\/\/coinkickoff.com\/tr\/crypto-exchanges\/\" data-internallinksmanager029f6b8e52c=\"141\" title=\"21&#039;teki 2024 En \u0130yi Cryptocurrency Borsalar\u0131 ve Uygulamalar\u0131\">kripto para borsalar\u0131<\/a> d\u00fcnyada.<\/span><\/p>\n<p><span style=\"font-weight: 400;\">Coinbase, kullan\u0131m kolayl\u0131\u011f\u0131 ve faaliyet g\u00f6sterdi\u011fi \u00fclkelerin yasa ve y\u00f6netmeliklerine uygunlu\u011fuyla bilinen ABD merkezli bir dijital borsad\u0131r. Vah\u015fi ve genellikle d\u00fczensiz kripto borsalar\u0131 denizinde, bir istikrar feneri olmaya devam ediyor ve bu nedenle genellikle yeni ba\u015flayan t\u00fcccarlara g\u00fcvenilir bir se\u00e7enek olarak \u00f6neriliyor.\u00a0<\/span><\/p>\n<p><span style=\"font-weight: 400;\">Kendi kripto yolculu\u011funuza ba\u015flamak istiyorsan\u0131z biraz BTC sat\u0131n al\u0131n, <\/span><a href=\"https:\/\/coinkickoff.com\/tr\/coinbase-review\/\"><span style=\"font-weight: 400;\">Coinbase<\/span><\/a><span style=\"font-weight: 400;\"> mant\u0131kl\u0131 bir se\u00e7imdir. Bu k\u0131lavuzda, Coinbase \u00fczerinde Bitcoin'nin nas\u0131l sat\u0131n al\u0131naca\u011f\u0131n\u0131 ad\u0131m ad\u0131m talimatlarla a\u00e7\u0131klayaca\u011f\u0131z.<\/span><\/p>\n<h2><span class=\"ez-toc-section\" id=\"A_Step-By-Step_Guide_on_How_to_Buy_Bitcoin_on_Coinbase\"><\/span><span style=\"font-weight: 400;\">Coinbase \u00dczerinden Bitcoin Nas\u0131l Sat\u0131n Al\u0131n\u0131r Ad\u0131m Ad\u0131m K\u0131lavuz<\/span><span class=\"ez-toc-section-end\"><\/span><\/h2>\n<h3><span class=\"ez-toc-section\" id=\"1_Register_an_Account\"><\/span><span style=\"font-weight: 400;\">1. Bir Hesap A\u00e7\u0131n<\/span><span class=\"ez-toc-section-end\"><\/span><\/h3>\n<h2><img loading=\"lazy\" decoding=\"async\" class=\"alignnone wp-image-3527 size-large\" style=\"font-size: 18px; font-family: Muli, sans-serif;\" src=\"https:\/\/coinkickoff.com\/wp-content\/uploads\/Screen-Shot-2023-03-30-at-7.13.25-AM-e1686183370122-1024x538.png\" alt=\"\" width=\"1024\" height=\"538\" srcset=\"https:\/\/coinkickoff.com\/wp-content\/uploads\/Screen-Shot-2023-03-30-at-7.13.25-AM-e1686183370122-1024x538.png 1024w, https:\/\/coinkickoff.com\/wp-content\/uploads\/Screen-Shot-2023-03-30-at-7.13.25-AM-e1686183370122-300x158.png 300w, https:\/\/coinkickoff.com\/wp-content\/uploads\/Screen-Shot-2023-03-30-at-7.13.25-AM-e1686183370122-768x404.png 768w, https:\/\/coinkickoff.com\/wp-content\/uploads\/Screen-Shot-2023-03-30-at-7.13.25-AM-e1686183370122-18x9.png 18w, https:\/\/coinkickoff.com\/wp-content\/uploads\/Screen-Shot-2023-03-30-at-7.13.25-AM-e1686183370122.png 1277w\" sizes=\"auto, (max-width: 1024px) 100vw, 1024px\" \/><\/h2>\n<p><span style=\"font-weight: 400;\">Her \u015feyden \u00f6nce, \u015fu adrese gitmek i\u00e7in ba\u011flant\u0131m\u0131z\u0131 kullan\u0131n <\/span><a href=\"https:\/\/coinbase-consumer.sjv.io\/ORPoaG\" target=\"_blank\" rel=\"noopener\"><span style=\"font-weight: 400;\">Coinbase'in resmi web sitesi<\/span><\/a><span style=\"font-weight: 400;\"> ve bir d\u00f6viz hesab\u0131 a\u00e7\u0131n.<\/span><\/p>\n<p><span style=\"font-weight: 400;\">Resmi ad\u0131n\u0131zla kaydolmal\u0131s\u0131n\u0131z. Coinbase s\u0131k\u0131 bir KYC politikas\u0131na sahip oldu\u011fundan, ilk kaydoldu\u011funuzda ki\u015fisel bilgilerinizin kimli\u011finizle e\u015fle\u015fmesi \u00f6nemlidir.<\/span><\/p>\n<p><span style=\"font-weight: 400;\">Formu doldurduktan sonra \"Hesap Olu\u015ftur \"a t\u0131klay\u0131n. Coinbase size bir do\u011frulama ba\u011flant\u0131s\u0131 e-posta ile g\u00f6nderecektir. E-posta adresinizi do\u011frulamak i\u00e7in ba\u011flant\u0131ya t\u0131klay\u0131n.\u00a0<\/span><\/p>\n<p><span style=\"font-weight: 400;\">Coinbase ayr\u0131ca hesab\u0131n\u0131zda oturum a\u00e7mak i\u00e7in cep telefonu numaran\u0131z\u0131 onaylaman\u0131z\u0131 gerektirir. \u0130stendi\u011finde rakamlar\u0131n\u0131z\u0131 girin ve oturum a\u00e7mak i\u00e7in ald\u0131\u011f\u0131n\u0131z SMS kodunu kullan\u0131n.<\/span><\/p>\n<h3><span class=\"ez-toc-section\" id=\"2_Verify_Your_Account\"><\/span><span style=\"font-weight: 400;\">2. Hesab\u0131n\u0131z\u0131 Do\u011frulay\u0131n<\/span><span class=\"ez-toc-section-end\"><\/span><\/h3>\n<p><span style=\"font-weight: 400;\">Coinbase'de kimlik do\u011frulamas\u0131 bir zorunluluktur. Neyse ki, bu basit bir i\u015flemdir. \u0130lk oturum a\u00e7t\u0131\u011f\u0131n\u0131zda a\u00e7\u0131lan \"Kimli\u011finizi Do\u011frulay\u0131n\" d\u00fc\u011fmesine t\u0131klaman\u0131z yeterlidir. <\/span><\/p>\n<p><img loading=\"lazy\" decoding=\"async\" class=\"alignnone wp-image-3526 size-large\" src=\"https:\/\/coinkickoff.com\/wp-content\/uploads\/Screen-Shot-2023-03-30-at-6.16.20-AM-e1683779340546-1024x470.png\" alt=\"\" width=\"1024\" height=\"470\" srcset=\"https:\/\/coinkickoff.com\/wp-content\/uploads\/Screen-Shot-2023-03-30-at-6.16.20-AM-e1683779340546-1024x470.png 1024w, https:\/\/coinkickoff.com\/wp-content\/uploads\/Screen-Shot-2023-03-30-at-6.16.20-AM-e1683779340546-300x138.png 300w, https:\/\/coinkickoff.com\/wp-content\/uploads\/Screen-Shot-2023-03-30-at-6.16.20-AM-e1683779340546-768x352.png 768w, https:\/\/coinkickoff.com\/wp-content\/uploads\/Screen-Shot-2023-03-30-at-6.16.20-AM-e1683779340546-18x8.png 18w, https:\/\/coinkickoff.com\/wp-content\/uploads\/Screen-Shot-2023-03-30-at-6.16.20-AM-e1683779340546.png 1389w\" sizes=\"auto, (max-width: 1024px) 100vw, 1024px\" \/><\/p>\n<p><span style=\"font-weight: 400;\">Do\u011frulama a\u00e7\u0131l\u0131r pencere uyar\u0131s\u0131n\u0131 yanl\u0131\u015fl\u0131kla kapatt\u0131ysan\u0131z endi\u015felenmeyin. Mavi renkle vurgulanan \"Al &amp; Sat\" sekmesine t\u0131klaman\u0131z ba\u015fka bir do\u011frulama talebini tetikleyecektir. S\u00fcreci manuel olarak ba\u015flatmak i\u00e7in profil simgenize t\u0131klay\u0131p \"Do\u011frulama\" sekmesine de gidebilirsiniz.<\/span><\/p>\n<p><img loading=\"lazy\" decoding=\"async\" class=\"alignnone wp-image-3525 size-full\" src=\"https:\/\/coinkickoff.com\/wp-content\/uploads\/Screen-Shot-2023-03-30-at-6.15.03-AM-e1683779367919.png\" alt=\"\" width=\"1436\" height=\"806\" srcset=\"https:\/\/coinkickoff.com\/wp-content\/uploads\/Screen-Shot-2023-03-30-at-6.15.03-AM-e1683779367919.png 1436w, https:\/\/coinkickoff.com\/wp-content\/uploads\/Screen-Shot-2023-03-30-at-6.15.03-AM-e1683779367919-300x168.png 300w, https:\/\/coinkickoff.com\/wp-content\/uploads\/Screen-Shot-2023-03-30-at-6.15.03-AM-e1683779367919-1024x575.png 1024w, https:\/\/coinkickoff.com\/wp-content\/uploads\/Screen-Shot-2023-03-30-at-6.15.03-AM-e1683779367919-768x431.png 768w, https:\/\/coinkickoff.com\/wp-content\/uploads\/Screen-Shot-2023-03-30-at-6.15.03-AM-e1683779367919-18x10.png 18w, https:\/\/coinkickoff.com\/wp-content\/uploads\/Screen-Shot-2023-03-30-at-6.15.03-AM-e1683779367919-600x338.png 600w\" sizes=\"auto, (max-width: 1436px) 100vw, 1436px\" \/><\/p>\n<p><span style=\"font-weight: 400;\">Coinbase size doldurman\u0131z i\u00e7in ayr\u0131nt\u0131l\u0131 bir anket verir. Formu do\u011fru bilgilerle doldurdu\u011funuzdan emin olun. Yanl\u0131\u015f veya eksik bilgiler do\u011frulama onay\u0131n\u0131zda gecikmelere neden olabilir.\u00a0\u00a0<\/span><\/p>\n<p><span style=\"font-weight: 400;\">Formu doldurduktan sonra, platforma pasaport sayfas\u0131 veya ehliyet gibi resmi bir foto\u011frafl\u0131 kimlik y\u00fckleyin. Do\u011frulama genellikle birka\u00e7 dakika s\u00fcrer ve tamamland\u0131ktan sonra para yat\u0131rabilir ve BTC sat\u0131n alabilirsiniz.<\/span><\/p>\n<h3><span class=\"ez-toc-section\" id=\"3_Deposit_FundsCrypto\"><\/span><span style=\"font-weight: 400;\">3. Mevduat Fonlar\u0131\/Kripto<\/span><span class=\"ez-toc-section-end\"><\/span><\/h3>\n<p><span style=\"font-weight: 400;\">Bir sonraki ad\u0131m Coinbase hesab\u0131n\u0131za bir \u00f6deme y\u00f6ntemi eklemektir. Hesap ayarlar\u0131n\u0131za gitmek i\u00e7in profil simgenize (sa\u011f \u00fcst k\u00f6\u015fe) t\u0131klay\u0131n. <\/span><\/p>\n<p><img loading=\"lazy\" decoding=\"async\" class=\"alignnone wp-image-3521 size-full\" src=\"https:\/\/coinkickoff.com\/wp-content\/uploads\/Screen-Shot-2023-03-29-at-10.44.01-PM-e1683779393247.png\" alt=\"\" width=\"1396\" height=\"673\" srcset=\"https:\/\/coinkickoff.com\/wp-content\/uploads\/Screen-Shot-2023-03-29-at-10.44.01-PM-e1683779393247.png 1396w, https:\/\/coinkickoff.com\/wp-content\/uploads\/Screen-Shot-2023-03-29-at-10.44.01-PM-e1683779393247-300x145.png 300w, https:\/\/coinkickoff.com\/wp-content\/uploads\/Screen-Shot-2023-03-29-at-10.44.01-PM-e1683779393247-1024x494.png 1024w, https:\/\/coinkickoff.com\/wp-content\/uploads\/Screen-Shot-2023-03-29-at-10.44.01-PM-e1683779393247-768x370.png 768w, https:\/\/coinkickoff.com\/wp-content\/uploads\/Screen-Shot-2023-03-29-at-10.44.01-PM-e1683779393247-18x9.png 18w\" sizes=\"auto, (max-width: 1396px) 100vw, 1396px\" \/><\/p>\n<p><span style=\"font-weight: 400;\">\"\u00d6deme Y\u00f6ntemleri\" sekmesine t\u0131klay\u0131n.<\/span><\/p>\n<p><img loading=\"lazy\" decoding=\"async\" class=\"alignnone wp-image-3522 size-full\" src=\"https:\/\/coinkickoff.com\/wp-content\/uploads\/Screen-Shot-2023-03-29-at-10.44.08-PM-e1683779417928.png\" alt=\"\" width=\"1414\" height=\"719\" srcset=\"https:\/\/coinkickoff.com\/wp-content\/uploads\/Screen-Shot-2023-03-29-at-10.44.08-PM-e1683779417928.png 1414w, https:\/\/coinkickoff.com\/wp-content\/uploads\/Screen-Shot-2023-03-29-at-10.44.08-PM-e1683779417928-300x153.png 300w, https:\/\/coinkickoff.com\/wp-content\/uploads\/Screen-Shot-2023-03-29-at-10.44.08-PM-e1683779417928-1024x521.png 1024w, https:\/\/coinkickoff.com\/wp-content\/uploads\/Screen-Shot-2023-03-29-at-10.44.08-PM-e1683779417928-768x391.png 768w, https:\/\/coinkickoff.com\/wp-content\/uploads\/Screen-Shot-2023-03-29-at-10.44.08-PM-e1683779417928-18x9.png 18w\" sizes=\"auto, (max-width: 1414px) 100vw, 1414px\" \/><\/p>\n<p><span style=\"font-weight: 400;\">\u015eimdi se\u00e7eneklerinizi g\u00f6rmek i\u00e7in \"Bir \u00f6deme y\u00f6ntemi ekle\" d\u00fc\u011fmesine bas\u0131n.<\/span><\/p>\n<p><img loading=\"lazy\" decoding=\"async\" class=\"alignnone wp-image-3523 size-full\" src=\"https:\/\/coinkickoff.com\/wp-content\/uploads\/Screen-Shot-2023-03-29-at-10.44.22-PM-e1683779442560.png\" alt=\"\" width=\"1403\" height=\"737\" srcset=\"https:\/\/coinkickoff.com\/wp-content\/uploads\/Screen-Shot-2023-03-29-at-10.44.22-PM-e1683779442560.png 1403w, https:\/\/coinkickoff.com\/wp-content\/uploads\/Screen-Shot-2023-03-29-at-10.44.22-PM-e1683779442560-300x158.png 300w, https:\/\/coinkickoff.com\/wp-content\/uploads\/Screen-Shot-2023-03-29-at-10.44.22-PM-e1683779442560-1024x538.png 1024w, https:\/\/coinkickoff.com\/wp-content\/uploads\/Screen-Shot-2023-03-29-at-10.44.22-PM-e1683779442560-768x403.png 768w, https:\/\/coinkickoff.com\/wp-content\/uploads\/Screen-Shot-2023-03-29-at-10.44.22-PM-e1683779442560-18x9.png 18w\" sizes=\"auto, (max-width: 1403px) 100vw, 1403px\" \/><\/p>\n<p><span style=\"font-weight: 400;\">\u00d6deme y\u00f6ntemleri \u00fclkeye g\u00f6re de\u011fi\u015fir. ABD merkezli kullan\u0131c\u0131lar, fiat para yat\u0131rma i\u015flemi yapmak i\u00e7in ABD banka hesaplar\u0131n\u0131 platforma kolayca ba\u011flayabilirler. Avrupa merkezli kullan\u0131c\u0131lar SEPA ve banka havalelerini de kullanabilir.<\/span><\/p>\n<p><span style=\"font-weight: 400;\">Hemen hemen herkesin kullanabilece\u011fi en yayg\u0131n \u00f6deme y\u00f6ntemleri banka ve kredi kartlar\u0131d\u0131r. Dijital varl\u0131klar\u0131 banka ve kredi kartlar\u0131yla sat\u0131n almak \u00e7ok kolay ve \u00e7ok h\u0131zl\u0131d\u0131r. Ne yaz\u0131k ki, bir dezavantaj\u0131, \u00f6deme i\u015flemleri i\u00e7in eklenen \u00fccretlerdir. Genellikle, Coinbase t\u00fcm kredi ve banka coin sat\u0131n al\u0131mlar\u0131 i\u00e7in 3-5% \u00fccret al\u0131r.<\/span><\/p>\n<p><span style=\"font-weight: 400;\">Kullanmak istedi\u011finiz y\u00f6nteme t\u0131klay\u0131n. Banka transferlerini se\u00e7erseniz, banka hesab\u0131n\u0131z\u0131 Coinbase hesab\u0131n\u0131za ba\u011flamak i\u00e7in ekrandaki talimatlar\u0131 izleyin.<\/span><\/p>\n<p><span style=\"font-weight: 400;\">Kredi\/banka kart\u0131 se\u00e7ene\u011fini de se\u00e7ebilir ve a\u015fa\u011f\u0131daki talimatlar\u0131 takip edebilirsiniz.<\/span><\/p>\n<p><img loading=\"lazy\" decoding=\"async\" class=\"alignnone wp-image-3524 size-full\" src=\"https:\/\/coinkickoff.com\/wp-content\/uploads\/Screen-Shot-2023-03-29-at-10.44.29-PM-e1683779464552.png\" alt=\"\" width=\"1407\" height=\"730\" srcset=\"https:\/\/coinkickoff.com\/wp-content\/uploads\/Screen-Shot-2023-03-29-at-10.44.29-PM-e1683779464552.png 1407w, https:\/\/coinkickoff.com\/wp-content\/uploads\/Screen-Shot-2023-03-29-at-10.44.29-PM-e1683779464552-300x156.png 300w, https:\/\/coinkickoff.com\/wp-content\/uploads\/Screen-Shot-2023-03-29-at-10.44.29-PM-e1683779464552-1024x531.png 1024w, https:\/\/coinkickoff.com\/wp-content\/uploads\/Screen-Shot-2023-03-29-at-10.44.29-PM-e1683779464552-768x398.png 768w, https:\/\/coinkickoff.com\/wp-content\/uploads\/Screen-Shot-2023-03-29-at-10.44.29-PM-e1683779464552-18x9.png 18w\" sizes=\"auto, (max-width: 1407px) 100vw, 1407px\" \/><\/p>\n<p><span style=\"font-weight: 400;\">\u0130lk olarak, ad\u0131n\u0131z\u0131 kartta yaz\u0131l\u0131 oldu\u011fu \u015fekilde girin. L\u00fctfen karttaki ad\u0131n kimli\u011finizde yaz\u0131l\u0131 olan resmi ad\u0131n\u0131zla e\u015fle\u015fmesi gerekti\u011fini unutmay\u0131n. Kart numaras\u0131n\u0131, son kullanma tarihini ve CVC'nizi girin. CVC genellikle kart\u0131n\u0131z\u0131n arkas\u0131nda yaz\u0131l\u0131 olan \u00fc\u00e7 haneli bir koddur. Son olarak, posta kodunuzu girin ve \"Kart Ekle\" d\u00fc\u011fmesine bas\u0131n.<\/span><\/p>\n<h3><span class=\"ez-toc-section\" id=\"4_Navigate_to_the_Relevant_Screen_to_Buy\"><\/span><span style=\"font-weight: 400;\">4. Sat\u0131n Almak i\u00e7in \u0130lgili Ekrana Gidin<\/span><span class=\"ez-toc-section-end\"><\/span><\/h3>\n<p><span style=\"font-weight: 400;\">Ana sayfan\u0131za gidin ve mavi ile vurgulanm\u0131\u015f \"Al &amp; Sat\" d\u00fc\u011fmesine t\u0131klay\u0131n. Bu, tek t\u0131klamayla sat\u0131n alma formunu a\u00e7acakt\u0131r. <\/span><\/p>\n<p><img loading=\"lazy\" decoding=\"async\" class=\"alignnone wp-image-3811 size-full\" src=\"https:\/\/coinkickoff.com\/wp-content\/uploads\/Screen-Shot-2023-06-08-at-3.20.32-AM-1-e1686183860887.png\" alt=\"coinbase \u00fczerinde shiba inu nas\u0131l sat\u0131n al\u0131n\u0131r\" width=\"1295\" height=\"655\" \/><\/p>\n<p><span style=\"font-weight: 400;\">Harcamak istedi\u011finiz miktar\u0131 girmeniz yeterlidir. Sat\u0131n alma widget'\u0131 varsay\u0131lan olarak BTC olarak ayarlanm\u0131\u015ft\u0131r, ancak yan\u0131ndaki oka t\u0131klayarak di\u011fer dijital varl\u0131klara de\u011fi\u015ftirebilirsiniz.<\/span><\/p>\n<p><span style=\"font-weight: 400;\">\"Birlikte \u00d6de\" kutusuna t\u0131klay\u0131n ve \u00f6deme y\u00f6ntemi olarak kredi veya banka kart\u0131n\u0131z\u0131 se\u00e7in.<\/span><\/p>\n<p><span style=\"font-weight: 400;\">Girdi\u011finiz tutar\u0131n alt\u0131na bakarsan\u0131z, \"Tek seferlik sat\u0131n alma\" yazan ba\u015fka bir kutu g\u00f6receksiniz. Yine, bu varsay\u0131land\u0131r, ancak Coinbase'in sizin i\u00e7in her hafta veya her ay otomatik olarak yinelenen sat\u0131n al\u0131mlar yapmas\u0131 i\u00e7in bunu de\u011fi\u015ftirebilirsiniz.\u00a0<\/span><\/p>\n<p><span style=\"font-weight: 400;\">Formu doldurduktan sonra \"Sat\u0131n Almay\u0131 \u00d6nizle \"ye t\u0131klay\u0131n. <\/span><\/p>\n<p><img loading=\"lazy\" decoding=\"async\" class=\"alignnone wp-image-3519 size-full\" src=\"https:\/\/coinkickoff.com\/wp-content\/uploads\/Screen-Shot-2023-03-29-at-10.39.23-PM-e1683779487708.png\" alt=\"doge nas\u0131l sat\u0131n al\u0131n\u0131rcoinbase \u00fczerinde coinCoinbase \u00fczerinde Bitcoin Nas\u0131l Sat\u0131n Al\u0131n\u0131r\" width=\"1439\" height=\"763\" srcset=\"https:\/\/coinkickoff.com\/wp-content\/uploads\/Screen-Shot-2023-03-29-at-10.39.23-PM-e1683779487708.png 1439w, https:\/\/coinkickoff.com\/wp-content\/uploads\/Screen-Shot-2023-03-29-at-10.39.23-PM-e1683779487708-300x159.png 300w, https:\/\/coinkickoff.com\/wp-content\/uploads\/Screen-Shot-2023-03-29-at-10.39.23-PM-e1683779487708-1024x543.png 1024w, https:\/\/coinkickoff.com\/wp-content\/uploads\/Screen-Shot-2023-03-29-at-10.39.23-PM-e1683779487708-768x407.png 768w, https:\/\/coinkickoff.com\/wp-content\/uploads\/Screen-Shot-2023-03-29-at-10.39.23-PM-e1683779487708-18x10.png 18w\" sizes=\"auto, (max-width: 1439px) 100vw, 1439px\" \/><\/p>\n<p><span style=\"font-weight: 400;\">Coinbase, alaca\u011f\u0131n\u0131z BTC miktar\u0131n\u0131n yan\u0131 s\u0131ra sizden tahsil edilen \u00fccretleri de g\u00f6sterecektir. Sipari\u015finizden memnunsan\u0131z, tamamlamak i\u00e7in \"\u015eimdi Sat\u0131n Al \"a t\u0131klayabilirsiniz.\u00a0<\/span><\/p>","protected":false},"excerpt":{"rendered":"<p>Coinbase'de Bitcoin Nas\u0131l Sat\u0131n Al\u0131n\u0131r Bitcoin hakk\u0131nda biraz bilginiz varsa, d\u00fcnyan\u0131n \u00f6nde gelen kripto para borsalar\u0131ndan biri olan Coinbase'i zaten duymu\u015f olabilirsiniz. Coinbase, kullan\u0131m kolayl\u0131\u011f\u0131 ve faaliyet g\u00f6sterdi\u011fi \u00fclkelerin yasa ve y\u00f6netmeliklerine uygunlu\u011fuyla bilinen ABD merkezli bir dijital borsad\u0131r. [...]<\/p>","protected":false},"author":3,"featured_media":0,"parent":3885,"menu_order":0,"comment_status":"closed","ping_status":"closed","template":"","meta":{"_genesis_hide_title":false,"_genesis_hide_breadcrumbs":false,"_genesis_hide_singular_image":false,"_genesis_hide_footer_widgets":false,"_genesis_custom_body_class":"","_genesis_custom_post_class":"","_genesis_layout":"","_glsr_average":0,"_glsr_ranking":0,"_glsr_reviews":0,"footnotes":""},"class_list":{"0":"post-3899","1":"page","2":"type-page","3":"status-publish","5":"entry"},"featured_image_src":null,"featured_image_src_square":null,"_links":{"self":[{"href":"https:\/\/coinkickoff.com\/tr\/wp-json\/wp\/v2\/pages\/3899","targetHints":{"allow":["GET"]}}],"collection":[{"href":"https:\/\/coinkickoff.com\/tr\/wp-json\/wp\/v2\/pages"}],"about":[{"href":"https:\/\/coinkickoff.com\/tr\/wp-json\/wp\/v2\/types\/page"}],"author":[{"embeddable":true,"href":"https:\/\/coinkickoff.com\/tr\/wp-json\/wp\/v2\/users\/3"}],"replies":[{"embeddable":true,"href":"https:\/\/coinkickoff.com\/tr\/wp-json\/wp\/v2\/comments?post=3899"}],"version-history":[{"count":1,"href":"https:\/\/coinkickoff.com\/tr\/wp-json\/wp\/v2\/pages\/3899\/revisions"}],"predecessor-version":[{"id":3900,"href":"https:\/\/coinkickoff.com\/tr\/wp-json\/wp\/v2\/pages\/3899\/revisions\/3900"}],"up":[{"embeddable":true,"href":"https:\/\/coinkickoff.com\/tr\/wp-json\/wp\/v2\/pages\/3885"}],"wp:attachment":[{"href":"https:\/\/coinkickoff.com\/tr\/wp-json\/wp\/v2\/media?parent=3899"}],"curies":[{"name":"wp","href":"https:\/\/api.w.org\/{rel}","templated":true}]}}