{"id":3892,"date":"2026-01-08T14:07:43","date_gmt":"2026-01-08T14:07:43","guid":{"rendered":"https:\/\/coinkickoff.com\/?page_id=3892"},"modified":"2026-01-08T14:07:43","modified_gmt":"2026-01-08T14:07:43","slug":"how-to-buy-bitcoin-on-okx","status":"publish","type":"page","link":"https:\/\/coinkickoff.com\/tr\/how-to-buy-bitcoin\/how-to-buy-bitcoin-on-okx\/","title":{"rendered":"OKX'te Bitcoin Nas\u0131l Sat\u0131n Al\u0131n\u0131r"},"content":{"rendered":"<div id=\"ez-toc-container\" class=\"ez-toc-v2_0_80 counter-hierarchy ez-toc-counter ez-toc-transparent ez-toc-container-direction\">\n<div class=\"ez-toc-title-container\">\n<p class=\"ez-toc-title\" style=\"cursor:inherit\">B\u00f6l\u00fcmler<\/p>\n<span class=\"ez-toc-title-toggle\"><a href=\"#\" class=\"ez-toc-pull-right ez-toc-btn ez-toc-btn-xs ez-toc-btn-default ez-toc-toggle\" aria-label=\"\u0130\u00e7indekiler Tablosunu A\u00e7\/Kapat\"><span class=\"ez-toc-js-icon-con\"><span class=\"\"><span class=\"eztoc-hide\" style=\"display:none;\">Ge\u00e7i\u015f<\/span><span class=\"ez-toc-icon-toggle-span\"><svg style=\"fill: #999;color:#999\" xmlns=\"http:\/\/www.w3.org\/2000\/svg\" class=\"list-377408\" width=\"20px\" height=\"20px\" viewbox=\"0 0 24 24\" fill=\"none\"><path d=\"M6 6H4v2h2V6zm14 0H8v2h12V6zM4 11h2v2H4v-2zm16 0H8v2h12v-2zM4 16h2v2H4v-2zm16 0H8v2h12v-2z\" fill=\"currentColor\"><\/path><\/svg><svg style=\"fill: #999;color:#999\" class=\"arrow-unsorted-368013\" xmlns=\"http:\/\/www.w3.org\/2000\/svg\" width=\"10px\" height=\"10px\" viewbox=\"0 0 24 24\" version=\"1.2\" baseprofile=\"tiny\"><path d=\"M18.2 9.3l-6.2-6.3-6.2 6.3c-.2.2-.3.4-.3.7s.1.5.3.7c.2.2.4.3.7.3h11c.3 0 .5-.1.7-.3.2-.2.3-.5.3-.7s-.1-.5-.3-.7zM5.8 14.7l6.2 6.3 6.2-6.3c.2-.2.3-.5.3-.7s-.1-.5-.3-.7c-.2-.2-.4-.3-.7-.3h-11c-.3 0-.5.1-.7.3-.2.2-.3.5-.3.7s.1.5.3.7z\"\/><\/svg><\/span><\/span><\/span><\/a><\/span><\/div>\n<nav><ul class='ez-toc-list ez-toc-list-level-1 eztoc-toggle-hide-by-default' ><li class='ez-toc-page-1 ez-toc-heading-level-2'><a class=\"ez-toc-link ez-toc-heading-1\" href=\"https:\/\/coinkickoff.com\/tr\/how-to-buy-bitcoin\/how-to-buy-bitcoin-on-okx\/#How_to_Buy_Bitcoin_on_OKX\" >OKX'te Bitcoin Nas\u0131l Sat\u0131n Al\u0131n\u0131r<\/a><\/li><li class='ez-toc-page-1 ez-toc-heading-level-2'><a class=\"ez-toc-link ez-toc-heading-2\" href=\"https:\/\/coinkickoff.com\/tr\/how-to-buy-bitcoin\/how-to-buy-bitcoin-on-okx\/#A_Step-By-Step_Guide_on_How_to_Buy_Bitcoin_on_OKX\" >OKX \u00dczerinden Bitcoin Nas\u0131l Sat\u0131n Al\u0131n\u0131r Ad\u0131m Ad\u0131m K\u0131lavuz<\/a><ul class='ez-toc-list-level-3' ><li class='ez-toc-heading-level-3'><a class=\"ez-toc-link ez-toc-heading-3\" href=\"https:\/\/coinkickoff.com\/tr\/how-to-buy-bitcoin\/how-to-buy-bitcoin-on-okx\/#1_Register_an_Account\" >1. Bir Hesap A\u00e7\u0131n<\/a><\/li><li class='ez-toc-page-1 ez-toc-heading-level-3'><a class=\"ez-toc-link ez-toc-heading-4\" href=\"https:\/\/coinkickoff.com\/tr\/how-to-buy-bitcoin\/how-to-buy-bitcoin-on-okx\/#2_Verify_Your_Account\" >2. Hesab\u0131n\u0131z\u0131 Do\u011frulay\u0131n<\/a><\/li><li class='ez-toc-page-1 ez-toc-heading-level-3'><a class=\"ez-toc-link ez-toc-heading-5\" href=\"https:\/\/coinkickoff.com\/tr\/how-to-buy-bitcoin\/how-to-buy-bitcoin-on-okx\/#3_Deposit_FundsCrypto\" >3. Mevduat Fonlar\u0131\/Kripto<\/a><\/li><li class='ez-toc-page-1 ez-toc-heading-level-3'><a class=\"ez-toc-link ez-toc-heading-6\" href=\"https:\/\/coinkickoff.com\/tr\/how-to-buy-bitcoin\/how-to-buy-bitcoin-on-okx\/#4_Navigate_to_the_Relevant_Screen_to_Buy\" >4. Sat\u0131n Almak i\u00e7in \u0130lgili Ekrana Gidin<\/a><\/li><\/ul><\/li><\/ul><\/nav><\/div>\n<h2><span class=\"ez-toc-section\" id=\"How_to_Buy_Bitcoin_on_OKX\"><\/span><span style=\"font-weight: 400;\">OKX'te Bitcoin Nas\u0131l Sat\u0131n Al\u0131n\u0131r<\/span><span class=\"ez-toc-section-end\"><\/span><\/h2>\n<p><a href=\"https:\/\/coinkickoff.com\/tr\/okx-review\/\"><span style=\"font-weight: 400;\">OKX<\/span><\/a><span style=\"font-weight: 400;\"> dahil olmak \u00fczere y\u00fczlerce dijital varl\u0131k satan k\u00fcresel bir borsad\u0131r. <a href=\"https:\/\/coinkickoff.com\/tr\/bitcoin-btc\/\" data-internallinksmanager029f6b8e52c=\"1\" title=\"Bitcoin (BTC) Nedir? Fiyat, Tarih\u00e7e ve Nereden Al\u0131n\u0131r\">Bitcoin<\/a>d\u00fcnyan\u0131n en de\u011ferli kripto para birimidir. BTC'i \u015fu adresten kolayca sat\u0131n alabilirsiniz <a href=\"https:\/\/coinkickoff.com\/tr\/okx-review\/\" data-internallinksmanager029f6b8e52c=\"150\" title=\"OKX Yorumlar\u0131 2023: \u00dccretler, \u00d6zellikler, G\u00fcvenlik, Art\u0131lar ve Eksiler\">OKX<\/a> tek t\u0131kla sat\u0131n al aray\u00fcz\u00fc arac\u0131l\u0131\u011f\u0131yla.<\/span><\/p>\n<p><span style=\"font-weight: 400;\">OKX'te Bitcoin maceran\u0131za ba\u015flamaya haz\u0131rsan\u0131z ancak ne yapman\u0131z gerekti\u011finden emin de\u011filseniz endi\u015felenmeyin. \u0130\u015fte OKX'te Bitcoin'nin nas\u0131l sat\u0131n al\u0131naca\u011f\u0131na dair ayr\u0131nt\u0131l\u0131 bir k\u0131lavuz.<\/span><\/p>\n<h2><span class=\"ez-toc-section\" id=\"A_Step-By-Step_Guide_on_How_to_Buy_Bitcoin_on_OKX\"><\/span><span style=\"font-weight: 400;\">OKX \u00dczerinden Bitcoin Nas\u0131l Sat\u0131n Al\u0131n\u0131r Ad\u0131m Ad\u0131m K\u0131lavuz<\/span><span class=\"ez-toc-section-end\"><\/span><\/h2>\n<h3><span class=\"ez-toc-section\" id=\"1_Register_an_Account\"><\/span><span style=\"font-weight: 400;\">1. Bir Hesap A\u00e7\u0131n<\/span><span class=\"ez-toc-section-end\"><\/span><\/h3>\n<p><span style=\"font-weight: 400;\">\u015euraya giderek ba\u015flayal\u0131m <\/span><a href=\"https:\/\/www.okx.com\/join\/65358827?irclickid=wGZRfu0xLxyPUxZS3K3eC293UkAS%3A3XkEUiYUw0&amp;Channelid=&amp;sharedid=&amp;irgwc=1\" target=\"_blank\" rel=\"noopener\"><span style=\"font-weight: 400;\">OKX web sitesi<\/span><\/a><span style=\"font-weight: 400;\"> ve bir hesap olu\u015fturmak.\u00a0 <\/span><\/p>\n<p><img loading=\"lazy\" decoding=\"async\" class=\"alignnone wp-image-3286 size-full\" src=\"https:\/\/coinkickoff.com\/wp-content\/uploads\/okx-sign-up.png\" alt=\"dogecoin okx \u00fczerinden nas\u0131l sat\u0131n al\u0131n\u0131r kaydolun\" width=\"1410\" height=\"721\" srcset=\"https:\/\/coinkickoff.com\/wp-content\/uploads\/okx-sign-up.png 1410w, https:\/\/coinkickoff.com\/wp-content\/uploads\/okx-sign-up-300x153.png 300w, https:\/\/coinkickoff.com\/wp-content\/uploads\/okx-sign-up-1024x524.png 1024w, https:\/\/coinkickoff.com\/wp-content\/uploads\/okx-sign-up-768x393.png 768w, https:\/\/coinkickoff.com\/wp-content\/uploads\/okx-sign-up-18x9.png 18w\" sizes=\"auto, (max-width: 1410px) 100vw, 1410px\" \/><\/p>\n<p><span style=\"font-weight: 400;\">OKX'e e-postan\u0131z, telefon numaran\u0131z ve hatta Google veya Telegram hesaplar\u0131n\u0131zla kaydolabilirsiniz.\u00a0\u00a0<\/span><\/p>\n<h3><span class=\"ez-toc-section\" id=\"2_Verify_Your_Account\"><\/span><span style=\"font-weight: 400;\">2. Hesab\u0131n\u0131z\u0131 Do\u011frulay\u0131n<\/span><span class=\"ez-toc-section-end\"><\/span><\/h3>\n<p><span style=\"font-weight: 400;\">Zaten sahip oldu\u011funuz dijital varl\u0131klarla Bitcoin sat\u0131n almak istiyorsan\u0131z, kimlik do\u011frulamas\u0131n\u0131 atlayabilirsiniz. OKX, kimli\u011finizi do\u011frulamadan kripto para ticareti yapman\u0131za olanak tan\u0131r. coins'nizi OKX c\u00fczdan\u0131n\u0131za g\u00f6nderebilir ve BTC ile takas edebilirsiniz.\u00a0<\/span><\/p>\n<p><span style=\"font-weight: 400;\">\u00d6te yandan, halihaz\u0131rda coins sahibi de\u011filseniz veya fiat para ile BTC sat\u0131n almak istiyorsan\u0131z, kimlik do\u011frulama i\u015flemini tamamlaman\u0131z gerekir.<\/span><\/p>\n<p><span style=\"font-weight: 400;\">Olduk\u00e7a basittir. Sayfan\u0131n sa\u011f \u00fcst k\u00f6\u015fesindeki profil simgesine bas\u0131n ve do\u011frulama sekmesini se\u00e7in.<\/span><\/p>\n<p><img loading=\"lazy\" decoding=\"async\" class=\"alignnone wp-image-3287 size-full\" src=\"https:\/\/coinkickoff.com\/wp-content\/uploads\/okx-verif.png\" alt=\"\" width=\"1417\" height=\"694\" srcset=\"https:\/\/coinkickoff.com\/wp-content\/uploads\/okx-verif.png 1417w, https:\/\/coinkickoff.com\/wp-content\/uploads\/okx-verif-300x147.png 300w, https:\/\/coinkickoff.com\/wp-content\/uploads\/okx-verif-1024x502.png 1024w, https:\/\/coinkickoff.com\/wp-content\/uploads\/okx-verif-768x376.png 768w, https:\/\/coinkickoff.com\/wp-content\/uploads\/okx-verif-18x9.png 18w\" sizes=\"auto, (max-width: 1417px) 100vw, 1417px\" \/><\/p>\n<p><span style=\"font-weight: 400;\">Do\u011frulama sayfas\u0131nda, bireysel bir hesap veya kurumsal bir hesap aras\u0131nda se\u00e7im yapabilirsiniz. Bir \u015firket ad\u0131na i\u015flem yapm\u0131yorsan\u0131z, bireysel hesab\u0131 se\u00e7meli ve \"Devam\" d\u00fc\u011fmesine basmal\u0131s\u0131n\u0131z.<\/span><\/p>\n<p><img loading=\"lazy\" decoding=\"async\" class=\"alignnone wp-image-3288 size-full\" src=\"https:\/\/coinkickoff.com\/wp-content\/uploads\/okx-ver2.png\" alt=\"\" width=\"1426\" height=\"486\" srcset=\"https:\/\/coinkickoff.com\/wp-content\/uploads\/okx-ver2.png 1426w, https:\/\/coinkickoff.com\/wp-content\/uploads\/okx-ver2-300x102.png 300w, https:\/\/coinkickoff.com\/wp-content\/uploads\/okx-ver2-1024x349.png 1024w, https:\/\/coinkickoff.com\/wp-content\/uploads\/okx-ver2-768x262.png 768w, https:\/\/coinkickoff.com\/wp-content\/uploads\/okx-ver2-18x6.png 18w\" sizes=\"auto, (max-width: 1426px) 100vw, 1426px\" \/><\/p>\n<p><span style=\"font-weight: 400;\">\u015eimdi formu doldurun ve ad\u0131n\u0131z\u0131 resmi kimli\u011finizde yaz\u0131l\u0131 oldu\u011fu \u015fekilde yazd\u0131\u011f\u0131n\u0131zdan emin olun. Ayr\u0131ca kimli\u011finizi do\u011frulamak i\u00e7in resmi bir foto\u011frafl\u0131 kimlik y\u00fcklemeniz istenecektir.<\/span><\/p>\n<p><img loading=\"lazy\" decoding=\"async\" class=\"alignnone wp-image-3289 size-full\" src=\"https:\/\/coinkickoff.com\/wp-content\/uploads\/okx-ver3.png\" alt=\"\" width=\"1427\" height=\"666\" srcset=\"https:\/\/coinkickoff.com\/wp-content\/uploads\/okx-ver3.png 1427w, https:\/\/coinkickoff.com\/wp-content\/uploads\/okx-ver3-300x140.png 300w, https:\/\/coinkickoff.com\/wp-content\/uploads\/okx-ver3-1024x478.png 1024w, https:\/\/coinkickoff.com\/wp-content\/uploads\/okx-ver3-768x358.png 768w, https:\/\/coinkickoff.com\/wp-content\/uploads\/okx-ver3-18x8.png 18w\" sizes=\"auto, (max-width: 1427px) 100vw, 1427px\" \/><\/p>\n<h3><span class=\"ez-toc-section\" id=\"3_Deposit_FundsCrypto\"><\/span><span style=\"font-weight: 400;\">3. Mevduat Fonlar\u0131\/Kripto<\/span><span class=\"ez-toc-section-end\"><\/span><\/h3>\n<p><span style=\"font-weight: 400;\">Profil simgesine tekrar t\u0131klay\u0131n ve \"Genel Bak\u0131\u015f\" sekmesini se\u00e7in. G\u00f6rd\u00fc\u011f\u00fcn\u00fcz gibi, se\u00e7enekleriniz kredi kart\u0131 ile kripto sat\u0131n almak veya OKX c\u00fczdan\u0131n\u0131za coins yat\u0131rmakt\u0131r.\u00a0<\/span><\/p>\n<p><span style=\"font-weight: 400;\">coins'ye zaten sahipseniz, \"Para Yat\u0131r\" se\u00e7ene\u011fine t\u0131klay\u0131n ve OKX'e para yat\u0131rma i\u015fleminizi tamamlamak i\u00e7in talimatlar\u0131 izleyin.<\/span><\/p>\n<p><span style=\"font-weight: 400;\">Bitcoin'yi kredi kart\u0131yla sat\u0131n almak istiyorsan\u0131z, \"Kartla Sat\u0131n Al\" se\u00e7ene\u011fini se\u00e7in.<\/span><\/p>\n<p><img loading=\"lazy\" decoding=\"async\" class=\"alignnone wp-image-3290 size-full\" src=\"https:\/\/coinkickoff.com\/wp-content\/uploads\/okx-verif-1.png\" alt=\"\" width=\"1417\" height=\"694\" srcset=\"https:\/\/coinkickoff.com\/wp-content\/uploads\/okx-verif-1.png 1417w, https:\/\/coinkickoff.com\/wp-content\/uploads\/okx-verif-1-300x147.png 300w, https:\/\/coinkickoff.com\/wp-content\/uploads\/okx-verif-1-1024x502.png 1024w, https:\/\/coinkickoff.com\/wp-content\/uploads\/okx-verif-1-768x376.png 768w, https:\/\/coinkickoff.com\/wp-content\/uploads\/okx-verif-1-18x9.png 18w\" sizes=\"auto, (max-width: 1417px) 100vw, 1417px\" \/><\/p>\n<h3><span class=\"ez-toc-section\" id=\"4_Navigate_to_the_Relevant_Screen_to_Buy\"><\/span><span style=\"font-weight: 400;\">4. Sat\u0131n Almak i\u00e7in \u0130lgili Ekrana Gidin<\/span><span class=\"ez-toc-section-end\"><\/span><\/h3>\n<p><span style=\"font-weight: 400;\">\"Kartla Sat\u0131n Al\" se\u00e7ene\u011fini se\u00e7erseniz, tek t\u0131kla sat\u0131n alma sayfas\u0131na ula\u015f\u0131rs\u0131n\u0131z.<\/span><\/p>\n<p><img loading=\"lazy\" decoding=\"async\" class=\"alignnone wp-image-3291 size-full\" src=\"https:\/\/coinkickoff.com\/wp-content\/uploads\/Screen-Shot-2023-03-24-at-5.59.53-AM-e1686184694963.png\" alt=\"OKX&#039;te Bitcoin Nas\u0131l Sat\u0131n Al\u0131n\u0131r\" width=\"1439\" height=\"802\" \/><\/p>\n<p><span style=\"font-weight: 400;\">\"\u00d6deyece\u011finiz\" s\u00fctununa ne kadar para harcamak istedi\u011finizi girin. \"Alaca\u011f\u0131n\u0131z\" s\u00fctununda ne kadar BTC alaca\u011f\u0131n\u0131z\u0131 g\u00f6receksiniz. Sat\u0131n Al widget'\u0131 varsay\u0131lan olarak BTC olarak ayarlanm\u0131\u015ft\u0131r, ancak ad\u0131n\u0131n yan\u0131ndaki k\u00fc\u00e7\u00fck oka t\u0131klayarak manuel olarak da ayarlayabilirsiniz.<\/span><\/p>\n<p><span style=\"font-weight: 400;\">Formu doldurduktan sonra sipari\u015f detaylar\u0131n\u0131z\u0131 g\u00f6zden ge\u00e7irin. Her \u015fey yolunda g\u00f6r\u00fcn\u00fcyorsa, devam edin ve \"BTC Sat\u0131n Al\" d\u00fc\u011fmesine bas\u0131n.<\/span><\/p>\n<p>&nbsp;<\/p>\n<p><img loading=\"lazy\" decoding=\"async\" class=\"alignnone wp-image-3292 size-full\" src=\"https:\/\/coinkickoff.com\/wp-content\/uploads\/buydogeend.png\" alt=\"\" width=\"1432\" height=\"798\" srcset=\"https:\/\/coinkickoff.com\/wp-content\/uploads\/buydogeend.png 1432w, https:\/\/coinkickoff.com\/wp-content\/uploads\/buydogeend-300x167.png 300w, https:\/\/coinkickoff.com\/wp-content\/uploads\/buydogeend-1024x571.png 1024w, https:\/\/coinkickoff.com\/wp-content\/uploads\/buydogeend-768x428.png 768w, https:\/\/coinkickoff.com\/wp-content\/uploads\/buydogeend-18x10.png 18w\" sizes=\"auto, (max-width: 1432px) 100vw, 1432px\" \/><\/p>\n<p><span style=\"font-weight: 400;\">\u015eimdi, bir \u00f6deme y\u00f6ntemi se\u00e7me zaman\u0131. OKX, Simplex, Banxa, Mercuryo dahil olmak \u00fczere \u00e7e\u015fitli \u00f6deme y\u00f6ntemlerini ve \u00fc\u00e7\u00fcnc\u00fc taraf \u00f6deme i\u015flemcilerini destekler. Sat\u0131n alma i\u015fleminiz i\u00e7in \u00f6deme yapmak \u00fczere Payoneer veya Revolut hesab\u0131n\u0131za da ba\u011flanabilirsiniz.<\/span><\/p>\n<p><span style=\"font-weight: 400;\">\u00d6deme y\u00f6nteminizi se\u00e7in ve \"Do\u011frula \"ya t\u0131klay\u0131n. Ve i\u015fte bu kadar! Art\u0131k OKX \u00fczerinden Bitcoin'yi nas\u0131l sat\u0131n alaca\u011f\u0131n\u0131z\u0131 biliyorsunuz.<\/span><\/p>","protected":false},"excerpt":{"rendered":"<p>OKX'te Bitcoin Nas\u0131l Sat\u0131n Al\u0131n\u0131r OKX, d\u00fcnyan\u0131n en de\u011ferli kripto para birimi olan Bitcoin de dahil olmak \u00fczere y\u00fczlerce dijital varl\u0131k satan k\u00fcresel bir borsad\u0131r. OKX \u00fczerinden tek t\u0131kla basit sat\u0131n alma aray\u00fcz\u00fc arac\u0131l\u0131\u011f\u0131yla kolayca BTC sat\u0131n alabilirsiniz. OKX'te Bitcoin maceran\u0131za ba\u015flamaya haz\u0131rsan\u0131z ancak ne yapman\u0131z gerekti\u011finden emin de\u011filseniz, [...]<\/p>","protected":false},"author":3,"featured_media":0,"parent":3885,"menu_order":0,"comment_status":"closed","ping_status":"closed","template":"","meta":{"_genesis_hide_title":false,"_genesis_hide_breadcrumbs":false,"_genesis_hide_singular_image":false,"_genesis_hide_footer_widgets":false,"_genesis_custom_body_class":"","_genesis_custom_post_class":"","_genesis_layout":"","_glsr_average":0,"_glsr_ranking":0,"_glsr_reviews":0,"footnotes":""},"class_list":{"0":"post-3892","1":"page","2":"type-page","3":"status-publish","5":"entry"},"featured_image_src":null,"featured_image_src_square":null,"_links":{"self":[{"href":"https:\/\/coinkickoff.com\/tr\/wp-json\/wp\/v2\/pages\/3892","targetHints":{"allow":["GET"]}}],"collection":[{"href":"https:\/\/coinkickoff.com\/tr\/wp-json\/wp\/v2\/pages"}],"about":[{"href":"https:\/\/coinkickoff.com\/tr\/wp-json\/wp\/v2\/types\/page"}],"author":[{"embeddable":true,"href":"https:\/\/coinkickoff.com\/tr\/wp-json\/wp\/v2\/users\/3"}],"replies":[{"embeddable":true,"href":"https:\/\/coinkickoff.com\/tr\/wp-json\/wp\/v2\/comments?post=3892"}],"version-history":[{"count":1,"href":"https:\/\/coinkickoff.com\/tr\/wp-json\/wp\/v2\/pages\/3892\/revisions"}],"predecessor-version":[{"id":3893,"href":"https:\/\/coinkickoff.com\/tr\/wp-json\/wp\/v2\/pages\/3892\/revisions\/3893"}],"up":[{"embeddable":true,"href":"https:\/\/coinkickoff.com\/tr\/wp-json\/wp\/v2\/pages\/3885"}],"wp:attachment":[{"href":"https:\/\/coinkickoff.com\/tr\/wp-json\/wp\/v2\/media?parent=3892"}],"curies":[{"name":"wp","href":"https:\/\/api.w.org\/{rel}","templated":true}]}}