{"id":3877,"date":"2026-01-08T14:06:52","date_gmt":"2026-01-08T14:06:52","guid":{"rendered":"https:\/\/coinkickoff.com\/?page_id=3877"},"modified":"2026-01-08T14:06:52","modified_gmt":"2026-01-08T14:06:52","slug":"how-to-buy-shiba-inu-on-kraken","status":"publish","type":"page","link":"https:\/\/coinkickoff.com\/tr\/how-to-buy-shiba-inu\/how-to-buy-shiba-inu-on-kraken\/","title":{"rendered":"Kraken'de Shiba Inu Nas\u0131l Sat\u0131n Al\u0131n\u0131r"},"content":{"rendered":"<div id=\"ez-toc-container\" class=\"ez-toc-v2_0_80 counter-hierarchy ez-toc-counter ez-toc-transparent ez-toc-container-direction\">\n<div class=\"ez-toc-title-container\">\n<p class=\"ez-toc-title\" style=\"cursor:inherit\">B\u00f6l\u00fcmler<\/p>\n<span class=\"ez-toc-title-toggle\"><a href=\"#\" class=\"ez-toc-pull-right ez-toc-btn ez-toc-btn-xs ez-toc-btn-default ez-toc-toggle\" aria-label=\"\u0130\u00e7indekiler Tablosunu A\u00e7\/Kapat\"><span class=\"ez-toc-js-icon-con\"><span class=\"\"><span class=\"eztoc-hide\" style=\"display:none;\">Ge\u00e7i\u015f<\/span><span class=\"ez-toc-icon-toggle-span\"><svg style=\"fill: #999;color:#999\" xmlns=\"http:\/\/www.w3.org\/2000\/svg\" class=\"list-377408\" width=\"20px\" height=\"20px\" viewbox=\"0 0 24 24\" fill=\"none\"><path d=\"M6 6H4v2h2V6zm14 0H8v2h12V6zM4 11h2v2H4v-2zm16 0H8v2h12v-2zM4 16h2v2H4v-2zm16 0H8v2h12v-2z\" fill=\"currentColor\"><\/path><\/svg><svg style=\"fill: #999;color:#999\" class=\"arrow-unsorted-368013\" xmlns=\"http:\/\/www.w3.org\/2000\/svg\" width=\"10px\" height=\"10px\" viewbox=\"0 0 24 24\" version=\"1.2\" baseprofile=\"tiny\"><path d=\"M18.2 9.3l-6.2-6.3-6.2 6.3c-.2.2-.3.4-.3.7s.1.5.3.7c.2.2.4.3.7.3h11c.3 0 .5-.1.7-.3.2-.2.3-.5.3-.7s-.1-.5-.3-.7zM5.8 14.7l6.2 6.3 6.2-6.3c.2-.2.3-.5.3-.7s-.1-.5-.3-.7c-.2-.2-.4-.3-.7-.3h-11c-.3 0-.5.1-.7.3-.2.2-.3.5-.3.7s.1.5.3.7z\"\/><\/svg><\/span><\/span><\/span><\/a><\/span><\/div>\n<nav><ul class='ez-toc-list ez-toc-list-level-1 eztoc-toggle-hide-by-default' ><li class='ez-toc-page-1 ez-toc-heading-level-2'><a class=\"ez-toc-link ez-toc-heading-1\" href=\"https:\/\/coinkickoff.com\/tr\/how-to-buy-shiba-inu\/how-to-buy-shiba-inu-on-kraken\/#How_to_Buy_Shiba_Inu_on_Kraken_Exchange\" >Kraken Borsas\u0131nda Shiba Inu Nas\u0131l Sat\u0131n Al\u0131n\u0131r<\/a><\/li><li class='ez-toc-page-1 ez-toc-heading-level-2'><a class=\"ez-toc-link ez-toc-heading-2\" href=\"https:\/\/coinkickoff.com\/tr\/how-to-buy-shiba-inu\/how-to-buy-shiba-inu-on-kraken\/#A_Step-By-Step_Guide_on_How_to_Buy_Shiba_Inu_on_Kraken\" >Kraken'de Shiba Inu Nas\u0131l Sat\u0131n Al\u0131n\u0131r Ad\u0131m Ad\u0131m K\u0131lavuz<\/a><ul class='ez-toc-list-level-3' ><li class='ez-toc-heading-level-3'><a class=\"ez-toc-link ez-toc-heading-3\" href=\"https:\/\/coinkickoff.com\/tr\/how-to-buy-shiba-inu\/how-to-buy-shiba-inu-on-kraken\/#1_Register_an_Account_on_Kraken\" >1. Kraken'de Bir Hesap A\u00e7\u0131n<\/a><\/li><li class='ez-toc-page-1 ez-toc-heading-level-3'><a class=\"ez-toc-link ez-toc-heading-4\" href=\"https:\/\/coinkickoff.com\/tr\/how-to-buy-shiba-inu\/how-to-buy-shiba-inu-on-kraken\/#2_Verify_Your_Account\" >2. Hesab\u0131n\u0131z\u0131 Do\u011frulay\u0131n<\/a><\/li><li class='ez-toc-page-1 ez-toc-heading-level-3'><a class=\"ez-toc-link ez-toc-heading-5\" href=\"https:\/\/coinkickoff.com\/tr\/how-to-buy-shiba-inu\/how-to-buy-shiba-inu-on-kraken\/#3_Enable_2FA\" >3. 2FA'y\u0131 etkinle\u015ftirin<\/a><\/li><li class='ez-toc-page-1 ez-toc-heading-level-3'><a class=\"ez-toc-link ez-toc-heading-6\" href=\"https:\/\/coinkickoff.com\/tr\/how-to-buy-shiba-inu\/how-to-buy-shiba-inu-on-kraken\/#4_Add_an_Instant_Payment_Method\" >4. An\u0131nda \u00d6deme Y\u00f6ntemi Ekleme<\/a><\/li><li class='ez-toc-page-1 ez-toc-heading-level-3'><a class=\"ez-toc-link ez-toc-heading-7\" href=\"https:\/\/coinkickoff.com\/tr\/how-to-buy-shiba-inu\/how-to-buy-shiba-inu-on-kraken\/#4_Navigate_to_the_Relevant_Screen_to_Buy\" >4. Sat\u0131n Almak i\u00e7in \u0130lgili Ekrana Gidin<\/a><\/li><\/ul><\/li><\/ul><\/nav><\/div>\n<h2><span class=\"ez-toc-section\" id=\"How_to_Buy_Shiba_Inu_on_Kraken_Exchange\"><\/span><span style=\"font-weight: 400;\">Kraken Borsas\u0131nda Shiba Inu Nas\u0131l Sat\u0131n Al\u0131n\u0131r<\/span><span class=\"ez-toc-section-end\"><\/span><\/h2>\n<p><span style=\"font-weight: 400;\">\u00c7o\u011fu kripto para birimi gibi, <a href=\"https:\/\/coinkickoff.com\/tr\/shiba-inu-shib\/\">Shiba Inu (SHIB)<\/a> spek\u00fclatif bir varl\u0131kt\u0131r: \u00dcnl\u00fclerin, pazarlamac\u0131lar\u0131n ve hatta Reddit yorumcular\u0131n\u0131n kaprislerine ba\u011fl\u0131 olarak fiyat\u0131 y\u00fckselip d\u00fc\u015febilir. Kullan\u0131m alan\u0131 olmayan bir meme coin olarak, <a href=\"https:\/\/coinkickoff.com\/tr\/shiba-inu-shib\/\" data-internallinksmanager029f6b8e52c=\"16\" title=\"Shiba Inu (SHIB) Nedir? Nas\u0131l \u00c7al\u0131\u015f\u0131r ve Nereden Al\u0131n\u0131r?\">SHIB<\/a> \u00f6zellikle b\u00fcy\u00fck ve ani fiyat dalgalanmalar\u0131na kar\u015f\u0131 savunmas\u0131zd\u0131r, bu da onu potansiyel olarak karl\u0131 ve riskli hale getirir.<\/span><\/p>\n<p><span style=\"font-weight: 400;\">SHIB \u00fcr\u00fcn\u00fcn\u00fc \u00e7e\u015fitli markalardan sat\u0131n alabilirsiniz <a href=\"https:\/\/coinkickoff.com\/tr\/crypto-exchanges\/\" data-internallinksmanager029f6b8e52c=\"141\" title=\"21&#039;teki 2024 En \u0130yi Cryptocurrency Borsalar\u0131 ve Uygulamalar\u0131\">kripto borsalar\u0131<\/a>pop\u00fclerli\u011fi sayesinde. Bu k\u0131lavuzda, Shiba Inu'nin nas\u0131l sat\u0131n al\u0131naca\u011f\u0131n\u0131 a\u00e7\u0131klayaca\u011f\u0131z <a href=\"https:\/\/coinkickoff.com\/tr\/kraken-review\/\">Kraken<\/a>y\u00fcksek g\u00fcvenlik standartlar\u0131yla bilinen ABD merkezli bir emektar borsas\u0131d\u0131r.<\/span><\/p>\n<h2><span class=\"ez-toc-section\" id=\"A_Step-By-Step_Guide_on_How_to_Buy_Shiba_Inu_on_Kraken\"><\/span><span style=\"font-weight: 400;\">Kraken'de Shiba Inu Nas\u0131l Sat\u0131n Al\u0131n\u0131r Ad\u0131m Ad\u0131m K\u0131lavuz<\/span><span class=\"ez-toc-section-end\"><\/span><\/h2>\n<h3><span class=\"ez-toc-section\" id=\"1_Register_an_Account_on_Kraken\"><\/span><span style=\"font-weight: 400;\">1. Kraken'de Bir Hesap A\u00e7\u0131n<\/span><span class=\"ez-toc-section-end\"><\/span><\/h3>\n<p><img loading=\"lazy\" decoding=\"async\" class=\"alignnone wp-image-3406 size-full\" src=\"https:\/\/coinkickoff.com\/wp-content\/uploads\/kraken1-e1682502957481.png\" alt=\"Kraken&#039;de Dogecoin nas\u0131l sat\u0131n al\u0131n\u0131r\" width=\"1339\" height=\"763\" srcset=\"https:\/\/coinkickoff.com\/wp-content\/uploads\/kraken1-e1682502957481.png 1339w, https:\/\/coinkickoff.com\/wp-content\/uploads\/kraken1-e1682502957481-300x171.png 300w, https:\/\/coinkickoff.com\/wp-content\/uploads\/kraken1-e1682502957481-1024x584.png 1024w, https:\/\/coinkickoff.com\/wp-content\/uploads\/kraken1-e1682502957481-768x438.png 768w, https:\/\/coinkickoff.com\/wp-content\/uploads\/kraken1-e1682502957481-18x10.png 18w\" sizes=\"auto, (max-width: 1339px) 100vw, 1339px\" \/><\/p>\n<p><span style=\"font-weight: 400;\">Her \u015fey s\u0131rayla: \u015euraya git <a href=\"https:\/\/coinkickoff.com\/tr\/kraken-review\/\" data-internallinksmanager029f6b8e52c=\"171\" title=\"Kraken Yorumlar\u0131 2023: \u00dccretler, \u00d6zellikler, G\u00fcvenlik, Art\u0131lar\u0131 ve Eksileri\">Kraken<\/a>'in resmi web sitesini ziyaret edin ve bir hesap olu\u015fturun. Gerekli t\u00fcm bilgileri girerek kay\u0131t formunu doldurun. Ge\u00e7erli bir e-posta girdi\u011finizden emin olun: Kraken bunu size bir aktivasyon ba\u011flant\u0131s\u0131 g\u00f6ndermek i\u00e7in kullanacakt\u0131r.<\/span><\/p>\n<h3><span class=\"ez-toc-section\" id=\"2_Verify_Your_Account\"><\/span><span style=\"font-weight: 400;\">2. Hesab\u0131n\u0131z\u0131 Do\u011frulay\u0131n<\/span><span class=\"ez-toc-section-end\"><\/span><\/h3>\n<p><span style=\"font-weight: 400;\">Giri\u015f yapt\u0131ktan sonra, kimlik do\u011frulamas\u0131n\u0131 tamamlama zaman\u0131. Kraken kimlik do\u011frulama konusunda olduk\u00e7a kat\u0131d\u0131r, bu nedenle bu ad\u0131m\u0131 atlayamazs\u0131n\u0131z. Asl\u0131nda, g\u00f6sterge tablosunun \u00fcst k\u0131sm\u0131ndaki \"Kripto Sat\u0131n Al\" sekmesine t\u0131klamaya \u00e7al\u0131\u015ft\u0131\u011f\u0131n\u0131z anda, kimli\u011finizi do\u011frulaman\u0131z istenecektir.<\/span><\/p>\n<p><img loading=\"lazy\" decoding=\"async\" class=\"alignnone wp-image-3407 size-full\" src=\"https:\/\/coinkickoff.com\/wp-content\/uploads\/kraken2-e1686524781685.png\" alt=\"kraken do\u011frulama uyar\u0131s\u0131\" width=\"1360\" height=\"791\" srcset=\"https:\/\/coinkickoff.com\/wp-content\/uploads\/kraken2-e1686524781685.png 1360w, https:\/\/coinkickoff.com\/wp-content\/uploads\/kraken2-e1686524781685-300x174.png 300w, https:\/\/coinkickoff.com\/wp-content\/uploads\/kraken2-e1686524781685-1024x596.png 1024w, https:\/\/coinkickoff.com\/wp-content\/uploads\/kraken2-e1686524781685-768x447.png 768w, https:\/\/coinkickoff.com\/wp-content\/uploads\/kraken2-e1686524781685-18x10.png 18w\" sizes=\"auto, (max-width: 1360px) 100vw, 1360px\" \/><\/p>\n<p><span style=\"font-weight: 400;\">Kraken do\u011frulama \u015femas\u0131 olduk\u00e7a standartt\u0131r: ad\u0131n\u0131z\u0131, adresinizi ve ki\u015fisel bilgilerinizi girmeli ve kimlik belgelerini y\u00fcklemelisiniz.<\/span><\/p>\n<p><img loading=\"lazy\" decoding=\"async\" class=\"alignnone wp-image-3408 size-full\" src=\"https:\/\/coinkickoff.com\/wp-content\/uploads\/kraken3-e1682503223180.png\" alt=\"\" width=\"1375\" height=\"777\" srcset=\"https:\/\/coinkickoff.com\/wp-content\/uploads\/kraken3-e1682503223180.png 1375w, https:\/\/coinkickoff.com\/wp-content\/uploads\/kraken3-e1682503223180-300x170.png 300w, https:\/\/coinkickoff.com\/wp-content\/uploads\/kraken3-e1682503223180-1024x579.png 1024w, https:\/\/coinkickoff.com\/wp-content\/uploads\/kraken3-e1682503223180-768x434.png 768w, https:\/\/coinkickoff.com\/wp-content\/uploads\/kraken3-e1682503223180-18x10.png 18w, https:\/\/coinkickoff.com\/wp-content\/uploads\/kraken3-e1682503223180-600x338.png 600w\" sizes=\"auto, (max-width: 1375px) 100vw, 1375px\" \/><\/p>\n<p><span style=\"font-weight: 400;\">Gerekli t\u00fcm bilgileri girin ve \"Devam Et\" butonuna t\u0131klay\u0131n. \u0130stendi\u011finde gerekli belgeleri y\u00fckleyin. \u0130\u015flemi birka\u00e7 dakika i\u00e7inde tamamlayabilirsiniz.\u00a0<\/span><\/p>\n<h3><span class=\"ez-toc-section\" id=\"3_Enable_2FA\"><\/span><span style=\"font-weight: 400;\">3. 2FA'y\u0131 etkinle\u015ftirin<\/span><span class=\"ez-toc-section-end\"><\/span><\/h3>\n<p><span style=\"font-weight: 400;\">Do\u011frulanm\u0131\u015f bir kullan\u0131c\u0131 oldu\u011funuzda, Kraken'e para yat\u0131rabilirsiniz. Ancak, hesab\u0131n\u0131za para yat\u0131rmadan \u00f6nce iki fakt\u00f6rl\u00fc kimlik do\u011frulamay\u0131 (2FA) etkinle\u015ftirmeniz ak\u0131ll\u0131ca olacakt\u0131r. 2FA, hesab\u0131n\u0131z\u0131n (ve paran\u0131z\u0131n) \u00e7al\u0131nma olas\u0131l\u0131\u011f\u0131n\u0131 azalt\u0131r.<\/span><\/p>\n<p><span style=\"font-weight: 400;\">Ekran\u0131n sa\u011f \u00fcst k\u00f6\u015fesinde g\u00f6r\u00fcnt\u00fclenen kullan\u0131c\u0131 ad\u0131n\u0131za t\u0131klay\u0131n ve 2FA ayarlar\u0131na gidin.<\/span><\/p>\n<p><img loading=\"lazy\" decoding=\"async\" class=\"alignnone wp-image-3409 size-full\" src=\"https:\/\/coinkickoff.com\/wp-content\/uploads\/kraken4-e1682503267822.png\" alt=\"\" width=\"1360\" height=\"795\" srcset=\"https:\/\/coinkickoff.com\/wp-content\/uploads\/kraken4-e1682503267822.png 1360w, https:\/\/coinkickoff.com\/wp-content\/uploads\/kraken4-e1682503267822-300x175.png 300w, https:\/\/coinkickoff.com\/wp-content\/uploads\/kraken4-e1682503267822-1024x599.png 1024w, https:\/\/coinkickoff.com\/wp-content\/uploads\/kraken4-e1682503267822-768x449.png 768w, https:\/\/coinkickoff.com\/wp-content\/uploads\/kraken4-e1682503267822-18x12.png 18w\" sizes=\"auto, (max-width: 1360px) 100vw, 1360px\" \/><\/p>\n<p><span style=\"font-weight: 400;\">Hesap giri\u015fleri i\u00e7in 2FA'y\u0131 etkinle\u015ftirmeniz gerekir, ancak ticaret ve fonlama gibi di\u011fer i\u015flemler i\u00e7in de etkinle\u015ftirebilirsiniz. Ba\u015flamak i\u00e7in, vurgulanan \"\u015eimdi Etkinle\u015ftir\" d\u00fc\u011fmesine t\u0131klay\u0131n.<\/span><\/p>\n<p><span style=\"font-weight: 400;\"><img loading=\"lazy\" decoding=\"async\" class=\"alignnone wp-image-3405 size-full\" src=\"https:\/\/coinkickoff.com\/wp-content\/uploads\/kraken-5-e1682503294785.png\" alt=\"\" width=\"1357\" height=\"770\" srcset=\"https:\/\/coinkickoff.com\/wp-content\/uploads\/kraken-5-e1682503294785.png 1357w, https:\/\/coinkickoff.com\/wp-content\/uploads\/kraken-5-e1682503294785-300x170.png 300w, https:\/\/coinkickoff.com\/wp-content\/uploads\/kraken-5-e1682503294785-1024x581.png 1024w, https:\/\/coinkickoff.com\/wp-content\/uploads\/kraken-5-e1682503294785-768x436.png 768w, https:\/\/coinkickoff.com\/wp-content\/uploads\/kraken-5-e1682503294785-18x10.png 18w\" sizes=\"auto, (max-width: 1357px) 100vw, 1357px\" \/><\/span><\/p>\n<p><span style=\"font-weight: 400;\">Kraken'in web sitesi 2FA'n\u0131n nas\u0131l \u00e7al\u0131\u015ft\u0131\u011f\u0131n\u0131 ayr\u0131nt\u0131l\u0131 olarak a\u00e7\u0131kl\u0131yor ve size nas\u0131l devam edece\u011finiz konusunda talimatlar veriyor. Temel olarak, yapman\u0131z gereken tek \u015fey Google Authenticator uygulamas\u0131n\u0131 almak ve Kraken'in sizin i\u00e7in olu\u015fturdu\u011fu QR kodunu taramak i\u00e7in kullanmakt\u0131r. Uygulama, g\u00fcvenli\u011finizi onaylamak i\u00e7in size bir kimlik do\u011frulama kodu verecektir. Uygulamadan kodu girin ve \"Onayla\" y\u0131 t\u0131klay\u0131n.<\/span><\/p>\n<p><img loading=\"lazy\" decoding=\"async\" class=\"alignnone wp-image-3410 size-full\" src=\"https:\/\/coinkickoff.com\/wp-content\/uploads\/kraken6-e1682503322525.png\" alt=\"\" width=\"1357\" height=\"791\" \/><\/p>\n<p><span style=\"font-weight: 400;\">Hesab\u0131n\u0131za her giri\u015f yapt\u0131\u011f\u0131n\u0131zda Google Authenticator uygulamas\u0131n\u0131 kullanacaks\u0131n\u0131z.\u00a0<\/span><\/p>\n<h3><span class=\"ez-toc-section\" id=\"4_Add_an_Instant_Payment_Method\"><\/span><span style=\"font-weight: 400;\">4. An\u0131nda \u00d6deme Y\u00f6ntemi Ekleme<\/span><span class=\"ez-toc-section-end\"><\/span><\/h3>\n<p><span style=\"font-weight: 400;\">Kraken'de Shiba Inu (veya ba\u015fka bir kripto para birimi) sat\u0131n alman\u0131n en h\u0131zl\u0131 yolu, hesab\u0131n\u0131za an\u0131nda bir \u00f6deme y\u00f6ntemi eklemektir. Kredi ve banka kartlar\u0131n\u0131 veya \u00e7evrimi\u00e7i banka hesab\u0131n\u0131z\u0131 borsaya ba\u011flayabilirsiniz.<\/span><\/p>\n<p><span style=\"font-weight: 400;\">Hesab\u0131n\u0131za bir kart ba\u011flamak i\u00e7in \"Kripto Sat\u0131n Al\" sekmesine t\u0131klay\u0131n. Bir \u00f6deme y\u00f6ntemi ekleyebilece\u011finiz Kripto Sat\u0131n Alma y\u00f6ntemleri sayfas\u0131na y\u00f6nlendirileceksiniz.<\/span><\/p>\n<p><img loading=\"lazy\" decoding=\"async\" class=\"alignnone wp-image-3412 size-full\" src=\"https:\/\/coinkickoff.com\/wp-content\/uploads\/kraken8-e1682503364155.png\" alt=\"Kraken&#039;de Shiba Inu nas\u0131l sat\u0131n al\u0131n\u0131r\" width=\"1206\" height=\"781\" srcset=\"https:\/\/coinkickoff.com\/wp-content\/uploads\/kraken8-e1682503364155.png 1206w, https:\/\/coinkickoff.com\/wp-content\/uploads\/kraken8-e1682503364155-300x194.png 300w, https:\/\/coinkickoff.com\/wp-content\/uploads\/kraken8-e1682503364155-1024x663.png 1024w, https:\/\/coinkickoff.com\/wp-content\/uploads\/kraken8-e1682503364155-768x497.png 768w, https:\/\/coinkickoff.com\/wp-content\/uploads\/kraken8-e1682503364155-18x12.png 18w\" sizes=\"auto, (max-width: 1206px) 100vw, 1206px\" \/><\/p>\n<p><span style=\"font-weight: 400;\">\"\u00d6deme Y\u00f6ntemleri Ekle \"ye t\u0131klay\u0131n. <\/span><\/p>\n<p><img loading=\"lazy\" decoding=\"async\" class=\"alignnone wp-image-3413 size-full\" src=\"https:\/\/coinkickoff.com\/wp-content\/uploads\/kraken9-e1682503407337.png\" alt=\"\" width=\"1196\" height=\"776\" srcset=\"https:\/\/coinkickoff.com\/wp-content\/uploads\/kraken9-e1682503407337.png 1196w, https:\/\/coinkickoff.com\/wp-content\/uploads\/kraken9-e1682503407337-300x195.png 300w, https:\/\/coinkickoff.com\/wp-content\/uploads\/kraken9-e1682503407337-1024x664.png 1024w, https:\/\/coinkickoff.com\/wp-content\/uploads\/kraken9-e1682503407337-768x498.png 768w, https:\/\/coinkickoff.com\/wp-content\/uploads\/kraken9-e1682503407337-18x12.png 18w\" sizes=\"auto, (max-width: 1196px) 100vw, 1196px\" \/><\/p>\n<p><span style=\"font-weight: 400;\">Sadece kart bilgilerinizi girerek bir banka veya kredi kart\u0131 ekleyebilirsiniz. \u0130lk se\u00e7enek kadar h\u0131zl\u0131 olmasa da \u00e7evrimi\u00e7i bankac\u0131l\u0131k yoluyla da nakit para yat\u0131rabilirsiniz.<\/span><\/p>\n<h3><span class=\"ez-toc-section\" id=\"4_Navigate_to_the_Relevant_Screen_to_Buy\"><\/span><span style=\"font-weight: 400;\">4. Sat\u0131n Almak i\u00e7in \u0130lgili Ekrana Gidin<\/span><span class=\"ez-toc-section-end\"><\/span><\/h3>\n<p><span style=\"font-weight: 400;\">Kraken hesab\u0131n\u0131za bir \u00f6deme y\u00f6ntemi ekledikten sonra, SHIB sat\u0131n almak \u00e7ok kolayd\u0131r. \"Kripto Sat\u0131n Al\" sayfas\u0131nda \"Sat\u0131n Al \"a t\u0131klay\u0131n.<\/span><\/p>\n<p><span style=\"font-weight: 400;\">A\u00e7\u0131l\u0131r men\u00fcde sunulan varl\u0131klar\u0131 g\u00f6rebilirsiniz. Listeden Shiba Inu'yi se\u00e7in (SHIB olarak listelenmi\u015f olarak bulabilirsiniz). Shib i\u00e7in harcamak istedi\u011finiz tutar\u0131 girin, \u00f6deme y\u00f6nteminizi se\u00e7in ve onayla d\u00fc\u011fmesine t\u0131klay\u0131n.<\/span><\/p>\n<p><span style=\"font-weight: 400;\">Bu se\u00e7enek \u00e7ok h\u0131zl\u0131 olsa da, kolay sat\u0131n alma widget'\u0131 arac\u0131l\u0131\u011f\u0131yla kredi ve banka kart\u0131 sat\u0131n al\u0131mlar\u0131 \u00e7ok maliyetli olabilir. E\u011fer Shiba Inu sat\u0131n almak i\u00e7in y\u00fcksek \u00fccretler \u00f6demek istemiyorsan\u0131z, a\u015fa\u011f\u0131da anlataca\u011f\u0131m\u0131z ikinci y\u00f6ntemi kullanabilirsiniz.<\/span><\/p>\n<p><span style=\"font-weight: 400;\">Kraken'de USD de dahil olmak \u00fczere belirli fiat para birimlerini Shiba Inu kar\u015f\u0131l\u0131\u011f\u0131nda takas edebilirsiniz. Kraken'in daha ucuz \u00fccretlerinden yararlanmak i\u00e7in hesab\u0131n\u0131za para yat\u0131rman\u0131z gerekti\u011fine dikkat edin. Kraken'de i\u015flem yapmak i\u00e7in banka veya kredi kart\u0131 kullanamazs\u0131n\u0131z.<\/span><\/p>\n<p><span style=\"font-weight: 400;\">Kraken'de USD'nizi Shiba Inu'ye d\u00f6n\u00fc\u015ft\u00fcrmenin iki yolu vard\u0131r: Kullanabilirsiniz <\/span><a href=\"https:\/\/kraken.pxf.io\/B0Rny4convert\/shib\/usd\" target=\"_blank\" rel=\"noopener\"><span style=\"font-weight: 400;\">Kraken'in otomatik d\u00f6n\u00fc\u015ft\u00fcr\u00fcc\u00fcs\u00fc<\/span><\/a><span style=\"font-weight: 400;\"> veya Shiba Inu i\u00e7in bir emir vererek bir i\u015flem ger\u00e7ekle\u015ftirin.<\/span><\/p>\n<p><span style=\"font-weight: 400;\">Otomatik d\u00f6n\u00fc\u015ft\u00fcr\u00fcc\u00fc, Kraken i\u00e7in USD ticareti yapman\u0131n en basit yoludur, ancak kendi fiyat\u0131n\u0131z\u0131 belirlemek istiyorsan\u0131z, bir sipari\u015f vermek gitmenin yoludur.<\/span><\/p>\n<p><span style=\"font-weight: 400;\">Bir emir vermek istiyorsan\u0131z, \"\u0130\u015flem\" sekmenize gidin ve \"Yeni Emir \"e t\u0131klay\u0131n. USD\/SHIB i\u015flem \u00e7iftini se\u00e7in.<\/span><\/p>\n<p><span style=\"font-weight: 400;\">Sipari\u015f formu kafa kar\u0131\u015ft\u0131r\u0131c\u0131 g\u00f6r\u00fcnebilir, ancak \u00e7ok basittir: Ne kadar harcamak istedi\u011finizi girmeniz yeterli. SHIB i\u00e7in piyasa fiyat\u0131n\u0131 kabul edebilir ya da kendiniz i\u00e7in bir fiyat belirleyebilirsiniz. \u00c7ok d\u00fc\u015f\u00fck bir fiyat belirlerseniz, sipari\u015finizin yerine getirilmesi biraz zaman alabilir.<\/span><\/p>\n<p><span style=\"font-weight: 400;\">Tebrikler! Art\u0131k Kraken'de Shiba Inu'yi nas\u0131l sat\u0131n alaca\u011f\u0131n\u0131z\u0131 biliyorsunuz.<\/span><\/p>","protected":false},"excerpt":{"rendered":"<p>Kraken Borsas\u0131nda Shiba Inu Nas\u0131l Sat\u0131n Al\u0131n\u0131r \u00c7o\u011fu kripto para birimi gibi, Shiba Inu (SHIB) de spek\u00fclatif bir varl\u0131kt\u0131r: \u00dcnl\u00fclerin, pazarlamac\u0131lar\u0131n ve hatta Reddit yorumcular\u0131n\u0131n kaprislerine ba\u011fl\u0131 olarak fiyat\u0131 y\u00fckselebilir ve d\u00fc\u015febilir. Kullan\u0131m alan\u0131 olmayan bir meme coin olarak SHIB, b\u00fcy\u00fck ve ani fiyat dalgalanmalar\u0131na kar\u015f\u0131 \u00f6zellikle savunmas\u0131zd\u0131r, bu da onu [...]<\/p>","protected":false},"author":3,"featured_media":0,"parent":3709,"menu_order":0,"comment_status":"closed","ping_status":"closed","template":"","meta":{"_genesis_hide_title":false,"_genesis_hide_breadcrumbs":false,"_genesis_hide_singular_image":false,"_genesis_hide_footer_widgets":false,"_genesis_custom_body_class":"","_genesis_custom_post_class":"","_genesis_layout":"","_glsr_average":0,"_glsr_ranking":0,"_glsr_reviews":0,"footnotes":""},"class_list":{"0":"post-3877","1":"page","2":"type-page","3":"status-publish","5":"entry"},"featured_image_src":null,"featured_image_src_square":null,"_links":{"self":[{"href":"https:\/\/coinkickoff.com\/tr\/wp-json\/wp\/v2\/pages\/3877","targetHints":{"allow":["GET"]}}],"collection":[{"href":"https:\/\/coinkickoff.com\/tr\/wp-json\/wp\/v2\/pages"}],"about":[{"href":"https:\/\/coinkickoff.com\/tr\/wp-json\/wp\/v2\/types\/page"}],"author":[{"embeddable":true,"href":"https:\/\/coinkickoff.com\/tr\/wp-json\/wp\/v2\/users\/3"}],"replies":[{"embeddable":true,"href":"https:\/\/coinkickoff.com\/tr\/wp-json\/wp\/v2\/comments?post=3877"}],"version-history":[{"count":3,"href":"https:\/\/coinkickoff.com\/tr\/wp-json\/wp\/v2\/pages\/3877\/revisions"}],"predecessor-version":[{"id":3880,"href":"https:\/\/coinkickoff.com\/tr\/wp-json\/wp\/v2\/pages\/3877\/revisions\/3880"}],"up":[{"embeddable":true,"href":"https:\/\/coinkickoff.com\/tr\/wp-json\/wp\/v2\/pages\/3709"}],"wp:attachment":[{"href":"https:\/\/coinkickoff.com\/tr\/wp-json\/wp\/v2\/media?parent=3877"}],"curies":[{"name":"wp","href":"https:\/\/api.w.org\/{rel}","templated":true}]}}