{"id":3424,"date":"2026-01-08T14:07:30","date_gmt":"2026-01-08T14:07:30","guid":{"rendered":"https:\/\/coinkickoff.com\/?page_id=3424"},"modified":"2026-01-08T14:07:30","modified_gmt":"2026-01-08T14:07:30","slug":"how-to-buy-dogecoin-on-mexc","status":"publish","type":"page","link":"https:\/\/coinkickoff.com\/tr\/how-to-buy-dogecoin\/how-to-buy-dogecoin-on-mexc\/","title":{"rendered":"MEXC'de Dogecoin (DOGE) Nas\u0131l Sat\u0131n Al\u0131n\u0131r"},"content":{"rendered":"<h2><span style=\"font-weight: 400;\"><img loading=\"lazy\" decoding=\"async\" class=\"alignnone wp-image-155 size-full\" src=\"https:\/\/coinkickoff.com\/wp-content\/uploads\/2022\/06\/Dogecoin-DOGE.jpg\" alt=\"dogecoin nas\u0131l sat\u0131n al\u0131n\u0131r\" width=\"1000\" height=\"800\" srcset=\"https:\/\/coinkickoff.com\/wp-content\/uploads\/2022\/06\/Dogecoin-DOGE.jpg 1000w, https:\/\/coinkickoff.com\/wp-content\/uploads\/2022\/06\/Dogecoin-DOGE-300x240.jpg 300w, https:\/\/coinkickoff.com\/wp-content\/uploads\/2022\/06\/Dogecoin-DOGE-768x614.jpg 768w, https:\/\/coinkickoff.com\/wp-content\/uploads\/2022\/06\/Dogecoin-DOGE-15x12.jpg 15w\" sizes=\"auto, (max-width: 1000px) 100vw, 1000px\" \/><\/span><\/h2>\n<div id=\"ez-toc-container\" class=\"ez-toc-v2_0_80 counter-hierarchy ez-toc-counter ez-toc-transparent ez-toc-container-direction\">\n<div class=\"ez-toc-title-container\">\n<p class=\"ez-toc-title\" style=\"cursor:inherit\">B\u00f6l\u00fcmler<\/p>\n<span class=\"ez-toc-title-toggle\"><a href=\"#\" class=\"ez-toc-pull-right ez-toc-btn ez-toc-btn-xs ez-toc-btn-default ez-toc-toggle\" aria-label=\"\u0130\u00e7indekiler Tablosunu A\u00e7\/Kapat\"><span class=\"ez-toc-js-icon-con\"><span class=\"\"><span class=\"eztoc-hide\" style=\"display:none;\">Ge\u00e7i\u015f<\/span><span class=\"ez-toc-icon-toggle-span\"><svg style=\"fill: #999;color:#999\" xmlns=\"http:\/\/www.w3.org\/2000\/svg\" class=\"list-377408\" width=\"20px\" height=\"20px\" viewbox=\"0 0 24 24\" fill=\"none\"><path d=\"M6 6H4v2h2V6zm14 0H8v2h12V6zM4 11h2v2H4v-2zm16 0H8v2h12v-2zM4 16h2v2H4v-2zm16 0H8v2h12v-2z\" fill=\"currentColor\"><\/path><\/svg><svg style=\"fill: #999;color:#999\" class=\"arrow-unsorted-368013\" xmlns=\"http:\/\/www.w3.org\/2000\/svg\" width=\"10px\" height=\"10px\" viewbox=\"0 0 24 24\" version=\"1.2\" baseprofile=\"tiny\"><path d=\"M18.2 9.3l-6.2-6.3-6.2 6.3c-.2.2-.3.4-.3.7s.1.5.3.7c.2.2.4.3.7.3h11c.3 0 .5-.1.7-.3.2-.2.3-.5.3-.7s-.1-.5-.3-.7zM5.8 14.7l6.2 6.3 6.2-6.3c.2-.2.3-.5.3-.7s-.1-.5-.3-.7c-.2-.2-.4-.3-.7-.3h-11c-.3 0-.5.1-.7.3-.2.2-.3.5-.3.7s.1.5.3.7z\"\/><\/svg><\/span><\/span><\/span><\/a><\/span><\/div>\n<nav><ul class='ez-toc-list ez-toc-list-level-1 eztoc-toggle-hide-by-default' ><li class='ez-toc-page-1 ez-toc-heading-level-2'><a class=\"ez-toc-link ez-toc-heading-1\" href=\"https:\/\/coinkickoff.com\/tr\/how-to-buy-dogecoin\/how-to-buy-dogecoin-on-mexc\/#How_to_Buy_Dogecoin_on_MEXC\" >MEXC'de Dogecoin Nas\u0131l Sat\u0131n Al\u0131n\u0131r<\/a><\/li><li class='ez-toc-page-1 ez-toc-heading-level-2'><a class=\"ez-toc-link ez-toc-heading-2\" href=\"https:\/\/coinkickoff.com\/tr\/how-to-buy-dogecoin\/how-to-buy-dogecoin-on-mexc\/#A_Step-By-Step_Guide_on_How_to_Buy_Dogecoin_on_MEXC\" >MEXC'de Dogecoin Nas\u0131l Sat\u0131n Al\u0131n\u0131r Ad\u0131m Ad\u0131m K\u0131lavuz<\/a><ul class='ez-toc-list-level-3' ><li class='ez-toc-heading-level-3'><a class=\"ez-toc-link ez-toc-heading-3\" href=\"https:\/\/coinkickoff.com\/tr\/how-to-buy-dogecoin\/how-to-buy-dogecoin-on-mexc\/#1_Register_an_Account\" >1. Bir Hesap A\u00e7\u0131n<\/a><\/li><li class='ez-toc-page-1 ez-toc-heading-level-3'><a class=\"ez-toc-link ez-toc-heading-4\" href=\"https:\/\/coinkickoff.com\/tr\/how-to-buy-dogecoin\/how-to-buy-dogecoin-on-mexc\/#2_Verify_Your_Account\" >2. Hesab\u0131n\u0131z\u0131 Do\u011frulay\u0131n<\/a><\/li><li class='ez-toc-page-1 ez-toc-heading-level-3'><a class=\"ez-toc-link ez-toc-heading-5\" href=\"https:\/\/coinkickoff.com\/tr\/how-to-buy-dogecoin\/how-to-buy-dogecoin-on-mexc\/#3_Buy_Crypto\" >3. Kripto Sat\u0131n Al\u0131n<\/a><\/li><li class='ez-toc-page-1 ez-toc-heading-level-3'><a class=\"ez-toc-link ez-toc-heading-6\" href=\"https:\/\/coinkickoff.com\/tr\/how-to-buy-dogecoin\/how-to-buy-dogecoin-on-mexc\/#4_Trade_USDT_for_DOGE\" >4. USDT'yi DOGE ile takas edin<\/a><\/li><\/ul><\/li><\/ul><\/nav><\/div>\n<h2><span class=\"ez-toc-section\" id=\"How_to_Buy_Dogecoin_on_MEXC\"><\/span><span style=\"font-weight: 400;\">MEXC'de Dogecoin Nas\u0131l Sat\u0131n Al\u0131n\u0131r<\/span><span class=\"ez-toc-section-end\"><\/span><\/h2>\n<p><span style=\"font-weight: 400;\"><a href=\"https:\/\/coinkickoff.com\/tr\/dogecoin-doge\/\" data-internallinksmanager029f6b8e52c=\"14\" title=\"Dogecoin (DOGE) Nedir? Nas\u0131l \u00c7al\u0131\u015f\u0131r ve Nereden Al\u0131n\u0131r?\">Dogecoin<\/a>\u00fcnl\u00fc bir kripto para birimi olsa da, ger\u00e7ekten <a href=\"https:\/\/coinkickoff.com\/tr\/ethereum-eth\/\" data-internallinksmanager029f6b8e52c=\"2\" title=\"Ethereum (ETH) Nedir? Fiyat, Tarih\u00e7e ve Nereden Al\u0131n\u0131r\">Ethereum<\/a> veya <a href=\"https:\/\/coinkickoff.com\/tr\/bitcoin-btc\/\" data-internallinksmanager029f6b8e52c=\"1\" title=\"Bitcoin (BTC) Nedir? Fiyat, Tarih\u00e7e ve Nereden Al\u0131n\u0131r\">Bitcoin<\/a>. Bu iyi bilinen meme coin, ilk olarak bir \u015faka olarak ba\u015flat\u0131ld\u0131\u011f\u0131 i\u00e7in tasar\u0131m gere\u011fi olduk\u00e7a de\u011fersizdir. Bununla birlikte, \u00e7o\u011funlukla Reddit ve Elon Musk sayesinde art\u0131k olduk\u00e7a yayg\u0131nd\u0131r ve a\u015fa\u011f\u0131dakiler de dahil olmak \u00fczere neredeyse t\u00fcm borsalarda bulabilirsiniz <a href=\"https:\/\/coinkickoff.com\/tr\/mexc-global-review\/\">MEXC<\/a>.<\/span><\/p>\n<p><span style=\"font-weight: 400;\">E\u011fer siz de Dogecoin sat\u0131n almak istiyor ancak nereden ba\u015flayaca\u011f\u0131n\u0131z\u0131 bilmiyorsan\u0131z, do\u011fru yerdesiniz. \u0130\u015fte Dogecoin'nin nas\u0131l sat\u0131n al\u0131naca\u011f\u0131na dair ad\u0131m ad\u0131m k\u0131lavuz <a href=\"https:\/\/coinkickoff.com\/tr\/mexc-global-review\/\" data-internallinksmanager029f6b8e52c=\"154\" title=\"MEXC Global Yorumlar\u0131 2023: \u00dccretler, \u00d6zellikler, G\u00fcvenlik, Art\u0131lar ve Eksiler\">MEXC<\/a> De\u011fi\u015fim.<\/span><\/p>\n<h2><span class=\"ez-toc-section\" id=\"A_Step-By-Step_Guide_on_How_to_Buy_Dogecoin_on_MEXC\"><\/span><span style=\"font-weight: 400;\">MEXC'de Dogecoin Nas\u0131l Sat\u0131n Al\u0131n\u0131r Ad\u0131m Ad\u0131m K\u0131lavuz<\/span><span class=\"ez-toc-section-end\"><\/span><\/h2>\n<h3><span class=\"ez-toc-section\" id=\"1_Register_an_Account\"><\/span><span style=\"font-weight: 400;\">1. Bir Hesap A\u00e7\u0131n<\/span><span class=\"ez-toc-section-end\"><\/span><\/h3>\n<p><img loading=\"lazy\" decoding=\"async\" class=\"alignnone wp-image-3441 size-full\" src=\"https:\/\/coinkickoff.com\/wp-content\/uploads\/mexc-register.png\" alt=\"mexc&#039;de dogecoin nas\u0131l sat\u0131n al\u0131n\u0131r\" width=\"1328\" height=\"783\" srcset=\"https:\/\/coinkickoff.com\/wp-content\/uploads\/mexc-register.png 1328w, https:\/\/coinkickoff.com\/wp-content\/uploads\/mexc-register-300x177.png 300w, https:\/\/coinkickoff.com\/wp-content\/uploads\/mexc-register-1024x604.png 1024w, https:\/\/coinkickoff.com\/wp-content\/uploads\/mexc-register-768x453.png 768w, https:\/\/coinkickoff.com\/wp-content\/uploads\/mexc-register-18x12.png 18w\" sizes=\"auto, (max-width: 1328px) 100vw, 1328px\" \/><\/p>\n<p><span style=\"font-weight: 400;\">\u0130lk olarak, \u015fu adresi ziyaret ederek bir MEXC hesab\u0131 olu\u015fturun <a href=\"https:\/\/www.mexc.com\/en-US\/register?inviteCode=mexc-1WwwX\" target=\"_blank\" rel=\"noopener\">MEXC web sitesi<\/a> ve \"Kaydol\" se\u00e7ene\u011fine t\u0131klay\u0131n. <\/span><\/p>\n<p><span style=\"font-weight: 400;\">Cep telefonu numaran\u0131zla veya e-postan\u0131zla kaydolabilirsiniz. E-posta adresinize bir do\u011frulama kodu alacaks\u0131n\u0131z. Hesab\u0131n\u0131za giri\u015f yapmak i\u00e7in kodu kullan\u0131n.\u00a0\u00a0<\/span><\/p>\n<h3><span class=\"ez-toc-section\" id=\"2_Verify_Your_Account\"><\/span><span style=\"font-weight: 400;\">2. Hesab\u0131n\u0131z\u0131 Do\u011frulay\u0131n<\/span><span class=\"ez-toc-section-end\"><\/span><\/h3>\n<p><span style=\"font-weight: 400;\">MEXC'de i\u015flem yapmak i\u00e7in kimlik do\u011frulamas\u0131n\u0131 tamamlamak zorunda de\u011filsiniz, ancak fiat ile i\u015flem yapmak i\u00e7in buna ihtiyac\u0131n\u0131z var. MEXC c\u00fczdan\u0131n\u0131za g\u00f6nderebilece\u011finiz dijital varl\u0131klar\u0131n\u0131z zaten varsa, bu ad\u0131m\u0131 atlayabilirsiniz.<\/span><\/p>\n<p><span style=\"font-weight: 400;\">Alternatif olarak, kripto sat\u0131n almak i\u00e7in Banxa, Moonpay veya Mercuyo gibi \u00fc\u00e7\u00fcnc\u00fc taraf sa\u011flay\u0131c\u0131lar\u0131 kullanmak istiyorsan\u0131z bu ad\u0131m\u0131 atlayabilirsiniz. Bunlar\u0131n ayr\u0131 kimlik do\u011frulama s\u00fcre\u00e7leri vard\u0131r.<\/span><\/p>\n<p><span style=\"font-weight: 400;\">Kimlik do\u011frulamas\u0131n\u0131 tamamlarsan\u0131z, bir banka hesab\u0131, kredi kart\u0131 ve di\u011fer yollarla kripto sat\u0131n alabilirsiniz. Bunu yapmak i\u00e7in, kontrol panelinin sa\u011f \u00fcst k\u00f6\u015fesindeki profil sembol\u00fcne t\u0131klay\u0131n ve \"Profil \"i se\u00e7in.<\/span><\/p>\n<p><span style=\"font-weight: 400;\">Profil sayfas\u0131nda \"Kimlik\" \u00f6\u011fesini se\u00e7in ve \"Birincil KYC\" \u00f6\u011fesine t\u0131klay\u0131n.<\/span><\/p>\n<p><img loading=\"lazy\" decoding=\"async\" class=\"alignnone wp-image-3439 size-full\" src=\"https:\/\/coinkickoff.com\/wp-content\/uploads\/mexc-id.png\" alt=\"\" width=\"1436\" height=\"810\" srcset=\"https:\/\/coinkickoff.com\/wp-content\/uploads\/mexc-id.png 1436w, https:\/\/coinkickoff.com\/wp-content\/uploads\/mexc-id-300x169.png 300w, https:\/\/coinkickoff.com\/wp-content\/uploads\/mexc-id-1024x578.png 1024w, https:\/\/coinkickoff.com\/wp-content\/uploads\/mexc-id-768x433.png 768w, https:\/\/coinkickoff.com\/wp-content\/uploads\/mexc-id-18x10.png 18w, https:\/\/coinkickoff.com\/wp-content\/uploads\/mexc-id-600x338.png 600w\" sizes=\"auto, (max-width: 1436px) 100vw, 1436px\" \/><\/p>\n<p><span style=\"font-weight: 400;\">KYC sayfas\u0131na y\u00f6nlendirileceksiniz, burada a\u015fa\u011f\u0131daki se\u00e7eneklerden birini se\u00e7ebilirsiniz <\/span><i><span style=\"font-weight: 400;\">Birincil KYC<\/span><\/i><span style=\"font-weight: 400;\"> veya <\/span><i><span style=\"font-weight: 400;\">Geli\u015fmi\u015f KYC<\/span><\/i><span style=\"font-weight: 400;\">. \u00c7o\u011fu fiat para yat\u0131rma i\u015flemi i\u00e7in geli\u015fmi\u015f KYC gereklidir.<\/span><\/p>\n<p><img loading=\"lazy\" decoding=\"async\" class=\"alignnone wp-image-3440 size-full\" src=\"https:\/\/coinkickoff.com\/wp-content\/uploads\/mexc-id2.png\" alt=\"\" width=\"1436\" height=\"582\" srcset=\"https:\/\/coinkickoff.com\/wp-content\/uploads\/mexc-id2.png 1436w, https:\/\/coinkickoff.com\/wp-content\/uploads\/mexc-id2-300x122.png 300w, https:\/\/coinkickoff.com\/wp-content\/uploads\/mexc-id2-1024x415.png 1024w, https:\/\/coinkickoff.com\/wp-content\/uploads\/mexc-id2-768x311.png 768w, https:\/\/coinkickoff.com\/wp-content\/uploads\/mexc-id2-18x7.png 18w\" sizes=\"auto, (max-width: 1436px) 100vw, 1436px\" \/><\/p>\n<p><span style=\"font-weight: 400;\">Devam edin ve do\u011frulama s\u00fcrecini ba\u015flatmak i\u00e7in \"Do\u011frula \"ya t\u0131klay\u0131n. Gerekli belgeleri y\u00fckleyin ve gitmeye haz\u0131r olun.<\/span><\/p>\n<h3><span class=\"ez-toc-section\" id=\"3_Buy_Crypto\"><\/span><span style=\"font-weight: 400;\">3. Kripto Sat\u0131n Al\u0131n<\/span><span class=\"ez-toc-section-end\"><\/span><\/h3>\n<p><span style=\"font-weight: 400;\">Sol \u00fcst k\u00f6\u015fedeki \"Kripto Sat\u0131n Al\" se\u00e7ene\u011fine t\u0131klay\u0131n. Yeni sayfada, size sunulan se\u00e7eneklerden birini se\u00e7in. Kimlik do\u011frulamas\u0131n\u0131 tamamlarsan\u0131z, kripto sat\u0131n almak i\u00e7in kredi\/banka kartlar\u0131n\u0131, banka havalelerini, Ekspres \u00f6demeleri ve P2P pazar\u0131n\u0131 kullanabilirsiniz. Aksi takdirde, listeden \"\u00dc\u00e7\u00fcnc\u00fc Taraf\" se\u00e7ene\u011fini se\u00e7in.<\/span><\/p>\n<p><img loading=\"lazy\" decoding=\"async\" class=\"alignnone wp-image-3438 size-full\" src=\"https:\/\/coinkickoff.com\/wp-content\/uploads\/mexc-buy-payment.png\" alt=\"\" width=\"1403\" height=\"778\" srcset=\"https:\/\/coinkickoff.com\/wp-content\/uploads\/mexc-buy-payment.png 1403w, https:\/\/coinkickoff.com\/wp-content\/uploads\/mexc-buy-payment-300x166.png 300w, https:\/\/coinkickoff.com\/wp-content\/uploads\/mexc-buy-payment-1024x568.png 1024w, https:\/\/coinkickoff.com\/wp-content\/uploads\/mexc-buy-payment-768x426.png 768w, https:\/\/coinkickoff.com\/wp-content\/uploads\/mexc-buy-payment-18x10.png 18w\" sizes=\"auto, (max-width: 1403px) 100vw, 1403px\" \/><\/p>\n<p><span style=\"font-weight: 400;\">Ne kadar harcamak istedi\u011finizi girin ve hangi kripto paray\u0131 sat\u0131n almak istedi\u011finizi se\u00e7in. Ne yaz\u0131k ki, DOGE'yi nakit olarak sat\u0131n alamazs\u0131n\u0131z, bu nedenle \u00f6nce ba\u015fka bir coin sat\u0131n alman\u0131z gerekir, \u00f6rne\u011fin <a href=\"https:\/\/coinkickoff.com\/tr\/tether-usdt\/\" data-internallinksmanager029f6b8e52c=\"3\" title=\"Tether (USDT) Nedir? Nas\u0131l \u00c7al\u0131\u015f\u0131r ve Nereden Al\u0131n\u0131r?\">USDT<\/a> veya <a href=\"https:\/\/coinkickoff.com\/tr\/usd-coin-usdc\/\" data-internallinksmanager029f6b8e52c=\"8\" title=\"USD Coin (USDC) nedir? Nas\u0131l \u00c7al\u0131\u015f\u0131r ve Nereden Al\u0131n\u0131r?\">USDC<\/a>ve daha sonra DOGE ile de\u011fi\u015ftirin.<\/span><\/p>\n<p><span style=\"font-weight: 400;\">Sat\u0131n almak istedi\u011finiz tutar\u0131 girdikten sonra, bir \u00f6deme kanal\u0131 se\u00e7melisiniz. MEXC, aralar\u0131ndan se\u00e7im yapabilece\u011finiz birka\u00e7 \u00fc\u00e7\u00fcnc\u00fc taraf se\u00e7ene\u011fi sunar ve yard\u0131msever bir \u015fekilde en d\u00fc\u015f\u00fck fiyatl\u0131 se\u00e7ene\u011fi kullanman\u0131z\u0131 \u00f6nerir.<\/span><\/p>\n<p><span style=\"font-weight: 400;\">\u00d6deme ayr\u0131nt\u0131lar\u0131n\u0131 g\u00f6zden ge\u00e7irin ve \"Devam Et \"e t\u0131klay\u0131n. Sipari\u015finizi onaylamak i\u00e7in \u00f6deme kanal\u0131 sayfas\u0131na y\u00f6nlendirileceksiniz. Bilgilerinizi g\u00f6zden ge\u00e7irin ve \"Sat\u0131n Al \"a t\u0131klay\u0131n.<\/span><\/p>\n<p><img loading=\"lazy\" decoding=\"async\" class=\"alignnone wp-image-3436 size-full\" src=\"https:\/\/coinkickoff.com\/wp-content\/uploads\/mercuryo-mexc1u.png\" alt=\"\" width=\"1360\" height=\"791\" srcset=\"https:\/\/coinkickoff.com\/wp-content\/uploads\/mercuryo-mexc1u.png 1360w, https:\/\/coinkickoff.com\/wp-content\/uploads\/mercuryo-mexc1u-300x174.png 300w, https:\/\/coinkickoff.com\/wp-content\/uploads\/mercuryo-mexc1u-1024x596.png 1024w, https:\/\/coinkickoff.com\/wp-content\/uploads\/mercuryo-mexc1u-768x447.png 768w, https:\/\/coinkickoff.com\/wp-content\/uploads\/mercuryo-mexc1u-18x10.png 18w\" sizes=\"auto, (max-width: 1360px) 100vw, 1360px\" \/><\/p>\n<p><img loading=\"lazy\" decoding=\"async\" class=\"alignnone wp-image-3435 size-full\" src=\"https:\/\/coinkickoff.com\/wp-content\/uploads\/mercuryo-mexc.png\" alt=\"\" width=\"1407\" height=\"796\" srcset=\"https:\/\/coinkickoff.com\/wp-content\/uploads\/mercuryo-mexc.png 1407w, https:\/\/coinkickoff.com\/wp-content\/uploads\/mercuryo-mexc-300x170.png 300w, https:\/\/coinkickoff.com\/wp-content\/uploads\/mercuryo-mexc-1024x579.png 1024w, https:\/\/coinkickoff.com\/wp-content\/uploads\/mercuryo-mexc-768x434.png 768w, https:\/\/coinkickoff.com\/wp-content\/uploads\/mercuryo-mexc-18x10.png 18w, https:\/\/coinkickoff.com\/wp-content\/uploads\/mercuryo-mexc-600x338.png 600w\" sizes=\"auto, (max-width: 1407px) 100vw, 1407px\" \/><\/p>\n<p><span style=\"font-weight: 400;\">Bu noktada, \u00f6deme kanal\u0131na e-postan\u0131z\u0131 girmeniz gerekir. Sa\u011flay\u0131c\u0131da bir hesab\u0131n\u0131z yoksa, bir hesap a\u00e7man\u0131z i\u00e7in y\u00f6nlendirileceksiniz.<\/span><\/p>\n<h3><span class=\"ez-toc-section\" id=\"4_Trade_USDT_for_DOGE\"><\/span><span style=\"font-weight: 400;\">4. USDT'yi DOGE ile takas edin<\/span><span class=\"ez-toc-section-end\"><\/span><\/h3>\n<p><span style=\"font-weight: 400;\">USDT gibi stabil bir coin sat\u0131n ald\u0131\u011f\u0131n\u0131zda, MEXC'de DOGE ile takas edebilirsiniz. G\u00f6sterge tablosunda \"\u0130\u015flem Yap\" se\u00e7ene\u011fine t\u0131klay\u0131n. Yeni ekran\u0131n sol k\u00f6\u015fesinde DOGE'yi aray\u0131n.<\/span><\/p>\n<p><img loading=\"lazy\" decoding=\"async\" class=\"alignnone wp-image-3443 size-full\" src=\"https:\/\/coinkickoff.com\/wp-content\/uploads\/mexctrade1.png\" alt=\"\" width=\"1436\" height=\"736\" srcset=\"https:\/\/coinkickoff.com\/wp-content\/uploads\/mexctrade1.png 1436w, https:\/\/coinkickoff.com\/wp-content\/uploads\/mexctrade1-300x154.png 300w, https:\/\/coinkickoff.com\/wp-content\/uploads\/mexctrade1-1024x525.png 1024w, https:\/\/coinkickoff.com\/wp-content\/uploads\/mexctrade1-768x394.png 768w, https:\/\/coinkickoff.com\/wp-content\/uploads\/mexctrade1-18x9.png 18w\" sizes=\"auto, (max-width: 1436px) 100vw, 1436px\" \/><\/p>\n<p><span style=\"font-weight: 400;\">Sonu\u00e7lar aras\u0131ndan, iki varl\u0131k aras\u0131nda i\u015flem yapmak i\u00e7in DOGE\/USDT'yi se\u00e7in.<\/span><\/p>\n<p><img loading=\"lazy\" decoding=\"async\" class=\"alignnone wp-image-3442 size-full\" src=\"https:\/\/coinkickoff.com\/wp-content\/uploads\/mexc-trade-2.png\" alt=\"\" width=\"1392\" height=\"748\" srcset=\"https:\/\/coinkickoff.com\/wp-content\/uploads\/mexc-trade-2.png 1392w, https:\/\/coinkickoff.com\/wp-content\/uploads\/mexc-trade-2-300x161.png 300w, https:\/\/coinkickoff.com\/wp-content\/uploads\/mexc-trade-2-1024x550.png 1024w, https:\/\/coinkickoff.com\/wp-content\/uploads\/mexc-trade-2-768x413.png 768w, https:\/\/coinkickoff.com\/wp-content\/uploads\/mexc-trade-2-18x10.png 18w\" sizes=\"auto, (max-width: 1392px) 100vw, 1392px\" \/><\/p>\n<p><span style=\"font-weight: 400;\">\u015eimdi tek yapman\u0131z gereken ekran\u0131n alt\u0131ndaki kutuya ne kadar DOGE almak istedi\u011finizi (veya ne kadar USDT satmak istedi\u011finizi) girmek. Sat\u0131n almak istedi\u011finiz miktar\u0131 o pencereden ayarlayabilirsiniz.<\/span><\/p>\n<p><span style=\"font-weight: 400;\">Sipari\u015finizi vermeye haz\u0131r oldu\u011funuzda, DOGE Sat\u0131n Al'a t\u0131klay\u0131n. \u0130\u015fte bu kadar.<\/span><\/p>\n<p><span style=\"font-weight: 400;\">Daha fazla bilgi i\u00e7in Dogecoin ve MEXC borsas\u0131 hakk\u0131ndaki makalelerimize g\u00f6z at\u0131n.<\/span><\/p>","protected":false},"excerpt":{"rendered":"<p>MEXC'de Dogecoin Nas\u0131l Sat\u0131n Al\u0131n\u0131r Dogecoin, \u00fcnl\u00fc bir kripto para birimi olsa da, asl\u0131nda Ethereum veya Bitcoin gibi de\u011fildir. Bu iyi bilinen meme coin, ilk olarak bir \u015faka olarak ba\u015flat\u0131ld\u0131\u011f\u0131 i\u00e7in tasar\u0131m gere\u011fi olduk\u00e7a de\u011fersizdir. Bununla birlikte, \u00e7o\u011funlukla Reddit ve Elon Musk sayesinde art\u0131k olduk\u00e7a yayg\u0131nd\u0131r ve neredeyse her yerde bulabilirsiniz [...]<\/p>","protected":false},"author":3,"featured_media":155,"parent":3196,"menu_order":0,"comment_status":"closed","ping_status":"closed","template":"","meta":{"_genesis_hide_title":false,"_genesis_hide_breadcrumbs":false,"_genesis_hide_singular_image":false,"_genesis_hide_footer_widgets":false,"_genesis_custom_body_class":"","_genesis_custom_post_class":"","_genesis_layout":"","_glsr_average":0,"_glsr_ranking":0,"_glsr_reviews":0,"footnotes":""},"class_list":{"0":"post-3424","1":"page","2":"type-page","3":"status-publish","4":"has-post-thumbnail","6":"entry"},"featured_image_src":"https:\/\/coinkickoff.com\/wp-content\/uploads\/2022\/06\/Dogecoin-DOGE-600x400.jpg","featured_image_src_square":"https:\/\/coinkickoff.com\/wp-content\/uploads\/2022\/06\/Dogecoin-DOGE-600x600.jpg","_links":{"self":[{"href":"https:\/\/coinkickoff.com\/tr\/wp-json\/wp\/v2\/pages\/3424","targetHints":{"allow":["GET"]}}],"collection":[{"href":"https:\/\/coinkickoff.com\/tr\/wp-json\/wp\/v2\/pages"}],"about":[{"href":"https:\/\/coinkickoff.com\/tr\/wp-json\/wp\/v2\/types\/page"}],"author":[{"embeddable":true,"href":"https:\/\/coinkickoff.com\/tr\/wp-json\/wp\/v2\/users\/3"}],"replies":[{"embeddable":true,"href":"https:\/\/coinkickoff.com\/tr\/wp-json\/wp\/v2\/comments?post=3424"}],"version-history":[{"count":3,"href":"https:\/\/coinkickoff.com\/tr\/wp-json\/wp\/v2\/pages\/3424\/revisions"}],"predecessor-version":[{"id":4496,"href":"https:\/\/coinkickoff.com\/tr\/wp-json\/wp\/v2\/pages\/3424\/revisions\/4496"}],"up":[{"embeddable":true,"href":"https:\/\/coinkickoff.com\/tr\/wp-json\/wp\/v2\/pages\/3196"}],"wp:featuredmedia":[{"embeddable":true,"href":"https:\/\/coinkickoff.com\/tr\/wp-json\/wp\/v2\/media\/155"}],"wp:attachment":[{"href":"https:\/\/coinkickoff.com\/tr\/wp-json\/wp\/v2\/media?parent=3424"}],"curies":[{"name":"wp","href":"https:\/\/api.w.org\/{rel}","templated":true}]}}