{"id":3404,"date":"2026-01-08T14:07:29","date_gmt":"2026-01-08T14:07:29","guid":{"rendered":"https:\/\/coinkickoff.com\/?page_id=3404"},"modified":"2026-01-08T14:07:29","modified_gmt":"2026-01-08T14:07:29","slug":"how-to-buy-dogecoin-on-kraken","status":"publish","type":"page","link":"https:\/\/coinkickoff.com\/tr\/how-to-buy-dogecoin\/how-to-buy-dogecoin-on-kraken\/","title":{"rendered":"Kraken'de Dogecoin (DOGE) Nas\u0131l Sat\u0131n Al\u0131n\u0131r"},"content":{"rendered":"<div id=\"ez-toc-container\" class=\"ez-toc-v2_0_80 counter-hierarchy ez-toc-counter ez-toc-transparent ez-toc-container-direction\">\n<div class=\"ez-toc-title-container\">\n<p class=\"ez-toc-title\" style=\"cursor:inherit\">B\u00f6l\u00fcmler<\/p>\n<span class=\"ez-toc-title-toggle\"><a href=\"#\" class=\"ez-toc-pull-right ez-toc-btn ez-toc-btn-xs ez-toc-btn-default ez-toc-toggle\" aria-label=\"\u0130\u00e7indekiler Tablosunu A\u00e7\/Kapat\"><span class=\"ez-toc-js-icon-con\"><span class=\"\"><span class=\"eztoc-hide\" style=\"display:none;\">Ge\u00e7i\u015f<\/span><span class=\"ez-toc-icon-toggle-span\"><svg style=\"fill: #999;color:#999\" xmlns=\"http:\/\/www.w3.org\/2000\/svg\" class=\"list-377408\" width=\"20px\" height=\"20px\" viewbox=\"0 0 24 24\" fill=\"none\"><path d=\"M6 6H4v2h2V6zm14 0H8v2h12V6zM4 11h2v2H4v-2zm16 0H8v2h12v-2zM4 16h2v2H4v-2zm16 0H8v2h12v-2z\" fill=\"currentColor\"><\/path><\/svg><svg style=\"fill: #999;color:#999\" class=\"arrow-unsorted-368013\" xmlns=\"http:\/\/www.w3.org\/2000\/svg\" width=\"10px\" height=\"10px\" viewbox=\"0 0 24 24\" version=\"1.2\" baseprofile=\"tiny\"><path d=\"M18.2 9.3l-6.2-6.3-6.2 6.3c-.2.2-.3.4-.3.7s.1.5.3.7c.2.2.4.3.7.3h11c.3 0 .5-.1.7-.3.2-.2.3-.5.3-.7s-.1-.5-.3-.7zM5.8 14.7l6.2 6.3 6.2-6.3c.2-.2.3-.5.3-.7s-.1-.5-.3-.7c-.2-.2-.4-.3-.7-.3h-11c-.3 0-.5.1-.7.3-.2.2-.3.5-.3.7s.1.5.3.7z\"\/><\/svg><\/span><\/span><\/span><\/a><\/span><\/div>\n<nav><ul class='ez-toc-list ez-toc-list-level-1 eztoc-toggle-hide-by-default' ><li class='ez-toc-page-1 ez-toc-heading-level-2'><a class=\"ez-toc-link ez-toc-heading-1\" href=\"https:\/\/coinkickoff.com\/tr\/how-to-buy-dogecoin\/how-to-buy-dogecoin-on-kraken\/#How_to_Buy_Dogecoin_on_Kraken\" >Kraken'de Dogecoin Nas\u0131l Sat\u0131n Al\u0131n\u0131r<\/a><\/li><li class='ez-toc-page-1 ez-toc-heading-level-2'><a class=\"ez-toc-link ez-toc-heading-2\" href=\"https:\/\/coinkickoff.com\/tr\/how-to-buy-dogecoin\/how-to-buy-dogecoin-on-kraken\/#A_Step-By-Step_Guide_on_How_to_Buy_Dogecoin_on_Kraken\" >Kraken'de Dogecoin Nas\u0131l Sat\u0131n Al\u0131n\u0131r Ad\u0131m Ad\u0131m K\u0131lavuz<\/a><ul class='ez-toc-list-level-3' ><li class='ez-toc-heading-level-3'><a class=\"ez-toc-link ez-toc-heading-3\" href=\"https:\/\/coinkickoff.com\/tr\/how-to-buy-dogecoin\/how-to-buy-dogecoin-on-kraken\/#1_Register_an_Account_on_Kraken\" >1. Kraken'de Bir Hesap A\u00e7\u0131n<\/a><\/li><li class='ez-toc-page-1 ez-toc-heading-level-3'><a class=\"ez-toc-link ez-toc-heading-4\" href=\"https:\/\/coinkickoff.com\/tr\/how-to-buy-dogecoin\/how-to-buy-dogecoin-on-kraken\/#2_Verify_Your_Account\" >2. Hesab\u0131n\u0131z\u0131 Do\u011frulay\u0131n<\/a><\/li><li class='ez-toc-page-1 ez-toc-heading-level-3'><a class=\"ez-toc-link ez-toc-heading-5\" href=\"https:\/\/coinkickoff.com\/tr\/how-to-buy-dogecoin\/how-to-buy-dogecoin-on-kraken\/#3_Deposit_FundsCrypto\" >3. Mevduat Fonlar\u0131\/Kripto<\/a><\/li><li class='ez-toc-page-1 ez-toc-heading-level-3'><a class=\"ez-toc-link ez-toc-heading-6\" href=\"https:\/\/coinkickoff.com\/tr\/how-to-buy-dogecoin\/how-to-buy-dogecoin-on-kraken\/#4_Navigate_to_the_Relevant_Screen_to_Buy\" >4. Sat\u0131n Almak i\u00e7in \u0130lgili Ekrana Gidin<\/a><\/li><\/ul><\/li><\/ul><\/nav><\/div>\n<h2><span class=\"ez-toc-section\" id=\"How_to_Buy_Dogecoin_on_Kraken\"><\/span><span style=\"font-weight: 400;\">Kraken'de Dogecoin Nas\u0131l Sat\u0131n Al\u0131n\u0131r<\/span><span class=\"ez-toc-section-end\"><\/span><\/h2>\n<p><span style=\"font-weight: 400;\"><a href=\"https:\/\/coinkickoff.com\/tr\/dogecoin-doge\/\" data-internallinksmanager029f6b8e52c=\"14\" title=\"Dogecoin (DOGE) Nedir? Nas\u0131l \u00c7al\u0131\u015f\u0131r ve Nereden Al\u0131n\u0131r?\">Dogecoin<\/a> (DOGE), d\u00fcnyan\u0131n ilk meme coin'si olmas\u0131na ra\u011fmen ya da belki de bu stat\u00fcs\u00fc nedeniyle piyasa de\u011ferine g\u00f6re en b\u00fcy\u00fck kripto para birimlerinden biridir. token, \"doge meme \"den esinlenerek \u00e7o\u011funlukla bir \u015faka olarak piyasaya s\u00fcr\u00fcld\u00fc, ancak internet ve sosyal medya sayesinde h\u0131zla pop\u00fclerlik kazand\u0131.<\/span><\/p>\n<p><span style=\"font-weight: 400;\">E\u011fer sat\u0131n almak istiyorsan\u0131z <a href=\"https:\/\/coinkickoff.com\/tr\/dogecoin-doge\/\">Dogecoin<\/a> \u00fczerinde <a href=\"https:\/\/coinkickoff.com\/tr\/kraken-review\/\">Kraken<\/a> ancak nas\u0131l do\u011fru yerde oldu\u011funuzdan emin de\u011filsiniz. \u0130\u015fte Dogecoin'nin nas\u0131l sat\u0131n al\u0131naca\u011f\u0131n\u0131n ad\u0131m ad\u0131m d\u00f6k\u00fcm\u00fc <a href=\"https:\/\/coinkickoff.com\/tr\/kraken-review\/\" data-internallinksmanager029f6b8e52c=\"171\" title=\"Kraken Yorumlar\u0131 2023: \u00dccretler, \u00d6zellikler, G\u00fcvenlik, Art\u0131lar\u0131 ve Eksileri\">Kraken<\/a>.<\/span><\/p>\n<h2><span class=\"ez-toc-section\" id=\"A_Step-By-Step_Guide_on_How_to_Buy_Dogecoin_on_Kraken\"><\/span><span style=\"font-weight: 400;\">Kraken'de Dogecoin Nas\u0131l Sat\u0131n Al\u0131n\u0131r Ad\u0131m Ad\u0131m K\u0131lavuz<\/span><span class=\"ez-toc-section-end\"><\/span><\/h2>\n<h3><span class=\"ez-toc-section\" id=\"1_Register_an_Account_on_Kraken\"><\/span><span style=\"font-weight: 400;\">1. Kraken'de Bir Hesap A\u00e7\u0131n<\/span><span class=\"ez-toc-section-end\"><\/span><\/h3>\n<p><img loading=\"lazy\" decoding=\"async\" class=\"alignnone wp-image-3406 size-full\" src=\"https:\/\/coinkickoff.com\/wp-content\/uploads\/kraken1-e1682502957481.png\" alt=\"Kraken&#039;de Dogecoin nas\u0131l sat\u0131n al\u0131n\u0131r\" width=\"1339\" height=\"763\" srcset=\"https:\/\/coinkickoff.com\/wp-content\/uploads\/kraken1-e1682502957481.png 1339w, https:\/\/coinkickoff.com\/wp-content\/uploads\/kraken1-e1682502957481-300x171.png 300w, https:\/\/coinkickoff.com\/wp-content\/uploads\/kraken1-e1682502957481-1024x584.png 1024w, https:\/\/coinkickoff.com\/wp-content\/uploads\/kraken1-e1682502957481-768x438.png 768w, https:\/\/coinkickoff.com\/wp-content\/uploads\/kraken1-e1682502957481-18x10.png 18w\" sizes=\"auto, (max-width: 1339px) 100vw, 1339px\" \/> I<span style=\"font-weight: 400;\">Hen\u00fcz bir Kraken hesab\u0131n\u0131z yoksa, \u015fu adresi ziyaret edin <a href=\"https:\/\/kraken.pxf.io\/B0Rny4\" rel=\"nofollow noopener\" target=\"_blank\">Kraken'in resmi web sitesi<\/a> ve \"Hesap Olu\u015ftur \"a t\u0131klay\u0131n. E-posta adresinizi, kullan\u0131c\u0131 ad\u0131n\u0131z\u0131 ve say\u0131sal ve \u00f6zel karakterler i\u00e7eren g\u00fc\u00e7l\u00fc bir parola girin. \u0130kamet etti\u011finiz \u00fclkeyi ve eyaleti se\u00e7in ve hesab\u0131n\u0131z\u0131 olu\u015fturun.\u00a0<\/span><\/p>\n<p><span style=\"font-weight: 400;\">Kraken size bir do\u011frulama e-postas\u0131 ve bir hesap aktivasyon ba\u011flant\u0131s\u0131 g\u00f6nderecektir. Hesab\u0131n\u0131za giri\u015f yapmak i\u00e7in ba\u011flant\u0131y\u0131 takip edin.<\/span><\/p>\n<h3><span class=\"ez-toc-section\" id=\"2_Verify_Your_Account\"><\/span><span style=\"font-weight: 400;\">2. Hesab\u0131n\u0131z\u0131 Do\u011frulay\u0131n<\/span><span class=\"ez-toc-section-end\"><\/span><\/h3>\n<p><span style=\"font-weight: 400;\">Kraken'de kripto sat\u0131n almak i\u00e7in, KYC gereksinimlerine uyman\u0131z ve baz\u0131 ki\u015fisel bilgilerinizi ve kimlik kan\u0131t\u0131n\u0131z\u0131 sa\u011flaman\u0131z gerekir. Yani, ikinci ad\u0131m kimli\u011finizi do\u011frulamakt\u0131r.<\/span><\/p>\n<p><span style=\"font-weight: 400;\">Baz\u0131 borsalar, kimlik do\u011frulamas\u0131n\u0131 tamamlamadan platformlar\u0131na kripto para yat\u0131rman\u0131za izin verir. L\u00fctfen Kraken'in \u015fu oldu\u011funu unutmay\u0131n <\/span><i><span style=\"font-weight: 400;\">de\u011fil <\/span><\/i><span style=\"font-weight: 400;\">bu borsalardan biri. <\/span><b>Platforma para yat\u0131rmadan \u00f6nce kimli\u011finizi do\u011frulaman\u0131z gerekir.<\/b><\/p>\n<p><span style=\"font-weight: 400;\">Kraken, hesab\u0131n\u0131z\u0131 do\u011frulaman\u0131z\u0131 hat\u0131rlatmak i\u00e7in size bir e-posta g\u00f6nderecektir. Ana sayfan\u0131n sol taraf\u0131ndaki \"Sat\u0131n Al\" simgesine de t\u0131klayabilirsiniz; Kraken hemen kimlik do\u011frulamas\u0131n\u0131 tamamlaman\u0131z\u0131 ister.<\/span><\/p>\n<p><img loading=\"lazy\" decoding=\"async\" class=\"alignnone wp-image-3407 size-full\" src=\"https:\/\/coinkickoff.com\/wp-content\/uploads\/kraken2-e1682502904796.png\" alt=\"kraken do\u011frulama uyar\u0131s\u0131\" width=\"1378\" height=\"770\" \/><\/p>\n<p><span style=\"font-weight: 400;\">Sadece Do\u011frula'ya t\u0131klad\u0131\u011f\u0131n\u0131zda ilgili sayfaya y\u00f6nlendirileceksiniz. Do\u011frulama i\u015flemini ba\u015flatmak i\u00e7in yasal ad\u0131n\u0131z\u0131, do\u011fum tarihinizi, adresinizi ve telefon numaran\u0131z\u0131 girin. Devam'a t\u0131klay\u0131n.<\/span><\/p>\n<p><img loading=\"lazy\" decoding=\"async\" class=\"alignnone wp-image-3408 size-full\" src=\"https:\/\/coinkickoff.com\/wp-content\/uploads\/kraken3-e1682503223180.png\" alt=\"\" width=\"1375\" height=\"777\" srcset=\"https:\/\/coinkickoff.com\/wp-content\/uploads\/kraken3-e1682503223180.png 1375w, https:\/\/coinkickoff.com\/wp-content\/uploads\/kraken3-e1682503223180-300x170.png 300w, https:\/\/coinkickoff.com\/wp-content\/uploads\/kraken3-e1682503223180-1024x579.png 1024w, https:\/\/coinkickoff.com\/wp-content\/uploads\/kraken3-e1682503223180-768x434.png 768w, https:\/\/coinkickoff.com\/wp-content\/uploads\/kraken3-e1682503223180-18x10.png 18w, https:\/\/coinkickoff.com\/wp-content\/uploads\/kraken3-e1682503223180-600x338.png 600w\" sizes=\"auto, (max-width: 1375px) 100vw, 1375px\" \/><\/p>\n<p><span style=\"font-weight: 400;\">Bir sonraki sayfada, pasaport sayfas\u0131 veya ehliyet gibi foto\u011frafl\u0131 bir kimlik de dahil olmak \u00fczere ek belgeler sa\u011flaman\u0131z istenecektir.<\/span><\/p>\n<h3><span class=\"ez-toc-section\" id=\"3_Deposit_FundsCrypto\"><\/span><span style=\"font-weight: 400;\">3. Mevduat Fonlar\u0131\/Kripto<\/span><span class=\"ez-toc-section-end\"><\/span><\/h3>\n<p><span style=\"font-weight: 400;\">Zaten kripto paran\u0131z varsa, coins'nizi Kraken'e yat\u0131rabilir ve DOGE ile takas edebilirsiniz. Aksi takdirde, Kraken'de fiat para birimi ile DOGE sat\u0131n alman\u0131z yeterlidir.\u00a0<\/span><\/p>\n<p><span style=\"font-weight: 400;\">Bir \u00f6deme y\u00f6ntemi eklemeden veya herhangi bir fiat para yat\u0131rma i\u015flemi yapmadan \u00f6nce hesab\u0131n\u0131z\u0131 iki fakt\u00f6rl\u00fc kimlik do\u011frulama (2FA) ile g\u00fcvence alt\u0131na alman\u0131z\u0131 \u015fiddetle tavsiye ederiz. 2FA, hesab\u0131n\u0131za ek bir g\u00fcvenlik katman\u0131 ekler.<\/span><\/p>\n<p><span style=\"font-weight: 400;\">2FA'y\u0131 etkinle\u015ftirmek i\u00e7in profil ad\u0131n\u0131za t\u0131klay\u0131n (sa\u011f \u00fcstte) ve a\u00e7\u0131l\u0131r men\u00fcden \"G\u00fcvenlik \"i se\u00e7in. Ayarlar\u0131n\u0131z\u0131 yapmak i\u00e7in \"2FA Ayarlar\u0131 \"na t\u0131klay\u0131n.<\/span><\/p>\n<p><img loading=\"lazy\" decoding=\"async\" class=\"alignnone wp-image-3409 size-full\" src=\"https:\/\/coinkickoff.com\/wp-content\/uploads\/kraken4-e1682503267822.png\" alt=\"\" width=\"1360\" height=\"795\" srcset=\"https:\/\/coinkickoff.com\/wp-content\/uploads\/kraken4-e1682503267822.png 1360w, https:\/\/coinkickoff.com\/wp-content\/uploads\/kraken4-e1682503267822-300x175.png 300w, https:\/\/coinkickoff.com\/wp-content\/uploads\/kraken4-e1682503267822-1024x599.png 1024w, https:\/\/coinkickoff.com\/wp-content\/uploads\/kraken4-e1682503267822-768x449.png 768w, https:\/\/coinkickoff.com\/wp-content\/uploads\/kraken4-e1682503267822-18x12.png 18w\" sizes=\"auto, (max-width: 1360px) 100vw, 1360px\" \/><\/p>\n<p><span style=\"font-weight: 400;\">Kraken birka\u00e7 2FA se\u00e7ene\u011fi sunar. Oturum a\u00e7ma, fonlama, i\u015flem yapma ve para \u00e7ekme gibi farkl\u0131 i\u015flemler i\u00e7in 2FA'y\u0131 etkinle\u015ftirebilirsiniz.<\/span><\/p>\n<p><span style=\"font-weight: 400;\"><img loading=\"lazy\" decoding=\"async\" class=\"alignnone wp-image-3405 size-full\" src=\"https:\/\/coinkickoff.com\/wp-content\/uploads\/kraken-5-e1682503294785.png\" alt=\"\" width=\"1357\" height=\"770\" srcset=\"https:\/\/coinkickoff.com\/wp-content\/uploads\/kraken-5-e1682503294785.png 1357w, https:\/\/coinkickoff.com\/wp-content\/uploads\/kraken-5-e1682503294785-300x170.png 300w, https:\/\/coinkickoff.com\/wp-content\/uploads\/kraken-5-e1682503294785-1024x581.png 1024w, https:\/\/coinkickoff.com\/wp-content\/uploads\/kraken-5-e1682503294785-768x436.png 768w, https:\/\/coinkickoff.com\/wp-content\/uploads\/kraken-5-e1682503294785-18x10.png 18w\" sizes=\"auto, (max-width: 1357px) 100vw, 1357px\" \/><\/span><\/p>\n<p><span style=\"font-weight: 400;\">2FA'y\u0131 kurmak olduk\u00e7a kolayd\u0131r. Google Authenticator uygulamas\u0131n\u0131 indirin ve ekrandaki QR kodunu taray\u0131n. Uygulama, 2FA'y\u0131 etkinle\u015ftirmek i\u00e7in girebilece\u011finiz bir kod olu\u015fturacakt\u0131r.\u00a0<\/span><\/p>\n<p><img loading=\"lazy\" decoding=\"async\" class=\"alignnone wp-image-3410 size-full\" src=\"https:\/\/coinkickoff.com\/wp-content\/uploads\/kraken6-e1682503322525.png\" alt=\"\" width=\"1357\" height=\"791\" \/><\/p>\n<p><span style=\"font-weight: 400;\">2FA'y\u0131 etkinle\u015ftirdi\u011finizde, hesab\u0131n\u0131zda oturum a\u00e7mak i\u00e7in Google Authenticator uygulamas\u0131n\u0131 kullanman\u0131z gerekir. Uygulama, her oturum a\u00e7ma i\u00e7in benzersiz bir tek seferlik \u015fifre olu\u015fturacakt\u0131r.<\/span><\/p>\n<p><span style=\"font-weight: 400;\">2FA'y\u0131 etkinle\u015ftirdikten sonra Kraken hesab\u0131n\u0131za para yat\u0131rmaya haz\u0131rs\u0131n\u0131z. Kraken'de DOGE sat\u0131n alman\u0131n iki yolu vard\u0131r. Hesab\u0131n\u0131za kredi kart\u0131 gibi an\u0131nda bir \u00f6deme y\u00f6ntemi ekleyebilir veya kolayca para yat\u0131rmak i\u00e7in banka hesab\u0131n\u0131z\u0131 Kraken'e ba\u011flayabilirsiniz.<\/span><\/p>\n<p><span style=\"font-weight: 400;\">An\u0131nda \u00f6deme y\u00f6ntemi eklemek daha h\u0131zl\u0131 ve kolayd\u0131r. \u00dcst men\u00fcdeki \"Kripto Sat\u0131n Al\" se\u00e7ene\u011fine t\u0131klaman\u0131z yeterlidir.<\/span><\/p>\n<p><img loading=\"lazy\" decoding=\"async\" class=\"alignnone wp-image-3412 size-full\" src=\"https:\/\/coinkickoff.com\/wp-content\/uploads\/kraken8-e1682503364155.png\" alt=\"\" width=\"1206\" height=\"781\" srcset=\"https:\/\/coinkickoff.com\/wp-content\/uploads\/kraken8-e1682503364155.png 1206w, https:\/\/coinkickoff.com\/wp-content\/uploads\/kraken8-e1682503364155-300x194.png 300w, https:\/\/coinkickoff.com\/wp-content\/uploads\/kraken8-e1682503364155-1024x663.png 1024w, https:\/\/coinkickoff.com\/wp-content\/uploads\/kraken8-e1682503364155-768x497.png 768w, https:\/\/coinkickoff.com\/wp-content\/uploads\/kraken8-e1682503364155-18x12.png 18w\" sizes=\"auto, (max-width: 1206px) 100vw, 1206px\" \/><\/p>\n<p><span style=\"font-weight: 400;\">Yeni sayfada \"\u00d6deme Y\u00f6ntemleri \"ni se\u00e7in.<\/span><\/p>\n<p><span style=\"font-weight: 400;\">\"\u00d6deme Y\u00f6ntemleri Ekle \"ye t\u0131klay\u0131n. Bir \u00f6deme y\u00f6ntemi ekleyebilirsiniz. <\/span><a href=\"https:\/\/support.kraken.com\/hc\/en-us\/articles\/360048212832-Visa-and-MasterCard-purchases\" target=\"_blank\" rel=\"noopener\"><span style=\"font-weight: 400;\">Visa ve Mastercard banka\/kredi kart\u0131<\/span><\/a><span style=\"font-weight: 400;\"> veya \u00e7evrimi\u00e7i bankac\u0131l\u0131k yoluyla hesab\u0131n\u0131za nakit para yat\u0131r\u0131n.<\/span><\/p>\n<p><img loading=\"lazy\" decoding=\"async\" class=\"alignnone wp-image-3413 size-full\" src=\"https:\/\/coinkickoff.com\/wp-content\/uploads\/kraken9-e1682503407337.png\" alt=\"\" width=\"1196\" height=\"776\" srcset=\"https:\/\/coinkickoff.com\/wp-content\/uploads\/kraken9-e1682503407337.png 1196w, https:\/\/coinkickoff.com\/wp-content\/uploads\/kraken9-e1682503407337-300x195.png 300w, https:\/\/coinkickoff.com\/wp-content\/uploads\/kraken9-e1682503407337-1024x664.png 1024w, https:\/\/coinkickoff.com\/wp-content\/uploads\/kraken9-e1682503407337-768x498.png 768w, https:\/\/coinkickoff.com\/wp-content\/uploads\/kraken9-e1682503407337-18x12.png 18w\" sizes=\"auto, (max-width: 1196px) 100vw, 1196px\" \/><\/p>\n<p><span style=\"font-weight: 400;\">Tercih edilen y\u00f6nteme t\u0131klay\u0131n ve ilgili bilgileri girin.\u00a0<\/span><\/p>\n<p><span style=\"font-weight: 400;\">Kredi kart\u0131 ve banka kart\u0131 ile yap\u0131lan al\u0131\u015fveri\u015fler daha h\u0131zl\u0131d\u0131r ancak kart sa\u011flay\u0131c\u0131lar\u0131 ekstra \u00fccret talep etti\u011finden genellikle daha pahal\u0131d\u0131r.<\/span><\/p>\n<p><span style=\"font-weight: 400;\">Nakit para yat\u0131rmay\u0131 se\u00e7erseniz, hesab\u0131n\u0131za \u00e7evrimi\u00e7i bankac\u0131l\u0131k ile para yat\u0131rabilirsiniz. Yat\u0131rmak istedi\u011finiz para birimini se\u00e7in ve para yat\u0131rma y\u00f6nteminizi se\u00e7in.<\/span><\/p>\n<p><img loading=\"lazy\" decoding=\"async\" class=\"alignnone wp-image-3414 size-full\" src=\"https:\/\/coinkickoff.com\/wp-content\/uploads\/kraken-deposit.png\" alt=\"\" width=\"752\" height=\"298\" srcset=\"https:\/\/coinkickoff.com\/wp-content\/uploads\/kraken-deposit.png 752w, https:\/\/coinkickoff.com\/wp-content\/uploads\/kraken-deposit-300x119.png 300w, https:\/\/coinkickoff.com\/wp-content\/uploads\/kraken-deposit-18x7.png 18w\" sizes=\"auto, (max-width: 752px) 100vw, 752px\" \/> <img loading=\"lazy\" decoding=\"async\" class=\"alignnone wp-image-3415 size-full\" src=\"https:\/\/coinkickoff.com\/wp-content\/uploads\/kraken-deposit-2.png\" alt=\"\" width=\"808\" height=\"547\" srcset=\"https:\/\/coinkickoff.com\/wp-content\/uploads\/kraken-deposit-2.png 808w, https:\/\/coinkickoff.com\/wp-content\/uploads\/kraken-deposit-2-300x203.png 300w, https:\/\/coinkickoff.com\/wp-content\/uploads\/kraken-deposit-2-768x520.png 768w, https:\/\/coinkickoff.com\/wp-content\/uploads\/kraken-deposit-2-18x12.png 18w\" sizes=\"auto, (max-width: 808px) 100vw, 808px\" \/><\/p>\n<p><span style=\"font-weight: 400;\">Kraken hesab\u0131n\u0131za para g\u00f6nderirken l\u00fctfen t\u00fcm talimatlar\u0131 dikkatlice okuyun. Para yat\u0131rma i\u015fleminizin Kraken'e ula\u015ft\u0131\u011f\u0131ndan emin olmak i\u00e7in bir referans kodu girmeniz gerekebilir.<\/span><\/p>\n<p><span style=\"font-weight: 400;\">Paran\u0131z birka\u00e7 g\u00fcn i\u00e7inde hesab\u0131n\u0131za ula\u015fmal\u0131d\u0131r, ancak banka tatillerine ve di\u011fer olas\u0131 gecikmelere dikkat edin. Paran\u0131z\u0131n gelip gelmedi\u011fini \"\u0130\u015flem\" veya \"Fonlama\" sekmelerine t\u0131klayarak kontrol edebilirsiniz.<\/span><\/p>\n<h3><span class=\"ez-toc-section\" id=\"4_Navigate_to_the_Relevant_Screen_to_Buy\"><\/span><span style=\"font-weight: 400;\">4. Sat\u0131n Almak i\u00e7in \u0130lgili Ekrana Gidin<\/span><span class=\"ez-toc-section-end\"><\/span><\/h3>\n<p><span style=\"font-weight: 400;\">Kraken'de DOGE sat\u0131n alman\u0131n iki yolu vard\u0131r. \u0130lk ve en kolay olan\u0131, kolay Al\/Sat widget'\u0131n\u0131 kullanmakt\u0131r. G\u00f6sterge tablosundaki (\u00fcst orta) \"Kripto Sat\u0131n Al\" sekmesine t\u0131klay\u0131n ve \"Sat\u0131n Al\" \u0131 se\u00e7in.<\/span><\/p>\n<p><span style=\"font-weight: 400;\">Widget \u00fczerindeki a\u00e7\u0131l\u0131r men\u00fcden DOGE'yi se\u00e7in ve ne kadar harcamak istedi\u011finizi girin. Bir \u00f6deme y\u00f6ntemi se\u00e7in (kredi\/banka kart\u0131 veya nakit).<\/span><\/p>\n<p><span style=\"font-weight: 400;\">Kraken, paran\u0131z i\u00e7in ne kadar DOGE alaca\u011f\u0131n\u0131z\u0131 ve sat\u0131n alma i\u015fleminiz i\u00e7in ge\u00e7erli olan ilgili \u00fccretleri g\u00f6r\u00fcnt\u00fcler. Onayla'ya t\u0131klay\u0131n ve i\u015finiz bitti.\u00a0<\/span><\/p>\n<p><span style=\"font-weight: 400;\">Bu y\u00f6ntem ilk kez kullananlar i\u00e7in harika olsa da, Kraken'de DOGE sat\u0131n almak i\u00e7in asl\u0131nda daha ucuz bir y\u00f6ntem var.<\/span><\/p>\n<p><img loading=\"lazy\" decoding=\"async\" class=\"alignnone wp-image-3416 size-full\" src=\"https:\/\/coinkickoff.com\/wp-content\/uploads\/kraken-trade1.png\" alt=\"\" width=\"1139\" height=\"206\" srcset=\"https:\/\/coinkickoff.com\/wp-content\/uploads\/kraken-trade1.png 1139w, https:\/\/coinkickoff.com\/wp-content\/uploads\/kraken-trade1-300x54.png 300w, https:\/\/coinkickoff.com\/wp-content\/uploads\/kraken-trade1-1024x185.png 1024w, https:\/\/coinkickoff.com\/wp-content\/uploads\/kraken-trade1-768x139.png 768w, https:\/\/coinkickoff.com\/wp-content\/uploads\/kraken-trade1-18x3.png 18w\" sizes=\"auto, (max-width: 1139px) 100vw, 1139px\" \/><\/p>\n<p><span style=\"font-weight: 400;\">Ana kontrol panelinde \"Ticaret \"i se\u00e7in. \"Yeni Emir\" sekmesine t\u0131klay\u0131n ve \"Basit Emir \"i se\u00e7in.\u00a0<\/span>\u00a0\u00a0<img loading=\"lazy\" decoding=\"async\" class=\"alignnone wp-image-3419 size-full\" src=\"https:\/\/coinkickoff.com\/wp-content\/uploads\/kraken-trade4-e1682504018815.png\" alt=\"\" width=\"1220\" height=\"309\" srcset=\"https:\/\/coinkickoff.com\/wp-content\/uploads\/kraken-trade4-e1682504018815.png 1220w, https:\/\/coinkickoff.com\/wp-content\/uploads\/kraken-trade4-e1682504018815-300x76.png 300w, https:\/\/coinkickoff.com\/wp-content\/uploads\/kraken-trade4-e1682504018815-1024x259.png 1024w, https:\/\/coinkickoff.com\/wp-content\/uploads\/kraken-trade4-e1682504018815-768x195.png 768w, https:\/\/coinkickoff.com\/wp-content\/uploads\/kraken-trade4-e1682504018815-18x5.png 18w\" sizes=\"auto, (max-width: 1220px) 100vw, 1220px\" \/><span style=\"font-weight: 400;\">Sipari\u015f formundaki para birimi t\u00fcrlerini ayarlay\u0131n. \u00d6rne\u011fin, harcama s\u00fctununu USD ve sat\u0131n alma s\u00fctununu DOGE olarak ayarlayabilirsiniz.<\/span><\/p>\n<p><span style=\"font-weight: 400;\">Harcama s\u00fctununa ne kadar harcamak istedi\u011finizi girin. Fiyat sekmesinde, DOGE'yi sat\u0131n almak istedi\u011finiz fiyat\u0131 girin. Size otomatik olarak sabit bir piyasa fiyat\u0131 sunulacakt\u0131r, ancak kendiniz de bir fiyat belirleyebilirsiniz.<\/span><\/p>\n<p><span style=\"font-weight: 400;\">Teklif edilen piyasa fiyat\u0131n\u0131 kabul etti\u011finizde, bir piyasa emri vermi\u015f olursunuz. Bu basit\u00e7e, sipari\u015finizin olduk\u00e7a h\u0131zl\u0131 bir \u015fekilde yerine getirilece\u011fi anlam\u0131na gelir \u00e7\u00fcnk\u00fc ba\u015fka birinin size DOGE'yi belirledikleri fiyattan satma teklifini kabul ediyorsunuz.\u00a0<\/span><\/p>\n<p><span style=\"font-weight: 400;\">Kendiniz bir fiyat belirledi\u011finizde, sat\u0131\u015f\u0131n ger\u00e7ekle\u015fmesi biraz daha uzun s\u00fcrebilir \u00e7\u00fcnk\u00fc ba\u015fka birinin size bu fiyattan DOGE satmay\u0131 kabul etmesi gerekir. Buna limit emri de denir.<\/span><\/p>\n<p><span style=\"font-weight: 400;\">Sipari\u015finizi inceleyin ve \"Sat\u0131n Al \"a t\u0131klay\u0131n.<\/span><\/p>\n<p><span style=\"font-weight: 400;\">\u0130\u015flemin tamamlan\u0131p tamamlanmad\u0131\u011f\u0131n\u0131 g\u00f6rmek i\u00e7in sipari\u015fler sekmesine t\u0131klayabilirsiniz. Sipari\u015f kapal\u0131ysa, coin'yi ba\u015far\u0131yla sat\u0131n ald\u0131n\u0131z demektir. Sipari\u015f a\u00e7\u0131ksa, hala birinin size DOGE satmas\u0131n\u0131 bekliyorsunuz demektir.<\/span><\/p>\n<p><span style=\"font-weight: 400;\">\u0130\u015fte bu kadar. Tebrikler!\u00a0<\/span><\/p>","protected":false},"excerpt":{"rendered":"<p>Kraken'de Dogecoin Nas\u0131l Sat\u0131n Al\u0131n\u0131r Dogecoin (DOGE), d\u00fcnyan\u0131n ilk meme coin'si olmas\u0131na ra\u011fmen veya belki de bu stat\u00fcs\u00fc nedeniyle piyasa de\u011ferine g\u00f6re en b\u00fcy\u00fck kripto para birimlerinden biridir. token \u00e7o\u011funlukla \"doge meme\" den esinlenerek bir \u015faka olarak piyasaya s\u00fcr\u00fcld\u00fc, ancak internet ve sosyal medya sayesinde h\u0131zla pop\u00fclerlik kazand\u0131. E\u011fer [...]<\/p>","protected":false},"author":3,"featured_media":155,"parent":3196,"menu_order":0,"comment_status":"closed","ping_status":"closed","template":"","meta":{"_genesis_hide_title":false,"_genesis_hide_breadcrumbs":false,"_genesis_hide_singular_image":false,"_genesis_hide_footer_widgets":false,"_genesis_custom_body_class":"","_genesis_custom_post_class":"","_genesis_layout":"","_glsr_average":0,"_glsr_ranking":0,"_glsr_reviews":0,"footnotes":""},"class_list":{"0":"post-3404","1":"page","2":"type-page","3":"status-publish","4":"has-post-thumbnail","6":"entry"},"featured_image_src":"https:\/\/coinkickoff.com\/wp-content\/uploads\/2022\/06\/Dogecoin-DOGE-600x400.jpg","featured_image_src_square":"https:\/\/coinkickoff.com\/wp-content\/uploads\/2022\/06\/Dogecoin-DOGE-600x600.jpg","_links":{"self":[{"href":"https:\/\/coinkickoff.com\/tr\/wp-json\/wp\/v2\/pages\/3404","targetHints":{"allow":["GET"]}}],"collection":[{"href":"https:\/\/coinkickoff.com\/tr\/wp-json\/wp\/v2\/pages"}],"about":[{"href":"https:\/\/coinkickoff.com\/tr\/wp-json\/wp\/v2\/types\/page"}],"author":[{"embeddable":true,"href":"https:\/\/coinkickoff.com\/tr\/wp-json\/wp\/v2\/users\/3"}],"replies":[{"embeddable":true,"href":"https:\/\/coinkickoff.com\/tr\/wp-json\/wp\/v2\/comments?post=3404"}],"version-history":[{"count":3,"href":"https:\/\/coinkickoff.com\/tr\/wp-json\/wp\/v2\/pages\/3404\/revisions"}],"predecessor-version":[{"id":4494,"href":"https:\/\/coinkickoff.com\/tr\/wp-json\/wp\/v2\/pages\/3404\/revisions\/4494"}],"up":[{"embeddable":true,"href":"https:\/\/coinkickoff.com\/tr\/wp-json\/wp\/v2\/pages\/3196"}],"wp:featuredmedia":[{"embeddable":true,"href":"https:\/\/coinkickoff.com\/tr\/wp-json\/wp\/v2\/media\/155"}],"wp:attachment":[{"href":"https:\/\/coinkickoff.com\/tr\/wp-json\/wp\/v2\/media?parent=3404"}],"curies":[{"name":"wp","href":"https:\/\/api.w.org\/{rel}","templated":true}]}}