{"id":3394,"date":"2026-01-08T14:07:29","date_gmt":"2026-01-08T14:07:29","guid":{"rendered":"https:\/\/coinkickoff.com\/?page_id=3394"},"modified":"2026-01-08T14:07:29","modified_gmt":"2026-01-08T14:07:29","slug":"how-to-buy-dogecoin-on-poloniex","status":"publish","type":"page","link":"https:\/\/coinkickoff.com\/tr\/how-to-buy-dogecoin\/how-to-buy-dogecoin-on-poloniex\/","title":{"rendered":"Poloniex'te Dogecoin (DOGE) Nas\u0131l Sat\u0131n Al\u0131n\u0131r"},"content":{"rendered":"<h2><span style=\"font-weight: 400;\"><img loading=\"lazy\" decoding=\"async\" class=\"alignnone wp-image-155 size-full\" src=\"https:\/\/coinkickoff.com\/wp-content\/uploads\/2022\/06\/Dogecoin-DOGE.jpg\" alt=\"poloniex&#039;te dogecoin nas\u0131l sat\u0131n al\u0131n\u0131r\" width=\"1000\" height=\"800\" srcset=\"https:\/\/coinkickoff.com\/wp-content\/uploads\/2022\/06\/Dogecoin-DOGE.jpg 1000w, https:\/\/coinkickoff.com\/wp-content\/uploads\/2022\/06\/Dogecoin-DOGE-300x240.jpg 300w, https:\/\/coinkickoff.com\/wp-content\/uploads\/2022\/06\/Dogecoin-DOGE-768x614.jpg 768w, https:\/\/coinkickoff.com\/wp-content\/uploads\/2022\/06\/Dogecoin-DOGE-15x12.jpg 15w\" sizes=\"auto, (max-width: 1000px) 100vw, 1000px\" \/><\/span><\/h2>\n<div id=\"ez-toc-container\" class=\"ez-toc-v2_0_80 counter-hierarchy ez-toc-counter ez-toc-transparent ez-toc-container-direction\">\n<div class=\"ez-toc-title-container\">\n<p class=\"ez-toc-title\" style=\"cursor:inherit\">B\u00f6l\u00fcmler<\/p>\n<span class=\"ez-toc-title-toggle\"><a href=\"#\" class=\"ez-toc-pull-right ez-toc-btn ez-toc-btn-xs ez-toc-btn-default ez-toc-toggle\" aria-label=\"\u0130\u00e7indekiler Tablosunu A\u00e7\/Kapat\"><span class=\"ez-toc-js-icon-con\"><span class=\"\"><span class=\"eztoc-hide\" style=\"display:none;\">Ge\u00e7i\u015f<\/span><span class=\"ez-toc-icon-toggle-span\"><svg style=\"fill: #999;color:#999\" xmlns=\"http:\/\/www.w3.org\/2000\/svg\" class=\"list-377408\" width=\"20px\" height=\"20px\" viewbox=\"0 0 24 24\" fill=\"none\"><path d=\"M6 6H4v2h2V6zm14 0H8v2h12V6zM4 11h2v2H4v-2zm16 0H8v2h12v-2zM4 16h2v2H4v-2zm16 0H8v2h12v-2z\" fill=\"currentColor\"><\/path><\/svg><svg style=\"fill: #999;color:#999\" class=\"arrow-unsorted-368013\" xmlns=\"http:\/\/www.w3.org\/2000\/svg\" width=\"10px\" height=\"10px\" viewbox=\"0 0 24 24\" version=\"1.2\" baseprofile=\"tiny\"><path d=\"M18.2 9.3l-6.2-6.3-6.2 6.3c-.2.2-.3.4-.3.7s.1.5.3.7c.2.2.4.3.7.3h11c.3 0 .5-.1.7-.3.2-.2.3-.5.3-.7s-.1-.5-.3-.7zM5.8 14.7l6.2 6.3 6.2-6.3c.2-.2.3-.5.3-.7s-.1-.5-.3-.7c-.2-.2-.4-.3-.7-.3h-11c-.3 0-.5.1-.7.3-.2.2-.3.5-.3.7s.1.5.3.7z\"\/><\/svg><\/span><\/span><\/span><\/a><\/span><\/div>\n<nav><ul class='ez-toc-list ez-toc-list-level-1 eztoc-toggle-hide-by-default' ><li class='ez-toc-page-1 ez-toc-heading-level-2'><a class=\"ez-toc-link ez-toc-heading-1\" href=\"https:\/\/coinkickoff.com\/tr\/how-to-buy-dogecoin\/how-to-buy-dogecoin-on-poloniex\/#How_to_Buy_Dogecoin_on_Poloniex\" >Poloniex'te Dogecoin Nas\u0131l Sat\u0131n Al\u0131n\u0131r<\/a><\/li><li class='ez-toc-page-1 ez-toc-heading-level-2'><a class=\"ez-toc-link ez-toc-heading-2\" href=\"https:\/\/coinkickoff.com\/tr\/how-to-buy-dogecoin\/how-to-buy-dogecoin-on-poloniex\/#A_Step-By-Step_Guide_on_How_to_Buy_Dogecoin_on_Poloniex\" >Poloniex'te Dogecoin Nas\u0131l Sat\u0131n Al\u0131n\u0131r Ad\u0131m Ad\u0131m K\u0131lavuz<\/a><ul class='ez-toc-list-level-3' ><li class='ez-toc-heading-level-3'><a class=\"ez-toc-link ez-toc-heading-3\" href=\"https:\/\/coinkickoff.com\/tr\/how-to-buy-dogecoin\/how-to-buy-dogecoin-on-poloniex\/#1_Register_an_Account\" >1. Bir Hesap A\u00e7\u0131n<\/a><\/li><li class='ez-toc-page-1 ez-toc-heading-level-3'><a class=\"ez-toc-link ez-toc-heading-4\" href=\"https:\/\/coinkickoff.com\/tr\/how-to-buy-dogecoin\/how-to-buy-dogecoin-on-poloniex\/#2_Verify_Your_Account\" >2. Hesab\u0131n\u0131z\u0131 Do\u011frulay\u0131n<\/a><\/li><li class='ez-toc-page-1 ez-toc-heading-level-3'><a class=\"ez-toc-link ez-toc-heading-5\" href=\"https:\/\/coinkickoff.com\/tr\/how-to-buy-dogecoin\/how-to-buy-dogecoin-on-poloniex\/#3_Buy_Crypto\" >3. Kripto Sat\u0131n Al\u0131n<\/a><\/li><li class='ez-toc-page-1 ez-toc-heading-level-3'><a class=\"ez-toc-link ez-toc-heading-6\" href=\"https:\/\/coinkickoff.com\/tr\/how-to-buy-dogecoin\/how-to-buy-dogecoin-on-poloniex\/#4_Trade_USDT_for_DOGE\" >4. USDT'yi DOGE ile takas edin<\/a><\/li><\/ul><\/li><\/ul><\/nav><\/div>\n<h2><span class=\"ez-toc-section\" id=\"How_to_Buy_Dogecoin_on_Poloniex\"><\/span><span style=\"font-weight: 400;\">Poloniex'te Dogecoin Nas\u0131l Sat\u0131n Al\u0131n\u0131r<\/span><span class=\"ez-toc-section-end\"><\/span><\/h2>\n<p><span style=\"font-weight: 400;\">Her ne kadar <a href=\"https:\/\/coinkickoff.com\/tr\/dogecoin-doge\/\">DOGE<\/a> bir kullan\u0131m alan\u0131na sahip de\u011fildir, olduk\u00e7a pop\u00fclerdir ve \u00e7o\u011fu <a href=\"https:\/\/coinkickoff.com\/tr\/crypto-exchanges\/\" data-internallinksmanager029f6b8e52c=\"141\" title=\"21&#039;teki 2024 En \u0130yi Cryptocurrency Borsalar\u0131 ve Uygulamalar\u0131\">kripto borsalar\u0131<\/a>dahil olmak \u00fczere <a href=\"https:\/\/coinkickoff.com\/tr\/poloniex-review\/\">Poloniex<\/a>. coin \u00e7ok ucuz ve hemen hemen de\u011fersizdir.\u00a0<\/span><\/p>\n<p><span style=\"font-weight: 400;\">E\u011fer biraz sat\u0131n alarak bu \u015fakaya kat\u0131lmak isterseniz <a href=\"https:\/\/coinkickoff.com\/tr\/dogecoin-doge\/\" data-internallinksmanager029f6b8e52c=\"14\" title=\"Dogecoin (DOGE) Nedir? Nas\u0131l \u00c7al\u0131\u015f\u0131r ve Nereden Al\u0131n\u0131r?\">Dogecoin<\/a> ama nereden ba\u015flayaca\u011f\u0131n\u0131z\u0131 bilmiyorsan\u0131z, do\u011fru yerdesiniz. Dogecoin \u00fcr\u00fcn\u00fcn\u00fc nas\u0131l sat\u0131n alaca\u011f\u0131n\u0131zla ilgili ad\u0131m ad\u0131m k\u0131lavuzumuz <a href=\"https:\/\/coinkickoff.com\/tr\/poloniex-review\/\" data-internallinksmanager029f6b8e52c=\"164\" title=\"Poloniex \u0130ncelemeleri 2023: \u00dccretler, \u00d6zellikler, G\u00fcvenlik, Art\u0131lar ve Eksiler\">Poloniex<\/a>. \u0130\u015fte ba\u015fl\u0131yoruz.<\/span><\/p>\n<h2><span class=\"ez-toc-section\" id=\"A_Step-By-Step_Guide_on_How_to_Buy_Dogecoin_on_Poloniex\"><\/span><span style=\"font-weight: 400;\">Poloniex'te Dogecoin Nas\u0131l Sat\u0131n Al\u0131n\u0131r Ad\u0131m Ad\u0131m K\u0131lavuz<\/span><span class=\"ez-toc-section-end\"><\/span><\/h2>\n<h3><span class=\"ez-toc-section\" id=\"1_Register_an_Account\"><\/span><span style=\"font-weight: 400;\">1. Bir Hesap A\u00e7\u0131n<\/span><span class=\"ez-toc-section-end\"><\/span><\/h3>\n<p><span style=\"font-weight: 400;\">\u0130lk olarak, \u015fu adrese gidin <a href=\"https:\/\/poloniex.com\/signup?c=NLAGMVE5\" target=\"_blank\" rel=\"noopener\">Poloniex<\/a> web sitesine girin ve bir hesap olu\u015fturmak i\u00e7in \"Kaydol\" se\u00e7ene\u011fine t\u0131klay\u0131n.\u00a0<\/span><\/p>\n<p><img loading=\"lazy\" decoding=\"async\" class=\"alignnone wp-image-3397 size-full\" src=\"https:\/\/coinkickoff.com\/wp-content\/uploads\/poloniex-sign-up.png\" alt=\"poloniex kaydolun\" width=\"1436\" height=\"653\" srcset=\"https:\/\/coinkickoff.com\/wp-content\/uploads\/poloniex-sign-up.png 1436w, https:\/\/coinkickoff.com\/wp-content\/uploads\/poloniex-sign-up-300x136.png 300w, https:\/\/coinkickoff.com\/wp-content\/uploads\/poloniex-sign-up-1024x466.png 1024w, https:\/\/coinkickoff.com\/wp-content\/uploads\/poloniex-sign-up-768x349.png 768w, https:\/\/coinkickoff.com\/wp-content\/uploads\/poloniex-sign-up-18x8.png 18w\" sizes=\"auto, (max-width: 1436px) 100vw, 1436px\" \/><\/p>\n<p><span style=\"font-weight: 400;\">Kaydolmak i\u00e7in ge\u00e7erli bir e-posta ve \u015fifre girmeniz yeterlidir. E-posta adresinize bir do\u011frulama kodu alacaks\u0131n\u0131z. Hesab\u0131n\u0131za giri\u015f yapmak i\u00e7in kodu kullan\u0131n.\u00a0\u00a0<\/span><\/p>\n<h3><span class=\"ez-toc-section\" id=\"2_Verify_Your_Account\"><\/span><span style=\"font-weight: 400;\">2. Hesab\u0131n\u0131z\u0131 Do\u011frulay\u0131n<\/span><span class=\"ez-toc-section-end\"><\/span><\/h3>\n<p><span style=\"font-weight: 400;\">Poloniex'te kimli\u011finizi do\u011frulamadan i\u015flem yapabilirsiniz. Poloniex, do\u011frulama yapmadan kripto para yat\u0131rman\u0131za ve \u00e7ekmenize izin verir. Fiat para birimi ile kripto sat\u0131n almak i\u00e7in \u00fc\u00e7\u00fcnc\u00fc taraf \u00f6deme sa\u011flay\u0131c\u0131lar\u0131n\u0131 da kullanabilirsiniz, ancak bu \u00fc\u00e7\u00fcnc\u00fc taraflar\u0131n KYC politikalar\u0131na uyman\u0131z gerekir.<\/span><\/p>\n<p><img loading=\"lazy\" decoding=\"async\" class=\"alignnone wp-image-3398 size-full\" src=\"https:\/\/coinkickoff.com\/wp-content\/uploads\/poloniex-verification.png\" alt=\"poloniex do\u011frulama\" width=\"1437\" height=\"679\" srcset=\"https:\/\/coinkickoff.com\/wp-content\/uploads\/poloniex-verification.png 1437w, https:\/\/coinkickoff.com\/wp-content\/uploads\/poloniex-verification-300x142.png 300w, https:\/\/coinkickoff.com\/wp-content\/uploads\/poloniex-verification-1024x484.png 1024w, https:\/\/coinkickoff.com\/wp-content\/uploads\/poloniex-verification-768x363.png 768w, https:\/\/coinkickoff.com\/wp-content\/uploads\/poloniex-verification-18x9.png 18w\" sizes=\"auto, (max-width: 1437px) 100vw, 1437px\" \/><\/p>\n<p><span style=\"font-weight: 400;\">Bununla birlikte, para \u00e7ekme limitlerinizi art\u0131rmak i\u00e7in kimlik do\u011frulama i\u015flemini tamamlayabilirsiniz. Web sitesinin sa\u011f \u00fcst k\u00f6\u015fesindeki profil simgesine t\u0131klay\u0131n ve \"Profil \"i se\u00e7in.<\/span><\/p>\n<p><span style=\"font-weight: 400;\">Profil sayfan\u0131zda, do\u011frulama seviyenizi t\u00fcm yeni hesaplar i\u00e7in ge\u00e7erli olan \"seviye 1\" do\u011frulanm\u0131\u015f olarak g\u00f6receksiniz. Do\u011frulama seviyenizin s\u0131n\u0131rlar\u0131n\u0131 sayfada g\u00f6rebilirsiniz ve \u00e7ok fazla yoktur. Daha fazla do\u011frulama, g\u00fcnl\u00fck para \u00e7ekme limitinizi 500.000 USD'ye \u00e7\u0131karman\u0131za olanak tan\u0131r.\u00a0<\/span><\/p>\n<p><span style=\"font-weight: 400;\">\u0130sterseniz limitinizi art\u0131rmak i\u00e7in devam edin ve \"Ba\u015flay\u0131n \"a t\u0131klay\u0131n, ancak bunu yapmadan da platformdan DOGE sat\u0131n alabilirsiniz.<\/span><\/p>\n<h3><span class=\"ez-toc-section\" id=\"3_Buy_Crypto\"><\/span><span style=\"font-weight: 400;\">3. Kripto Sat\u0131n Al\u0131n<\/span><span class=\"ez-toc-section-end\"><\/span><\/h3>\n<p><span style=\"font-weight: 400;\">Poloniex'te fiat para birimi ile belirli kripto para birimlerini sat\u0131n alabilirsiniz. Kontrol panelinizin sol \u00fcst k\u00f6\u015fesindeki \"Kripto Sat\u0131n Al\" se\u00e7ene\u011fine t\u0131klay\u0131n. Harcamak istedi\u011finiz USD miktar\u0131n\u0131 girin ve sat\u0131n almak istedi\u011finiz bir coin se\u00e7in. Bu ara\u00e7 ile a\u015fa\u011f\u0131daki gibi dijital varl\u0131klar\u0131 sat\u0131n alabilirsiniz <a href=\"https:\/\/coinkickoff.com\/tr\/bitcoin-btc\/\" data-internallinksmanager029f6b8e52c=\"1\" title=\"Bitcoin (BTC) Nedir? Fiyat, Tarih\u00e7e ve Nereden Al\u0131n\u0131r\">Bitcoin<\/a>, <a href=\"https:\/\/coinkickoff.com\/tr\/ethereum-eth\/\" data-internallinksmanager029f6b8e52c=\"2\" title=\"Ethereum (ETH) Nedir? Fiyat, Tarih\u00e7e ve Nereden Al\u0131n\u0131r\">Ethereum<\/a>, <a href=\"https:\/\/coinkickoff.com\/tr\/tether-usdt\/\" data-internallinksmanager029f6b8e52c=\"3\" title=\"Tether (USDT) Nedir? Nas\u0131l \u00c7al\u0131\u015f\u0131r ve Nereden Al\u0131n\u0131r?\">USDT<\/a>ve <a href=\"https:\/\/coinkickoff.com\/tr\/usd-coin-usdc\/\" data-internallinksmanager029f6b8e52c=\"8\" title=\"USD Coin (USDC) nedir? Nas\u0131l \u00c7al\u0131\u015f\u0131r ve Nereden Al\u0131n\u0131r?\">USDC<\/a>.\u00a0<\/span><\/p>\n<p><span style=\"font-weight: 400;\">Poloniex'in USDT\/DOGE ve USDC\/DOGE pazarlar\u0131 oldu\u011fundan, stabilcoins'den birini sat\u0131n almak iyi bir fikirdir.<\/span><\/p>\n<p><span style=\"font-weight: 400;\">Ne kadar harcamak istedi\u011finizi girdikten sonra bir \u00f6deme sa\u011flay\u0131c\u0131s\u0131 se\u00e7in. Sa\u011flay\u0131c\u0131lar \u00fclkenize ba\u011fl\u0131 olarak de\u011fi\u015fir.<\/span><\/p>\n<p><span style=\"font-weight: 400;\">Sipari\u015f ayr\u0131nt\u0131lar\u0131n\u0131z\u0131 g\u00f6zden ge\u00e7irin, h\u00fck\u00fcm ve ko\u015fullar\u0131 onaylay\u0131n ve \"G\u00f6nder \"e t\u0131klay\u0131n. Sipari\u015finizi onaylamak ve \u00f6deme sa\u011flay\u0131c\u0131s\u0131 kurallar\u0131 uyar\u0131nca kimlik do\u011frulamas\u0131n\u0131 tamamlamak i\u00e7in yeni bir siteye y\u00f6nlendirileceksiniz.<\/span><\/p>\n<p><img loading=\"lazy\" decoding=\"async\" class=\"alignnone wp-image-3399 size-full\" src=\"https:\/\/coinkickoff.com\/wp-content\/uploads\/poloniex-buy-crypto.png\" alt=\"\" width=\"1436\" height=\"793\" srcset=\"https:\/\/coinkickoff.com\/wp-content\/uploads\/poloniex-buy-crypto.png 1436w, https:\/\/coinkickoff.com\/wp-content\/uploads\/poloniex-buy-crypto-300x166.png 300w, https:\/\/coinkickoff.com\/wp-content\/uploads\/poloniex-buy-crypto-1024x565.png 1024w, https:\/\/coinkickoff.com\/wp-content\/uploads\/poloniex-buy-crypto-768x424.png 768w, https:\/\/coinkickoff.com\/wp-content\/uploads\/poloniex-buy-crypto-18x10.png 18w\" sizes=\"auto, (max-width: 1436px) 100vw, 1436px\" \/><\/p>\n<h3><span class=\"ez-toc-section\" id=\"4_Trade_USDT_for_DOGE\"><\/span><span style=\"font-weight: 400;\">4. USDT'yi DOGE ile takas edin<\/span><span class=\"ez-toc-section-end\"><\/span><\/h3>\n<p><span style=\"font-weight: 400;\">Bu ad\u0131mda, stabilcoin'nizi Dogecoin ile de\u011fi\u015ftireceksiniz. \u00dcst men\u00fcdeki Ticaret'e t\u0131klay\u0131n ve \"spot ticaret \"i se\u00e7in.<\/span><\/p>\n<p><span style=\"font-weight: 400;\">Yeni sayfada, sayfan\u0131n sol \u00fcst k\u00f6\u015fesindeki (grafi\u011fin hemen \u00fcst\u00fcnde) BTC\/USDT e\u015fle\u015ftirmesine t\u0131klay\u0131n ve DOGE'yi aray\u0131n. Bir DOGE\/kararl\u0131coin \u00e7ifti se\u00e7in. E\u011fer USDT sat\u0131n ald\u0131ysan\u0131z, USDT\/DOGE'yi se\u00e7ebilirsiniz.<\/span><\/p>\n<p><img loading=\"lazy\" decoding=\"async\" class=\"alignnone wp-image-3401 size-full\" src=\"https:\/\/coinkickoff.com\/wp-content\/uploads\/poloniex-usdt-doge-trade2.png\" alt=\"\" width=\"1438\" height=\"651\" srcset=\"https:\/\/coinkickoff.com\/wp-content\/uploads\/poloniex-usdt-doge-trade2.png 1438w, https:\/\/coinkickoff.com\/wp-content\/uploads\/poloniex-usdt-doge-trade2-300x136.png 300w, https:\/\/coinkickoff.com\/wp-content\/uploads\/poloniex-usdt-doge-trade2-1024x464.png 1024w, https:\/\/coinkickoff.com\/wp-content\/uploads\/poloniex-usdt-doge-trade2-768x348.png 768w, https:\/\/coinkickoff.com\/wp-content\/uploads\/poloniex-usdt-doge-trade2-18x8.png 18w\" sizes=\"auto, (max-width: 1438px) 100vw, 1438px\" \/><\/p>\n<p><span style=\"font-weight: 400;\">\u015eimdi tek yapman\u0131z gereken, ekran\u0131n sa\u011f taraf\u0131ndaki k\u00fc\u00e7\u00fck kutuya ne kadar DOGE sat\u0131n almak istedi\u011finizi (veya ne kadar USDT satmak istedi\u011finizi) girmektir. Sipari\u015finizi vermeye haz\u0131r oldu\u011funuzda, DOGE Sat\u0131n Al'a t\u0131klay\u0131n.<\/span><\/p>\n<p><img loading=\"lazy\" decoding=\"async\" class=\"alignnone wp-image-3400 size-full\" src=\"https:\/\/coinkickoff.com\/wp-content\/uploads\/POLONIEX-DOGE-USDT-TRADE.png\" alt=\"poloniex ti\u0307careti\u0307\" width=\"1432\" height=\"637\" srcset=\"https:\/\/coinkickoff.com\/wp-content\/uploads\/POLONIEX-DOGE-USDT-TRADE.png 1432w, https:\/\/coinkickoff.com\/wp-content\/uploads\/POLONIEX-DOGE-USDT-TRADE-300x133.png 300w, https:\/\/coinkickoff.com\/wp-content\/uploads\/POLONIEX-DOGE-USDT-TRADE-1024x456.png 1024w, https:\/\/coinkickoff.com\/wp-content\/uploads\/POLONIEX-DOGE-USDT-TRADE-768x342.png 768w, https:\/\/coinkickoff.com\/wp-content\/uploads\/POLONIEX-DOGE-USDT-TRADE-18x8.png 18w\" sizes=\"auto, (max-width: 1432px) 100vw, 1432px\" \/><br \/>\n<span style=\"font-weight: 400;\">\u0130\u015fte bu kadar, tebrikler! Art\u0131k Poloniex'te Dogecoin'yi nas\u0131l sat\u0131n alaca\u011f\u0131n\u0131z\u0131 biliyorsunuz. Daha fazlas\u0131 i\u00e7in, mutlaka g\u00f6z at\u0131n <a href=\"https:\/\/coinkickoff.com\/tr\/crypto-exchanges\/\">exchnage inceleme k\u0131lavuzlar\u0131<\/a>.<\/span><\/p>\n<p>&nbsp;<\/p>","protected":false},"excerpt":{"rendered":"<p>Poloniex'te Dogecoin Nas\u0131l Sat\u0131n Al\u0131n\u0131r DOGE'nin bir kullan\u0131m alan\u0131 olmamas\u0131na ra\u011fmen, olduk\u00e7a pop\u00fclerdir ve Poloniex de dahil olmak \u00fczere \u00e7o\u011fu kripto borsas\u0131nda bulunabilir. coin \u00e7ok ucuzdur ve hemen hemen de\u011fersizdir.  Biraz Dogecoin sat\u0131n alarak \u015fakaya kat\u0131lmak istiyor ancak nereden ba\u015flayaca\u011f\u0131n\u0131z\u0131 bilmiyorsan\u0131z, [...]<\/p>","protected":false},"author":3,"featured_media":155,"parent":3196,"menu_order":0,"comment_status":"closed","ping_status":"closed","template":"","meta":{"_genesis_hide_title":false,"_genesis_hide_breadcrumbs":false,"_genesis_hide_singular_image":false,"_genesis_hide_footer_widgets":false,"_genesis_custom_body_class":"","_genesis_custom_post_class":"","_genesis_layout":"","_glsr_average":0,"_glsr_ranking":0,"_glsr_reviews":0,"footnotes":""},"class_list":{"0":"post-3394","1":"page","2":"type-page","3":"status-publish","4":"has-post-thumbnail","6":"entry"},"featured_image_src":"https:\/\/coinkickoff.com\/wp-content\/uploads\/2022\/06\/Dogecoin-DOGE-600x400.jpg","featured_image_src_square":"https:\/\/coinkickoff.com\/wp-content\/uploads\/2022\/06\/Dogecoin-DOGE-600x600.jpg","_links":{"self":[{"href":"https:\/\/coinkickoff.com\/tr\/wp-json\/wp\/v2\/pages\/3394","targetHints":{"allow":["GET"]}}],"collection":[{"href":"https:\/\/coinkickoff.com\/tr\/wp-json\/wp\/v2\/pages"}],"about":[{"href":"https:\/\/coinkickoff.com\/tr\/wp-json\/wp\/v2\/types\/page"}],"author":[{"embeddable":true,"href":"https:\/\/coinkickoff.com\/tr\/wp-json\/wp\/v2\/users\/3"}],"replies":[{"embeddable":true,"href":"https:\/\/coinkickoff.com\/tr\/wp-json\/wp\/v2\/comments?post=3394"}],"version-history":[{"count":6,"href":"https:\/\/coinkickoff.com\/tr\/wp-json\/wp\/v2\/pages\/3394\/revisions"}],"predecessor-version":[{"id":4498,"href":"https:\/\/coinkickoff.com\/tr\/wp-json\/wp\/v2\/pages\/3394\/revisions\/4498"}],"up":[{"embeddable":true,"href":"https:\/\/coinkickoff.com\/tr\/wp-json\/wp\/v2\/pages\/3196"}],"wp:featuredmedia":[{"embeddable":true,"href":"https:\/\/coinkickoff.com\/tr\/wp-json\/wp\/v2\/media\/155"}],"wp:attachment":[{"href":"https:\/\/coinkickoff.com\/tr\/wp-json\/wp\/v2\/media?parent=3394"}],"curies":[{"name":"wp","href":"https:\/\/api.w.org\/{rel}","templated":true}]}}