{"id":3285,"date":"2026-01-08T14:07:35","date_gmt":"2026-01-08T14:07:35","guid":{"rendered":"https:\/\/coinkickoff.com\/?page_id=3285"},"modified":"2026-01-08T14:07:35","modified_gmt":"2026-01-08T14:07:35","slug":"how-to-buy-dogecoin-on-okx","status":"publish","type":"page","link":"https:\/\/coinkickoff.com\/tr\/how-to-buy-dogecoin\/how-to-buy-dogecoin-on-okx\/","title":{"rendered":"OKX'te Dogecoin (DOGE) Nas\u0131l Sat\u0131n Al\u0131n\u0131r"},"content":{"rendered":"<div id=\"ez-toc-container\" class=\"ez-toc-v2_0_80 counter-hierarchy ez-toc-counter ez-toc-transparent ez-toc-container-direction\">\n<div class=\"ez-toc-title-container\">\n<p class=\"ez-toc-title\" style=\"cursor:inherit\">B\u00f6l\u00fcmler<\/p>\n<span class=\"ez-toc-title-toggle\"><a href=\"#\" class=\"ez-toc-pull-right ez-toc-btn ez-toc-btn-xs ez-toc-btn-default ez-toc-toggle\" aria-label=\"\u0130\u00e7indekiler Tablosunu A\u00e7\/Kapat\"><span class=\"ez-toc-js-icon-con\"><span class=\"\"><span class=\"eztoc-hide\" style=\"display:none;\">Ge\u00e7i\u015f<\/span><span class=\"ez-toc-icon-toggle-span\"><svg style=\"fill: #999;color:#999\" xmlns=\"http:\/\/www.w3.org\/2000\/svg\" class=\"list-377408\" width=\"20px\" height=\"20px\" viewbox=\"0 0 24 24\" fill=\"none\"><path d=\"M6 6H4v2h2V6zm14 0H8v2h12V6zM4 11h2v2H4v-2zm16 0H8v2h12v-2zM4 16h2v2H4v-2zm16 0H8v2h12v-2z\" fill=\"currentColor\"><\/path><\/svg><svg style=\"fill: #999;color:#999\" class=\"arrow-unsorted-368013\" xmlns=\"http:\/\/www.w3.org\/2000\/svg\" width=\"10px\" height=\"10px\" viewbox=\"0 0 24 24\" version=\"1.2\" baseprofile=\"tiny\"><path d=\"M18.2 9.3l-6.2-6.3-6.2 6.3c-.2.2-.3.4-.3.7s.1.5.3.7c.2.2.4.3.7.3h11c.3 0 .5-.1.7-.3.2-.2.3-.5.3-.7s-.1-.5-.3-.7zM5.8 14.7l6.2 6.3 6.2-6.3c.2-.2.3-.5.3-.7s-.1-.5-.3-.7c-.2-.2-.4-.3-.7-.3h-11c-.3 0-.5.1-.7.3-.2.2-.3.5-.3.7s.1.5.3.7z\"\/><\/svg><\/span><\/span><\/span><\/a><\/span><\/div>\n<nav><ul class='ez-toc-list ez-toc-list-level-1 eztoc-toggle-hide-by-default' ><li class='ez-toc-page-1 ez-toc-heading-level-2'><a class=\"ez-toc-link ez-toc-heading-1\" href=\"https:\/\/coinkickoff.com\/tr\/how-to-buy-dogecoin\/how-to-buy-dogecoin-on-okx\/#How_to_Buy_Dogecoin_on_OKX\" >OKX'te Dogecoin Nas\u0131l Sat\u0131n Al\u0131n\u0131r<\/a><\/li><li class='ez-toc-page-1 ez-toc-heading-level-2'><a class=\"ez-toc-link ez-toc-heading-2\" href=\"https:\/\/coinkickoff.com\/tr\/how-to-buy-dogecoin\/how-to-buy-dogecoin-on-okx\/#A_Step-By-Step_Guide_on_How_to_Buy_Dogecoin_on_OKX\" >OKX \u00dczerinden Dogecoin Nas\u0131l Sat\u0131n Al\u0131n\u0131r Ad\u0131m Ad\u0131m K\u0131lavuz<\/a><ul class='ez-toc-list-level-3' ><li class='ez-toc-heading-level-3'><a class=\"ez-toc-link ez-toc-heading-3\" href=\"https:\/\/coinkickoff.com\/tr\/how-to-buy-dogecoin\/how-to-buy-dogecoin-on-okx\/#1_Register_an_Account\" >1. Bir Hesap A\u00e7\u0131n<\/a><\/li><li class='ez-toc-page-1 ez-toc-heading-level-3'><a class=\"ez-toc-link ez-toc-heading-4\" href=\"https:\/\/coinkickoff.com\/tr\/how-to-buy-dogecoin\/how-to-buy-dogecoin-on-okx\/#2_Verify_Your_Account\" >2. Hesab\u0131n\u0131z\u0131 Do\u011frulay\u0131n<\/a><\/li><li class='ez-toc-page-1 ez-toc-heading-level-3'><a class=\"ez-toc-link ez-toc-heading-5\" href=\"https:\/\/coinkickoff.com\/tr\/how-to-buy-dogecoin\/how-to-buy-dogecoin-on-okx\/#3_Deposit_FundsCrypto\" >3. Mevduat Fonlar\u0131\/Kripto<\/a><\/li><li class='ez-toc-page-1 ez-toc-heading-level-3'><a class=\"ez-toc-link ez-toc-heading-6\" href=\"https:\/\/coinkickoff.com\/tr\/how-to-buy-dogecoin\/how-to-buy-dogecoin-on-okx\/#4_Navigate_to_the_Relevant_Screen_to_Buy\" >4. Sat\u0131n Almak i\u00e7in \u0130lgili Ekrana Gidin<\/a><\/li><\/ul><\/li><\/ul><\/nav><\/div>\n<h2><span class=\"ez-toc-section\" id=\"How_to_Buy_Dogecoin_on_OKX\"><\/span><span style=\"font-weight: 400;\">OKX'te Dogecoin Nas\u0131l Sat\u0131n Al\u0131n\u0131r<\/span><span class=\"ez-toc-section-end\"><\/span><\/h2>\n<p><span style=\"font-weight: 400;\">Esas olarak coin'nin \u015fakas\u0131 olarak tasarlanan DOGE'nin net bir kullan\u0131m alan\u0131 veya fazla de\u011feri yoktur. Ne zaman <a href=\"https:\/\/coinkickoff.com\/tr\/dogecoin-doge\/\" data-internallinksmanager029f6b8e52c=\"14\" title=\"Dogecoin (DOGE) Nedir? Nas\u0131l \u00c7al\u0131\u015f\u0131r ve Nereden Al\u0131n\u0131r?\">Dogecoin<\/a> 2013'te piyasaya s\u00fcr\u00fcld\u00fc\u011f\u00fcnde, kimse bu meme tabanl\u0131 coin'nin fazla ilgi \u00e7ekmesini beklemiyordu. Ancak 2021'de, kripto \u00e7\u0131lg\u0131nl\u0131\u011f\u0131n\u0131n zirvesinde, DOGE 15 dakikal\u0131k internet \u015f\u00f6hretinin tad\u0131n\u0131 iyice \u00e7\u0131kard\u0131 ve hala en \u00fcnl\u00fc dijital varl\u0131klardan biri olmaya devam ediyor <a href=\"https:\/\/www.coindesk.com\/markets\/2023\/04\/06\/dogecoin-drops-after-elon-musks-twitter-stops-using-its-logo\/\" target=\"_blank\" rel=\"noopener\">sosyal medya sayesinde<\/a>.<\/span><\/p>\n<p><span style=\"font-weight: 400;\">E\u011fer Dogecoin sat\u0131n alarak bu \u015fakaya dahil olmak istiyor ancak nereden ba\u015flayaca\u011f\u0131n\u0131z\u0131 bilmiyorsan\u0131z, endi\u015felenmeyin. Bu makalede, Dogecoin'yi internetten nas\u0131l sat\u0131n alaca\u011f\u0131n\u0131z\u0131 a\u00e7\u0131klayaca\u011f\u0131z. <a href=\"https:\/\/www.okx.com\/join\/65358827\" target=\"_blank\" rel=\"noopener\">OKX borsas\u0131<\/a> Ad\u0131m ad\u0131m. \u0130\u015fte ba\u015fl\u0131yoruz.<\/span><\/p>\n<h2><span class=\"ez-toc-section\" id=\"A_Step-By-Step_Guide_on_How_to_Buy_Dogecoin_on_OKX\"><\/span><span style=\"font-weight: 400;\">OKX \u00dczerinden Dogecoin Nas\u0131l Sat\u0131n Al\u0131n\u0131r Ad\u0131m Ad\u0131m K\u0131lavuz<\/span><span class=\"ez-toc-section-end\"><\/span><\/h2>\n<h3><span class=\"ez-toc-section\" id=\"1_Register_an_Account\"><\/span><span style=\"font-weight: 400;\">1. Bir Hesap A\u00e7\u0131n<\/span><span class=\"ez-toc-section-end\"><\/span><\/h3>\n<p><span style=\"font-weight: 400;\">\u0130lk olarak, \u015fu adrese gidin <a href=\"https:\/\/coinkickoff.com\/tr\/okx-review\/\" data-internallinksmanager029f6b8e52c=\"150\" title=\"OKX Yorumlar\u0131 2023: \u00dccretler, \u00d6zellikler, G\u00fcvenlik, Art\u0131lar ve Eksiler\">OKX<\/a>'in resmi web sitesine gidin ve bir hesap olu\u015fturmak i\u00e7in \"Kaydol\" se\u00e7ene\u011fine t\u0131klay\u0131n.\u00a0<\/span><\/p>\n<p><img loading=\"lazy\" decoding=\"async\" class=\"alignnone wp-image-3286 size-full\" src=\"https:\/\/coinkickoff.com\/wp-content\/uploads\/okx-sign-up.png\" alt=\"dogecoin okx \u00fczerinden nas\u0131l sat\u0131n al\u0131n\u0131r kaydolun\" width=\"1410\" height=\"721\" srcset=\"https:\/\/coinkickoff.com\/wp-content\/uploads\/okx-sign-up.png 1410w, https:\/\/coinkickoff.com\/wp-content\/uploads\/okx-sign-up-300x153.png 300w, https:\/\/coinkickoff.com\/wp-content\/uploads\/okx-sign-up-1024x524.png 1024w, https:\/\/coinkickoff.com\/wp-content\/uploads\/okx-sign-up-768x393.png 768w, https:\/\/coinkickoff.com\/wp-content\/uploads\/okx-sign-up-18x9.png 18w\" sizes=\"auto, (max-width: 1410px) 100vw, 1410px\" \/><\/p>\n<p><span style=\"font-weight: 400;\">Bir OKX hesab\u0131 a\u00e7mak sadece bir dakika s\u00fcrer: Bir e-posta adresi veya telefon numaras\u0131 ile kaydolabilirsiniz. Ayr\u0131ca Google veya Telegram hesab\u0131n\u0131zla da kaydolabilirsiniz.\u00a0\u00a0<\/span><\/p>\n<h3><span class=\"ez-toc-section\" id=\"2_Verify_Your_Account\"><\/span><span style=\"font-weight: 400;\">2. Hesab\u0131n\u0131z\u0131 Do\u011frulay\u0131n<\/span><span class=\"ez-toc-section-end\"><\/span><\/h3>\n<p><span style=\"font-weight: 400;\">OKX'te kripto ticareti yapmak i\u00e7in kimli\u011finizi do\u011frulaman\u0131z gerekmez. Dijital varl\u0131klar\u0131n\u0131z\u0131 OKX hesab\u0131n\u0131za g\u00f6nderebilir ve hemen platformda i\u015flem yapmaya ba\u015flayabilirsiniz.<\/span><\/p>\n<p><span style=\"font-weight: 400;\">Ancak, platformda fiat para birimi ile kripto sat\u0131n almak istiyorsan\u0131z, kimlik do\u011frulamas\u0131n\u0131 tamamlaman\u0131z gerekir. Sa\u011f \u00fcst k\u00f6\u015fedeki profil i\u015faretine t\u0131klay\u0131n ve \"Genel Bak\u0131\u015f \"\u0131 se\u00e7in.\u00a0<\/span><\/p>\n<p><img loading=\"lazy\" decoding=\"async\" class=\"alignnone wp-image-3287 size-full\" src=\"https:\/\/coinkickoff.com\/wp-content\/uploads\/okx-verif.png\" alt=\"\" width=\"1417\" height=\"694\" srcset=\"https:\/\/coinkickoff.com\/wp-content\/uploads\/okx-verif.png 1417w, https:\/\/coinkickoff.com\/wp-content\/uploads\/okx-verif-300x147.png 300w, https:\/\/coinkickoff.com\/wp-content\/uploads\/okx-verif-1024x502.png 1024w, https:\/\/coinkickoff.com\/wp-content\/uploads\/okx-verif-768x376.png 768w, https:\/\/coinkickoff.com\/wp-content\/uploads\/okx-verif-18x9.png 18w\" sizes=\"auto, (max-width: 1417px) 100vw, 1417px\" \/><\/p>\n<p><span style=\"font-weight: 400;\">\u0130\u015flemi ba\u015flatmak i\u00e7in do\u011frulama sekmesini se\u00e7in.<\/span><\/p>\n<p><img loading=\"lazy\" decoding=\"async\" class=\"alignnone wp-image-3288 size-full\" src=\"https:\/\/coinkickoff.com\/wp-content\/uploads\/okx-ver2.png\" alt=\"\" width=\"1426\" height=\"486\" srcset=\"https:\/\/coinkickoff.com\/wp-content\/uploads\/okx-ver2.png 1426w, https:\/\/coinkickoff.com\/wp-content\/uploads\/okx-ver2-300x102.png 300w, https:\/\/coinkickoff.com\/wp-content\/uploads\/okx-ver2-1024x349.png 1024w, https:\/\/coinkickoff.com\/wp-content\/uploads\/okx-ver2-768x262.png 768w, https:\/\/coinkickoff.com\/wp-content\/uploads\/okx-ver2-18x6.png 18w\" sizes=\"auto, (max-width: 1426px) 100vw, 1426px\" \/><\/p>\n<p><span style=\"font-weight: 400;\">Bireysel hesab\u0131 se\u00e7in ve \"Devam \"a t\u0131klay\u0131n.<\/span><\/p>\n<p><img loading=\"lazy\" decoding=\"async\" class=\"alignnone wp-image-3289 size-full\" src=\"https:\/\/coinkickoff.com\/wp-content\/uploads\/okx-ver3.png\" alt=\"\" width=\"1427\" height=\"666\" srcset=\"https:\/\/coinkickoff.com\/wp-content\/uploads\/okx-ver3.png 1427w, https:\/\/coinkickoff.com\/wp-content\/uploads\/okx-ver3-300x140.png 300w, https:\/\/coinkickoff.com\/wp-content\/uploads\/okx-ver3-1024x478.png 1024w, https:\/\/coinkickoff.com\/wp-content\/uploads\/okx-ver3-768x358.png 768w, https:\/\/coinkickoff.com\/wp-content\/uploads\/okx-ver3-18x8.png 18w\" sizes=\"auto, (max-width: 1427px) 100vw, 1427px\" \/><\/p>\n<p><span style=\"font-weight: 400;\">OKX muhtemelen \u015fimdiye kadarki en kolay kimlik do\u011frulama s\u00fcrecine sahiptir, \u00e7\u00fcnk\u00fc platform foto\u011frafl\u0131 bir kimlik bile istemez. Sadece ad\u0131n\u0131z\u0131 yaz\u0131n, kimlik t\u00fcr\u00fcn\u00fcz\u00fc se\u00e7in ve kimlik numaran\u0131z\u0131 girin. \"G\u00f6nder \"e t\u0131klay\u0131n ve i\u015flem tamam.<\/span><\/p>\n<h3><span class=\"ez-toc-section\" id=\"3_Deposit_FundsCrypto\"><\/span><span style=\"font-weight: 400;\">3. Mevduat Fonlar\u0131\/Kripto<\/span><span class=\"ez-toc-section-end\"><\/span><\/h3>\n<p><span style=\"font-weight: 400;\">Kimlik do\u011frulama i\u015flemini tamamlad\u0131ktan sonra hesab\u0131n\u0131za itibari para yat\u0131rabilir veya kredi kart\u0131 ya da alternatif bir \u00f6deme y\u00f6ntemiyle DOGE sat\u0131n alabilirsiniz.\u00a0<\/span><\/p>\n<p><span style=\"font-weight: 400;\">Profil logonuza t\u0131klay\u0131n ve para yat\u0131rma ve sat\u0131n alma se\u00e7eneklerini se\u00e7mek i\u00e7in \"Genel Bak\u0131\u015f \"\u0131 se\u00e7in. Para yat\u0131rmak istiyorsan\u0131z \"Para Yat\u0131r\" se\u00e7ene\u011fine t\u0131klay\u0131n.<\/span><\/p>\n<p><img loading=\"lazy\" decoding=\"async\" class=\"alignnone wp-image-3290 size-full\" src=\"https:\/\/coinkickoff.com\/wp-content\/uploads\/okx-verif-1.png\" alt=\"\" width=\"1417\" height=\"694\" srcset=\"https:\/\/coinkickoff.com\/wp-content\/uploads\/okx-verif-1.png 1417w, https:\/\/coinkickoff.com\/wp-content\/uploads\/okx-verif-1-300x147.png 300w, https:\/\/coinkickoff.com\/wp-content\/uploads\/okx-verif-1-1024x502.png 1024w, https:\/\/coinkickoff.com\/wp-content\/uploads\/okx-verif-1-768x376.png 768w, https:\/\/coinkickoff.com\/wp-content\/uploads\/okx-verif-1-18x9.png 18w\" sizes=\"auto, (max-width: 1417px) 100vw, 1417px\" \/><\/p>\n<h3><span class=\"ez-toc-section\" id=\"4_Navigate_to_the_Relevant_Screen_to_Buy\"><\/span><span style=\"font-weight: 400;\">4. Sat\u0131n Almak i\u00e7in \u0130lgili Ekrana Gidin<\/span><span class=\"ez-toc-section-end\"><\/span><\/h3>\n<p><span style=\"font-weight: 400;\">Genel bak\u0131\u015f sayfas\u0131nda \"Kartla Sat\u0131n Al\" se\u00e7ene\u011fini se\u00e7in. Bu sizi kolay al\u0131m\/sat\u0131m sayfas\u0131na g\u00f6t\u00fcrecektir.<\/span><\/p>\n<p><img loading=\"lazy\" decoding=\"async\" class=\"alignnone wp-image-3291 size-full\" src=\"https:\/\/coinkickoff.com\/wp-content\/uploads\/Screen-Shot-2023-03-24-at-5.59.53-AM-e1686184973371.png\" alt=\"\" width=\"1428\" height=\"802\" srcset=\"https:\/\/coinkickoff.com\/wp-content\/uploads\/Screen-Shot-2023-03-24-at-5.59.53-AM-e1686184973371.png 1428w, https:\/\/coinkickoff.com\/wp-content\/uploads\/Screen-Shot-2023-03-24-at-5.59.53-AM-e1686184973371-300x168.png 300w, https:\/\/coinkickoff.com\/wp-content\/uploads\/Screen-Shot-2023-03-24-at-5.59.53-AM-e1686184973371-1024x575.png 1024w, https:\/\/coinkickoff.com\/wp-content\/uploads\/Screen-Shot-2023-03-24-at-5.59.53-AM-e1686184973371-768x431.png 768w, https:\/\/coinkickoff.com\/wp-content\/uploads\/Screen-Shot-2023-03-24-at-5.59.53-AM-e1686184973371-18x10.png 18w, https:\/\/coinkickoff.com\/wp-content\/uploads\/Screen-Shot-2023-03-24-at-5.59.53-AM-e1686184973371-600x338.png 600w\" sizes=\"auto, (max-width: 1428px) 100vw, 1428px\" \/><\/p>\n<p><span style=\"font-weight: 400;\">Sat\u0131n alma i\u015fleminiz i\u00e7in ne kadar harcamak istedi\u011finizi girin ve sat\u0131n almak istedi\u011finiz kripto para birimini se\u00e7in (DOGE). \"Doge Sat\u0131n Al \"a t\u0131klay\u0131n.<\/span><\/p>\n<p><img loading=\"lazy\" decoding=\"async\" class=\"alignnone wp-image-3292 size-full\" src=\"https:\/\/coinkickoff.com\/wp-content\/uploads\/buydogeend.png\" alt=\"\" width=\"1432\" height=\"798\" srcset=\"https:\/\/coinkickoff.com\/wp-content\/uploads\/buydogeend.png 1432w, https:\/\/coinkickoff.com\/wp-content\/uploads\/buydogeend-300x167.png 300w, https:\/\/coinkickoff.com\/wp-content\/uploads\/buydogeend-1024x571.png 1024w, https:\/\/coinkickoff.com\/wp-content\/uploads\/buydogeend-768x428.png 768w, https:\/\/coinkickoff.com\/wp-content\/uploads\/buydogeend-18x10.png 18w\" sizes=\"auto, (max-width: 1432px) 100vw, 1432px\" \/><\/p>\n<p><span style=\"font-weight: 400;\">Bir sonraki sayfada, y\u00f6nteminizi se\u00e7ecek ve i\u015flemi tamamlad\u0131\u011f\u0131n\u0131zda ne kadar DOGE alaca\u011f\u0131n\u0131z da dahil olmak \u00fczere sat\u0131n alma i\u015fleminizin bir \u00f6zetini g\u00f6receksiniz.<\/span><\/p>\n<p><span style=\"font-weight: 400;\">\u00d6deme y\u00f6ntemleri, harcamak istedi\u011finiz fiat para birimine g\u00f6re de\u011fi\u015fir. G\u00f6rd\u00fc\u011f\u00fcn\u00fcz gibi, Payoneer, Revolut, AirTM ve daha fazlas\u0131 dahil olmak \u00fczere se\u00e7ebilece\u011finiz birka\u00e7 se\u00e7enek var. Simplex ve Banxa gibi \u00fc\u00e7\u00fcnc\u00fc taraf sa\u011flay\u0131c\u0131lar\u0131 da se\u00e7ebilirsiniz.<\/span><\/p>\n<p><span style=\"font-weight: 400;\">Sat\u0131n alma i\u015fleminizi tamamlamak i\u00e7in \"Do\u011frula \"ya t\u0131klay\u0131n. Tebrikler!<\/span><\/p>\n<p><span style=\"font-weight: 400;\">Daha fazla bilgi i\u00e7in \u015fu makalelerimize g\u00f6z at\u0131n <a href=\"https:\/\/coinkickoff.com\/tr\/dogecoin-doge\/\">Dogecoin<\/a> ve <a href=\"https:\/\/coinkickoff.com\/tr\/?s=okx+review\">OKX borsas\u0131<\/a>.<\/span><\/p>","protected":false},"excerpt":{"rendered":"<p>OKX'te Dogecoin Nas\u0131l Sat\u0131n Al\u0131n\u0131r Esas olarak bir \u015faka coin olarak tasarlanan DOGE'nin net bir kullan\u0131m durumu veya \u00e7ok fazla de\u011feri yoktur. Dogecoin 2013 y\u0131l\u0131nda piyasaya s\u00fcr\u00fcld\u00fc\u011f\u00fcnde, kimse bu meme tabanl\u0131 coin'nin \u00e7ok fazla ilgi g\u00f6rmesini beklemiyordu. Ancak 2021'de, kripto \u00e7\u0131lg\u0131nl\u0131\u011f\u0131n\u0131n zirvesinde, DOGE 15 dakikal\u0131k internet \u015f\u00f6hretinin tad\u0131n\u0131 iyice \u00e7\u0131kard\u0131 ve [...]<\/p>","protected":false},"author":3,"featured_media":3291,"parent":3196,"menu_order":0,"comment_status":"closed","ping_status":"closed","template":"","meta":{"_genesis_hide_title":false,"_genesis_hide_breadcrumbs":false,"_genesis_hide_singular_image":false,"_genesis_hide_footer_widgets":false,"_genesis_custom_body_class":"","_genesis_custom_post_class":"","_genesis_layout":"","_glsr_average":0,"_glsr_ranking":0,"_glsr_reviews":0,"footnotes":""},"class_list":{"0":"post-3285","1":"page","2":"type-page","3":"status-publish","4":"has-post-thumbnail","6":"entry"},"featured_image_src":"https:\/\/coinkickoff.com\/wp-content\/uploads\/Screen-Shot-2023-03-24-at-5.59.53-AM-e1686184973371-600x400.png","featured_image_src_square":"https:\/\/coinkickoff.com\/wp-content\/uploads\/Screen-Shot-2023-03-24-at-5.59.53-AM-e1686184973371-600x600.png","_links":{"self":[{"href":"https:\/\/coinkickoff.com\/tr\/wp-json\/wp\/v2\/pages\/3285","targetHints":{"allow":["GET"]}}],"collection":[{"href":"https:\/\/coinkickoff.com\/tr\/wp-json\/wp\/v2\/pages"}],"about":[{"href":"https:\/\/coinkickoff.com\/tr\/wp-json\/wp\/v2\/types\/page"}],"author":[{"embeddable":true,"href":"https:\/\/coinkickoff.com\/tr\/wp-json\/wp\/v2\/users\/3"}],"replies":[{"embeddable":true,"href":"https:\/\/coinkickoff.com\/tr\/wp-json\/wp\/v2\/comments?post=3285"}],"version-history":[{"count":4,"href":"https:\/\/coinkickoff.com\/tr\/wp-json\/wp\/v2\/pages\/3285\/revisions"}],"predecessor-version":[{"id":4497,"href":"https:\/\/coinkickoff.com\/tr\/wp-json\/wp\/v2\/pages\/3285\/revisions\/4497"}],"up":[{"embeddable":true,"href":"https:\/\/coinkickoff.com\/tr\/wp-json\/wp\/v2\/pages\/3196"}],"wp:featuredmedia":[{"embeddable":true,"href":"https:\/\/coinkickoff.com\/tr\/wp-json\/wp\/v2\/media\/3291"}],"wp:attachment":[{"href":"https:\/\/coinkickoff.com\/tr\/wp-json\/wp\/v2\/media?parent=3285"}],"curies":[{"name":"wp","href":"https:\/\/api.w.org\/{rel}","templated":true}]}}