{"id":3268,"date":"2026-01-08T14:07:33","date_gmt":"2026-01-08T14:07:33","guid":{"rendered":"https:\/\/coinkickoff.com\/?page_id=3268"},"modified":"2026-01-08T14:07:33","modified_gmt":"2026-01-08T14:07:33","slug":"how-to-buy-dogecoin-on-kucoin","status":"publish","type":"page","link":"https:\/\/coinkickoff.com\/tr\/how-to-buy-dogecoin\/how-to-buy-dogecoin-on-kucoin\/","title":{"rendered":"Kucoin'de Dogecoin (DOGE) Nas\u0131l Sat\u0131n Al\u0131n\u0131r"},"content":{"rendered":"<div id=\"ez-toc-container\" class=\"ez-toc-v2_0_80 counter-hierarchy ez-toc-counter ez-toc-transparent ez-toc-container-direction\">\n<div class=\"ez-toc-title-container\">\n<p class=\"ez-toc-title\" style=\"cursor:inherit\">B\u00f6l\u00fcmler<\/p>\n<span class=\"ez-toc-title-toggle\"><a href=\"#\" class=\"ez-toc-pull-right ez-toc-btn ez-toc-btn-xs ez-toc-btn-default ez-toc-toggle\" aria-label=\"\u0130\u00e7indekiler Tablosunu A\u00e7\/Kapat\"><span class=\"ez-toc-js-icon-con\"><span class=\"\"><span class=\"eztoc-hide\" style=\"display:none;\">Ge\u00e7i\u015f<\/span><span class=\"ez-toc-icon-toggle-span\"><svg style=\"fill: #999;color:#999\" xmlns=\"http:\/\/www.w3.org\/2000\/svg\" class=\"list-377408\" width=\"20px\" height=\"20px\" viewbox=\"0 0 24 24\" fill=\"none\"><path d=\"M6 6H4v2h2V6zm14 0H8v2h12V6zM4 11h2v2H4v-2zm16 0H8v2h12v-2zM4 16h2v2H4v-2zm16 0H8v2h12v-2z\" fill=\"currentColor\"><\/path><\/svg><svg style=\"fill: #999;color:#999\" class=\"arrow-unsorted-368013\" xmlns=\"http:\/\/www.w3.org\/2000\/svg\" width=\"10px\" height=\"10px\" viewbox=\"0 0 24 24\" version=\"1.2\" baseprofile=\"tiny\"><path d=\"M18.2 9.3l-6.2-6.3-6.2 6.3c-.2.2-.3.4-.3.7s.1.5.3.7c.2.2.4.3.7.3h11c.3 0 .5-.1.7-.3.2-.2.3-.5.3-.7s-.1-.5-.3-.7zM5.8 14.7l6.2 6.3 6.2-6.3c.2-.2.3-.5.3-.7s-.1-.5-.3-.7c-.2-.2-.4-.3-.7-.3h-11c-.3 0-.5.1-.7.3-.2.2-.3.5-.3.7s.1.5.3.7z\"\/><\/svg><\/span><\/span><\/span><\/a><\/span><\/div>\n<nav><ul class='ez-toc-list ez-toc-list-level-1 eztoc-toggle-hide-by-default' ><li class='ez-toc-page-1 ez-toc-heading-level-2'><a class=\"ez-toc-link ez-toc-heading-1\" href=\"https:\/\/coinkickoff.com\/tr\/how-to-buy-dogecoin\/how-to-buy-dogecoin-on-kucoin\/#How_to_Buy_Dogecoin_on_Kucoin\" >Kucoin'de Dogecoin Nas\u0131l Sat\u0131n Al\u0131n\u0131r<\/a><\/li><li class='ez-toc-page-1 ez-toc-heading-level-2'><a class=\"ez-toc-link ez-toc-heading-2\" href=\"https:\/\/coinkickoff.com\/tr\/how-to-buy-dogecoin\/how-to-buy-dogecoin-on-kucoin\/#A_Step-By-Step_Guide_on_How_to_Buy_Dogecoin_on_Kucoin\" >Kucoin \u00fczerinden Dogecoin Nas\u0131l Sat\u0131n Al\u0131n\u0131r Ad\u0131m Ad\u0131m K\u0131lavuz<\/a><ul class='ez-toc-list-level-3' ><li class='ez-toc-heading-level-3'><a class=\"ez-toc-link ez-toc-heading-3\" href=\"https:\/\/coinkickoff.com\/tr\/how-to-buy-dogecoin\/how-to-buy-dogecoin-on-kucoin\/#1_Register_an_Account\" >1. Bir Hesap A\u00e7\u0131n<\/a><\/li><li class='ez-toc-page-1 ez-toc-heading-level-3'><a class=\"ez-toc-link ez-toc-heading-4\" href=\"https:\/\/coinkickoff.com\/tr\/how-to-buy-dogecoin\/how-to-buy-dogecoin-on-kucoin\/#2_Verify_Your_Account\" >2. Hesab\u0131n\u0131z\u0131 Do\u011frulay\u0131n<\/a><\/li><li class='ez-toc-page-1 ez-toc-heading-level-3'><a class=\"ez-toc-link ez-toc-heading-5\" href=\"https:\/\/coinkickoff.com\/tr\/how-to-buy-dogecoin\/how-to-buy-dogecoin-on-kucoin\/#3_Deposit_FundsCrypto\" >3. Mevduat Fonlar\u0131\/Kripto<\/a><\/li><li class='ez-toc-page-1 ez-toc-heading-level-3'><a class=\"ez-toc-link ez-toc-heading-6\" href=\"https:\/\/coinkickoff.com\/tr\/how-to-buy-dogecoin\/how-to-buy-dogecoin-on-kucoin\/#4_Navigate_to_the_Relevant_Screen_to_Buy\" >4. Sat\u0131n Almak i\u00e7in \u0130lgili Ekrana Gidin<\/a><ul class='ez-toc-list-level-4' ><li class='ez-toc-heading-level-4'><a class=\"ez-toc-link ez-toc-heading-7\" href=\"https:\/\/coinkickoff.com\/tr\/how-to-buy-dogecoin\/how-to-buy-dogecoin-on-kucoin\/#Fast_TradeOne-click_Buy\" >H\u0131zl\u0131 Ticaret\/Tek T\u0131kla Sat\u0131n Al<\/a><\/li><li class='ez-toc-page-1 ez-toc-heading-level-4'><a class=\"ez-toc-link ez-toc-heading-8\" href=\"https:\/\/coinkickoff.com\/tr\/how-to-buy-dogecoin\/how-to-buy-dogecoin-on-kucoin\/#Third-Party\" >\u00dc\u00e7\u00fcnc\u00fc Taraf<\/a><\/li><li class='ez-toc-page-1 ez-toc-heading-level-4'><a class=\"ez-toc-link ez-toc-heading-9\" href=\"https:\/\/coinkickoff.com\/tr\/how-to-buy-dogecoin\/how-to-buy-dogecoin-on-kucoin\/#P2P_Market\" >P2P Pazar\u0131<\/a><\/li><\/ul><\/li><\/ul><\/li><\/ul><\/nav><\/div>\n<h2><span class=\"ez-toc-section\" id=\"How_to_Buy_Dogecoin_on_Kucoin\"><\/span>Kucoin'de Dogecoin Nas\u0131l Sat\u0131n Al\u0131n\u0131r<span class=\"ez-toc-section-end\"><\/span><\/h2>\n<p><a href=\"https:\/\/coinkickoff.com\/tr\/dogecoin-doge\/\"><span style=\"font-weight: 400;\">Dogecoin<\/span><\/a><span style=\"font-weight: 400;\"> dahil olmak \u00fczere bir\u00e7ok borsadan sat\u0131n alabilece\u011finiz \u00fcnl\u00fc bir meme coin'dir. <\/span><a href=\"https:\/\/coinkickoff.com\/tr\/kucoin-review\/\"><span style=\"font-weight: 400;\">Kucoin<\/span><\/a><span style=\"font-weight: 400;\">. <a href=\"https:\/\/coinkickoff.com\/tr\/dogecoin-doge\/\" data-internallinksmanager029f6b8e52c=\"14\" title=\"Dogecoin (DOGE) Nedir? Nas\u0131l \u00c7al\u0131\u015f\u0131r ve Nereden Al\u0131n\u0131r?\">DOGE<\/a> olduk\u00e7a ucuz ve ticareti kolayd\u0131r.<\/span><\/p>\n<p><span style=\"font-weight: 400;\">E\u011fer Dogecoin sat\u0131n almak istiyorsan\u0131z <a href=\"https:\/\/coinkickoff.com\/tr\/kucoin-review\/\" data-internallinksmanager029f6b8e52c=\"153\" title=\"KuCoin \u0130ncelemeleri 2023: \u00dccretler, G\u00fcvenlik, Art\u0131lar\u0131 ve Eksileri\">Kucoin<\/a> al\u0131\u015fveri\u015fi yapmak istiyor ama nereden ba\u015flayaca\u011f\u0131n\u0131z\u0131 bilmiyorsan\u0131z, sizi teminat alt\u0131na ald\u0131k. \u0130\u015fte Kucoin \u00fczerinden Dogecoin sat\u0131n alman\u0131n ad\u0131m ad\u0131m d\u00f6k\u00fcm\u00fc.<\/span><\/p>\n<h2><span class=\"ez-toc-section\" id=\"A_Step-By-Step_Guide_on_How_to_Buy_Dogecoin_on_Kucoin\"><\/span><span style=\"font-weight: 400;\">Kucoin \u00fczerinden Dogecoin Nas\u0131l Sat\u0131n Al\u0131n\u0131r Ad\u0131m Ad\u0131m K\u0131lavuz<\/span><span class=\"ez-toc-section-end\"><\/span><\/h2>\n<h3><span class=\"ez-toc-section\" id=\"1_Register_an_Account\"><\/span><span style=\"font-weight: 400;\">1. Bir Hesap A\u00e7\u0131n<\/span><span class=\"ez-toc-section-end\"><\/span><\/h3>\n<p><span style=\"font-weight: 400;\">\u0130lk olarak, ziyaret edin <\/span><a href=\"https:\/\/www.kucoin.com\/r\/af\/rMJPV3B\" target=\"_blank\" rel=\"noopener\"><span style=\"font-weight: 400;\">Kucoin'nin resmi web sitesi<\/span><\/a><span style=\"font-weight: 400;\"> bir hesap a\u00e7mak i\u00e7in.\u00a0<\/span><\/p>\n<p><img loading=\"lazy\" decoding=\"async\" class=\"alignnone wp-image-3269 size-full\" src=\"https:\/\/coinkickoff.com\/wp-content\/uploads\/kucoin-register.png\" alt=\"kucoin kayd\u0131yla doge sat\u0131n al\u0131n\" width=\"1421\" height=\"788\" srcset=\"https:\/\/coinkickoff.com\/wp-content\/uploads\/kucoin-register.png 1421w, https:\/\/coinkickoff.com\/wp-content\/uploads\/kucoin-register-300x166.png 300w, https:\/\/coinkickoff.com\/wp-content\/uploads\/kucoin-register-1024x568.png 1024w, https:\/\/coinkickoff.com\/wp-content\/uploads\/kucoin-register-768x426.png 768w, https:\/\/coinkickoff.com\/wp-content\/uploads\/kucoin-register-18x10.png 18w\" sizes=\"auto, (max-width: 1421px) 100vw, 1421px\" \/><\/p>\n<p><span style=\"font-weight: 400;\">Bir Kucoin hesab\u0131 a\u00e7mak \u00e7ok kolayd\u0131r: E-posta adresiniz veya telefon numaran\u0131zla kaydolabilirsiniz. Kucoin, yeni hesab\u0131n\u0131za giri\u015f yapman\u0131z i\u00e7in size bir do\u011frulama kodu g\u00f6nderecektir.<\/span><\/p>\n<h3><span class=\"ez-toc-section\" id=\"2_Verify_Your_Account\"><\/span><span style=\"font-weight: 400;\">2. Hesab\u0131n\u0131z\u0131 Do\u011frulay\u0131n<\/span><span class=\"ez-toc-section-end\"><\/span><\/h3>\n<p><span style=\"font-weight: 400;\">Hesab\u0131n\u0131z\u0131 do\u011frulamak i\u00e7in kullan\u0131c\u0131 profilinize gidin (sa\u011f \u00fcst k\u00f6\u015fede, \"Varl\u0131klar \"\u0131n yan\u0131nda).  Men\u00fcden \"Kimlik Do\u011frulama \"ya t\u0131klay\u0131n.<\/span><\/p>\n<p><img loading=\"lazy\" decoding=\"async\" class=\"alignnone wp-image-3272 size-full\" src=\"https:\/\/coinkickoff.com\/wp-content\/uploads\/kucoin-identity-verification.png\" alt=\"kucoin kimlik do\u011frulama 1\" width=\"1420\" height=\"785\" srcset=\"https:\/\/coinkickoff.com\/wp-content\/uploads\/kucoin-identity-verification.png 1420w, https:\/\/coinkickoff.com\/wp-content\/uploads\/kucoin-identity-verification-300x166.png 300w, https:\/\/coinkickoff.com\/wp-content\/uploads\/kucoin-identity-verification-1024x566.png 1024w, https:\/\/coinkickoff.com\/wp-content\/uploads\/kucoin-identity-verification-768x425.png 768w, https:\/\/coinkickoff.com\/wp-content\/uploads\/kucoin-identity-verification-18x10.png 18w\" sizes=\"auto, (max-width: 1420px) 100vw, 1420px\" \/><\/p>\n<p><span style=\"font-weight: 400;\">Teknik olarak, zaten ba\u015fka dijital varl\u0131klar\u0131n\u0131z varsa KuDOGE platformunda coin sat\u0131n almak i\u00e7in kimli\u011finizi do\u011frulaman\u0131za gerek yoktur.\u00a0<\/span><\/p>\n<p><span style=\"font-weight: 400;\">Zaten dijital varl\u0131klara sahipseniz, bunlar\u0131 Kucoin kripto c\u00fczdan\u0131n\u0131za g\u00f6nderebilirsiniz. Kucoin hesab\u0131n\u0131za kripto yat\u0131rd\u0131ktan sonra, bu varl\u0131klar\u0131 Dogecoin ile takas edebilirsiniz.<\/span><\/p>\n<p><span style=\"font-weight: 400;\">Ancak, platforma fiat yat\u0131rmak i\u00e7in kimlik do\u011frulamas\u0131n\u0131 tamamlaman\u0131z gerekir. Dolay\u0131s\u0131yla, halihaz\u0131rda kripto paraya sahip de\u011filseniz veya varl\u0131klar\u0131n\u0131z\u0131 takas etmek istemiyorsan\u0131z, devam edin ve kimlik do\u011frulamas\u0131n\u0131 tamamlay\u0131n.<\/span><\/p>\n<p><img loading=\"lazy\" decoding=\"async\" class=\"alignnone wp-image-3270 size-full\" src=\"https:\/\/coinkickoff.com\/wp-content\/uploads\/kucoin-id-verification-2.png\" alt=\"kucoin kimlik do\u011frulama 2\" width=\"1407\" height=\"706\" srcset=\"https:\/\/coinkickoff.com\/wp-content\/uploads\/kucoin-id-verification-2.png 1407w, https:\/\/coinkickoff.com\/wp-content\/uploads\/kucoin-id-verification-2-300x151.png 300w, https:\/\/coinkickoff.com\/wp-content\/uploads\/kucoin-id-verification-2-1024x514.png 1024w, https:\/\/coinkickoff.com\/wp-content\/uploads\/kucoin-id-verification-2-768x385.png 768w, https:\/\/coinkickoff.com\/wp-content\/uploads\/kucoin-id-verification-2-18x9.png 18w\" sizes=\"auto, (max-width: 1407px) 100vw, 1407px\" \/><\/p>\n<p><span style=\"font-weight: 400;\">Kucoin, ki\u015fisel bilgilerin girilmesi, resmi bir kimlik y\u00fcklenmesi ve y\u00fcz do\u011frulamas\u0131n\u0131n tamamlanmas\u0131ndan olu\u015fan 3 ad\u0131ml\u0131 kolayla\u015ft\u0131r\u0131lm\u0131\u015f bir kimlik do\u011frulama s\u00fcrecine sahiptir.<\/span><\/p>\n<p><span style=\"font-weight: 400;\">Ki\u015fisel bilgilerinizi girerek ba\u015flay\u0131n ve bir sonraki ad\u0131ma ge\u00e7mek i\u00e7in \"\u0130leri\" d\u00fc\u011fmesine t\u0131klay\u0131n.<\/span><\/p>\n<p><img loading=\"lazy\" decoding=\"async\" class=\"alignnone wp-image-3271 size-full\" src=\"https:\/\/coinkickoff.com\/wp-content\/uploads\/kucoin-id-verification-3.png\" alt=\"kucoin kimlik do\u011frulama 3\" width=\"1412\" height=\"789\" srcset=\"https:\/\/coinkickoff.com\/wp-content\/uploads\/kucoin-id-verification-3.png 1412w, https:\/\/coinkickoff.com\/wp-content\/uploads\/kucoin-id-verification-3-300x168.png 300w, https:\/\/coinkickoff.com\/wp-content\/uploads\/kucoin-id-verification-3-1024x572.png 1024w, https:\/\/coinkickoff.com\/wp-content\/uploads\/kucoin-id-verification-3-768x429.png 768w, https:\/\/coinkickoff.com\/wp-content\/uploads\/kucoin-id-verification-3-18x10.png 18w\" sizes=\"auto, (max-width: 1412px) 100vw, 1412px\" \/><\/p>\n<h3><span class=\"ez-toc-section\" id=\"3_Deposit_FundsCrypto\"><\/span><span style=\"font-weight: 400;\">3. Mevduat Fonlar\u0131\/Kripto<\/span><span class=\"ez-toc-section-end\"><\/span><\/h3>\n<p><span style=\"font-weight: 400;\">Kucoin hesab\u0131n\u0131za kripto para yat\u0131rman\u0131n birka\u00e7 yolu vard\u0131r. Sayfan\u0131n sa\u011f \u00fcst k\u00f6\u015fesinde bulunan \"Varl\u0131klar \"a t\u0131klay\u0131n ve a\u00e7\u0131l\u0131r men\u00fcden \"Para Yat\u0131rma \"y\u0131 se\u00e7in. Ayr\u0131ca \"Varl\u0131klara Genel Bak\u0131\u015f\" sayfas\u0131na gidebilir ve \"Para Yat\u0131rma\" se\u00e7ene\u011fine t\u0131klayabilirsiniz.<\/span><\/p>\n<p><img loading=\"lazy\" decoding=\"async\" class=\"alignnone wp-image-3273 size-full\" src=\"https:\/\/coinkickoff.com\/wp-content\/uploads\/kucoin-deposit.png\" alt=\"kucoin mevduat fonlar\u0131 1\" width=\"1427\" height=\"758\" srcset=\"https:\/\/coinkickoff.com\/wp-content\/uploads\/kucoin-deposit.png 1427w, https:\/\/coinkickoff.com\/wp-content\/uploads\/kucoin-deposit-300x159.png 300w, https:\/\/coinkickoff.com\/wp-content\/uploads\/kucoin-deposit-1024x544.png 1024w, https:\/\/coinkickoff.com\/wp-content\/uploads\/kucoin-deposit-768x408.png 768w, https:\/\/coinkickoff.com\/wp-content\/uploads\/kucoin-deposit-18x10.png 18w\" sizes=\"auto, (max-width: 1427px) 100vw, 1427px\" \/><\/p>\n<p><span style=\"font-weight: 400;\">Para yat\u0131rma se\u00e7ene\u011fine t\u0131klad\u0131\u011f\u0131n\u0131zda, \u00f6rne\u011fin platforma g\u00f6ndermek istedi\u011finiz coin'yi arayabilirsiniz, <a href=\"https:\/\/coinkickoff.com\/tr\/tether-usdt\/\" data-internallinksmanager029f6b8e52c=\"3\" title=\"Tether (USDT) Nedir? Nas\u0131l \u00c7al\u0131\u015f\u0131r ve Nereden Al\u0131n\u0131r?\">USDT<\/a>. coins'nizi platforma g\u00f6ndermek i\u00e7in kullanabilece\u011finiz para yat\u0131rma adresini alacaks\u0131n\u0131z.\u00a0<\/span><\/p>\n<p><span style=\"font-weight: 400;\">Kucoin 70'in \u00fczerinde \u00f6deme y\u00f6ntemini destekler, bu nedenle platformda kripto sat\u0131n almak s\u00f6z konusu oldu\u011funda bir\u00e7ok se\u00e7ene\u011finiz vard\u0131r. Bulundu\u011funuz yere ba\u011fl\u0131 olarak baz\u0131 y\u00f6ntemler mevcut olmayabilir, ancak genellikle herkes i\u00e7in i\u015fe yarayan bir se\u00e7enek vard\u0131r.<\/span><\/p>\n<h3><span class=\"ez-toc-section\" id=\"4_Navigate_to_the_Relevant_Screen_to_Buy\"><\/span><span style=\"font-weight: 400;\">4. Sat\u0131n Almak i\u00e7in \u0130lgili Ekrana Gidin<\/span><span class=\"ez-toc-section-end\"><\/span><\/h3>\n<p><img loading=\"lazy\" decoding=\"async\" class=\"alignnone wp-image-3274 size-full\" src=\"https:\/\/coinkickoff.com\/wp-content\/uploads\/kucoin-buy-crypto.png\" alt=\"kucoin ekran sat\u0131n al\" width=\"1418\" height=\"692\" srcset=\"https:\/\/coinkickoff.com\/wp-content\/uploads\/kucoin-buy-crypto.png 1418w, https:\/\/coinkickoff.com\/wp-content\/uploads\/kucoin-buy-crypto-300x146.png 300w, https:\/\/coinkickoff.com\/wp-content\/uploads\/kucoin-buy-crypto-1024x500.png 1024w, https:\/\/coinkickoff.com\/wp-content\/uploads\/kucoin-buy-crypto-768x375.png 768w, https:\/\/coinkickoff.com\/wp-content\/uploads\/kucoin-buy-crypto-18x9.png 18w\" sizes=\"auto, (max-width: 1418px) 100vw, 1418px\" \/><\/p>\n<h4><span class=\"ez-toc-section\" id=\"Fast_TradeOne-click_Buy\"><\/span><span style=\"font-weight: 400;\">H\u0131zl\u0131 Ticaret\/Tek T\u0131kla Sat\u0131n Al<\/span><span class=\"ez-toc-section-end\"><\/span><\/h4>\n<p><span style=\"font-weight: 400;\">Kucoin'de kripto sat\u0131n alman\u0131n birka\u00e7 yolu vard\u0131r. Platforma fiat para birimi yat\u0131rmak i\u00e7in bir banka kart\u0131 veya banka hesab\u0131 ba\u011flayabilirsiniz. Kucoin, USD, EUR, GBP ve AUD dahil olmak \u00fczere \u00e7e\u015fitli fiat para birimlerini kabul eder. Avrupa'da ikamet edenler hesaplar\u0131na para aktarmak i\u00e7in SEPA'y\u0131 kullanabilirler.\u00a0<\/span><\/p>\n<p><img loading=\"lazy\" decoding=\"async\" class=\"alignnone wp-image-3275 size-full\" src=\"https:\/\/coinkickoff.com\/wp-content\/uploads\/kucoin-buy-crypto-one-click.png\" alt=\"kucoin tek t\u0131kla sat\u0131n al\" width=\"1421\" height=\"770\" srcset=\"https:\/\/coinkickoff.com\/wp-content\/uploads\/kucoin-buy-crypto-one-click.png 1421w, https:\/\/coinkickoff.com\/wp-content\/uploads\/kucoin-buy-crypto-one-click-300x163.png 300w, https:\/\/coinkickoff.com\/wp-content\/uploads\/kucoin-buy-crypto-one-click-1024x555.png 1024w, https:\/\/coinkickoff.com\/wp-content\/uploads\/kucoin-buy-crypto-one-click-768x416.png 768w, https:\/\/coinkickoff.com\/wp-content\/uploads\/kucoin-buy-crypto-one-click-18x10.png 18w\" sizes=\"auto, (max-width: 1421px) 100vw, 1421px\" \/><\/p>\n<p><span style=\"font-weight: 400;\">Fiat para birimini hesab\u0131n\u0131za yat\u0131rd\u0131ktan sonra, tek bir t\u0131klamayla kripto sat\u0131n almak i\u00e7in h\u0131zl\u0131 ticareti kullanabilirsiniz. Harcamak istedi\u011finiz tutar\u0131 ve sat\u0131n almak istedi\u011finiz para birimini girmeniz ve a\u00e7\u0131l\u0131r men\u00fcden bir \u00f6deme y\u00f6ntemi se\u00e7meniz yeterlidir.<\/span><\/p>\n<p><span style=\"font-weight: 400;\">Desteklenen \u00f6deme y\u00f6ntemleri aras\u0131nda Zelle, Apple Pay, ADVCash bulunmaktad\u0131r, <a href=\"https:\/\/coinkickoff.com\/tr\/uphold-review\/\" data-internallinksmanager029f6b8e52c=\"156\" title=\"Uphold Yorumlar\u0131 2023: \u00dccretler, \u00d6zellikler, G\u00fcvenlik, Art\u0131lar ve Eksiler\">Desteklemek<\/a>ve di\u011fer birka\u00e7\u0131.<\/span><\/p>\n<p><img loading=\"lazy\" decoding=\"async\" class=\"alignnone wp-image-3276 size-full\" src=\"https:\/\/coinkickoff.com\/wp-content\/uploads\/kucoin-select-paymnet-method.png\" alt=\"\" width=\"1424\" height=\"794\" srcset=\"https:\/\/coinkickoff.com\/wp-content\/uploads\/kucoin-select-paymnet-method.png 1424w, https:\/\/coinkickoff.com\/wp-content\/uploads\/kucoin-select-paymnet-method-300x167.png 300w, https:\/\/coinkickoff.com\/wp-content\/uploads\/kucoin-select-paymnet-method-1024x571.png 1024w, https:\/\/coinkickoff.com\/wp-content\/uploads\/kucoin-select-paymnet-method-768x428.png 768w, https:\/\/coinkickoff.com\/wp-content\/uploads\/kucoin-select-paymnet-method-18x10.png 18w\" sizes=\"auto, (max-width: 1424px) 100vw, 1424px\" \/><\/p>\n<p><span style=\"font-weight: 400;\"><img loading=\"lazy\" decoding=\"async\" class=\"alignnone wp-image-3277 size-full\" src=\"https:\/\/coinkickoff.com\/wp-content\/uploads\/kucoin-select-paymnt2.png\" alt=\"\" width=\"1432\" height=\"798\" srcset=\"https:\/\/coinkickoff.com\/wp-content\/uploads\/kucoin-select-paymnt2.png 1432w, https:\/\/coinkickoff.com\/wp-content\/uploads\/kucoin-select-paymnt2-300x167.png 300w, https:\/\/coinkickoff.com\/wp-content\/uploads\/kucoin-select-paymnt2-1024x571.png 1024w, https:\/\/coinkickoff.com\/wp-content\/uploads\/kucoin-select-paymnt2-768x428.png 768w, https:\/\/coinkickoff.com\/wp-content\/uploads\/kucoin-select-paymnt2-18x10.png 18w\" sizes=\"auto, (max-width: 1432px) 100vw, 1432px\" \/><\/span><\/p>\n<p><span style=\"font-weight: 400;\">Bu olduk\u00e7a d\u00fcz olsa da<\/span>orward, tek t\u0131kla sat\u0131n alma ile ilgili bir sorun var. Ne yaz\u0131k ki, bu y\u00f6ntemle DOGE sat\u0131n alamazs\u0131n\u0131z. Kucoin sat\u0131n alman\u0131za izin verir <a href=\"https:\/\/coinkickoff.com\/tr\/bitcoin-btc\/\" data-internallinksmanager029f6b8e52c=\"1\" title=\"Bitcoin (BTC) Nedir? Fiyat, Tarih\u00e7e ve Nereden Al\u0131n\u0131r\">BTC<\/a>, <a href=\"https:\/\/coinkickoff.com\/tr\/ethereum-eth\/\" data-internallinksmanager029f6b8e52c=\"2\" title=\"Ethereum (ETH) Nedir? Fiyat, Tarih\u00e7e ve Nereden Al\u0131n\u0131r\">ETH<\/a>, USDT, ve <a href=\"https:\/\/coinkickoff.com\/tr\/usd-coin-usdc\/\" data-internallinksmanager029f6b8e52c=\"8\" title=\"USD Coin (USDC) nedir? Nas\u0131l \u00c7al\u0131\u015f\u0131r ve Nereden Al\u0131n\u0131r?\">USDC<\/a> tek bir t\u0131klama ile.<\/p>\n<p><span style=\"font-weight: 400;\">Ancak, sunulan dijital varl\u0131klardan birini sat\u0131n alabilir ve ard\u0131ndan platformda DOGE'ye d\u00f6n\u00fc\u015ft\u00fcrebilirsiniz. Bu kula\u011fa \u00e7ok karma\u015f\u0131k geliyorsa endi\u015felenmeyin, \u00e7\u00fcnk\u00fc bir sonraki y\u00f6ntem \u00e7ok kolay.<\/span><\/p>\n<h4><span class=\"ez-toc-section\" id=\"Third-Party\"><\/span><span style=\"font-weight: 400;\">\u00dc\u00e7\u00fcnc\u00fc Taraf<\/span><span class=\"ez-toc-section-end\"><\/span><\/h4>\n<p><img loading=\"lazy\" decoding=\"async\" class=\"alignnone wp-image-3278 size-full\" src=\"https:\/\/coinkickoff.com\/wp-content\/uploads\/kucoin-screenshot.png\" alt=\"\" width=\"1436\" height=\"673\" srcset=\"https:\/\/coinkickoff.com\/wp-content\/uploads\/kucoin-screenshot.png 1436w, https:\/\/coinkickoff.com\/wp-content\/uploads\/kucoin-screenshot-300x141.png 300w, https:\/\/coinkickoff.com\/wp-content\/uploads\/kucoin-screenshot-1024x480.png 1024w, https:\/\/coinkickoff.com\/wp-content\/uploads\/kucoin-screenshot-768x360.png 768w, https:\/\/coinkickoff.com\/wp-content\/uploads\/kucoin-screenshot-18x8.png 18w\" sizes=\"auto, (max-width: 1436px) 100vw, 1436px\" \/><\/p>\n<p><span style=\"font-weight: 400;\">Kucoin \u00fczerinden DOGE sat\u0131n alman\u0131n en kolay yolu, sol \u00fcst k\u00f6\u015fedeki \"Kripto Sat\u0131n Al\" men\u00fcs\u00fcnden \"\u00dc\u00e7\u00fcnc\u00fc Taraf \"\u0131 se\u00e7mektir. \u00dc\u00e7\u00fcnc\u00fc Taraf sayfas\u0131nda, ne kadar harcamak istedi\u011finizi girin, a\u00e7\u0131l\u0131r men\u00fcden sat\u0131n almak istedi\u011finiz coin'yi (DOGE) se\u00e7in ve bir \u00f6deme y\u00f6ntemi ve \u00f6deme kanal\u0131 se\u00e7in.<\/span><\/p>\n<p><span style=\"font-weight: 400;\">Kucoin, a\u015fa\u011f\u0131dakiler de dahil olmak \u00fczere \u00e7e\u015fitli \u00fc\u00e7\u00fcnc\u00fc taraf \u00f6deme uygulamalar\u0131n\u0131 destekler <\/span><a href=\"https:\/\/banxa.com\/case-study\/kucoin\/\" target=\"_blank\" rel=\"noopener\"><span style=\"font-weight: 400;\">Banxa<\/span><\/a><span style=\"font-weight: 400;\">, <\/span><a href=\"https:\/\/www.simplex.com\" target=\"_blank\" rel=\"noopener\"><span style=\"font-weight: 400;\">Simplex<\/span><\/a><span style=\"font-weight: 400;\">, <\/span><a href=\"https:\/\/legendtrading.com\/infrastructure\" target=\"_blank\" rel=\"noopener\"><span style=\"font-weight: 400;\">Efsane ticareti<\/span><\/a><span style=\"font-weight: 400;\">ve <\/span><a href=\"https:\/\/btcdirect.eu\/en-gb\" target=\"_blank\" rel=\"noopener\"><span style=\"font-weight: 400;\">BTC Do\u011frudan<\/span><\/a><span style=\"font-weight: 400;\">.\u00a0<\/span><\/p>\n<p><span style=\"font-weight: 400;\">Kart bilgilerinizi girerek ve kullanmak istedi\u011finiz sat\u0131c\u0131 i\u00e7in kimlik do\u011frulamas\u0131n\u0131 tamamlayarak bu sat\u0131c\u0131lardan kripto para sat\u0131n alabilirsiniz. Ancak, \u00fc\u00e7\u00fcnc\u00fc taraf \u00f6deme hizmetlerinin genellikle hizmetleri i\u00e7in y\u00fcksek \u00fccretler talep etti\u011fini unutmay\u0131n.\u00a0<\/span><\/p>\n<h4><span class=\"ez-toc-section\" id=\"P2P_Market\"><\/span><span style=\"font-weight: 400;\">P2P Pazar\u0131<\/span><span class=\"ez-toc-section-end\"><\/span><\/h4>\n<p><span style=\"font-weight: 400;\">Di\u011fer bir y\u00f6ntem ise kripto sat\u0131n almak i\u00e7in Kucoin'nin P2P ticaret piyasas\u0131n\u0131 kullanmakt\u0131r, ancak \"h\u0131zl\u0131 sat\u0131n alma\" P2P piyasas\u0131n\u0131 kullanmak i\u00e7in hesab\u0131n\u0131zda USDT olmas\u0131 gerekir, bu nedenle yeni ba\u015flayanlar i\u00e7in en h\u0131zl\u0131 se\u00e7enek de\u011fildir.<\/span><\/p>","protected":false},"excerpt":{"rendered":"<p>Kucoin'de Dogecoin Nas\u0131l Sat\u0131n Al\u0131n\u0131r Dogecoin, Kucoin dahil olmak \u00fczere bir\u00e7ok borsada sat\u0131n alabilece\u011finiz \u00fcnl\u00fc bir meme coin'dir. DOGE olduk\u00e7a ucuzdur ve ticareti kolayd\u0131r. Kucoin borsas\u0131nda Dogecoin sat\u0131n almak istiyor ancak nereden ba\u015flayaca\u011f\u0131n\u0131z\u0131 bilmiyorsan\u0131z, sizi teminat alt\u0131na ald\u0131k. \u0130\u015fte nas\u0131l yap\u0131laca\u011f\u0131na dair ad\u0131m ad\u0131m bir d\u00f6k\u00fcm [...]<\/p>","protected":false},"author":3,"featured_media":3275,"parent":3196,"menu_order":0,"comment_status":"closed","ping_status":"closed","template":"","meta":{"_genesis_hide_title":false,"_genesis_hide_breadcrumbs":false,"_genesis_hide_singular_image":false,"_genesis_hide_footer_widgets":false,"_genesis_custom_body_class":"","_genesis_custom_post_class":"","_genesis_layout":"","_glsr_average":0,"_glsr_ranking":0,"_glsr_reviews":0,"footnotes":""},"class_list":{"0":"post-3268","1":"page","2":"type-page","3":"status-publish","4":"has-post-thumbnail","6":"entry"},"featured_image_src":"https:\/\/coinkickoff.com\/wp-content\/uploads\/kucoin-buy-crypto-one-click-600x400.png","featured_image_src_square":"https:\/\/coinkickoff.com\/wp-content\/uploads\/kucoin-buy-crypto-one-click-600x600.png","_links":{"self":[{"href":"https:\/\/coinkickoff.com\/tr\/wp-json\/wp\/v2\/pages\/3268","targetHints":{"allow":["GET"]}}],"collection":[{"href":"https:\/\/coinkickoff.com\/tr\/wp-json\/wp\/v2\/pages"}],"about":[{"href":"https:\/\/coinkickoff.com\/tr\/wp-json\/wp\/v2\/types\/page"}],"author":[{"embeddable":true,"href":"https:\/\/coinkickoff.com\/tr\/wp-json\/wp\/v2\/users\/3"}],"replies":[{"embeddable":true,"href":"https:\/\/coinkickoff.com\/tr\/wp-json\/wp\/v2\/comments?post=3268"}],"version-history":[{"count":3,"href":"https:\/\/coinkickoff.com\/tr\/wp-json\/wp\/v2\/pages\/3268\/revisions"}],"predecessor-version":[{"id":4495,"href":"https:\/\/coinkickoff.com\/tr\/wp-json\/wp\/v2\/pages\/3268\/revisions\/4495"}],"up":[{"embeddable":true,"href":"https:\/\/coinkickoff.com\/tr\/wp-json\/wp\/v2\/pages\/3196"}],"wp:featuredmedia":[{"embeddable":true,"href":"https:\/\/coinkickoff.com\/tr\/wp-json\/wp\/v2\/media\/3275"}],"wp:attachment":[{"href":"https:\/\/coinkickoff.com\/tr\/wp-json\/wp\/v2\/media?parent=3268"}],"curies":[{"name":"wp","href":"https:\/\/api.w.org\/{rel}","templated":true}]}}