{"id":3244,"date":"2026-01-08T14:07:32","date_gmt":"2026-01-08T14:07:32","guid":{"rendered":"https:\/\/coinkickoff.com\/?page_id=3244"},"modified":"2026-01-08T14:07:32","modified_gmt":"2026-01-08T14:07:32","slug":"how-to-buy-dogecoin-on-binance","status":"publish","type":"page","link":"https:\/\/coinkickoff.com\/tr\/how-to-buy-dogecoin\/how-to-buy-dogecoin-on-binance\/","title":{"rendered":"Binance \u00fczerinden Dogecoin (DOGE) Nas\u0131l Sat\u0131n Al\u0131n\u0131r"},"content":{"rendered":"<div id=\"ez-toc-container\" class=\"ez-toc-v2_0_80 counter-hierarchy ez-toc-counter ez-toc-transparent ez-toc-container-direction\">\n<div class=\"ez-toc-title-container\">\n<p class=\"ez-toc-title\" style=\"cursor:inherit\">B\u00f6l\u00fcmler<\/p>\n<span class=\"ez-toc-title-toggle\"><a href=\"#\" class=\"ez-toc-pull-right ez-toc-btn ez-toc-btn-xs ez-toc-btn-default ez-toc-toggle\" aria-label=\"\u0130\u00e7indekiler Tablosunu A\u00e7\/Kapat\"><span class=\"ez-toc-js-icon-con\"><span class=\"\"><span class=\"eztoc-hide\" style=\"display:none;\">Ge\u00e7i\u015f<\/span><span class=\"ez-toc-icon-toggle-span\"><svg style=\"fill: #999;color:#999\" xmlns=\"http:\/\/www.w3.org\/2000\/svg\" class=\"list-377408\" width=\"20px\" height=\"20px\" viewbox=\"0 0 24 24\" fill=\"none\"><path d=\"M6 6H4v2h2V6zm14 0H8v2h12V6zM4 11h2v2H4v-2zm16 0H8v2h12v-2zM4 16h2v2H4v-2zm16 0H8v2h12v-2z\" fill=\"currentColor\"><\/path><\/svg><svg style=\"fill: #999;color:#999\" class=\"arrow-unsorted-368013\" xmlns=\"http:\/\/www.w3.org\/2000\/svg\" width=\"10px\" height=\"10px\" viewbox=\"0 0 24 24\" version=\"1.2\" baseprofile=\"tiny\"><path d=\"M18.2 9.3l-6.2-6.3-6.2 6.3c-.2.2-.3.4-.3.7s.1.5.3.7c.2.2.4.3.7.3h11c.3 0 .5-.1.7-.3.2-.2.3-.5.3-.7s-.1-.5-.3-.7zM5.8 14.7l6.2 6.3 6.2-6.3c.2-.2.3-.5.3-.7s-.1-.5-.3-.7c-.2-.2-.4-.3-.7-.3h-11c-.3 0-.5.1-.7.3-.2.2-.3.5-.3.7s.1.5.3.7z\"\/><\/svg><\/span><\/span><\/span><\/a><\/span><\/div>\n<nav><ul class='ez-toc-list ez-toc-list-level-1 eztoc-toggle-hide-by-default' ><li class='ez-toc-page-1 ez-toc-heading-level-2'><a class=\"ez-toc-link ez-toc-heading-1\" href=\"https:\/\/coinkickoff.com\/tr\/how-to-buy-dogecoin\/how-to-buy-dogecoin-on-binance\/#How_to_Buy_Dogecoin_on_Binance\" >Binance'de Dogecoin Nas\u0131l Sat\u0131n Al\u0131n\u0131r<\/a><\/li><li class='ez-toc-page-1 ez-toc-heading-level-2'><a class=\"ez-toc-link ez-toc-heading-2\" href=\"https:\/\/coinkickoff.com\/tr\/how-to-buy-dogecoin\/how-to-buy-dogecoin-on-binance\/#A_Step-By-Step_Guide_on_How_to_Buy_Dogecoin_on_Binance\" >Binance \u00dczerinden Dogecoin Nas\u0131l Sat\u0131n Al\u0131n\u0131r Ad\u0131m Ad\u0131m K\u0131lavuz<\/a><ul class='ez-toc-list-level-3' ><li class='ez-toc-heading-level-3'><a class=\"ez-toc-link ez-toc-heading-3\" href=\"https:\/\/coinkickoff.com\/tr\/how-to-buy-dogecoin\/how-to-buy-dogecoin-on-binance\/#1_Register_an_Account\" >1. Bir Hesap A\u00e7\u0131n<\/a><\/li><li class='ez-toc-page-1 ez-toc-heading-level-3'><a class=\"ez-toc-link ez-toc-heading-4\" href=\"https:\/\/coinkickoff.com\/tr\/how-to-buy-dogecoin\/how-to-buy-dogecoin-on-binance\/#2_Verify_Your_Account\" >2. Hesab\u0131n\u0131z\u0131 Do\u011frulay\u0131n<\/a><\/li><li class='ez-toc-page-1 ez-toc-heading-level-3'><a class=\"ez-toc-link ez-toc-heading-5\" href=\"https:\/\/coinkickoff.com\/tr\/how-to-buy-dogecoin\/how-to-buy-dogecoin-on-binance\/#3_Deposit_FundsCrypto\" >3. Mevduat Fonlar\u0131\/Kripto<\/a><\/li><li class='ez-toc-page-1 ez-toc-heading-level-3'><a class=\"ez-toc-link ez-toc-heading-6\" href=\"https:\/\/coinkickoff.com\/tr\/how-to-buy-dogecoin\/how-to-buy-dogecoin-on-binance\/#Once_you_complete_identity_verification_you_can_easily_deposit_funds_to_your_Binance_account_There_are_a_couple_of_different_ways_to_fund_your_account_on_Binance\" >Kimlik do\u011frulamas\u0131n\u0131 tamamlad\u0131ktan sonra, Binance hesab\u0131n\u0131za kolayca para yat\u0131rabilirsiniz. Binance'de hesab\u0131n\u0131za para yat\u0131rman\u0131n birka\u00e7 farkl\u0131 yolu vard\u0131r.<\/a><\/li><li class='ez-toc-page-1 ez-toc-heading-level-3'><a class=\"ez-toc-link ez-toc-heading-7\" href=\"https:\/\/coinkickoff.com\/tr\/how-to-buy-dogecoin\/how-to-buy-dogecoin-on-binance\/#4_Navigate_to_the_Relevant_Screen_to_Buy\" >4. Sat\u0131n Almak i\u00e7in \u0130lgili Ekrana Gidin<\/a><\/li><\/ul><\/li><\/ul><\/nav><\/div>\n<h2><span class=\"ez-toc-section\" id=\"How_to_Buy_Dogecoin_on_Binance\"><\/span>Binance'de Dogecoin Nas\u0131l Sat\u0131n Al\u0131n\u0131r<span class=\"ez-toc-section-end\"><\/span><\/h2>\n<p><span style=\"font-weight: 400;\"><a href=\"https:\/\/coinkickoff.com\/tr\/dogecoin-doge\/\" data-internallinksmanager029f6b8e52c=\"14\" title=\"Dogecoin (DOGE) Nedir? Nas\u0131l \u00c7al\u0131\u015f\u0131r ve Nereden Al\u0131n\u0131r?\">Dogecoin<\/a> t\u00fcm pop\u00fcler kripto para birimlerinde i\u015flem yapabilece\u011finiz \u00fcnl\u00fc bir kripto para birimidir. <a href=\"https:\/\/coinkickoff.com\/tr\/crypto-exchanges\/\" data-internallinksmanager029f6b8e52c=\"141\" title=\"21&#039;teki 2024 En \u0130yi Cryptocurrency Borsalar\u0131 ve Uygulamalar\u0131\">kripto borsalar\u0131<\/a>. DOGE \u00e7o\u011funlukla bir <\/span><i><span style=\"font-weight: 400;\">meme veya \u015faka coin<\/span><\/i><span style=\"font-weight: 400;\">. Bunun nedeni, varl\u0131\u011f\u0131n de\u011fer aktarmak veya belirli bir kullan\u0131m durumu i\u00e7in piyasadaki bo\u015flu\u011fu doldurmak \u00fczere tasarlanmam\u0131\u015f olmas\u0131d\u0131r. Bununla birlikte, varl\u0131k a\u015fa\u011f\u0131dakiler sayesinde internette olduk\u00e7a pop\u00fcler hale geldi <\/span><a href=\"https:\/\/www.businessinsider.com\/history-elon-musk-love-affair-dogecoin-2022-7\" target=\"_blank\" rel=\"noopener\"><span style=\"font-weight: 400;\">\u00fcnl\u00fc destekleri\u0307<\/span><\/a><span style=\"font-weight: 400;\">\u00e7o\u011funlukla Elon Musk taraf\u0131ndan.<\/span><\/p>\n<p><span style=\"font-weight: 400;\">E\u011fer Dogecoin sat\u0131n almak istiyorsan\u0131z <a href=\"https:\/\/coinkickoff.com\/tr\/binance-review\/\" data-internallinksmanager029f6b8e52c=\"152\" title=\"Binance Yorumlar 2024: \u00d6zellikler, \u00dccretler, G\u00fcvenlik, Art\u0131lar ve Eksiler\">Binance<\/a> al\u0131\u015fveri\u015fi yapmak istiyor ancak nereden ba\u015flayaca\u011f\u0131n\u0131z\u0131 bilmiyorsan\u0131z, sizi teminat alt\u0131na ald\u0131k. \u0130\u015fte Binance kar\u015f\u0131l\u0131\u011f\u0131nda Dogecoin sat\u0131n alman\u0131n ad\u0131m ad\u0131m d\u00f6k\u00fcm\u00fc.<\/span><\/p>\n<h2><span class=\"ez-toc-section\" id=\"A_Step-By-Step_Guide_on_How_to_Buy_Dogecoin_on_Binance\"><\/span><span style=\"font-weight: 400;\">Binance \u00dczerinden Dogecoin Nas\u0131l Sat\u0131n Al\u0131n\u0131r Ad\u0131m Ad\u0131m K\u0131lavuz<\/span><span class=\"ez-toc-section-end\"><\/span><\/h2>\n<h3><span class=\"ez-toc-section\" id=\"1_Register_an_Account\"><\/span><span style=\"font-weight: 400;\">1. Bir Hesap A\u00e7\u0131n<\/span><span class=\"ez-toc-section-end\"><\/span><\/h3>\n<p><span style=\"font-weight: 400;\">Hen\u00fcz bir Binance hesab\u0131n\u0131z yoksa, ilk ad\u0131m \u015fu adrese gitmektir <\/span><a href=\"https:\/\/accounts.binance.com\/register?ref=BLJQ60RW\" target=\"_blank\" rel=\"noopener\"><span style=\"font-weight: 400;\">Binance'nin resmi web sitesi<\/span><\/a><span style=\"font-weight: 400;\"> bir hesap a\u00e7mak i\u00e7in.\u00a0<\/span><\/p>\n<p><img loading=\"lazy\" decoding=\"async\" class=\"alignnone wp-image-3245 size-full\" src=\"https:\/\/coinkickoff.com\/wp-content\/uploads\/binance-register.png\" alt=\"binance kay\u0131t \u00fczerinden doge sat\u0131n al\u0131n\" width=\"1430\" height=\"798\" srcset=\"https:\/\/coinkickoff.com\/wp-content\/uploads\/binance-register.png 1430w, https:\/\/coinkickoff.com\/wp-content\/uploads\/binance-register-300x167.png 300w, https:\/\/coinkickoff.com\/wp-content\/uploads\/binance-register-1024x571.png 1024w, https:\/\/coinkickoff.com\/wp-content\/uploads\/binance-register-768x429.png 768w, https:\/\/coinkickoff.com\/wp-content\/uploads\/binance-register-18x10.png 18w\" sizes=\"auto, (max-width: 1430px) 100vw, 1430px\" \/><\/p>\n<p><span style=\"font-weight: 400;\">Bir Binance hesab\u0131 a\u00e7mak \u00e7ok kolayd\u0131r: Tek yapman\u0131z gereken e-posta adresiniz veya telefon numaran\u0131zla kaydolmakt\u0131r. Binance, yeni hesab\u0131n\u0131za giri\u015f yapman\u0131z i\u00e7in size bir do\u011frulama kodu g\u00f6nderecektir.<\/span><\/p>\n<h3><span class=\"ez-toc-section\" id=\"2_Verify_Your_Account\"><\/span><span style=\"font-weight: 400;\">2. Hesab\u0131n\u0131z\u0131 Do\u011frulay\u0131n<\/span><span class=\"ez-toc-section-end\"><\/span><\/h3>\n<p><span style=\"font-weight: 400;\">Giri\u015f yapt\u0131ktan sonra, Binance platformda i\u015flem yapmaya ba\u015flayabilmeniz i\u00e7in kimli\u011finizi do\u011frulaman\u0131z\u0131 isteyecektir. Kimli\u011finizi do\u011frulamadan Binance hesab\u0131n\u0131za para yat\u0131ramazs\u0131n\u0131z, bu nedenle bu \u00e7ok \u00f6nemli bir ad\u0131md\u0131r.<\/span><\/p>\n<p><img loading=\"lazy\" decoding=\"async\" class=\"alignnone wp-image-3247 size-full\" src=\"https:\/\/coinkickoff.com\/wp-content\/uploads\/binance-verification-0-e1680852870897.png\" alt=\"binance do\u011frulama \" width=\"1410\" height=\"572\" \/><\/p>\n<p><span style=\"font-weight: 400;\">\u0130lk giri\u015finizde do\u011frulamay\u0131 atlarsan\u0131z endi\u015felenmeyin. Binance s\u00fcrekli olarak sizden kimli\u011finizi do\u011frulaman\u0131z\u0131 isteyecektir veya kontrol panelinin profil b\u00f6l\u00fcm\u00fcne gidebilirsiniz (sa\u011f \u00fcstteki profil simgesi).<\/span><\/p>\n<p><img loading=\"lazy\" decoding=\"async\" class=\"alignnone wp-image-3246 size-full\" src=\"https:\/\/coinkickoff.com\/wp-content\/uploads\/binance-verification.png\" alt=\"binance do\u011frulama\" width=\"1239\" height=\"752\" srcset=\"https:\/\/coinkickoff.com\/wp-content\/uploads\/binance-verification.png 1239w, https:\/\/coinkickoff.com\/wp-content\/uploads\/binance-verification-300x182.png 300w, https:\/\/coinkickoff.com\/wp-content\/uploads\/binance-verification-1024x622.png 1024w, https:\/\/coinkickoff.com\/wp-content\/uploads\/binance-verification-768x466.png 768w, https:\/\/coinkickoff.com\/wp-content\/uploads\/binance-verification-18x12.png 18w\" sizes=\"auto, (max-width: 1239px) 100vw, 1239px\" \/><\/p>\n<p><span style=\"font-weight: 400;\">Do\u011frulama i\u015flemini ba\u015flatmak i\u00e7in \"Get Verified\" se\u00e7ene\u011fine t\u0131klaman\u0131z yeterlidir.<\/span><\/p>\n<p><span style=\"font-weight: 400;\">Yeni do\u011frulama sayfas\u0131nda, ikamet etti\u011finiz \u00fclkeyi ve b\u00f6lgeyi se\u00e7in. Kimlik do\u011frulama gereksinimleri b\u00f6lgeye g\u00f6re de\u011fi\u015fir, bu nedenle do\u011fru \u00fclkeyi se\u00e7mek \u00f6nemlidir.<\/span><\/p>\n<p><img loading=\"lazy\" decoding=\"async\" class=\"alignnone wp-image-3248 size-full\" src=\"https:\/\/coinkickoff.com\/wp-content\/uploads\/binance-verification-2.png\" alt=\"\" width=\"563\" height=\"686\" srcset=\"https:\/\/coinkickoff.com\/wp-content\/uploads\/binance-verification-2.png 563w, https:\/\/coinkickoff.com\/wp-content\/uploads\/binance-verification-2-246x300.png 246w, https:\/\/coinkickoff.com\/wp-content\/uploads\/binance-verification-2-10x12.png 10w\" sizes=\"auto, (max-width: 563px) 100vw, 563px\" \/><\/p>\n<p><span style=\"font-weight: 400;\">\u00dclkenizi se\u00e7tikten sonra ek bilgiler girebilirsiniz. Binance genellikle yasal ad\u0131n\u0131z\u0131, do\u011fum tarihinizi ve \u00fclkenizi girmenizi gerektirir. Ayr\u0131ca pasaport sayfas\u0131 veya ehliyet gibi bir foto\u011frafl\u0131 kimlik belgesi de g\u00f6ndermeniz gerekir.<\/span><\/p>\n<h3><span class=\"ez-toc-section\" id=\"3_Deposit_FundsCrypto\"><\/span><span style=\"font-weight: 400;\">3. Mevduat Fonlar\u0131\/Kripto<\/span><span class=\"ez-toc-section-end\"><\/span><\/h3>\n<h3><img loading=\"lazy\" decoding=\"async\" class=\"alignnone wp-image-3254 size-full\" src=\"https:\/\/coinkickoff.com\/wp-content\/uploads\/binance-deposit-2.png\" alt=\"\" width=\"926\" height=\"796\" srcset=\"https:\/\/coinkickoff.com\/wp-content\/uploads\/binance-deposit-2.png 926w, https:\/\/coinkickoff.com\/wp-content\/uploads\/binance-deposit-2-300x258.png 300w, https:\/\/coinkickoff.com\/wp-content\/uploads\/binance-deposit-2-768x660.png 768w, https:\/\/coinkickoff.com\/wp-content\/uploads\/binance-deposit-2-14x12.png 14w\" sizes=\"auto, (max-width: 926px) 100vw, 926px\" \/><\/h3>\n<h3><span class=\"ez-toc-section\" id=\"Once_you_complete_identity_verification_you_can_easily_deposit_funds_to_your_Binance_account_There_are_a_couple_of_different_ways_to_fund_your_account_on_Binance\"><\/span><span style=\"font-weight: 400;\">Kimlik do\u011frulamas\u0131n\u0131 tamamlad\u0131ktan sonra, Binance hesab\u0131n\u0131za kolayca para yat\u0131rabilirsiniz. Binance'de hesab\u0131n\u0131za para yat\u0131rman\u0131n birka\u00e7 farkl\u0131 yolu vard\u0131r.<\/span><span class=\"ez-toc-section-end\"><\/span><\/h3>\n<p><span style=\"font-weight: 400;\">\"Para Yat\u0131rma\" se\u00e7ene\u011fine t\u0131klayarak ba\u015flay\u0131n (sa\u011f \u00fcst k\u00f6\u015fede). Binance, hesab\u0131n\u0131za para yat\u0131rman\u0131z i\u00e7in size d\u00f6rt yol sunar.\u00a0<\/span><\/p>\n<p><span style=\"font-weight: 400;\">Farkl\u0131 bir c\u00fczdanda zaten kriptonuz varsa, \"Kripto Yat\u0131r\" se\u00e7ene\u011fini se\u00e7erek varl\u0131klar\u0131n\u0131z\u0131 Binance c\u00fczdan\u0131n\u0131za g\u00f6nderebilir veya \"Kripto Al\" se\u00e7ene\u011fini se\u00e7erek di\u011fer g\u00f6nderenlerden kripto alabilirsiniz.<\/span><\/p>\n<p><span style=\"font-weight: 400;\">Kripto paran\u0131z yoksa, hesab\u0131n\u0131za para ekleyerek veya kredi kart\u0131, Google Pay veya Apple Pay gibi bir \u00f6deme y\u00f6ntemini ba\u011flayarak Binance \u00fczerinden DOGE sat\u0131n alabilirsiniz.<\/span><\/p>\n<p><span style=\"font-weight: 400;\">Binance hesab\u0131n\u0131za fiat para birimi yat\u0131rmak i\u00e7in \"Fiat Para Yat\u0131r\" se\u00e7ene\u011fini se\u00e7in. Para yat\u0131rma sayfas\u0131nda, tercih etti\u011finiz para birimini ve para yat\u0131rma y\u00f6ntemini se\u00e7in.\u00a0<\/span><\/p>\n<p><img loading=\"lazy\" decoding=\"async\" class=\"alignnone wp-image-3256 size-full\" src=\"https:\/\/coinkickoff.com\/wp-content\/uploads\/binance-fiat-deposit-3.png\" alt=\"\" width=\"1052\" height=\"778\" srcset=\"https:\/\/coinkickoff.com\/wp-content\/uploads\/binance-fiat-deposit-3.png 1052w, https:\/\/coinkickoff.com\/wp-content\/uploads\/binance-fiat-deposit-3-300x222.png 300w, https:\/\/coinkickoff.com\/wp-content\/uploads\/binance-fiat-deposit-3-1024x757.png 1024w, https:\/\/coinkickoff.com\/wp-content\/uploads\/binance-fiat-deposit-3-768x568.png 768w, https:\/\/coinkickoff.com\/wp-content\/uploads\/binance-fiat-deposit-3-16x12.png 16w\" sizes=\"auto, (max-width: 1052px) 100vw, 1052px\" \/><\/p>\n<p><span style=\"font-weight: 400;\">\u00d6deme y\u00f6ntemleri \u00fclkeye g\u00f6re de\u011fi\u015fir, ancak \u00e7o\u011fu kullan\u0131c\u0131 banka havalesi yoluyla hesaplar\u0131na kolayca para yat\u0131rabilir. PayPal ve kredi ve banka kart\u0131 sat\u0131n al\u0131mlar\u0131 gibi di\u011fer se\u00e7enekler de mevcut olabilir, ancak bunlar genellikle daha maliyetlidir. Binance \u00fccretlerinin d\u00f6k\u00fcm\u00fc i\u00e7in Binance incelememize g\u00f6z at\u0131n.<\/span><\/p>\n<p><span style=\"font-weight: 400;\">Kullanmak istedi\u011finiz \u00f6deme y\u00f6ntemini se\u00e7tikten sonra \"Devam Et\" butonuna t\u0131klay\u0131n.<\/span><\/p>\n<h3><span class=\"ez-toc-section\" id=\"4_Navigate_to_the_Relevant_Screen_to_Buy\"><\/span><span style=\"font-weight: 400;\">4. Sat\u0131n Almak i\u00e7in \u0130lgili Ekrana Gidin<\/span><span class=\"ez-toc-section-end\"><\/span><\/h3>\n<p><span style=\"font-weight: 400;\">Binance \u00fczerinden DOGE sat\u0131n alman\u0131n en kolay yolu \"Kripto Sat\u0131n Al\" sayfas\u0131na gitmektir.\u00a0<\/span><\/p>\n<p><img loading=\"lazy\" decoding=\"async\" class=\"alignnone wp-image-3249 size-full\" src=\"https:\/\/coinkickoff.com\/wp-content\/uploads\/binance-buy-sell-crypto.png\" alt=\"\" width=\"1056\" height=\"642\" srcset=\"https:\/\/coinkickoff.com\/wp-content\/uploads\/binance-buy-sell-crypto.png 1056w, https:\/\/coinkickoff.com\/wp-content\/uploads\/binance-buy-sell-crypto-300x182.png 300w, https:\/\/coinkickoff.com\/wp-content\/uploads\/binance-buy-sell-crypto-1024x623.png 1024w, https:\/\/coinkickoff.com\/wp-content\/uploads\/binance-buy-sell-crypto-768x467.png 768w, https:\/\/coinkickoff.com\/wp-content\/uploads\/binance-buy-sell-crypto-18x12.png 18w\" sizes=\"auto, (max-width: 1056px) 100vw, 1056px\" \/><\/p>\n<p><span style=\"font-weight: 400;\">Al\/Sat sayfas\u0131na geldi\u011finizde, harcamak istedi\u011finiz para miktar\u0131n\u0131 veya sat\u0131n almak istedi\u011finiz kripto miktar\u0131n\u0131 girerek kolayca kripto sat\u0131n al\u0131r veya satars\u0131n\u0131z.<\/span><\/p>\n<p><img loading=\"lazy\" decoding=\"async\" class=\"alignnone wp-image-3250 size-full\" src=\"https:\/\/coinkickoff.com\/wp-content\/uploads\/binance-buy-sell-crypto-2.png\" alt=\"\" width=\"1079\" height=\"634\" srcset=\"https:\/\/coinkickoff.com\/wp-content\/uploads\/binance-buy-sell-crypto-2.png 1079w, https:\/\/coinkickoff.com\/wp-content\/uploads\/binance-buy-sell-crypto-2-300x176.png 300w, https:\/\/coinkickoff.com\/wp-content\/uploads\/binance-buy-sell-crypto-2-1024x602.png 1024w, https:\/\/coinkickoff.com\/wp-content\/uploads\/binance-buy-sell-crypto-2-768x451.png 768w, https:\/\/coinkickoff.com\/wp-content\/uploads\/binance-buy-sell-crypto-2-18x12.png 18w\" sizes=\"auto, (max-width: 1079px) 100vw, 1079px\" \/><\/p>\n<p><span style=\"font-weight: 400;\">Ne kadar para harcamak istedi\u011finizi girdikten sonra, ne kadar kripto alaca\u011f\u0131n\u0131z\u0131 g\u00f6receksiniz.<\/span><\/p>\n<p><img loading=\"lazy\" decoding=\"async\" class=\"alignnone wp-image-3252 size-full\" src=\"https:\/\/coinkickoff.com\/wp-content\/uploads\/binance-crypto-buy-sell-5.png\" alt=\"\" width=\"1047\" height=\"640\" srcset=\"https:\/\/coinkickoff.com\/wp-content\/uploads\/binance-crypto-buy-sell-5.png 1047w, https:\/\/coinkickoff.com\/wp-content\/uploads\/binance-crypto-buy-sell-5-300x183.png 300w, https:\/\/coinkickoff.com\/wp-content\/uploads\/binance-crypto-buy-sell-5-1024x626.png 1024w, https:\/\/coinkickoff.com\/wp-content\/uploads\/binance-crypto-buy-sell-5-768x469.png 768w, https:\/\/coinkickoff.com\/wp-content\/uploads\/binance-crypto-buy-sell-5-18x12.png 18w\" sizes=\"auto, (max-width: 1047px) 100vw, 1047px\" \/><\/p>\n<p><span style=\"font-weight: 400;\">Dogecoin sat\u0131n almak istedi\u011finiz i\u00e7in, devam edin ve <a href=\"https:\/\/coinkickoff.com\/tr\/bitcoin-btc\/\" data-internallinksmanager029f6b8e52c=\"1\" title=\"Bitcoin (BTC) Nedir? Fiyat, Tarih\u00e7e ve Nereden Al\u0131n\u0131r\">BTC<\/a> \"Al\" sekmesindeki sembol\u00fc se\u00e7in. Bu, sat\u0131n alabilece\u011finiz t\u00fcm farkl\u0131 varl\u0131klar\u0131n bir men\u00fcs\u00fcn\u00fc a\u00e7ar. Kolayca bulmak i\u00e7in men\u00fcn\u00fcn arama \u00e7ubu\u011funa DOGE yaz\u0131n.<\/span><\/p>\n<p><img loading=\"lazy\" decoding=\"async\" class=\"alignnone wp-image-3255 size-full\" src=\"https:\/\/coinkickoff.com\/wp-content\/uploads\/BINANCE-DOGE-SELECT.png\" alt=\"\" width=\"1195\" height=\"649\" srcset=\"https:\/\/coinkickoff.com\/wp-content\/uploads\/BINANCE-DOGE-SELECT.png 1195w, https:\/\/coinkickoff.com\/wp-content\/uploads\/BINANCE-DOGE-SELECT-300x163.png 300w, https:\/\/coinkickoff.com\/wp-content\/uploads\/BINANCE-DOGE-SELECT-1024x556.png 1024w, https:\/\/coinkickoff.com\/wp-content\/uploads\/BINANCE-DOGE-SELECT-768x417.png 768w, https:\/\/coinkickoff.com\/wp-content\/uploads\/BINANCE-DOGE-SELECT-18x10.png 18w\" sizes=\"auto, (max-width: 1195px) 100vw, 1195px\" \/><\/p>\n<p><span style=\"font-weight: 400;\">Bunu se\u00e7ti\u011finizde, sayfa harcamak istedi\u011finiz para miktar\u0131 i\u00e7in ne kadar DOGE sat\u0131n alabilece\u011finizi g\u00f6sterecektir.<\/span><\/p>\n<p><img loading=\"lazy\" decoding=\"async\" class=\"alignnone wp-image-3261 size-large\" src=\"https:\/\/coinkickoff.com\/wp-content\/uploads\/buy-doge-on-binance-2-1024x573.png\" alt=\"binance \u00fczerinden dogecoin sat\u0131n al\u0131n\" width=\"1024\" height=\"573\" srcset=\"https:\/\/coinkickoff.com\/wp-content\/uploads\/buy-doge-on-binance-2-1024x573.png 1024w, https:\/\/coinkickoff.com\/wp-content\/uploads\/buy-doge-on-binance-2-300x168.png 300w, https:\/\/coinkickoff.com\/wp-content\/uploads\/buy-doge-on-binance-2-768x430.png 768w, https:\/\/coinkickoff.com\/wp-content\/uploads\/buy-doge-on-binance-2-18x10.png 18w, https:\/\/coinkickoff.com\/wp-content\/uploads\/buy-doge-on-binance-2.png 1432w\" sizes=\"auto, (max-width: 1024px) 100vw, 1024px\" \/><\/p>\n<p><span style=\"font-weight: 400;\">Son olarak, DOGE SATIN AL'a t\u0131klay\u0131n. Binance \u00fczerinden Dogecoin sat\u0131n almak i\u015fte bu kadar kolay.<\/span><\/p>\n<p><span style=\"font-weight: 400;\">Farkl\u0131 borsalarda Dogecoin veya di\u011fer dijital varl\u0131klar\u0131 sat\u0131n almak istiyorsan\u0131z, \u015fu sayfam\u0131za g\u00f6z at\u0131n <\/span><a href=\"https:\/\/coinkickoff.com\/tr\/crypto-exchanges\/\"><span style=\"font-weight: 400;\">En iyi 22 kripto para borsas\u0131n\u0131n incelemeleri<\/span><\/a><span style=\"font-weight: 400;\"> ve di\u011fer sekiz alternatif.<\/span><\/p>","protected":false},"excerpt":{"rendered":"<p>Binance'de Dogecoin Nas\u0131l Sat\u0131n Al\u0131n\u0131r Dogecoin, t\u00fcm pop\u00fcler kripto borsalar\u0131nda i\u015flem yapabilece\u011finiz \u00fcnl\u00fc bir kripto para birimidir. DOGE \u00e7o\u011funlukla bir meme veya \u015faka coin olarak bilinir. Bunun nedeni, varl\u0131\u011f\u0131n de\u011fer aktarmak veya belirli bir kullan\u0131m durumu i\u00e7in piyasa bo\u015flu\u011funu doldurmak \u00fczere tasarlanmam\u0131\u015f olmas\u0131d\u0131r. Bununla birlikte, varl\u0131k [...]<\/p>","protected":false},"author":3,"featured_media":3261,"parent":3196,"menu_order":0,"comment_status":"closed","ping_status":"closed","template":"","meta":{"_genesis_hide_title":false,"_genesis_hide_breadcrumbs":false,"_genesis_hide_singular_image":false,"_genesis_hide_footer_widgets":false,"_genesis_custom_body_class":"","_genesis_custom_post_class":"","_genesis_layout":"","_glsr_average":0,"_glsr_ranking":0,"_glsr_reviews":0,"footnotes":""},"class_list":{"0":"post-3244","1":"page","2":"type-page","3":"status-publish","4":"has-post-thumbnail","6":"entry"},"featured_image_src":"https:\/\/coinkickoff.com\/wp-content\/uploads\/buy-doge-on-binance-2-600x400.png","featured_image_src_square":"https:\/\/coinkickoff.com\/wp-content\/uploads\/buy-doge-on-binance-2-600x600.png","_links":{"self":[{"href":"https:\/\/coinkickoff.com\/tr\/wp-json\/wp\/v2\/pages\/3244","targetHints":{"allow":["GET"]}}],"collection":[{"href":"https:\/\/coinkickoff.com\/tr\/wp-json\/wp\/v2\/pages"}],"about":[{"href":"https:\/\/coinkickoff.com\/tr\/wp-json\/wp\/v2\/types\/page"}],"author":[{"embeddable":true,"href":"https:\/\/coinkickoff.com\/tr\/wp-json\/wp\/v2\/users\/3"}],"replies":[{"embeddable":true,"href":"https:\/\/coinkickoff.com\/tr\/wp-json\/wp\/v2\/comments?post=3244"}],"version-history":[{"count":4,"href":"https:\/\/coinkickoff.com\/tr\/wp-json\/wp\/v2\/pages\/3244\/revisions"}],"predecessor-version":[{"id":4487,"href":"https:\/\/coinkickoff.com\/tr\/wp-json\/wp\/v2\/pages\/3244\/revisions\/4487"}],"up":[{"embeddable":true,"href":"https:\/\/coinkickoff.com\/tr\/wp-json\/wp\/v2\/pages\/3196"}],"wp:featuredmedia":[{"embeddable":true,"href":"https:\/\/coinkickoff.com\/tr\/wp-json\/wp\/v2\/media\/3261"}],"wp:attachment":[{"href":"https:\/\/coinkickoff.com\/tr\/wp-json\/wp\/v2\/media?parent=3244"}],"curies":[{"name":"wp","href":"https:\/\/api.w.org\/{rel}","templated":true}]}}