{"id":3203,"date":"2026-01-08T14:07:32","date_gmt":"2026-01-08T14:07:32","guid":{"rendered":"https:\/\/coinkickoff.com\/?page_id=3203"},"modified":"2026-01-08T14:07:32","modified_gmt":"2026-01-08T14:07:32","slug":"how-to-buy-dogecoin-on-bybit","status":"publish","type":"page","link":"https:\/\/coinkickoff.com\/tr\/how-to-buy-dogecoin\/how-to-buy-dogecoin-on-bybit\/","title":{"rendered":"Bybit'te Dogecoin (DOGE) Nas\u0131l Sat\u0131n Al\u0131n\u0131r"},"content":{"rendered":"<div id=\"ez-toc-container\" class=\"ez-toc-v2_0_80 counter-hierarchy ez-toc-counter ez-toc-transparent ez-toc-container-direction\">\n<div class=\"ez-toc-title-container\">\n<p class=\"ez-toc-title\" style=\"cursor:inherit\">B\u00f6l\u00fcmler<\/p>\n<span class=\"ez-toc-title-toggle\"><a href=\"#\" class=\"ez-toc-pull-right ez-toc-btn ez-toc-btn-xs ez-toc-btn-default ez-toc-toggle\" aria-label=\"\u0130\u00e7indekiler Tablosunu A\u00e7\/Kapat\"><span class=\"ez-toc-js-icon-con\"><span class=\"\"><span class=\"eztoc-hide\" style=\"display:none;\">Ge\u00e7i\u015f<\/span><span class=\"ez-toc-icon-toggle-span\"><svg style=\"fill: #999;color:#999\" xmlns=\"http:\/\/www.w3.org\/2000\/svg\" class=\"list-377408\" width=\"20px\" height=\"20px\" viewbox=\"0 0 24 24\" fill=\"none\"><path d=\"M6 6H4v2h2V6zm14 0H8v2h12V6zM4 11h2v2H4v-2zm16 0H8v2h12v-2zM4 16h2v2H4v-2zm16 0H8v2h12v-2z\" fill=\"currentColor\"><\/path><\/svg><svg style=\"fill: #999;color:#999\" class=\"arrow-unsorted-368013\" xmlns=\"http:\/\/www.w3.org\/2000\/svg\" width=\"10px\" height=\"10px\" viewbox=\"0 0 24 24\" version=\"1.2\" baseprofile=\"tiny\"><path d=\"M18.2 9.3l-6.2-6.3-6.2 6.3c-.2.2-.3.4-.3.7s.1.5.3.7c.2.2.4.3.7.3h11c.3 0 .5-.1.7-.3.2-.2.3-.5.3-.7s-.1-.5-.3-.7zM5.8 14.7l6.2 6.3 6.2-6.3c.2-.2.3-.5.3-.7s-.1-.5-.3-.7c-.2-.2-.4-.3-.7-.3h-11c-.3 0-.5.1-.7.3-.2.2-.3.5-.3.7s.1.5.3.7z\"\/><\/svg><\/span><\/span><\/span><\/a><\/span><\/div>\n<nav><ul class='ez-toc-list ez-toc-list-level-1 eztoc-toggle-hide-by-default' ><li class='ez-toc-page-1 ez-toc-heading-level-2'><a class=\"ez-toc-link ez-toc-heading-1\" href=\"https:\/\/coinkickoff.com\/tr\/how-to-buy-dogecoin\/how-to-buy-dogecoin-on-bybit\/#How_to_Buy_Dogecoin_on_Bybit\" >Bybit'te Dogecoin Nas\u0131l Sat\u0131n Al\u0131n\u0131r<\/a><\/li><li class='ez-toc-page-1 ez-toc-heading-level-2'><a class=\"ez-toc-link ez-toc-heading-2\" href=\"https:\/\/coinkickoff.com\/tr\/how-to-buy-dogecoin\/how-to-buy-dogecoin-on-bybit\/#A_Step-By-Step_Guide_on_How_to_Buy_Dogecoin_on_Bybit\" >Bybit \u00dczerinden Dogecoin Nas\u0131l Sat\u0131n Al\u0131n\u0131r Ad\u0131m Ad\u0131m K\u0131lavuz<\/a><ul class='ez-toc-list-level-3' ><li class='ez-toc-heading-level-3'><a class=\"ez-toc-link ez-toc-heading-3\" href=\"https:\/\/coinkickoff.com\/tr\/how-to-buy-dogecoin\/how-to-buy-dogecoin-on-bybit\/#1_Register_an_Account\" >1. Bir Hesap A\u00e7\u0131n<\/a><\/li><li class='ez-toc-page-1 ez-toc-heading-level-3'><a class=\"ez-toc-link ez-toc-heading-4\" href=\"https:\/\/coinkickoff.com\/tr\/how-to-buy-dogecoin\/how-to-buy-dogecoin-on-bybit\/#2_Verify_Your_Account\" >2. Hesab\u0131n\u0131z\u0131 Do\u011frulay\u0131n<\/a><\/li><li class='ez-toc-page-1 ez-toc-heading-level-3'><a class=\"ez-toc-link ez-toc-heading-5\" href=\"https:\/\/coinkickoff.com\/tr\/how-to-buy-dogecoin\/how-to-buy-dogecoin-on-bybit\/#3_Deposit_FundsCrypto\" >3. Mevduat Fonlar\u0131\/Kripto<\/a><\/li><li class='ez-toc-page-1 ez-toc-heading-level-3'><a class=\"ez-toc-link ez-toc-heading-6\" href=\"https:\/\/coinkickoff.com\/tr\/how-to-buy-dogecoin\/how-to-buy-dogecoin-on-bybit\/#4_Navigate_to_the_Relevant_Screen_to_Buy\" >4. Sat\u0131n Almak i\u00e7in \u0130lgili Ekrana Gidin<\/a><\/li><\/ul><\/li><\/ul><\/nav><\/div>\n<h2><span class=\"ez-toc-section\" id=\"How_to_Buy_Dogecoin_on_Bybit\"><\/span><span style=\"font-weight: 400;\">Bybit'te Dogecoin Nas\u0131l Sat\u0131n Al\u0131n\u0131r<\/span><span class=\"ez-toc-section-end\"><\/span><\/h2>\n<p><span style=\"font-weight: 400;\">Bir yandan <a href=\"https:\/\/coinkickoff.com\/tr\/dogecoin-doge\/\" data-internallinksmanager029f6b8e52c=\"14\" title=\"Dogecoin (DOGE) Nedir? Nas\u0131l \u00c7al\u0131\u015f\u0131r ve Nereden Al\u0131n\u0131r?\">Dogecoin<\/a> \u00e7ok istikrarl\u0131 veya \u00f6zellikle kullan\u0131\u015fl\u0131 bir dijital varl\u0131k de\u011fildir, ancak komik meme benzeri do\u011fas\u0131 nedeniyle olduk\u00e7a \u00fcnl\u00fcd\u00fcr. Hemen hemen her borsada bulabilece\u011finiz i\u00e7in sat\u0131n almak da olduk\u00e7a kolayd\u0131r.\u00a0<\/span><\/p>\n<p><span style=\"font-weight: 400;\">DOGE kayna\u011f\u0131 neredeyse sonsuzdur, bu y\u00fczden ucuza sat\u0131n alabilirsiniz, ancak ger\u00e7ekten bir kullan\u0131m alan\u0131 olmad\u0131\u011f\u0131n\u0131 bilmelisiniz.<\/span><\/p>\n<p><span style=\"font-weight: 400;\">Bu makalede, Dogecoin'nin nas\u0131l sat\u0131n al\u0131naca\u011f\u0131n\u0131 a\u00e7\u0131klayaca\u011f\u0131z <a href=\"https:\/\/coinkickoff.com\/tr\/bybit-review\/\">Bybit<\/a> Ad\u0131m ad\u0131m. \u0130\u015fte ba\u015fl\u0131yoruz.<\/span><\/p>\n<h2><span class=\"ez-toc-section\" id=\"A_Step-By-Step_Guide_on_How_to_Buy_Dogecoin_on_Bybit\"><\/span><span style=\"font-weight: 400;\">Bybit \u00dczerinden Dogecoin Nas\u0131l Sat\u0131n Al\u0131n\u0131r Ad\u0131m Ad\u0131m K\u0131lavuz<\/span><span class=\"ez-toc-section-end\"><\/span><\/h2>\n<h3><span class=\"ez-toc-section\" id=\"1_Register_an_Account\"><\/span><span style=\"font-weight: 400;\">1. Bir Hesap A\u00e7\u0131n<\/span><span class=\"ez-toc-section-end\"><\/span><\/h3>\n<p><span style=\"font-weight: 400;\">Gitmek i\u00e7in bu ba\u011flant\u0131y\u0131 takip edin <\/span><a href=\"https:\/\/www.bybit.com\/en-US\/register?irclickid=zLJWgJTKIxyNWiW0o%3AzEUxRnUkAWQmSxHzEAWw0&amp;irgwc=1&amp;srcexid=469064&amp;utmsource=impact&amp;srcplatform=1&amp;Sharedid=\" target=\"_blank\" rel=\"noopener\"><span style=\"font-weight: 400;\">Bybit'in resmi web sitesi<\/span><\/a><span style=\"font-weight: 400;\"> ve bir hesap a\u00e7mak i\u00e7in \"Kaydol \"a t\u0131klay\u0131n.\u00a0<\/span><\/p>\n<p><img loading=\"lazy\" decoding=\"async\" class=\"alignnone wp-image-3213 size-full\" src=\"https:\/\/coinkickoff.com\/wp-content\/uploads\/bybit-create-account.png\" alt=\"bybit&#039;te dogecoin nas\u0131l sat\u0131n al\u0131n\u0131r hesap olu\u015ftur\" width=\"1437\" height=\"723\" srcset=\"https:\/\/coinkickoff.com\/wp-content\/uploads\/bybit-create-account.png 1437w, https:\/\/coinkickoff.com\/wp-content\/uploads\/bybit-create-account-300x151.png 300w, https:\/\/coinkickoff.com\/wp-content\/uploads\/bybit-create-account-1024x515.png 1024w, https:\/\/coinkickoff.com\/wp-content\/uploads\/bybit-create-account-768x386.png 768w, https:\/\/coinkickoff.com\/wp-content\/uploads\/bybit-create-account-18x9.png 18w\" sizes=\"auto, (max-width: 1437px) 100vw, 1437px\" \/><\/p>\n<p><span style=\"font-weight: 400;\">A\u00e7\u0131l\u0131\u015f <a href=\"https:\/\/coinkickoff.com\/tr\/bybit-review\/\" data-internallinksmanager029f6b8e52c=\"157\" title=\"Bybit Yorumlar\u0131 2024: \u00d6zellikler, \u00dccretler, G\u00fcvenlik, Art\u0131lar ve Eksiler\">Bybit<\/a> hesab\u0131 a\u00e7mak \u00e7ok kolayd\u0131r: E-posta veya telefon numaran\u0131zla kaydolabilirsiniz. Ayr\u0131ca Google veya Apple kimli\u011finizle de kaydolabilirsiniz.\u00a0<\/span><\/p>\n<h3><span class=\"ez-toc-section\" id=\"2_Verify_Your_Account\"><\/span><span style=\"font-weight: 400;\">2. Hesab\u0131n\u0131z\u0131 Do\u011frulay\u0131n<\/span><span class=\"ez-toc-section-end\"><\/span><\/h3>\n<p><span style=\"font-weight: 400;\">Kesin konu\u015fmak gerekirse, Bybit'te i\u015flem yapmak i\u00e7in kimlik do\u011frulamas\u0131n\u0131 tamamlaman\u0131z gerekmez. Platform, do\u011frulama yapmadan dijital varl\u0131klar\u0131 al\u0131p satman\u0131za ve \u00e7ekmenize olanak tan\u0131r.\u00a0<\/span><\/p>\n<p><span style=\"font-weight: 400;\">Bu, zaten dijital varl\u0131klara sahipseniz do\u011frulama ad\u0131m\u0131n\u0131 atlayabilece\u011finiz anlam\u0131na gelir. Tek yapman\u0131z gereken, varl\u0131klar\u0131n\u0131z\u0131n bir k\u0131sm\u0131n\u0131 Bybit hesab\u0131n\u0131za g\u00f6ndermek ve bunlar\u0131 platformda DOGE sat\u0131n almak i\u00e7in kullanabilirsiniz.<\/span><\/p>\n<p><img loading=\"lazy\" decoding=\"async\" class=\"alignnone wp-image-3215 size-full\" src=\"https:\/\/coinkickoff.com\/wp-content\/uploads\/bybit-crypto-deposit.png\" alt=\"\" width=\"1372\" height=\"659\" srcset=\"https:\/\/coinkickoff.com\/wp-content\/uploads\/bybit-crypto-deposit.png 1372w, https:\/\/coinkickoff.com\/wp-content\/uploads\/bybit-crypto-deposit-300x144.png 300w, https:\/\/coinkickoff.com\/wp-content\/uploads\/bybit-crypto-deposit-1024x492.png 1024w, https:\/\/coinkickoff.com\/wp-content\/uploads\/bybit-crypto-deposit-768x369.png 768w, https:\/\/coinkickoff.com\/wp-content\/uploads\/bybit-crypto-deposit-18x9.png 18w\" sizes=\"auto, (max-width: 1372px) 100vw, 1372px\" \/><\/p>\n<p><span style=\"font-weight: 400;\">Ancak, herhangi bir kripto paraya sahip de\u011filseniz, i\u015flem yapmaya ba\u015flamak i\u00e7in Bybit hesab\u0131n\u0131za para yat\u0131rman\u0131z gerekir. Bu, kimlik do\u011frulamas\u0131n\u0131 da tamamlaman\u0131z gerekti\u011fi anlam\u0131na gelir.\u00a0<\/span><\/p>\n<p><span style=\"font-weight: 400;\">Do\u011frulama i\u015flemini ba\u015flatmak i\u00e7in, kontrol panelinde (sa\u011f \u00fcstte) \"Profil \"i se\u00e7in. Profil sayfan\u0131zda \"Kimlik do\u011frulama \"ya t\u0131klay\u0131n.<\/span><\/p>\n<p><img loading=\"lazy\" decoding=\"async\" class=\"alignnone wp-image-3214 size-full\" src=\"https:\/\/coinkickoff.com\/wp-content\/uploads\/bybit-dashboard.png\" alt=\"\" width=\"1416\" height=\"232\" srcset=\"https:\/\/coinkickoff.com\/wp-content\/uploads\/bybit-dashboard.png 1416w, https:\/\/coinkickoff.com\/wp-content\/uploads\/bybit-dashboard-300x49.png 300w, https:\/\/coinkickoff.com\/wp-content\/uploads\/bybit-dashboard-1024x168.png 1024w, https:\/\/coinkickoff.com\/wp-content\/uploads\/bybit-dashboard-768x126.png 768w, https:\/\/coinkickoff.com\/wp-content\/uploads\/bybit-dashboard-18x3.png 18w\" sizes=\"auto, (max-width: 1416px) 100vw, 1416px\" \/><\/p>\n<p><span style=\"font-weight: 400;\">Do\u011frulama i\u015flemini ba\u015flatmak i\u00e7in \"\u015eimdi Do\u011frula\" d\u00fc\u011fmesine t\u0131klaman\u0131z yeterlidir.<\/span><\/p>\n<p><img loading=\"lazy\" decoding=\"async\" class=\"alignnone wp-image-3212 size-full\" src=\"https:\/\/coinkickoff.com\/wp-content\/uploads\/bybit-identity-verification.png\" alt=\"bybit kimlik do\u011frulama\" width=\"1432\" height=\"792\" srcset=\"https:\/\/coinkickoff.com\/wp-content\/uploads\/bybit-identity-verification.png 1432w, https:\/\/coinkickoff.com\/wp-content\/uploads\/bybit-identity-verification-300x166.png 300w, https:\/\/coinkickoff.com\/wp-content\/uploads\/bybit-identity-verification-1024x566.png 1024w, https:\/\/coinkickoff.com\/wp-content\/uploads\/bybit-identity-verification-768x425.png 768w, https:\/\/coinkickoff.com\/wp-content\/uploads\/bybit-identity-verification-18x10.png 18w\" sizes=\"auto, (max-width: 1432px) 100vw, 1432px\" \/><\/p>\n<p><span style=\"font-weight: 400;\">Kimlik do\u011frulama kontrol\u00fcn\u00fc ge\u00e7mek i\u00e7in devlet taraf\u0131ndan verilmi\u015f ge\u00e7erli bir foto\u011frafl\u0131 kimlik ve bir selfie y\u00fcklemeniz gerekir.<\/span><\/p>\n<h3><span class=\"ez-toc-section\" id=\"3_Deposit_FundsCrypto\"><\/span><span style=\"font-weight: 400;\">3. Mevduat Fonlar\u0131\/Kripto<\/span><span class=\"ez-toc-section-end\"><\/span><\/h3>\n<p><span style=\"font-weight: 400;\">Kimlik do\u011frulamas\u0131n\u0131 tamamlad\u0131ktan sonra, Bybit hesab\u0131n\u0131za fiat para birimi yat\u0131rabilirsiniz. Kontrol panelinde \"Kripto Sat\u0131n Al\" se\u00e7ene\u011fine t\u0131klay\u0131n ve a\u00e7\u0131l\u0131r men\u00fcden \"Fiat Para Yat\u0131rma\" se\u00e7ene\u011fini se\u00e7in.<\/span><\/p>\n<p><img loading=\"lazy\" decoding=\"async\" class=\"alignnone wp-image-3208 size-full\" src=\"https:\/\/coinkickoff.com\/wp-content\/uploads\/bybit-fiat-deposit.png\" alt=\"bybit fiat para yat\u0131rma\" width=\"1432\" height=\"630\" srcset=\"https:\/\/coinkickoff.com\/wp-content\/uploads\/bybit-fiat-deposit.png 1432w, https:\/\/coinkickoff.com\/wp-content\/uploads\/bybit-fiat-deposit-300x132.png 300w, https:\/\/coinkickoff.com\/wp-content\/uploads\/bybit-fiat-deposit-1024x451.png 1024w, https:\/\/coinkickoff.com\/wp-content\/uploads\/bybit-fiat-deposit-768x338.png 768w, https:\/\/coinkickoff.com\/wp-content\/uploads\/bybit-fiat-deposit-18x8.png 18w\" sizes=\"auto, (max-width: 1432px) 100vw, 1432px\" \/><\/p>\n<p><span style=\"font-weight: 400;\">Para yat\u0131rma sayfas\u0131nda, tercih etti\u011finiz para birimini se\u00e7in, ne kadar yat\u0131rmak istedi\u011finizi girin ve bir para yat\u0131rma y\u00f6ntemi se\u00e7in. Para yat\u0131rma y\u00f6ntemleri fiat para birimine g\u00f6re de\u011fi\u015fir, ancak Advcash \u00e7e\u015fitli fiat se\u00e7enekleri i\u00e7in kullan\u0131labilir.<\/span><\/p>\n<p><img loading=\"lazy\" decoding=\"async\" class=\"alignnone wp-image-3209 size-full\" src=\"https:\/\/coinkickoff.com\/wp-content\/uploads\/bybitfiatdeposit2.png\" alt=\"bybit fiat para yat\u0131rma\" width=\"1418\" height=\"783\" srcset=\"https:\/\/coinkickoff.com\/wp-content\/uploads\/bybitfiatdeposit2.png 1418w, https:\/\/coinkickoff.com\/wp-content\/uploads\/bybitfiatdeposit2-300x166.png 300w, https:\/\/coinkickoff.com\/wp-content\/uploads\/bybitfiatdeposit2-1024x565.png 1024w, https:\/\/coinkickoff.com\/wp-content\/uploads\/bybitfiatdeposit2-768x424.png 768w, https:\/\/coinkickoff.com\/wp-content\/uploads\/bybitfiatdeposit2-18x10.png 18w\" sizes=\"auto, (max-width: 1418px) 100vw, 1418px\" \/><\/p>\n<p><span style=\"font-weight: 400;\">\u00d6deme y\u00f6ntemini se\u00e7tikten sonra, \"\u015fartlar ve hizmetleri\" kabul edin ve devam et'e t\u0131klay\u0131n.<\/span><\/p>\n<h3><span class=\"ez-toc-section\" id=\"4_Navigate_to_the_Relevant_Screen_to_Buy\"><\/span><span style=\"font-weight: 400;\">4. Sat\u0131n Almak i\u00e7in \u0130lgili Ekrana Gidin<\/span><span class=\"ez-toc-section-end\"><\/span><\/h3>\n<p><span style=\"font-weight: 400;\">Bybit hesab\u0131n\u0131za bir miktar para yat\u0131rd\u0131ktan sonra, DOGE sat\u0131n almak \u00e7ok basittir. G\u00f6sterge Tablosunda \"Kripto Sat\u0131n Al \"a t\u0131klay\u0131n ve \"Tek T\u0131kla Sat\u0131n Al \"\u0131 se\u00e7in. Bu sizi kolay al\u0131m\/sat\u0131m sayfas\u0131na g\u00f6t\u00fcrecektir.<\/span><\/p>\n<p><img loading=\"lazy\" decoding=\"async\" class=\"alignnone wp-image-3211 size-full\" src=\"https:\/\/coinkickoff.com\/wp-content\/uploads\/bybit-one-click-buy-2.png\" alt=\"bybit tek t\u0131kla 2 al\" width=\"1433\" height=\"795\" srcset=\"https:\/\/coinkickoff.com\/wp-content\/uploads\/bybit-one-click-buy-2.png 1433w, https:\/\/coinkickoff.com\/wp-content\/uploads\/bybit-one-click-buy-2-300x166.png 300w, https:\/\/coinkickoff.com\/wp-content\/uploads\/bybit-one-click-buy-2-1024x568.png 1024w, https:\/\/coinkickoff.com\/wp-content\/uploads\/bybit-one-click-buy-2-768x426.png 768w, https:\/\/coinkickoff.com\/wp-content\/uploads\/bybit-one-click-buy-2-18x10.png 18w\" sizes=\"auto, (max-width: 1433px) 100vw, 1433px\" \/><\/p>\n<p><span style=\"font-weight: 400;\"><img loading=\"lazy\" decoding=\"async\" class=\"alignnone wp-image-3210 size-full\" src=\"https:\/\/coinkickoff.com\/wp-content\/uploads\/oneclickbuy-bybit-1.png\" alt=\"tek t\u0131kla bybit sat\u0131n al\" width=\"1429\" height=\"792\" srcset=\"https:\/\/coinkickoff.com\/wp-content\/uploads\/oneclickbuy-bybit-1.png 1429w, https:\/\/coinkickoff.com\/wp-content\/uploads\/oneclickbuy-bybit-1-300x166.png 300w, https:\/\/coinkickoff.com\/wp-content\/uploads\/oneclickbuy-bybit-1-1024x568.png 1024w, https:\/\/coinkickoff.com\/wp-content\/uploads\/oneclickbuy-bybit-1-768x426.png 768w, https:\/\/coinkickoff.com\/wp-content\/uploads\/oneclickbuy-bybit-1-18x10.png 18w\" sizes=\"auto, (max-width: 1429px) 100vw, 1429px\" \/>Al\/Sat sayfas\u0131nda, sat\u0131n almak istedi\u011finiz kripto paray\u0131 se\u00e7in ve harcamak istedi\u011finiz para miktar\u0131n\u0131 girin. Hesaplay\u0131c\u0131, dolarlar\u0131n\u0131z kar\u015f\u0131l\u0131\u011f\u0131nda ne kadar DOGE alaca\u011f\u0131n\u0131z\u0131 otomatik olarak g\u00f6sterecektir.<\/span><\/p>\n<p><span style=\"font-weight: 400;\">Son olarak, \u00f6deme y\u00f6ntemini fiat bakiyesi olarak se\u00e7in ve \"USD ile Sat\u0131n Al\" se\u00e7ene\u011fine t\u0131klay\u0131n.<\/span><\/p>\n<p><span style=\"font-weight: 400;\">Tebrikler!<\/span><\/p>\n<p>Farkl\u0131 borsalarda Dogecoin veya di\u011fer dijital varl\u0131klar\u0131 sat\u0131n almak istiyorsan\u0131z, \u015fu sayfam\u0131za g\u00f6z at\u0131n\u00a0<a href=\"https:\/\/coinkickoff.com\/tr\/crypto-exchanges\/\">En iyi 22 kripto para borsas\u0131n\u0131n incelemeleri<\/a>\u00a0ve di\u011fer sekiz alternatif.<\/p>","protected":false},"excerpt":{"rendered":"<p>Bybit'te Dogecoin Nas\u0131l Sat\u0131n Al\u0131n\u0131r Dogecoin \u00e7ok istikrarl\u0131 veya \u00f6zellikle kullan\u0131\u015fl\u0131 bir dijital varl\u0131k olmasa da, komik meme benzeri do\u011fas\u0131 nedeniyle olduk\u00e7a \u00fcnl\u00fcd\u00fcr. Hemen hemen her borsada bulabilece\u011finiz i\u00e7in sat\u0131n almak da olduk\u00e7a kolayd\u0131r.  DOGE arz\u0131 neredeyse sonsuzdur, bu nedenle [...] kar\u015f\u0131l\u0131\u011f\u0131nda sat\u0131n alabilirsiniz.<\/p>","protected":false},"author":3,"featured_media":1199,"parent":3196,"menu_order":0,"comment_status":"closed","ping_status":"closed","template":"","meta":{"_genesis_hide_title":false,"_genesis_hide_breadcrumbs":false,"_genesis_hide_singular_image":false,"_genesis_hide_footer_widgets":false,"_genesis_custom_body_class":"","_genesis_custom_post_class":"","_genesis_layout":"","_glsr_average":0,"_glsr_ranking":0,"_glsr_reviews":0,"footnotes":""},"class_list":{"0":"post-3203","1":"page","2":"type-page","3":"status-publish","4":"has-post-thumbnail","6":"entry"},"featured_image_src":"https:\/\/coinkickoff.com\/wp-content\/uploads\/bybit-homepage-600x400.png","featured_image_src_square":"https:\/\/coinkickoff.com\/wp-content\/uploads\/bybit-homepage-600x600.png","_links":{"self":[{"href":"https:\/\/coinkickoff.com\/tr\/wp-json\/wp\/v2\/pages\/3203","targetHints":{"allow":["GET"]}}],"collection":[{"href":"https:\/\/coinkickoff.com\/tr\/wp-json\/wp\/v2\/pages"}],"about":[{"href":"https:\/\/coinkickoff.com\/tr\/wp-json\/wp\/v2\/types\/page"}],"author":[{"embeddable":true,"href":"https:\/\/coinkickoff.com\/tr\/wp-json\/wp\/v2\/users\/3"}],"replies":[{"embeddable":true,"href":"https:\/\/coinkickoff.com\/tr\/wp-json\/wp\/v2\/comments?post=3203"}],"version-history":[{"count":5,"href":"https:\/\/coinkickoff.com\/tr\/wp-json\/wp\/v2\/pages\/3203\/revisions"}],"predecessor-version":[{"id":4490,"href":"https:\/\/coinkickoff.com\/tr\/wp-json\/wp\/v2\/pages\/3203\/revisions\/4490"}],"up":[{"embeddable":true,"href":"https:\/\/coinkickoff.com\/tr\/wp-json\/wp\/v2\/pages\/3196"}],"wp:featuredmedia":[{"embeddable":true,"href":"https:\/\/coinkickoff.com\/tr\/wp-json\/wp\/v2\/media\/1199"}],"wp:attachment":[{"href":"https:\/\/coinkickoff.com\/tr\/wp-json\/wp\/v2\/media?parent=3203"}],"curies":[{"name":"wp","href":"https:\/\/api.w.org\/{rel}","templated":true}]}}