{"id":3196,"date":"2026-01-08T14:07:36","date_gmt":"2026-01-08T14:07:36","guid":{"rendered":"https:\/\/coinkickoff.com\/?page_id=3196"},"modified":"2026-01-08T14:07:36","modified_gmt":"2026-01-08T14:07:36","slug":"how-to-buy-dogecoin","status":"publish","type":"page","link":"https:\/\/coinkickoff.com\/tr\/how-to-buy-dogecoin\/","title":{"rendered":"Dogecoin (DOGE) Nas\u0131l Sat\u0131n Al\u0131n\u0131r"},"content":{"rendered":"<p><span style=\"font-weight: 400;\"><img loading=\"lazy\" decoding=\"async\" class=\"aligncenter wp-image-155 size-full\" src=\"https:\/\/coinkickoff.com\/wp-content\/uploads\/2022\/06\/Dogecoin-DOGE.jpg\" alt=\"dogecoin nas\u0131l sat\u0131n al\u0131n\u0131r\" width=\"1000\" height=\"800\" srcset=\"https:\/\/coinkickoff.com\/wp-content\/uploads\/2022\/06\/Dogecoin-DOGE.jpg 1000w, https:\/\/coinkickoff.com\/wp-content\/uploads\/2022\/06\/Dogecoin-DOGE-300x240.jpg 300w, https:\/\/coinkickoff.com\/wp-content\/uploads\/2022\/06\/Dogecoin-DOGE-768x614.jpg 768w, https:\/\/coinkickoff.com\/wp-content\/uploads\/2022\/06\/Dogecoin-DOGE-15x12.jpg 15w\" sizes=\"auto, (max-width: 1000px) 100vw, 1000px\" \/>E\u011fer sat\u0131n almak istiyorsan\u0131z <a href=\"https:\/\/coinkickoff.com\/tr\/dogecoin-doge\/\" data-internallinksmanager029f6b8e52c=\"14\" title=\"Dogecoin (DOGE) Nedir? Nas\u0131l \u00c7al\u0131\u015f\u0131r ve Nereden Al\u0131n\u0131r?\">Dogecoin<\/a> ve nereden ba\u015flayaca\u011f\u0131n\u0131z\u0131 bilmiyorsan\u0131z, do\u011fru yerdesiniz. Ad\u0131m ad\u0131m talimatlarla DOGE'yi nas\u0131l ve nereden sat\u0131n alaca\u011f\u0131n\u0131z\u0131 size g\u00f6sterece\u011fiz.<\/span><\/p>\n<div id=\"ez-toc-container\" class=\"ez-toc-v2_0_80 counter-hierarchy ez-toc-counter ez-toc-transparent ez-toc-container-direction\">\n<div class=\"ez-toc-title-container\">\n<p class=\"ez-toc-title\" style=\"cursor:inherit\">B\u00f6l\u00fcmler<\/p>\n<span class=\"ez-toc-title-toggle\"><a href=\"#\" class=\"ez-toc-pull-right ez-toc-btn ez-toc-btn-xs ez-toc-btn-default ez-toc-toggle\" aria-label=\"\u0130\u00e7indekiler Tablosunu A\u00e7\/Kapat\"><span class=\"ez-toc-js-icon-con\"><span class=\"\"><span class=\"eztoc-hide\" style=\"display:none;\">Ge\u00e7i\u015f<\/span><span class=\"ez-toc-icon-toggle-span\"><svg style=\"fill: #999;color:#999\" xmlns=\"http:\/\/www.w3.org\/2000\/svg\" class=\"list-377408\" width=\"20px\" height=\"20px\" viewbox=\"0 0 24 24\" fill=\"none\"><path d=\"M6 6H4v2h2V6zm14 0H8v2h12V6zM4 11h2v2H4v-2zm16 0H8v2h12v-2zM4 16h2v2H4v-2zm16 0H8v2h12v-2z\" fill=\"currentColor\"><\/path><\/svg><svg style=\"fill: #999;color:#999\" class=\"arrow-unsorted-368013\" xmlns=\"http:\/\/www.w3.org\/2000\/svg\" width=\"10px\" height=\"10px\" viewbox=\"0 0 24 24\" version=\"1.2\" baseprofile=\"tiny\"><path d=\"M18.2 9.3l-6.2-6.3-6.2 6.3c-.2.2-.3.4-.3.7s.1.5.3.7c.2.2.4.3.7.3h11c.3 0 .5-.1.7-.3.2-.2.3-.5.3-.7s-.1-.5-.3-.7zM5.8 14.7l6.2 6.3 6.2-6.3c.2-.2.3-.5.3-.7s-.1-.5-.3-.7c-.2-.2-.4-.3-.7-.3h-11c-.3 0-.5.1-.7.3-.2.2-.3.5-.3.7s.1.5.3.7z\"\/><\/svg><\/span><\/span><\/span><\/a><\/span><\/div>\n<nav><ul class='ez-toc-list ez-toc-list-level-1 eztoc-toggle-hide-by-default' ><li class='ez-toc-page-1 ez-toc-heading-level-2'><a class=\"ez-toc-link ez-toc-heading-1\" href=\"https:\/\/coinkickoff.com\/tr\/how-to-buy-dogecoin\/#What_Is_Dogecoin\" >Dogecoin Nedir?<\/a><\/li><li class='ez-toc-page-1 ez-toc-heading-level-2'><a class=\"ez-toc-link ez-toc-heading-2\" href=\"https:\/\/coinkickoff.com\/tr\/how-to-buy-dogecoin\/#Where_Can_I_Buy_Dogecoin\" >Dogecoin Nereden Sat\u0131n Alabilirim?<\/a><\/li><li class='ez-toc-page-1 ez-toc-heading-level-2'><a class=\"ez-toc-link ez-toc-heading-3\" href=\"https:\/\/coinkickoff.com\/tr\/how-to-buy-dogecoin\/#How_to_Buy_Dogecoin\" >Dogecoin Nas\u0131l Sat\u0131n Al\u0131n\u0131r<\/a><ul class='ez-toc-list-level-3' ><li class='ez-toc-heading-level-3'><a class=\"ez-toc-link ez-toc-heading-4\" href=\"https:\/\/coinkickoff.com\/tr\/how-to-buy-dogecoin\/#Choose_Your_Exchange\" >Borsan\u0131z\u0131 Se\u00e7in<\/a><\/li><li class='ez-toc-page-1 ez-toc-heading-level-3'><a class=\"ez-toc-link ez-toc-heading-5\" href=\"https:\/\/coinkickoff.com\/tr\/how-to-buy-dogecoin\/#Buy_DOGE\" >DOGE Sat\u0131n Al\u0131n<\/a><\/li><li class='ez-toc-page-1 ez-toc-heading-level-3'><a class=\"ez-toc-link ez-toc-heading-6\" href=\"https:\/\/coinkickoff.com\/tr\/how-to-buy-dogecoin\/#Store_Your_DOGE\" >DOGE'nizi Saklay\u0131n<\/a><ul class='ez-toc-list-level-4' ><li class='ez-toc-heading-level-4'><a class=\"ez-toc-link ez-toc-heading-7\" href=\"https:\/\/coinkickoff.com\/tr\/how-to-buy-dogecoin\/#Exchange_Wallet\" >De\u011fi\u015fim C\u00fczdan\u0131<\/a><\/li><li class='ez-toc-page-1 ez-toc-heading-level-4'><a class=\"ez-toc-link ez-toc-heading-8\" href=\"https:\/\/coinkickoff.com\/tr\/how-to-buy-dogecoin\/#Self-Custody_Hot_Wallets\" >Kendi Kendine Emanet S\u0131cak C\u00fczdanlar<\/a><\/li><li class='ez-toc-page-1 ez-toc-heading-level-4'><a class=\"ez-toc-link ez-toc-heading-9\" href=\"https:\/\/coinkickoff.com\/tr\/how-to-buy-dogecoin\/#Cold_Wallets\" >So\u011fuk C\u00fczdanlar<\/a><\/li><\/ul><\/li><\/ul><\/li><\/ul><\/nav><\/div>\n<h2><span class=\"ez-toc-section\" id=\"What_Is_Dogecoin\"><\/span><span style=\"font-weight: 400;\">Dogecoin Nedir?<\/span><span class=\"ez-toc-section-end\"><\/span><\/h2>\n<p><span style=\"font-weight: 400;\">\u0130nsanlar\u0131n a\u015fa\u011f\u0131dakilere at\u0131fta bulundu\u011funu duymu\u015f olabilirsiniz <\/span><a href=\"https:\/\/coinkickoff.com\/tr\/dogecoin-doge\/\"><span style=\"font-weight: 400;\">Dogecoin<\/span><\/a><span style=\"font-weight: 400;\"> bir meme olarak coin. Bu do\u011fru: Dogecoin'nin kurucular\u0131 Billy Marcus ve Jackson Palmer, bir foto\u011fraftan ilham ald\u0131lar. <\/span><a href=\"https:\/\/knowyourmeme.com\/memes\/doge\" target=\"_blank\" rel=\"noopener\"><span style=\"font-weight: 400;\">Shiba Inu k\u00f6pek i\u00e7eren meme<\/span><\/a><span style=\"font-weight: 400;\"> ve Dogecoin'yi \u00f6ncelikle bir \u015faka olarak ba\u015flatt\u0131.<\/span><\/p>\n<p><span style=\"font-weight: 400;\">coin, Tesla CEO'su Elon Musk'\u0131n dikkatini \u00e7ektikten sonra Reddit'te ald\u0131\u011f\u0131 hype nedeniyle pop\u00fcler hale geldi. <\/span><a href=\"https:\/\/uk.finance.yahoo.com\/news\/dogecoin-elon-musk-tweet-reddit-100947312.html\" target=\"_blank\" rel=\"noopener\"><span style=\"font-weight: 400;\">2021'de coin hakk\u0131nda tweet att\u0131<\/span><\/a><span style=\"font-weight: 400;\">. Musk'\u0131n kat\u0131l\u0131m\u0131 k\u0131sa bir s\u00fcre DOGE fiyatlar\u0131n\u0131n y\u00fckselmesine neden olsa da, varl\u0131k k\u0131sa s\u00fcre sonra de\u011ferinin \u00e7o\u011funu kaybetti.<\/span><\/p>\n<p><img loading=\"lazy\" decoding=\"async\" class=\"alignnone size-medium\" src=\"https:\/\/coinkickoff.com\/wp-content\/uploads\/1612461300-elon-musk-lion-king.jpg\" alt=\"ELON MUSK DOGE\" width=\"675\" height=\"380\" \/><\/p>\n<p><span style=\"font-weight: 400;\">Dogecoin'nin ger\u00e7ekten bir kullan\u0131m alan\u0131 yok: de\u011fer aktarmak i\u00e7in harika bir yol de\u011fil <\/span><a href=\"https:\/\/coinkickoff.com\/tr\/tether-usdt\/\"><span style=\"font-weight: 400;\">stablecoins<\/span><\/a><span style=\"font-weight: 400;\">\u00c7\u00fcnk\u00fc fiyatlar sabit de\u011fildir. Sonsuz bir arz\u0131 vard\u0131r (\u00f6rne\u011fin, aksine, <\/span><a href=\"https:\/\/coinkickoff.com\/tr\/bitcoin-btc\/\"><span style=\"font-weight: 400;\">Bitcoin<\/span><\/a><span style=\"font-weight: 400;\">), b\u00f6ylece zamanla daha az kullan\u0131labilir veya daha de\u011ferli hale gelmez.\u00a0<\/span><\/p>\n<p><span style=\"font-weight: 400;\">Piyasada milyarlarca DOGE var ve Dogecoin piyasa de\u011ferine g\u00f6re en b\u00fcy\u00fck kripto coins'lerden biri olmaya devam ediyor, ancak bu parasal de\u011fere d\u00f6n\u00fc\u015fm\u00fcyor.<\/span><\/p>\n<p><img loading=\"lazy\" decoding=\"async\" class=\"alignnone wp-image-3198 size-full\" src=\"https:\/\/coinkickoff.com\/wp-content\/uploads\/dogemarketcap.png\" alt=\"doge piyasa de\u011feri\" width=\"977\" height=\"573\" srcset=\"https:\/\/coinkickoff.com\/wp-content\/uploads\/dogemarketcap.png 977w, https:\/\/coinkickoff.com\/wp-content\/uploads\/dogemarketcap-300x176.png 300w, https:\/\/coinkickoff.com\/wp-content\/uploads\/dogemarketcap-768x450.png 768w, https:\/\/coinkickoff.com\/wp-content\/uploads\/dogemarketcap-18x12.png 18w\" sizes=\"auto, (max-width: 977px) 100vw, 977px\" \/><\/p>\n<p><span style=\"font-weight: 400;\">coin'yi \u00e7ok say\u0131da \u00e7\u0131karabilirsiniz, bu da onu o kadar da de\u011ferli yapmaz. Fiyat\u0131nda zaman zaman k\u0131sa s\u00fcreli dalgalanmalar ya\u015fan\u0131yor, bu da genellikle Musk gibi \u00fcnl\u00fclerin ayk\u0131r\u0131 a\u00e7\u0131klamalar\u0131 sayesinde oluyor.<\/span><\/p>\n<p><img loading=\"lazy\" decoding=\"async\" class=\"alignnone wp-image-3197 size-full\" src=\"https:\/\/coinkickoff.com\/wp-content\/uploads\/doge-price.png\" alt=\"DOGE fiyat\" width=\"973\" height=\"559\" srcset=\"https:\/\/coinkickoff.com\/wp-content\/uploads\/doge-price.png 973w, https:\/\/coinkickoff.com\/wp-content\/uploads\/doge-price-300x172.png 300w, https:\/\/coinkickoff.com\/wp-content\/uploads\/doge-price-768x441.png 768w, https:\/\/coinkickoff.com\/wp-content\/uploads\/doge-price-18x10.png 18w\" sizes=\"auto, (max-width: 973px) 100vw, 973px\" \/><\/p>\n<p><span style=\"font-weight: 400;\">Genel olarak, buna \u015faka gibi bir coin demek do\u011fru olur.<\/span><\/p>\n<h2><span class=\"ez-toc-section\" id=\"Where_Can_I_Buy_Dogecoin\"><\/span><span style=\"font-weight: 400;\">Dogecoin Nereden Sat\u0131n Alabilirim?<\/span><span class=\"ez-toc-section-end\"><\/span><\/h2>\n<p><span style=\"font-weight: 400;\">Dogecoin'yi \u00e7o\u011fu ma\u011fazadan sat\u0131n alabilirsiniz <a href=\"https:\/\/coinkickoff.com\/tr\/crypto-exchanges\/\" data-internallinksmanager029f6b8e52c=\"141\" title=\"21&#039;teki 2024 En \u0130yi Cryptocurrency Borsalar\u0131 ve Uygulamalar\u0131\">kripto borsalar\u0131<\/a>. <\/span><a href=\"https:\/\/coinmarketcap.com\/currencies\/dogecoin\/\" target=\"_blank\" rel=\"noopener\"><span style=\"font-weight: 400;\">Doge 16. en b\u00fcy\u00fck kripto para birimidir<\/span><\/a><span style=\"font-weight: 400;\"> Piyasa de\u011ferine g\u00f6re, bu nedenle genellikle pop\u00fcler borsalarda mevcuttur.<\/span><\/p>\n<p><img loading=\"lazy\" decoding=\"async\" class=\"alignnone wp-image-3199 size-full\" src=\"https:\/\/coinkickoff.com\/wp-content\/uploads\/doge-on-binance.png\" alt=\"Binance \u00fczerinde DOGE\" width=\"1366\" height=\"584\" srcset=\"https:\/\/coinkickoff.com\/wp-content\/uploads\/doge-on-binance.png 1366w, https:\/\/coinkickoff.com\/wp-content\/uploads\/doge-on-binance-300x128.png 300w, https:\/\/coinkickoff.com\/wp-content\/uploads\/doge-on-binance-1024x438.png 1024w, https:\/\/coinkickoff.com\/wp-content\/uploads\/doge-on-binance-768x328.png 768w, https:\/\/coinkickoff.com\/wp-content\/uploads\/doge-on-binance-18x8.png 18w\" sizes=\"auto, (max-width: 1366px) 100vw, 1366px\" \/><\/p>\n<p><span style=\"font-weight: 400;\">DOGE'yi fiat para birimleri ile a\u015fa\u011f\u0131daki gibi merkezi kripto borsalar\u0131ndan sat\u0131n alabilirsiniz <\/span><a href=\"https:\/\/coinkickoff.com\/tr\/coinbase-review\/\"><span style=\"font-weight: 400;\">Coinbase<\/span><\/a><span style=\"font-weight: 400;\">, <\/span><a href=\"https:\/\/coinkickoff.com\/tr\/binance-review\/\"><span style=\"font-weight: 400;\">Binance<\/span><\/a><span style=\"font-weight: 400;\">, <\/span><a href=\"https:\/\/coinkickoff.com\/tr\/kraken-review\/\"><span style=\"font-weight: 400;\">Kraken<\/span><\/a><span style=\"font-weight: 400;\">ve <\/span><a href=\"https:\/\/coinkickoff.com\/tr\/etoro-review\/\"><span style=\"font-weight: 400;\">eToro<\/span><\/a><span style=\"font-weight: 400;\">.<\/span><\/p>\n<p><span style=\"font-weight: 400;\">Zaten kripto paran\u0131z varsa, DOGE ve di\u011fer dijital varl\u0131klar\u0131 a\u015fa\u011f\u0131daki gibi merkezi olmayan borsalardan da sat\u0131n alabilirsiniz <\/span><a href=\"https:\/\/www.sushi.com\/\" target=\"_blank\" rel=\"noopener\"><span style=\"font-weight: 400;\">SushiSwap<\/span><\/a><span style=\"font-weight: 400;\"> veya <\/span><a href=\"https:\/\/uniswap.org\/\" target=\"_blank\" rel=\"noopener\"><span style=\"font-weight: 400;\">Uniswap<\/span><\/a><span style=\"font-weight: 400;\">. Bu borsalar arac\u0131lar olmadan e\u015fler aras\u0131 i\u015flemleri kolayla\u015ft\u0131r\u0131r.<\/span><\/p>\n<p><span style=\"font-weight: 400;\">Genellikle merkezi borsalardan daha ucuz olsalar da, gezinmeleri daha zor olabilir ve yeni ba\u015flayanlar i\u00e7in pek uygun de\u011fildirler. Elbette, biraz zaman ay\u0131r\u0131rsan\u0131z merkezi olmayan bir borsay\u0131 nas\u0131l kullanaca\u011f\u0131n\u0131z\u0131 kolayca \u00f6\u011frenebilirsiniz.<\/span><\/p>\n<h2><span class=\"ez-toc-section\" id=\"How_to_Buy_Dogecoin\"><\/span><span style=\"font-weight: 400;\">Dogecoin Nas\u0131l Sat\u0131n Al\u0131n\u0131r<\/span><span class=\"ez-toc-section-end\"><\/span><\/h2>\n<p><span style=\"font-weight: 400;\">Dogecoin dahil olmak \u00fczere herhangi bir kripto para birimi sat\u0131n alman\u0131n \u00fc\u00e7 ad\u0131m\u0131 vard\u0131r. \u0130lk olarak, hangi borsay\u0131 kullanmak istedi\u011finize karar verin. Ard\u0131ndan, kripto paran\u0131z\u0131 nerede saklayaca\u011f\u0131n\u0131z\u0131 d\u00fc\u015f\u00fcn\u00fcn. Bu karar\u0131 verdikten sonra, devam edin ve DOGE sat\u0131n al\u0131n.\u00a0<\/span><\/p>\n<p><span style=\"font-weight: 400;\">\u0130\u015fte yeni ba\u015flayanlar i\u00e7in daha ayr\u0131nt\u0131l\u0131 bir yakla\u015f\u0131m:<\/span><\/p>\n<h3><span class=\"ez-toc-section\" id=\"Choose_Your_Exchange\"><\/span><span style=\"font-weight: 400;\">Borsan\u0131z\u0131 Se\u00e7in<\/span><span class=\"ez-toc-section-end\"><\/span><\/h3>\n<p><span style=\"font-weight: 400;\">Farkl\u0131 borsalar farkl\u0131 \u00f6zellikler sunar ve de\u011fi\u015fen kripto kullan\u0131labilirli\u011fi ve \u00fccretlerine sahiptir. Karar vermeden \u00f6nce hangisinin ihtiya\u00e7lar\u0131n\u0131za en uygun oldu\u011funu g\u00f6rmek i\u00e7in en iyi bilinen borsalardan baz\u0131lar\u0131n\u0131 kar\u015f\u0131la\u015ft\u0131rabilirsiniz.<\/span><\/p>\n<p><span style=\"font-weight: 400;\">\u00d6rne\u011fin, <a href=\"https:\/\/coinkickoff.com\/tr\/coinbase-review\/\" data-internallinksmanager029f6b8e52c=\"142\" title=\"Coinbase Yorumlar\u0131 2024: \u00d6zellikler, \u00dccretler, G\u00fcvenlik, Art\u0131lar &amp; Eksiler\">Coinbase<\/a> ve <a href=\"https:\/\/coinkickoff.com\/tr\/binance-review\/\" data-internallinksmanager029f6b8e52c=\"152\" title=\"Binance Yorumlar 2024: \u00d6zellikler, \u00dccretler, G\u00fcvenlik, Art\u0131lar ve Eksiler\">Binance<\/a> ABD her ikisi de benzer dijital varl\u0131klar (DOGE dahil) sunar, ancak Binance daha d\u00fc\u015f\u00fck \u00fccretler sunar. Bununla birlikte, Coinbase daha g\u00fcvenli ve acemi dostu olarak kabul edilir. Kripto riskli bir yat\u0131r\u0131m olabilece\u011finden, bir platforma karar vermeden \u00f6nce ara\u015ft\u0131rman\u0131z\u0131 yap\u0131n.<\/span><\/p>\n<p><span style=\"font-weight: 400;\">Daha kapsaml\u0131 bir bak\u0131\u015f i\u00e7in borsa inceleme k\u0131lavuzumuza g\u00f6z atabilirsiniz. <\/span><a href=\"https:\/\/coinkickoff.com\/tr\/crypto-exchanges\/\"><span style=\"font-weight: 400;\">en pop\u00fcler kripto borsalar\u0131<\/span><\/a><span style=\"font-weight: 400;\">.<\/span><\/p>\n<h3><span class=\"ez-toc-section\" id=\"Buy_DOGE\"><\/span><span style=\"font-weight: 400;\">DOGE Sat\u0131n Al\u0131n<\/span><span class=\"ez-toc-section-end\"><\/span><\/h3>\n<p><span style=\"font-weight: 400;\">Bir platforma karar verdikten sonra, devam edin ve kaydolun. \u00c7o\u011fu merkezi kripto borsas\u0131, itibari para birimi (USD veya EUR gibi) ile kripto sat\u0131n alman\u0131za izin verir. Banka hesab\u0131n\u0131z\u0131 platforma ba\u011flayabilir ve borsa hesab\u0131n\u0131za para aktarabilirsiniz.<\/span><\/p>\n<p><img loading=\"lazy\" decoding=\"async\" class=\"alignnone wp-image-3201 size-full\" src=\"https:\/\/coinkickoff.com\/wp-content\/uploads\/buy-doge-on-binance-1.png\" alt=\"binance \u00fczerinden doge sat\u0131n al\u0131n\" width=\"1432\" height=\"802\" srcset=\"https:\/\/coinkickoff.com\/wp-content\/uploads\/buy-doge-on-binance-1.png 1432w, https:\/\/coinkickoff.com\/wp-content\/uploads\/buy-doge-on-binance-1-300x168.png 300w, https:\/\/coinkickoff.com\/wp-content\/uploads\/buy-doge-on-binance-1-1024x573.png 1024w, https:\/\/coinkickoff.com\/wp-content\/uploads\/buy-doge-on-binance-1-768x430.png 768w, https:\/\/coinkickoff.com\/wp-content\/uploads\/buy-doge-on-binance-1-18x10.png 18w\" sizes=\"auto, (max-width: 1432px) 100vw, 1432px\" \/><\/p>\n<p><span style=\"font-weight: 400;\">Baz\u0131 borsalar ayr\u0131ca kredi kartlar\u0131, banka kartlar\u0131, PayPal, Google Pay ve Apple Pay ile kripto sat\u0131n alman\u0131za izin verir. Bir borsa hesab\u0131n\u0131z veya ba\u015fka dijital varl\u0131klar\u0131n\u0131z varsa, bu varl\u0131klar\u0131 DOGE ile de takas edebilirsiniz.<\/span><\/p>\n<p><span style=\"font-weight: 400;\">Baz\u0131 borsalar do\u011frudan fiat ile DOGE sat\u0131n alman\u0131za izin verirken, di\u011ferleri yaln\u0131zca stabilcoins sunabilir. <a href=\"https:\/\/coinkickoff.com\/tr\/tether-usdt\/\" data-internallinksmanager029f6b8e52c=\"3\" title=\"Tether (USDT) Nedir? Nas\u0131l \u00c7al\u0131\u015f\u0131r ve Nereden Al\u0131n\u0131r?\">USDT<\/a> veya <a href=\"https:\/\/coinkickoff.com\/tr\/usd-coin-usdc\/\" data-internallinksmanager029f6b8e52c=\"8\" title=\"USD Coin (USDC) nedir? Nas\u0131l \u00c7al\u0131\u015f\u0131r ve Nereden Al\u0131n\u0131r?\">USDC<\/a>. Bu durumlarda, \u00f6nce stabil bir coin sat\u0131n almal\u0131 ve ard\u0131ndan DOGE ile takas etmelisiniz.<\/span><\/p>\n<h3><span class=\"ez-toc-section\" id=\"Store_Your_DOGE\"><\/span><span style=\"font-weight: 400;\">DOGE'nizi Saklay\u0131n<\/span><span class=\"ez-toc-section-end\"><\/span><\/h3>\n<p><span style=\"font-weight: 400;\">DOGE'yi sat\u0131n ald\u0131ktan sonra, onu nerede saklayaca\u011f\u0131n\u0131za karar vermelisiniz. Bunun i\u00e7in birka\u00e7 se\u00e7ene\u011finiz var.<\/span><\/p>\n<h4><span class=\"ez-toc-section\" id=\"Exchange_Wallet\"><\/span><span style=\"font-weight: 400;\">De\u011fi\u015fim C\u00fczdan\u0131<\/span><span class=\"ez-toc-section-end\"><\/span><\/h4>\n<p><span style=\"font-weight: 400;\">Bir borsadan kripto sat\u0131n ald\u0131\u011f\u0131n\u0131zda, varl\u0131klar\u0131n\u0131z otomatik olarak borsan\u0131n c\u00fczdan\u0131nda saklan\u0131r. Bu c\u00fczdanlar saklama c\u00fczdanlar\u0131 olarak bilinir \u00e7\u00fcnk\u00fc platformlar bunlar\u0131 kontrol eder ve y\u00f6netir.<\/span><\/p>\n<p><span style=\"font-weight: 400;\">C\u00fczdandaki varl\u0131klar\u0131 borsa hesab\u0131n\u0131z arac\u0131l\u0131\u011f\u0131yla takas edebilseniz de, bunlar \u00fczerinde tam kontrol\u00fcn\u00fcz yoktur. Borsa bir sald\u0131r\u0131ya u\u011frarsa veya iflas ederse, varl\u0131klar\u0131n\u0131z sonsuza dek kaybolabilir.<\/span><\/p>\n<h4><span class=\"ez-toc-section\" id=\"Self-Custody_Hot_Wallets\"><\/span><span style=\"font-weight: 400;\">Kendi Kendine Emanet S\u0131cak C\u00fczdanlar<\/span><span class=\"ez-toc-section-end\"><\/span><\/h4>\n<p><span style=\"font-weight: 400;\">Piyasada birka\u00e7 kendi kendine saklama s\u0131cak c\u00fczdan\u0131 vard\u0131r: Bunlardan baz\u0131lar\u0131 mobil cihazlar\u0131n\u0131za ve bilgisayarlar\u0131n\u0131za indirebilece\u011finiz yaz\u0131l\u0131m c\u00fczdanlar\u0131d\u0131r ve di\u011ferlerine taray\u0131c\u0131lar arac\u0131l\u0131\u011f\u0131yla eri\u015filebilir. Bunlara s\u0131cak c\u00fczdan denir \u00e7\u00fcnk\u00fc cihaz\u0131n\u0131z (bilgisayar veya mobil cihaz) arac\u0131l\u0131\u011f\u0131yla internete ba\u011flan\u0131rlar.\u00a0<\/span><\/p>\n<p><span style=\"font-weight: 400;\">Kendi kendine saklama c\u00fczdanlar\u0131 varl\u0131klar\u0131n\u0131z\u0131 tam olarak kontrol etmenize izin verirken, ayn\u0131 zamanda g\u00fcvenlik ihlallerine kar\u015f\u0131 savunmas\u0131zd\u0131r ve genellikle bilgisayar korsanlar\u0131 taraf\u0131ndan hedef al\u0131n\u0131r. \u0130nternete ba\u011fl\u0131 cihazlar\u0131 k\u00f6t\u00fc ama\u00e7l\u0131 yaz\u0131l\u0131mlara ve bilgisayar korsanl\u0131\u011f\u0131 giri\u015fimlerine kar\u015f\u0131 koruma konusunda \u00e7ok fazla bilgi sahibi de\u011filseniz, paran\u0131z\u0131 s\u0131cak bir c\u00fczdanda saklayarak riske atabilirsiniz.<\/span><\/p>\n<h4><span class=\"ez-toc-section\" id=\"Cold_Wallets\"><\/span><span style=\"font-weight: 400;\">So\u011fuk C\u00fczdanlar<\/span><span class=\"ez-toc-section-end\"><\/span><\/h4>\n<p><span style=\"font-weight: 400;\">So\u011fuk c\u00fczdanlar genellikle kripto paralar i\u00e7in en g\u00fcvenli depolama se\u00e7ene\u011fi olarak kabul edilir. \u0130nternete ba\u011fl\u0131 olmad\u0131klar\u0131 i\u00e7in hack giri\u015fimlerine kar\u015f\u0131 dayan\u0131kl\u0131d\u0131rlar. So\u011fuk c\u00fczdan ka\u011f\u0131t c\u00fczdan ya da donan\u0131m c\u00fczdan\u0131 olabilir.<\/span><\/p>\n<p><span style=\"font-weight: 400;\">Ka\u011f\u0131t c\u00fczdan, fonlar\u0131n\u0131za bir c\u00fczdan aray\u00fcz\u00fc arac\u0131l\u0131\u011f\u0131yla eri\u015fmenizi sa\u011flayan \u00f6zel anahtar\u0131n\u0131z\u0131 i\u00e7eren bir ka\u011f\u0131t par\u00e7as\u0131d\u0131r. Ancak, ka\u011f\u0131t c\u00fczdanlar\u0131n kullan\u0131m\u0131 zor olabilir ve varl\u0131klar\u0131n\u0131z\u0131 kolayca takas etmek istiyorsan\u0131z uygun de\u011fildir.<\/span><\/p>\n<p><span style=\"font-weight: 400;\">Donan\u0131m c\u00fczdanlar\u0131, \u00f6zel anahtarlar\u0131n\u0131z\u0131 saklayan USB benzeri cihazlard\u0131r. Cihaz do\u011frudan internete ba\u011fl\u0131 olmad\u0131\u011f\u0131 i\u00e7in hacklenemez. <\/span><a href=\"https:\/\/trezor.io\/\" target=\"_blank\" rel=\"noopener\"><span style=\"font-weight: 400;\">Trezor<\/span><\/a><span style=\"font-weight: 400;\"> ve <\/span><a href=\"https:\/\/www.ledger.com\/\" target=\"_blank\" rel=\"noopener\"><span style=\"font-weight: 400;\">Defter<\/span><\/a><span style=\"font-weight: 400;\"> sekt\u00f6r\u00fcn en iyisi olarak kabul edilen iki donan\u0131m c\u00fczdan\u0131 \u00fcreticisidir. Her iki \u015firket de kripto depolamak i\u00e7in \u00e7e\u015fitli donan\u0131m c\u00fczdanlar\u0131 sunuyor, ancak bunlar olduk\u00e7a pahal\u0131 olabiliyor.<\/span><\/p>\n<p><span style=\"font-weight: 400;\">D\u00fc\u015f\u00fck miktarlarla geli\u015fig\u00fczel i\u015flem yap\u0131yorsan\u0131z, bir donan\u0131m c\u00fczdan\u0131 sat\u0131n almak a\u015f\u0131r\u0131ya ka\u00e7mak olabilir. Ancak, g\u00fcvenli\u011fe \u00f6nem veriyorsan\u0131z, bir donan\u0131m c\u00fczdan\u0131 sat\u0131n almak uzun vadede en iyi se\u00e7imdir.\u00a0\u00a0<\/span><\/p>\n<p>Ayr\u0131ca bkz. Dogecoin (DOGE) Nas\u0131l Sat\u0131n Al\u0131n\u0131r?<\/p>\n<p><a href=\"https:\/\/coinkickoff.com\/tr\/how-to-buy-dogecoin\/how-to-buy-dogecoin-on-coinbase\/\">Coinbase<\/a><br \/>\n<a href=\"https:\/\/coinkickoff.com\/tr\/how-to-buy-dogecoin\/how-to-buy-dogecoin-on-kraken\/\">Kraken<\/a><br \/>\n<a href=\"https:\/\/coinkickoff.com\/tr\/how-to-buy-dogecoin\/how-to-buy-dogecoin-on-binance\/\">Binance<\/a><br \/>\n<a href=\"https:\/\/coinkickoff.com\/tr\/how-to-buy-dogecoin\/how-to-buy-dogecoin-on-bitmart\/\">Bitmart<\/a><br \/>\n<a href=\"https:\/\/coinkickoff.com\/tr\/how-to-buy-dogecoin\/how-to-buy-dogecoin-on-bybit\/\">Bybit<\/a><br \/>\n<a href=\"https:\/\/coinkickoff.com\/tr\/how-to-buy-dogecoin\/how-to-buy-dogecoin-on-gate-io\/\">Gate.io<\/a><br \/>\n<a href=\"https:\/\/coinkickoff.com\/tr\/how-to-buy-dogecoin\/how-to-buy-dogecoin-on-gemini\/\">\u0130kizler<\/a><br \/>\n<a href=\"https:\/\/coinkickoff.com\/tr\/how-to-buy-dogecoin\/how-to-buy-dogecoin-on-kucoin\/\">Kucoin<\/a><br \/>\n<a href=\"https:\/\/coinkickoff.com\/tr\/how-to-buy-dogecoin\/how-to-buy-dogecoin-on-mexc\/\">MEXC<\/a><br \/>\n<a href=\"https:\/\/coinkickoff.com\/tr\/how-to-buy-dogecoin\/how-to-buy-dogecoin-on-okx\/\">OKX<\/a><br \/>\n<a href=\"https:\/\/coinkickoff.com\/tr\/how-to-buy-dogecoin\/how-to-buy-dogecoin-on-poloniex\/\">Poloniex<\/a><\/p>","protected":false},"excerpt":{"rendered":"<p>Dogecoin sat\u0131n almak istiyor ve nereden ba\u015flayaca\u011f\u0131n\u0131z\u0131 bilmiyorsan\u0131z, do\u011fru yerdesiniz. Ad\u0131m ad\u0131m talimatlarla DOGE'yi nas\u0131l ve nereden sat\u0131n alaca\u011f\u0131n\u0131z\u0131 g\u00f6sterece\u011fiz. Dogecoin Nedir? \u0130nsanlar\u0131n Dogecoin'den bir meme coin olarak bahsetti\u011fini duymu\u015f olabilirsiniz. Bu do\u011fru: Dogecoin'nin kurucular\u0131 Billy Marcus ve Jackson Palmer, [...]<\/p>","protected":false},"author":3,"featured_media":155,"parent":0,"menu_order":0,"comment_status":"closed","ping_status":"closed","template":"","meta":{"_genesis_hide_title":false,"_genesis_hide_breadcrumbs":false,"_genesis_hide_singular_image":false,"_genesis_hide_footer_widgets":false,"_genesis_custom_body_class":"","_genesis_custom_post_class":"","_genesis_layout":"","_glsr_average":0,"_glsr_ranking":0,"_glsr_reviews":0,"footnotes":""},"class_list":{"0":"post-3196","1":"page","2":"type-page","3":"status-publish","4":"has-post-thumbnail","6":"entry"},"featured_image_src":"https:\/\/coinkickoff.com\/wp-content\/uploads\/2022\/06\/Dogecoin-DOGE-600x400.jpg","featured_image_src_square":"https:\/\/coinkickoff.com\/wp-content\/uploads\/2022\/06\/Dogecoin-DOGE-600x600.jpg","_links":{"self":[{"href":"https:\/\/coinkickoff.com\/tr\/wp-json\/wp\/v2\/pages\/3196","targetHints":{"allow":["GET"]}}],"collection":[{"href":"https:\/\/coinkickoff.com\/tr\/wp-json\/wp\/v2\/pages"}],"about":[{"href":"https:\/\/coinkickoff.com\/tr\/wp-json\/wp\/v2\/types\/page"}],"author":[{"embeddable":true,"href":"https:\/\/coinkickoff.com\/tr\/wp-json\/wp\/v2\/users\/3"}],"replies":[{"embeddable":true,"href":"https:\/\/coinkickoff.com\/tr\/wp-json\/wp\/v2\/comments?post=3196"}],"version-history":[{"count":5,"href":"https:\/\/coinkickoff.com\/tr\/wp-json\/wp\/v2\/pages\/3196\/revisions"}],"predecessor-version":[{"id":4940,"href":"https:\/\/coinkickoff.com\/tr\/wp-json\/wp\/v2\/pages\/3196\/revisions\/4940"}],"wp:featuredmedia":[{"embeddable":true,"href":"https:\/\/coinkickoff.com\/tr\/wp-json\/wp\/v2\/media\/155"}],"wp:attachment":[{"href":"https:\/\/coinkickoff.com\/tr\/wp-json\/wp\/v2\/media?parent=3196"}],"curies":[{"name":"wp","href":"https:\/\/api.w.org\/{rel}","templated":true}]}}