{"id":1700,"date":"2026-01-08T14:07:53","date_gmt":"2026-01-08T14:07:53","guid":{"rendered":"https:\/\/coinkickoff.com\/?page_id=1700"},"modified":"2026-01-08T14:07:53","modified_gmt":"2026-01-08T14:07:53","slug":"bitcoin-price-calculator","status":"publish","type":"page","link":"https:\/\/coinkickoff.com\/tr\/bitcoin-price-calculator\/","title":{"rendered":"Bitcoin (BTC) Fiyat Hesaplay\u0131c\u0131: BTC - USD, EUR, GBP ve Daha Fazlas\u0131"},"content":{"rendered":"<div id=\"ez-toc-container\" class=\"ez-toc-v2_0_80 counter-hierarchy ez-toc-counter ez-toc-transparent ez-toc-container-direction\">\n<div class=\"ez-toc-title-container\">\n<p class=\"ez-toc-title\" style=\"cursor:inherit\">B\u00f6l\u00fcmler<\/p>\n<span class=\"ez-toc-title-toggle\"><a href=\"#\" class=\"ez-toc-pull-right ez-toc-btn ez-toc-btn-xs ez-toc-btn-default ez-toc-toggle\" aria-label=\"\u0130\u00e7indekiler Tablosunu A\u00e7\/Kapat\"><span class=\"ez-toc-js-icon-con\"><span class=\"\"><span class=\"eztoc-hide\" style=\"display:none;\">Ge\u00e7i\u015f<\/span><span class=\"ez-toc-icon-toggle-span\"><svg style=\"fill: #999;color:#999\" xmlns=\"http:\/\/www.w3.org\/2000\/svg\" class=\"list-377408\" width=\"20px\" height=\"20px\" viewbox=\"0 0 24 24\" fill=\"none\"><path d=\"M6 6H4v2h2V6zm14 0H8v2h12V6zM4 11h2v2H4v-2zm16 0H8v2h12v-2zM4 16h2v2H4v-2zm16 0H8v2h12v-2z\" fill=\"currentColor\"><\/path><\/svg><svg style=\"fill: #999;color:#999\" class=\"arrow-unsorted-368013\" xmlns=\"http:\/\/www.w3.org\/2000\/svg\" width=\"10px\" height=\"10px\" viewbox=\"0 0 24 24\" version=\"1.2\" baseprofile=\"tiny\"><path d=\"M18.2 9.3l-6.2-6.3-6.2 6.3c-.2.2-.3.4-.3.7s.1.5.3.7c.2.2.4.3.7.3h11c.3 0 .5-.1.7-.3.2-.2.3-.5.3-.7s-.1-.5-.3-.7zM5.8 14.7l6.2 6.3 6.2-6.3c.2-.2.3-.5.3-.7s-.1-.5-.3-.7c-.2-.2-.4-.3-.7-.3h-11c-.3 0-.5.1-.7.3-.2.2-.3.5-.3.7s.1.5.3.7z\"\/><\/svg><\/span><\/span><\/span><\/a><\/span><\/div>\n<nav><ul class='ez-toc-list ez-toc-list-level-1 eztoc-toggle-hide-by-default' ><ul class='ez-toc-list-level-3' ><li class='ez-toc-heading-level-3'><a class=\"ez-toc-link ez-toc-heading-1\" href=\"https:\/\/coinkickoff.com\/tr\/bitcoin-price-calculator\/#Bitcoin_BTC_Price_Calculator\" >Bitcoin (BTC) Fiyat Hesaplay\u0131c\u0131<\/a><\/li><\/ul><\/li><li class='ez-toc-page-1 ez-toc-heading-level-2'><a class=\"ez-toc-link ez-toc-heading-2\" href=\"https:\/\/coinkickoff.com\/tr\/bitcoin-price-calculator\/#Current_Bitcoin_BTC_Price\" >G\u00fcncel Bitcoin (BTC) Fiyat\u0131<\/a><ul class='ez-toc-list-level-3' ><li class='ez-toc-heading-level-3'><a class=\"ez-toc-link ez-toc-heading-3\" href=\"https:\/\/coinkickoff.com\/tr\/bitcoin-price-calculator\/#Historical_Bitcoin_Price_Chart\" >Ge\u00e7mi\u015f Bitcoin Fiyat Grafi\u011fi<\/a><\/li><\/ul><\/li><li class='ez-toc-page-1 ez-toc-heading-level-2'><a class=\"ez-toc-link ez-toc-heading-4\" href=\"https:\/\/coinkickoff.com\/tr\/bitcoin-price-calculator\/#Other_Crypto_Price_Calculators\" >Di\u011fer Kripto Fiyat Hesaplay\u0131c\u0131lar\u0131<\/a><\/li><\/ul><\/nav><\/div>\n<h3><span class=\"ez-toc-section\" id=\"Bitcoin_BTC_Price_Calculator\"><\/span>Bitcoin (BTC) Fiyat Hesaplay\u0131c\u0131<span class=\"ez-toc-section-end\"><\/span><\/h3>\n<div class=\"ccpw_react_widget ccpw_calculator\" id=\"ccpw_react_widgets_922_69dfdc4124f30\" data-attribute=\"{&quot;type&quot;:&quot;calculator&quot;,&quot;baseCurrency&quot;:&quot;bitcoin&quot;,&quot;targetCurrency&quot;:&quot;USD&quot;}\"><\/div><style type='text\/css'>\r\n\t\t\t  #ccpw_react_widgets_922 .ccpw-Converter {\r\n\t\t\t\t  background-color: #ffffff;\r\n\t\t\t\t  color: #000;\r\n\t\t\t  }<\/style>\n<p>Mevcut de\u011feri g\u00f6rmek i\u00e7in yukar\u0131daki hesaplay\u0131c\u0131y\u0131 kullanabilirsiniz <a href=\"https:\/\/coinkickoff.com\/tr\/bitcoin-btc\/\" data-internallinksmanager029f6b8e52c=\"1\" title=\"Bitcoin (BTC) Nedir? Fiyat, Tarih\u00e7e ve Nereden Al\u0131n\u0131r\">BTC<\/a> BTC - EUR, BTC - GBP, BTC - JPY ve di\u011fer bir\u00e7ok b\u00fcy\u00fck para birimi gibi di\u011fer d\u00f6viz \u00e7iftleriyle birlikte USD d\u00f6viz kuru. Ayr\u0131ca, BTC - USD kurunu g\u00f6rmek i\u00e7in de kullanabilirsiniz. <a href=\"https:\/\/coinkickoff.com\/tr\/ethereum-eth\/\" data-internallinksmanager029f6b8e52c=\"2\" title=\"Ethereum (ETH) Nedir? Fiyat, Tarih\u00e7e ve Nereden Al\u0131n\u0131r\">ETH<\/a> d\u00f6viz kuru, BTC'den <a href=\"https:\/\/coinkickoff.com\/tr\/binance-coin-bnb\/\" data-internallinksmanager029f6b8e52c=\"6\" title=\"Binance Coin (BNB) nedir? Nas\u0131l \u00c7al\u0131\u015f\u0131r ve Nereden Al\u0131n\u0131r?\">BNB<\/a> ve di\u011fer kripto \u00e7iftleri.<\/p>\n<div class=\"cg-choice-box-six   cg-blue\" ><div class=\"cg-cb-row\"><div class=\"cg-cb-items\" id=\"product-265843\"><div class=\"cg-cb-top-head\"><div class=\"cg-cb-top-pick\">\u00c7o\u011fu Coins<\/div><\/div><a href=\"https:\/\/accounts.binance.com\/register?ref=BLJQ60RW\" target=\"_blank\" rel=\"nofollow noopener\" class=\"cg-aff-link cg-cb-img\" data-post-title=\"Binance\" data-aff-link=\"https:\/\/accounts.binance.com\/register?ref=BLJQ60RW\" data-post-type=\"top\" data-post-id=\"127750\"><img decoding=\"async\" src=\"https:\/\/coinkickoff.com\/wp-content\/uploads\/2022\/10\/Binance_logo.png\" class=\"cg-img-1\" alt=\"Binance\" style=\"\"><\/a><div class=\"cg-cb-title\"><a href=\"https:\/\/accounts.binance.com\/register?ref=BLJQ60RW\" class=\"cg-aff-link\" data-post-id=\"127750\" data-post-type=\"top\" data-aff-link=\"https:\/\/accounts.binance.com\/register?ref=BLJQ60RW\" data-post-title=\"Binance\" target=\"\" rel=\"nofollow noopener\">Binance<\/a><\/span><\/div><div class=\"cg-cb-content\"><ul><li><strong>350+<\/strong> Listelenen Kripto Para Birimleri<\/li><li><strong>&lt;0.10%<\/strong> \u0130\u015flem \u00dccretleri<\/li><li><strong>120 milyon<\/strong> Kay\u0131tl\u0131 Kullan\u0131c\u0131lar<\/li><li>Kullan\u0131c\u0131lar i\u00e7in G\u00fcvenli Varl\u0131k Fonu<\/li><li>Mevduat \u00dczerinden Kazan\u00e7<\/li><\/ul><\/div><div class=\"cg-cb-btn\"><span class='cta-copy'><a href=\"https:\/\/accounts.binance.com\/register?ref=BLJQ60RW\" class=\"cg-one-button cg-btn cg-red  cg-aff-link cg-btn-lg\" data-post-id=\"127750\" data-post-type=\"top\" data-aff-link=\"https:\/\/accounts.binance.com\/register?ref=BLJQ60RW\" data-style=\"default\" data-post-title=\"Binance\" data-extra=\"arrow\" style=\"\" target=\"\" rel=\"nofollow noopener\">Ba\u015flay\u0131n<\/a><\/span><\/span><\/div><\/div><div class=\"cg-cb-items\" id=\"product-265829\"><div class=\"cg-cb-top-head\"><div class=\"cg-cb-top-pick\">\u00c7o\u011fu \u00dclke<\/div><\/div><a href=\"https:\/\/kraken.pxf.io\/756J3y\" target=\"_blank\" rel=\"nofollow noopener\" class=\"cg-aff-link cg-cb-img\" data-post-title=\"Kraken\" data-aff-link=\"https:\/\/kraken.pxf.io\/756J3y\" data-post-type=\"top\" data-post-id=\"127750\"><img decoding=\"async\" src=\"https:\/\/coinkickoff.com\/wp-content\/uploads\/Kraken-logo.webp\" class=\"cg-img-1\" alt=\"Kraken\" style=\"\"><\/a><div class=\"cg-cb-title\"><a href=\"https:\/\/kraken.pxf.io\/756J3y\" class=\"cg-aff-link\" data-post-id=\"127750\" data-post-type=\"top\" data-aff-link=\"https:\/\/kraken.pxf.io\/756J3y\" data-post-title=\"Kraken\" target=\"\" rel=\"nofollow noopener\">Kraken<\/a><\/span><\/div><div class=\"cg-cb-content\"><ul><li>ABD Merkezli<\/li><li>Az bir miktarla ba\u015flay\u0131n <strong>$10<\/strong><\/li><li>Al ve sat <strong>200+<\/strong> kripto para birimleri<\/li><li>B\u00fcy\u00fck t\u00fcccarlar i\u00e7in Pro \u00c7\u00f6z\u00fcm<\/li><li>\u0130\u00e7inde mevcut <strong>190+<\/strong> \u00fclkeler<\/li><\/ul><\/div><div class=\"cg-cb-btn\"><span class='cta-copy'><a href=\"https:\/\/kraken.pxf.io\/756J3y\" class=\"cg-one-button cg-btn cg-red  cg-aff-link cg-btn-lg\" data-post-id=\"127750\" data-post-type=\"top\" data-aff-link=\"https:\/\/kraken.pxf.io\/756J3y\" data-style=\"default\" data-post-title=\"Kraken\" data-extra=\"arrow\" style=\"\" target=\"\" rel=\"nofollow noopener\">Ba\u015flay\u0131n<\/a><\/span><\/span><\/div><\/div><div class=\"cg-cb-items\" id=\"product-265822\"><div class=\"cg-cb-top-head\"><div class=\"cg-cb-top-pick\">ABD Merkezli<\/div><\/div><a href=\"https:\/\/coinbase-consumer.sjv.io\/ORPoaG\" target=\"_blank\" rel=\"nofollow noopener\" class=\"cg-aff-link cg-cb-img\" data-post-title=\"Coinbase\" data-aff-link=\"https:\/\/coinbase-consumer.sjv.io\/ORPoaG\" data-post-type=\"top\" data-post-id=\"127750\"><img decoding=\"async\" src=\"https:\/\/coinkickoff.com\/wp-content\/uploads\/2022\/10\/Coinbase.png\" class=\"cg-img-1\" alt=\"Coinbase\" style=\"\"><\/a><div class=\"cg-cb-title\"><a href=\"https:\/\/coinbase-consumer.sjv.io\/ORPoaG\" class=\"cg-aff-link\" data-post-id=\"127750\" data-post-type=\"top\" data-aff-link=\"https:\/\/coinbase-consumer.sjv.io\/ORPoaG\" data-post-title=\"Coinbase\" target=\"\" rel=\"nofollow noopener\">Coinbase<\/a><\/span><\/div><div class=\"cg-cb-content\"><ul><li><strong>200+<\/strong> Listelenen Kripto Para Birimleri<\/li><li>\u0130lk Sat\u0131n Al\u0131m\u0131n\u0131zdan Sonra Kripto Al\u0131n<\/li><li>Sigorta ile Korunuyor&nbsp;<\/li><li>Kasa Korumal\u0131 G\u00fcvenli Depolama<\/li><li>En G\u00fcvenilir Kripto Para Platformu<\/li><\/ul><\/div><div class=\"cg-cb-btn\"><span class='cta-copy'><a href=\"https:\/\/coinbase-consumer.sjv.io\/ORPoaG\" class=\"cg-one-button cg-btn cg-red  cg-aff-link cg-btn-lg\" data-post-id=\"127750\" data-post-type=\"top\" data-aff-link=\"https:\/\/coinbase-consumer.sjv.io\/ORPoaG\" data-style=\"default\" data-post-title=\"Coinbase\" data-extra=\"arrow\" style=\"\" target=\"\" rel=\"nofollow noopener\">Ba\u015flay\u0131n<\/a><\/span><\/span><\/div><\/div><\/div><\/div>\n\n<h2><span class=\"ez-toc-section\" id=\"Current_Bitcoin_BTC_Price\"><\/span>G\u00fcncel Bitcoin (BTC) Fiyat\u0131<span class=\"ez-toc-section-end\"><\/span><\/h2>\n<!-- Cryptocurrency Widgets PRO 4.1.2  !--><div id=\"ccpw-price-block-732\" ><div class=\"ccpw_react_widget\" id=\"ccpw_react_widgets_7321562494500\" data-attribute=\"{&quot;type&quot;:&quot;price-block&quot;,&quot;selected_currency&quot;:&quot;USD&quot;,&quot;custom_currency&quot;:[&quot;bitcoin&quot;],&quot;show_coins&quot;:&quot;custom&quot;,&quot;design_block&quot;:&quot;style-5&quot;,&quot;block_card_column&quot;:&quot;&quot;,&quot;MbFormating&quot;:&quot;on&quot;,&quot;live_changes&quot;:&quot;&quot;,&quot;odometer_style&quot;:&quot;&quot;,&quot;chart_type&quot;:&quot;area&quot;,&quot;chart_height&quot;:140,&quot;display_changes&quot;:&quot;&quot;,&quot;block_chart_color&quot;:&quot;&quot;,&quot;enable_chart_color&quot;:&quot;&quot;}\"><\/div><\/div><style type='text\/css'>\r\n\t\t\t\t\t  #ccpw-price-block-732 .blocktop-area {\r\n\t\t\t\t\t\t  color: #000;\r\n\t\t\t\t\t\t  background: #ffffff;\r\n\t\t\t\t\t  }\r\n\t\t\t\t\t  #ccpw-price-block-732 span.ccpw-currencybtn {\r\n\t\t\t\t\t\t  color: rgba(255,255,255,0.95);\r\n\t\t\t\t\t\t  background: rgba(0,0,0,0.55);\r\n\t\t\t\t\t  }\r\n\t\t\t\t\t  #ccpw-price-block-732 span.ccpw-currencybtn.active {\r\n\t\t\t\t\t\t  color: #ffffff;\r\n\t\t\t\t\t\t  background: #000;\r\n\t\t\t\t\t  }\r\n\t\t\t\t\t  #ccpw-price-block-732 .price-block.style-5 span.ccpw-coin-24h-change span {\r\n\t\t\t\t\t\t  color: rgba(255,255,255,0.98);\r\n\t\t\t\t\t\t  background: rgba(0,0,0,0.65);\r\n\t\t\t\t\t  }<\/style>\n<p>Yukar\u0131daki USD, EUR ve GBP cinsinden ger\u00e7ek zamanl\u0131 Bitcoin fiyatlar\u0131na bak\u0131n.<\/p>\n<h3><span class=\"ez-toc-section\" id=\"Historical_Bitcoin_Price_Chart\"><\/span>Ge\u00e7mi\u015f Bitcoin Fiyat Grafi\u011fi<span class=\"ez-toc-section-end\"><\/span><\/h3>\n<!-- Cryptocurrency Widgets PRO 4.1.2  !--><div id=\"ccpw-chart-923\" class=\"ccpw-container chart\"><div class=\"coin_details\"><ul>\r\n            <li><div class=\"ccpw_icon\"><img decoding=\"async\" style=\"width:128px;\" id=\"bitcoin\" alt=\"bitcoin\" src=\"https:\/\/coinkickoff.com\/wp-content\/plugins\/cryptocurrency-price-ticker-widget-pro\/assets\/coin-logos\/bitcoin.svg\"><\/div><\/li>\r\n            <li><div class=\"ticker-name\"><strong>Bitcoin<br\/>(BTC)<\/strong><\/div>\r\n            <\/li>\r\n            <li class=\"c_info\"><strong>Fiyat<\/strong> <div class=\"chart_coin_price CCP-bitcoin\"><span class=\"ticker-price\">&#036;74,313.85<\/span><\/div><\/li>\r\n            <li  class=\"c_info\"><strong>Piyasa de\u011feri\n<\/strong>\r\n            <div class=\"coin_market_cap\"><span class=\"CCMC\">$1.49 T<\/span><\/div><\/li>\r\n            <\/ul><\/div><div id=\"ccpw-default-chart-bitcoin-69dfdc412568c\" class=\"ccpw-default-chart\"><\/div><div class=\"chart-wrp\"  id=\"CCPW-CHART-bitcoin-69dfdc412568c\" style=\"width:100%; height:400px;\" ><div\r\n\t\t\tclass=\"ccpw-chart\"\r\n\t\t\tdata-no-formatting=\"&#039;$&#039;#,###.##\"\r\n\t\t\tdata-coin-period=\"365day\"\r\n\t\t\tdata-coin-id=\"bitcoin\"\r\n\t\t\tdata-chart-color=\"#2196F3\"\r\n\t\t\tdata-from-lbl=\"itibaren\"\r\n\t\t\tdata-zoom-lbl=\"yak\u0131nla\u015ft\u0131rma\"\r\n\t\t\tdata-to-lbl=\"i\u00e7in\"\r\n\t\t\tdata-price-lbl=\"Fiyat\"\r\n\t\t\tdata-volume-lbl=\"hacim\"\r\n\t\t\t data-1d=\"24H\" data-7d=\"7D\" data-1m=\"1M\" data-3m=\"3M\"\r\n            data-6m=\"6M\" data-1y=\"1Y\" data-coinid=\"bitcoin\"\r\n            data-unique-id=\"69dfdc412568c\"><\/div><img decoding=\"async\" class=\"ccpw-preloader\" src=\"https:\/\/coinkickoff.com\/wp-content\/plugins\/cryptocurrency-price-ticker-widget-pro\/images\/chart-loading.svg\"><span class=\"ccpw-no-data\"><\/span>\r\n<\/div><\/div><style type='text\/css'>\r\n\t\t\t  #ccpw-chart-923 .ccc-chart-header { background: #2196F3}\r\n\t\t\t  #ccpw-chart-923 #ccc-chart-block .exportBtnTop,\r\n\t\t\t  #ccpw-chart-923 a.tabperiods.tabperiods_active,\r\n\t\t\t  #ccpw-chart-923 .coin_details {\r\n\t\t\t\t  color: #2196F3;\r\n\t\t\t\t  background: rgba(33,150,243,0.15);\r\n\t\t\t  }\r\n\t\t\t  #ccpw-chart-923 .coin_details {\r\n\t\t\t\t  border: 1px solid rgba(33,150,243,0.16);\r\n\t\t\t  }\r\n\t\t\t  .ccpw-container_chart #ccpw-chart-923 .coin-container:after,\r\n\t\t\t  .ccpw-container_four #ccpw-chart-923 .coin-container:after {border-color:#ccc !Important;}\r\n\t\t  <\/style>\n<p>Bitcoin'in fiyat ge\u00e7mi\u015fini yukar\u0131daki grafikten takip edebilirsiniz. \u015eu anda yaln\u0131zca USD olarak mevcuttur.<\/p>\n<h2><span class=\"ez-toc-section\" id=\"Other_Crypto_Price_Calculators\"><\/span>Di\u011fer Kripto Fiyat Hesaplay\u0131c\u0131lar\u0131<span class=\"ez-toc-section-end\"><\/span><\/h2>\n<ul>\n<li> <a href=\"https:\/\/coinkickoff.com\/tr\/ethereum-price-calculator\/\">Ethereum (ETH)<\/a><\/li>\n<\/ul>","protected":false},"excerpt":{"rendered":"<p>Bitcoin (BTC) Fiyat Hesaplay\u0131c\u0131 BTC - USD aras\u0131ndaki g\u00fcncel d\u00f6viz kurunu ve BTC - EUR, BTC - GBP, BTC - JPY ve di\u011fer bir\u00e7ok b\u00fcy\u00fck para birimi gibi di\u011fer d\u00f6viz \u00e7iftlerini g\u00f6rmek i\u00e7in yukar\u0131daki hesaplay\u0131c\u0131y\u0131 kullanabilirsiniz. Ayr\u0131ca, BTC - ETH d\u00f6viz kurunu g\u00f6rmek i\u00e7in de kullanabilirsiniz, BTC - [...]<\/p>","protected":false},"author":1,"featured_media":0,"parent":0,"menu_order":0,"comment_status":"closed","ping_status":"closed","template":"","meta":{"_genesis_hide_title":false,"_genesis_hide_breadcrumbs":false,"_genesis_hide_singular_image":false,"_genesis_hide_footer_widgets":false,"_genesis_custom_body_class":"","_genesis_custom_post_class":"","_genesis_layout":"","_glsr_average":0,"_glsr_ranking":0,"_glsr_reviews":0,"footnotes":""},"class_list":{"0":"post-1700","1":"page","2":"type-page","3":"status-publish","5":"entry"},"featured_image_src":null,"featured_image_src_square":null,"_links":{"self":[{"href":"https:\/\/coinkickoff.com\/tr\/wp-json\/wp\/v2\/pages\/1700","targetHints":{"allow":["GET"]}}],"collection":[{"href":"https:\/\/coinkickoff.com\/tr\/wp-json\/wp\/v2\/pages"}],"about":[{"href":"https:\/\/coinkickoff.com\/tr\/wp-json\/wp\/v2\/types\/page"}],"author":[{"embeddable":true,"href":"https:\/\/coinkickoff.com\/tr\/wp-json\/wp\/v2\/users\/1"}],"replies":[{"embeddable":true,"href":"https:\/\/coinkickoff.com\/tr\/wp-json\/wp\/v2\/comments?post=1700"}],"version-history":[{"count":5,"href":"https:\/\/coinkickoff.com\/tr\/wp-json\/wp\/v2\/pages\/1700\/revisions"}],"predecessor-version":[{"id":1706,"href":"https:\/\/coinkickoff.com\/tr\/wp-json\/wp\/v2\/pages\/1700\/revisions\/1706"}],"wp:attachment":[{"href":"https:\/\/coinkickoff.com\/tr\/wp-json\/wp\/v2\/media?parent=1700"}],"curies":[{"name":"wp","href":"https:\/\/api.w.org\/{rel}","templated":true}]}}