{"id":9,"date":"2026-01-08T14:07:51","date_gmt":"2026-01-08T14:07:51","guid":{"rendered":"https:\/\/coinkickoff.com\/?page_id=9"},"modified":"2026-01-08T14:07:51","modified_gmt":"2026-01-08T14:07:51","slug":"om-oss","status":"publish","type":"page","link":"https:\/\/coinkickoff.com\/sv\/om-oss\/","title":{"rendered":"Om"},"content":{"rendered":"<h1 class=\"wp-block-genesis-blocks-gb-spacer gb-block-spacer gb-divider-solid gb-divider-size-1\" style=\"color: #ddd;\">Om Coin Kickoff\u00a0<\/h1>\r\n<div class=\"wp-block-columns has-2-columns\">\r\n<div class=\"wp-block-column\">\r\n<p>Jag skapade Coin Kickoff eftersom jag anser att krypto\/<a href=\"https:\/\/coinkickoff.com\/sv\/what-is-web-3-0\/\" data-internallinksmanager029f6b8e52c=\"184\" title=\"Vad \u00e4r webb 3.0?\">web3<\/a> \u00e4r f\u00f6r komplicerat.<\/p>\r\n\r\n\r\n\r\n<p>Mitt namn \u00e4r Ian Wright och jag b\u00f6rjade syssla med krypto redan i <strong>2017<\/strong> n\u00e4r <a href=\"https:\/\/coinkickoff.com\/sv\/bitcoin-btc\/\" data-internallinksmanager029f6b8e52c=\"1\" title=\"Vad \u00e4r Bitcoin (BTC)? Pris, historia och var man kan k\u00f6pa\">Bitcoin<\/a> gjorde sin f\u00f6rsta tjuruppk\u00f6rning upp till n\u00e4stan <strong>$20,000<\/strong> var och en.<\/p>\r\n\r\n\r\n\r\n<p>Jag hade turen att jag faktiskt lyckades tj\u00e4na lite pengar p\u00e5 den tiden. D\u00e4refter gl\u00f6mde jag snabbt bort krypto.<\/p>\r\n\r\n\r\n\r\n<p>Jag antog att bubblan hade spruckit. Jag hade tur att jag kom ut n\u00e4r jag gjorde det.<\/p>\r\n\r\n\r\n\r\n<p>Allt k\u00e4ndes som en gigantisk bluff och skulle till slut bara f\u00f6rsvinna.<\/p>\r\n\r\n\r\n\r\n<p><strong>Sedan h\u00e4nde n\u00e5got m\u00e4rkligt.<\/strong><\/p>\r\n\r\n\r\n\r\n<p>Under h\u00f6sten <strong>2020<\/strong> Jag b\u00f6rjade h\u00f6ra folk prata om Bitcoin och krypto igen.<\/p>\r\n\r\n\r\n\r\n<p>F\u00f6rst avf\u00e4rdade jag det. Bitcoin var s\u00e5 <strong>2017<\/strong>.<\/p>\r\n\r\n\r\n\r\n<p>Dessutom var det \u00e4nd\u00e5 en bluff.<\/p>\r\n\r\n\r\n\r\n<p>Men s\u00e5 sm\u00e5ningom \u00e4ndrade jag mig n\u00e4r Bitcoin:s pris steg \u00f6ver sin tidigare h\u00f6gsta niv\u00e5.<\/p>\r\n\r\n\r\n\r\n<p>I mitt sinne var det inte meningen att detta skulle h\u00e4nda.<\/p>\r\n\r\n\r\n\r\n<p>Jag var och \u00e4r fortfarande skeptisk till v\u00e4rdet av Bitcoin, krypto, web3 och blockkedjan.<\/p>\r\n\r\n\r\n\r\n<p>Men jag tror inte l\u00e4ngre att de kommer att f\u00f6rsvinna inom kort.<\/p>\r\n\r\n\r\n\r\n<p><strong>Jag best\u00e4mde mig till och med f\u00f6r att investera igen. <\/strong><\/p>\r\n\r\n\r\n\r\n<p>Men till skillnad fr\u00e5n f\u00f6rra g\u00e5ngen f\u00f6rlorade jag pengar. P\u00e5 en tjurmarknad!<\/p>\r\n\r\n\r\n\r\n<p>D\u00e4rf\u00f6r best\u00e4mde jag mig f\u00f6r att utbilda mig sj\u00e4lv.<\/p>\r\n\r\n\r\n\r\n<p>Det \u00e4r d\u00e4rf\u00f6r jag skapade Coin Kickoff.<\/p>\r\n\r\n\r\n\r\n<p>M\u00e5let \u00e4r enkelt: f\u00f6rklara vad olika coin:er \u00e4r, vad de g\u00f6r och var man kan k\u00f6pa dem.<\/p>\r\n\r\n\r\n\r\n<p>Allt p\u00e5 ett enkelt och l\u00e4ttf\u00f6rst\u00e5eligt s\u00e4tt.<\/p>\r\n\r\n\r\n\r\n<p>Och f\u00f6r att vara tydlig har jag ingen aning om vad jag g\u00f6r. Ingenting p\u00e5 denna webbplats ska uppfattas som att den fr\u00e4mjar n\u00e5gon form av investering.<\/p>\r\n\r\n\r\n\r\n<p>Jag f\u00f6rv\u00e4ntar mig att de flesta coin:er <strong>kommer att sjunka till noll.<\/strong>.<\/p>\r\n\r\n\r\n\r\n<p>Se Coin Kickoff som en startpunkt f\u00f6r att l\u00e4ra dig mer om de olika kryptoalternativen som finns.<\/p>\r\n\r\n\r\n\r\n<p>Alla inl\u00e4gg och guider \u00e4r endast avsedda f\u00f6r information.<\/p>\r\n\r\n\r\n\r\n<p>Satsa aldrig mer pengar \u00e4n du har r\u00e5d att f\u00f6rlora.<\/p>\r\n\r\n\r\n\r\n<p>&nbsp;<\/p>\r\n<\/div>\r\n<!-- \/wp:post-content --><\/div>\r\n<!-- \/wp:columns -->\r\n\r\n<!-- wp:paragraph -->\r\n<p>&nbsp;<\/p>\r\n<!-- \/wp:paragraph -->","protected":false},"excerpt":{"rendered":"<p>Jag heter Ian Wright och jag b\u00f6rjade dabbla i krypto tillbaka 2017 n\u00e4r Bitcoin gjorde sin f\u00f6rsta tjurk\u00f6rning upp till n\u00e4stan $20,000 XNUMX vardera. Jag hade turen att jag faktiskt lyckades tj\u00e4na lite pengar vid den tiden. Jag gl\u00f6mde sedan snabbt bort krypto. Jag antog att bubblan hade poppat. I [...]<\/p>","protected":false},"author":1,"featured_media":10,"parent":0,"menu_order":0,"comment_status":"closed","ping_status":"closed","template":"","meta":{"_genesis_hide_title":true,"_genesis_hide_breadcrumbs":true,"_genesis_hide_singular_image":true,"_genesis_hide_footer_widgets":false,"_genesis_custom_body_class":"","_genesis_custom_post_class":"","_genesis_layout":"full-width-content","_glsr_average":0,"_glsr_ranking":0,"_glsr_reviews":0,"footnotes":""},"class_list":{"0":"post-9","1":"page","2":"type-page","3":"status-publish","4":"has-post-thumbnail","6":"entry"},"featured_image_src":"https:\/\/coinkickoff.com\/wp-content\/uploads\/2022\/03\/about-600x400.jpg","featured_image_src_square":"https:\/\/coinkickoff.com\/wp-content\/uploads\/2022\/03\/about-600x600.jpg","_links":{"self":[{"href":"https:\/\/coinkickoff.com\/sv\/wp-json\/wp\/v2\/pages\/9","targetHints":{"allow":["GET"]}}],"collection":[{"href":"https:\/\/coinkickoff.com\/sv\/wp-json\/wp\/v2\/pages"}],"about":[{"href":"https:\/\/coinkickoff.com\/sv\/wp-json\/wp\/v2\/types\/page"}],"author":[{"embeddable":true,"href":"https:\/\/coinkickoff.com\/sv\/wp-json\/wp\/v2\/users\/1"}],"replies":[{"embeddable":true,"href":"https:\/\/coinkickoff.com\/sv\/wp-json\/wp\/v2\/comments?post=9"}],"version-history":[{"count":6,"href":"https:\/\/coinkickoff.com\/sv\/wp-json\/wp\/v2\/pages\/9\/revisions"}],"predecessor-version":[{"id":79,"href":"https:\/\/coinkickoff.com\/sv\/wp-json\/wp\/v2\/pages\/9\/revisions\/79"}],"wp:featuredmedia":[{"embeddable":true,"href":"https:\/\/coinkickoff.com\/sv\/wp-json\/wp\/v2\/media\/10"}],"wp:attachment":[{"href":"https:\/\/coinkickoff.com\/sv\/wp-json\/wp\/v2\/media?parent=9"}],"curies":[{"name":"wp","href":"https:\/\/api.w.org\/{rel}","templated":true}]}}