{"id":828,"date":"2026-01-08T14:06:32","date_gmt":"2026-01-08T14:06:32","guid":{"rendered":"https:\/\/coinkickoff.com\/?page_id=828"},"modified":"2026-01-08T14:06:32","modified_gmt":"2026-01-08T14:06:32","slug":"prices-rub","status":"publish","type":"page","link":"https:\/\/coinkickoff.com\/sv\/prices\/prices-rub\/","title":{"rendered":"Topp 100 levande priser p\u00e5 kryptovalutor i ryska rubel (RUB)"},"content":{"rendered":"<p>Se prisuppdateringar i realtid i Ryska rubel (RUB) f\u00f6r <a href=\"https:\/\/coinkickoff.com\/sv\/bitcoin-btc\/\" data-internallinksmanager029f6b8e52c=\"1\" title=\"Vad \u00e4r Bitcoin (BTC)? Pris, historia och var man kan k\u00f6pa\">bitcoin<\/a> och de andra 100 st\u00f6rsta kryptovalutorna nedan. <\/p>\n<!-- Cryptocurrency Widgets PRO 4.1.2  !--><div  class=\"ccpw-widget\" id=\"ccpw-list-widget-1369\" ><div class=\"ccpw_react_widget\" id=\"ccpw_react_widgets_13691478094813\" data-attribute=\"{&quot;type&quot;:&quot;list-widget&quot;,&quot;selected_currency&quot;:&quot;RUB&quot;,&quot;design&quot;:&quot;style-4&quot;,&quot;header&quot;:&quot;&quot;,&quot;show_chart&quot;:&quot;&quot;,&quot;custom_currency&quot;:&quot;&quot;,&quot;show_coins&quot;:&quot;100&quot;,&quot;MbFormating&quot;:&quot;&quot;,&quot;live_changes&quot;:&quot;&quot;,&quot;display_changes&quot;:&quot;on&quot;}\"><\/div><\/div><style type='text\/css'>\r\n\t\t\t  .ccpw-widget #ccpw-list-widget-1369{background-color:#ffffff;color:#000;}\r\n\t\t\t  .ccpw-widget .ccpw_table tr #ccpw-list-widget-1369 {background-color:#ffffff;}\r\n\t\t\t  .ccpw-widget #ccpw-list-widget-1369.table {background-color:#ffffff;color:#000; box-shadow:inset 0px 0px 0px 3px rgba(0,0,0,0.25);}\r\n\t\t\t  #ccpw-list-widget-1369 .ccpw_table > tbody > tr > td,\r\n\t\t\t  #ccpw-list-widget-1369 .ccpw_table > tbody > tr > td .ticker-price,\r\n\t\t\t  #ccpw-list-widget-1369 .ccpw_table > tbody > tr > td.price,\r\n\t\t\t  #ccpw-list-widget-1369 .ccpw_table.table tr ,\r\n\t\t\t  #ccpw-list-widget-1369 .ccpw_table.table > thead > tr > th {border-color:rgba(0,0,0,0.25) !important;color:#000;background-color:#ffffff;}\r\n\t\t\t   .ccpw_table span.symbol { position:initial !Important; }<\/style>\n<div class=\"cg-choice-box-six   cg-blue\" ><div class=\"cg-cb-row\"><div class=\"cg-cb-items\" id=\"product-265843\"><div class=\"cg-cb-top-head\"><div class=\"cg-cb-top-pick\">Mest Coins<\/div><\/div><a href=\"https:\/\/accounts.binance.com\/register?ref=BLJQ60RW\" target=\"_blank\" rel=\"nofollow noopener\" class=\"cg-aff-link cg-cb-img\" data-post-title=\"Binance\" data-aff-link=\"https:\/\/accounts.binance.com\/register?ref=BLJQ60RW\" data-post-type=\"top\" data-post-id=\"127750\"><img decoding=\"async\" src=\"https:\/\/coinkickoff.com\/wp-content\/uploads\/2022\/10\/Binance_logo.png\" class=\"cg-img-1\" alt=\"Binance\" style=\"\"><\/a><div class=\"cg-cb-title\"><a href=\"https:\/\/accounts.binance.com\/register?ref=BLJQ60RW\" class=\"cg-aff-link\" data-post-id=\"127750\" data-post-type=\"top\" data-aff-link=\"https:\/\/accounts.binance.com\/register?ref=BLJQ60RW\" data-post-title=\"Binance\" target=\"\" rel=\"nofollow noopener\">Binance<\/a><\/span> &lt;\/span<\/div><div class=\"cg-cb-content\"><ul><li><strong>350+<\/strong> Kryptovalutor listade<\/li><li><strong>&lt;0.10%<\/strong> Transaktionsavgifter<\/li><li><strong>120 miljoner euro<\/strong> Registrerade anv\u00e4ndare<\/li><li>S\u00e4ker tillg\u00e5ngsfond f\u00f6r anv\u00e4ndare<\/li><li>Tj\u00e4na p\u00e5 ins\u00e4ttningar<\/li><\/ul><\/div><div class=\"cg-cb-btn\"><span class='cta-copy'><a href=\"https:\/\/accounts.binance.com\/register?ref=BLJQ60RW\" class=\"cg-one-button cg-btn cg-red  cg-aff-link cg-btn-lg\" data-post-id=\"127750\" data-post-type=\"top\" data-aff-link=\"https:\/\/accounts.binance.com\/register?ref=BLJQ60RW\" data-style=\"default\" data-post-title=\"Binance\" data-extra=\"arrow\" style=\"\" target=\"\" rel=\"nofollow noopener\">Kom ig\u00e5ng<\/a><\/span><\/span> &lt;\/span<\/div><\/div><div class=\"cg-cb-items\" id=\"product-265829\"><div class=\"cg-cb-top-head\"><div class=\"cg-cb-top-pick\">De flesta l\u00e4nder<\/div><\/div><a href=\"https:\/\/kraken.pxf.io\/756J3y\" target=\"_blank\" rel=\"nofollow noopener\" class=\"cg-aff-link cg-cb-img\" data-post-title=\"Kraken\" data-aff-link=\"https:\/\/kraken.pxf.io\/756J3y\" data-post-type=\"top\" data-post-id=\"127750\"><img decoding=\"async\" src=\"https:\/\/coinkickoff.com\/wp-content\/uploads\/Kraken-logo.webp\" class=\"cg-img-1\" alt=\"Kraken\" style=\"\"><\/a><div class=\"cg-cb-title\"><a href=\"https:\/\/kraken.pxf.io\/756J3y\" class=\"cg-aff-link\" data-post-id=\"127750\" data-post-type=\"top\" data-aff-link=\"https:\/\/kraken.pxf.io\/756J3y\" data-post-title=\"Kraken\" target=\"\" rel=\"nofollow noopener\">Kraken<\/a><\/span> &lt;\/span<\/div><div class=\"cg-cb-content\"><ul><li>USA-baserad<\/li><li>B\u00f6rja med s\u00e5 lite som <strong>$10<\/strong><\/li><li>K\u00f6pa och s\u00e4lja <strong>200+<\/strong> kryptovalutor<\/li><li>Pro Solution f\u00f6r st\u00f6rre handlare<\/li><li>Tillg\u00e4nglig i <strong>190+<\/strong> l\u00e4nder<\/li><\/ul><\/div><div class=\"cg-cb-btn\"><span class='cta-copy'><a href=\"https:\/\/kraken.pxf.io\/756J3y\" class=\"cg-one-button cg-btn cg-red  cg-aff-link cg-btn-lg\" data-post-id=\"127750\" data-post-type=\"top\" data-aff-link=\"https:\/\/kraken.pxf.io\/756J3y\" data-style=\"default\" data-post-title=\"Kraken\" data-extra=\"arrow\" style=\"\" target=\"\" rel=\"nofollow noopener\">Kom ig\u00e5ng<\/a><\/span><\/span> &lt;\/span<\/div><\/div><div class=\"cg-cb-items\" id=\"product-265822\"><div class=\"cg-cb-top-head\"><div class=\"cg-cb-top-pick\">USA-baserad<\/div><\/div><a href=\"https:\/\/coinbase-consumer.sjv.io\/ORPoaG\" target=\"_blank\" rel=\"nofollow noopener\" class=\"cg-aff-link cg-cb-img\" data-post-title=\"Coinbase\" data-aff-link=\"https:\/\/coinbase-consumer.sjv.io\/ORPoaG\" data-post-type=\"top\" data-post-id=\"127750\"><img decoding=\"async\" src=\"https:\/\/coinkickoff.com\/wp-content\/uploads\/2022\/10\/Coinbase.png\" class=\"cg-img-1\" alt=\"Coinbase\" style=\"\"><\/a><div class=\"cg-cb-title\"><a href=\"https:\/\/coinbase-consumer.sjv.io\/ORPoaG\" class=\"cg-aff-link\" data-post-id=\"127750\" data-post-type=\"top\" data-aff-link=\"https:\/\/coinbase-consumer.sjv.io\/ORPoaG\" data-post-title=\"Coinbase\" target=\"\" rel=\"nofollow noopener\">Coinbase<\/a><\/span> &lt;\/span<\/div><div class=\"cg-cb-content\"><ul><li><strong>200+<\/strong> Kryptovalutor listade<\/li><li>F\u00e5 Crypto efter ditt f\u00f6rsta k\u00f6p<\/li><li>Skyddad av f\u00f6rs\u00e4kring&nbsp;<\/li><li>S\u00e4ker f\u00f6rvaring med valvskydd<\/li><li>Den mest betrodda plattformen f\u00f6r kryptovalutor<\/li><\/ul><\/div><div class=\"cg-cb-btn\"><span class='cta-copy'><a href=\"https:\/\/coinbase-consumer.sjv.io\/ORPoaG\" class=\"cg-one-button cg-btn cg-red  cg-aff-link cg-btn-lg\" data-post-id=\"127750\" data-post-type=\"top\" data-aff-link=\"https:\/\/coinbase-consumer.sjv.io\/ORPoaG\" data-style=\"default\" data-post-title=\"Coinbase\" data-extra=\"arrow\" style=\"\" target=\"\" rel=\"nofollow noopener\">Kom ig\u00e5ng<\/a><\/span><\/span> &lt;\/span<\/div><\/div><\/div><\/div>\n\n<h2>Prisber\u00e4knare f\u00f6r kryptovaluta (RUB)<\/h2>\n<p>Anv\u00e4nd kalkylatorn nedan f\u00f6r att se valutakurserna i realtid mellan RUB och m\u00e5nga popul\u00e4ra kryptovalutor.<\/p>\n<div class=\"ccpw_react_widget ccpw_calculator\" id=\"ccpw_react_widgets_1370_69dde9a2df161\" data-attribute=\"{&quot;type&quot;:&quot;calculator&quot;,&quot;baseCurrency&quot;:&quot;bitcoin&quot;,&quot;targetCurrency&quot;:&quot;RUB&quot;}\"><\/div><style type='text\/css'>\r\n\t\t\t  #ccpw_react_widgets_1370 .ccpw-Converter {\r\n\t\t\t\t  background-color: #ffffff;\r\n\t\t\t\t  color: #000;\r\n\t\t\t  }<\/style>\n<h2>Heatmap \u00f6ver prisf\u00f6r\u00e4ndringar: De 20 st\u00f6rsta kryptovalutorna<\/h2>\n<!-- Cryptocurrency Widgets PRO 4.1.2  !--><div class=\"ccpw-coingecko-widget\" style=\"width:100%;\"> \r\n    <gecko-coin-heatmap-widget  height=\"400\"  locale=\"en\" outlined=\"true\" top=\"20\"><\/gecko-coin-heatmap-widget>\r\n    <\/div><style type='text\/css'><\/style>\n<p>Se \u00e4ven priser i:<\/p>\n<ul>\n<li> <a href=\"https:\/\/coinkickoff.com\/sv\/prices\/\">Amerikanska dollar (USD)<\/a><\/li>\n<li> <a href=\"https:\/\/coinkickoff.com\/sv\/prices\/prices-euros\/\">Euro (EUD)<\/li>\n<li> <a href=\"https:\/\/coinkickoff.com\/sv\/prices\/prices-gbp\/\">Brittiska pund sterling (GBP)<\/a><\/li>\n<li> <a href=\"https:\/\/coinkickoff.com\/sv\/prices\/prices-cad\/\">Kanadensiska dollar (CAD)<\/a><\/li>\n<li> <a href=\"https:\/\/coinkickoff.com\/sv\/prices\/prices-aud\/\" data-internallinksmanager029f6b8e52c=\"116\" title=\"Top 100 Live Cryptocurrency Prices Australiska dollar (AUD)\">Australiska dollar (AUD)<\/a><\/li>\n<li> <a href=\"https:\/\/coinkickoff.com\/sv\/prices\/prices-jpy\/\" data-internallinksmanager029f6b8e52c=\"118\" title=\"Topp 100 Live-kryptovalutapriser i japanska yen (JPY)\">Japanska yen (JPY)<\/a><\/li>\n<li> <a href=\"https:\/\/coinkickoff.com\/sv\/prices\/prices-mxn\/\" data-internallinksmanager029f6b8e52c=\"119\" title=\"Topp 100 Live-kryptovalutapriser i mexikansk peso (MXN)\">Mexikansk peso (MXN)<\/a><\/li>\n<li> <a href=\"https:\/\/coinkickoff.com\/sv\/prices\/prices-brl\/\" data-internallinksmanager029f6b8e52c=\"120\" title=\"Topp 100 Live-kryptovalutapriser i brasilianska real (BRL)\">Brasilianska real (BRL)<\/a><\/li>\n<li> <a href=\"https:\/\/coinkickoff.com\/sv\/prices\/prices-cny\/\" data-internallinksmanager029f6b8e52c=\"121\" title=\"Topp 100 Live-kryptovalutapriser i kinesisk renminbi (CNY)\">Kinesisk renminbi (CNY)<\/a><\/li>\n<li> <a href=\"https:\/\/coinkickoff.com\/sv\/prices\/prices-chf\/\" data-internallinksmanager029f6b8e52c=\"122\" title=\"Topp 100 Live Cryptocurrency priser i schweizisk franc (CHF)\">Schweizisk franc (CHF)<\/a><\/li>\n<li> <a href=\"https:\/\/coinkickoff.com\/sv\/prices\/prices-hkd\/\" data-internallinksmanager029f6b8e52c=\"123\" title=\"Topp 100 Live-kryptovalutapriser i Hongkongdollar (HKD)\">Hongkongdollar (HKD)<\/a><\/li>\n<li> <a href=\"https:\/\/coinkickoff.com\/sv\/prices\/prices-sgd\/\" data-internallinksmanager029f6b8e52c=\"124\" title=\"Topp 100 Live-kryptovalutapriser i Singapore Dollar (SGD)\">Singapore Dollar (SGD)<\/a><\/li>\n<li> <a href=\"https:\/\/coinkickoff.com\/sv\/prices\/prices-sek\/\" data-internallinksmanager029f6b8e52c=\"125\" title=\"Topp 100 Live Cryptocurrency priser i svenska kronor (SEK)\">Svenska kronor (SEK)<\/a><\/li>\n<li> <a href=\"https:\/\/coinkickoff.com\/sv\/prices\/prices-nzd\/\" data-internallinksmanager029f6b8e52c=\"126\" title=\"Topp 100 Live Cryptocurrency Priser i Nya Zeelandsdollarn (NZD)\">Nya Zeel\u00e4ndska dollar (NZD)<\/a><\/li>\n<li> <a href=\"https:\/\/coinkickoff.com\/sv\/prices\/prices-inr\/\" data-internallinksmanager029f6b8e52c=\"127\" title=\"Topp 100 Live-kryptovalutapriser i indisk rupie (INR)\">Indisk rupie (INR)<\/a><\/li>\n<li> <a href=\"https:\/\/coinkickoff.com\/sv\/prices\/prices-twd\/\" data-internallinksmanager029f6b8e52c=\"128\" title=\"Topp 100 levande priser p\u00e5 kryptovalutor i nya taiwanesiska dollar (TWD)\">Nya taiwanesiska dollar (TWD)<\/a><\/li>\n<li> <a href=\"https:\/\/coinkickoff.com\/sv\/prices\/prices-zar\/\" data-internallinksmanager029f6b8e52c=\"129\" title=\"Topp 100 Live-kryptovalutapriser i sydafrikanska rand (ZAR)\">Sydafrikanska rand (ZAR)<\/a><\/li>\n<li> <a href=\"https:\/\/coinkickoff.com\/sv\/prices\/prices-dkk\/\" data-internallinksmanager029f6b8e52c=\"130\" title=\"Topp 100 levande priser p\u00e5 kryptovalutor i danska kronor (DKK)\">Danska kronor (DKK)<\/a><\/li>\n<li> <a href=\"https:\/\/coinkickoff.com\/sv\/prices\/prices-pln\/\" data-internallinksmanager029f6b8e52c=\"131\" title=\"Topp 100 Live-kryptovalutapriser i polska z\u0142oty (PLN)\">Polska z\u0142oty (PLN)<\/a><\/li>\n<li> <a href=\"https:\/\/coinkickoff.com\/sv\/prices\/prices-czk\/\" data-internallinksmanager029f6b8e52c=\"132\" title=\"Topp 100 Live-kryptovalutapriser i tjeckiska korunan (CZK)\">Tjeckiska korunan (CZK)<\/a><\/li>\n<li> <a href=\"https:\/\/coinkickoff.com\/sv\/prices\/prices-huf\/\" data-internallinksmanager029f6b8e52c=\"133\" title=\"Topp 100 Live-kryptovalutapriser i ungerska forint (HUF)\">Ungerska forint (HUF)<\/a><\/li>\n<li> Ryska rubel (RUB)<\/li>\n<\/ul>","protected":false},"excerpt":{"rendered":"<p>Se prisuppdateringar i realtid i ryska rubel (RUB) f\u00f6r bitcoin och de andra 100 b\u00e4sta kryptovalutorna nedan. Prisber\u00e4knare f\u00f6r kryptovalutor (RUB) Anv\u00e4nd kalkylatorn nedan f\u00f6r att f\u00e5 valutakurser i realtid mellan RUB och m\u00e5nga popul\u00e4ra kryptovalutor Pris\u00e4ndringsv\u00e4rmekarta: Top 20 Cryptocurrencies Se \u00e4ven priser i: Amerikanska dollar (USD) Euro (EUD) Brittiska pund sterling (GBP) Kanadensiska [...]<\/p>","protected":false},"author":1,"featured_media":738,"parent":708,"menu_order":0,"comment_status":"closed","ping_status":"closed","template":"","meta":{"_genesis_hide_title":false,"_genesis_hide_breadcrumbs":false,"_genesis_hide_singular_image":false,"_genesis_hide_footer_widgets":false,"_genesis_custom_body_class":"","_genesis_custom_post_class":"","_genesis_layout":"","_glsr_average":0,"_glsr_ranking":0,"_glsr_reviews":0,"footnotes":""},"class_list":{"0":"post-828","1":"page","2":"type-page","3":"status-publish","4":"has-post-thumbnail","6":"entry"},"featured_image_src":"https:\/\/coinkickoff.com\/wp-content\/uploads\/crypto-prices-600x400.jpg","featured_image_src_square":"https:\/\/coinkickoff.com\/wp-content\/uploads\/crypto-prices-600x586.jpg","_links":{"self":[{"href":"https:\/\/coinkickoff.com\/sv\/wp-json\/wp\/v2\/pages\/828","targetHints":{"allow":["GET"]}}],"collection":[{"href":"https:\/\/coinkickoff.com\/sv\/wp-json\/wp\/v2\/pages"}],"about":[{"href":"https:\/\/coinkickoff.com\/sv\/wp-json\/wp\/v2\/types\/page"}],"author":[{"embeddable":true,"href":"https:\/\/coinkickoff.com\/sv\/wp-json\/wp\/v2\/users\/1"}],"replies":[{"embeddable":true,"href":"https:\/\/coinkickoff.com\/sv\/wp-json\/wp\/v2\/comments?post=828"}],"version-history":[{"count":4,"href":"https:\/\/coinkickoff.com\/sv\/wp-json\/wp\/v2\/pages\/828\/revisions"}],"predecessor-version":[{"id":1372,"href":"https:\/\/coinkickoff.com\/sv\/wp-json\/wp\/v2\/pages\/828\/revisions\/1372"}],"up":[{"embeddable":true,"href":"https:\/\/coinkickoff.com\/sv\/wp-json\/wp\/v2\/pages\/708"}],"wp:featuredmedia":[{"embeddable":true,"href":"https:\/\/coinkickoff.com\/sv\/wp-json\/wp\/v2\/media\/738"}],"wp:attachment":[{"href":"https:\/\/coinkickoff.com\/sv\/wp-json\/wp\/v2\/media?parent=828"}],"curies":[{"name":"wp","href":"https:\/\/api.w.org\/{rel}","templated":true}]}}