{"id":4628,"date":"2026-01-08T14:08:02","date_gmt":"2026-01-08T14:08:02","guid":{"rendered":"https:\/\/coinkickoff.com\/?page_id=4628"},"modified":"2026-01-08T14:08:02","modified_gmt":"2026-01-08T14:08:02","slug":"how-are-bitcoin-slots-different","status":"publish","type":"page","link":"https:\/\/coinkickoff.com\/sv\/bitcoin-casino\/how-are-bitcoin-slots-different\/","title":{"rendered":"Hur skiljer sig Bitcoin-slots fr\u00e5n traditionella kasinoslots?"},"content":{"rendered":"<p><em>Friskrivningsklausul: Spel inneb\u00e4r en betydande ekonomisk risk. Spela bara med pengar som du har r\u00e5d att f\u00f6rlora. Informationen nedan \u00e4r endast avsedd i informationssyfte. Vi kan f\u00e5 en provision om du registrerar dig och f\u00f6rlorar pengar p\u00e5 n\u00e5got av f\u00f6ljande <a href=\"https:\/\/coinkickoff.com\/sv\/bitcoin-casino\/\" data-internallinksmanager029f6b8e52c=\"200\" title=\"3 b\u00e4sta Bitcoin kryptokasinon med bonusar\">kasinon<\/a>. Alla kasinon \u00e4r inte tillg\u00e4ngliga i alla l\u00e4nder. All information som vi tror \u00e4r korrekt vid tidpunkten f\u00f6r publiceringen kan ha \u00e4ndrats sedan dess.<\/em><\/p>\n<div id=\"ez-toc-container\" class=\"ez-toc-v2_0_80 counter-hierarchy ez-toc-counter ez-toc-transparent ez-toc-container-direction\">\n<div class=\"ez-toc-title-container\">\n<p class=\"ez-toc-title\" style=\"cursor:inherit\">Avsnitt<\/p>\n<span class=\"ez-toc-title-toggle\"><a href=\"#\" class=\"ez-toc-pull-right ez-toc-btn ez-toc-btn-xs ez-toc-btn-default ez-toc-toggle\" aria-label=\"V\u00e4xla till inneh\u00e5llsf\u00f6rteckning\"><span class=\"ez-toc-js-icon-con\"><span class=\"\"><span class=\"eztoc-hide\" style=\"display:none;\">V\u00e4xel<\/span><span class=\"ez-toc-icon-toggle-span\"><svg style=\"fill: #999;color:#999\" xmlns=\"http:\/\/www.w3.org\/2000\/svg\" class=\"list-377408\" width=\"20px\" height=\"20px\" viewbox=\"0 0 24 24\" fill=\"none\"><path d=\"M6 6H4v2h2V6zm14 0H8v2h12V6zM4 11h2v2H4v-2zm16 0H8v2h12v-2zM4 16h2v2H4v-2zm16 0H8v2h12v-2z\" fill=\"currentColor\"><\/path><\/svg><svg style=\"fill: #999;color:#999\" class=\"arrow-unsorted-368013\" xmlns=\"http:\/\/www.w3.org\/2000\/svg\" width=\"10px\" height=\"10px\" viewbox=\"0 0 24 24\" version=\"1.2\" baseprofile=\"tiny\"><path d=\"M18.2 9.3l-6.2-6.3-6.2 6.3c-.2.2-.3.4-.3.7s.1.5.3.7c.2.2.4.3.7.3h11c.3 0 .5-.1.7-.3.2-.2.3-.5.3-.7s-.1-.5-.3-.7zM5.8 14.7l6.2 6.3 6.2-6.3c.2-.2.3-.5.3-.7s-.1-.5-.3-.7c-.2-.2-.4-.3-.7-.3h-11c-.3 0-.5.1-.7.3-.2.2-.3.5-.3.7s.1.5.3.7z\"\/><\/svg><\/span><\/span><\/span><\/a><\/span><\/div>\n<nav><ul class='ez-toc-list ez-toc-list-level-1 eztoc-toggle-hide-by-default' ><li class='ez-toc-page-1 ez-toc-heading-level-2'><a class=\"ez-toc-link ez-toc-heading-1\" href=\"https:\/\/coinkickoff.com\/sv\/bitcoin-casino\/how-are-bitcoin-slots-different\/#Overview_of_Bitcoin_Slots\" >\u00d6versikt \u00f6ver Bitcoin-kortplatser<\/a><ul class='ez-toc-list-level-3' ><li class='ez-toc-heading-level-3'><a class=\"ez-toc-link ez-toc-heading-2\" href=\"https:\/\/coinkickoff.com\/sv\/bitcoin-casino\/how-are-bitcoin-slots-different\/#Definition_of_Bitcoin_Slots\" >Definition av Bitcoin-kortplatser<\/a><\/li><li class='ez-toc-page-1 ez-toc-heading-level-3'><a class=\"ez-toc-link ez-toc-heading-3\" href=\"https:\/\/coinkickoff.com\/sv\/bitcoin-casino\/how-are-bitcoin-slots-different\/#Primary_Characteristics\" >Prim\u00e4ra k\u00e4nnetecken<\/a><\/li><li class='ez-toc-page-1 ez-toc-heading-level-3'><a class=\"ez-toc-link ez-toc-heading-4\" href=\"https:\/\/coinkickoff.com\/sv\/bitcoin-casino\/how-are-bitcoin-slots-different\/#Comparison_with_Traditional_Slots\" >J\u00e4mf\u00f6relse med traditionella spelautomater<\/a><\/li><\/ul><\/li><li class='ez-toc-page-1 ez-toc-heading-level-2'><a class=\"ez-toc-link ez-toc-heading-5\" href=\"https:\/\/coinkickoff.com\/sv\/bitcoin-casino\/how-are-bitcoin-slots-different\/#Operational_Mechanisms\" >Operativa mekanismer<\/a><ul class='ez-toc-list-level-3' ><li class='ez-toc-heading-level-3'><a class=\"ez-toc-link ez-toc-heading-6\" href=\"https:\/\/coinkickoff.com\/sv\/bitcoin-casino\/how-are-bitcoin-slots-different\/#Underlying_Technology\" >Underliggande teknik<\/a><\/li><li class='ez-toc-page-1 ez-toc-heading-level-3'><a class=\"ez-toc-link ez-toc-heading-7\" href=\"https:\/\/coinkickoff.com\/sv\/bitcoin-casino\/how-are-bitcoin-slots-different\/#Random_Number_Generation\" >Generering av slumptal<\/a><\/li><li class='ez-toc-page-1 ez-toc-heading-level-3'><a class=\"ez-toc-link ez-toc-heading-8\" href=\"https:\/\/coinkickoff.com\/sv\/bitcoin-casino\/how-are-bitcoin-slots-different\/#Transaction_Process\" >Transaktionsprocess<\/a><\/li><\/ul><\/li><li class='ez-toc-page-1 ez-toc-heading-level-2'><a class=\"ez-toc-link ez-toc-heading-9\" href=\"https:\/\/coinkickoff.com\/sv\/bitcoin-casino\/how-are-bitcoin-slots-different\/#User_Experience_and_Accessibility\" >Anv\u00e4ndarupplevelse och tillg\u00e4nglighet<\/a><ul class='ez-toc-list-level-3' ><li class='ez-toc-heading-level-3'><a class=\"ez-toc-link ez-toc-heading-10\" href=\"https:\/\/coinkickoff.com\/sv\/bitcoin-casino\/how-are-bitcoin-slots-different\/#Interface_and_Design_Differences\" >Skillnader i gr\u00e4nssnitt och design<\/a><\/li><li class='ez-toc-page-1 ez-toc-heading-level-3'><a class=\"ez-toc-link ez-toc-heading-11\" href=\"https:\/\/coinkickoff.com\/sv\/bitcoin-casino\/how-are-bitcoin-slots-different\/#Payment_and_Withdrawal_Methods\" >Betalnings- och uttagsmetoder<\/a><\/li><li class='ez-toc-page-1 ez-toc-heading-level-3'><a class=\"ez-toc-link ez-toc-heading-12\" href=\"https:\/\/coinkickoff.com\/sv\/bitcoin-casino\/how-are-bitcoin-slots-different\/#Anonymity_and_Security\" >Anonymitet och s\u00e4kerhet<\/a><\/li><\/ul><\/li><li class='ez-toc-page-1 ez-toc-heading-level-2'><a class=\"ez-toc-link ez-toc-heading-13\" href=\"https:\/\/coinkickoff.com\/sv\/bitcoin-casino\/how-are-bitcoin-slots-different\/#Frequently_Asked_Questions\" >Vanliga fr\u00e5gor och svar<\/a><ul class='ez-toc-list-level-3' ><li class='ez-toc-heading-level-3'><a class=\"ez-toc-link ez-toc-heading-14\" href=\"https:\/\/coinkickoff.com\/sv\/bitcoin-casino\/how-are-bitcoin-slots-different\/#What_advantages_do_Bitcoin_slots_offer_over_traditional_slot_machines\" >Vilka f\u00f6rdelar erbjuder Bitcoin-spelautomater j\u00e4mf\u00f6rt med traditionella spelautomater?<\/a><\/li><li class='ez-toc-page-1 ez-toc-heading-level-3'><a class=\"ez-toc-link ez-toc-heading-15\" href=\"https:\/\/coinkickoff.com\/sv\/bitcoin-casino\/how-are-bitcoin-slots-different\/#How_do_crypto-based_slot_games_ensure_fairness\" >Hur s\u00e4kerst\u00e4ller kryptobaserade spelautomater r\u00e4ttvisa?<\/a><\/li><li class='ez-toc-page-1 ez-toc-heading-level-3'><a class=\"ez-toc-link ez-toc-heading-16\" href=\"https:\/\/coinkickoff.com\/sv\/bitcoin-casino\/how-are-bitcoin-slots-different\/#Can_players_use_Bitcoin_on_all_online_slot_platforms\" >Kan spelare anv\u00e4nda Bitcoin p\u00e5 alla spelplattformar online?<\/a><\/li><li class='ez-toc-page-1 ez-toc-heading-level-3'><a class=\"ez-toc-link ez-toc-heading-17\" href=\"https:\/\/coinkickoff.com\/sv\/bitcoin-casino\/how-are-bitcoin-slots-different\/#What_are_the_legal_implications_of_using_Bitcoin_for_gambling\" >Vilka \u00e4r de r\u00e4ttsliga f\u00f6ljderna av att anv\u00e4nda Bitcoin f\u00f6r spel?<\/a><\/li><li class='ez-toc-page-1 ez-toc-heading-level-3'><a class=\"ez-toc-link ez-toc-heading-18\" href=\"https:\/\/coinkickoff.com\/sv\/bitcoin-casino\/how-are-bitcoin-slots-different\/#Why_might_Bitcoin_slots_offer_more_privacy_than_regular_slots\" >Varf\u00f6r kan Bitcoin-automater erbjuda mer integritet \u00e4n vanliga automater?<\/a><\/li><li class='ez-toc-page-1 ez-toc-heading-level-3'><a class=\"ez-toc-link ez-toc-heading-19\" href=\"https:\/\/coinkickoff.com\/sv\/bitcoin-casino\/how-are-bitcoin-slots-different\/#In_what_ways_can_the_payouts_differ_between_Bitcoin_slots_and_conventional_slots\" >P\u00e5 vilka s\u00e4tt kan utbetalningarna skilja sig mellan Bitcoin-slots och konventionella slots?<\/a><\/li><\/ul><\/li><\/ul><\/nav><\/div>\n<h2><span class=\"ez-toc-section\" id=\"Overview_of_Bitcoin_Slots\"><\/span>\u00d6versikt \u00f6ver Bitcoin-kortplatser<span class=\"ez-toc-section-end\"><\/span><\/h2>\n<p><img decoding=\"async\" src=\"https:\/\/coinkickoff.com\/wp-content\/uploads\/v2-3dh2w-v0uhq.jpg\" alt=\"\"><\/p>\n<p><a href=\"https:\/\/coinkickoff.com\/sv\/bitcoin-casino\/how-to-play-crypto-slots\/\" data-internallinksmanager029f6b8e52c=\"205\" title=\"Hur man spelar Crypto Slots: Din steg-f\u00f6r-steg-guide\">Bitcoin-kortplatser<\/a> integrera anv\u00e4ndningen av kryptovaluta f\u00f6r satsningar och transaktioner, vilket ger en modern twist till slotspel.<\/p>\n<h3><span class=\"ez-toc-section\" id=\"Definition_of_Bitcoin_Slots\"><\/span>Definition av Bitcoin-kortplatser<span class=\"ez-toc-section-end\"><\/span><\/h3>\n<p>Bitcoin-slots \u00e4r kasinospelautomater som fungerar med Bitcoin som valuta. Dessa slots finns p\u00e5 onlineplattformar som st\u00f6der blockkedjeteknik och riktar sig s\u00e4rskilt till anv\u00e4ndare av kryptovalutor.<\/p>\n<h3><span class=\"ez-toc-section\" id=\"Primary_Characteristics\"><\/span>Prim\u00e4ra k\u00e4nnetecken<span class=\"ez-toc-section-end\"><\/span><\/h3>\n<p><strong>Decentralisering<\/strong>: Bitcoin slots fungerar p\u00e5 ett decentraliserat n\u00e4tverk, fritt fr\u00e5n traditionella banksystem.<br \/>\n<strong>Integritet<\/strong>: Anv\u00e4ndarna f\u00e5r \u00f6kad integritet, eftersom personuppgifter inte \u00e4r knutna till transaktioner.<br \/>\n<strong>F\u00f6rutsebar verkligt v\u00e4rde<\/strong>: De inneh\u00e5ller bevisligen r\u00e4ttvisa algoritmer, s\u00e5 att spelarna kan verifiera r\u00e4ttvisan i varje snurr oberoende av varandra.<br \/>\n<strong>Snabba transaktioner<\/strong>: Ins\u00e4ttningar och uttag tenderar att vara snabbare \u00e4n traditionell valuta p\u00e5 grund av blockkedjans natur.<br \/>\n<strong>Exklusiva bonusar<\/strong>: Vissa Bitcoin-slots erbjuder specialbonusar f\u00f6r anv\u00e4ndare som spelar med kryptovaluta.<\/p>\n<h3><span class=\"ez-toc-section\" id=\"Comparison_with_Traditional_Slots\"><\/span>J\u00e4mf\u00f6relse med traditionella spelautomater<span class=\"ez-toc-section-end\"><\/span><\/h3>\n<ul>\n<li><strong>Valuta<\/strong>: Traditionella slots anv\u00e4nder fiatvaluta, Bitcoin slots anv\u00e4nder kryptovaluta.<\/li>\n<li><strong>Hantering av betalningar<\/strong>: Traditionella slots f\u00f6rlitar sig p\u00e5 vanliga bankmetoder; Bitcoin-slots anv\u00e4nder blockchain, vilket kan leda till snabbare behandlingstider.<\/li>\n<li><strong>F\u00f6rordning<\/strong>: Bitcoin slots kan m\u00f6ta olika regler p\u00e5 grund av den decentraliserade karakt\u00e4ren hos kryptovaluta.<\/li>\n<\/ul>\n<h2><span class=\"ez-toc-section\" id=\"Operational_Mechanisms\"><\/span>Operativa mekanismer<span class=\"ez-toc-section-end\"><\/span><\/h2>\n<p><img decoding=\"async\" src=\"https:\/\/coinkickoff.com\/wp-content\/uploads\/v2-3dh39-38urg.jpg\" alt=\"\"><\/p>\n<p>Bitcoin-slots utnyttjar p\u00e5 ett unikt s\u00e4tt kryptovalutans tekniska m\u00f6jligheter, medan vanliga slots traditionellt \u00e4r knutna till fiatvalutor. Dessa operativa skillnader understryker det unika med Bitcoin-slots i spelbranschen.<\/p>\n<h3><span class=\"ez-toc-section\" id=\"Underlying_Technology\"><\/span>Underliggande teknik<span class=\"ez-toc-section-end\"><\/span><\/h3>\n<p>Bitcoin-kortplatser fungerar p\u00e5 <strong>blockkedjeteknik<\/strong>vilket ger transparens och of\u00f6r\u00e4nderlighet. Transaktioner inom dessa slots registreras p\u00e5 en distribuerad <a href=\"https:\/\/coinkickoff.com\/sv\/what-is-ledger-wallet\/\" data-internallinksmanager029f6b8e52c=\"167\" title=\"Ledger Wallet recensioner 2023: Avgifter, funktioner, s\u00e4kerhet, f\u00f6rdelar och nackdelar\">huvudbok<\/a>, synlig f\u00f6r alla men of\u00f6r\u00e4nderlig f\u00f6r ingen, vilket skapar en h\u00f6g grad av f\u00f6rtroende. Vanliga spelautomater bygger d\u00e4remot p\u00e5 spelprogramvara som finns p\u00e5 privata servrar, d\u00e4r spelarna m\u00e5ste f\u00f6rlita sig p\u00e5 kasinots rykte n\u00e4r det g\u00e4ller r\u00e4ttvisa och s\u00e4kerhet.<\/p>\n<h3><span class=\"ez-toc-section\" id=\"Random_Number_Generation\"><\/span>Generering av slumptal<span class=\"ez-toc-section-end\"><\/span><\/h3>\n<p>B\u00e5de Bitcoin och vanliga slots anv\u00e4nder <strong>Slumptalsgeneratorer (RNG)<\/strong> f\u00f6r att s\u00e4kerst\u00e4lla att resultatet av varje snurr \u00e4r helt slumpm\u00e4ssigt. Bitcoin-slots anv\u00e4nder dock ofta <strong>bevisligen r\u00e4ttvisa algoritmer<\/strong>som g\u00f6r det m\u00f6jligt f\u00f6r spelarna att oberoende verifiera varje resultats slumpm\u00e4ssighet. Detta skiljer sig fr\u00e5n vanliga spelautomater som anv\u00e4nder egenutvecklade RNG:er som granskas av oberoende f\u00f6retag f\u00f6r att garantera r\u00e4ttvisa.<\/p>\n<ul>\n<li><strong>Bevisligen r\u00e4ttvis algoritm<\/strong>: En kryptografisk metod f\u00f6r att s\u00e4kerst\u00e4lla r\u00e4ttvisa spel.<\/li>\n<li><strong>Egenutvecklade RNG:er<\/strong>: Slutna system som anv\u00e4nds i regelbundna slots, f\u00f6rem\u00e5l f\u00f6r revisioner.<\/li>\n<\/ul>\n<h3><span class=\"ez-toc-section\" id=\"Transaction_Process\"><\/span>Transaktionsprocess<span class=\"ez-toc-section-end\"><\/span><\/h3>\n<p>Transaktionsprocessen i Bitcoin-automater \u00e4r v\u00e4sentligt annorlunda och erbjuder <strong>omedelbara, peer-to-peer-transaktioner<\/strong> som g\u00f6r det m\u00f6jligt f\u00f6r spelare att s\u00e4tta in och ta ut pengar n\u00e4stan omedelbart.<\/p>\n<ul>\n<li><strong>Ins\u00e4ttningar<\/strong>: Skickas direkt fr\u00e5n spelarens Bitcoin-pl\u00e5nbok till kasinots pl\u00e5nbok.<\/li>\n<li><strong>Uttag<\/strong>: \u00d6verf\u00f6rs tillbaka till spelarens pl\u00e5nbok, ofta utan behov av godk\u00e4nnande fr\u00e5n en bankinstitution.<\/li>\n<\/ul>\n<p>Vanliga slots, \u00e5 andra sidan, involverar banker eller andra finansiella mellanh\u00e4nder som kan f\u00f6rdr\u00f6ja transaktioner med handl\u00e4ggningstider och extra avgifter.<\/p>\n<h2><span class=\"ez-toc-section\" id=\"User_Experience_and_Accessibility\"><\/span>Anv\u00e4ndarupplevelse och tillg\u00e4nglighet<span class=\"ez-toc-section-end\"><\/span><\/h2>\n<p><img decoding=\"async\" src=\"https:\/\/coinkickoff.com\/wp-content\/uploads\/v2-3dh3q-bmbhr.jpg\" alt=\"\"><\/p>\n<p>Bitcoin-spelautomater har f\u00f6r\u00e4ndrat anv\u00e4ndarinteraktionen och tillg\u00e4ngligheten inom onlinespel genom tydliga gr\u00e4nssnitt, betalningsmetoder och \u00f6kad integritet.<\/p>\n<h3><span class=\"ez-toc-section\" id=\"Interface_and_Design_Differences\"><\/span>Skillnader i gr\u00e4nssnitt och design<span class=\"ez-toc-section-end\"><\/span><\/h3>\n<p>Bitcoin-kortplatser har ofta en <strong>modernt och intuitivt gr\u00e4nssnitt<\/strong>, som tar till sig trender inom webbdesign. Spelarna kan st\u00f6ta p\u00e5 interaktiva element som t.ex:<\/p>\n<ul>\n<li>Progress trackers f\u00f6r bonusar.<\/li>\n<li>I realtid <a href=\"https:\/\/coinkickoff.com\/sv\/crypto-exchanges\/\" data-internallinksmanager029f6b8e52c=\"141\" title=\"21 b\u00e4sta kryptovalutab\u00f6rser och appar 2024\">utbyte av kryptovaluta<\/a> priser.<\/li>\n<\/ul>\n<p>Vanliga spelautomater tenderar att <a href=\"https:\/\/coinkickoff.com\/sv\/uphold-review\/\" data-internallinksmanager029f6b8e52c=\"156\" title=\"Uppr\u00e4tth\u00e5ller \u00f6versyner 2023: Avgifter, funktioner, s\u00e4kerhet, f\u00f6rdelar och nackdelar\">uppr\u00e4tth\u00e5lla<\/a> a <strong>klassiskt designt\u00e4nkande<\/strong>, med gr\u00e4nssnitt som prioriterar f\u00f6rtrogenhet och enkelhet, till exempel statiska jackpotdisplayer.<\/p>\n<h3><span class=\"ez-toc-section\" id=\"Payment_and_Withdrawal_Methods\"><\/span>Betalnings- och uttagsmetoder<span class=\"ez-toc-section-end\"><\/span><\/h3>\n<table>\n<thead>\n<tr>\n<th>Metod<\/th>\n<th>Bitcoin-kortplatser<\/th>\n<th>Vanliga spelautomater<\/th>\n<\/tr>\n<\/thead>\n<tbody>\n<tr>\n<td>Ins\u00e4ttningar<\/td>\n<td>Direkt fr\u00e5n kryptopl\u00e5nb\u00f6cker, n\u00e4stan omedelbart.<\/td>\n<td>Genom bankkort, e-pl\u00e5nb\u00f6cker eller bank\u00f6verf\u00f6ringar, med varierande handl\u00e4ggningstider.<\/td>\n<\/tr>\n<tr>\n<td>Uttag<\/td>\n<td>Behandlas vanligtvis inom n\u00e5gra minuter till timmar.<\/td>\n<td>Kan ta flera dagar och har ofta minimigr\u00e4nser f\u00f6r uttag.<\/td>\n<\/tr>\n<\/tbody>\n<\/table>\n<p>Bitcoin-spelautomater erbjuder i allm\u00e4nhet <strong>friktionsfria transaktioner<\/strong> p\u00e5 grund av blockkedjeteknikens natur.<\/p>\n<h3><span class=\"ez-toc-section\" id=\"Anonymity_and_Security\"><\/span>Anonymitet och s\u00e4kerhet<span class=\"ez-toc-section-end\"><\/span><\/h3>\n<p>I Bitcoin slots, spelare njuta av en h\u00f6gre grad av <strong>anonymitet<\/strong>. Det \u00e4r de:<\/p>\n<ul>\n<li>Beh\u00f6ver inte dela med sig av lika mycket personlig information.<\/li>\n<li>Dra nytta av de inneboende s\u00e4kerhetsfunktionerna i blockkedjetekniken.<\/li>\n<\/ul>\n<p>Regulj\u00e4ra slots m\u00e5ste d\u00e4remot f\u00f6lja strikta <strong>reglerings- och verifieringsprocesser<\/strong>, vilket ofta kr\u00e4ver detaljerade personuppgifter fr\u00e5n anv\u00e4ndarna.<\/p>\n<h2><span class=\"ez-toc-section\" id=\"Frequently_Asked_Questions\"><\/span>Vanliga fr\u00e5gor och svar<span class=\"ez-toc-section-end\"><\/span><\/h2>\n<p><img decoding=\"async\" src=\"https:\/\/coinkickoff.com\/wp-content\/uploads\/v2-3dh42-3zxyj.jpg\" alt=\"\"><\/p>\n<p>Detta avsnitt tar upp vanliga fr\u00e5gor om skillnaderna mellan Bitcoin-spelautomater och traditionella spelautomater, med fokus p\u00e5 aspekter som f\u00f6rdelar, r\u00e4ttvisa, tillg\u00e4nglighet, juridiska \u00f6verv\u00e4ganden, integritet och utbetalningsvariationer.<\/p>\n<h3><span class=\"ez-toc-section\" id=\"What_advantages_do_Bitcoin_slots_offer_over_traditional_slot_machines\"><\/span>Vilka f\u00f6rdelar erbjuder Bitcoin-spelautomater j\u00e4mf\u00f6rt med traditionella spelautomater?<span class=\"ez-toc-section-end\"><\/span><\/h3>\n<p>Bitcoin-slots ger vanligtvis anv\u00e4ndarna \u00f6kad integritet, eftersom de inte alltid kr\u00e4ver personlig information f\u00f6r transaktioner. De erbjuder ocks\u00e5 snabbare transaktionstider j\u00e4mf\u00f6rt med traditionella bankmetoder, eftersom Bitcoin-transaktioner kan behandlas snabbt utan behov av en central myndighet.<\/p>\n<h3><span class=\"ez-toc-section\" id=\"How_do_crypto-based_slot_games_ensure_fairness\"><\/span>Hur s\u00e4kerst\u00e4ller kryptobaserade spelautomater r\u00e4ttvisa?<span class=\"ez-toc-section-end\"><\/span><\/h3>\n<p>Kryptobaserade spelautomater anv\u00e4nder ofta bevisligen r\u00e4ttvisa algoritmer som g\u00f6r att spelarna kan verifiera varje spins r\u00e4ttvisa oberoende av varandra. Detta system ger transparens genom att anv\u00e4nda kryptografiska tekniker f\u00f6r att visa att resultatet av ett spel inte manipulerades.<\/p>\n<h3><span class=\"ez-toc-section\" id=\"Can_players_use_Bitcoin_on_all_online_slot_platforms\"><\/span>Kan spelare anv\u00e4nda Bitcoin p\u00e5 alla spelplattformar online?<span class=\"ez-toc-section-end\"><\/span><\/h3>\n<p>Inte alla online slot plattformar accepterar Bitcoin. Medan antalet plattformar som st\u00f6der kryptovalutor \u00f6kar, m\u00e5ste spelare kontrollera varje webbplats betalningsalternativ f\u00f6r att avg\u00f6ra om Bitcoin accepteras.<\/p>\n<h3><span class=\"ez-toc-section\" id=\"What_are_the_legal_implications_of_using_Bitcoin_for_gambling\"><\/span>Vilka \u00e4r de r\u00e4ttsliga f\u00f6ljderna av att anv\u00e4nda Bitcoin f\u00f6r spel?<span class=\"ez-toc-section-end\"><\/span><\/h3>\n<p>De juridiska konsekvenserna av att anv\u00e4nda Bitcoin f\u00f6r spel varierar beroende p\u00e5 jurisdiktion. Spelare \u00e4r ansvariga f\u00f6r att f\u00f6rst\u00e5 och f\u00f6lja sina lokala lagar om onlinespel och anv\u00e4ndning av kryptovalutor.<\/p>\n<h3><span class=\"ez-toc-section\" id=\"Why_might_Bitcoin_slots_offer_more_privacy_than_regular_slots\"><\/span>Varf\u00f6r kan Bitcoin-automater erbjuda mer integritet \u00e4n vanliga automater?<span class=\"ez-toc-section-end\"><\/span><\/h3>\n<p>Bitcoin-slots kan erbjuda mer integritet eftersom transaktioner med Bitcoin inte n\u00f6dv\u00e4ndigtvis inneb\u00e4r att man delar personliga bankuppgifter. Detta g\u00f6r det m\u00f6jligt f\u00f6r spelare att spela utan att deras aktivitet l\u00e4tt kan sp\u00e5ras tillbaka till dem av finansinstitut.<\/p>\n<h3><span class=\"ez-toc-section\" id=\"In_what_ways_can_the_payouts_differ_between_Bitcoin_slots_and_conventional_slots\"><\/span>P\u00e5 vilka s\u00e4tt kan utbetalningarna skilja sig mellan Bitcoin-slots och konventionella slots?<span class=\"ez-toc-section-end\"><\/span><\/h3>\n<p>Utbetalningar i Bitcoin-slots kan vara mer betydande p\u00e5 grund av de potentiellt l\u00e4gre driftskostnaderna f\u00f6r kryptovalutatransaktioner. Dessutom erbjuder vissa Bitcoin-slots unika jackpottar som betalas ut i kryptovaluta, vilket kan fluktuera i v\u00e4rde och ibland \u00f6ka utbetalningens v\u00e4rde i fiatvaluta.<\/p>","protected":false},"excerpt":{"rendered":"<p>Friskrivningsklausul: Spel inneb\u00e4r en betydande ekonomisk risk. Spela bara med pengar som du har r\u00e5d att f\u00f6rlora. Informationen nedan \u00e4r endast avsedd i informationssyfte. Vi kan f\u00e5 en provision om du registrerar dig och f\u00f6rlorar pengar p\u00e5 n\u00e5got av f\u00f6ljande kasinon. Alla kasinon \u00e4r inte tillg\u00e4ngliga i alla l\u00e4nder. All information vi [...]<\/p>","protected":false},"author":1,"featured_media":4631,"parent":4440,"menu_order":0,"comment_status":"closed","ping_status":"closed","template":"","meta":{"_genesis_hide_title":false,"_genesis_hide_breadcrumbs":false,"_genesis_hide_singular_image":false,"_genesis_hide_footer_widgets":false,"_genesis_custom_body_class":"","_genesis_custom_post_class":"","_genesis_layout":"","_glsr_average":0,"_glsr_ranking":0,"_glsr_reviews":0,"footnotes":""},"class_list":{"0":"post-4628","1":"page","2":"type-page","3":"status-publish","4":"has-post-thumbnail","6":"entry"},"featured_image_src":"https:\/\/coinkickoff.com\/wp-content\/uploads\/v2-3dh3q-bmbhr-600x400.jpg","featured_image_src_square":"https:\/\/coinkickoff.com\/wp-content\/uploads\/v2-3dh3q-bmbhr-600x600.jpg","_links":{"self":[{"href":"https:\/\/coinkickoff.com\/sv\/wp-json\/wp\/v2\/pages\/4628","targetHints":{"allow":["GET"]}}],"collection":[{"href":"https:\/\/coinkickoff.com\/sv\/wp-json\/wp\/v2\/pages"}],"about":[{"href":"https:\/\/coinkickoff.com\/sv\/wp-json\/wp\/v2\/types\/page"}],"author":[{"embeddable":true,"href":"https:\/\/coinkickoff.com\/sv\/wp-json\/wp\/v2\/users\/1"}],"replies":[{"embeddable":true,"href":"https:\/\/coinkickoff.com\/sv\/wp-json\/wp\/v2\/comments?post=4628"}],"version-history":[{"count":3,"href":"https:\/\/coinkickoff.com\/sv\/wp-json\/wp\/v2\/pages\/4628\/revisions"}],"predecessor-version":[{"id":4635,"href":"https:\/\/coinkickoff.com\/sv\/wp-json\/wp\/v2\/pages\/4628\/revisions\/4635"}],"up":[{"embeddable":true,"href":"https:\/\/coinkickoff.com\/sv\/wp-json\/wp\/v2\/pages\/4440"}],"wp:featuredmedia":[{"embeddable":true,"href":"https:\/\/coinkickoff.com\/sv\/wp-json\/wp\/v2\/media\/4631"}],"wp:attachment":[{"href":"https:\/\/coinkickoff.com\/sv\/wp-json\/wp\/v2\/media?parent=4628"}],"curies":[{"name":"wp","href":"https:\/\/api.w.org\/{rel}","templated":true}]}}