{"id":4605,"date":"2026-01-08T14:07:58","date_gmt":"2026-01-08T14:07:58","guid":{"rendered":"https:\/\/coinkickoff.com\/?page_id=4605"},"modified":"2026-01-08T14:07:58","modified_gmt":"2026-01-08T14:07:58","slug":"how-is-bitcoin-poker-different","status":"publish","type":"page","link":"https:\/\/coinkickoff.com\/sv\/bitcoin-casino\/how-is-bitcoin-poker-different\/","title":{"rendered":"Hur skiljer sig Bitcoin-poker fr\u00e5n onlinepoker?"},"content":{"rendered":"<p><em>Friskrivningsklausul: Spel inneb\u00e4r en betydande ekonomisk risk. Spela bara med pengar som du har r\u00e5d att f\u00f6rlora. Informationen nedan \u00e4r endast avsedd i informationssyfte. Vi kan f\u00e5 en provision om du registrerar dig och f\u00f6rlorar pengar p\u00e5 n\u00e5got av f\u00f6ljande <a href=\"https:\/\/coinkickoff.com\/sv\/bitcoin-casino\/\" data-internallinksmanager029f6b8e52c=\"200\" title=\"3 b\u00e4sta Bitcoin kryptokasinon med bonusar\">kasinon<\/a>. Alla kasinon \u00e4r inte tillg\u00e4ngliga i alla l\u00e4nder. All information som vi tror \u00e4r korrekt vid tidpunkten f\u00f6r publiceringen kan ha \u00e4ndrats sedan dess.<\/em><\/p>\n<div id=\"ez-toc-container\" class=\"ez-toc-v2_0_80 counter-hierarchy ez-toc-counter ez-toc-transparent ez-toc-container-direction\">\n<div class=\"ez-toc-title-container\">\n<p class=\"ez-toc-title\" style=\"cursor:inherit\">Avsnitt<\/p>\n<span class=\"ez-toc-title-toggle\"><a href=\"#\" class=\"ez-toc-pull-right ez-toc-btn ez-toc-btn-xs ez-toc-btn-default ez-toc-toggle\" aria-label=\"V\u00e4xla till inneh\u00e5llsf\u00f6rteckning\"><span class=\"ez-toc-js-icon-con\"><span class=\"\"><span class=\"eztoc-hide\" style=\"display:none;\">V\u00e4xel<\/span><span class=\"ez-toc-icon-toggle-span\"><svg style=\"fill: #999;color:#999\" xmlns=\"http:\/\/www.w3.org\/2000\/svg\" class=\"list-377408\" width=\"20px\" height=\"20px\" viewbox=\"0 0 24 24\" fill=\"none\"><path d=\"M6 6H4v2h2V6zm14 0H8v2h12V6zM4 11h2v2H4v-2zm16 0H8v2h12v-2zM4 16h2v2H4v-2zm16 0H8v2h12v-2z\" fill=\"currentColor\"><\/path><\/svg><svg style=\"fill: #999;color:#999\" class=\"arrow-unsorted-368013\" xmlns=\"http:\/\/www.w3.org\/2000\/svg\" width=\"10px\" height=\"10px\" viewbox=\"0 0 24 24\" version=\"1.2\" baseprofile=\"tiny\"><path d=\"M18.2 9.3l-6.2-6.3-6.2 6.3c-.2.2-.3.4-.3.7s.1.5.3.7c.2.2.4.3.7.3h11c.3 0 .5-.1.7-.3.2-.2.3-.5.3-.7s-.1-.5-.3-.7zM5.8 14.7l6.2 6.3 6.2-6.3c.2-.2.3-.5.3-.7s-.1-.5-.3-.7c-.2-.2-.4-.3-.7-.3h-11c-.3 0-.5.1-.7.3-.2.2-.3.5-.3.7s.1.5.3.7z\"\/><\/svg><\/span><\/span><\/span><\/a><\/span><\/div>\n<nav><ul class='ez-toc-list ez-toc-list-level-1 eztoc-toggle-hide-by-default' ><li class='ez-toc-page-1 ez-toc-heading-level-2'><a class=\"ez-toc-link ez-toc-heading-1\" href=\"https:\/\/coinkickoff.com\/sv\/bitcoin-casino\/how-is-bitcoin-poker-different\/#Understanding_Bitcoin_Poker\" >F\u00f6rst\u00e5else f\u00f6r Bitcoin Poker<\/a><ul class='ez-toc-list-level-3' ><li class='ez-toc-heading-level-3'><a class=\"ez-toc-link ez-toc-heading-2\" href=\"https:\/\/coinkickoff.com\/sv\/bitcoin-casino\/how-is-bitcoin-poker-different\/#Definition_and_Concept_of_Bitcoin_Poker\" >Definition och koncept f\u00f6r Bitcoin Poker<\/a><\/li><li class='ez-toc-page-1 ez-toc-heading-level-3'><a class=\"ez-toc-link ez-toc-heading-3\" href=\"https:\/\/coinkickoff.com\/sv\/bitcoin-casino\/how-is-bitcoin-poker-different\/#Key_Differences_Between_Bitcoin_Poker_and_Online_Poker\" >Viktiga skillnader mellan Bitcoin-poker och onlinepoker<\/a><\/li><li class='ez-toc-page-1 ez-toc-heading-level-3'><a class=\"ez-toc-link ez-toc-heading-4\" href=\"https:\/\/coinkickoff.com\/sv\/bitcoin-casino\/how-is-bitcoin-poker-different\/#The_Role_of_Cryptocurrency_in_Poker\" >Kryptovalutans roll i poker<\/a><\/li><\/ul><\/li><li class='ez-toc-page-1 ez-toc-heading-level-2'><a class=\"ez-toc-link ez-toc-heading-5\" href=\"https:\/\/coinkickoff.com\/sv\/bitcoin-casino\/how-is-bitcoin-poker-different\/#The_Gameplay_Experience\" >Spelupplevelsen<\/a><ul class='ez-toc-list-level-3' ><li class='ez-toc-heading-level-3'><a class=\"ez-toc-link ez-toc-heading-6\" href=\"https:\/\/coinkickoff.com\/sv\/bitcoin-casino\/how-is-bitcoin-poker-different\/#Account_Funding_and_Withdrawals\" >Kontofinansiering och uttag<\/a><\/li><li class='ez-toc-page-1 ez-toc-heading-level-3'><a class=\"ez-toc-link ez-toc-heading-7\" href=\"https:\/\/coinkickoff.com\/sv\/bitcoin-casino\/how-is-bitcoin-poker-different\/#Anonymity_and_Security_Features\" >Anonymitet och s\u00e4kerhetsfunktioner<\/a><\/li><li class='ez-toc-page-1 ez-toc-heading-level-3'><a class=\"ez-toc-link ez-toc-heading-8\" href=\"https:\/\/coinkickoff.com\/sv\/bitcoin-casino\/how-is-bitcoin-poker-different\/#Poker_Variants_and_Software_Differences\" >Pokervarianter och programvaruskillnader<\/a><\/li><\/ul><\/li><li class='ez-toc-page-1 ez-toc-heading-level-2'><a class=\"ez-toc-link ez-toc-heading-9\" href=\"https:\/\/coinkickoff.com\/sv\/bitcoin-casino\/how-is-bitcoin-poker-different\/#Regulatory_and_Legal_Landscape\" >Lagstiftning och juridik<\/a><ul class='ez-toc-list-level-3' ><li class='ez-toc-heading-level-3'><a class=\"ez-toc-link ez-toc-heading-10\" href=\"https:\/\/coinkickoff.com\/sv\/bitcoin-casino\/how-is-bitcoin-poker-different\/#Jurisdictional_Variations_in_Bitcoin_Poker\" >Jurisdiktionsvariationer i Bitcoin Poker<\/a><\/li><li class='ez-toc-page-1 ez-toc-heading-level-3'><a class=\"ez-toc-link ez-toc-heading-11\" href=\"https:\/\/coinkickoff.com\/sv\/bitcoin-casino\/how-is-bitcoin-poker-different\/#Legal_Implications_for_Players_and_Operators\" >R\u00e4ttsliga konsekvenser f\u00f6r spelare och operat\u00f6rer<\/a><\/li><li class='ez-toc-page-1 ez-toc-heading-level-3'><a class=\"ez-toc-link ez-toc-heading-12\" href=\"https:\/\/coinkickoff.com\/sv\/bitcoin-casino\/how-is-bitcoin-poker-different\/#Compliance_and_Fair_Play_Standards\" >Standarder f\u00f6r efterlevnad och Fair Play<\/a><\/li><\/ul><\/li><li class='ez-toc-page-1 ez-toc-heading-level-2'><a class=\"ez-toc-link ez-toc-heading-13\" href=\"https:\/\/coinkickoff.com\/sv\/bitcoin-casino\/how-is-bitcoin-poker-different\/#Frequently_Asked_Questions\" >Vanliga fr\u00e5gor och svar<\/a><ul class='ez-toc-list-level-3' ><li class='ez-toc-heading-level-3'><a class=\"ez-toc-link ez-toc-heading-14\" href=\"https:\/\/coinkickoff.com\/sv\/bitcoin-casino\/how-is-bitcoin-poker-different\/#What_are_the_advantages_of_playing_poker_using_Bitcoin\" >Vilka \u00e4r f\u00f6rdelarna med att spela poker med Bitcoin?<\/a><\/li><li class='ez-toc-page-1 ez-toc-heading-level-3'><a class=\"ez-toc-link ez-toc-heading-15\" href=\"https:\/\/coinkickoff.com\/sv\/bitcoin-casino\/how-is-bitcoin-poker-different\/#Can_Bitcoin_transactions_affect_the_speed_of_online_poker_play\" >Kan Bitcoin-transaktioner p\u00e5verka hastigheten p\u00e5 pokerspel online?<\/a><\/li><li class='ez-toc-page-1 ez-toc-heading-level-3'><a class=\"ez-toc-link ez-toc-heading-16\" href=\"https:\/\/coinkickoff.com\/sv\/bitcoin-casino\/how-is-bitcoin-poker-different\/#Are_there_any_legal_differences_in_playing_poker_with_Bitcoin_versus_traditional_currencies\" >Finns det n\u00e5gra juridiska skillnader mellan att spela poker med Bitcoin och traditionella valutor?<\/a><\/li><li class='ez-toc-page-1 ez-toc-heading-level-3'><a class=\"ez-toc-link ez-toc-heading-17\" href=\"https:\/\/coinkickoff.com\/sv\/bitcoin-casino\/how-is-bitcoin-poker-different\/#How_does_provable_fairness_in_Bitcoin_poker_compare_to_regular_online_poker_games\" >Hur kan man bevisa r\u00e4ttvisa i Bitcoin-poker j\u00e4mf\u00f6rt med vanliga pokerspel online?<\/a><\/li><li class='ez-toc-page-1 ez-toc-heading-level-3'><a class=\"ez-toc-link ez-toc-heading-18\" href=\"https:\/\/coinkickoff.com\/sv\/bitcoin-casino\/how-is-bitcoin-poker-different\/#Does_the_use_of_Bitcoin_offer_more_anonymity_in_online_poker\" >Ger anv\u00e4ndningen av Bitcoin mer anonymitet i onlinepoker?<\/a><\/li><li class='ez-toc-page-1 ez-toc-heading-level-3'><a class=\"ez-toc-link ez-toc-heading-19\" href=\"https:\/\/coinkickoff.com\/sv\/bitcoin-casino\/how-is-bitcoin-poker-different\/#What_impact_does_cryptocurrency_volatility_have_on_Bitcoin_poker_stakes\" >Vilken inverkan har kryptovalutans volatilitet p\u00e5 Bitcoin-pokerinsatser?<\/a><\/li><\/ul><\/li><\/ul><\/nav><\/div>\n<h2><span class=\"ez-toc-section\" id=\"Understanding_Bitcoin_Poker\"><\/span>F\u00f6rst\u00e5else f\u00f6r Bitcoin Poker<span class=\"ez-toc-section-end\"><\/span><\/h2>\n<p><img decoding=\"async\" src=\"https:\/\/coinkickoff.com\/wp-content\/uploads\/v2-3dh0j-a3sgg.jpg\" alt=\"\"><\/p>\n<p><a href=\"https:\/\/coinkickoff.com\/sv\/bitcoin-casino\/how-to-play-crypto-poker\/\" data-internallinksmanager029f6b8e52c=\"203\" title=\"Hur man spelar Crypto Poker: Att bem\u00e4stra Bitcoin-satsningen\">Bitcoin Poker<\/a> integrerar det klassiska pokerspelet med den moderna blockkedjetekniken och erbjuder unika f\u00f6rdelar som \u00f6kad integritet och snabbare transaktioner.<\/p>\n<h3><span class=\"ez-toc-section\" id=\"Definition_and_Concept_of_Bitcoin_Poker\"><\/span>Definition och koncept f\u00f6r Bitcoin Poker<span class=\"ez-toc-section-end\"><\/span><\/h3>\n<p>Bitcoin Poker refererar till den version av onlinepoker som anv\u00e4nder Bitcoin som valuta f\u00f6r ins\u00e4ttningar, satsningar och uttag. Till skillnad fr\u00e5n traditionella onlinepokerspel d\u00e4r fiatvaluta anv\u00e4nds, arbetar Bitcoin Poker med den digitala valutan och utnyttjar decentraliseringen och peer-to-peer-aspekten av blockchain-tekniken.<\/p>\n<h3><span class=\"ez-toc-section\" id=\"Key_Differences_Between_Bitcoin_Poker_and_Online_Poker\"><\/span>Viktiga skillnader mellan Bitcoin-poker och onlinepoker<span class=\"ez-toc-section-end\"><\/span><\/h3>\n<p><strong>Anonymitet:<\/strong> En av de viktigaste skillnaderna \u00e4r den niv\u00e5 av anonymitet som Bitcoin erbjuder. Traditionella pokersajter online kr\u00e4ver ofta personlig finansiell information, medan Bitcoin-pokersajter till\u00e5ter anv\u00e4ndare att spela relativt anonymt.<\/p>\n<p><strong>Transaktionshastighet:<\/strong> Bitcoin-transaktioner kan vara betydligt snabbare \u00e4n fiat-transaktioner, vilket leder till snabbare ins\u00e4ttningar och uttag f\u00f6r spelare.<\/p>\n<p><strong>Skillnader i inneh\u00e5llsf\u00f6rteckningen:<\/strong><\/p>\n<table>\n<thead>\n<tr>\n<th>Funktion<\/th>\n<th>Bitcoin Poker<\/th>\n<th>Poker p\u00e5 n\u00e4tet<\/th>\n<\/tr>\n<\/thead>\n<tbody>\n<tr>\n<td>Typ av valuta<\/td>\n<td>Kryptovaluta (Bitcoin)<\/td>\n<td>Fiatvaluta (USD, EUR, <a href=\"https:\/\/coinkickoff.com\/sv\/ethereum-classic-etc\/\" data-internallinksmanager029f6b8e52c=\"29\" title=\"Vad \u00e4r Ethereum Classic (ETC) Hur fungerar det och var kan man k\u00f6pa det?\">osv.<\/a>.)<\/td>\n<\/tr>\n<tr>\n<td>Anonymitetsniv\u00e5<\/td>\n<td>H\u00f6g<\/td>\n<td>M\u00e5ttlig till l\u00e5g<\/td>\n<\/tr>\n<tr>\n<td>Transaktionshastighet<\/td>\n<td>Snabb (minuter till timmar)<\/td>\n<td>Varierande (timmar till dagar)<\/td>\n<\/tr>\n<tr>\n<td>Krav p\u00e5 finansiell information<\/td>\n<td>Minimal<\/td>\n<td>Ofta omfattande<\/td>\n<\/tr>\n<\/tbody>\n<\/table>\n<h3><span class=\"ez-toc-section\" id=\"The_Role_of_Cryptocurrency_in_Poker\"><\/span>Kryptovalutans roll i poker<span class=\"ez-toc-section-end\"><\/span><\/h3>\n<p>Kryptovalutor som Bitcoin har f\u00f6r\u00e4ndrat onlinepokerlandskapet genom att tillhandah\u00e5lla ett alternativt s\u00e4tt att genomf\u00f6ra transaktioner. De erbjuder en decentraliserad pokerekonomi, flyttar kontrollen bort fr\u00e5n en central myndighet och bidrar till skapandet av en global pokergemenskap som inte \u00e4r bunden av traditionella bankregler.<\/p>\n<h2><span class=\"ez-toc-section\" id=\"The_Gameplay_Experience\"><\/span>Spelupplevelsen<span class=\"ez-toc-section-end\"><\/span><\/h2>\n<p><img decoding=\"async\" src=\"https:\/\/coinkickoff.com\/wp-content\/uploads\/v2-3dh10-d5088.jpg\" alt=\"\"><\/p>\n<p>\u00c4ven om k\u00e4rnan i pokerspelet \u00e4r densamma erbjuder Bitcoin-poker en annorlunda upplevelse n\u00e4r det g\u00e4ller kontohantering, integritet och programvarualternativ j\u00e4mf\u00f6rt med traditionell onlinepoker.<\/p>\n<h3><span class=\"ez-toc-section\" id=\"Account_Funding_and_Withdrawals\"><\/span>Kontofinansiering och uttag<span class=\"ez-toc-section-end\"><\/span><\/h3>\n<ul>\n<li><strong>Bitcoin Transaktioner<\/strong>: Spelare fyller p\u00e5 sina konton och tar ut <a href=\"https:\/\/coinkickoff.com\/sv\/bitcoin-casino\/cash-in-bitcoin-casino-winnings\/\" data-internallinksmanager029f6b8e52c=\"211\" title=\"Hur man tar ut Bitcoin kasinovinster: En steg-f\u00f6r-steg-guide\">vinster<\/a> som anv\u00e4nder Bitcoin, upplever ofta snabbare transaktionstider p\u00e5 grund av kryptovalutans decentraliserade natur.<\/li>\n<li><strong>Valutafluktuationer<\/strong>: V\u00e4rdet p\u00e5 Bitcoin kan vara volatilt, vilket inneb\u00e4r att v\u00e4rdet p\u00e5 spelarnas bankrullar kan fluktuera oberoende av deras pokerprestanda.<\/li>\n<\/ul>\n<h3><span class=\"ez-toc-section\" id=\"Anonymity_and_Security_Features\"><\/span>Anonymitet och s\u00e4kerhetsfunktioner<span class=\"ez-toc-section-end\"><\/span><\/h3>\n<ul>\n<li><strong>Integritet<\/strong>: Bitcoin pokerplattformar kan erbjuda \u00f6kad anonymitet, eftersom personlig finansiell information inte kr\u00e4vs p\u00e5 samma s\u00e4tt som med fiatvalutasidor.<\/li>\n<li><strong>S\u00e4kerhets\u00e5tg\u00e4rder<\/strong>: Transaktionerna s\u00e4kras genom blockkedjeteknik, vilket ger en transparent och manipuleringss\u00e4ker registrering av alla \u00f6verf\u00f6ringar.<\/li>\n<\/ul>\n<h3><span class=\"ez-toc-section\" id=\"Poker_Variants_and_Software_Differences\"><\/span>Pokervarianter och programvaruskillnader<span class=\"ez-toc-section-end\"><\/span><\/h3>\n<ul>\n<li><strong>Olika sorters spel<\/strong>: Vissa Bitcoin-pokersajter kan erbjuda unika pokervarianter som inte finns p\u00e5 traditionella plattformar.<\/li>\n<li><strong>Gr\u00e4nssnitt f\u00f6r programvara<\/strong>: Gr\u00e4nssnittet och anv\u00e4ndarupplevelsen kan skilja sig \u00e5t, ibland erbjuds mer avancerade statistiska verktyg som \u00e4r s\u00e4rskilt utformade f\u00f6r kryptovalutaanv\u00e4ndare.<\/li>\n<\/ul>\n<h2><span class=\"ez-toc-section\" id=\"Regulatory_and_Legal_Landscape\"><\/span>Lagstiftning och juridik<span class=\"ez-toc-section-end\"><\/span><\/h2>\n<p><img decoding=\"async\" src=\"https:\/\/coinkickoff.com\/wp-content\/uploads\/v2-3dh1d-kf9ye.jpg\" alt=\"\"><\/p>\n<p>De regulatoriska och juridiska aspekterna av Bitcoin-poker varierar kraftigt runt om i v\u00e4rlden och har tydliga konsekvenser f\u00f6r b\u00e5de spelare och operat\u00f6rer, med strikta standarder f\u00f6r efterlevnad och fair play p\u00e5 plats.<\/p>\n<h3><span class=\"ez-toc-section\" id=\"Jurisdictional_Variations_in_Bitcoin_Poker\"><\/span>Jurisdiktionsvariationer i Bitcoin Poker<span class=\"ez-toc-section-end\"><\/span><\/h3>\n<p>Olika l\u00e4nder har olika regler n\u00e4r det g\u00e4ller anv\u00e4ndningen av kryptovalutor som Bitcoin f\u00f6r spel. Vissa har helt anammat det med tydliga regler, medan andra verkar i en gr\u00e5zon eller har direkta f\u00f6rbud. Till exempel:<\/p>\n<ul>\n<li><strong>F\u00f6renta staterna:<\/strong> Varierar fr\u00e5n stat till stat; vissa accepterar Bitcoin poker, medan andra inte till\u00e5ter onlinespel alls.<\/li>\n<li><strong>F\u00f6renade kungariket:<\/strong> Helt reglerad med s\u00e4rskilda riktlinjer f\u00f6r anv\u00e4ndning av kryptovalutor.<\/li>\n<li><strong>Kina:<\/strong> Onlinespel, inklusive Bitcoin-poker, \u00e4r olagligt.<\/li>\n<\/ul>\n<h3><span class=\"ez-toc-section\" id=\"Legal_Implications_for_Players_and_Operators\"><\/span>R\u00e4ttsliga konsekvenser f\u00f6r spelare och operat\u00f6rer<span class=\"ez-toc-section-end\"><\/span><\/h3>\n<p><strong>Spelare<\/strong> m\u00e5ste vara medvetna om sitt lands lagar om kryptovalutor och onlinespel f\u00f6r att undvika juridiska risker. P\u00e5f\u00f6ljderna f\u00f6r \u00f6vertr\u00e4delser kan variera fr\u00e5n b\u00f6ter till \u00e5tal.<\/p>\n<p><strong>Operat\u00f6rer<\/strong> av Bitcoin pokersajter m\u00e5ste uppfylla licenskrav, f\u00f6rfaranden f\u00f6r bek\u00e4mpning av penningtv\u00e4tt (AML) och policyer f\u00f6r kundk\u00e4nnedom (KYC).<\/p>\n<ul>\n<li><strong>Krav f\u00f6r licensiering:<\/strong> M\u00e5ste erh\u00e5lla korrekta licenser d\u00e4r onlinespel \u00e4r reglerat.<\/li>\n<li><strong>AML-f\u00f6rfaranden:<\/strong> B\u00f6r inf\u00f6ra system f\u00f6r att f\u00f6rhindra ekonomisk brottslighet.<\/li>\n<li><strong>Policyer f\u00f6r kundk\u00e4nnedom:<\/strong> M\u00e5ste kontrollera sina kunders identitet.<\/li>\n<\/ul>\n<h3><span class=\"ez-toc-section\" id=\"Compliance_and_Fair_Play_Standards\"><\/span>Standarder f\u00f6r efterlevnad och Fair Play<span class=\"ez-toc-section-end\"><\/span><\/h3>\n<p>Operat\u00f6rerna m\u00e5ste uppfylla standarder som garanterar r\u00e4ttvisa och s\u00e4kerhet.<\/p>\n<ul>\n<li><strong>RNG-certifiering:<\/strong> Slumptalsgeneratorer m\u00e5ste vara certifierade av oberoende organ.<\/li>\n<li><strong>S\u00e4kerhetsprotokoll:<\/strong> Implementering av SSL-kryptering och andra cybers\u00e4kerhets\u00e5tg\u00e4rder.<\/li>\n<li><strong>System som \u00e4r bevisligen r\u00e4ttvisa:<\/strong> Unikt f\u00f6r Bitcoin-spel, vilket g\u00f6r det m\u00f6jligt f\u00f6r spelare att verifiera r\u00e4ttvisan i varje hand.<\/li>\n<\/ul>\n<h2><span class=\"ez-toc-section\" id=\"Frequently_Asked_Questions\"><\/span>Vanliga fr\u00e5gor och svar<span class=\"ez-toc-section-end\"><\/span><\/h2>\n<p><img decoding=\"async\" src=\"https:\/\/coinkickoff.com\/wp-content\/uploads\/v2-3dh1y-p4uhr.jpg\" alt=\"\"><\/p>\n<p>I detta avsnitt besvaras vanliga fr\u00e5gor om skillnaderna mellan Bitcoin-poker och vanlig onlinepoker n\u00e4r det g\u00e4ller f\u00f6rdelar, snabbhet, laglighet, r\u00e4ttvisa, anonymitet och effekterna av kryptovalutors volatilitet.<\/p>\n<h3><span class=\"ez-toc-section\" id=\"What_are_the_advantages_of_playing_poker_using_Bitcoin\"><\/span>Vilka \u00e4r f\u00f6rdelarna med att spela poker med Bitcoin?<span class=\"ez-toc-section-end\"><\/span><\/h3>\n<p>Spelare som anv\u00e4nder Bitcoin f\u00f6r poker f\u00e5r snabbare transaktionstider, l\u00e4gre behandlingsavgifter och m\u00f6jlighet att spela fr\u00e5n regioner d\u00e4r traditionella banktransaktioner till pokersajter \u00e4r begr\u00e4nsade. Dessa f\u00f6rdelar h\u00e4rr\u00f6r fr\u00e5n kryptovalutornas decentraliserade natur.<\/p>\n<h3><span class=\"ez-toc-section\" id=\"Can_Bitcoin_transactions_affect_the_speed_of_online_poker_play\"><\/span>Kan Bitcoin-transaktioner p\u00e5verka hastigheten p\u00e5 pokerspel online?<span class=\"ez-toc-section-end\"><\/span><\/h3>\n<p>Ja, Bitcoin kan p\u00e5skynda ins\u00e4ttnings- och uttagsprocessen, s\u00e5 att spelare kan b\u00f6rja spela snabbare och ta ut vinster utan l\u00e5nga bankf\u00f6rdr\u00f6jningar. Denna str\u00f6mlinjeformade operation kommer fr\u00e5n peer-to-peer-transaktionssystemet som \u00e4r inneboende i Bitcoin.<\/p>\n<h3><span class=\"ez-toc-section\" id=\"Are_there_any_legal_differences_in_playing_poker_with_Bitcoin_versus_traditional_currencies\"><\/span>Finns det n\u00e5gra juridiska skillnader mellan att spela poker med Bitcoin och traditionella valutor?<span class=\"ez-toc-section-end\"><\/span><\/h3>\n<p>Det juridiska landskapet f\u00f6r Bitcoin poker kan skilja sig avsev\u00e4rt, eftersom vissa jurisdiktioner som reglerar eller f\u00f6rbjuder onlinespel \u00e4nnu inte uttryckligen har tagit upp kryptovalutor. Denna situation kan skapa tvetydighet och potentiellt p\u00e5verka den r\u00e4ttsliga st\u00e4llningen f\u00f6r Bitcoin-poker i vissa omr\u00e5den.<\/p>\n<h3><span class=\"ez-toc-section\" id=\"How_does_provable_fairness_in_Bitcoin_poker_compare_to_regular_online_poker_games\"><\/span>Hur kan man bevisa r\u00e4ttvisa i Bitcoin-poker j\u00e4mf\u00f6rt med vanliga pokerspel online?<span class=\"ez-toc-section-end\"><\/span><\/h3>\n<p>Bitcoin-pokerplattformar anv\u00e4nder ofta algoritmer f\u00f6r bevisbar r\u00e4ttvisa, vilket g\u00f6r det m\u00f6jligt f\u00f6r spelare att verifiera slumpm\u00e4ssigheten och r\u00e4ttvisan i varje hand. Denna niv\u00e5 av transparens \u00e4r i allm\u00e4nhet inte tillg\u00e4nglig i traditionella pokerspel online, vilket ger ett extra lager av f\u00f6rtroende f\u00f6r Bitcoin-pokerspelare.<\/p>\n<h3><span class=\"ez-toc-section\" id=\"Does_the_use_of_Bitcoin_offer_more_anonymity_in_online_poker\"><\/span>Ger anv\u00e4ndningen av Bitcoin mer anonymitet i onlinepoker?<span class=\"ez-toc-section-end\"><\/span><\/h3>\n<p>Bitcoin-transaktioner ger st\u00f6rre anonymitet j\u00e4mf\u00f6rt med traditionella betalningsmetoder online, eftersom de inte kr\u00e4ver personlig bankinformation. Spelare identifieras genom pl\u00e5nboksadresser snarare \u00e4n personuppgifter, men fullst\u00e4ndig anonymitet kan inte garanteras p\u00e5 grund av sp\u00e5rbarheten i blockkedjetransaktioner.<\/p>\n<h3><span class=\"ez-toc-section\" id=\"What_impact_does_cryptocurrency_volatility_have_on_Bitcoin_poker_stakes\"><\/span>Vilken inverkan har kryptovalutans volatilitet p\u00e5 Bitcoin-pokerinsatser?<span class=\"ez-toc-section-end\"><\/span><\/h3>\n<p>V\u00e4rdet p\u00e5 Bitcoin kan fluktuera kraftigt, vilket kan p\u00e5verka det verkliga v\u00e4rdet p\u00e5 buy-ins och vinster i Bitcoin-poker. Medan vissa spelare uppskattar potentialen f\u00f6r \u00f6kat v\u00e4rde, kan andra tycka att of\u00f6ruts\u00e4gbarheten p\u00e5verkar deras <a href=\"https:\/\/coinkickoff.com\/sv\/bitcoin-casino\/bankroll-management\/\" data-internallinksmanager029f6b8e52c=\"210\" title=\"Bankrollhantering n\u00e4r du spelar med Bitcoin\">Bankrullehantering<\/a> och \u00f6vergripande strategi.<\/p>","protected":false},"excerpt":{"rendered":"<p>Friskrivningsklausul: Spel inneb\u00e4r en betydande ekonomisk risk. Spela bara med pengar som du har r\u00e5d att f\u00f6rlora. Informationen nedan \u00e4r endast avsedd i informationssyfte. Vi kan f\u00e5 en provision om du registrerar dig och f\u00f6rlorar pengar p\u00e5 n\u00e5got av f\u00f6ljande kasinon. Alla kasinon \u00e4r inte tillg\u00e4ngliga i alla l\u00e4nder. All information vi [...]<\/p>","protected":false},"author":1,"featured_media":4609,"parent":4440,"menu_order":0,"comment_status":"closed","ping_status":"closed","template":"","meta":{"_genesis_hide_title":false,"_genesis_hide_breadcrumbs":false,"_genesis_hide_singular_image":false,"_genesis_hide_footer_widgets":false,"_genesis_custom_body_class":"","_genesis_custom_post_class":"","_genesis_layout":"","_glsr_average":0,"_glsr_ranking":0,"_glsr_reviews":0,"footnotes":""},"class_list":{"0":"post-4605","1":"page","2":"type-page","3":"status-publish","4":"has-post-thumbnail","6":"entry"},"featured_image_src":"https:\/\/coinkickoff.com\/wp-content\/uploads\/v2-3dh1y-p4uhr-600x400.jpg","featured_image_src_square":"https:\/\/coinkickoff.com\/wp-content\/uploads\/v2-3dh1y-p4uhr-600x600.jpg","_links":{"self":[{"href":"https:\/\/coinkickoff.com\/sv\/wp-json\/wp\/v2\/pages\/4605","targetHints":{"allow":["GET"]}}],"collection":[{"href":"https:\/\/coinkickoff.com\/sv\/wp-json\/wp\/v2\/pages"}],"about":[{"href":"https:\/\/coinkickoff.com\/sv\/wp-json\/wp\/v2\/types\/page"}],"author":[{"embeddable":true,"href":"https:\/\/coinkickoff.com\/sv\/wp-json\/wp\/v2\/users\/1"}],"replies":[{"embeddable":true,"href":"https:\/\/coinkickoff.com\/sv\/wp-json\/wp\/v2\/comments?post=4605"}],"version-history":[{"count":3,"href":"https:\/\/coinkickoff.com\/sv\/wp-json\/wp\/v2\/pages\/4605\/revisions"}],"predecessor-version":[{"id":4614,"href":"https:\/\/coinkickoff.com\/sv\/wp-json\/wp\/v2\/pages\/4605\/revisions\/4614"}],"up":[{"embeddable":true,"href":"https:\/\/coinkickoff.com\/sv\/wp-json\/wp\/v2\/pages\/4440"}],"wp:featuredmedia":[{"embeddable":true,"href":"https:\/\/coinkickoff.com\/sv\/wp-json\/wp\/v2\/media\/4609"}],"wp:attachment":[{"href":"https:\/\/coinkickoff.com\/sv\/wp-json\/wp\/v2\/media?parent=4605"}],"curies":[{"name":"wp","href":"https:\/\/api.w.org\/{rel}","templated":true}]}}