{"id":4595,"date":"2026-01-08T14:07:58","date_gmt":"2026-01-08T14:07:58","guid":{"rendered":"https:\/\/coinkickoff.com\/?page_id=4595"},"modified":"2026-01-08T14:07:58","modified_gmt":"2026-01-08T14:07:58","slug":"how-is-bitcoin-roulette-different","status":"publish","type":"page","link":"https:\/\/coinkickoff.com\/sv\/bitcoin-casino\/how-is-bitcoin-roulette-different\/","title":{"rendered":"Hur skiljer sig Bitcoin-roulette fr\u00e5n traditionell kasinoroulette?"},"content":{"rendered":"<p>Friskrivningsklausul: Spel inneb\u00e4r en betydande ekonomisk risk. Spela bara med pengar som du har r\u00e5d att f\u00f6rlora. Informationen nedan \u00e4r endast avsedd i informationssyfte. Vi kan f\u00e5 en provision om du registrerar dig och f\u00f6rlorar pengar p\u00e5 n\u00e5got av f\u00f6ljande <a href=\"https:\/\/coinkickoff.com\/sv\/bitcoin-casino\/\" data-internallinksmanager029f6b8e52c=\"200\" title=\"3 b\u00e4sta Bitcoin kryptokasinon med bonusar\">kasinon<\/a>. Alla kasinon \u00e4r inte tillg\u00e4ngliga i alla l\u00e4nder. All information som vi tror \u00e4r korrekt vid tidpunkten f\u00f6r publiceringen kan ha \u00e4ndrats sedan dess.<\/p>\n<div id=\"ez-toc-container\" class=\"ez-toc-v2_0_80 counter-hierarchy ez-toc-counter ez-toc-transparent ez-toc-container-direction\">\n<div class=\"ez-toc-title-container\">\n<p class=\"ez-toc-title\" style=\"cursor:inherit\">Avsnitt<\/p>\n<span class=\"ez-toc-title-toggle\"><a href=\"#\" class=\"ez-toc-pull-right ez-toc-btn ez-toc-btn-xs ez-toc-btn-default ez-toc-toggle\" aria-label=\"V\u00e4xla till inneh\u00e5llsf\u00f6rteckning\"><span class=\"ez-toc-js-icon-con\"><span class=\"\"><span class=\"eztoc-hide\" style=\"display:none;\">V\u00e4xel<\/span><span class=\"ez-toc-icon-toggle-span\"><svg style=\"fill: #999;color:#999\" xmlns=\"http:\/\/www.w3.org\/2000\/svg\" class=\"list-377408\" width=\"20px\" height=\"20px\" viewbox=\"0 0 24 24\" fill=\"none\"><path d=\"M6 6H4v2h2V6zm14 0H8v2h12V6zM4 11h2v2H4v-2zm16 0H8v2h12v-2zM4 16h2v2H4v-2zm16 0H8v2h12v-2z\" fill=\"currentColor\"><\/path><\/svg><svg style=\"fill: #999;color:#999\" class=\"arrow-unsorted-368013\" xmlns=\"http:\/\/www.w3.org\/2000\/svg\" width=\"10px\" height=\"10px\" viewbox=\"0 0 24 24\" version=\"1.2\" baseprofile=\"tiny\"><path d=\"M18.2 9.3l-6.2-6.3-6.2 6.3c-.2.2-.3.4-.3.7s.1.5.3.7c.2.2.4.3.7.3h11c.3 0 .5-.1.7-.3.2-.2.3-.5.3-.7s-.1-.5-.3-.7zM5.8 14.7l6.2 6.3 6.2-6.3c.2-.2.3-.5.3-.7s-.1-.5-.3-.7c-.2-.2-.4-.3-.7-.3h-11c-.3 0-.5.1-.7.3-.2.2-.3.5-.3.7s.1.5.3.7z\"\/><\/svg><\/span><\/span><\/span><\/a><\/span><\/div>\n<nav><ul class='ez-toc-list ez-toc-list-level-1 eztoc-toggle-hide-by-default' ><li class='ez-toc-page-1 ez-toc-heading-level-2'><a class=\"ez-toc-link ez-toc-heading-1\" href=\"https:\/\/coinkickoff.com\/sv\/bitcoin-casino\/how-is-bitcoin-roulette-different\/#Fundamentals_of_Bitcoin_Roulette\" >Grunderna f\u00f6r Bitcoin-roulette<\/a><ul class='ez-toc-list-level-3' ><li class='ez-toc-heading-level-3'><a class=\"ez-toc-link ez-toc-heading-2\" href=\"https:\/\/coinkickoff.com\/sv\/bitcoin-casino\/how-is-bitcoin-roulette-different\/#Definition_and_Mechanism\" >Definition och mekanism<\/a><\/li><li class='ez-toc-page-1 ez-toc-heading-level-3'><a class=\"ez-toc-link ez-toc-heading-3\" href=\"https:\/\/coinkickoff.com\/sv\/bitcoin-casino\/how-is-bitcoin-roulette-different\/#Basic_Rules_Comparison\" >J\u00e4mf\u00f6relse av grundl\u00e4ggande regler<\/a><\/li><\/ul><\/li><li class='ez-toc-page-1 ez-toc-heading-level-2'><a class=\"ez-toc-link ez-toc-heading-4\" href=\"https:\/\/coinkickoff.com\/sv\/bitcoin-casino\/how-is-bitcoin-roulette-different\/#Technological_Aspects\" >Tekniska aspekter<\/a><ul class='ez-toc-list-level-3' ><li class='ez-toc-heading-level-3'><a class=\"ez-toc-link ez-toc-heading-5\" href=\"https:\/\/coinkickoff.com\/sv\/bitcoin-casino\/how-is-bitcoin-roulette-different\/#Software_and_Fairness\" >Programvara och r\u00e4ttvisa<\/a><\/li><li class='ez-toc-page-1 ez-toc-heading-level-3'><a class=\"ez-toc-link ez-toc-heading-6\" href=\"https:\/\/coinkickoff.com\/sv\/bitcoin-casino\/how-is-bitcoin-roulette-different\/#Transaction_Security_and_Anonymity\" >Transaktionss\u00e4kerhet och anonymitet<\/a><\/li><\/ul><\/li><li class='ez-toc-page-1 ez-toc-heading-level-2'><a class=\"ez-toc-link ez-toc-heading-7\" href=\"https:\/\/coinkickoff.com\/sv\/bitcoin-casino\/how-is-bitcoin-roulette-different\/#Practical_Considerations\" >Praktiska \u00f6verv\u00e4ganden<\/a><ul class='ez-toc-list-level-3' ><li class='ez-toc-heading-level-3'><a class=\"ez-toc-link ez-toc-heading-8\" href=\"https:\/\/coinkickoff.com\/sv\/bitcoin-casino\/how-is-bitcoin-roulette-different\/#Accessibility_and_Jurisdiction\" >Tillg\u00e4nglighet och jurisdiktion<\/a><\/li><li class='ez-toc-page-1 ez-toc-heading-level-3'><a class=\"ez-toc-link ez-toc-heading-9\" href=\"https:\/\/coinkickoff.com\/sv\/bitcoin-casino\/how-is-bitcoin-roulette-different\/#Payment_Processing_Times\" >Handl\u00e4ggningstider f\u00f6r betalningar<\/a><\/li><li class='ez-toc-page-1 ez-toc-heading-level-3'><a class=\"ez-toc-link ez-toc-heading-10\" href=\"https:\/\/coinkickoff.com\/sv\/bitcoin-casino\/how-is-bitcoin-roulette-different\/#Casino_Bonuses_and_Incentives\" >Kasinobonusar och incitament<\/a><\/li><\/ul><\/li><li class='ez-toc-page-1 ez-toc-heading-level-2'><a class=\"ez-toc-link ez-toc-heading-11\" href=\"https:\/\/coinkickoff.com\/sv\/bitcoin-casino\/how-is-bitcoin-roulette-different\/#Frequently_Asked_Questions\" >Vanliga fr\u00e5gor och svar<\/a><ul class='ez-toc-list-level-3' ><li class='ez-toc-heading-level-3'><a class=\"ez-toc-link ez-toc-heading-12\" href=\"https:\/\/coinkickoff.com\/sv\/bitcoin-casino\/how-is-bitcoin-roulette-different\/#What_are_the_distinctive_features_of_Bitcoin_roulette_compared_to_traditional_roulette\" >Vilka \u00e4r de utm\u00e4rkande dragen hos Bitcoin-roulette j\u00e4mf\u00f6rt med traditionell roulette?<\/a><\/li><li class='ez-toc-page-1 ez-toc-heading-level-3'><a class=\"ez-toc-link ez-toc-heading-13\" href=\"https:\/\/coinkickoff.com\/sv\/bitcoin-casino\/how-is-bitcoin-roulette-different\/#Can_you_use_Bitcoin_to_play_any_version_of_roulette\" >Kan du anv\u00e4nda Bitcoin f\u00f6r att spela vilken version av roulette som helst?<\/a><\/li><li class='ez-toc-page-1 ez-toc-heading-level-3'><a class=\"ez-toc-link ez-toc-heading-14\" href=\"https:\/\/coinkickoff.com\/sv\/bitcoin-casino\/how-is-bitcoin-roulette-different\/#What_advantages_do_Bitcoin_casinos_offer_for_roulette_players\" >Vilka f\u00f6rdelar erbjuder Bitcoin-kasinon f\u00f6r roulette-spelare?<\/a><\/li><li class='ez-toc-page-1 ez-toc-heading-level-3'><a class=\"ez-toc-link ez-toc-heading-15\" href=\"https:\/\/coinkickoff.com\/sv\/bitcoin-casino\/how-is-bitcoin-roulette-different\/#How_does_the_integration_of_Bitcoin_affect_the_gameplay_of_roulette\" >Hur p\u00e5verkar integrationen av Bitcoin spelet i roulette?<\/a><\/li><li class='ez-toc-page-1 ez-toc-heading-level-3'><a class=\"ez-toc-link ez-toc-heading-16\" href=\"https:\/\/coinkickoff.com\/sv\/bitcoin-casino\/how-is-bitcoin-roulette-different\/#Are_there_any_unique_betting_options_available_in_Bitcoin_roulette\" >Finns det n\u00e5gra unika spelalternativ tillg\u00e4ngliga i Bitcoin-roulette?<\/a><\/li><li class='ez-toc-page-1 ez-toc-heading-level-3'><a class=\"ez-toc-link ez-toc-heading-17\" href=\"https:\/\/coinkickoff.com\/sv\/bitcoin-casino\/how-is-bitcoin-roulette-different\/#What_should_players_know_about_the_security_of_Bitcoin_roulette_games\" >Vad b\u00f6r spelare veta om s\u00e4kerheten i Bitcoin-roulette-spel?<\/a><\/li><\/ul><\/li><\/ul><\/nav><\/div>\n<h2><span class=\"ez-toc-section\" id=\"Fundamentals_of_Bitcoin_Roulette\"><\/span>Grunderna f\u00f6r Bitcoin-roulette<span class=\"ez-toc-section-end\"><\/span><\/h2>\n<p><img decoding=\"async\" src=\"https:\/\/coinkickoff.com\/wp-content\/uploads\/v2-3dgyd-6ia5o.jpg\" alt=\"\"><\/p>\n<p><a href=\"https:\/\/coinkickoff.com\/sv\/bitcoin-casino\/how-to-play-crypto-roulette\/\" data-internallinksmanager029f6b8e52c=\"206\" title=\"Hur man spelar Crypto Roulette: Din guide till blockkedjebetting\">Bitcoin Roulette<\/a> fungerar enligt samma grundprinciper som traditionell roulette, men man spelar med Bitcoin i st\u00e4llet f\u00f6r fiatvaluta, vilket p\u00e5verkar transaktionshastigheten och anonymiteten.<\/p>\n<h3><span class=\"ez-toc-section\" id=\"Definition_and_Mechanism\"><\/span>Definition och mekanism<span class=\"ez-toc-section-end\"><\/span><\/h3>\n<p>Bitcoin Roulette \u00e4r en digital variant av det klassiska kasinospelet som anv\u00e4nder Bitcoin f\u00f6r vadslagning och transaktioner. Spelarna satsar p\u00e5 var en kula kommer att landa p\u00e5 ett snurrande hjul som \u00e4r indelat i numrerade och f\u00e4rgade sektioner. Mekanismen liknar standardroulett, med den st\u00f6rsta skillnaden \u00e4r den valuta som anv\u00e4nds. I Bitcoin Roulette behandlas varje transaktion via blockkedjan, vilket ger transparens och en minskad sannolikhet f\u00f6r bedr\u00e4geri.<\/p>\n<ul>\n<li><strong>Transaktionshastighet<\/strong>: Transaktioner med Bitcoin \u00e4r snabbare och tar vanligtvis n\u00e5gra minuter.<\/li>\n<li><strong>Anonymitet<\/strong>: Spelare kan f\u00f6rbli anonyma, eftersom personlig information inte kr\u00e4vs f\u00f6r att g\u00f6ra Bitcoin-transaktioner.<\/li>\n<\/ul>\n<h3><span class=\"ez-toc-section\" id=\"Basic_Rules_Comparison\"><\/span>J\u00e4mf\u00f6relse av grundl\u00e4ggande regler<span class=\"ez-toc-section-end\"><\/span><\/h3>\n<p>De grundl\u00e4ggande reglerna f\u00f6r Bitcoin-roulette och vanlig roulette \u00e4r i princip desamma. Spelarna v\u00e4ljer att satsa p\u00e5 ett enda nummer, olika grupper av nummer, f\u00e4rgerna r\u00f6tt eller svart, udda eller j\u00e4mnt, eller h\u00f6ga (19-36) eller l\u00e5ga (1-18) nummer.<\/p>\n<ul>\n<li><strong>Spelalternativ<\/strong>:\n<ul>\n<li><strong>Enstaka nummer<\/strong>: H\u00f6gre utbetalning; l\u00e4gre odds.<\/li>\n<li><strong>Gruppnummer<\/strong>: Satsar p\u00e5 antal kluster; varierande utbetalningar.<\/li>\n<li><strong>F\u00e4rger<\/strong>: Satsa p\u00e5 r\u00f6tt eller svart; n\u00e4stan 50\/50 chans.<\/li>\n<li><strong>Udda eller j\u00e4mnt<\/strong>: Satsa p\u00e5 om talet \u00e4r udda eller j\u00e4mnt.<\/li>\n<li><strong>H\u00f6g eller l\u00e5g<\/strong>: Satsa p\u00e5 h\u00f6ga (19-36) eller l\u00e5ga (1-18) nummer.<\/li>\n<\/ul>\n<\/li>\n<\/ul>\n<p>Den tydliga skillnaden i reglerna g\u00e4ller hanteringen av valuta och potentiella utbetalningar. Bitcoin:s prisvolatilitet kan p\u00e5verka det faktiska v\u00e4rdet av <a href=\"https:\/\/coinkickoff.com\/sv\/bitcoin-casino\/cash-in-bitcoin-casino-winnings\/\" data-internallinksmanager029f6b8e52c=\"211\" title=\"Hur man tar ut Bitcoin kasinovinster: En steg-f\u00f6r-steg-guide\">vinster<\/a> eller f\u00f6rluster, och de l\u00e4gsta och h\u00f6gsta insatserna kan variera beroende p\u00e5 <a href=\"https:\/\/coinkickoff.com\/sv\/bitcoin-casino\/what-is-a-bitcoin-casino\/\" data-internallinksmanager029f6b8e52c=\"201\" title=\"Vad \u00e4r ett Bitcoin-kasino? F\u00f6rst\u00e5else av Crytpo-spelplattformar\">Bitcoin kasino<\/a>s politik.<\/p>\n<h2><span class=\"ez-toc-section\" id=\"Technological_Aspects\"><\/span>Tekniska aspekter<span class=\"ez-toc-section-end\"><\/span><\/h2>\n<p><img decoding=\"async\" src=\"https:\/\/coinkickoff.com\/wp-content\/uploads\/v2-3dgyu-2s6kd.jpg\" alt=\"\"><\/p>\n<p>N\u00e4r man j\u00e4mf\u00f6r Bitcoin-roulette med traditionell roulette \u00e4r det tv\u00e5 viktiga tekniska faktorer som spelar in: de mekanismer som s\u00e4kerst\u00e4ller att mjukvaran \u00e4r r\u00e4ttvis och de protokoll som uppr\u00e4tth\u00e5ller transaktionss\u00e4kerhet och anonymitet.<\/p>\n<h3><span class=\"ez-toc-section\" id=\"Software_and_Fairness\"><\/span>Programvara och r\u00e4ttvisa<span class=\"ez-toc-section-end\"><\/span><\/h3>\n<p>Bitcoin roulette-spel f\u00f6rlitar sig p\u00e5 <strong>F\u00f6rutsebar verkligt v\u00e4rde<\/strong> som g\u00f6r det m\u00f6jligt f\u00f6r spelarna att verifiera utg\u00e5ngen av varje spel. Systemet anv\u00e4nder kryptografiska algoritmer f\u00f6r att <strong>generera slumpm\u00e4ssiga fr\u00f6n<\/strong>vilket s\u00e4kerst\u00e4ller att varje snurr \u00e4r slumpm\u00e4ssigt och r\u00e4ttvist. Spelare kan vanligtvis kontrollera r\u00e4ttvisan genom en <strong>verktyg f\u00f6r verifiering<\/strong> som tillhandah\u00e5lls av kasinot.<\/p>\n<ul>\n<li>Generering av slumptal (RNG): Algoritmiskt skapande av of\u00f6ruts\u00e4gbara resultat.<\/li>\n<li>Verktyg f\u00f6r verifiering: Erbjud transparenta och verifierbara spelresultat.<\/li>\n<\/ul>\n<h3><span class=\"ez-toc-section\" id=\"Transaction_Security_and_Anonymity\"><\/span>Transaktionss\u00e4kerhet och anonymitet<span class=\"ez-toc-section-end\"><\/span><\/h3>\n<p>Bitcoin transaktioner utnyttja <strong>blockkedjeteknik<\/strong>som s\u00e4krar ins\u00e4ttningar och uttag genom en of\u00f6r\u00e4nderlig <a href=\"https:\/\/coinkickoff.com\/sv\/what-is-ledger-wallet\/\" data-internallinksmanager029f6b8e52c=\"167\" title=\"Ledger Wallet recensioner 2023: Avgifter, funktioner, s\u00e4kerhet, f\u00f6rdelar och nackdelar\">huvudbok<\/a>, vilket \u00f6kar s\u00e4kerheten och ger en viss grad av anonymitet.<\/p>\n<ul>\n<li><strong>S\u00e4kerhet<\/strong>: Krypterade transaktioner som skyddas av blockkedjeteknik.<\/li>\n<li><strong>Anonymitet<\/strong>: Minskat utl\u00e4mnande av personuppgifter j\u00e4mf\u00f6rt med traditionella betalningsmetoder.<\/li>\n<\/ul>\n<table>\n<thead>\n<tr>\n<th>Aspekt<\/th>\n<th>F\u00f6rm\u00e5n<\/th>\n<\/tr>\n<\/thead>\n<tbody>\n<tr>\n<td>Krypterade transaktioner<\/td>\n<td>L\u00e4gger till ett lager av s\u00e4kerhet mot bedr\u00e4gerier<\/td>\n<\/tr>\n<tr>\n<td>Of\u00f6r\u00e4nderlig huvudbok<\/td>\n<td>S\u00e4kerst\u00e4ller transaktionernas varaktighet och sp\u00e5rbarhet<\/td>\n<\/tr>\n<tr>\n<td>Minskat utl\u00e4mnande av uppgifter<\/td>\n<td>Spelarnas personliga information \u00e4r mindre exponerad<\/td>\n<\/tr>\n<\/tbody>\n<\/table>\n<h2><span class=\"ez-toc-section\" id=\"Practical_Considerations\"><\/span>Praktiska \u00f6verv\u00e4ganden<span class=\"ez-toc-section-end\"><\/span><\/h2>\n<p><img decoding=\"async\" src=\"https:\/\/coinkickoff.com\/wp-content\/uploads\/v2-3dgz8-pee1q.jpg\" alt=\"\"><\/p>\n<p>N\u00e4r du anv\u00e4nder Bitcoin-roulette m\u00e5ste du ta h\u00e4nsyn till skillnader i tillg\u00e4nglighet, behandlingstider och de unika bonusar som erbjuds, vilka skiljer sig fr\u00e5n traditionella rouletteupplevelser.<\/p>\n<h3><span class=\"ez-toc-section\" id=\"Accessibility_and_Jurisdiction\"><\/span>Tillg\u00e4nglighet och jurisdiktion<span class=\"ez-toc-section-end\"><\/span><\/h3>\n<p>Bitcoin-roulette \u00e4r ofta tillg\u00e4ngligt f\u00f6r spelare i jurisdiktioner d\u00e4r onlinespel \u00e4r begr\u00e4nsat eller d\u00e4r traditionella betalningsmetoder inte \u00e4r genomf\u00f6rbara. <strong>Kryptovaluta<\/strong> som medium kringg\u00e5r m\u00e5nga av de regulatoriska begr\u00e4nsningarna, vilket g\u00f6r det mer allm\u00e4nt tillg\u00e4ngligt. Anv\u00e4ndare b\u00f6r dock vara medvetna om sina lokala lagar eftersom lagligheten av spel med kryptovalutor kan variera avsev\u00e4rt fr\u00e5n en region till en annan.<\/p>\n<h3><span class=\"ez-toc-section\" id=\"Payment_Processing_Times\"><\/span>Handl\u00e4ggningstider f\u00f6r betalningar<span class=\"ez-toc-section-end\"><\/span><\/h3>\n<ul>\n<li><strong>Bitcoin Ins\u00e4ttningar:<\/strong> Vanligtvis omedelbar eller inom n\u00e5gra minuter.<\/li>\n<li><strong>Bitcoin Uttag:<\/strong> Kan variera fr\u00e5n n\u00e5gra minuter till flera timmar.<\/li>\n<li><strong>Traditionella bankmetoder:<\/strong> Ofta tar det flera dagar f\u00f6r b\u00e5de ins\u00e4ttningar och uttag.<\/li>\n<\/ul>\n<p>Anv\u00e4ndningen av Bitcoin kan dramatiskt minska v\u00e4ntetiderna i samband med betalningshantering i onlinespel. Spelare kan ofta b\u00f6rja spela tidigare och f\u00e5 ut sina vinster snabbare j\u00e4mf\u00f6rt med traditionella betalningsmetoder.<\/p>\n<h3><span class=\"ez-toc-section\" id=\"Casino_Bonuses_and_Incentives\"><\/span>Kasinobonusar och incitament<span class=\"ez-toc-section-end\"><\/span><\/h3>\n<ul>\n<li><strong>V\u00e4lkomstbonusar:<\/strong> M\u00e5nga Bitcoin-kasinon erbjuder betydande v\u00e4lkomstbonusar f\u00f6r nya spelare.<\/li>\n<li><strong>Bel\u00f6ningar f\u00f6r lojalitet:<\/strong> F\u00f6rm\u00e5ner f\u00f6r regelbundna anv\u00e4ndare inkluderar ofta h\u00f6gre bonusar eller VIP-behandling.<\/li>\n<li><strong>Exklusiva erbjudanden:<\/strong> Vissa kasinon erbjuder kampanjer som \u00e4r skr\u00e4ddarsydda speciellt f\u00f6r Bitcoin-anv\u00e4ndare.<\/li>\n<\/ul>\n<p>Bitcoin-rouletteplattformar kan ha mer gener\u00f6sa bonusar och incitament j\u00e4mf\u00f6rt med vanliga onlinekasinon. Dessa bonusar \u00e4r utformade f\u00f6r att attrahera och beh\u00e5lla spelare som f\u00f6redrar att anv\u00e4nda kryptovaluta. Det \u00e4r viktigt f\u00f6r spelare att l\u00e4sa de regler och villkor som \u00e4r f\u00f6rknippade med dessa bonusar f\u00f6r att fullt ut f\u00f6rst\u00e5 hur de kan utnyttjas.<\/p>\n<h2><span class=\"ez-toc-section\" id=\"Frequently_Asked_Questions\"><\/span>Vanliga fr\u00e5gor och svar<span class=\"ez-toc-section-end\"><\/span><\/h2>\n<p><img decoding=\"async\" src=\"https:\/\/coinkickoff.com\/wp-content\/uploads\/v2-3dgzp-ju7x7.jpg\" alt=\"\"><\/p>\n<p>Detta avsnitt tar upp vanliga fr\u00e5gor om skillnaderna mellan Bitcoin-roulette och traditionell roulette och \u00e4r skr\u00e4ddarsytt f\u00f6r spelare som vill ha klarhet i fr\u00e5gan.<\/p>\n<h3><span class=\"ez-toc-section\" id=\"What_are_the_distinctive_features_of_Bitcoin_roulette_compared_to_traditional_roulette\"><\/span>Vilka \u00e4r de utm\u00e4rkande dragen hos Bitcoin-roulette j\u00e4mf\u00f6rt med traditionell roulette?<span class=\"ez-toc-section-end\"><\/span><\/h3>\n<p>Bitcoin-roulette fungerar p\u00e5 samma s\u00e4tt som traditionell roulette n\u00e4r det g\u00e4ller spelet. Den fr\u00e4msta skillnaden ligger i anv\u00e4ndningen av Bitcoin som valuta, vilket ofta m\u00f6jligg\u00f6r snabbare transaktionstider och f\u00f6rb\u00e4ttrad anonymitet f\u00f6r spelarna.<\/p>\n<h3><span class=\"ez-toc-section\" id=\"Can_you_use_Bitcoin_to_play_any_version_of_roulette\"><\/span>Kan du anv\u00e4nda Bitcoin f\u00f6r att spela vilken version av roulette som helst?<span class=\"ez-toc-section-end\"><\/span><\/h3>\n<p>De flesta Bitcoin-kasinon erbjuder en m\u00e4ngd olika rouletteversioner, inklusive amerikansk, europeisk och fransk roulette. Spelare kan placera satsningar med Bitcoin i dessa olika versioner, beroende p\u00e5 kasinots erbjudande.<\/p>\n<h3><span class=\"ez-toc-section\" id=\"What_advantages_do_Bitcoin_casinos_offer_for_roulette_players\"><\/span>Vilka f\u00f6rdelar erbjuder Bitcoin-kasinon f\u00f6r roulette-spelare?<span class=\"ez-toc-section-end\"><\/span><\/h3>\n<p>Bitcoin-kasinon ger ofta spelarna f\u00f6rdelar som l\u00e4gre transaktionsavgifter, bevisligen r\u00e4ttvisa spel och m\u00f6jligheten att spela och ta ut pengar utan att beh\u00f6va l\u00e4mna ut personlig finansiell information.<\/p>\n<h3><span class=\"ez-toc-section\" id=\"How_does_the_integration_of_Bitcoin_affect_the_gameplay_of_roulette\"><\/span>Hur p\u00e5verkar integrationen av Bitcoin spelet i roulette?<span class=\"ez-toc-section-end\"><\/span><\/h3>\n<p>Integrationen av Bitcoin f\u00f6r\u00e4ndrar normalt inte det grundl\u00e4ggande spelet i roulette. Det kan dock m\u00f6jligg\u00f6ra snabbare satsnings- och utbetalningsprocesser, vilket f\u00f6rb\u00e4ttrar spelets \u00f6vergripande tempo.<\/p>\n<h3><span class=\"ez-toc-section\" id=\"Are_there_any_unique_betting_options_available_in_Bitcoin_roulette\"><\/span>Finns det n\u00e5gra unika spelalternativ tillg\u00e4ngliga i Bitcoin-roulette?<span class=\"ez-toc-section-end\"><\/span><\/h3>\n<p>Bitcoin-roulette erbjuder i allm\u00e4nhet samma satsningsm\u00f6jligheter som vanlig roulette. Vissa Bitcoin-kasinon kan dock introducera unika kampanjer eller satsningar f\u00f6r att locka en bredare publik av kryptovaluta-entusiaster.<\/p>\n<h3><span class=\"ez-toc-section\" id=\"What_should_players_know_about_the_security_of_Bitcoin_roulette_games\"><\/span>Vad b\u00f6r spelare veta om s\u00e4kerheten i Bitcoin-roulette-spel?<span class=\"ez-toc-section-end\"><\/span><\/h3>\n<p>S\u00e4kerheten f\u00f6r Bitcoin-roulette beror b\u00e5de p\u00e5 robustheten hos den kryptografiska tekniken bakom Bitcoin och p\u00e5 de s\u00e4kerhets\u00e5tg\u00e4rder som det enskilda kasinot har inf\u00f6rt. Det \u00e4r viktigt f\u00f6r spelare att verifiera kasinots trov\u00e4rdighet och r\u00e4ttvisan i dess spel.<\/p>","protected":false},"excerpt":{"rendered":"<p>Friskrivningsklausul: Spel inneb\u00e4r en betydande ekonomisk risk. Spela bara med pengar som du har r\u00e5d att f\u00f6rlora. Informationen nedan \u00e4r endast avsedd i informationssyfte. Vi kan f\u00e5 en provision om du registrerar dig och f\u00f6rlorar pengar p\u00e5 n\u00e5got av f\u00f6ljande kasinon. Alla kasinon \u00e4r inte tillg\u00e4ngliga i alla l\u00e4nder. All information vi [...]<\/p>","protected":false},"author":1,"featured_media":4599,"parent":4440,"menu_order":0,"comment_status":"closed","ping_status":"closed","template":"","meta":{"_genesis_hide_title":false,"_genesis_hide_breadcrumbs":false,"_genesis_hide_singular_image":false,"_genesis_hide_footer_widgets":false,"_genesis_custom_body_class":"","_genesis_custom_post_class":"","_genesis_layout":"","_glsr_average":0,"_glsr_ranking":0,"_glsr_reviews":0,"footnotes":""},"class_list":{"0":"post-4595","1":"page","2":"type-page","3":"status-publish","4":"has-post-thumbnail","6":"entry"},"featured_image_src":"https:\/\/coinkickoff.com\/wp-content\/uploads\/v2-3dgz8-pee1q-600x400.jpg","featured_image_src_square":"https:\/\/coinkickoff.com\/wp-content\/uploads\/v2-3dgz8-pee1q-600x600.jpg","_links":{"self":[{"href":"https:\/\/coinkickoff.com\/sv\/wp-json\/wp\/v2\/pages\/4595","targetHints":{"allow":["GET"]}}],"collection":[{"href":"https:\/\/coinkickoff.com\/sv\/wp-json\/wp\/v2\/pages"}],"about":[{"href":"https:\/\/coinkickoff.com\/sv\/wp-json\/wp\/v2\/types\/page"}],"author":[{"embeddable":true,"href":"https:\/\/coinkickoff.com\/sv\/wp-json\/wp\/v2\/users\/1"}],"replies":[{"embeddable":true,"href":"https:\/\/coinkickoff.com\/sv\/wp-json\/wp\/v2\/comments?post=4595"}],"version-history":[{"count":3,"href":"https:\/\/coinkickoff.com\/sv\/wp-json\/wp\/v2\/pages\/4595\/revisions"}],"predecessor-version":[{"id":4602,"href":"https:\/\/coinkickoff.com\/sv\/wp-json\/wp\/v2\/pages\/4595\/revisions\/4602"}],"up":[{"embeddable":true,"href":"https:\/\/coinkickoff.com\/sv\/wp-json\/wp\/v2\/pages\/4440"}],"wp:featuredmedia":[{"embeddable":true,"href":"https:\/\/coinkickoff.com\/sv\/wp-json\/wp\/v2\/media\/4599"}],"wp:attachment":[{"href":"https:\/\/coinkickoff.com\/sv\/wp-json\/wp\/v2\/media?parent=4595"}],"curies":[{"name":"wp","href":"https:\/\/api.w.org\/{rel}","templated":true}]}}