{"id":4585,"date":"2026-01-08T14:07:59","date_gmt":"2026-01-08T14:07:59","guid":{"rendered":"https:\/\/coinkickoff.com\/?page_id=4585"},"modified":"2026-01-08T14:07:59","modified_gmt":"2026-01-08T14:07:59","slug":"how-is-bitcoin-blackjack-different","status":"publish","type":"page","link":"https:\/\/coinkickoff.com\/sv\/bitcoin-casino\/how-is-bitcoin-blackjack-different\/","title":{"rendered":"Hur skiljer sig Bitcoin Blackjack fr\u00e5n vanlig Blackjack?"},"content":{"rendered":"<p><em>Friskrivningsklausul: Spel inneb\u00e4r en betydande ekonomisk risk. Spela bara med pengar som du har r\u00e5d att f\u00f6rlora. Informationen nedan \u00e4r endast avsedd i informationssyfte. Vi kan f\u00e5 en provision om du registrerar dig och f\u00f6rlorar pengar p\u00e5 n\u00e5got av f\u00f6ljande <a href=\"https:\/\/coinkickoff.com\/sv\/bitcoin-casino\/\" data-internallinksmanager029f6b8e52c=\"200\" title=\"3 b\u00e4sta Bitcoin kryptokasinon med bonusar\">kasinon<\/a>. Alla kasinon \u00e4r inte tillg\u00e4ngliga i alla l\u00e4nder. All information som vi tror \u00e4r korrekt vid tidpunkten f\u00f6r publiceringen kan ha \u00e4ndrats sedan dess.<\/em><\/p>\n<div id=\"ez-toc-container\" class=\"ez-toc-v2_0_80 counter-hierarchy ez-toc-counter ez-toc-transparent ez-toc-container-direction\">\n<div class=\"ez-toc-title-container\">\n<p class=\"ez-toc-title\" style=\"cursor:inherit\">Avsnitt<\/p>\n<span class=\"ez-toc-title-toggle\"><a href=\"#\" class=\"ez-toc-pull-right ez-toc-btn ez-toc-btn-xs ez-toc-btn-default ez-toc-toggle\" aria-label=\"V\u00e4xla till inneh\u00e5llsf\u00f6rteckning\"><span class=\"ez-toc-js-icon-con\"><span class=\"\"><span class=\"eztoc-hide\" style=\"display:none;\">V\u00e4xel<\/span><span class=\"ez-toc-icon-toggle-span\"><svg style=\"fill: #999;color:#999\" xmlns=\"http:\/\/www.w3.org\/2000\/svg\" class=\"list-377408\" width=\"20px\" height=\"20px\" viewbox=\"0 0 24 24\" fill=\"none\"><path d=\"M6 6H4v2h2V6zm14 0H8v2h12V6zM4 11h2v2H4v-2zm16 0H8v2h12v-2zM4 16h2v2H4v-2zm16 0H8v2h12v-2z\" fill=\"currentColor\"><\/path><\/svg><svg style=\"fill: #999;color:#999\" class=\"arrow-unsorted-368013\" xmlns=\"http:\/\/www.w3.org\/2000\/svg\" width=\"10px\" height=\"10px\" viewbox=\"0 0 24 24\" version=\"1.2\" baseprofile=\"tiny\"><path d=\"M18.2 9.3l-6.2-6.3-6.2 6.3c-.2.2-.3.4-.3.7s.1.5.3.7c.2.2.4.3.7.3h11c.3 0 .5-.1.7-.3.2-.2.3-.5.3-.7s-.1-.5-.3-.7zM5.8 14.7l6.2 6.3 6.2-6.3c.2-.2.3-.5.3-.7s-.1-.5-.3-.7c-.2-.2-.4-.3-.7-.3h-11c-.3 0-.5.1-.7.3-.2.2-.3.5-.3.7s.1.5.3.7z\"\/><\/svg><\/span><\/span><\/span><\/a><\/span><\/div>\n<nav><ul class='ez-toc-list ez-toc-list-level-1 eztoc-toggle-hide-by-default' ><li class='ez-toc-page-1 ez-toc-heading-level-2'><a class=\"ez-toc-link ez-toc-heading-1\" href=\"https:\/\/coinkickoff.com\/sv\/bitcoin-casino\/how-is-bitcoin-blackjack-different\/#Fundamentals_of_Bitcoin_Blackjack\" >Grundl\u00e4ggande om Bitcoin Blackjack<\/a><ul class='ez-toc-list-level-3' ><li class='ez-toc-heading-level-3'><a class=\"ez-toc-link ez-toc-heading-2\" href=\"https:\/\/coinkickoff.com\/sv\/bitcoin-casino\/how-is-bitcoin-blackjack-different\/#Definition_and_Operation\" >Definition och anv\u00e4ndning<\/a><\/li><li class='ez-toc-page-1 ez-toc-heading-level-3'><a class=\"ez-toc-link ez-toc-heading-3\" href=\"https:\/\/coinkickoff.com\/sv\/bitcoin-casino\/how-is-bitcoin-blackjack-different\/#Key_Differences_From_Traditional_Blackjack\" >Viktiga skillnader j\u00e4mf\u00f6rt med traditionell blackjack<\/a><\/li><\/ul><\/li><li class='ez-toc-page-1 ez-toc-heading-level-2'><a class=\"ez-toc-link ez-toc-heading-4\" href=\"https:\/\/coinkickoff.com\/sv\/bitcoin-casino\/how-is-bitcoin-blackjack-different\/#Gameplay_Specifics\" >Specifika uppgifter om spelet<\/a><ul class='ez-toc-list-level-3' ><li class='ez-toc-heading-level-3'><a class=\"ez-toc-link ez-toc-heading-5\" href=\"https:\/\/coinkickoff.com\/sv\/bitcoin-casino\/how-is-bitcoin-blackjack-different\/#Digital_Transactions_in_Gameplay\" >Digitala transaktioner i spel<\/a><\/li><li class='ez-toc-page-1 ez-toc-heading-level-3'><a class=\"ez-toc-link ez-toc-heading-6\" href=\"https:\/\/coinkickoff.com\/sv\/bitcoin-casino\/how-is-bitcoin-blackjack-different\/#Use_of_Provably_Fair_Algorithms\" >Anv\u00e4ndning av bevisligen r\u00e4ttvisa algoritmer<\/a><\/li><li class='ez-toc-page-1 ez-toc-heading-level-3'><a class=\"ez-toc-link ez-toc-heading-7\" href=\"https:\/\/coinkickoff.com\/sv\/bitcoin-casino\/how-is-bitcoin-blackjack-different\/#Privacy_and_Anonymity_Aspects\" >Aspekter som r\u00f6r integritet och anonymitet<\/a><\/li><\/ul><\/li><li class='ez-toc-page-1 ez-toc-heading-level-2'><a class=\"ez-toc-link ez-toc-heading-8\" href=\"https:\/\/coinkickoff.com\/sv\/bitcoin-casino\/how-is-bitcoin-blackjack-different\/#Considerations_for_Players\" >\u00d6verv\u00e4ganden f\u00f6r spelare<\/a><ul class='ez-toc-list-level-3' ><li class='ez-toc-heading-level-3'><a class=\"ez-toc-link ez-toc-heading-9\" href=\"https:\/\/coinkickoff.com\/sv\/bitcoin-casino\/how-is-bitcoin-blackjack-different\/#Volatility_of_Bitcoin_Value\" >Volatilitet f\u00f6r Bitcoin-v\u00e4rdet<\/a><\/li><li class='ez-toc-page-1 ez-toc-heading-level-3'><a class=\"ez-toc-link ez-toc-heading-10\" href=\"https:\/\/coinkickoff.com\/sv\/bitcoin-casino\/how-is-bitcoin-blackjack-different\/#Legal_and_Regulatory_Implications\" >R\u00e4ttsliga och regleringsm\u00e4ssiga konsekvenser<\/a><\/li><li class='ez-toc-page-1 ez-toc-heading-level-3'><a class=\"ez-toc-link ez-toc-heading-11\" href=\"https:\/\/coinkickoff.com\/sv\/bitcoin-casino\/how-is-bitcoin-blackjack-different\/#Security_and_Trustworthiness\" >S\u00e4kerhet och p\u00e5litlighet<\/a><\/li><\/ul><\/li><li class='ez-toc-page-1 ez-toc-heading-level-2'><a class=\"ez-toc-link ez-toc-heading-12\" href=\"https:\/\/coinkickoff.com\/sv\/bitcoin-casino\/how-is-bitcoin-blackjack-different\/#Frequently_Asked_Questions\" >Vanliga fr\u00e5gor och svar<\/a><ul class='ez-toc-list-level-3' ><li class='ez-toc-heading-level-3'><a class=\"ez-toc-link ez-toc-heading-13\" href=\"https:\/\/coinkickoff.com\/sv\/bitcoin-casino\/how-is-bitcoin-blackjack-different\/#What_are_the_differences_in_transaction_methods_between_Bitcoin_Blackjack_and_traditional_Blackjack\" >Vilka \u00e4r skillnaderna i transaktionsmetoder mellan Bitcoin Blackjack och traditionell Blackjack?<\/a><\/li><li class='ez-toc-page-1 ez-toc-heading-level-3'><a class=\"ez-toc-link ez-toc-heading-14\" href=\"https:\/\/coinkickoff.com\/sv\/bitcoin-casino\/how-is-bitcoin-blackjack-different\/#Does_the_use_of_Bitcoin_in_Blackjack_affect_game_anonymity\" >P\u00e5verkar anv\u00e4ndningen av Bitcoin i Blackjack anonymiteten i spelet?<\/a><\/li><li class='ez-toc-page-1 ez-toc-heading-level-3'><a class=\"ez-toc-link ez-toc-heading-15\" href=\"https:\/\/coinkickoff.com\/sv\/bitcoin-casino\/how-is-bitcoin-blackjack-different\/#Are_there_any_variations_in_game_rules_for_Blackjack_when_playing_with_Bitcoin\" >Finns det n\u00e5gra variationer i spelreglerna f\u00f6r Blackjack n\u00e4r man spelar med Bitcoin?<\/a><\/li><li class='ez-toc-page-1 ez-toc-heading-level-3'><a class=\"ez-toc-link ez-toc-heading-16\" href=\"https:\/\/coinkickoff.com\/sv\/bitcoin-casino\/how-is-bitcoin-blackjack-different\/#How_do_the_odds_or_payouts_differ_in_Bitcoin_Blackjack_compared_to_regular_Blackjack\" >Hur skiljer sig oddsen eller utbetalningarna i Bitcoin Blackjack j\u00e4mf\u00f6rt med vanlig Blackjack?<\/a><\/li><li class='ez-toc-page-1 ez-toc-heading-level-3'><a class=\"ez-toc-link ez-toc-heading-17\" href=\"https:\/\/coinkickoff.com\/sv\/bitcoin-casino\/how-is-bitcoin-blackjack-different\/#What_security_measures_are_unique_to_Bitcoin_Blackjack_games\" >Vilka s\u00e4kerhets\u00e5tg\u00e4rder \u00e4r unika f\u00f6r Bitcoin Blackjack-spel?<\/a><\/li><li class='ez-toc-page-1 ez-toc-heading-level-3'><a class=\"ez-toc-link ez-toc-heading-18\" href=\"https:\/\/coinkickoff.com\/sv\/bitcoin-casino\/how-is-bitcoin-blackjack-different\/#Can_Bitcoin_Blackjack_be_played_from_regions_where_traditional_online_gambling_is_restricted\" >Kan Bitcoin Blackjack spelas fr\u00e5n regioner d\u00e4r traditionellt onlinespel \u00e4r f\u00f6rbjudet?<\/a><\/li><\/ul><\/li><\/ul><\/nav><\/div>\n<h2><span class=\"ez-toc-section\" id=\"Fundamentals_of_Bitcoin_Blackjack\"><\/span>Grundl\u00e4ggande om Bitcoin Blackjack<span class=\"ez-toc-section-end\"><\/span><\/h2>\n<p><img decoding=\"async\" src=\"https:\/\/coinkickoff.com\/wp-content\/uploads\/v2-3dgvp-hoj5o.jpg\" alt=\"\"><\/p>\n<p><a href=\"https:\/\/coinkickoff.com\/sv\/bitcoin-casino\/how-to-play-crypto-blackjack\/\" data-internallinksmanager029f6b8e52c=\"204\" title=\"Hur man spelar Crypto Blackjack: Att bem\u00e4stra spelet online\">Bitcoin Blackjack<\/a> integrerar tekniken f\u00f6r kryptovalutor med det traditionella blackjack-spelet och erbjuder unika funktioner som tillgodoser aktuella tekniska trender.<\/p>\n<h3><span class=\"ez-toc-section\" id=\"Definition_and_Operation\"><\/span>Definition och anv\u00e4ndning<span class=\"ez-toc-section-end\"><\/span><\/h3>\n<p>Bitcoin Blackjack \u00e4r en digital variant av det traditionella kasinospelet som spelas med Bitcoin, en form av digital valuta. Spelare kan placera insatser, ta emot utbetalningar och genomf\u00f6ra alla finansiella transaktioner med Bitcoin. Verksamheten \u00e4r beroende av blockkedjan, vilket garanterar transparens och s\u00e4kerhet. Viktiga komponenter inkluderar:<\/p>\n<ul>\n<li>Bitcoin Pl\u00e5nb\u00f6cker: Spelare anv\u00e4nder dessa f\u00f6r att s\u00e4tta in och ta ut pengar.<\/li>\n<li>Teknik f\u00f6r bevisad r\u00e4ttvisa: G\u00f6r det m\u00f6jligt f\u00f6r spelare att verifiera r\u00e4ttvisan i varje giv eller hand.<\/li>\n<\/ul>\n<h3><span class=\"ez-toc-section\" id=\"Key_Differences_From_Traditional_Blackjack\"><\/span>Viktiga skillnader j\u00e4mf\u00f6rt med traditionell blackjack<span class=\"ez-toc-section-end\"><\/span><\/h3>\n<p>J\u00e4mf\u00f6rt med sin traditionella motsvarighet uppvisar Bitcoin Blackjack distinkta skillnader:<\/p>\n<p><strong>Finansiella transaktioner<\/strong>: Bitcoin Blackjack garanterar omedelbara ins\u00e4ttningar och uttag, f\u00f6rbi traditionella bankprocesser och avgifter.<\/p>\n<p><strong>Anonymitet<\/strong>: Spelare har ofta st\u00f6rre integritet, eftersom Bitcoin-transaktioner inte kr\u00e4ver personliga uppgifter i samma utstr\u00e4ckning som fiatvalutor.<\/p>\n<p><strong>Global tillg\u00e5ng<\/strong>: Eftersom Bitcoin inte \u00e4r knutet till en centralbank kan spelare fr\u00e5n olika jurisdiktioner delta utan begr\u00e4nsningar av lokala spelregler.<\/p>\n<p><strong>R\u00e4ttvist spel<\/strong>: Anv\u00e4ndningen av blockkedjeteknik erbjuder ett bevisligen r\u00e4ttvist system som g\u00f6r det m\u00f6jligt f\u00f6r spelare att verifiera slumpm\u00e4ssigheten och r\u00e4ttvisan i varje spelomg\u00e5ng.<\/p>\n<h2><span class=\"ez-toc-section\" id=\"Gameplay_Specifics\"><\/span>Specifika uppgifter om spelet<span class=\"ez-toc-section-end\"><\/span><\/h2>\n<p><img decoding=\"async\" src=\"https:\/\/coinkickoff.com\/wp-content\/uploads\/v2-3dgw4-jjeu5.jpg\" alt=\"\"><\/p>\n<p>N\u00e4r det g\u00e4ller onlinespel inneb\u00e4r Bitcoin Blackjack betydande f\u00f6r\u00e4ndringar av transaktionsprocesser och s\u00e4kerhetsprotokoll, vilket f\u00f6rb\u00e4ttrar spelarnas upplevelse p\u00e5 olika s\u00e4tt.<\/p>\n<h3><span class=\"ez-toc-section\" id=\"Digital_Transactions_in_Gameplay\"><\/span>Digitala transaktioner i spel<span class=\"ez-toc-section-end\"><\/span><\/h3>\n<p>Bitcoin Blackjack till\u00e5ter anv\u00e4ndning av kryptovaluta f\u00f6r insatser och utbetalningar. Spelare m\u00e5ste <strong>ins\u00e4ttning Bitcoin<\/strong> i sin casinopl\u00e5nbok f\u00f6r att b\u00f6rja, och <a href=\"https:\/\/coinkickoff.com\/sv\/bitcoin-casino\/cash-in-bitcoin-casino-winnings\/\" data-internallinksmanager029f6b8e52c=\"211\" title=\"Hur man tar ut Bitcoin kasinovinster: En steg-f\u00f6r-steg-guide\">vinster<\/a> \u00e4r <strong>utbetalt i Bitcoin<\/strong>, vilket vanligtvis ger snabbare transaktionstider \u00e4n traditionell valuta.<\/p>\n<h3><span class=\"ez-toc-section\" id=\"Use_of_Provably_Fair_Algorithms\"><\/span>Anv\u00e4ndning av bevisligen r\u00e4ttvisa algoritmer<span class=\"ez-toc-section-end\"><\/span><\/h3>\n<p>Tekniken bakom Bitcoin Blackjack anv\u00e4nder <strong>bevisligen r\u00e4ttvisa algoritmer<\/strong>vilket garanterar \u00f6ppenhet och r\u00e4ttvisa. Spelarna f\u00e5r krypterade hashes av den kortlek som anv\u00e4nds, och efter spelet kan de verifiera att de utdelade korten verkligen var slumpm\u00e4ssiga genom att anv\u00e4nda dessa steg:<\/p>\n<ol>\n<li>Ta emot den krypterade hashen innan spelet startar.<\/li>\n<li>Notera kortresultaten under spelets g\u00e5ng.<\/li>\n<li>Anv\u00e4nd algoritmen efter spelet f\u00f6r att avkoda hashen och j\u00e4mf\u00f6ra den med spelets resultat.<\/li>\n<\/ol>\n<h3><span class=\"ez-toc-section\" id=\"Privacy_and_Anonymity_Aspects\"><\/span>Aspekter som r\u00f6r integritet och anonymitet<span class=\"ez-toc-section-end\"><\/span><\/h3>\n<p>Bitcoin-transaktioner kr\u00e4ver ingen personlig information, vilket ger \u00f6kad integritet. Spelare kan delta i Blackjack-spel utan att l\u00e4mna ut k\u00e4nsliga uppgifter, vilket attraherar individer som prioriterar <em>anonymitet<\/em> i aktiviteter p\u00e5 n\u00e4tet.<\/p>\n<h2><span class=\"ez-toc-section\" id=\"Considerations_for_Players\"><\/span>\u00d6verv\u00e4ganden f\u00f6r spelare<span class=\"ez-toc-section-end\"><\/span><\/h2>\n<p><img decoding=\"async\" src=\"https:\/\/coinkickoff.com\/wp-content\/uploads\/v2-3dgws-32uf3.jpg\" alt=\"\"><\/p>\n<p>N\u00e4r spelare byter fr\u00e5n traditionell blackjack till Bitcoin-blackjack m\u00e5ste de vara medvetna om faktorer som kryptovalutans volatilitet, juridiska aspekter och onlineplattformarnas s\u00e4kerhets\u00e5tg\u00e4rder.<\/p>\n<h3><span class=\"ez-toc-section\" id=\"Volatility_of_Bitcoin_Value\"><\/span>Volatilitet f\u00f6r Bitcoin-v\u00e4rdet<span class=\"ez-toc-section-end\"><\/span><\/h3>\n<p><strong>Priset p\u00e5 Bitcoin fluktuerar<\/strong> avsev\u00e4rt, vilket kan p\u00e5verka hur mycket pengar spelarna satsar. Till exempel:<\/p>\n<ul>\n<li><strong>N\u00e4r Bitcoin:s v\u00e4rde \u00f6kar<\/strong>: En insats p\u00e5 0,01 BTC kan vara v\u00e4rd $50 ena dagen och $100 n\u00e4sta dag.<\/li>\n<li><strong>N\u00e4r Bitcoin:s v\u00e4rde minskar<\/strong>: Vinster kan f\u00f6rlora sitt v\u00e4rde n\u00e4r de tas ut, vilket p\u00e5verkar den totala l\u00f6nsamheten.<\/li>\n<\/ul>\n<h3><span class=\"ez-toc-section\" id=\"Legal_and_Regulatory_Implications\"><\/span>R\u00e4ttsliga och regleringsm\u00e4ssiga konsekvenser<span class=\"ez-toc-section-end\"><\/span><\/h3>\n<p>Olika jurisdiktioner har varierande lagar avseende <strong>spel p\u00e5 kryptovalutor<\/strong>. Spelare b\u00f6r \u00f6verv\u00e4ga:<\/p>\n<ul>\n<li><strong>Laglighet<\/strong>: I vissa regioner \u00e4r det lagligt att anv\u00e4nda Bitcoin f\u00f6r blackjack, medan det i andra \u00e4r antingen reglerat eller f\u00f6rbjudet.<\/li>\n<li><strong>Skattem\u00e4ssiga konsekvenser<\/strong>: Vinster i Bitcoin kan ha en annan skattebehandling \u00e4n traditionell valuta, vilket kr\u00e4ver extra noggrannhet.<\/li>\n<\/ul>\n<h3><span class=\"ez-toc-section\" id=\"Security_and_Trustworthiness\"><\/span>S\u00e4kerhet och p\u00e5litlighet<span class=\"ez-toc-section-end\"><\/span><\/h3>\n<p>Att v\u00e4lja en trov\u00e4rdig Bitcoin blackjack-leverant\u00f6r \u00e4r avg\u00f6rande. Spelare b\u00f6r leta efter:<\/p>\n<ul>\n<li><strong>Transparent verksamhet<\/strong>: V\u00e4lrenommerade webbplatser ger tydlig information om deras spels r\u00e4ttvisa och deras operativa licenser.<\/li>\n<li><strong>S\u00e4kerhets\u00e5tg\u00e4rder<\/strong>: Tillr\u00e4ckligt skydd som <strong>tv\u00e5faktorsautentisering<\/strong> och <strong>SSL-kryptering<\/strong> skydda spelarnas medel och personuppgifter.<\/li>\n<\/ul>\n<h2><span class=\"ez-toc-section\" id=\"Frequently_Asked_Questions\"><\/span>Vanliga fr\u00e5gor och svar<span class=\"ez-toc-section-end\"><\/span><\/h2>\n<p><img decoding=\"async\" src=\"https:\/\/coinkickoff.com\/wp-content\/uploads\/v2-3dgx9-wx3hk.jpg\" alt=\"\"><\/p>\n<p>F\u00f6ljande underavsnitt behandlar vanliga fr\u00e5gor om skillnaderna mellan Bitcoin Blackjack och dess traditionella motsvarighet, med fokus p\u00e5 transaktionsskillnader, anonymitet, spelregler, odds, s\u00e4kerhets\u00e5tg\u00e4rder och tillg\u00e4nglighet.<\/p>\n<h3><span class=\"ez-toc-section\" id=\"What_are_the_differences_in_transaction_methods_between_Bitcoin_Blackjack_and_traditional_Blackjack\"><\/span>Vilka \u00e4r skillnaderna i transaktionsmetoder mellan Bitcoin Blackjack och traditionell Blackjack?<span class=\"ez-toc-section-end\"><\/span><\/h3>\n<p>Bitcoin Blackjack anv\u00e4nder kryptovalutor, fr\u00e4mst Bitcoin, f\u00f6r satsningar och utbetalningar, vilket m\u00f6jligg\u00f6r snabbare transaktioner och ofta reducerade behandlingsavgifter. Traditionell blackjack f\u00f6rlitar sig vanligtvis p\u00e5 fiatvalutor, som behandlas via olika betalningssystem som kreditkort, bank\u00f6verf\u00f6ringar eller e-pl\u00e5nb\u00f6cker.<\/p>\n<h3><span class=\"ez-toc-section\" id=\"Does_the_use_of_Bitcoin_in_Blackjack_affect_game_anonymity\"><\/span>P\u00e5verkar anv\u00e4ndningen av Bitcoin i Blackjack anonymiteten i spelet?<span class=\"ez-toc-section-end\"><\/span><\/h3>\n<p>Att spela Blackjack med Bitcoin kan erbjuda \u00f6kad anonymitet eftersom transaktioner inte kr\u00e4ver personlig finansiell information. Spelare m\u00e5ste dock notera att fullst\u00e4ndig anonymitet kanske inte kan garanteras p\u00e5 grund av plattformspolicyer eller lagstadgade krav.<\/p>\n<h3><span class=\"ez-toc-section\" id=\"Are_there_any_variations_in_game_rules_for_Blackjack_when_playing_with_Bitcoin\"><\/span>Finns det n\u00e5gra variationer i spelreglerna f\u00f6r Blackjack n\u00e4r man spelar med Bitcoin?<span class=\"ez-toc-section-end\"><\/span><\/h3>\n<p>De grundl\u00e4ggande reglerna f\u00f6r Blackjack \u00e4r of\u00f6r\u00e4ndrade i Bitcoin Blackjack. Spelarna f\u00f6rs\u00f6ker sl\u00e5 dealern genom att komma n\u00e4rmare en totalsumma p\u00e5 21 utan att \u00f6verskrida den. Vissa Bitcoin-kasinon kan dock erbjuda unika variationer eller sidobet som \u00e4r specifika f\u00f6r deras plattform.<\/p>\n<h3><span class=\"ez-toc-section\" id=\"How_do_the_odds_or_payouts_differ_in_Bitcoin_Blackjack_compared_to_regular_Blackjack\"><\/span>Hur skiljer sig oddsen eller utbetalningarna i Bitcoin Blackjack j\u00e4mf\u00f6rt med vanlig Blackjack?<span class=\"ez-toc-section-end\"><\/span><\/h3>\n<p>Odds och utbetalningar i Bitcoin Blackjack \u00e4r vanligtvis desamma som i traditionell Blackjack, och f\u00f6ljer standardkasinopraxis. Bitcoin-kasinon kan dock erbjuda mer attraktiva odds eller bonusutbetalningar f\u00f6r att locka spelare att anv\u00e4nda kryptovalutor.<\/p>\n<h3><span class=\"ez-toc-section\" id=\"What_security_measures_are_unique_to_Bitcoin_Blackjack_games\"><\/span>Vilka s\u00e4kerhets\u00e5tg\u00e4rder \u00e4r unika f\u00f6r Bitcoin Blackjack-spel?<span class=\"ez-toc-section-end\"><\/span><\/h3>\n<p>Bitcoin Blackjack inneh\u00e5ller blockkedjeteknik, vilket garanterar decentraliserad transaktionsverifiering och f\u00f6rb\u00e4ttrad s\u00e4kerhet. Vissa kasinon erbjuder ocks\u00e5 bevisligen r\u00e4ttvisa algoritmer, s\u00e5 att spelare kan verifiera r\u00e4ttvisan i varje hand efter att den har spelats.<\/p>\n<h3><span class=\"ez-toc-section\" id=\"Can_Bitcoin_Blackjack_be_played_from_regions_where_traditional_online_gambling_is_restricted\"><\/span>Kan Bitcoin Blackjack spelas fr\u00e5n regioner d\u00e4r traditionellt onlinespel \u00e4r f\u00f6rbjudet?<span class=\"ez-toc-section-end\"><\/span><\/h3>\n<p>Bitcoin Blackjack kan ibland n\u00e5s fr\u00e5n jurisdiktioner d\u00e4r traditionellt onlinespel m\u00f6ter begr\u00e4nsningar p\u00e5 grund av Bitcoin:s decentraliserade natur. Spelare b\u00f6r dock vara medvetna om lokala lagar eftersom regler kan variera kraftigt och f\u00f6r\u00e4ndras \u00f6ver tiden.<\/p>","protected":false},"excerpt":{"rendered":"<p>Friskrivningsklausul: Spel inneb\u00e4r en betydande ekonomisk risk. Spela bara med pengar som du har r\u00e5d att f\u00f6rlora. Informationen nedan \u00e4r endast avsedd i informationssyfte. Vi kan f\u00e5 en provision om du registrerar dig och f\u00f6rlorar pengar p\u00e5 n\u00e5got av f\u00f6ljande kasinon. Alla kasinon \u00e4r inte tillg\u00e4ngliga i alla l\u00e4nder. All information vi [...]<\/p>","protected":false},"author":1,"featured_media":4586,"parent":4440,"menu_order":0,"comment_status":"closed","ping_status":"closed","template":"","meta":{"_genesis_hide_title":false,"_genesis_hide_breadcrumbs":false,"_genesis_hide_singular_image":false,"_genesis_hide_footer_widgets":false,"_genesis_custom_body_class":"","_genesis_custom_post_class":"","_genesis_layout":"","_glsr_average":0,"_glsr_ranking":0,"_glsr_reviews":0,"footnotes":""},"class_list":{"0":"post-4585","1":"page","2":"type-page","3":"status-publish","4":"has-post-thumbnail","6":"entry"},"featured_image_src":"https:\/\/coinkickoff.com\/wp-content\/uploads\/v2-3dgvp-hoj5o-600x400.jpg","featured_image_src_square":"https:\/\/coinkickoff.com\/wp-content\/uploads\/v2-3dgvp-hoj5o-600x600.jpg","_links":{"self":[{"href":"https:\/\/coinkickoff.com\/sv\/wp-json\/wp\/v2\/pages\/4585","targetHints":{"allow":["GET"]}}],"collection":[{"href":"https:\/\/coinkickoff.com\/sv\/wp-json\/wp\/v2\/pages"}],"about":[{"href":"https:\/\/coinkickoff.com\/sv\/wp-json\/wp\/v2\/types\/page"}],"author":[{"embeddable":true,"href":"https:\/\/coinkickoff.com\/sv\/wp-json\/wp\/v2\/users\/1"}],"replies":[{"embeddable":true,"href":"https:\/\/coinkickoff.com\/sv\/wp-json\/wp\/v2\/comments?post=4585"}],"version-history":[{"count":3,"href":"https:\/\/coinkickoff.com\/sv\/wp-json\/wp\/v2\/pages\/4585\/revisions"}],"predecessor-version":[{"id":4592,"href":"https:\/\/coinkickoff.com\/sv\/wp-json\/wp\/v2\/pages\/4585\/revisions\/4592"}],"up":[{"embeddable":true,"href":"https:\/\/coinkickoff.com\/sv\/wp-json\/wp\/v2\/pages\/4440"}],"wp:featuredmedia":[{"embeddable":true,"href":"https:\/\/coinkickoff.com\/sv\/wp-json\/wp\/v2\/media\/4586"}],"wp:attachment":[{"href":"https:\/\/coinkickoff.com\/sv\/wp-json\/wp\/v2\/media?parent=4585"}],"curies":[{"name":"wp","href":"https:\/\/api.w.org\/{rel}","templated":true}]}}