{"id":4575,"date":"2026-01-08T14:08:04","date_gmt":"2026-01-08T14:08:04","guid":{"rendered":"https:\/\/coinkickoff.com\/?page_id=4575"},"modified":"2026-01-08T14:08:04","modified_gmt":"2026-01-08T14:08:04","slug":"how-are-bitcoin-casinos-different","status":"publish","type":"page","link":"https:\/\/coinkickoff.com\/sv\/bitcoin-casino\/how-are-bitcoin-casinos-different\/","title":{"rendered":"Hur skiljer sig Bitcoin-kasinon fr\u00e5n traditionella kasinon?"},"content":{"rendered":"<p><em>Friskrivningsklausul: Spel inneb\u00e4r en betydande ekonomisk risk. Spela bara med pengar som du har r\u00e5d att f\u00f6rlora. Informationen nedan \u00e4r endast avsedd i informationssyfte. Vi kan f\u00e5 en provision om du registrerar dig och f\u00f6rlorar pengar p\u00e5 n\u00e5got av f\u00f6ljande <a href=\"https:\/\/coinkickoff.com\/sv\/bitcoin-casino\/\" data-internallinksmanager029f6b8e52c=\"200\" title=\"3 b\u00e4sta Bitcoin kryptokasinon med bonusar\">kasinon<\/a>. Alla kasinon \u00e4r inte tillg\u00e4ngliga i alla l\u00e4nder. All information som vi tror \u00e4r korrekt vid tidpunkten f\u00f6r publiceringen kan ha \u00e4ndrats sedan dess.<\/em><\/p>\n<div id=\"ez-toc-container\" class=\"ez-toc-v2_0_80 counter-hierarchy ez-toc-counter ez-toc-transparent ez-toc-container-direction\">\n<div class=\"ez-toc-title-container\">\n<p class=\"ez-toc-title\" style=\"cursor:inherit\">Avsnitt<\/p>\n<span class=\"ez-toc-title-toggle\"><a href=\"#\" class=\"ez-toc-pull-right ez-toc-btn ez-toc-btn-xs ez-toc-btn-default ez-toc-toggle\" aria-label=\"V\u00e4xla till inneh\u00e5llsf\u00f6rteckning\"><span class=\"ez-toc-js-icon-con\"><span class=\"\"><span class=\"eztoc-hide\" style=\"display:none;\">V\u00e4xel<\/span><span class=\"ez-toc-icon-toggle-span\"><svg style=\"fill: #999;color:#999\" xmlns=\"http:\/\/www.w3.org\/2000\/svg\" class=\"list-377408\" width=\"20px\" height=\"20px\" viewbox=\"0 0 24 24\" fill=\"none\"><path d=\"M6 6H4v2h2V6zm14 0H8v2h12V6zM4 11h2v2H4v-2zm16 0H8v2h12v-2zM4 16h2v2H4v-2zm16 0H8v2h12v-2z\" fill=\"currentColor\"><\/path><\/svg><svg style=\"fill: #999;color:#999\" class=\"arrow-unsorted-368013\" xmlns=\"http:\/\/www.w3.org\/2000\/svg\" width=\"10px\" height=\"10px\" viewbox=\"0 0 24 24\" version=\"1.2\" baseprofile=\"tiny\"><path d=\"M18.2 9.3l-6.2-6.3-6.2 6.3c-.2.2-.3.4-.3.7s.1.5.3.7c.2.2.4.3.7.3h11c.3 0 .5-.1.7-.3.2-.2.3-.5.3-.7s-.1-.5-.3-.7zM5.8 14.7l6.2 6.3 6.2-6.3c.2-.2.3-.5.3-.7s-.1-.5-.3-.7c-.2-.2-.4-.3-.7-.3h-11c-.3 0-.5.1-.7.3-.2.2-.3.5-.3.7s.1.5.3.7z\"\/><\/svg><\/span><\/span><\/span><\/a><\/span><\/div>\n<nav><ul class='ez-toc-list ez-toc-list-level-1 eztoc-toggle-hide-by-default' ><li class='ez-toc-page-1 ez-toc-heading-level-2'><a class=\"ez-toc-link ez-toc-heading-1\" href=\"https:\/\/coinkickoff.com\/sv\/bitcoin-casino\/how-are-bitcoin-casinos-different\/#Fundamental_Differences_Between_Bitcoin_and_Traditional_Casinos\" >Grundl\u00e4ggande skillnader mellan Bitcoin och traditionella kasinon<\/a><ul class='ez-toc-list-level-3' ><li class='ez-toc-heading-level-3'><a class=\"ez-toc-link ez-toc-heading-2\" href=\"https:\/\/coinkickoff.com\/sv\/bitcoin-casino\/how-are-bitcoin-casinos-different\/#Currency_Used_for_Transactions\" >Valuta som anv\u00e4nds f\u00f6r transaktioner<\/a><\/li><li class='ez-toc-page-1 ez-toc-heading-level-3'><a class=\"ez-toc-link ez-toc-heading-3\" href=\"https:\/\/coinkickoff.com\/sv\/bitcoin-casino\/how-are-bitcoin-casinos-different\/#Operational_Transparency\" >Operativ transparens<\/a><\/li><li class='ez-toc-page-1 ez-toc-heading-level-3'><a class=\"ez-toc-link ez-toc-heading-4\" href=\"https:\/\/coinkickoff.com\/sv\/bitcoin-casino\/how-are-bitcoin-casinos-different\/#Legal_and_Regulatory_Landscape\" >Lagar och andra f\u00f6rfattningar<\/a><\/li><\/ul><\/li><li class='ez-toc-page-1 ez-toc-heading-level-2'><a class=\"ez-toc-link ez-toc-heading-5\" href=\"https:\/\/coinkickoff.com\/sv\/bitcoin-casino\/how-are-bitcoin-casinos-different\/#Technological_Aspects_of_Bitcoin_Casinos\" >Tekniska aspekter av Bitcoin-kasinon<\/a><ul class='ez-toc-list-level-3' ><li class='ez-toc-heading-level-3'><a class=\"ez-toc-link ez-toc-heading-6\" href=\"https:\/\/coinkickoff.com\/sv\/bitcoin-casino\/how-are-bitcoin-casinos-different\/#Blockchain_Technology_Implementation\" >Implementering av blockkedjeteknik<\/a><\/li><li class='ez-toc-page-1 ez-toc-heading-level-3'><a class=\"ez-toc-link ez-toc-heading-7\" href=\"https:\/\/coinkickoff.com\/sv\/bitcoin-casino\/how-are-bitcoin-casinos-different\/#Provably_Fair_Gaming_Mechanisms\" >Bevisligen r\u00e4ttvisa spelmekanismer<\/a><\/li><li class='ez-toc-page-1 ez-toc-heading-level-3'><a class=\"ez-toc-link ez-toc-heading-8\" href=\"https:\/\/coinkickoff.com\/sv\/bitcoin-casino\/how-are-bitcoin-casinos-different\/#Anonymity_and_Security_Features\" >Anonymitet och s\u00e4kerhetsfunktioner<\/a><\/li><\/ul><\/li><li class='ez-toc-page-1 ez-toc-heading-level-2'><a class=\"ez-toc-link ez-toc-heading-9\" href=\"https:\/\/coinkickoff.com\/sv\/bitcoin-casino\/how-are-bitcoin-casinos-different\/#User_Experience_in_Bitcoin_versus_Regular_Casinos\" >Anv\u00e4ndarupplevelse i Bitcoin j\u00e4mf\u00f6rt med vanliga kasinon<\/a><ul class='ez-toc-list-level-3' ><li class='ez-toc-heading-level-3'><a class=\"ez-toc-link ez-toc-heading-10\" href=\"https:\/\/coinkickoff.com\/sv\/bitcoin-casino\/how-are-bitcoin-casinos-different\/#Account_Funding_and_Withdrawal_Process\" >Kontofinansiering och uttagsprocess<\/a><\/li><li class='ez-toc-page-1 ez-toc-heading-level-3'><a class=\"ez-toc-link ez-toc-heading-11\" href=\"https:\/\/coinkickoff.com\/sv\/bitcoin-casino\/how-are-bitcoin-casinos-different\/#Bonuses_and_Incentives\" >Bonusar och incitament<\/a><\/li><li class='ez-toc-page-1 ez-toc-heading-level-3'><a class=\"ez-toc-link ez-toc-heading-12\" href=\"https:\/\/coinkickoff.com\/sv\/bitcoin-casino\/how-are-bitcoin-casinos-different\/#Geographical_Accessibility_and_Restrictions\" >Geografisk tillg\u00e4nglighet och begr\u00e4nsningar<\/a><\/li><\/ul><\/li><li class='ez-toc-page-1 ez-toc-heading-level-2'><a class=\"ez-toc-link ez-toc-heading-13\" href=\"https:\/\/coinkickoff.com\/sv\/bitcoin-casino\/how-are-bitcoin-casinos-different\/#Frequently_Asked_Questions\" >Vanliga fr\u00e5gor och svar<\/a><ul class='ez-toc-list-level-3' ><li class='ez-toc-heading-level-3'><a class=\"ez-toc-link ez-toc-heading-14\" href=\"https:\/\/coinkickoff.com\/sv\/bitcoin-casino\/how-are-bitcoin-casinos-different\/#What_factors_make_crypto_casinos_more_advantageous_than_traditional_ones\" >Vilka faktorer g\u00f6r kryptokasinon mer f\u00f6rdelaktiga \u00e4n traditionella?<\/a><\/li><li class='ez-toc-page-1 ez-toc-heading-level-3'><a class=\"ez-toc-link ez-toc-heading-15\" href=\"https:\/\/coinkickoff.com\/sv\/bitcoin-casino\/how-are-bitcoin-casinos-different\/#Are_there_any_risks_associated_with_using_Bitcoin_for_online_gambling\" >Finns det n\u00e5gra risker med att anv\u00e4nda Bitcoin f\u00f6r onlinespel?<\/a><\/li><li class='ez-toc-page-1 ez-toc-heading-level-3'><a class=\"ez-toc-link ez-toc-heading-16\" href=\"https:\/\/coinkickoff.com\/sv\/bitcoin-casino\/how-are-bitcoin-casinos-different\/#How_do_the_security_measures_in_Bitcoin_casinos_compare_to_those_in_traditional_casinos\" >Hur ser s\u00e4kerhets\u00e5tg\u00e4rderna ut p\u00e5 Bitcoin-kasinon j\u00e4mf\u00f6rt med dem p\u00e5 traditionella kasinon?<\/a><\/li><li class='ez-toc-page-1 ez-toc-heading-level-3'><a class=\"ez-toc-link ez-toc-heading-17\" href=\"https:\/\/coinkickoff.com\/sv\/bitcoin-casino\/how-are-bitcoin-casinos-different\/#Can_players_expect_provably_fair_gaming_in_Bitcoin_casinos\" >Kan spelare f\u00f6rv\u00e4nta sig bevisligen r\u00e4ttvisa spel p\u00e5 Bitcoin-kasinon?<\/a><\/li><li class='ez-toc-page-1 ez-toc-heading-level-3'><a class=\"ez-toc-link ez-toc-heading-18\" href=\"https:\/\/coinkickoff.com\/sv\/bitcoin-casino\/how-are-bitcoin-casinos-different\/#What_are_the_unique_benefits_of_gambling_with_Bitcoin\" >Vilka \u00e4r de unika f\u00f6rdelarna med att spela med Bitcoin?<\/a><\/li><li class='ez-toc-page-1 ez-toc-heading-level-3'><a class=\"ez-toc-link ez-toc-heading-19\" href=\"https:\/\/coinkickoff.com\/sv\/bitcoin-casino\/how-are-bitcoin-casinos-different\/#How_does_the_regulatory_landscape_for_Bitcoin_casinos_differ_from_traditional_gambling_venues\" >Hur skiljer sig regelverket f\u00f6r Bitcoin-kasinon fr\u00e5n traditionella spelplatser?<\/a><\/li><\/ul><\/li><\/ul><\/nav><\/div>\n<h2><span class=\"ez-toc-section\" id=\"Fundamental_Differences_Between_Bitcoin_and_Traditional_Casinos\"><\/span>Grundl\u00e4ggande skillnader mellan Bitcoin och traditionella kasinon<span class=\"ez-toc-section-end\"><\/span><\/h2>\n<p><img decoding=\"async\" src=\"https:\/\/coinkickoff.com\/wp-content\/uploads\/v2-3dgrx-7h0pa.jpg\" alt=\"\"><\/p>\n<p><a href=\"https:\/\/coinkickoff.com\/sv\/bitcoin-btc\/\" data-internallinksmanager029f6b8e52c=\"1\" title=\"Vad \u00e4r Bitcoin (BTC)? Pris, historia och var man kan k\u00f6pa\">Bitcoin<\/a> kasinon och traditionella kasinon skiljer sig fr\u00e4mst \u00e5t n\u00e4r det g\u00e4ller valutan, graden av \u00f6ppenhet och de regelverk som de verkar inom.<\/p>\n<h3><span class=\"ez-toc-section\" id=\"Currency_Used_for_Transactions\"><\/span>Valuta som anv\u00e4nds f\u00f6r transaktioner<span class=\"ez-toc-section-end\"><\/span><\/h3>\n<p><strong>Bitcoin Kasinon:<\/strong> Transaktioner genomf\u00f6rs med hj\u00e4lp av kryptovalutor, s\u00e5som Bitcoin, <a href=\"https:\/\/coinkickoff.com\/sv\/ethereum-eth\/\" data-internallinksmanager029f6b8e52c=\"2\" title=\"Vad \u00e4r Ethereum (ETH)? Pris, historia och var man kan k\u00f6pa\">Ethereum<\/a>eller andra altcoins. Dessa digitala valutor underl\u00e4ttar anonyma transaktioner, ofta med l\u00e4gre avgifter och snabbare handl\u00e4ggningstider j\u00e4mf\u00f6rt med fiatvalutor.<\/p>\n<ul>\n<li><strong>Anonymitet:<\/strong> Anv\u00e4ndare kan g\u00f6ra transaktioner utan att l\u00e4mna ut personlig information.<\/li>\n<li><strong>Avgifter:<\/strong> Ofta l\u00e4gre \u00e4n de som \u00e4r f\u00f6rknippade med kreditkort eller bank\u00f6verf\u00f6ringar.<\/li>\n<li><strong>Hastighet:<\/strong> Transaktioner behandlas snabbt, ibland inom n\u00e5gra minuter.<\/li>\n<\/ul>\n<p><strong>Traditionella kasinon:<\/strong> Dessa inr\u00e4ttningar anv\u00e4nder vanligtvis fiatvalutor, s\u00e5som USD, EUR eller GBP f\u00f6r alla transaktioner. Denna traditionella bankverksamhet inneb\u00e4r detaljerade processer f\u00f6r registerh\u00e5llning och identitetsverifiering.<\/p>\n<ul>\n<li><strong>Personuppgifter:<\/strong> Transaktioner kr\u00e4ver att personuppgifter l\u00e4mnas ut.<\/li>\n<li><strong>Avgifter:<\/strong> H\u00f6gre avgifter f\u00f6r transaktioner kan tillkomma.<\/li>\n<li><strong>Bearbetningstider:<\/strong> Det kan ta dagar innan pengarna \u00e4r \u00f6verf\u00f6rda eller klara.<\/li>\n<\/ul>\n<h3><span class=\"ez-toc-section\" id=\"Operational_Transparency\"><\/span>Operativ transparens<span class=\"ez-toc-section-end\"><\/span><\/h3>\n<p><strong>Bitcoin Kasinon:<\/strong> De tenderar att erbjuda h\u00f6gre grad av transparens p\u00e5 grund av blockkedjetekniken som ligger till grund f\u00f6r kryptovalutatransaktioner. Blockkedjan tillhandah\u00e5ller en offentlig, of\u00f6r\u00e4nderlig <a href=\"https:\/\/coinkickoff.com\/sv\/what-is-ledger-wallet\/\" data-internallinksmanager029f6b8e52c=\"167\" title=\"Ledger Wallet recensioner 2023: Avgifter, funktioner, s\u00e4kerhet, f\u00f6rdelar och nackdelar\">huvudbok<\/a>, vilket g\u00f6r transaktionshistoriken l\u00e4ttillg\u00e4nglig och granskningsbar.<\/p>\n<ul>\n<li><strong>Provably Fair:<\/strong> Vissa Bitcoin-kasinon anv\u00e4nder \"Provably Fair\"-algoritmer, s\u00e5 att spelare kan verifiera att varje spelresultat \u00e4r r\u00e4ttvist.<\/li>\n<\/ul>\n<p><strong>Traditionella kasinon:<\/strong> Transparens regleras av spelmyndigheterna, men det interna arbetet och spelalgoritmerna \u00e4r vanligtvis inte tillg\u00e4ngliga f\u00f6r offentlig revision eller verifiering.<\/p>\n<ul>\n<li><strong>Reglerad r\u00e4ttvisa:<\/strong> Spelets r\u00e4ttvisa \u00e4r certifierat av tillsynsmyndigheter, men detaljerade mekanismer i programvaran offentligg\u00f6rs inte.<\/li>\n<\/ul>\n<h3><span class=\"ez-toc-section\" id=\"Legal_and_Regulatory_Landscape\"><\/span>Lagar och andra f\u00f6rfattningar<span class=\"ez-toc-section-end\"><\/span><\/h3>\n<p><strong>Bitcoin Kasinon:<\/strong> De verkar i ett regelverk som utvecklas snabbt. M\u00e5nga regioner har \u00e4nnu inte definierat n\u00e5gon tydlig lagstiftning som styr anv\u00e4ndningen av kryptovalutor i spel, vilket leder till ett lappt\u00e4cke av efterlevnadskrav.<\/p>\n<ul>\n<li><strong>Variabel reglering:<\/strong> Den r\u00e4ttsliga statusen kan \u00e4ndras snabbt, och efterlevnaden varierar mellan olika jurisdiktioner.<\/li>\n<li><strong>Global tillg\u00e5ng:<\/strong> Ofta tillg\u00e4nglig \u00f6ver hela v\u00e4rlden, beroende p\u00e5 lokala lagar.<\/li>\n<\/ul>\n<p><strong>Traditionella kasinon:<\/strong> Strikt reglerade av etablerade statliga organ \u00f6ver hela v\u00e4rlden. De omfattas av str\u00e4nga lagar och f\u00f6rordningar som styr deras licensiering, operativa praxis och finansiella rapportering.<\/p>\n<ul>\n<li><strong>Strikt tillsyn:<\/strong> Det \u00e4r obligatoriskt att f\u00f6lja m\u00e5nga r\u00e4ttsliga och finansiella best\u00e4mmelser.<\/li>\n<li><strong>Geografiska begr\u00e4nsningar:<\/strong> Vanligtvis bundna att verka inom den jurisdiktion som deras licensieringsmyndighet har.<\/li>\n<\/ul>\n<h2><span class=\"ez-toc-section\" id=\"Technological_Aspects_of_Bitcoin_Casinos\"><\/span>Tekniska aspekter av Bitcoin-kasinon<span class=\"ez-toc-section-end\"><\/span><\/h2>\n<p><img decoding=\"async\" src=\"https:\/\/coinkickoff.com\/wp-content\/uploads\/v2-3dgss-o0d7k.jpg\" alt=\"\"><\/p>\n<p>Bitcoin-kasinon s\u00e4rskiljer sig genom avancerad teknik som erbjuder f\u00f6rb\u00e4ttrad s\u00e4kerhet, r\u00e4ttvisa och transparens. Detta tekniska f\u00f6rspr\u00e5ng syns tydligt i hur de hanterar transaktioner, verifierar r\u00e4ttvisa och bevarar integriteten.<\/p>\n<h3><span class=\"ez-toc-section\" id=\"Blockchain_Technology_Implementation\"><\/span>Implementering av blockkedjeteknik<span class=\"ez-toc-section-end\"><\/span><\/h3>\n<p><strong>Bitcoin kasinon<\/strong> anv\u00e4nder blockkedjeteknik f\u00f6r att underl\u00e4tta transaktioner med kryptovalutor. Den <strong>blockkedja<\/strong> \u00e4r en decentraliserad huvudbok som registrerar alla transaktioner i ett n\u00e4tverk av datorer. Detta s\u00e4kerst\u00e4ller att:<\/p>\n<ul>\n<li><strong>Transaktioner<\/strong> \u00e4r <strong>genomskinlig<\/strong> och <strong>of\u00f6r\u00e4nderlig<\/strong>.<\/li>\n<li>Spelare kan s\u00e4tta in och ta ut <strong>bitcoins<\/strong> direkt, <strong>eliminera behovet av tredjeparts bankinstitut<\/strong>.<\/li>\n<\/ul>\n<h3><span class=\"ez-toc-section\" id=\"Provably_Fair_Gaming_Mechanisms\"><\/span>Bevisligen r\u00e4ttvisa spelmekanismer<span class=\"ez-toc-section-end\"><\/span><\/h3>\n<p>Bevisligen r\u00e4ttvisa spel \u00e4r ett k\u00e4nnetecken f\u00f6r Bitcoin-kasinon. Detta system anv\u00e4nder kryptografiska algoritmer f\u00f6r att s\u00e4kerst\u00e4lla att varje spel \u00e4r r\u00e4ttvist. De viktigaste punkterna \u00e4r f\u00f6ljande:<\/p>\n<ul>\n<li>Det g\u00f6r det m\u00f6jligt f\u00f6r spelare att <strong>kontrollera slumpm\u00e4ssigheten<\/strong> av spelresultat.<\/li>\n<li>Kasinon erbjuder en <strong>nyckel f\u00f6r hash<\/strong> som kan analyseras efter spelet f\u00f6r att bekr\u00e4fta spelets r\u00e4ttvisa.<\/li>\n<\/ul>\n<h3><span class=\"ez-toc-section\" id=\"Anonymity_and_Security_Features\"><\/span>Anonymitet och s\u00e4kerhetsfunktioner<span class=\"ez-toc-section-end\"><\/span><\/h3>\n<p>Bitcoin kasinon erbjuder \u00f6kat <strong>anonymitet<\/strong> och <strong>s\u00e4kerhet<\/strong>. De implementerar olika funktioner som skyddar b\u00e5de spelarens identitet och medel, t.ex:<\/p>\n<ul>\n<li><strong>Tv\u00e5faktorsautentisering (2FA)<\/strong> f\u00f6r att s\u00e4kra anv\u00e4ndarkonton.<\/li>\n<li><strong>Minimal personlig information<\/strong> kr\u00e4vs f\u00f6r att skapa ett konto, bevara anv\u00e4ndarens <strong>anonymitet<\/strong>.<\/li>\n<\/ul>\n<h2><span class=\"ez-toc-section\" id=\"User_Experience_in_Bitcoin_versus_Regular_Casinos\"><\/span>Anv\u00e4ndarupplevelse i Bitcoin j\u00e4mf\u00f6rt med vanliga kasinon<span class=\"ez-toc-section-end\"><\/span><\/h2>\n<p><img decoding=\"async\" src=\"https:\/\/coinkickoff.com\/wp-content\/uploads\/v2-3dgt7-n76he.jpg\" alt=\"\"><\/p>\n<p>Anv\u00e4ndarupplevelsen p\u00e5 Bitcoin-kasinon erbjuder olika funktioner j\u00e4mf\u00f6rt med traditionella kasinon, s\u00e4rskilt n\u00e4r det g\u00e4ller kontohantering, bonusar och global tillg\u00e4nglighet.<\/p>\n<h3><span class=\"ez-toc-section\" id=\"Account_Funding_and_Withdrawal_Process\"><\/span>Kontofinansiering och uttagsprocess<span class=\"ez-toc-section-end\"><\/span><\/h3>\n<p>Bitcoin-kasinon till\u00e5ter anv\u00e4ndare att <strong>finansiera sina konton<\/strong> direkt med hj\u00e4lp av kryptovalutor, vilket vanligtvis resulterar i <em>snabbare transaktionstider<\/em> och <em>l\u00e4gre avgifter<\/em> \u00e4n vanliga kasinon, som f\u00f6rlitar sig p\u00e5 traditionella bankmetoder.<\/p>\n<p><strong>Uttagstider<\/strong>\u00e4r omv\u00e4nt ocks\u00e5 vanligtvis <strong>snabbare<\/strong> p\u00e5 Bitcoin-kasinon p\u00e5 grund av det eliminerade behovet av bankbehandlingstider. Dessa kasinon har ofta en <strong>omedelbar eller n\u00e4stan omedelbar utbetalning<\/strong> vilket st\u00e5r i kontrast till de f\u00f6rdr\u00f6jda behandlingstider som ofta f\u00f6rekommer p\u00e5 vanliga kasinon.<\/p>\n<h3><span class=\"ez-toc-section\" id=\"Bonuses_and_Incentives\"><\/span>Bonusar och incitament<span class=\"ez-toc-section-end\"><\/span><\/h3>\n<p>Strukturen f\u00f6r <strong>bonusar och incitament<\/strong> kan variera avsev\u00e4rt. Bitcoin kasinon kan erbjuda:<\/p>\n<ul>\n<li>H\u00f6gre <strong>v\u00e4lkomstbonusar<\/strong><\/li>\n<li><strong>Bel\u00f6ningar f\u00f6r lojalitet<\/strong> i form av Bitcoin eller andra kryptovalutor<\/li>\n<\/ul>\n<p>Traditionella kasinon erbjuder ofta en m\u00e4ngd olika bonusar, men de kanske inte matchar de lukrativa erbjudanden som finns p\u00e5 Bitcoin-kasinon p\u00e5 grund av de l\u00e4gre transaktions- och driftskostnaderna f\u00f6r digitala valutor.<\/p>\n<h3><span class=\"ez-toc-section\" id=\"Geographical_Accessibility_and_Restrictions\"><\/span>Geografisk tillg\u00e4nglighet och begr\u00e4nsningar<span class=\"ez-toc-section-end\"><\/span><\/h3>\n<p>Bitcoin-kasinon erbjuder i allm\u00e4nhet en <strong>h\u00f6gre grad av tillg\u00e4nglighet<\/strong> eftersom de inte \u00e4r bundna av samma regler som g\u00e4ller f\u00f6r vanliga kasinon.<\/p>\n<ul>\n<li>Verksamhet i <strong>flera jurisdiktioner<\/strong> utan behov av lokal bankinfrastruktur<\/li>\n<li>Accepterar spelare fr\u00e5n <strong>regioner med strikta spelregler<\/strong>, i enlighet med lokala lagar<\/li>\n<\/ul>\n<p>Anv\u00e4ndare rekommenderas dock att h\u00e5lla sig <strong>informeras om sina lokala lagar<\/strong> f\u00f6r att s\u00e4kerst\u00e4lla efterlevnad vid \u00e5tkomst till Bitcoin-kasinon, \u00e4ven med deras bredare r\u00e4ckvidd.<\/p>\n<h2><span class=\"ez-toc-section\" id=\"Frequently_Asked_Questions\"><\/span>Vanliga fr\u00e5gor och svar<span class=\"ez-toc-section-end\"><\/span><\/h2>\n<p><img decoding=\"async\" src=\"https:\/\/coinkickoff.com\/wp-content\/uploads\/v2-3dgtr-7frp8.jpg\" alt=\"\"><\/p>\n<p>I detta avsnitt besvaras vanliga fr\u00e5gor om skillnaderna mellan Bitcoin-kasinon och traditionella kasinon f\u00f6r att ge en tydligare f\u00f6rst\u00e5else av de tv\u00e5.<\/p>\n<h3><span class=\"ez-toc-section\" id=\"What_factors_make_crypto_casinos_more_advantageous_than_traditional_ones\"><\/span>Vilka faktorer g\u00f6r kryptokasinon mer f\u00f6rdelaktiga \u00e4n traditionella?<span class=\"ez-toc-section-end\"><\/span><\/h3>\n<p>Kryptokasinon erbjuder unika f\u00f6rdelar som omedelbara transaktioner och l\u00e4gre transaktionsavgifter. De ger ocks\u00e5 en h\u00f6gre niv\u00e5 av anonymitet f\u00f6r anv\u00e4ndarna, vilket traditionella kasinon inte kan matcha p\u00e5 grund av deras beroende av bank- och personlig information.<\/p>\n<h3><span class=\"ez-toc-section\" id=\"Are_there_any_risks_associated_with_using_Bitcoin_for_online_gambling\"><\/span>Finns det n\u00e5gra risker med att anv\u00e4nda Bitcoin f\u00f6r onlinespel?<span class=\"ez-toc-section-end\"><\/span><\/h3>\n<p>Anv\u00e4ndare st\u00e5r inf\u00f6r vissa risker som den h\u00f6ga volatiliteten i Bitcoin:s v\u00e4rde och potentiella s\u00e4kerhetshot som hackning. Dessutom kan bristen p\u00e5 reglering vara ett tveeggat sv\u00e4rd, som inneb\u00e4r b\u00e5de frihet och risk.<\/p>\n<h3><span class=\"ez-toc-section\" id=\"How_do_the_security_measures_in_Bitcoin_casinos_compare_to_those_in_traditional_casinos\"><\/span>Hur ser s\u00e4kerhets\u00e5tg\u00e4rderna ut p\u00e5 Bitcoin-kasinon j\u00e4mf\u00f6rt med dem p\u00e5 traditionella kasinon?<span class=\"ez-toc-section-end\"><\/span><\/h3>\n<p>Bitcoin-kasinon implementerar vanligtvis avancerad krypteringsteknik och bygger p\u00e5 s\u00e4kra blockkedjen\u00e4tverk. Detta st\u00e5r i kontrast till traditionella kasinon, som \u00e4r beroende av konventionella s\u00e4kerhets- och finansiella system som \u00e4r s\u00e5rbara f\u00f6r olika typer av risker.<\/p>\n<h3><span class=\"ez-toc-section\" id=\"Can_players_expect_provably_fair_gaming_in_Bitcoin_casinos\"><\/span>Kan spelare f\u00f6rv\u00e4nta sig bevisligen r\u00e4ttvisa spel p\u00e5 Bitcoin-kasinon?<span class=\"ez-toc-section-end\"><\/span><\/h3>\n<p>M\u00e5nga Bitcoin-kasinon erbjuder bevisligen r\u00e4ttvist spel, vilket g\u00f6r det m\u00f6jligt f\u00f6r spelare att verifiera r\u00e4ttvisan i varje spel genom blockchain-teknik. Detta \u00e4r en niv\u00e5 av transparens som traditionella onlinespelsajter kanske inte erbjuder.<\/p>\n<h3><span class=\"ez-toc-section\" id=\"What_are_the_unique_benefits_of_gambling_with_Bitcoin\"><\/span>Vilka \u00e4r de unika f\u00f6rdelarna med att spela med Bitcoin?<span class=\"ez-toc-section-end\"><\/span><\/h3>\n<p>Spel med Bitcoin s\u00e4kerst\u00e4ller att transaktionerna f\u00f6rblir diskreta och s\u00e4kra p\u00e5 grund av anv\u00e4ndningen av blockchain-teknik. Det ger ocks\u00e5 f\u00f6rdelen med potentiellt l\u00e4gre avgifter och s\u00e4kerst\u00e4ller att spelare kan spela utan geografiska begr\u00e4nsningar.<\/p>\n<h3><span class=\"ez-toc-section\" id=\"How_does_the_regulatory_landscape_for_Bitcoin_casinos_differ_from_traditional_gambling_venues\"><\/span>Hur skiljer sig regelverket f\u00f6r Bitcoin-kasinon fr\u00e5n traditionella spelplatser?<span class=\"ez-toc-section-end\"><\/span><\/h3>\n<p>Bitcoin-kasinon verkar ofta i en mer avreglerad milj\u00f6 eftersom kryptovalutor inte erk\u00e4nns som officiell valuta av m\u00e5nga regeringar. Detta st\u00e5r i kontrast till traditionella kasinon, som omfattas av strikta regelverk.<\/p>","protected":false},"excerpt":{"rendered":"<p>Friskrivningsklausul: Spel inneb\u00e4r en betydande ekonomisk risk. Spela bara med pengar som du har r\u00e5d att f\u00f6rlora. Informationen nedan \u00e4r endast avsedd i informationssyfte. Vi kan f\u00e5 en provision om du registrerar dig och f\u00f6rlorar pengar p\u00e5 n\u00e5got av f\u00f6ljande kasinon. Alla kasinon \u00e4r inte tillg\u00e4ngliga i alla l\u00e4nder. All information vi [...]<\/p>","protected":false},"author":1,"featured_media":4576,"parent":4440,"menu_order":0,"comment_status":"closed","ping_status":"closed","template":"","meta":{"_genesis_hide_title":false,"_genesis_hide_breadcrumbs":false,"_genesis_hide_singular_image":false,"_genesis_hide_footer_widgets":false,"_genesis_custom_body_class":"","_genesis_custom_post_class":"","_genesis_layout":"","_glsr_average":0,"_glsr_ranking":0,"_glsr_reviews":0,"footnotes":""},"class_list":{"0":"post-4575","1":"page","2":"type-page","3":"status-publish","4":"has-post-thumbnail","6":"entry"},"featured_image_src":"https:\/\/coinkickoff.com\/wp-content\/uploads\/v2-3dgrx-7h0pa-600x400.jpg","featured_image_src_square":"https:\/\/coinkickoff.com\/wp-content\/uploads\/v2-3dgrx-7h0pa-600x600.jpg","_links":{"self":[{"href":"https:\/\/coinkickoff.com\/sv\/wp-json\/wp\/v2\/pages\/4575","targetHints":{"allow":["GET"]}}],"collection":[{"href":"https:\/\/coinkickoff.com\/sv\/wp-json\/wp\/v2\/pages"}],"about":[{"href":"https:\/\/coinkickoff.com\/sv\/wp-json\/wp\/v2\/types\/page"}],"author":[{"embeddable":true,"href":"https:\/\/coinkickoff.com\/sv\/wp-json\/wp\/v2\/users\/1"}],"replies":[{"embeddable":true,"href":"https:\/\/coinkickoff.com\/sv\/wp-json\/wp\/v2\/comments?post=4575"}],"version-history":[{"count":3,"href":"https:\/\/coinkickoff.com\/sv\/wp-json\/wp\/v2\/pages\/4575\/revisions"}],"predecessor-version":[{"id":4582,"href":"https:\/\/coinkickoff.com\/sv\/wp-json\/wp\/v2\/pages\/4575\/revisions\/4582"}],"up":[{"embeddable":true,"href":"https:\/\/coinkickoff.com\/sv\/wp-json\/wp\/v2\/pages\/4440"}],"wp:featuredmedia":[{"embeddable":true,"href":"https:\/\/coinkickoff.com\/sv\/wp-json\/wp\/v2\/media\/4576"}],"wp:attachment":[{"href":"https:\/\/coinkickoff.com\/sv\/wp-json\/wp\/v2\/media?parent=4575"}],"curies":[{"name":"wp","href":"https:\/\/api.w.org\/{rel}","templated":true}]}}