{"id":4404,"date":"2026-01-08T14:07:11","date_gmt":"2026-01-08T14:07:11","guid":{"rendered":"https:\/\/coinkickoff.com\/?page_id=4404"},"modified":"2026-01-08T14:07:11","modified_gmt":"2026-01-08T14:07:11","slug":"how-to-buy-litecoin-on-kucoin","status":"publish","type":"page","link":"https:\/\/coinkickoff.com\/sv\/how-to-buy-litecoin\/how-to-buy-litecoin-on-kucoin\/","title":{"rendered":"Hur man k\u00f6per Litecoin p\u00e5 Kucoin"},"content":{"rendered":"<div id=\"ez-toc-container\" class=\"ez-toc-v2_0_80 counter-hierarchy ez-toc-counter ez-toc-transparent ez-toc-container-direction\">\n<div class=\"ez-toc-title-container\">\n<p class=\"ez-toc-title\" style=\"cursor:inherit\">Avsnitt<\/p>\n<span class=\"ez-toc-title-toggle\"><a href=\"#\" class=\"ez-toc-pull-right ez-toc-btn ez-toc-btn-xs ez-toc-btn-default ez-toc-toggle\" aria-label=\"V\u00e4xla till inneh\u00e5llsf\u00f6rteckning\"><span class=\"ez-toc-js-icon-con\"><span class=\"\"><span class=\"eztoc-hide\" style=\"display:none;\">V\u00e4xel<\/span><span class=\"ez-toc-icon-toggle-span\"><svg style=\"fill: #999;color:#999\" xmlns=\"http:\/\/www.w3.org\/2000\/svg\" class=\"list-377408\" width=\"20px\" height=\"20px\" viewbox=\"0 0 24 24\" fill=\"none\"><path d=\"M6 6H4v2h2V6zm14 0H8v2h12V6zM4 11h2v2H4v-2zm16 0H8v2h12v-2zM4 16h2v2H4v-2zm16 0H8v2h12v-2z\" fill=\"currentColor\"><\/path><\/svg><svg style=\"fill: #999;color:#999\" class=\"arrow-unsorted-368013\" xmlns=\"http:\/\/www.w3.org\/2000\/svg\" width=\"10px\" height=\"10px\" viewbox=\"0 0 24 24\" version=\"1.2\" baseprofile=\"tiny\"><path d=\"M18.2 9.3l-6.2-6.3-6.2 6.3c-.2.2-.3.4-.3.7s.1.5.3.7c.2.2.4.3.7.3h11c.3 0 .5-.1.7-.3.2-.2.3-.5.3-.7s-.1-.5-.3-.7zM5.8 14.7l6.2 6.3 6.2-6.3c.2-.2.3-.5.3-.7s-.1-.5-.3-.7c-.2-.2-.4-.3-.7-.3h-11c-.3 0-.5.1-.7.3-.2.2-.3.5-.3.7s.1.5.3.7z\"\/><\/svg><\/span><\/span><\/span><\/a><\/span><\/div>\n<nav><ul class='ez-toc-list ez-toc-list-level-1 eztoc-toggle-hide-by-default' ><li class='ez-toc-page-1 ez-toc-heading-level-2'><a class=\"ez-toc-link ez-toc-heading-1\" href=\"https:\/\/coinkickoff.com\/sv\/how-to-buy-litecoin\/how-to-buy-litecoin-on-kucoin\/#How_to_Buy_Litecoin_on_Kucoin\" >Hur man k\u00f6per Litecoin p\u00e5 Kucoin<\/a><\/li><li class='ez-toc-page-1 ez-toc-heading-level-2'><a class=\"ez-toc-link ez-toc-heading-2\" href=\"https:\/\/coinkickoff.com\/sv\/how-to-buy-litecoin\/how-to-buy-litecoin-on-kucoin\/#A_Step-By-Step_Guide_on_How_to_Buy_Litecoin_on_Kucoin\" >En steg-f\u00f6r-steg-guide om hur du k\u00f6per Litecoin p\u00e5 Kucoin<\/a><ul class='ez-toc-list-level-3' ><li class='ez-toc-heading-level-3'><a class=\"ez-toc-link ez-toc-heading-3\" href=\"https:\/\/coinkickoff.com\/sv\/how-to-buy-litecoin\/how-to-buy-litecoin-on-kucoin\/#1_Register_an_Account\" >1. Registrera ett konto<\/a><\/li><li class='ez-toc-page-1 ez-toc-heading-level-3'><a class=\"ez-toc-link ez-toc-heading-4\" href=\"https:\/\/coinkickoff.com\/sv\/how-to-buy-litecoin\/how-to-buy-litecoin-on-kucoin\/#2_Verify_Your_Account\" >2. Verifiera ditt konto<\/a><\/li><li class='ez-toc-page-1 ez-toc-heading-level-3'><a class=\"ez-toc-link ez-toc-heading-5\" href=\"https:\/\/coinkickoff.com\/sv\/how-to-buy-litecoin\/how-to-buy-litecoin-on-kucoin\/#3_Deposit_Crypto\" >3. S\u00e4tta in kryptovaluta<\/a><\/li><li class='ez-toc-page-1 ez-toc-heading-level-3'><a class=\"ez-toc-link ez-toc-heading-6\" href=\"https:\/\/coinkickoff.com\/sv\/how-to-buy-litecoin\/how-to-buy-litecoin-on-kucoin\/#4_Navigate_to_the_Relevant_Screen_to_Buy\" >4. Navigera till den relevanta sk\u00e4rmen f\u00f6r att k\u00f6pa<\/a><ul class='ez-toc-list-level-4' ><li class='ez-toc-heading-level-4'><a class=\"ez-toc-link ez-toc-heading-7\" href=\"https:\/\/coinkickoff.com\/sv\/how-to-buy-litecoin\/how-to-buy-litecoin-on-kucoin\/#Fast_Trade\" >Snabb handel<\/a><\/li><li class='ez-toc-page-1 ez-toc-heading-level-4'><a class=\"ez-toc-link ez-toc-heading-8\" href=\"https:\/\/coinkickoff.com\/sv\/how-to-buy-litecoin\/how-to-buy-litecoin-on-kucoin\/#Third-Party\" >Tredje part<\/a><\/li><li class='ez-toc-page-1 ez-toc-heading-level-4'><a class=\"ez-toc-link ez-toc-heading-9\" href=\"https:\/\/coinkickoff.com\/sv\/how-to-buy-litecoin\/how-to-buy-litecoin-on-kucoin\/#How_to_Buy_Litecoin_with_Crypto\" >Hur man k\u00f6per Litecoin med krypto<\/a><\/li><\/ul><\/li><\/ul><\/li><\/ul><\/nav><\/div>\n<h2><span class=\"ez-toc-section\" id=\"How_to_Buy_Litecoin_on_Kucoin\"><\/span><span style=\"font-weight: 400;\">Hur man k\u00f6per Litecoin p\u00e5 Kucoin<\/span><span class=\"ez-toc-section-end\"><\/span><\/h2>\n<p><span style=\"font-weight: 400;\">Om du beh\u00f6ver v\u00e4gledning om hur du k\u00f6per <a href=\"https:\/\/coinkickoff.com\/sv\/litecoin-ltc\/\" data-internallinksmanager029f6b8e52c=\"21\" title=\"Vad \u00e4r Litecoin (LTC)? Pris, historia och var man kan k\u00f6pa\">Litecoin<\/a> p\u00e5 <a href=\"https:\/\/coinkickoff.com\/sv\/kucoin-review\/\" data-internallinksmanager029f6b8e52c=\"153\" title=\"KuCoin Recensioner 2023: Avgifter, s\u00e4kerhet, f\u00f6r och nackdelar\">Kucoin<\/a>, du \u00e4r p\u00e5 r\u00e4tt plats! L\u00e5t oss se hur man k\u00f6per LTC p\u00e5 Kucoin i n\u00e5gra enkla steg.<\/span><\/p>\n<h2><span class=\"ez-toc-section\" id=\"A_Step-By-Step_Guide_on_How_to_Buy_Litecoin_on_Kucoin\"><\/span><span style=\"font-weight: 400;\">En steg-f\u00f6r-steg-guide om hur du k\u00f6per Litecoin p\u00e5 Kucoin<\/span><span class=\"ez-toc-section-end\"><\/span><\/h2>\n<h3><span class=\"ez-toc-section\" id=\"1_Register_an_Account\"><\/span><span style=\"font-weight: 400;\">1. Registrera ett konto<\/span><span class=\"ez-toc-section-end\"><\/span><\/h3>\n<p><img loading=\"lazy\" decoding=\"async\" class=\"alignnone wp-image-3269 size-full\" src=\"https:\/\/coinkickoff.com\/wp-content\/uploads\/kucoin-register.png\" alt=\"k\u00f6pa doge p\u00e5 kucoin register\" width=\"1421\" height=\"788\" srcset=\"https:\/\/coinkickoff.com\/wp-content\/uploads\/kucoin-register.png 1421w, https:\/\/coinkickoff.com\/wp-content\/uploads\/kucoin-register-300x166.png 300w, https:\/\/coinkickoff.com\/wp-content\/uploads\/kucoin-register-1024x568.png 1024w, https:\/\/coinkickoff.com\/wp-content\/uploads\/kucoin-register-768x426.png 768w, https:\/\/coinkickoff.com\/wp-content\/uploads\/kucoin-register-18x10.png 18w\" sizes=\"auto, (max-width: 1421px) 100vw, 1421px\" \/><\/p>\n<p><span style=\"font-weight: 400;\">G\u00e5 till <\/span><a href=\"https:\/\/www.kucoin.com\/r\/af\/rMJPV3B\" target=\"_blank\" rel=\"noopener\"><span style=\"font-weight: 400;\">Kucoin<\/span><\/a><span style=\"font-weight: 400;\"> webbplats och registrera dig med din e-postadress eller ditt telefonnummer.\u00a0<\/span><\/p>\n<h3><span class=\"ez-toc-section\" id=\"2_Verify_Your_Account\"><\/span><span style=\"font-weight: 400;\">2. Verifiera ditt konto<\/span><span class=\"ez-toc-section-end\"><\/span><\/h3>\n<p><span style=\"font-weight: 400;\">Om du \u00e4ger digitala tillg\u00e5ngar som du kan handla f\u00f6r Litecoin beh\u00f6ver du inte verifiera din identitet. Du kan g\u00e5 till n\u00e4sta steg f\u00f6r att se hur du s\u00e4tter in kryptotillg\u00e5ngar till Kucoin.<\/span><\/p>\n<p><span style=\"font-weight: 400;\">Om du \u00e4nnu inte har n\u00e5gra digitala tillg\u00e5ngar beh\u00f6ver du inte oroa dig! Identitetsverifieringen \u00e4r mycket enkel och kan slutf\u00f6ras p\u00e5 n\u00e5gra minuter.<\/span><\/p>\n<p><span style=\"font-weight: 400;\">Du ser ditt anv\u00e4ndarnamn l\u00e4ngst upp till h\u00f6ger p\u00e5 sidan. Det tar dig till din anv\u00e4ndarprofil.<\/span><\/p>\n<p><span style=\"font-weight: 400;\">G\u00e5 till fliken \"Identitetsverifiering\" i din profil och klicka p\u00e5 \"Verifiera\" f\u00f6r \"Avancerade funktioner\".<\/span><\/p>\n<p><img loading=\"lazy\" decoding=\"async\" class=\"alignnone wp-image-3272 size-full\" src=\"https:\/\/coinkickoff.com\/wp-content\/uploads\/kucoin-identity-verification.png\" alt=\"kucoin id-kontroll 1\" width=\"1420\" height=\"785\" srcset=\"https:\/\/coinkickoff.com\/wp-content\/uploads\/kucoin-identity-verification.png 1420w, https:\/\/coinkickoff.com\/wp-content\/uploads\/kucoin-identity-verification-300x166.png 300w, https:\/\/coinkickoff.com\/wp-content\/uploads\/kucoin-identity-verification-1024x566.png 1024w, https:\/\/coinkickoff.com\/wp-content\/uploads\/kucoin-identity-verification-768x425.png 768w, https:\/\/coinkickoff.com\/wp-content\/uploads\/kucoin-identity-verification-18x10.png 18w\" sizes=\"auto, (max-width: 1420px) 100vw, 1420px\" \/><\/p>\n<p><span style=\"font-weight: 400;\">Genom att slutf\u00f6ra avancerad verifiering kan du s\u00e4tta in och ta ut fiatpengar p\u00e5 Kucoin. Det kommer ocks\u00e5 att avsev\u00e4rt \u00f6ka dina handels- och uttagsgr\u00e4nser.<\/span><\/p>\n<p><span style=\"font-weight: 400;\">Verifieringssystemet \u00e4r enkelt - fyll i ett fr\u00e5geformul\u00e4r med personuppgifter, ladda upp ett statligt utf\u00e4rdat ID f\u00f6r att verifiera dina uppgifter och slutf\u00f6r ansiktsverifieringen.<\/span><\/p>\n<p><img loading=\"lazy\" decoding=\"async\" class=\"alignnone wp-image-3270 size-full\" src=\"https:\/\/coinkickoff.com\/wp-content\/uploads\/kucoin-id-verification-2.png\" alt=\"kucoin identitetskontroll 2\" width=\"1407\" height=\"706\" srcset=\"https:\/\/coinkickoff.com\/wp-content\/uploads\/kucoin-id-verification-2.png 1407w, https:\/\/coinkickoff.com\/wp-content\/uploads\/kucoin-id-verification-2-300x151.png 300w, https:\/\/coinkickoff.com\/wp-content\/uploads\/kucoin-id-verification-2-1024x514.png 1024w, https:\/\/coinkickoff.com\/wp-content\/uploads\/kucoin-id-verification-2-768x385.png 768w, https:\/\/coinkickoff.com\/wp-content\/uploads\/kucoin-id-verification-2-18x9.png 18w\" sizes=\"auto, (max-width: 1407px) 100vw, 1407px\" \/><\/p>\n<p><span style=\"font-weight: 400;\">Du kan anv\u00e4nda ett nationellt ID-kort, k\u00f6rkort eller en sida i ett pass f\u00f6r att bekr\u00e4fta din ID-handling. Ha din ID-handling redo och klicka p\u00e5 \"Godk\u00e4nn och forts\u00e4tt\".<\/span><\/p>\n<p><img loading=\"lazy\" decoding=\"async\" class=\"alignnone wp-image-3271 size-full\" src=\"https:\/\/coinkickoff.com\/wp-content\/uploads\/kucoin-id-verification-3.png\" alt=\"kucoin id-kontroll 3 \" width=\"1412\" height=\"789\" srcset=\"https:\/\/coinkickoff.com\/wp-content\/uploads\/kucoin-id-verification-3.png 1412w, https:\/\/coinkickoff.com\/wp-content\/uploads\/kucoin-id-verification-3-300x168.png 300w, https:\/\/coinkickoff.com\/wp-content\/uploads\/kucoin-id-verification-3-1024x572.png 1024w, https:\/\/coinkickoff.com\/wp-content\/uploads\/kucoin-id-verification-3-768x429.png 768w, https:\/\/coinkickoff.com\/wp-content\/uploads\/kucoin-id-verification-3-18x10.png 18w\" sizes=\"auto, (max-width: 1412px) 100vw, 1412px\" \/><\/p>\n<p><span style=\"font-weight: 400;\">Ange dina uppgifter och klicka p\u00e5 \"N\u00e4sta\". F\u00f6lj instruktionerna p\u00e5 sk\u00e4rmen f\u00f6r att slutf\u00f6ra identitetsverifieringen.<\/span><\/p>\n<h3><span class=\"ez-toc-section\" id=\"3_Deposit_Crypto\"><\/span><span style=\"font-weight: 400;\">3. S\u00e4tta in kryptovaluta<\/span><span class=\"ez-toc-section-end\"><\/span><\/h3>\n<p><span style=\"font-weight: 400;\">Om du har digitala tillg\u00e5ngar i en extern pl\u00e5nbok kan du \u00f6verf\u00f6ra dem till Kucoin och byta dem mot LTC p\u00e5 spotmarknaden. Om det inte \u00e4r ett alternativ f\u00f6r dig, forts\u00e4tt till n\u00e4sta steg f\u00f6r att se hur du k\u00f6per Litecoin med fiatpengar.<\/span><\/p>\n<p><span style=\"font-weight: 400;\">Klicka p\u00e5 menyn \"Tillg\u00e5ngar\" l\u00e4ngst upp till h\u00f6ger p\u00e5 webbsidan.<\/span><\/p>\n<p><img loading=\"lazy\" decoding=\"async\" class=\"alignnone wp-image-3273 size-full\" src=\"https:\/\/coinkickoff.com\/wp-content\/uploads\/kucoin-deposit.png\" alt=\"kucoin ins\u00e4ttningsmedel 1\" width=\"1427\" height=\"758\" srcset=\"https:\/\/coinkickoff.com\/wp-content\/uploads\/kucoin-deposit.png 1427w, https:\/\/coinkickoff.com\/wp-content\/uploads\/kucoin-deposit-300x159.png 300w, https:\/\/coinkickoff.com\/wp-content\/uploads\/kucoin-deposit-1024x544.png 1024w, https:\/\/coinkickoff.com\/wp-content\/uploads\/kucoin-deposit-768x408.png 768w, https:\/\/coinkickoff.com\/wp-content\/uploads\/kucoin-deposit-18x10.png 18w\" sizes=\"auto, (max-width: 1427px) 100vw, 1427px\" \/><\/p>\n<p><span style=\"font-weight: 400;\">Du kan se alla dina saldon h\u00e4r. Klicka p\u00e5 knappen \"Ins\u00e4ttning\" och v\u00e4lj den digitala valuta du vill \u00f6verf\u00f6ra till Kucoin.<\/span><\/p>\n<p><span style=\"font-weight: 400;\">Om du till exempel gav <a href=\"https:\/\/coinkickoff.com\/sv\/tether-usdt\/\" data-internallinksmanager029f6b8e52c=\"3\" title=\"Vad \u00e4r Tether (USDT)? Hur det fungerar och var man kan k\u00f6pa det?\">USDT<\/a>Klicka p\u00e5 USDT s\u00e5 f\u00e5r du en QR-kod. Denna QR-kod representerar din USDT-adress p\u00e5 Kucoin. N\u00e4r du vill \u00f6verf\u00f6ra USDT till Kucoin, anv\u00e4nd denna QR-kod som din uttagsadress.<\/span><\/p>\n<p><span style=\"font-weight: 400;\">Anv\u00e4nd aldrig en USDT-pl\u00e5nboksadress f\u00f6r att \u00f6verf\u00f6ra andra kryptovalutor. Varje pl\u00e5nboksadress \u00e4r valutaspecifik: du kan bara \u00f6verf\u00f6ra BTC till en <a href=\"https:\/\/coinkickoff.com\/sv\/bitcoin-btc\/\" data-internallinksmanager029f6b8e52c=\"1\" title=\"Vad \u00e4r Bitcoin (BTC)? Pris, historia och var man kan k\u00f6pa\">Bitcoin<\/a> adress, ETH till en <a href=\"https:\/\/coinkickoff.com\/sv\/ethereum-eth\/\" data-internallinksmanager029f6b8e52c=\"2\" title=\"Vad \u00e4r Ethereum (ETH)? Pris, historia och var man kan k\u00f6pa\">Ethereum<\/a> adress, <a href=\"https:\/\/coinkickoff.com\/sv\/polkadot-dot\/\" data-internallinksmanager029f6b8e52c=\"12\" title=\"Vad \u00e4r Polkadot (DOT)? Hur fungerar det och var kan man k\u00f6pa det?\">Polkadot<\/a> till en DOT-adress, och s\u00e5 vidare.<\/span><\/p>\n<h3><span class=\"ez-toc-section\" id=\"4_Navigate_to_the_Relevant_Screen_to_Buy\"><\/span><span style=\"font-weight: 400;\">4. Navigera till den relevanta sk\u00e4rmen f\u00f6r att k\u00f6pa<\/span><span class=\"ez-toc-section-end\"><\/span><\/h3>\n<p><span style=\"font-weight: 400;\">Klicka p\u00e5 menyn \"K\u00f6p krypto\" p\u00e5 din hemsida. Du kommer att se flera alternativ, till exempel \"Snabb handel\", \"P2P\" och \"Tredje part.\"<\/span><\/p>\n<p><span style=\"font-weight: 400;\">Du kan inte k\u00f6pa Litecoin med P2P-transaktioner men de andra tv\u00e5 \u00e4r helt livskraftiga och ganska enkla att anv\u00e4nda.<\/span><\/p>\n<p><img loading=\"lazy\" decoding=\"async\" class=\"alignnone wp-image-3274 size-full\" src=\"https:\/\/coinkickoff.com\/wp-content\/uploads\/kucoin-buy-crypto.png\" alt=\"kucoin k\u00f6pa sk\u00e4rm\" width=\"1418\" height=\"692\" srcset=\"https:\/\/coinkickoff.com\/wp-content\/uploads\/kucoin-buy-crypto.png 1418w, https:\/\/coinkickoff.com\/wp-content\/uploads\/kucoin-buy-crypto-300x146.png 300w, https:\/\/coinkickoff.com\/wp-content\/uploads\/kucoin-buy-crypto-1024x500.png 1024w, https:\/\/coinkickoff.com\/wp-content\/uploads\/kucoin-buy-crypto-768x375.png 768w, https:\/\/coinkickoff.com\/wp-content\/uploads\/kucoin-buy-crypto-18x9.png 18w\" sizes=\"auto, (max-width: 1418px) 100vw, 1418px\" \/><\/p>\n<p><span style=\"font-weight: 400;\">Den st\u00f6rsta skillnaden mellan en snabb handel och en tredjepartstransaktion \u00e4r betalningsmetoden. Med snabb handel kan du anv\u00e4nda ditt kreditkort f\u00f6r att k\u00f6pa Litecoin, och med tredje part kan du anv\u00e4nda betalningsprocessorer som Simplex och Banxa.<\/span><\/p>\n<h4><span class=\"ez-toc-section\" id=\"Fast_Trade\"><\/span><span style=\"font-weight: 400;\">Snabb handel<\/span><span class=\"ez-toc-section-end\"><\/span><\/h4>\n<p><span style=\"font-weight: 400;\">Ange det belopp du vill investera i kolumnen \"Jag vill spendera\".<\/span><\/p>\n<h4><img loading=\"lazy\" decoding=\"async\" class=\"alignnone wp-image-3275 size-full\" style=\"font-family: Muli, sans-serif;\" src=\"https:\/\/coinkickoff.com\/wp-content\/uploads\/kucoin-buy-crypto-one-click.png\" alt=\"kucoin ett klick k\u00f6p\" width=\"1421\" height=\"770\" srcset=\"https:\/\/coinkickoff.com\/wp-content\/uploads\/kucoin-buy-crypto-one-click.png 1421w, https:\/\/coinkickoff.com\/wp-content\/uploads\/kucoin-buy-crypto-one-click-300x163.png 300w, https:\/\/coinkickoff.com\/wp-content\/uploads\/kucoin-buy-crypto-one-click-1024x555.png 1024w, https:\/\/coinkickoff.com\/wp-content\/uploads\/kucoin-buy-crypto-one-click-768x416.png 768w, https:\/\/coinkickoff.com\/wp-content\/uploads\/kucoin-buy-crypto-one-click-18x10.png 18w\" sizes=\"auto, (max-width: 1421px) 100vw, 1421px\" \/><\/h4>\n<p><span style=\"font-weight: 400;\">St\u00e4ll in kolumnen \"Mottagning\" p\u00e5 Litecoin.<\/span><\/p>\n<p><img loading=\"lazy\" decoding=\"async\" class=\"alignnone wp-image-3276 size-full\" src=\"https:\/\/coinkickoff.com\/wp-content\/uploads\/kucoin-select-paymnet-method.png\" alt=\"hur man k\u00f6per Polygon p\u00e5 Kucoin\" width=\"1424\" height=\"794\" srcset=\"https:\/\/coinkickoff.com\/wp-content\/uploads\/kucoin-select-paymnet-method.png 1424w, https:\/\/coinkickoff.com\/wp-content\/uploads\/kucoin-select-paymnet-method-300x167.png 300w, https:\/\/coinkickoff.com\/wp-content\/uploads\/kucoin-select-paymnet-method-1024x571.png 1024w, https:\/\/coinkickoff.com\/wp-content\/uploads\/kucoin-select-paymnet-method-768x428.png 768w, https:\/\/coinkickoff.com\/wp-content\/uploads\/kucoin-select-paymnet-method-18x10.png 18w\" sizes=\"auto, (max-width: 1424px) 100vw, 1424px\" \/><\/p>\n<p><span style=\"font-weight: 400;\">Slutligen, l\u00e4gg till en betalningsmetod. Som du kan se har du m\u00f6jlighet att l\u00e4gga till ett betalkort eller kreditkort till ditt Kucoin-konto. N\u00e4r du har lagt till ett kort kan du anv\u00e4nda det f\u00f6r dina n\u00e4sta ink\u00f6p.<\/span><\/p>\n<p><span style=\"font-weight: 400;\">Ange dina kortuppgifter och klicka p\u00e5 \"K\u00f6p LTC.\" Du kommer att f\u00e5 en f\u00f6rhandsgranskning av din orderinformation, inklusive alla avgifter som g\u00e4ller. Om det ser bra ut klickar du p\u00e5 \"Bekr\u00e4fta\". Ditt k\u00f6p kommer att slutf\u00f6ras direkt.<\/span><\/p>\n<p><span style=\"font-weight: 400;\">Vad h\u00e4nder om du inte kan anv\u00e4nda ditt betalkort\/kreditkort f\u00f6r att k\u00f6pa Litecoin via Fast Trade? Detta kan h\u00e4nda p\u00e5 grund av flera problem, inklusive begr\u00e4nsningar som inf\u00f6rts av din bank, och\/eller Fast Trade-fel.<\/span><\/p>\n<p><span style=\"font-weight: 400;\">Alternativt kanske du k\u00e4nner dig obekv\u00e4m med att l\u00e4mna din kortinformation p\u00e5 Kucoin. Om s\u00e5 \u00e4r fallet kan du v\u00e4lja att k\u00f6pa fr\u00e5n tredje part.<\/span><\/p>\n<h4><span class=\"ez-toc-section\" id=\"Third-Party\"><\/span><span style=\"font-weight: 400;\">Tredje part<\/span><span class=\"ez-toc-section-end\"><\/span><\/h4>\n<p><span style=\"font-weight: 400;\">Med tredjepartsk\u00f6p kan du betala f\u00f6r ditt k\u00f6p via oberoende betalningskanaler. Dessa betalningskanaler s\u00e4ljer krypto till sina egna priser, som vanligtvis \u00e4r h\u00f6gre j\u00e4mf\u00f6rt med spotmarknadspriserna, men lika med priserna f\u00f6r snabb handel.<\/span><\/p>\n<p><img loading=\"lazy\" decoding=\"async\" class=\"alignnone wp-image-3278 size-full\" src=\"https:\/\/coinkickoff.com\/wp-content\/uploads\/kucoin-screenshot.png\" alt=\"Hur man k\u00f6per Cardano p\u00e5 Kucoin hur man k\u00f6per polkadot p\u00e5 kucoin hur man k\u00f6per Litecoin p\u00e5 Kucoin\" width=\"1436\" height=\"673\" srcset=\"https:\/\/coinkickoff.com\/wp-content\/uploads\/kucoin-screenshot.png 1436w, https:\/\/coinkickoff.com\/wp-content\/uploads\/kucoin-screenshot-300x141.png 300w, https:\/\/coinkickoff.com\/wp-content\/uploads\/kucoin-screenshot-1024x480.png 1024w, https:\/\/coinkickoff.com\/wp-content\/uploads\/kucoin-screenshot-768x360.png 768w, https:\/\/coinkickoff.com\/wp-content\/uploads\/kucoin-screenshot-18x8.png 18w\" sizes=\"auto, (max-width: 1436px) 100vw, 1436px\" \/><\/p>\n<p><span style=\"font-weight: 400;\">Tredjepartsk\u00f6pet \u00e4r mycket enkelt att navigera: ange det belopp du vill spendera och v\u00e4lj Litecoin som den valuta du vill ta emot.<\/span><\/p>\n<p><span style=\"font-weight: 400;\">V\u00e4lj en betalningsmetod och en betalningsbehandlare. Klicka p\u00e5 \"Bekr\u00e4fta\" f\u00f6r att forts\u00e4tta.<\/span><\/p>\n<p><span style=\"font-weight: 400;\">Vid denna tidpunkt kommer du att l\u00e4mna Kucoin-webbplatsen f\u00f6r betalningsprocessorns webbplats. Om du redan har ett konto kan du slutf\u00f6ra transaktionen omedelbart. Om du inte har n\u00e5got konto kan du snabbt skapa ett och slutf\u00f6ra transaktionen.\u00a0<\/span><\/p>\n<h4><span class=\"ez-toc-section\" id=\"How_to_Buy_Litecoin_with_Crypto\"><\/span><span style=\"font-weight: 400;\">Hur man k\u00f6per Litecoin med krypto<\/span><span class=\"ez-toc-section-end\"><\/span><\/h4>\n<p><span style=\"font-weight: 400;\">Slutligen kan du k\u00f6pa Litecoin p\u00e5 Kucoin spotmarknaden med kryptovalutor.\u00a0<\/span><\/p>\n<p><span style=\"font-weight: 400;\">P\u00e5 instrumentpanelen v\u00e4ljer du menyn \"Trade\" och klickar p\u00e5 Spot Trading. Du kommer att se flera par p\u00e5 sidan, t.ex. BTC\/USDT, ETH\/USDT, <a href=\"https:\/\/coinkickoff.com\/sv\/dogecoin-doge\/\" data-internallinksmanager029f6b8e52c=\"14\" title=\"Vad \u00e4r Dogecoin (DOGE)? Hur det fungerar och var man kan k\u00f6pa det?\">DOGE<\/a>\/USDT, och s\u00e5 vidare.\u00a0<\/span><\/p>\n<p><span style=\"font-weight: 400;\">En betydande del av all kryptohandel sker i USDT, s\u00e5 du kan k\u00f6pa och s\u00e4lja de flesta coins f\u00f6r USDT, inklusive Litecoin.\u00a0<\/span><\/p>\n<p><span style=\"font-weight: 400;\">Om du t.ex. har Polkadot kanske du inte kan byta den mot Litecoin direkt, men du kan byta den mot USDT och sedan anv\u00e4nda USDT f\u00f6r att k\u00f6pa LTC.<\/span><\/p>\n<p><span style=\"font-weight: 400;\">V\u00e4lj f\u00f6rst det handelspar du vill v\u00e4xla (till exempel LTC\/USDT). Fyll sedan i best\u00e4llningsformul\u00e4ret genom att justera hur mycket USDT du vill spendera p\u00e5 LTC.<\/span><\/p>\n<p><span style=\"font-weight: 400;\">Kucoin l\u00e5ter dig placera \"Market\" och \"Limit\" order. F\u00f6r nyb\u00f6rjare f\u00f6resl\u00e5r vi att du v\u00e4ljer en marknadsorder. Om du vill utforska andra alternativ kan du l\u00e4sa mer om <\/span><a href=\"https:\/\/www.kucoin.com\/support\/900006714063\" target=\"_blank\" rel=\"noopener\"><span style=\"font-weight: 400;\">olika ordertyper<\/span><\/a><span style=\"font-weight: 400;\"> innan du forts\u00e4tter<\/span><\/p>\n<p><span style=\"font-weight: 400;\">N\u00e4r du \u00e4r klar klickar du p\u00e5 \"K\u00f6p\".<\/span><\/p>\n<p><span style=\"font-weight: 400;\">Du vet nu tre olika s\u00e4tt att k\u00f6pa Litecoin p\u00e5 Kucoin! Om du gillade v\u00e5r \"<\/span><i><span style=\"font-weight: 400;\">Hur man k\u00f6per Litecoin p\u00e5 Kucoin\"<\/span><\/i><span style=\"font-weight: 400;\"> guide, kanske du ocks\u00e5 gillar v\u00e5r <\/span><a href=\"https:\/\/coinkickoff.com\/sv\/crypto-exchanges\/\"><span style=\"font-weight: 400;\">utv\u00e4rderingar av utbyten<\/span><\/a><span style=\"font-weight: 400;\"> och <a href=\"https:\/\/coinkickoff.com\/sv\/how-to-buy-bitcoin\/\">andra guider<\/a>.<\/span><\/p>","protected":false},"excerpt":{"rendered":"<p>Hur man k\u00f6per Litecoin p\u00e5 Kucoin Om du beh\u00f6ver lite v\u00e4gledning om hur man k\u00f6per Litecoin p\u00e5 Kucoin, \u00e4r du p\u00e5 r\u00e4tt plats! L\u00e5t oss se hur man k\u00f6per LTC p\u00e5 Kucoin i n\u00e5gra enkla steg. En steg-f\u00f6r-steg-guide om hur man k\u00f6per Litecoin p\u00e5 Kucoin 1. Registrera ett konto G\u00e5 till Kucoin [...]<\/p>","protected":false},"author":3,"featured_media":0,"parent":4392,"menu_order":0,"comment_status":"closed","ping_status":"closed","template":"","meta":{"_genesis_hide_title":false,"_genesis_hide_breadcrumbs":false,"_genesis_hide_singular_image":false,"_genesis_hide_footer_widgets":false,"_genesis_custom_body_class":"","_genesis_custom_post_class":"","_genesis_layout":"","_glsr_average":0,"_glsr_ranking":0,"_glsr_reviews":0,"footnotes":""},"class_list":{"0":"post-4404","1":"page","2":"type-page","3":"status-publish","5":"entry"},"featured_image_src":null,"featured_image_src_square":null,"_links":{"self":[{"href":"https:\/\/coinkickoff.com\/sv\/wp-json\/wp\/v2\/pages\/4404","targetHints":{"allow":["GET"]}}],"collection":[{"href":"https:\/\/coinkickoff.com\/sv\/wp-json\/wp\/v2\/pages"}],"about":[{"href":"https:\/\/coinkickoff.com\/sv\/wp-json\/wp\/v2\/types\/page"}],"author":[{"embeddable":true,"href":"https:\/\/coinkickoff.com\/sv\/wp-json\/wp\/v2\/users\/3"}],"replies":[{"embeddable":true,"href":"https:\/\/coinkickoff.com\/sv\/wp-json\/wp\/v2\/comments?post=4404"}],"version-history":[{"count":2,"href":"https:\/\/coinkickoff.com\/sv\/wp-json\/wp\/v2\/pages\/4404\/revisions"}],"predecessor-version":[{"id":4406,"href":"https:\/\/coinkickoff.com\/sv\/wp-json\/wp\/v2\/pages\/4404\/revisions\/4406"}],"up":[{"embeddable":true,"href":"https:\/\/coinkickoff.com\/sv\/wp-json\/wp\/v2\/pages\/4392"}],"wp:attachment":[{"href":"https:\/\/coinkickoff.com\/sv\/wp-json\/wp\/v2\/media?parent=4404"}],"curies":[{"name":"wp","href":"https:\/\/api.w.org\/{rel}","templated":true}]}}