{"id":4397,"date":"2026-01-08T14:07:18","date_gmt":"2026-01-08T14:07:18","guid":{"rendered":"https:\/\/coinkickoff.com\/?page_id=4397"},"modified":"2026-01-08T14:07:18","modified_gmt":"2026-01-08T14:07:18","slug":"how-to-buy-litecoin-on-binance","status":"publish","type":"page","link":"https:\/\/coinkickoff.com\/sv\/how-to-buy-litecoin\/how-to-buy-litecoin-on-binance\/","title":{"rendered":"Hur man k\u00f6per Litecoin p\u00e5 Binance"},"content":{"rendered":"<div id=\"ez-toc-container\" class=\"ez-toc-v2_0_80 counter-hierarchy ez-toc-counter ez-toc-transparent ez-toc-container-direction\">\n<div class=\"ez-toc-title-container\">\n<p class=\"ez-toc-title\" style=\"cursor:inherit\">Avsnitt<\/p>\n<span class=\"ez-toc-title-toggle\"><a href=\"#\" class=\"ez-toc-pull-right ez-toc-btn ez-toc-btn-xs ez-toc-btn-default ez-toc-toggle\" aria-label=\"V\u00e4xla till inneh\u00e5llsf\u00f6rteckning\"><span class=\"ez-toc-js-icon-con\"><span class=\"\"><span class=\"eztoc-hide\" style=\"display:none;\">V\u00e4xel<\/span><span class=\"ez-toc-icon-toggle-span\"><svg style=\"fill: #999;color:#999\" xmlns=\"http:\/\/www.w3.org\/2000\/svg\" class=\"list-377408\" width=\"20px\" height=\"20px\" viewbox=\"0 0 24 24\" fill=\"none\"><path d=\"M6 6H4v2h2V6zm14 0H8v2h12V6zM4 11h2v2H4v-2zm16 0H8v2h12v-2zM4 16h2v2H4v-2zm16 0H8v2h12v-2z\" fill=\"currentColor\"><\/path><\/svg><svg style=\"fill: #999;color:#999\" class=\"arrow-unsorted-368013\" xmlns=\"http:\/\/www.w3.org\/2000\/svg\" width=\"10px\" height=\"10px\" viewbox=\"0 0 24 24\" version=\"1.2\" baseprofile=\"tiny\"><path d=\"M18.2 9.3l-6.2-6.3-6.2 6.3c-.2.2-.3.4-.3.7s.1.5.3.7c.2.2.4.3.7.3h11c.3 0 .5-.1.7-.3.2-.2.3-.5.3-.7s-.1-.5-.3-.7zM5.8 14.7l6.2 6.3 6.2-6.3c.2-.2.3-.5.3-.7s-.1-.5-.3-.7c-.2-.2-.4-.3-.7-.3h-11c-.3 0-.5.1-.7.3-.2.2-.3.5-.3.7s.1.5.3.7z\"\/><\/svg><\/span><\/span><\/span><\/a><\/span><\/div>\n<nav><ul class='ez-toc-list ez-toc-list-level-1 eztoc-toggle-hide-by-default' ><li class='ez-toc-page-1 ez-toc-heading-level-2'><a class=\"ez-toc-link ez-toc-heading-1\" href=\"https:\/\/coinkickoff.com\/sv\/how-to-buy-litecoin\/how-to-buy-litecoin-on-binance\/#How_to_Buy_Litecoin_on_Binance\" >Hur man k\u00f6per Litecoin p\u00e5 Binance<\/a><\/li><li class='ez-toc-page-1 ez-toc-heading-level-2'><a class=\"ez-toc-link ez-toc-heading-2\" href=\"https:\/\/coinkickoff.com\/sv\/how-to-buy-litecoin\/how-to-buy-litecoin-on-binance\/#A_Step-By-Step_Guide_on_How_to_Buy_Litecoin_on_Binance\" >En steg-f\u00f6r-steg-guide om hur man k\u00f6per Litecoin p\u00e5 Binance<\/a><ul class='ez-toc-list-level-3' ><li class='ez-toc-heading-level-3'><a class=\"ez-toc-link ez-toc-heading-3\" href=\"https:\/\/coinkickoff.com\/sv\/how-to-buy-litecoin\/how-to-buy-litecoin-on-binance\/#1_Register_an_Account_on_Binance\" >1. Registrera ett konto p\u00e5 Binance<\/a><\/li><li class='ez-toc-page-1 ez-toc-heading-level-3'><a class=\"ez-toc-link ez-toc-heading-4\" href=\"https:\/\/coinkickoff.com\/sv\/how-to-buy-litecoin\/how-to-buy-litecoin-on-binance\/#2_Verify_Your_Account\" >2. Verifiera ditt konto<\/a><\/li><li class='ez-toc-page-1 ez-toc-heading-level-3'><a class=\"ez-toc-link ez-toc-heading-5\" href=\"https:\/\/coinkickoff.com\/sv\/how-to-buy-litecoin\/how-to-buy-litecoin-on-binance\/#3_Deposit_FundsCrypto\" >3. Ins\u00e4ttning av medel\/krypto<\/a><ul class='ez-toc-list-level-4' ><li class='ez-toc-heading-level-4'><a class=\"ez-toc-link ez-toc-heading-6\" href=\"https:\/\/coinkickoff.com\/sv\/how-to-buy-litecoin\/how-to-buy-litecoin-on-binance\/#Deposit_Crypto\" >S\u00e4tt in kryptovaluta<\/a><\/li><li class='ez-toc-page-1 ez-toc-heading-level-4'><a class=\"ez-toc-link ez-toc-heading-7\" href=\"https:\/\/coinkickoff.com\/sv\/how-to-buy-litecoin\/how-to-buy-litecoin-on-binance\/#Deposit_Fiat\" >Ins\u00e4ttning Fiat<\/a><\/li><li class='ez-toc-page-1 ez-toc-heading-level-4'><a class=\"ez-toc-link ez-toc-heading-8\" href=\"https:\/\/coinkickoff.com\/sv\/how-to-buy-litecoin\/how-to-buy-litecoin-on-binance\/#Other_Options\" >Andra alternativ<\/a><\/li><\/ul><\/li><li class='ez-toc-page-1 ez-toc-heading-level-3'><a class=\"ez-toc-link ez-toc-heading-9\" href=\"https:\/\/coinkickoff.com\/sv\/how-to-buy-litecoin\/how-to-buy-litecoin-on-binance\/#4_Navigate_to_the_Relevant_Screen_to_Buy\" >4. Navigera till den relevanta sk\u00e4rmen f\u00f6r att k\u00f6pa<\/a><ul class='ez-toc-list-level-4' ><li class='ez-toc-heading-level-4'><a class=\"ez-toc-link ez-toc-heading-10\" href=\"https:\/\/coinkickoff.com\/sv\/how-to-buy-litecoin\/how-to-buy-litecoin-on-binance\/#Binance_Convert\" >Binance Konvertera<\/a><\/li><\/ul><\/li><\/ul><\/li><\/ul><\/nav><\/div>\n<h2><span class=\"ez-toc-section\" id=\"How_to_Buy_Litecoin_on_Binance\"><\/span><span style=\"font-weight: 400;\">Hur man k\u00f6per Litecoin p\u00e5 Binance<\/span><span class=\"ez-toc-section-end\"><\/span><\/h2>\n<p><span style=\"font-weight: 400;\">Det \u00e4r extremt enkelt att k\u00f6pa <a href=\"https:\/\/coinkickoff.com\/sv\/litecoin-ltc\/\" data-internallinksmanager029f6b8e52c=\"21\" title=\"Vad \u00e4r Litecoin (LTC)? Pris, historia och var man kan k\u00f6pa\">Litecoin<\/a> p\u00e5 <a href=\"https:\/\/coinkickoff.com\/sv\/binance-review\/\" data-internallinksmanager029f6b8e52c=\"152\" title=\"Binance Recensioner 2024: Funktioner, avgifter, s\u00e4kerhet, f\u00f6r- och nackdelar\">Binance<\/a>, oavsett om du vill k\u00f6pa LTC med fiatvalutor eller kryptovalutor. I den h\u00e4r artikeln guidar vi dig genom varje steg.<\/span><\/p>\n<p><span style=\"font-weight: 400;\">T\u00e4nk dock p\u00e5 att om du \u00e4r baserad i USA (och andra regioner d\u00e4r Binance \u00e4r f\u00f6rbjudet), m\u00e5ste du anv\u00e4nda ett annat utbyte f\u00f6r att k\u00f6pa Litecoin. Vi har granskat <\/span><a href=\"https:\/\/coinkickoff.com\/sv\/crypto-exchanges\/\"><span style=\"font-weight: 400;\">de mest popul\u00e4ra 21 utbytena<\/span><\/a><span style=\"font-weight: 400;\"> p\u00e5 marknaden f\u00f6r att hj\u00e4lpa dig att hitta den b\u00e4sta plattformen.<\/span><\/p>\n<p><span style=\"font-weight: 400;\">L\u00e5t oss nu se hur du kan k\u00f6pa Litecoin p\u00e5 Binance.<\/span><\/p>\n<h2><span class=\"ez-toc-section\" id=\"A_Step-By-Step_Guide_on_How_to_Buy_Litecoin_on_Binance\"><\/span><span style=\"font-weight: 400;\">En steg-f\u00f6r-steg-guide om hur man k\u00f6per Litecoin p\u00e5 Binance<\/span><span class=\"ez-toc-section-end\"><\/span><\/h2>\n<h3><span class=\"ez-toc-section\" id=\"1_Register_an_Account_on_Binance\"><\/span><span style=\"font-weight: 400;\">1. Registrera ett konto p\u00e5 Binance<\/span><span class=\"ez-toc-section-end\"><\/span><\/h3>\n<p><span style=\"font-weight: 400;\">Om du inte har ett Binance-konto kan du g\u00e5 vidare och <\/span><a href=\"https:\/\/accounts.binance.com\/register?ref=BLJQ60RW\" target=\"_blank\" rel=\"noopener\"><span style=\"font-weight: 400;\">Registrera dig<\/span><\/a><span style=\"font-weight: 400;\">.<\/span><img loading=\"lazy\" decoding=\"async\" class=\"alignnone wp-image-3245 size-full\" style=\"font-size: 18px; font-family: Muli, sans-serif;\" src=\"https:\/\/coinkickoff.com\/wp-content\/uploads\/binance-register.png\" alt=\"Hur man k\u00f6per Polygon p\u00e5 Binance Hur man k\u00f6per Litecoin p\u00e5 Binance\" width=\"1430\" height=\"798\" srcset=\"https:\/\/coinkickoff.com\/wp-content\/uploads\/binance-register.png 1430w, https:\/\/coinkickoff.com\/wp-content\/uploads\/binance-register-300x167.png 300w, https:\/\/coinkickoff.com\/wp-content\/uploads\/binance-register-1024x571.png 1024w, https:\/\/coinkickoff.com\/wp-content\/uploads\/binance-register-768x429.png 768w, https:\/\/coinkickoff.com\/wp-content\/uploads\/binance-register-18x10.png 18w\" sizes=\"auto, (max-width: 1430px) 100vw, 1430px\" \/><\/p>\n<p><span style=\"font-weight: 400;\">Du beh\u00f6ver bara ett anv\u00e4ndarnamn och en giltig e-postadress f\u00f6r att skapa ett konto.\u00a0<\/span><\/p>\n<h3><span class=\"ez-toc-section\" id=\"2_Verify_Your_Account\"><\/span><span style=\"font-weight: 400;\">2. Verifiera ditt konto<\/span><span class=\"ez-toc-section-end\"><\/span><\/h3>\n<p><img loading=\"lazy\" decoding=\"async\" class=\"alignnone wp-image-3247 size-full\" src=\"https:\/\/coinkickoff.com\/wp-content\/uploads\/binance-verification-0-e1686527478138.png\" alt=\"binance verifiering \" width=\"1438\" height=\"730\" srcset=\"https:\/\/coinkickoff.com\/wp-content\/uploads\/binance-verification-0-e1686527478138.png 1438w, https:\/\/coinkickoff.com\/wp-content\/uploads\/binance-verification-0-e1686527478138-300x152.png 300w, https:\/\/coinkickoff.com\/wp-content\/uploads\/binance-verification-0-e1686527478138-1024x520.png 1024w, https:\/\/coinkickoff.com\/wp-content\/uploads\/binance-verification-0-e1686527478138-768x390.png 768w, https:\/\/coinkickoff.com\/wp-content\/uploads\/binance-verification-0-e1686527478138-18x9.png 18w\" sizes=\"auto, (max-width: 1438px) 100vw, 1438px\" \/><\/p>\n<p><span style=\"font-weight: 400;\">Du kan handla digitala tillg\u00e5ngar p\u00e5 Binance utan ID-verifiering, men om du planerar att k\u00f6pa Litecoin med fiatvalutor (USD, EUR, GBP, AUD och s\u00e5 vidare) m\u00e5ste du slutf\u00f6ra ID-verifiering.<\/span><\/p>\n<p><span style=\"font-weight: 400;\">V\u00e4lj profilikonen h\u00f6gst upp p\u00e5 instrumentpanelen och klicka p\u00e5 \"Verifiering\". Klicka p\u00e5 \"Bli verifierad\".<\/span><\/p>\n<p><img loading=\"lazy\" decoding=\"async\" class=\"alignnone wp-image-3246 size-full\" src=\"https:\/\/coinkickoff.com\/wp-content\/uploads\/binance-verification.png\" alt=\"binance verifiering\" width=\"1239\" height=\"752\" srcset=\"https:\/\/coinkickoff.com\/wp-content\/uploads\/binance-verification.png 1239w, https:\/\/coinkickoff.com\/wp-content\/uploads\/binance-verification-300x182.png 300w, https:\/\/coinkickoff.com\/wp-content\/uploads\/binance-verification-1024x622.png 1024w, https:\/\/coinkickoff.com\/wp-content\/uploads\/binance-verification-768x466.png 768w, https:\/\/coinkickoff.com\/wp-content\/uploads\/binance-verification-18x12.png 18w\" sizes=\"auto, (max-width: 1239px) 100vw, 1239px\" \/><\/p>\n<p><span style=\"font-weight: 400;\">Binance verifieringskraven varierar fr\u00e5n land till land, s\u00e5 du m\u00e5ste v\u00e4lja ditt hemland innan du kan forts\u00e4tta. N\u00e4r du har valt ett land kan du se alla n\u00f6dv\u00e4ndiga dokument.<\/span><\/p>\n<p><span style=\"font-weight: 400;\">Klicka p\u00e5 \"Verifiera\" f\u00f6r att forts\u00e4tta. Ange all n\u00f6dv\u00e4ndig information (ditt juridiska namn, land och f\u00f6delsedatum). <\/span><\/p>\n<p><img loading=\"lazy\" decoding=\"async\" class=\"alignnone wp-image-3248 size-full\" src=\"https:\/\/coinkickoff.com\/wp-content\/uploads\/binance-verification-2.png\" alt=\"\" width=\"563\" height=\"686\" srcset=\"https:\/\/coinkickoff.com\/wp-content\/uploads\/binance-verification-2.png 563w, https:\/\/coinkickoff.com\/wp-content\/uploads\/binance-verification-2-246x300.png 246w, https:\/\/coinkickoff.com\/wp-content\/uploads\/binance-verification-2-10x12.png 10w\" sizes=\"auto, (max-width: 563px) 100vw, 563px\" \/><\/p>\n<p><span style=\"font-weight: 400;\">Klicka p\u00e5 \"Forts\u00e4tt\". Du kan beh\u00f6va ladda upp en ID-handling f\u00f6r att styrka din identitet.<\/span><\/p>\n<h3><span class=\"ez-toc-section\" id=\"3_Deposit_FundsCrypto\"><\/span><span style=\"font-weight: 400;\">3. Ins\u00e4ttning av medel\/krypto<\/span><span class=\"ez-toc-section-end\"><\/span><\/h3>\n<h3><img loading=\"lazy\" decoding=\"async\" class=\"alignnone wp-image-3254 size-full\" src=\"https:\/\/coinkickoff.com\/wp-content\/uploads\/binance-deposit-2.png\" alt=\"\" width=\"926\" height=\"796\" srcset=\"https:\/\/coinkickoff.com\/wp-content\/uploads\/binance-deposit-2.png 926w, https:\/\/coinkickoff.com\/wp-content\/uploads\/binance-deposit-2-300x258.png 300w, https:\/\/coinkickoff.com\/wp-content\/uploads\/binance-deposit-2-768x660.png 768w, https:\/\/coinkickoff.com\/wp-content\/uploads\/binance-deposit-2-14x12.png 14w\" sizes=\"auto, (max-width: 926px) 100vw, 926px\" \/><\/h3>\n<p><span style=\"font-weight: 400;\">Du kan s\u00e4tta in krypto- och fiatvalutor till ditt Binance-konto. F\u00f6r att b\u00f6rja, klicka p\u00e5 fliken \"Ins\u00e4ttning\" p\u00e5 din hemsida.<\/span><\/p>\n<h4><span class=\"ez-toc-section\" id=\"Deposit_Crypto\"><\/span><span style=\"font-weight: 400;\">S\u00e4tt in kryptovaluta<\/span><span class=\"ez-toc-section-end\"><\/span><\/h4>\n<p><span style=\"font-weight: 400;\">Som du kan se p\u00e5 bilden ovan har du m\u00e5nga ins\u00e4ttningsalternativ. Om du \u00e4ger kryptovalutor som du vill \u00f6verf\u00f6ra till Binance, klicka p\u00e5 \"S\u00e4tt in kryptovaluta\".\u00a0<\/span><\/p>\n<p><span style=\"font-weight: 400;\">L\u00e5t oss s\u00e4ga att du vill s\u00e4tta in <a href=\"https:\/\/coinkickoff.com\/sv\/tether-usdt\/\" data-internallinksmanager029f6b8e52c=\"3\" title=\"Vad \u00e4r Tether (USDT)? Hur det fungerar och var man kan k\u00f6pa det?\">USDT<\/a> till Binance. G\u00e5 vidare och v\u00e4lj USDT fr\u00e5n listan \u00f6ver tillg\u00e4ngliga tillg\u00e5ngar. Binance kommer att generera en USDT-adress \u00e5t dig. Du kan anv\u00e4nda den h\u00e4r adressen f\u00f6r att ta ut din USDT till din Binance-pl\u00e5nbok. Anv\u00e4nd INTE en USDT-adress f\u00f6r att \u00f6verf\u00f6ra andra kryptovalutor. Om det finns en annan tillg\u00e5ng som du vill \u00f6verf\u00f6ra, v\u00e4lj den coin och generera en ny pl\u00e5nboksadress f\u00f6rst.<\/span><\/p>\n<p><span style=\"font-weight: 400;\">N\u00e4r din coin-\u00f6verf\u00f6ring \u00e4r klar kan du handla dina tillg\u00e5ngar f\u00f6r LTC via Binance Convert- eller Binance Spot-marknaden.<\/span><\/p>\n<h4><span class=\"ez-toc-section\" id=\"Deposit_Fiat\"><\/span><span style=\"font-weight: 400;\">Ins\u00e4ttning Fiat<\/span><span class=\"ez-toc-section-end\"><\/span><\/h4>\n<p><span style=\"font-weight: 400;\">Om du vill s\u00e4tta in fiatvalutor (USD, AUD, EUR och s\u00e5 vidare) p\u00e5 ditt Binance-konto fr\u00e5n ett bankkonto klickar du p\u00e5 \"Fiatins\u00e4ttning\".\u00a0<\/span><\/p>\n<p><span style=\"font-weight: 400;\">Fyll i ins\u00e4ttningsformul\u00e4ret genom att v\u00e4lja valuta och \u00f6verf\u00f6ringsmetod. Bank\u00f6verf\u00f6ring \u00e4r vanligtvis det billigaste alternativet, men du kan ha andra alternativ beroende p\u00e5 din valuta.<\/span><\/p>\n<h3><img loading=\"lazy\" decoding=\"async\" class=\"alignnone wp-image-3256 size-full\" style=\"font-size: 18px; font-family: Muli, sans-serif;\" src=\"https:\/\/coinkickoff.com\/wp-content\/uploads\/binance-fiat-deposit-3.png\" alt=\"\" width=\"1052\" height=\"778\" srcset=\"https:\/\/coinkickoff.com\/wp-content\/uploads\/binance-fiat-deposit-3.png 1052w, https:\/\/coinkickoff.com\/wp-content\/uploads\/binance-fiat-deposit-3-300x222.png 300w, https:\/\/coinkickoff.com\/wp-content\/uploads\/binance-fiat-deposit-3-1024x757.png 1024w, https:\/\/coinkickoff.com\/wp-content\/uploads\/binance-fiat-deposit-3-768x568.png 768w, https:\/\/coinkickoff.com\/wp-content\/uploads\/binance-fiat-deposit-3-16x12.png 16w\" sizes=\"auto, (max-width: 1052px) 100vw, 1052px\" \/><\/h3>\n<p><span style=\"font-weight: 400;\">\u00d6verf\u00f6ringar via internetbank och betalkort g\u00e5r direkt men \u00e4r i allm\u00e4nhet dyrare. Om du har br\u00e5ttom och inte vill v\u00e4nta \u00e4r detta oftast det b\u00e4sta alternativet.<\/span><\/p>\n<p><span style=\"font-weight: 400;\">Du kan se den ber\u00e4knade ankomsttiden och eventuella avgifter som tillkommer efter att du klickat p\u00e5 \"Forts\u00e4tt\".<\/span><\/p>\n<h4><span class=\"ez-toc-section\" id=\"Other_Options\"><\/span><span style=\"font-weight: 400;\">Andra alternativ<\/span><span class=\"ez-toc-section-end\"><\/span><\/h4>\n<p><span style=\"font-weight: 400;\">Som du kan se finns det ocks\u00e5 en \"K\u00f6p Crypto\" -knapp p\u00e5 \"Ins\u00e4ttning\" -menyn. Om du inte vill s\u00e4tta in fiatvaluta p\u00e5 ditt konto kan du anv\u00e4nda funktionen \"K\u00f6p Crypto\" f\u00f6r att k\u00f6pa Litecoin och andra digitala tillg\u00e5ngar p\u00e5 Binance.<\/span><\/p>\n<p><span style=\"font-weight: 400;\">N\u00e4r du klickar p\u00e5 \"K\u00f6p krypto\" kommer du att omdirigeras till Binance:s \"Easy Buy\"-sida. H\u00e4r kan du l\u00e4gga till ett Mastercard- eller Visa-kredit- \/ betalkort till ditt konto och k\u00f6pa krypto.<\/span><\/p>\n<p><span style=\"font-weight: 400;\">Att k\u00f6pa krypto med kort \u00e4r i allm\u00e4nhet dyrare \u00e4n att s\u00e4tta in via ditt kort. Du betalar en behandlingsavgift samt \"Easy Buy\"-avgiften f\u00f6r ditt k\u00f6p.\u00a0<\/span><\/p>\n<p><span style=\"font-weight: 400;\">Vi kommer att se mer om denna metod i n\u00e4sta steg.<\/span><\/p>\n<h3><span class=\"ez-toc-section\" id=\"4_Navigate_to_the_Relevant_Screen_to_Buy\"><\/span><span style=\"font-weight: 400;\">4. Navigera till den relevanta sk\u00e4rmen f\u00f6r att k\u00f6pa<\/span><span class=\"ez-toc-section-end\"><\/span><\/h3>\n<p><span style=\"font-weight: 400;\">Du kan k\u00f6pa Litecoin p\u00e5 Binance via spotmarknaden, Binance Convert eller via \"3 Step Buy\".\u00a0<\/span><\/p>\n<p><span style=\"font-weight: 400;\">Du kan bara anv\u00e4nda Binance Convert eller Spot Market f\u00f6r att k\u00f6pa Litecoin om du redan har kryptotillg\u00e5ngar p\u00e5 Binance.<\/span><\/p>\n<p><span style=\"font-weight: 400;\">L\u00e5t oss b\u00f6rja med \"Easy Buy\".<\/span><\/p>\n<p><span style=\"font-weight: 400;\">Klicka p\u00e5 fliken \"K\u00f6p krypto\" p\u00e5 din instrumentpanel. Fyll i best\u00e4llningsformul\u00e4ret genom att ange det belopp du vill spendera i kolumnen \"Spend\". V\u00e4lj betalningsvaluta.<\/span><\/p>\n<p><span style=\"font-weight: 400;\">S\u00e4tt kolumnen \"Receive\" till LTC.<\/span><\/p>\n<p><img loading=\"lazy\" decoding=\"async\" class=\"alignnone wp-image-3249 size-full\" src=\"https:\/\/coinkickoff.com\/wp-content\/uploads\/binance-buy-sell-crypto.png\" alt=\"\" width=\"1056\" height=\"642\" srcset=\"https:\/\/coinkickoff.com\/wp-content\/uploads\/binance-buy-sell-crypto.png 1056w, https:\/\/coinkickoff.com\/wp-content\/uploads\/binance-buy-sell-crypto-300x182.png 300w, https:\/\/coinkickoff.com\/wp-content\/uploads\/binance-buy-sell-crypto-1024x623.png 1024w, https:\/\/coinkickoff.com\/wp-content\/uploads\/binance-buy-sell-crypto-768x467.png 768w, https:\/\/coinkickoff.com\/wp-content\/uploads\/binance-buy-sell-crypto-18x12.png 18w\" sizes=\"auto, (max-width: 1056px) 100vw, 1056px\" \/><\/p>\n<p><span style=\"font-weight: 400;\">Den uppskattade m\u00e4ngden LTC du kommer att f\u00e5 f\u00f6r dina pengar visas p\u00e5 den h\u00e4r sidan. Klicka p\u00e5 \"K\u00f6p LTC\" f\u00f6r att forts\u00e4tta.<\/span><\/p>\n<p><span style=\"font-weight: 400;\">Du m\u00e5ste v\u00e4lja en betalningsmetod: Om du har gjort en fiat-ins\u00e4ttning v\u00e4ljer du ditt fiat-konto som betalningsmetod. Om du inte har gjort en ins\u00e4ttning klickar du p\u00e5 \"L\u00e4gg till nytt kort\".<\/span><\/p>\n<p><span style=\"font-weight: 400;\">Ange dina kortuppgifter och adressuppgifter. Kortet m\u00e5ste vara i ditt namn, annars g\u00e5r transaktionen inte igenom.\u00a0<\/span><\/p>\n<p><span style=\"font-weight: 400;\">Du kommer att se de ber\u00e4knade priserna innan du slutf\u00f6r ditt k\u00f6p. Vanligtvis tillkommer en 2%-avgift f\u00f6r kreditkortsk\u00f6p. N\u00e4r du klickar p\u00e5 \"Bekr\u00e4fta\" kommer din best\u00e4llning att behandlas och dina tillg\u00e5ngar kommer att visas i din pl\u00e5nbok.<\/span><\/p>\n<h4><span class=\"ez-toc-section\" id=\"Binance_Convert\"><\/span><span style=\"font-weight: 400;\">Binance Konvertera<\/span><span class=\"ez-toc-section-end\"><\/span><\/h4>\n<p><span style=\"font-weight: 400;\">Om du deponerade en kryptovaluta (till exempel USDT, <a href=\"https:\/\/coinkickoff.com\/sv\/bitcoin-btc\/\" data-internallinksmanager029f6b8e52c=\"1\" title=\"Vad \u00e4r Bitcoin (BTC)? Pris, historia och var man kan k\u00f6pa\">BTC<\/a>, eller <a href=\"https:\/\/coinkickoff.com\/sv\/ethereum-eth\/\" data-internallinksmanager029f6b8e52c=\"2\" title=\"Vad \u00e4r Ethereum (ETH)? Pris, historia och var man kan k\u00f6pa\">ETH<\/a>) till Binance, kan du byta dina tillg\u00e5ngar mot Litceoin genom Binance Convert.<\/span><\/p>\n<p><span style=\"font-weight: 400;\">Klicka p\u00e5 fliken \"Trade\" p\u00e5 din instrumentpanel och g\u00e5 till \"Binance Convert\".<\/span><\/p>\n<p><img loading=\"lazy\" decoding=\"async\" class=\"alignnone wp-image-4152 size-full\" src=\"https:\/\/coinkickoff.com\/wp-content\/uploads\/binance-convert-1.png\" alt=\"\" width=\"1342\" height=\"385\" srcset=\"https:\/\/coinkickoff.com\/wp-content\/uploads\/binance-convert-1.png 1342w, https:\/\/coinkickoff.com\/wp-content\/uploads\/binance-convert-1-300x86.png 300w, https:\/\/coinkickoff.com\/wp-content\/uploads\/binance-convert-1-1024x294.png 1024w, https:\/\/coinkickoff.com\/wp-content\/uploads\/binance-convert-1-768x220.png 768w, https:\/\/coinkickoff.com\/wp-content\/uploads\/binance-convert-1-18x5.png 18w\" sizes=\"auto, (max-width: 1342px) 100vw, 1342px\" \/><\/p>\n<p><span style=\"font-weight: 400;\">Denna funktion \u00e4r \"Easy Buy\" av kryptotransaktioner eftersom allt du beh\u00f6ver g\u00f6ra \u00e4r att fylla i det extremt grundl\u00e4ggande best\u00e4llningsformul\u00e4ret. V\u00e4lj de tillg\u00e5ngar du vill byta och ange det belopp du vill byta mot LTC.<\/span><\/p>\n<p><img loading=\"lazy\" decoding=\"async\" class=\"alignnone wp-image-4153 size-full\" src=\"https:\/\/coinkickoff.com\/wp-content\/uploads\/binance-convert-1-1.png\" alt=\"\" width=\"1136\" height=\"563\" srcset=\"https:\/\/coinkickoff.com\/wp-content\/uploads\/binance-convert-1-1.png 1136w, https:\/\/coinkickoff.com\/wp-content\/uploads\/binance-convert-1-1-300x149.png 300w, https:\/\/coinkickoff.com\/wp-content\/uploads\/binance-convert-1-1-1024x507.png 1024w, https:\/\/coinkickoff.com\/wp-content\/uploads\/binance-convert-1-1-768x381.png 768w, https:\/\/coinkickoff.com\/wp-content\/uploads\/binance-convert-1-1-18x9.png 18w\" sizes=\"auto, (max-width: 1136px) 100vw, 1136px\" \/><\/p>\n<p><span style=\"font-weight: 400;\">Som du kan gissa \u00e4r detta mycket bekv\u00e4mare \u00e4n spotmarknaden. Binance Convert l\u00e5ter dig till och med placera limitordrar (genom att s\u00e4tta ditt eget pris).\u00a0<\/span><\/p>\n<p><span style=\"font-weight: 400;\">T\u00e4nk dock p\u00e5 att \u00e4ven om Binance Convert marknadsf\u00f6rs som \"kostnadsfri\" s\u00e5 tillkommer dolda avgifter. N\u00e4r du k\u00f6per (eller s\u00e4ljer) en kryptovaluta p\u00e5 Binance Convert betalar du en spreadavgift (cirka 2%). Du kan hitta b\u00e4ttre priser p\u00e5 Binance:s spotmarknad.\u00a0<\/span><\/p>\n<p><span style=\"font-weight: 400;\">P\u00e5 n\u00e4sta sk\u00e4rm kan du kontrollera priserna och m\u00e4ngden LTC du kommer att f\u00e5.<\/span><\/p>\n<p><span style=\"font-weight: 400;\">N\u00e4r du klickar p\u00e5 \"Konvertera\" utf\u00f6rs din order omedelbart (limiterade order kan ta en stund innan de behandlas). Dina tillg\u00e5ngar kommer att deponeras i din Binance-pl\u00e5nbok.\u00a0<\/span><\/p>\n<p><span style=\"font-weight: 400;\">Om du gillade v\u00e5r guide \"Hur man k\u00f6per Litecoin p\u00e5 Binance\", kanske du ocks\u00e5 gillar v\u00e5r <a href=\"https:\/\/coinkickoff.com\/sv\/bitcoin-vs-litecoin\/\">coin j\u00e4mf\u00f6relser<\/a> och <a href=\"https:\/\/coinkickoff.com\/sv\/crypto-exchanges\/\">utv\u00e4rderingar av utbyten<\/a> ocks\u00e5!<\/span><\/p>","protected":false},"excerpt":{"rendered":"<p>Hur man k\u00f6per Litecoin p\u00e5 Binance Det \u00e4r extremt enkelt att k\u00f6pa Litecoin p\u00e5 Binance, oavsett om du vill k\u00f6pa LTC med fiatvalutor eller kryptovalutor. I den h\u00e4r artikeln guidar vi dig genom varje steg. T\u00e4nk dock p\u00e5 att om du \u00e4r baserad i USA (och andra regioner d\u00e4r Binance \u00e4r f\u00f6rbjudet) m\u00e5ste du [...]<\/p>","protected":false},"author":3,"featured_media":0,"parent":4392,"menu_order":0,"comment_status":"closed","ping_status":"closed","template":"","meta":{"_genesis_hide_title":false,"_genesis_hide_breadcrumbs":false,"_genesis_hide_singular_image":false,"_genesis_hide_footer_widgets":false,"_genesis_custom_body_class":"","_genesis_custom_post_class":"","_genesis_layout":"","_glsr_average":0,"_glsr_ranking":0,"_glsr_reviews":0,"footnotes":""},"class_list":{"0":"post-4397","1":"page","2":"type-page","3":"status-publish","5":"entry"},"featured_image_src":null,"featured_image_src_square":null,"_links":{"self":[{"href":"https:\/\/coinkickoff.com\/sv\/wp-json\/wp\/v2\/pages\/4397","targetHints":{"allow":["GET"]}}],"collection":[{"href":"https:\/\/coinkickoff.com\/sv\/wp-json\/wp\/v2\/pages"}],"about":[{"href":"https:\/\/coinkickoff.com\/sv\/wp-json\/wp\/v2\/types\/page"}],"author":[{"embeddable":true,"href":"https:\/\/coinkickoff.com\/sv\/wp-json\/wp\/v2\/users\/3"}],"replies":[{"embeddable":true,"href":"https:\/\/coinkickoff.com\/sv\/wp-json\/wp\/v2\/comments?post=4397"}],"version-history":[{"count":1,"href":"https:\/\/coinkickoff.com\/sv\/wp-json\/wp\/v2\/pages\/4397\/revisions"}],"predecessor-version":[{"id":4398,"href":"https:\/\/coinkickoff.com\/sv\/wp-json\/wp\/v2\/pages\/4397\/revisions\/4398"}],"up":[{"embeddable":true,"href":"https:\/\/coinkickoff.com\/sv\/wp-json\/wp\/v2\/pages\/4392"}],"wp:attachment":[{"href":"https:\/\/coinkickoff.com\/sv\/wp-json\/wp\/v2\/media?parent=4397"}],"curies":[{"name":"wp","href":"https:\/\/api.w.org\/{rel}","templated":true}]}}