{"id":4242,"date":"2026-01-08T14:07:09","date_gmt":"2026-01-08T14:07:09","guid":{"rendered":"https:\/\/coinkickoff.com\/?page_id=4242"},"modified":"2026-01-08T14:07:09","modified_gmt":"2026-01-08T14:07:09","slug":"how-to-buy-polkadot-on-huobi","status":"publish","type":"page","link":"https:\/\/coinkickoff.com\/sv\/how-to-buy-polkadot\/how-to-buy-polkadot-on-huobi\/","title":{"rendered":"Hur man k\u00f6per Polkadot p\u00e5 HTX"},"content":{"rendered":"<div id=\"ez-toc-container\" class=\"ez-toc-v2_0_80 counter-hierarchy ez-toc-counter ez-toc-transparent ez-toc-container-direction\">\n<div class=\"ez-toc-title-container\">\n<p class=\"ez-toc-title\" style=\"cursor:inherit\">Avsnitt<\/p>\n<span class=\"ez-toc-title-toggle\"><a href=\"#\" class=\"ez-toc-pull-right ez-toc-btn ez-toc-btn-xs ez-toc-btn-default ez-toc-toggle\" aria-label=\"V\u00e4xla till inneh\u00e5llsf\u00f6rteckning\"><span class=\"ez-toc-js-icon-con\"><span class=\"\"><span class=\"eztoc-hide\" style=\"display:none;\">V\u00e4xel<\/span><span class=\"ez-toc-icon-toggle-span\"><svg style=\"fill: #999;color:#999\" xmlns=\"http:\/\/www.w3.org\/2000\/svg\" class=\"list-377408\" width=\"20px\" height=\"20px\" viewbox=\"0 0 24 24\" fill=\"none\"><path d=\"M6 6H4v2h2V6zm14 0H8v2h12V6zM4 11h2v2H4v-2zm16 0H8v2h12v-2zM4 16h2v2H4v-2zm16 0H8v2h12v-2z\" fill=\"currentColor\"><\/path><\/svg><svg style=\"fill: #999;color:#999\" class=\"arrow-unsorted-368013\" xmlns=\"http:\/\/www.w3.org\/2000\/svg\" width=\"10px\" height=\"10px\" viewbox=\"0 0 24 24\" version=\"1.2\" baseprofile=\"tiny\"><path d=\"M18.2 9.3l-6.2-6.3-6.2 6.3c-.2.2-.3.4-.3.7s.1.5.3.7c.2.2.4.3.7.3h11c.3 0 .5-.1.7-.3.2-.2.3-.5.3-.7s-.1-.5-.3-.7zM5.8 14.7l6.2 6.3 6.2-6.3c.2-.2.3-.5.3-.7s-.1-.5-.3-.7c-.2-.2-.4-.3-.7-.3h-11c-.3 0-.5.1-.7.3-.2.2-.3.5-.3.7s.1.5.3.7z\"\/><\/svg><\/span><\/span><\/span><\/a><\/span><\/div>\n<nav><ul class='ez-toc-list ez-toc-list-level-1 eztoc-toggle-hide-by-default' ><li class='ez-toc-page-1 ez-toc-heading-level-2'><a class=\"ez-toc-link ez-toc-heading-1\" href=\"https:\/\/coinkickoff.com\/sv\/how-to-buy-polkadot\/how-to-buy-polkadot-on-huobi\/#How_to_Buy_Polkadot_on_HTX\" >Hur man k\u00f6per Polkadot p\u00e5 HTX<\/a><ul class='ez-toc-list-level-3' ><li class='ez-toc-heading-level-3'><a class=\"ez-toc-link ez-toc-heading-2\" href=\"https:\/\/coinkickoff.com\/sv\/how-to-buy-polkadot\/how-to-buy-polkadot-on-huobi\/#1_Register_an_Account_on_HTX\" >1. Registrera ett konto p\u00e5 HTX<\/a><\/li><li class='ez-toc-page-1 ez-toc-heading-level-3'><a class=\"ez-toc-link ez-toc-heading-3\" href=\"https:\/\/coinkickoff.com\/sv\/how-to-buy-polkadot\/how-to-buy-polkadot-on-huobi\/#2_Get_Verified_on_HTX\" >2. Bli verifierad p\u00e5 HTX<\/a><\/li><li class='ez-toc-page-1 ez-toc-heading-level-3'><a class=\"ez-toc-link ez-toc-heading-4\" href=\"https:\/\/coinkickoff.com\/sv\/how-to-buy-polkadot\/how-to-buy-polkadot-on-huobi\/#3_Deposit_FundsCrypto\" >3. Ins\u00e4ttning av medel\/krypto<\/a><\/li><li class='ez-toc-page-1 ez-toc-heading-level-3'><a class=\"ez-toc-link ez-toc-heading-5\" href=\"https:\/\/coinkickoff.com\/sv\/how-to-buy-polkadot\/how-to-buy-polkadot-on-huobi\/#4_Navigate_to_the_Relevant_Screen_to_Buy\" >4. Navigera till den relevanta sk\u00e4rmen f\u00f6r att k\u00f6pa<\/a><\/li><\/ul><\/li><\/ul><\/nav><\/div>\n<h2><span class=\"ez-toc-section\" id=\"How_to_Buy_Polkadot_on_HTX\"><\/span><span style=\"font-weight: 400;\">Hur man k\u00f6per Polkadot p\u00e5 HTX<\/span><span class=\"ez-toc-section-end\"><\/span><\/h2>\n<p><span style=\"font-weight: 400;\">Idag ska vi hj\u00e4lpa dig att l\u00e4ra dig hur du k\u00f6per <a href=\"https:\/\/coinkickoff.com\/sv\/polkadot-dot\/\" data-internallinksmanager029f6b8e52c=\"12\" title=\"Vad \u00e4r Polkadot (DOT)? Hur fungerar det och var kan man k\u00f6pa det?\">Polkadot<\/a> p\u00e5 <a href=\"https:\/\/coinkickoff.com\/sv\/huobi-review\/\" data-internallinksmanager029f6b8e52c=\"172\" title=\"HTX recensioner 2023: Avgifter, funktioner, s\u00e4kerhet, f\u00f6rdelar och nackdelar\">HTX<\/a>. Men innan vi b\u00f6rjar kanske du vill ta en titt p\u00e5 v\u00e5r <\/span><a href=\"https:\/\/coinkickoff.com\/sv\/huobi-review\/\"><span style=\"font-weight: 400;\">HTX granskning<\/span><\/a><span style=\"font-weight: 400;\"> f\u00f6r att l\u00e4ra dig mer om b\u00f6rsen. HTX \u00e4r k\u00e4nt f\u00f6r sin <\/span><a href=\"https:\/\/protos.com\/tag\/huobi\/\" target=\"_blank\" rel=\"noopener\"><span style=\"font-weight: 400;\">mystiska l\u00e4nkar till Justin Sun<\/span><\/a><span style=\"font-weight: 400;\">, en kontroversiell figur i kryptoekosystemet.<\/span><\/p>\n<p><span style=\"font-weight: 400;\">S\u00e5 h\u00e4r k\u00f6per du Polkadot p\u00e5 HTX.<\/span><\/p>\n<h3><span class=\"ez-toc-section\" id=\"1_Register_an_Account_on_HTX\"><\/span><span style=\"font-weight: 400;\">1. Registrera ett konto p\u00e5 HTX<\/span><span class=\"ez-toc-section-end\"><\/span><\/h3>\n<p><span style=\"font-weight: 400;\">G\u00e5 till <\/span><a href=\"https:\/\/www.huobi.com\/en-us\/v\/register\/double-invite\/?inviter_id=11345710&amp;amp;invite_code=znsn6223\" target=\"_blank\" rel=\"noopener\"><span style=\"font-weight: 400;\">HTX<\/span><\/a><span style=\"font-weight: 400;\"> webbplats och registrera dig f\u00f6r ett konto.<\/span><\/p>\n<p><img loading=\"lazy\" decoding=\"async\" class=\"alignnone wp-image-3561 size-full\" src=\"https:\/\/coinkickoff.com\/wp-content\/uploads\/Screen-Shot-2023-04-10-at-6.39.38-AM-e1686311283917.png\" alt=\"hur man k\u00f6per dogecoin p\u00e5 huobi\" width=\"1335\" height=\"777\" srcset=\"https:\/\/coinkickoff.com\/wp-content\/uploads\/Screen-Shot-2023-04-10-at-6.39.38-AM-e1686311283917.png 1335w, https:\/\/coinkickoff.com\/wp-content\/uploads\/Screen-Shot-2023-04-10-at-6.39.38-AM-e1686311283917-300x175.png 300w, https:\/\/coinkickoff.com\/wp-content\/uploads\/Screen-Shot-2023-04-10-at-6.39.38-AM-e1686311283917-1024x596.png 1024w, https:\/\/coinkickoff.com\/wp-content\/uploads\/Screen-Shot-2023-04-10-at-6.39.38-AM-e1686311283917-768x447.png 768w, https:\/\/coinkickoff.com\/wp-content\/uploads\/Screen-Shot-2023-04-10-at-6.39.38-AM-e1686311283917-18x10.png 18w\" sizes=\"auto, (max-width: 1335px) 100vw, 1335px\" \/><\/p>\n<h3><span class=\"ez-toc-section\" id=\"2_Get_Verified_on_HTX\"><\/span><span style=\"font-weight: 400;\">2. Bli verifierad p\u00e5 HTX<\/span><span class=\"ez-toc-section-end\"><\/span><\/h3>\n<p><span style=\"font-weight: 400;\">V\u00e4lj profilsymbolen p\u00e5 instrumentpanelen och tryck p\u00e5 \"<\/span><a href=\"https:\/\/www.huobi.com\/en-us\/kyc\/t3\/?app_id=b3Rj5Z&amp;source=1\" target=\"_blank\" rel=\"noopener\"><span style=\"font-weight: 400;\">Verifiering<\/span><\/a><span style=\"font-weight: 400;\">.\"<\/span><\/p>\n<p><img loading=\"lazy\" decoding=\"async\" class=\"alignnone wp-image-3859 size-full\" src=\"https:\/\/coinkickoff.com\/wp-content\/uploads\/huobi3.png\" alt=\"\" width=\"920\" height=\"500\" srcset=\"https:\/\/coinkickoff.com\/wp-content\/uploads\/huobi3.png 920w, https:\/\/coinkickoff.com\/wp-content\/uploads\/huobi3-300x163.png 300w, https:\/\/coinkickoff.com\/wp-content\/uploads\/huobi3-768x417.png 768w, https:\/\/coinkickoff.com\/wp-content\/uploads\/huobi3-18x10.png 18w\" sizes=\"auto, (max-width: 920px) 100vw, 920px\" \/><\/p>\n<p><span style=\"font-weight: 400;\">HTX har ett verifieringssystem i tre steg. Du m\u00e5ste v\u00e4lja ditt land, ladda upp ett giltigt ID och klara ansiktsverifiering.<\/span><\/p>\n<p><img loading=\"lazy\" decoding=\"async\" class=\"alignnone wp-image-3860 size-full\" src=\"https:\/\/coinkickoff.com\/wp-content\/uploads\/huobi4.png\" alt=\"\" width=\"324\" height=\"297\" srcset=\"https:\/\/coinkickoff.com\/wp-content\/uploads\/huobi4.png 324w, https:\/\/coinkickoff.com\/wp-content\/uploads\/huobi4-300x275.png 300w, https:\/\/coinkickoff.com\/wp-content\/uploads\/huobi4-13x12.png 13w\" sizes=\"auto, (max-width: 324px) 100vw, 324px\" \/><\/p>\n<p><span style=\"font-weight: 400;\">Vilka ID-handlingar som godtas varierar fr\u00e5n land till land. V\u00e4lj det land d\u00e4r du \u00e4r bosatt och f\u00f6rbered den ID-handling som kr\u00e4vs.<\/span><\/p>\n<p><img loading=\"lazy\" decoding=\"async\" class=\"alignnone wp-image-3861 size-full\" src=\"https:\/\/coinkickoff.com\/wp-content\/uploads\/huobi5.png\" alt=\"\" width=\"352\" height=\"312\" srcset=\"https:\/\/coinkickoff.com\/wp-content\/uploads\/huobi5.png 352w, https:\/\/coinkickoff.com\/wp-content\/uploads\/huobi5-300x266.png 300w, https:\/\/coinkickoff.com\/wp-content\/uploads\/huobi5-14x12.png 14w\" sizes=\"auto, (max-width: 352px) 100vw, 352px\" \/><\/p>\n<p><span style=\"font-weight: 400;\">N\u00e4r du har laddat upp ditt ID \u00e4r allt du beh\u00f6ver g\u00f6ra att klara ansiktsverifiering. Du kan enkelt slutf\u00f6ra detta steg p\u00e5 n\u00e5gra minuter om du har en fungerande webbkamera.\u00a0<\/span><\/p>\n<p><span style=\"font-weight: 400;\">N\u00e4r du \u00e4r verifierad har du r\u00e4tt att anv\u00e4nda fiatvalutor f\u00f6r att k\u00f6pa kryptotillg\u00e5ngar p\u00e5 HTX. Du kanske vill \u00f6ka din verifieringsniv\u00e5 f\u00f6r att f\u00e5 tillg\u00e5ng till avancerade handelsfunktioner, men det \u00e4r inte obligatoriskt.<\/span><\/p>\n<p><img loading=\"lazy\" decoding=\"async\" class=\"alignnone wp-image-3863 size-full\" src=\"https:\/\/coinkickoff.com\/wp-content\/uploads\/huobi7.png\" alt=\"\" width=\"935\" height=\"984\" srcset=\"https:\/\/coinkickoff.com\/wp-content\/uploads\/huobi7.png 935w, https:\/\/coinkickoff.com\/wp-content\/uploads\/huobi7-285x300.png 285w, https:\/\/coinkickoff.com\/wp-content\/uploads\/huobi7-768x808.png 768w, https:\/\/coinkickoff.com\/wp-content\/uploads\/huobi7-11x12.png 11w\" sizes=\"auto, (max-width: 935px) 100vw, 935px\" \/><\/p>\n<h3><span class=\"ez-toc-section\" id=\"3_Deposit_FundsCrypto\"><\/span><span style=\"font-weight: 400;\">3. Ins\u00e4ttning av medel\/krypto<\/span><span class=\"ez-toc-section-end\"><\/span><\/h3>\n<p><span style=\"font-weight: 400;\">F\u00f6r att g\u00f6ra en ins\u00e4ttning, g\u00e5 till fliken \"Saldon\". D\u00e4r ser du en \u00f6versikt \u00f6ver dina tillg\u00e5ngar. Anv\u00e4nd menyn p\u00e5 v\u00e4nster sida av sk\u00e4rmen f\u00f6r att v\u00e4lja \"V\u00e4xling\".<\/span><\/p>\n<p><span style=\"font-weight: 400;\">Den h\u00e4r sidan visar saldot p\u00e5 ditt HTX-v\u00e4xelkonto och erbjuder en lista \u00f6ver tillg\u00e5ngar som HTX st\u00f6der.\u00a0<\/span><\/p>\n<p><span style=\"font-weight: 400;\">Du kan s\u00e4tta in krypto- eller fiatvalutor p\u00e5 ditt konto via den h\u00e4r sidan. S\u00f6k efter den tillg\u00e5ng du vill \u00f6verf\u00f6ra och klicka p\u00e5 \"S\u00e4tt in\".<\/span><\/p>\n<p><img loading=\"lazy\" decoding=\"async\" class=\"alignnone wp-image-3867 size-full\" src=\"https:\/\/coinkickoff.com\/wp-content\/uploads\/huobideposit1-1.png\" alt=\"\" width=\"1326\" height=\"555\" srcset=\"https:\/\/coinkickoff.com\/wp-content\/uploads\/huobideposit1-1.png 1326w, https:\/\/coinkickoff.com\/wp-content\/uploads\/huobideposit1-1-300x126.png 300w, https:\/\/coinkickoff.com\/wp-content\/uploads\/huobideposit1-1-1024x429.png 1024w, https:\/\/coinkickoff.com\/wp-content\/uploads\/huobideposit1-1-768x321.png 768w, https:\/\/coinkickoff.com\/wp-content\/uploads\/huobideposit1-1-18x8.png 18w\" sizes=\"auto, (max-width: 1326px) 100vw, 1326px\" \/><\/p>\n<p><span style=\"font-weight: 400;\">Om du vill g\u00f6ra en kontantins\u00e4ttning \u00e4r allt du beh\u00f6ver g\u00f6ra att v\u00e4lja en valuta och en betalningsmetod.<\/span><\/p>\n<p><img loading=\"lazy\" decoding=\"async\" class=\"alignnone wp-image-3866 size-full\" src=\"https:\/\/coinkickoff.com\/wp-content\/uploads\/huobideposit2.png\" alt=\"\" width=\"589\" height=\"582\" srcset=\"https:\/\/coinkickoff.com\/wp-content\/uploads\/huobideposit2.png 589w, https:\/\/coinkickoff.com\/wp-content\/uploads\/huobideposit2-300x296.png 300w, https:\/\/coinkickoff.com\/wp-content\/uploads\/huobideposit2-12x12.png 12w, https:\/\/coinkickoff.com\/wp-content\/uploads\/huobideposit2-80x80.png 80w\" sizes=\"auto, (max-width: 589px) 100vw, 589px\" \/><\/p>\n<p><span style=\"font-weight: 400;\">Observera att du endast kan g\u00f6ra en ins\u00e4ttning fr\u00e5n ett bankkonto i ditt namn.<\/span><\/p>\n<p><img loading=\"lazy\" decoding=\"async\" class=\"alignnone wp-image-3870 size-full\" src=\"https:\/\/coinkickoff.com\/wp-content\/uploads\/huobdeposit3-2.png\" alt=\"\" width=\"997\" height=\"613\" srcset=\"https:\/\/coinkickoff.com\/wp-content\/uploads\/huobdeposit3-2.png 997w, https:\/\/coinkickoff.com\/wp-content\/uploads\/huobdeposit3-2-300x184.png 300w, https:\/\/coinkickoff.com\/wp-content\/uploads\/huobdeposit3-2-768x472.png 768w, https:\/\/coinkickoff.com\/wp-content\/uploads\/huobdeposit3-2-18x12.png 18w\" sizes=\"auto, (max-width: 997px) 100vw, 997px\" \/><\/p>\n<p><span style=\"font-weight: 400;\">Klicka p\u00e5 \"Bekr\u00e4fta\" f\u00f6r att slutf\u00f6ra din ins\u00e4ttning.<\/span><\/p>\n<p><span style=\"font-weight: 400;\">Om du vill s\u00e4tta in en kryptovaluta \u00e4r stegen desamma. Hitta din digitala tillg\u00e5ng i listan och klicka p\u00e5 \"Ins\u00e4ttning\".<\/span><\/p>\n<p><span style=\"font-weight: 400;\">Ist\u00e4llet f\u00f6r ett ins\u00e4ttningsformul\u00e4r f\u00e5r du en ins\u00e4ttningsadress f\u00f6r den aktuella valutan. Du kan anv\u00e4nda den h\u00e4r adressen f\u00f6r att skicka din kryptovaluta till <a href=\"https:\/\/coinkickoff.com\/sv\/kucoin-review\/\" data-internallinksmanager029f6b8e52c=\"153\" title=\"KuCoin Recensioner 2023: Avgifter, s\u00e4kerhet, f\u00f6r och nackdelar\">Kucoin<\/a>.<\/span><\/p>\n<h3><span class=\"ez-toc-section\" id=\"4_Navigate_to_the_Relevant_Screen_to_Buy\"><\/span><span style=\"font-weight: 400;\">4. Navigera till den relevanta sk\u00e4rmen f\u00f6r att k\u00f6pa<\/span><span class=\"ez-toc-section-end\"><\/span><\/h3>\n<p><span style=\"font-weight: 400;\">Oavsett om du har satt in fiat- eller kryptovalutor p\u00e5 ditt konto kan du handla dem f\u00f6r Polkadot p\u00e5 spotmarknaden.<\/span><\/p>\n<p><span style=\"font-weight: 400;\">F\u00f6r att b\u00f6rja, v\u00e4lj \"Spot Trading\" fr\u00e5n menyn \"Trade\".<\/span><\/p>\n<figure id=\"attachment_3563\" aria-describedby=\"caption-attachment-3563\" style=\"width: 1411px\" class=\"wp-caption alignnone\"><img loading=\"lazy\" decoding=\"async\" class=\"wp-image-3563 size-full\" src=\"https:\/\/coinkickoff.com\/wp-content\/uploads\/Screen-Shot-2023-04-10-at-7.24.48-AM-e1683782590693.png\" alt=\"hur man k\u00f6per shiba inu p\u00e5 huobi hur man k\u00f6per polkadot p\u00e5 huobi\" width=\"1411\" height=\"737\" srcset=\"https:\/\/coinkickoff.com\/wp-content\/uploads\/Screen-Shot-2023-04-10-at-7.24.48-AM-e1683782590693.png 1411w, https:\/\/coinkickoff.com\/wp-content\/uploads\/Screen-Shot-2023-04-10-at-7.24.48-AM-e1683782590693-300x157.png 300w, https:\/\/coinkickoff.com\/wp-content\/uploads\/Screen-Shot-2023-04-10-at-7.24.48-AM-e1683782590693-1024x535.png 1024w, https:\/\/coinkickoff.com\/wp-content\/uploads\/Screen-Shot-2023-04-10-at-7.24.48-AM-e1683782590693-768x401.png 768w, https:\/\/coinkickoff.com\/wp-content\/uploads\/Screen-Shot-2023-04-10-at-7.24.48-AM-e1683782590693-18x9.png 18w\" sizes=\"auto, (max-width: 1411px) 100vw, 1411px\" \/><figcaption id=\"caption-attachment-3563\" class=\"wp-caption-text\">HTX<\/figcaption><\/figure>\n<p><span style=\"font-weight: 400;\">Du kommer att se en lista \u00f6ver alla tillg\u00e4ngliga handelspar p\u00e5 v\u00e4nster sida av sidan. Eftersom du vill k\u00f6pa DOT \u00e4r v\u00e5rt f\u00f6rsta m\u00e5l att se vilka valutor du kan handla f\u00f6r DOT.<\/span><\/p>\n<p><span style=\"font-weight: 400;\">Tack och lov finns det en praktisk s\u00f6kruta h\u00e4r. Skriv \"DOT\" i s\u00f6krutan, s\u00e5 kan du se alla tillg\u00e4ngliga parningar.<\/span><\/p>\n<p><span style=\"font-weight: 400;\">Om det finns ett handelspar f\u00f6r en valuta du h\u00e5ller \u00e4r ditt jobb enkelt. L\u00e5t oss s\u00e4ga att du satte in 100 euro p\u00e5 plattformen. Om det finns ett DOT\/EUR-par kan du klicka p\u00e5 det och bl\u00e4ddra ner f\u00f6r att placera en order.<\/span><\/p>\n<p><span style=\"font-weight: 400;\">Det \u00e4r samma sak f\u00f6r alla andra valutapar. Om du till exempel har <a href=\"https:\/\/coinkickoff.com\/sv\/tether-usdt\/\" data-internallinksmanager029f6b8e52c=\"3\" title=\"Vad \u00e4r Tether (USDT)? Hur det fungerar och var man kan k\u00f6pa det?\">USDT<\/a>kan du klicka p\u00e5 USDT\/DOR-parningen f\u00f6r att g\u00f6ra ett k\u00f6p.<\/span><\/p>\n<p><span style=\"font-weight: 400;\">Det blir lite komplicerat om du har en valuta som inte g\u00e5r att para med DOT. Om s\u00e5 \u00e4r fallet m\u00e5ste du byta dina tillg\u00e5ngar mot en kryptovaluta som paras med DOT. I dessa situationer \u00e4r USDT alltid ett s\u00e4kert kort, men du kan f\u00f6rs\u00e4kra dig om det genom att g\u00e5 igenom de tillg\u00e4ngliga parningarna.<\/span><\/p>\n<p><span style=\"font-weight: 400;\">N\u00e4r du har hittat r\u00e4tt par scrollar du ned\u00e5t f\u00f6r att se best\u00e4llningsformul\u00e4ret. H\u00e4r kan du l\u00e4gga en ink\u00f6psorder genom att fylla i formul\u00e4ret.<\/span><\/p>\n<p><img loading=\"lazy\" decoding=\"async\" class=\"alignnone wp-image-3916 size-full\" src=\"https:\/\/coinkickoff.com\/wp-content\/uploads\/huobi-buy-e1690369656886.png\" alt=\"hur man k\u00f6per bitcoin p\u00e5 huobi\" width=\"1438\" height=\"737\" srcset=\"https:\/\/coinkickoff.com\/wp-content\/uploads\/huobi-buy-e1690369656886.png 1438w, https:\/\/coinkickoff.com\/wp-content\/uploads\/huobi-buy-e1690369656886-300x154.png 300w, https:\/\/coinkickoff.com\/wp-content\/uploads\/huobi-buy-e1690369656886-1024x525.png 1024w, https:\/\/coinkickoff.com\/wp-content\/uploads\/huobi-buy-e1690369656886-768x394.png 768w, https:\/\/coinkickoff.com\/wp-content\/uploads\/huobi-buy-e1690369656886-18x9.png 18w\" sizes=\"auto, (max-width: 1438px) 100vw, 1438px\" \/><\/p>\n<p><span style=\"font-weight: 400;\">Du kommer att ha tv\u00e5 alternativ: Du kan antingen l\u00e4gga en marknadsorder eller en limitorder. Med en marknadsorder ger HTX dig det b\u00e4sta tillg\u00e4ngliga priset f\u00f6r Polkadot, och din order utf\u00f6rs ganska snabbt.<\/span><\/p>\n<p><span style=\"font-weight: 400;\">Om du l\u00e4gger en limiterad order kan du best\u00e4mma vilket pris du vill betala f\u00f6r DOT. Din order kommer att verkst\u00e4llas n\u00e4r en annan person l\u00e4gger en s\u00e4ljorder som matchar ditt pris.<\/span><\/p>\n<p><img loading=\"lazy\" decoding=\"async\" class=\"alignnone wp-image-3917 size-full\" src=\"https:\/\/coinkickoff.com\/wp-content\/uploads\/huobi-buy2-e1690369675505.png\" alt=\"Hur man k\u00f6per Ethereum p\u00e5 HTX\" width=\"1438\" height=\"777\" srcset=\"https:\/\/coinkickoff.com\/wp-content\/uploads\/huobi-buy2-e1690369675505.png 1438w, https:\/\/coinkickoff.com\/wp-content\/uploads\/huobi-buy2-e1690369675505-300x162.png 300w, https:\/\/coinkickoff.com\/wp-content\/uploads\/huobi-buy2-e1690369675505-1024x553.png 1024w, https:\/\/coinkickoff.com\/wp-content\/uploads\/huobi-buy2-e1690369675505-768x415.png 768w, https:\/\/coinkickoff.com\/wp-content\/uploads\/huobi-buy2-e1690369675505-18x10.png 18w\" sizes=\"auto, (max-width: 1438px) 100vw, 1438px\" \/><\/p>\n<p><span style=\"font-weight: 400;\">Klicka p\u00e5 \"K\u00f6p DOT\", s\u00e5 \u00e4r du klar!<\/span><\/p>\n<p><span style=\"font-weight: 400;\">Om du gillade v\u00e5r guide \"Hur man k\u00f6per Polkadot p\u00e5 HTX\" kan du ocks\u00e5 njuta av <a href=\"https:\/\/coinkickoff.com\/sv\/crypto-exchanges\/\">exchnage recensioner<\/a> och guider!<\/span><\/p>","protected":false},"excerpt":{"rendered":"<p>Hur man k\u00f6per Polkadot p\u00e5 HTX Idag ska vi hj\u00e4lpa dig att l\u00e4ra dig hur man k\u00f6per Polkadot p\u00e5 HTX. Men innan vi b\u00f6rjar kanske du vill ta en titt p\u00e5 v\u00e5r HTX-recension f\u00f6r att l\u00e4ra dig mer om b\u00f6rsen. HTX \u00e4r k\u00e4nt f\u00f6r sina mystiska l\u00e4nkar till Justin Sun, en kontroversiell figur i [...]<\/p>","protected":false},"author":3,"featured_media":0,"parent":4215,"menu_order":0,"comment_status":"closed","ping_status":"closed","template":"","meta":{"_genesis_hide_title":false,"_genesis_hide_breadcrumbs":false,"_genesis_hide_singular_image":false,"_genesis_hide_footer_widgets":false,"_genesis_custom_body_class":"","_genesis_custom_post_class":"","_genesis_layout":"","_glsr_average":0,"_glsr_ranking":0,"_glsr_reviews":0,"footnotes":""},"class_list":{"0":"post-4242","1":"page","2":"type-page","3":"status-publish","5":"entry"},"featured_image_src":null,"featured_image_src_square":null,"_links":{"self":[{"href":"https:\/\/coinkickoff.com\/sv\/wp-json\/wp\/v2\/pages\/4242","targetHints":{"allow":["GET"]}}],"collection":[{"href":"https:\/\/coinkickoff.com\/sv\/wp-json\/wp\/v2\/pages"}],"about":[{"href":"https:\/\/coinkickoff.com\/sv\/wp-json\/wp\/v2\/types\/page"}],"author":[{"embeddable":true,"href":"https:\/\/coinkickoff.com\/sv\/wp-json\/wp\/v2\/users\/3"}],"replies":[{"embeddable":true,"href":"https:\/\/coinkickoff.com\/sv\/wp-json\/wp\/v2\/comments?post=4242"}],"version-history":[{"count":2,"href":"https:\/\/coinkickoff.com\/sv\/wp-json\/wp\/v2\/pages\/4242\/revisions"}],"predecessor-version":[{"id":4244,"href":"https:\/\/coinkickoff.com\/sv\/wp-json\/wp\/v2\/pages\/4242\/revisions\/4244"}],"up":[{"embeddable":true,"href":"https:\/\/coinkickoff.com\/sv\/wp-json\/wp\/v2\/pages\/4215"}],"wp:attachment":[{"href":"https:\/\/coinkickoff.com\/sv\/wp-json\/wp\/v2\/media?parent=4242"}],"curies":[{"name":"wp","href":"https:\/\/api.w.org\/{rel}","templated":true}]}}