{"id":4232,"date":"2026-01-08T14:07:07","date_gmt":"2026-01-08T14:07:07","guid":{"rendered":"https:\/\/coinkickoff.com\/?page_id=4232"},"modified":"2026-01-08T14:07:07","modified_gmt":"2026-01-08T14:07:07","slug":"how-to-buy-polkadot-on-coinbase","status":"publish","type":"page","link":"https:\/\/coinkickoff.com\/sv\/how-to-buy-polkadot\/how-to-buy-polkadot-on-coinbase\/","title":{"rendered":"Hur man k\u00f6per Polkadot p\u00e5 Coinbase"},"content":{"rendered":"<div id=\"ez-toc-container\" class=\"ez-toc-v2_0_80 counter-hierarchy ez-toc-counter ez-toc-transparent ez-toc-container-direction\">\n<div class=\"ez-toc-title-container\">\n<p class=\"ez-toc-title\" style=\"cursor:inherit\">Avsnitt<\/p>\n<span class=\"ez-toc-title-toggle\"><a href=\"#\" class=\"ez-toc-pull-right ez-toc-btn ez-toc-btn-xs ez-toc-btn-default ez-toc-toggle\" aria-label=\"V\u00e4xla till inneh\u00e5llsf\u00f6rteckning\"><span class=\"ez-toc-js-icon-con\"><span class=\"\"><span class=\"eztoc-hide\" style=\"display:none;\">V\u00e4xel<\/span><span class=\"ez-toc-icon-toggle-span\"><svg style=\"fill: #999;color:#999\" xmlns=\"http:\/\/www.w3.org\/2000\/svg\" class=\"list-377408\" width=\"20px\" height=\"20px\" viewbox=\"0 0 24 24\" fill=\"none\"><path d=\"M6 6H4v2h2V6zm14 0H8v2h12V6zM4 11h2v2H4v-2zm16 0H8v2h12v-2zM4 16h2v2H4v-2zm16 0H8v2h12v-2z\" fill=\"currentColor\"><\/path><\/svg><svg style=\"fill: #999;color:#999\" class=\"arrow-unsorted-368013\" xmlns=\"http:\/\/www.w3.org\/2000\/svg\" width=\"10px\" height=\"10px\" viewbox=\"0 0 24 24\" version=\"1.2\" baseprofile=\"tiny\"><path d=\"M18.2 9.3l-6.2-6.3-6.2 6.3c-.2.2-.3.4-.3.7s.1.5.3.7c.2.2.4.3.7.3h11c.3 0 .5-.1.7-.3.2-.2.3-.5.3-.7s-.1-.5-.3-.7zM5.8 14.7l6.2 6.3 6.2-6.3c.2-.2.3-.5.3-.7s-.1-.5-.3-.7c-.2-.2-.4-.3-.7-.3h-11c-.3 0-.5.1-.7.3-.2.2-.3.5-.3.7s.1.5.3.7z\"\/><\/svg><\/span><\/span><\/span><\/a><\/span><\/div>\n<nav><ul class='ez-toc-list ez-toc-list-level-1 eztoc-toggle-hide-by-default' ><li class='ez-toc-page-1 ez-toc-heading-level-2'><a class=\"ez-toc-link ez-toc-heading-1\" href=\"https:\/\/coinkickoff.com\/sv\/how-to-buy-polkadot\/how-to-buy-polkadot-on-coinbase\/#How_to_Buy_Polkadot_on_Coinbase\" >Hur man k\u00f6per Polkadot p\u00e5 Coinbase<\/a><\/li><li class='ez-toc-page-1 ez-toc-heading-level-2'><a class=\"ez-toc-link ez-toc-heading-2\" href=\"https:\/\/coinkickoff.com\/sv\/how-to-buy-polkadot\/how-to-buy-polkadot-on-coinbase\/#A_Step-By-Step_Guide_on_How_to_Buy_Polkadot_on_Coinbase\" >En steg-f\u00f6r-steg-guide om hur du k\u00f6per Polkadot p\u00e5 Coinbase<\/a><ul class='ez-toc-list-level-3' ><li class='ez-toc-heading-level-3'><a class=\"ez-toc-link ez-toc-heading-3\" href=\"https:\/\/coinkickoff.com\/sv\/how-to-buy-polkadot\/how-to-buy-polkadot-on-coinbase\/#1_Register_an_Account\" >1. Registrera ett konto<\/a><\/li><li class='ez-toc-page-1 ez-toc-heading-level-3'><a class=\"ez-toc-link ez-toc-heading-4\" href=\"https:\/\/coinkickoff.com\/sv\/how-to-buy-polkadot\/how-to-buy-polkadot-on-coinbase\/#2_Verify_Your_Account\" >2. Verifiera ditt konto<\/a><\/li><li class='ez-toc-page-1 ez-toc-heading-level-3'><a class=\"ez-toc-link ez-toc-heading-5\" href=\"https:\/\/coinkickoff.com\/sv\/how-to-buy-polkadot\/how-to-buy-polkadot-on-coinbase\/#3_Add_a_Payment_Method\" >3. L\u00e4gg till en betalningsmetod<\/a><\/li><li class='ez-toc-page-1 ez-toc-heading-level-3'><a class=\"ez-toc-link ez-toc-heading-6\" href=\"https:\/\/coinkickoff.com\/sv\/how-to-buy-polkadot\/how-to-buy-polkadot-on-coinbase\/#4_Navigate_to_the_Relevant_Screen_to_Buy\" >4. Navigera till den relevanta sk\u00e4rmen f\u00f6r att k\u00f6pa<\/a><\/li><\/ul><\/li><\/ul><\/nav><\/div>\n<h2><span class=\"ez-toc-section\" id=\"How_to_Buy_Polkadot_on_Coinbase\"><\/span><span style=\"font-weight: 400;\">Hur man k\u00f6per Polkadot p\u00e5 Coinbase<\/span><span class=\"ez-toc-section-end\"><\/span><\/h2>\n<p><span style=\"font-weight: 400;\">L\u00e5t oss se hur man k\u00f6per <a href=\"https:\/\/coinkickoff.com\/sv\/polkadot-dot\/\" data-internallinksmanager029f6b8e52c=\"12\" title=\"Vad \u00e4r Polkadot (DOT)? Hur fungerar det och var kan man k\u00f6pa det?\">Polkadot<\/a> p\u00e5 <\/span><a href=\"https:\/\/coinkickoff.com\/sv\/coinbase-review\/\"><span style=\"font-weight: 400;\">Coinbase<\/span><\/a><span style=\"font-weight: 400;\"> med fiatvalutor.<\/span><\/p>\n<h2><span class=\"ez-toc-section\" id=\"A_Step-By-Step_Guide_on_How_to_Buy_Polkadot_on_Coinbase\"><\/span><span style=\"font-weight: 400;\">En steg-f\u00f6r-steg-guide om hur du k\u00f6per Polkadot p\u00e5 Coinbase<\/span><span class=\"ez-toc-section-end\"><\/span><\/h2>\n<h3><span class=\"ez-toc-section\" id=\"1_Register_an_Account\"><\/span><span style=\"font-weight: 400;\">1. Registrera ett konto<\/span><span class=\"ez-toc-section-end\"><\/span><\/h3>\n<p><img loading=\"lazy\" decoding=\"async\" class=\"alignnone wp-image-3527 size-large\" src=\"https:\/\/coinkickoff.com\/wp-content\/uploads\/Screen-Shot-2023-03-30-at-7.13.25-AM-e1686183370122-1024x538.png\" alt=\"\" width=\"1024\" height=\"538\" srcset=\"https:\/\/coinkickoff.com\/wp-content\/uploads\/Screen-Shot-2023-03-30-at-7.13.25-AM-e1686183370122-1024x538.png 1024w, https:\/\/coinkickoff.com\/wp-content\/uploads\/Screen-Shot-2023-03-30-at-7.13.25-AM-e1686183370122-300x158.png 300w, https:\/\/coinkickoff.com\/wp-content\/uploads\/Screen-Shot-2023-03-30-at-7.13.25-AM-e1686183370122-768x404.png 768w, https:\/\/coinkickoff.com\/wp-content\/uploads\/Screen-Shot-2023-03-30-at-7.13.25-AM-e1686183370122-18x9.png 18w, https:\/\/coinkickoff.com\/wp-content\/uploads\/Screen-Shot-2023-03-30-at-7.13.25-AM-e1686183370122.png 1277w\" sizes=\"auto, (max-width: 1024px) 100vw, 1024px\" \/><\/p>\n<p><span style=\"font-weight: 400;\">F\u00f6lj v\u00e5r l\u00e4nk till <\/span><a href=\"https:\/\/coinbase-consumer.sjv.io\/ORPoaG\" target=\"_blank\" rel=\"noopener\"><span style=\"font-weight: 400;\">Coinbase<\/span><\/a><span style=\"font-weight: 400;\"> och registrera dig f\u00f6r ett konto. <\/span><span style=\"font-weight: 400;\">Ange ditt f\u00f6rnamn, efternamn och e-postadress f\u00f6r att registrera dig.\u00a0<\/span><\/p>\n<h3><span class=\"ez-toc-section\" id=\"2_Verify_Your_Account\"><\/span><span style=\"font-weight: 400;\">2. Verifiera ditt konto<\/span><span class=\"ez-toc-section-end\"><\/span><\/h3>\n<p><span style=\"font-weight: 400;\">Du kan inte k\u00f6pa eller handla p\u00e5 <a href=\"https:\/\/coinkickoff.com\/sv\/coinbase-review\/\" data-internallinksmanager029f6b8e52c=\"142\" title=\"Coinbase recensioner 2024: Funktioner, avgifter, s\u00e4kerhet, f\u00f6r- och nackdelar\">Coinbase<\/a> utan verifiering. Efter inloggning klickar du p\u00e5 \"Verifiera ditt ID\".<\/span><\/p>\n<p><img loading=\"lazy\" decoding=\"async\" class=\"alignnone wp-image-3526 size-large\" src=\"https:\/\/coinkickoff.com\/wp-content\/uploads\/Screen-Shot-2023-03-30-at-6.16.20-AM-e1683779340546-1024x470.png\" alt=\"\" width=\"1024\" height=\"470\" srcset=\"https:\/\/coinkickoff.com\/wp-content\/uploads\/Screen-Shot-2023-03-30-at-6.16.20-AM-e1683779340546-1024x470.png 1024w, https:\/\/coinkickoff.com\/wp-content\/uploads\/Screen-Shot-2023-03-30-at-6.16.20-AM-e1683779340546-300x138.png 300w, https:\/\/coinkickoff.com\/wp-content\/uploads\/Screen-Shot-2023-03-30-at-6.16.20-AM-e1683779340546-768x352.png 768w, https:\/\/coinkickoff.com\/wp-content\/uploads\/Screen-Shot-2023-03-30-at-6.16.20-AM-e1683779340546-18x8.png 18w, https:\/\/coinkickoff.com\/wp-content\/uploads\/Screen-Shot-2023-03-30-at-6.16.20-AM-e1683779340546.png 1389w\" sizes=\"auto, (max-width: 1024px) 100vw, 1024px\" \/><\/p>\n<p><span style=\"font-weight: 400;\">Fyll i formul\u00e4ret f\u00f6r ID-verifiering och klicka p\u00e5 Forts\u00e4tt. Dina personuppgifter m\u00e5ste st\u00e4mma \u00f6verens med ditt ID f\u00f6r att verifieringen ska lyckas.<\/span><\/p>\n<p><img loading=\"lazy\" decoding=\"async\" class=\"alignnone wp-image-3525 size-full\" src=\"https:\/\/coinkickoff.com\/wp-content\/uploads\/Screen-Shot-2023-03-30-at-6.15.03-AM-e1683779367919.png\" alt=\"\" width=\"1436\" height=\"806\" srcset=\"https:\/\/coinkickoff.com\/wp-content\/uploads\/Screen-Shot-2023-03-30-at-6.15.03-AM-e1683779367919.png 1436w, https:\/\/coinkickoff.com\/wp-content\/uploads\/Screen-Shot-2023-03-30-at-6.15.03-AM-e1683779367919-300x168.png 300w, https:\/\/coinkickoff.com\/wp-content\/uploads\/Screen-Shot-2023-03-30-at-6.15.03-AM-e1683779367919-1024x575.png 1024w, https:\/\/coinkickoff.com\/wp-content\/uploads\/Screen-Shot-2023-03-30-at-6.15.03-AM-e1683779367919-768x431.png 768w, https:\/\/coinkickoff.com\/wp-content\/uploads\/Screen-Shot-2023-03-30-at-6.15.03-AM-e1683779367919-18x10.png 18w, https:\/\/coinkickoff.com\/wp-content\/uploads\/Screen-Shot-2023-03-30-at-6.15.03-AM-e1683779367919-600x338.png 600w\" sizes=\"auto, (max-width: 1436px) 100vw, 1436px\" \/><\/p>\n<p><span style=\"font-weight: 400;\">Slutligen ska du skicka in en officiell ID-handling som k\u00f6rkort eller pass. N\u00e4r du har verifierats kan du l\u00e4gga till betalningsmetoder eller s\u00e4tta in kryptovalutor p\u00e5 ditt konto.<\/span><\/p>\n<h3><span class=\"ez-toc-section\" id=\"3_Add_a_Payment_Method\"><\/span><span style=\"font-weight: 400;\">3. L\u00e4gg till en betalningsmetod<\/span><span class=\"ez-toc-section-end\"><\/span><\/h3>\n<p><span style=\"font-weight: 400;\">Klicka p\u00e5 din profil-logotyp f\u00f6r att komma till sidan \"Inst\u00e4llningar\". <\/span><\/p>\n<p><img loading=\"lazy\" decoding=\"async\" class=\"alignnone wp-image-3521 size-full\" src=\"https:\/\/coinkickoff.com\/wp-content\/uploads\/Screen-Shot-2023-03-29-at-10.44.01-PM-e1683779393247.png\" alt=\"\" width=\"1396\" height=\"673\" srcset=\"https:\/\/coinkickoff.com\/wp-content\/uploads\/Screen-Shot-2023-03-29-at-10.44.01-PM-e1683779393247.png 1396w, https:\/\/coinkickoff.com\/wp-content\/uploads\/Screen-Shot-2023-03-29-at-10.44.01-PM-e1683779393247-300x145.png 300w, https:\/\/coinkickoff.com\/wp-content\/uploads\/Screen-Shot-2023-03-29-at-10.44.01-PM-e1683779393247-1024x494.png 1024w, https:\/\/coinkickoff.com\/wp-content\/uploads\/Screen-Shot-2023-03-29-at-10.44.01-PM-e1683779393247-768x370.png 768w, https:\/\/coinkickoff.com\/wp-content\/uploads\/Screen-Shot-2023-03-29-at-10.44.01-PM-e1683779393247-18x9.png 18w\" sizes=\"auto, (max-width: 1396px) 100vw, 1396px\" \/><\/p>\n<p><span style=\"font-weight: 400;\">V\u00e4lj \"Betalningsmetoder\".<\/span><\/p>\n<p><img loading=\"lazy\" decoding=\"async\" class=\"alignnone wp-image-3522 size-full\" src=\"https:\/\/coinkickoff.com\/wp-content\/uploads\/Screen-Shot-2023-03-29-at-10.44.08-PM-e1683779417928.png\" alt=\"\" width=\"1414\" height=\"719\" srcset=\"https:\/\/coinkickoff.com\/wp-content\/uploads\/Screen-Shot-2023-03-29-at-10.44.08-PM-e1683779417928.png 1414w, https:\/\/coinkickoff.com\/wp-content\/uploads\/Screen-Shot-2023-03-29-at-10.44.08-PM-e1683779417928-300x153.png 300w, https:\/\/coinkickoff.com\/wp-content\/uploads\/Screen-Shot-2023-03-29-at-10.44.08-PM-e1683779417928-1024x521.png 1024w, https:\/\/coinkickoff.com\/wp-content\/uploads\/Screen-Shot-2023-03-29-at-10.44.08-PM-e1683779417928-768x391.png 768w, https:\/\/coinkickoff.com\/wp-content\/uploads\/Screen-Shot-2023-03-29-at-10.44.08-PM-e1683779417928-18x9.png 18w\" sizes=\"auto, (max-width: 1414px) 100vw, 1414px\" \/><\/p>\n<p><span style=\"font-weight: 400;\">Klicka p\u00e5 knappen \"L\u00e4gg till en betalningsmetod\".<\/span><\/p>\n<p><img loading=\"lazy\" decoding=\"async\" class=\"alignnone wp-image-3523 size-full\" src=\"https:\/\/coinkickoff.com\/wp-content\/uploads\/Screen-Shot-2023-03-29-at-10.44.22-PM-e1683779442560.png\" alt=\"\" width=\"1403\" height=\"737\" srcset=\"https:\/\/coinkickoff.com\/wp-content\/uploads\/Screen-Shot-2023-03-29-at-10.44.22-PM-e1683779442560.png 1403w, https:\/\/coinkickoff.com\/wp-content\/uploads\/Screen-Shot-2023-03-29-at-10.44.22-PM-e1683779442560-300x158.png 300w, https:\/\/coinkickoff.com\/wp-content\/uploads\/Screen-Shot-2023-03-29-at-10.44.22-PM-e1683779442560-1024x538.png 1024w, https:\/\/coinkickoff.com\/wp-content\/uploads\/Screen-Shot-2023-03-29-at-10.44.22-PM-e1683779442560-768x403.png 768w, https:\/\/coinkickoff.com\/wp-content\/uploads\/Screen-Shot-2023-03-29-at-10.44.22-PM-e1683779442560-18x9.png 18w\" sizes=\"auto, (max-width: 1403px) 100vw, 1403px\" \/><\/p>\n<p><span style=\"font-weight: 400;\">V\u00e4lj \"Kredit- och betalkort\". Du kan ocks\u00e5 l\u00e4gga till ett online-bankkonto f\u00f6r bankins\u00e4ttningar.<\/span><\/p>\n<p><span style=\"font-weight: 400;\">Bankins\u00e4ttningar \u00e4r billigare \u00e4n kreditkortsk\u00f6p, men det kan ta n\u00e5gra dagar innan de g\u00e5r igenom. Om du \u00e4r beredd att v\u00e4nta klickar du p\u00e5 \"Bankins\u00e4ttning\" och f\u00f6ljer instruktionerna p\u00e5 sk\u00e4rmen.\u00a0<\/span><\/p>\n<p><span style=\"font-weight: 400;\">F\u00f6r omedelbara k\u00f6p, klicka p\u00e5 \"L\u00e4gg till ett kort\" och ange dina kortuppgifter.<\/span><\/p>\n<p><img loading=\"lazy\" decoding=\"async\" class=\"alignnone wp-image-3524 size-full\" src=\"https:\/\/coinkickoff.com\/wp-content\/uploads\/Screen-Shot-2023-03-29-at-10.44.29-PM-e1683779464552.png\" alt=\"\" width=\"1407\" height=\"730\" srcset=\"https:\/\/coinkickoff.com\/wp-content\/uploads\/Screen-Shot-2023-03-29-at-10.44.29-PM-e1683779464552.png 1407w, https:\/\/coinkickoff.com\/wp-content\/uploads\/Screen-Shot-2023-03-29-at-10.44.29-PM-e1683779464552-300x156.png 300w, https:\/\/coinkickoff.com\/wp-content\/uploads\/Screen-Shot-2023-03-29-at-10.44.29-PM-e1683779464552-1024x531.png 1024w, https:\/\/coinkickoff.com\/wp-content\/uploads\/Screen-Shot-2023-03-29-at-10.44.29-PM-e1683779464552-768x398.png 768w, https:\/\/coinkickoff.com\/wp-content\/uploads\/Screen-Shot-2023-03-29-at-10.44.29-PM-e1683779464552-18x9.png 18w\" sizes=\"auto, (max-width: 1407px) 100vw, 1407px\" \/><\/p>\n<p><span style=\"font-weight: 400;\">N\u00e4r du har lagt till ett kort kan du anv\u00e4nda det f\u00f6r att k\u00f6pa krypto p\u00e5 Coinbases \"Instant Buy\"-funktion.<\/span><\/p>\n<h3><span class=\"ez-toc-section\" id=\"4_Navigate_to_the_Relevant_Screen_to_Buy\"><\/span><span style=\"font-weight: 400;\">4. Navigera till den relevanta sk\u00e4rmen f\u00f6r att k\u00f6pa<\/span><span class=\"ez-toc-section-end\"><\/span><\/h3>\n<p><span style=\"font-weight: 400;\">Klicka p\u00e5 \"K\u00f6p och s\u00e4lj\" p\u00e5 din startsida. <\/span><\/p>\n<p><img loading=\"lazy\" decoding=\"async\" class=\"alignnone wp-image-3811 size-full\" src=\"https:\/\/coinkickoff.com\/wp-content\/uploads\/Screen-Shot-2023-06-08-at-3.20.32-AM-1-e1686183860887.png\" alt=\"hur man k\u00f6per cardano p\u00e5 coinbase hur man k\u00f6per polkadot p\u00e5 coinbase\" width=\"1440\" height=\"900\" \/><\/p>\n<p><span style=\"font-weight: 400;\">V\u00e4lj Polkadot (DOT) och en betalningsmetod p\u00e5 formul\u00e4ret f\u00f6r omedelbar best\u00e4llning. \u00d6verst anger du det belopp du vill investera.<\/span><\/p>\n<p><span style=\"font-weight: 400;\">N\u00e4r du klickar p\u00e5 \"F\u00f6rhandsgranska k\u00f6p\" visar Coinbase detaljerna f\u00f6r ditt k\u00f6p, inklusive hur mycket Polkadot du kommer att f\u00e5. <\/span><\/p>\n<p><img loading=\"lazy\" decoding=\"async\" class=\"alignnone wp-image-3519 size-full\" src=\"https:\/\/coinkickoff.com\/wp-content\/uploads\/Screen-Shot-2023-03-29-at-10.39.23-PM-e1683779487708.png\" alt=\"Hur man k\u00f6per Polygon p\u00e5 Coinbase\" width=\"1439\" height=\"763\" srcset=\"https:\/\/coinkickoff.com\/wp-content\/uploads\/Screen-Shot-2023-03-29-at-10.39.23-PM-e1683779487708.png 1439w, https:\/\/coinkickoff.com\/wp-content\/uploads\/Screen-Shot-2023-03-29-at-10.39.23-PM-e1683779487708-300x159.png 300w, https:\/\/coinkickoff.com\/wp-content\/uploads\/Screen-Shot-2023-03-29-at-10.39.23-PM-e1683779487708-1024x543.png 1024w, https:\/\/coinkickoff.com\/wp-content\/uploads\/Screen-Shot-2023-03-29-at-10.39.23-PM-e1683779487708-768x407.png 768w, https:\/\/coinkickoff.com\/wp-content\/uploads\/Screen-Shot-2023-03-29-at-10.39.23-PM-e1683779487708-18x10.png 18w\" sizes=\"auto, (max-width: 1439px) 100vw, 1439px\" \/><\/p>\n<p><span style=\"font-weight: 400;\">Klicka p\u00e5 \"K\u00f6p nu\" f\u00f6r att slutf\u00f6ra transaktionen. Din Polkadot kommer att dyka upp i din pl\u00e5nbok.<\/span><\/p>\n<p><span style=\"font-weight: 400;\">Och det \u00e4r hur man k\u00f6per Polkadot p\u00e5 Coinbase! Du kanske ocks\u00e5 gillar v\u00e5r <a href=\"https:\/\/coinkickoff.com\/sv\/crypto-exchanges\/\">utv\u00e4rderingar av utbyten<\/a> och guider om hur man k\u00f6per andra valutor som <a href=\"https:\/\/coinkickoff.com\/sv\/how-to-buy-polygon\/\">MATIC<\/a>, <a href=\"https:\/\/coinkickoff.com\/sv\/how-to-buy-ethereum\/\">ETH<\/a>, och <a href=\"https:\/\/coinkickoff.com\/sv\/how-to-buy-bitcoin\/\">BTC<\/a>.<\/span><\/p>","protected":false},"excerpt":{"rendered":"<p>Hur man k\u00f6per Polkadot p\u00e5 Coinbase L\u00e5t oss se hur man k\u00f6per Polkadot p\u00e5 Coinbase med fiatvalutor. En steg-f\u00f6r-steg-guide om hur man k\u00f6per Polkadot p\u00e5 Coinbase 1. Registrera ett konto F\u00f6lj v\u00e5r l\u00e4nk till Coinbase och registrera dig f\u00f6r ett konto. Ange ditt f\u00f6rnamn, efternamn och e-postadress f\u00f6r att registrera dig.  2. [...]<\/p>","protected":false},"author":3,"featured_media":0,"parent":4215,"menu_order":0,"comment_status":"closed","ping_status":"closed","template":"","meta":{"_genesis_hide_title":false,"_genesis_hide_breadcrumbs":false,"_genesis_hide_singular_image":false,"_genesis_hide_footer_widgets":false,"_genesis_custom_body_class":"","_genesis_custom_post_class":"","_genesis_layout":"","_glsr_average":0,"_glsr_ranking":0,"_glsr_reviews":0,"footnotes":""},"class_list":{"0":"post-4232","1":"page","2":"type-page","3":"status-publish","5":"entry"},"featured_image_src":null,"featured_image_src_square":null,"_links":{"self":[{"href":"https:\/\/coinkickoff.com\/sv\/wp-json\/wp\/v2\/pages\/4232","targetHints":{"allow":["GET"]}}],"collection":[{"href":"https:\/\/coinkickoff.com\/sv\/wp-json\/wp\/v2\/pages"}],"about":[{"href":"https:\/\/coinkickoff.com\/sv\/wp-json\/wp\/v2\/types\/page"}],"author":[{"embeddable":true,"href":"https:\/\/coinkickoff.com\/sv\/wp-json\/wp\/v2\/users\/3"}],"replies":[{"embeddable":true,"href":"https:\/\/coinkickoff.com\/sv\/wp-json\/wp\/v2\/comments?post=4232"}],"version-history":[{"count":2,"href":"https:\/\/coinkickoff.com\/sv\/wp-json\/wp\/v2\/pages\/4232\/revisions"}],"predecessor-version":[{"id":4234,"href":"https:\/\/coinkickoff.com\/sv\/wp-json\/wp\/v2\/pages\/4232\/revisions\/4234"}],"up":[{"embeddable":true,"href":"https:\/\/coinkickoff.com\/sv\/wp-json\/wp\/v2\/pages\/4215"}],"wp:attachment":[{"href":"https:\/\/coinkickoff.com\/sv\/wp-json\/wp\/v2\/media?parent=4232"}],"curies":[{"name":"wp","href":"https:\/\/api.w.org\/{rel}","templated":true}]}}