{"id":4172,"date":"2026-01-08T14:07:22","date_gmt":"2026-01-08T14:07:22","guid":{"rendered":"https:\/\/coinkickoff.com\/?page_id=4172"},"modified":"2026-01-08T14:07:22","modified_gmt":"2026-01-08T14:07:22","slug":"__trashed","status":"publish","type":"page","link":"https:\/\/coinkickoff.com\/sv\/how-to-buy-ethereum\/__trashed\/","title":{"rendered":"Hur man k\u00f6per Ethereum p\u00e5 Bitfinex"},"content":{"rendered":"<div id=\"ez-toc-container\" class=\"ez-toc-v2_0_80 counter-hierarchy ez-toc-counter ez-toc-transparent ez-toc-container-direction\">\n<div class=\"ez-toc-title-container\">\n<p class=\"ez-toc-title\" style=\"cursor:inherit\">Avsnitt<\/p>\n<span class=\"ez-toc-title-toggle\"><a href=\"#\" class=\"ez-toc-pull-right ez-toc-btn ez-toc-btn-xs ez-toc-btn-default ez-toc-toggle\" aria-label=\"V\u00e4xla till inneh\u00e5llsf\u00f6rteckning\"><span class=\"ez-toc-js-icon-con\"><span class=\"\"><span class=\"eztoc-hide\" style=\"display:none;\">V\u00e4xel<\/span><span class=\"ez-toc-icon-toggle-span\"><svg style=\"fill: #999;color:#999\" xmlns=\"http:\/\/www.w3.org\/2000\/svg\" class=\"list-377408\" width=\"20px\" height=\"20px\" viewbox=\"0 0 24 24\" fill=\"none\"><path d=\"M6 6H4v2h2V6zm14 0H8v2h12V6zM4 11h2v2H4v-2zm16 0H8v2h12v-2zM4 16h2v2H4v-2zm16 0H8v2h12v-2z\" fill=\"currentColor\"><\/path><\/svg><svg style=\"fill: #999;color:#999\" class=\"arrow-unsorted-368013\" xmlns=\"http:\/\/www.w3.org\/2000\/svg\" width=\"10px\" height=\"10px\" viewbox=\"0 0 24 24\" version=\"1.2\" baseprofile=\"tiny\"><path d=\"M18.2 9.3l-6.2-6.3-6.2 6.3c-.2.2-.3.4-.3.7s.1.5.3.7c.2.2.4.3.7.3h11c.3 0 .5-.1.7-.3.2-.2.3-.5.3-.7s-.1-.5-.3-.7zM5.8 14.7l6.2 6.3 6.2-6.3c.2-.2.3-.5.3-.7s-.1-.5-.3-.7c-.2-.2-.4-.3-.7-.3h-11c-.3 0-.5.1-.7.3-.2.2-.3.5-.3.7s.1.5.3.7z\"\/><\/svg><\/span><\/span><\/span><\/a><\/span><\/div>\n<nav><ul class='ez-toc-list ez-toc-list-level-1 eztoc-toggle-hide-by-default' ><li class='ez-toc-page-1 ez-toc-heading-level-1'><a class=\"ez-toc-link ez-toc-heading-1\" href=\"https:\/\/coinkickoff.com\/sv\/how-to-buy-ethereum\/__trashed\/#How_to_Buy_Ethereum_on_Bitfinex\" >Hur man k\u00f6per Ethereum p\u00e5 Bitfinex<\/a><ul class='ez-toc-list-level-2' ><li class='ez-toc-heading-level-2'><a class=\"ez-toc-link ez-toc-heading-2\" href=\"https:\/\/coinkickoff.com\/sv\/how-to-buy-ethereum\/__trashed\/#A_Step-By-Step_Guide_on_How_to_Buy_Ethereum_on_Bitfinex\" >En steg-f\u00f6r-steg-guide om hur man k\u00f6per Ethereum p\u00e5 Bitfinex<\/a><ul class='ez-toc-list-level-3' ><li class='ez-toc-heading-level-3'><a class=\"ez-toc-link ez-toc-heading-3\" href=\"https:\/\/coinkickoff.com\/sv\/how-to-buy-ethereum\/__trashed\/#1_Register_an_Account_on_Bitfinex\" >1. Registrera ett konto p\u00e5 Bitfinex<\/a><\/li><li class='ez-toc-page-1 ez-toc-heading-level-3'><a class=\"ez-toc-link ez-toc-heading-4\" href=\"https:\/\/coinkickoff.com\/sv\/how-to-buy-ethereum\/__trashed\/#2_Get_Verified_on_Bitfinex\" >2. Bli verifierad p\u00e5 Bitfinex<\/a><\/li><li class='ez-toc-page-1 ez-toc-heading-level-3'><a class=\"ez-toc-link ez-toc-heading-5\" href=\"https:\/\/coinkickoff.com\/sv\/how-to-buy-ethereum\/__trashed\/#3_Deposit_FundsCrypto\" >3. Ins\u00e4ttning av medel\/krypto<\/a><\/li><li class='ez-toc-page-1 ez-toc-heading-level-3'><a class=\"ez-toc-link ez-toc-heading-6\" href=\"https:\/\/coinkickoff.com\/sv\/how-to-buy-ethereum\/__trashed\/#4_Navigate_to_the_Relevant_Screen_to_Buy\" >4. Navigera till den relevanta sk\u00e4rmen f\u00f6r att k\u00f6pa<\/a><\/li><\/ul><\/li><\/ul><\/li><\/ul><\/nav><\/div>\n<h1><span class=\"ez-toc-section\" id=\"How_to_Buy_Ethereum_on_Bitfinex\"><\/span><span style=\"font-weight: 400;\">Hur man k\u00f6per Ethereum p\u00e5 Bitfinex<\/span><span class=\"ez-toc-section-end\"><\/span><\/h1>\n<p><span style=\"font-weight: 400;\">Vill du k\u00f6pa <a href=\"https:\/\/coinkickoff.com\/sv\/ethereum-eth\/\" data-internallinksmanager029f6b8e52c=\"2\" title=\"Vad \u00e4r Ethereum (ETH)? Pris, historia och var man kan k\u00f6pa\">Ethereum<\/a> p\u00e5 <a href=\"https:\/\/coinkickoff.com\/sv\/bitfinex-review\/\">Bitfinex<\/a>? Vi har precis r\u00e4tt guide f\u00f6r dig med steg-f\u00f6r-steg-instruktioner. S\u00e5 h\u00e4r k\u00f6per du Ethereum p\u00e5 <a href=\"https:\/\/coinkickoff.com\/sv\/bitfinex-review\/\" data-internallinksmanager029f6b8e52c=\"151\" title=\"Bitfinex recensioner 2023: Avgifter, funktioner, s\u00e4kerhet, f\u00f6rdelar och nackdelar\">Bitfinex<\/a>.<\/span><\/p>\n<h2><span class=\"ez-toc-section\" id=\"A_Step-By-Step_Guide_on_How_to_Buy_Ethereum_on_Bitfinex\"><\/span><span style=\"font-weight: 400;\">En steg-f\u00f6r-steg-guide om hur man k\u00f6per Ethereum p\u00e5 Bitfinex<\/span><span class=\"ez-toc-section-end\"><\/span><\/h2>\n<h3><span class=\"ez-toc-section\" id=\"1_Register_an_Account_on_Bitfinex\"><\/span><span style=\"font-weight: 400;\">1. Registrera ett konto p\u00e5 Bitfinex<\/span><span class=\"ez-toc-section-end\"><\/span><\/h3>\n<p><span style=\"font-weight: 400;\">Till att b\u00f6rja med beh\u00f6ver du en <\/span><a href=\"https:\/\/www.bitfinex.com\/sign-up?refcode=kjCYk-CZD\" target=\"_blank\" rel=\"noopener\"><span style=\"font-weight: 400;\">Bitfinex-konto.<\/span><\/a><\/p>\n<p><img loading=\"lazy\" decoding=\"async\" class=\"alignnone wp-image-3138 size-full\" src=\"https:\/\/coinkickoff.com\/wp-content\/uploads\/bitfinex-exchange.jpg\" alt=\"Bitfinex Exchange Hur man k\u00f6per Ethereum p\u00e5 Bitfinex\" width=\"1876\" height=\"916\" srcset=\"https:\/\/coinkickoff.com\/wp-content\/uploads\/bitfinex-exchange.jpg 1876w, https:\/\/coinkickoff.com\/wp-content\/uploads\/bitfinex-exchange-300x146.jpg 300w, https:\/\/coinkickoff.com\/wp-content\/uploads\/bitfinex-exchange-1024x500.jpg 1024w, https:\/\/coinkickoff.com\/wp-content\/uploads\/bitfinex-exchange-768x375.jpg 768w, https:\/\/coinkickoff.com\/wp-content\/uploads\/bitfinex-exchange-1536x750.jpg 1536w, https:\/\/coinkickoff.com\/wp-content\/uploads\/bitfinex-exchange-18x9.jpg 18w\" sizes=\"auto, (max-width: 1876px) 100vw, 1876px\" \/><\/p>\n<p><span style=\"font-weight: 400;\">N\u00e4r du har registrerat dig ska du aktivera tv\u00e5faktorsautentisering f\u00f6r att s\u00e4kra ditt konto.<\/span><\/p>\n<p><span style=\"font-weight: 400;\">Du kan st\u00e4nga av 2FA efter din f\u00f6rsta inloggning, men det rekommenderas att du beh\u00e5ller det aktiverat f\u00f6r att skydda ditt konto fr\u00e5n hackare.<\/span><\/p>\n<p><span style=\"font-weight: 400;\">Det \u00e4r ganska enkelt att aktivera tv\u00e5faktorsautentisering: V\u00e4lj en av de erbjudna metoderna och tryck p\u00e5 \u201cSetup\u201d.\u201d<\/span><\/p>\n<p><span style=\"font-weight: 400;\">Naturligtvis beh\u00f6ver du Google Authenticator-appen f\u00f6r att f\u00e5 den att fungera. F\u00f6lj instruktionerna p\u00e5 sk\u00e4rmen f\u00f6r att forts\u00e4tta. N\u00e4r du \u00e4r klar kommer Bitfinex att skicka ett e-postmeddelande f\u00f6r att bekr\u00e4fta att du har aktiverat 2FA.<\/span><\/p>\n<h3><span class=\"ez-toc-section\" id=\"2_Get_Verified_on_Bitfinex\"><\/span><span style=\"font-weight: 400;\">2. Bli verifierad p\u00e5 Bitfinex<\/span><span class=\"ez-toc-section-end\"><\/span><\/h3>\n<p><span style=\"font-weight: 400;\">N\u00e4sta steg \u00e4r att verifiera ditt ID p\u00e5 plattformen. Liksom de flesta b\u00f6rser har Bitfinex en standard ID-verifieringsprocess. F\u00f6r att b\u00f6rja, g\u00e5 till din profil via profillogotypen p\u00e5 din instrumentpanel och v\u00e4lj \u201cVerifiering\u201d.\u201d<\/span><\/p>\n<p><span style=\"font-weight: 400;\">Du m\u00e5ste slutf\u00f6ra minst mellanniv\u00e5verifiering f\u00f6r att k\u00f6pa digitala tillg\u00e5ngar som Ethereum p\u00e5 b\u00f6rsen med fiatpengar. Naturligtvis, om allt du vill g\u00f6ra \u00e4r att handla kryptovalutapar, till exempel handel <a href=\"https:\/\/coinkickoff.com\/sv\/bitcoin-btc\/\" data-internallinksmanager029f6b8e52c=\"1\" title=\"Vad \u00e4r Bitcoin (BTC)? Pris, historia och var man kan k\u00f6pa\">Bitcoin<\/a> f\u00f6r Ethereum kan du hoppa \u00f6ver detta steg.<\/span><\/p>\n<p><span style=\"font-weight: 400;\">Mellanliggande verifiering g\u00f6r att du kan k\u00f6pa ETH med ett kreditkort via Bitfinex Pay Merchants eller g\u00f6ra kontantins\u00e4ttningar via SEPA. Du kan g\u00f6ra ins\u00e4ttningar via bank\u00f6verf\u00f6ring efter att ha slutf\u00f6rt fullst\u00e4ndig verifiering.<\/span><\/p>\n<p><span style=\"font-weight: 400;\">Tryck p\u00e5 \u201cStarta verifiering\u201d f\u00f6r att forts\u00e4tta.<\/span><\/p>\n<p><span style=\"font-weight: 400;\">Ange namnet p\u00e5 det land d\u00e4r du bor f\u00f6r att se de rekommenderade ID-typerna. V\u00e4lj den ID-handling du vill skicka in och klicka p\u00e5 \u201cForts\u00e4tt\u201d.\u201d<\/span><\/p>\n<p><span style=\"font-weight: 400;\">Du beh\u00f6ver en mobil enhet f\u00f6r att forts\u00e4tta: Anv\u00e4nd din mobilkamera f\u00f6r att skanna koden och \u00f6ppna uppladdningssidan. Sedan kan du skicka in de n\u00f6dv\u00e4ndiga bilderna.<\/span><\/p>\n<h3><span class=\"ez-toc-section\" id=\"3_Deposit_FundsCrypto\"><\/span><span style=\"font-weight: 400;\">3. Ins\u00e4ttning av medel\/krypto<\/span><span class=\"ez-toc-section-end\"><\/span><\/h3>\n<p><span style=\"font-weight: 400;\">Nu \u00e4r det dags att g\u00f6ra en ins\u00e4ttning: Om du har digitala tillg\u00e5ngar som du vill handla f\u00f6r Ethereum p\u00e5 Bitfinex m\u00e5ste du f\u00f6rst \u00f6verf\u00f6ra dessa tillg\u00e5ngar till ditt Bitfinex-konto. V\u00e4lj \u201cIns\u00e4ttning\u201d f\u00f6r att se en lista \u00f6ver tillg\u00e5ngar som du kan skicka till plattformen.<\/span><\/p>\n<p><span style=\"font-weight: 400;\">N\u00e4r du har valt din tillg\u00e5ng kommer Bitfinex att generera en pl\u00e5nboksadress f\u00f6r att skicka din kryptovaluta. N\u00e4r du har slutf\u00f6rt din ins\u00e4ttning kommer dina tillg\u00e5ngar att visas p\u00e5 fliken \u201cSaldon\u201d.<\/span><\/p>\n<h3><span class=\"ez-toc-section\" id=\"4_Navigate_to_the_Relevant_Screen_to_Buy\"><\/span><span style=\"font-weight: 400;\">4. Navigera till den relevanta sk\u00e4rmen f\u00f6r att k\u00f6pa<\/span><span class=\"ez-toc-section-end\"><\/span><\/h3>\n<p><span style=\"font-weight: 400;\">Du kanske tror att du \u00e4r redo att k\u00f6pa digitala tillg\u00e5ngar nu n\u00e4r din ins\u00e4ttning \u00e4r klar, men det finns ytterligare ett steg innan dess: Bitfinex skickar automatiskt din ins\u00e4ttning till din \u201cFunding Wallet\u201d, men vi vill ha dem i v\u00e5r \u201cExchange Wallet\u201d.\u201d<\/span><\/p>\n<p><span style=\"font-weight: 400;\">Tack och lov \u00e4r det en enkel operation: P\u00e5 fliken \u201cSaldon\u201d v\u00e4ljer du de pengar du vill v\u00e4xla och klickar p\u00e5 \u201c\u00d6verf\u00f6r\u201d. N\u00e4r de v\u00e4l finns i v\u00e4xlingspl\u00e5nboken kan du byta dem mot Ether.<\/span><\/p>\n<p><span style=\"font-weight: 400;\">F\u00f6r att b\u00f6rja, g\u00e5 till fliken \u201cHandel\u201d. Nu, om du deponerade digitala tillg\u00e5ngar, vill du s\u00f6ka efter Ethereum-marknaden f\u00f6r den tillg\u00e5ngen. Till exempel om du har <a href=\"https:\/\/coinkickoff.com\/sv\/tether-usdt\/\" data-internallinksmanager029f6b8e52c=\"3\" title=\"Vad \u00e4r Tether (USDT)? Hur det fungerar och var man kan k\u00f6pa det?\">USDT<\/a>, s\u00f6k efter ETH\/USDT.\u00a0<\/span><\/p>\n<p><span style=\"font-weight: 400;\">F\u00f6r fiat-valuta, s\u00f6k efter ETH\/USD eller ETH\/EUR-parningar. N\u00e4r du har hittat det par du vill ha klickar du p\u00e5 det f\u00f6r att se handelsgr\u00e4nssnittet.\u00a0<\/span><\/p>\n<p><span style=\"font-weight: 400;\">Ange helt enkelt hur mycket Ethereum du vill k\u00f6pa f\u00f6r dina tillg\u00e5ngar. Du kan manuellt justera det pris du \u00e4r villig att betala. N\u00e4r formul\u00e4ret \u00e4r ifyllt trycker du p\u00e5 \u201cExchange Buy\u201d.\u201d<\/span><\/p>\n<p><span style=\"font-weight: 400;\">Och det \u00e4r s\u00e5 man k\u00f6per Ethereum p\u00e5 Bitfinex. Om du best\u00e4mmer dig f\u00f6r att k\u00f6pa Ethereum p\u00e5 en annan b\u00f6rs, kan du ocks\u00e5 titta p\u00e5 v\u00e5ra olika <a href=\"https:\/\/coinkickoff.com\/sv\/crypto-exchanges\/\">exchnage recensioner<\/a> och <a href=\"https:\/\/coinkickoff.com\/sv\/how-to-buy-ethereum\/\">guider<\/a>.<\/span><\/p>","protected":false},"excerpt":{"rendered":"<p>Hur man k\u00f6per Ethereum p\u00e5 Bitfinex Vill du k\u00f6pa Ethereum p\u00e5 Bitfinex? Vi har precis r\u00e4tt guide f\u00f6r dig med steg-f\u00f6r-steg-instruktioner. H\u00e4r \u00e4r hur man k\u00f6per Ethereum p\u00e5 Bitfinex. En steg-f\u00f6r-steg-guide om hur man k\u00f6per Ethereum p\u00e5 Bitfinex 1. Registrera ett konto p\u00e5 Bitfinex Till att b\u00f6rja med beh\u00f6ver du ett [...]<\/p>","protected":false},"author":3,"featured_media":0,"parent":3937,"menu_order":0,"comment_status":"closed","ping_status":"closed","template":"","meta":{"_genesis_hide_title":false,"_genesis_hide_breadcrumbs":false,"_genesis_hide_singular_image":false,"_genesis_hide_footer_widgets":false,"_genesis_custom_body_class":"","_genesis_custom_post_class":"","_genesis_layout":"","_glsr_average":0,"_glsr_ranking":0,"_glsr_reviews":0,"footnotes":""},"class_list":{"0":"post-4172","1":"page","2":"type-page","3":"status-publish","5":"entry"},"featured_image_src":null,"featured_image_src_square":null,"_links":{"self":[{"href":"https:\/\/coinkickoff.com\/sv\/wp-json\/wp\/v2\/pages\/4172","targetHints":{"allow":["GET"]}}],"collection":[{"href":"https:\/\/coinkickoff.com\/sv\/wp-json\/wp\/v2\/pages"}],"about":[{"href":"https:\/\/coinkickoff.com\/sv\/wp-json\/wp\/v2\/types\/page"}],"author":[{"embeddable":true,"href":"https:\/\/coinkickoff.com\/sv\/wp-json\/wp\/v2\/users\/3"}],"replies":[{"embeddable":true,"href":"https:\/\/coinkickoff.com\/sv\/wp-json\/wp\/v2\/comments?post=4172"}],"version-history":[{"count":1,"href":"https:\/\/coinkickoff.com\/sv\/wp-json\/wp\/v2\/pages\/4172\/revisions"}],"predecessor-version":[{"id":4173,"href":"https:\/\/coinkickoff.com\/sv\/wp-json\/wp\/v2\/pages\/4172\/revisions\/4173"}],"up":[{"embeddable":true,"href":"https:\/\/coinkickoff.com\/sv\/wp-json\/wp\/v2\/pages\/3937"}],"wp:attachment":[{"href":"https:\/\/coinkickoff.com\/sv\/wp-json\/wp\/v2\/media?parent=4172"}],"curies":[{"name":"wp","href":"https:\/\/api.w.org\/{rel}","templated":true}]}}