{"id":4050,"date":"2026-01-08T14:07:40","date_gmt":"2026-01-08T14:07:40","guid":{"rendered":"https:\/\/coinkickoff.com\/?page_id=4050"},"modified":"2026-01-08T14:07:40","modified_gmt":"2026-01-08T14:07:40","slug":"how-to-buy-cardano-on-bybit","status":"publish","type":"page","link":"https:\/\/coinkickoff.com\/sv\/how-to-buy-cardano\/how-to-buy-cardano-on-bybit\/","title":{"rendered":"Hur man k\u00f6per Cardano p\u00e5 Bybit"},"content":{"rendered":"<div id=\"ez-toc-container\" class=\"ez-toc-v2_0_80 counter-hierarchy ez-toc-counter ez-toc-transparent ez-toc-container-direction\">\n<div class=\"ez-toc-title-container\">\n<p class=\"ez-toc-title\" style=\"cursor:inherit\">Avsnitt<\/p>\n<span class=\"ez-toc-title-toggle\"><a href=\"#\" class=\"ez-toc-pull-right ez-toc-btn ez-toc-btn-xs ez-toc-btn-default ez-toc-toggle\" aria-label=\"V\u00e4xla till inneh\u00e5llsf\u00f6rteckning\"><span class=\"ez-toc-js-icon-con\"><span class=\"\"><span class=\"eztoc-hide\" style=\"display:none;\">V\u00e4xel<\/span><span class=\"ez-toc-icon-toggle-span\"><svg style=\"fill: #999;color:#999\" xmlns=\"http:\/\/www.w3.org\/2000\/svg\" class=\"list-377408\" width=\"20px\" height=\"20px\" viewbox=\"0 0 24 24\" fill=\"none\"><path d=\"M6 6H4v2h2V6zm14 0H8v2h12V6zM4 11h2v2H4v-2zm16 0H8v2h12v-2zM4 16h2v2H4v-2zm16 0H8v2h12v-2z\" fill=\"currentColor\"><\/path><\/svg><svg style=\"fill: #999;color:#999\" class=\"arrow-unsorted-368013\" xmlns=\"http:\/\/www.w3.org\/2000\/svg\" width=\"10px\" height=\"10px\" viewbox=\"0 0 24 24\" version=\"1.2\" baseprofile=\"tiny\"><path d=\"M18.2 9.3l-6.2-6.3-6.2 6.3c-.2.2-.3.4-.3.7s.1.5.3.7c.2.2.4.3.7.3h11c.3 0 .5-.1.7-.3.2-.2.3-.5.3-.7s-.1-.5-.3-.7zM5.8 14.7l6.2 6.3 6.2-6.3c.2-.2.3-.5.3-.7s-.1-.5-.3-.7c-.2-.2-.4-.3-.7-.3h-11c-.3 0-.5.1-.7.3-.2.2-.3.5-.3.7s.1.5.3.7z\"\/><\/svg><\/span><\/span><\/span><\/a><\/span><\/div>\n<nav><ul class='ez-toc-list ez-toc-list-level-1 eztoc-toggle-hide-by-default' ><li class='ez-toc-page-1 ez-toc-heading-level-1'><a class=\"ez-toc-link ez-toc-heading-1\" href=\"https:\/\/coinkickoff.com\/sv\/how-to-buy-cardano\/how-to-buy-cardano-on-bybit\/#How_to_Buy_Cardano_on_Bybit\" >Hur man k\u00f6per Cardano p\u00e5 Bybit<\/a><ul class='ez-toc-list-level-2' ><li class='ez-toc-heading-level-2'><a class=\"ez-toc-link ez-toc-heading-2\" href=\"https:\/\/coinkickoff.com\/sv\/how-to-buy-cardano\/how-to-buy-cardano-on-bybit\/#A_Step-By-Step_Guide_on_How_to_Buy_Cardano_on_Bybit\" >En steg-f\u00f6r-steg-guide om hur du k\u00f6per Cardano p\u00e5 Bybit<\/a><ul class='ez-toc-list-level-3' ><li class='ez-toc-heading-level-3'><a class=\"ez-toc-link ez-toc-heading-3\" href=\"https:\/\/coinkickoff.com\/sv\/how-to-buy-cardano\/how-to-buy-cardano-on-bybit\/#2_Verify_Your_Account\" >2. Verifiera ditt konto<\/a><\/li><li class='ez-toc-page-1 ez-toc-heading-level-3'><a class=\"ez-toc-link ez-toc-heading-4\" href=\"https:\/\/coinkickoff.com\/sv\/how-to-buy-cardano\/how-to-buy-cardano-on-bybit\/#3_Deposit_FundsCrypto\" >3. Ins\u00e4ttning av medel\/krypto<\/a><\/li><li class='ez-toc-page-1 ez-toc-heading-level-3'><a class=\"ez-toc-link ez-toc-heading-5\" href=\"https:\/\/coinkickoff.com\/sv\/how-to-buy-cardano\/how-to-buy-cardano-on-bybit\/#4_Navigate_to_the_Relevant_Screen_to_Buy\" >4. Navigera till den relevanta sk\u00e4rmen f\u00f6r att k\u00f6pa<\/a><\/li><\/ul><\/li><\/ul><\/li><\/ul><\/nav><\/div>\n<h1><span class=\"ez-toc-section\" id=\"How_to_Buy_Cardano_on_Bybit\"><\/span><span style=\"font-weight: 400;\">Hur man k\u00f6per Cardano p\u00e5 Bybit<\/span><span class=\"ez-toc-section-end\"><\/span><\/h1>\n<p><span style=\"font-weight: 400;\">Vill du veta hur du k\u00f6per <a href=\"https:\/\/coinkickoff.com\/sv\/cardano-ada\/\" data-internallinksmanager029f6b8e52c=\"9\" title=\"Vad \u00e4r Cardano (ADA)? Hur fungerar det och var kan man k\u00f6pa det?\">Cardano<\/a> p\u00e5 <a href=\"https:\/\/coinkickoff.com\/sv\/bybit-review\/\" data-internallinksmanager029f6b8e52c=\"157\" title=\"Bybit recensioner 2024: Funktioner, avgifter, s\u00e4kerhet, f\u00f6rdelar och nackdelar\">Bybit<\/a>? D\u00e5 har du kommit r\u00e4tt: H\u00e4r \u00e4r hur man k\u00f6per Cardano p\u00e5 Bybit med detaljerade instruktioner.<\/span><\/p>\n<h2><span class=\"ez-toc-section\" id=\"A_Step-By-Step_Guide_on_How_to_Buy_Cardano_on_Bybit\"><\/span><span style=\"font-weight: 400;\">En steg-f\u00f6r-steg-guide om hur du k\u00f6per Cardano p\u00e5 Bybit<\/span><span class=\"ez-toc-section-end\"><\/span><\/h2>\n<p><span style=\"font-weight: 400;\">1. Registrera ett konto<\/span><\/p>\n<p><span style=\"font-weight: 400;\">G\u00e5 f\u00f6rst vidare och skapa en <\/span><a href=\"https:\/\/www.bybit.com\/en-US\/register?irclickid=zLJWgJTKIxyNWiW0o%3AzEUxRnUkAWQmSxHzEAWw0&amp;irgwc=1&amp;srcexid=469064&amp;utmsource=impact&amp;srcplatform=1&amp;Sharedid=\" target=\"_blank\" rel=\"noopener\"><span style=\"font-weight: 400;\">Bybit<\/span><\/a><span style=\"font-weight: 400;\"> konto.<\/span><\/p>\n<p><img loading=\"lazy\" decoding=\"async\" class=\"alignnone wp-image-3213 size-full\" src=\"https:\/\/coinkickoff.com\/wp-content\/uploads\/bybit-create-account.png\" alt=\"hur man k\u00f6per dogecoin p\u00e5 bybit skapa konto\" width=\"1437\" height=\"723\" srcset=\"https:\/\/coinkickoff.com\/wp-content\/uploads\/bybit-create-account.png 1437w, https:\/\/coinkickoff.com\/wp-content\/uploads\/bybit-create-account-300x151.png 300w, https:\/\/coinkickoff.com\/wp-content\/uploads\/bybit-create-account-1024x515.png 1024w, https:\/\/coinkickoff.com\/wp-content\/uploads\/bybit-create-account-768x386.png 768w, https:\/\/coinkickoff.com\/wp-content\/uploads\/bybit-create-account-18x9.png 18w\" sizes=\"auto, (max-width: 1437px) 100vw, 1437px\" \/><\/p>\n<h3><span class=\"ez-toc-section\" id=\"2_Verify_Your_Account\"><\/span><span style=\"font-weight: 400;\">2. Verifiera ditt konto<\/span><span class=\"ez-toc-section-end\"><\/span><\/h3>\n<p><span style=\"font-weight: 400;\">De flesta nyb\u00f6rjare \u00e4ger inga digitala tillg\u00e5ngar som de kan handla f\u00f6r ADA, s\u00e5 de m\u00e5ste k\u00f6pa den med fiatvalutor som USD eller EUR. Och innan du kan g\u00f6ra det m\u00e5ste du slutf\u00f6ra ID-verifiering enligt lagar och f\u00f6rordningar.<\/span><\/p>\n<p><span style=\"font-weight: 400;\">B\u00f6rja med att g\u00e5 till din \"Profil\" och klicka p\u00e5 \"Identitetsverifiering\".<\/span><\/p>\n<h3><span style=\"font-weight: 400;\"><img loading=\"lazy\" decoding=\"async\" class=\"alignnone wp-image-3212 size-full\" style=\"font-family: Muli, sans-serif; font-size: 18px;\" src=\"https:\/\/coinkickoff.com\/wp-content\/uploads\/bybit-identity-verification.png\" alt=\"Bybit identitetskontroll\" width=\"1432\" height=\"792\" srcset=\"https:\/\/coinkickoff.com\/wp-content\/uploads\/bybit-identity-verification.png 1432w, https:\/\/coinkickoff.com\/wp-content\/uploads\/bybit-identity-verification-300x166.png 300w, https:\/\/coinkickoff.com\/wp-content\/uploads\/bybit-identity-verification-1024x566.png 1024w, https:\/\/coinkickoff.com\/wp-content\/uploads\/bybit-identity-verification-768x425.png 768w, https:\/\/coinkickoff.com\/wp-content\/uploads\/bybit-identity-verification-18x10.png 18w\" sizes=\"auto, (max-width: 1432px) 100vw, 1432px\" \/><\/span><\/h3>\n<p><span style=\"font-weight: 400;\">Du beh\u00f6ver bara slutf\u00f6ra niv\u00e5 1-verifiering f\u00f6r att k\u00f6pa Cardano p\u00e5 Bybit. Verifieringskrav \u00e4r att ladda upp ett officiellt ID och en selfie. N\u00e4r du har verifierat ditt ID kan du s\u00e4tta in fiat p\u00e5 ditt konto eller l\u00e4gga till andra betalningsmetoder.<\/span><\/p>\n<h3><span class=\"ez-toc-section\" id=\"3_Deposit_FundsCrypto\"><\/span><span style=\"font-weight: 400;\">3. Ins\u00e4ttning av medel\/krypto<\/span><span class=\"ez-toc-section-end\"><\/span><\/h3>\n<p><span style=\"font-weight: 400;\">Om du g\u00e5r till sidan \"Tillg\u00e5ngar\" kan du s\u00e4tta in digitala valutor p\u00e5 ditt konto. V\u00e4lj bara \"Ins\u00e4ttning\" och hitta den digitala valuta du vill flytta till Bybit. N\u00e4r du har bekr\u00e4ftat ins\u00e4ttningsuppgifterna f\u00e5r du en QR-kod f\u00f6r \u00f6verf\u00f6ringen.<\/span><\/p>\n<p><img loading=\"lazy\" decoding=\"async\" class=\"alignnone wp-image-3215 size-full\" src=\"https:\/\/coinkickoff.com\/wp-content\/uploads\/bybit-crypto-deposit.png\" alt=\"\" width=\"1372\" height=\"659\" srcset=\"https:\/\/coinkickoff.com\/wp-content\/uploads\/bybit-crypto-deposit.png 1372w, https:\/\/coinkickoff.com\/wp-content\/uploads\/bybit-crypto-deposit-300x144.png 300w, https:\/\/coinkickoff.com\/wp-content\/uploads\/bybit-crypto-deposit-1024x492.png 1024w, https:\/\/coinkickoff.com\/wp-content\/uploads\/bybit-crypto-deposit-768x369.png 768w, https:\/\/coinkickoff.com\/wp-content\/uploads\/bybit-crypto-deposit-18x9.png 18w\" sizes=\"auto, (max-width: 1372px) 100vw, 1372px\" \/><\/p>\n<p><span style=\"font-weight: 400;\">Om du vill g\u00f6ra en fiat-ins\u00e4ttning (USD, EUR och andra nationella valutor), g\u00e5 till \"K\u00f6p Crypto\" och klicka p\u00e5 \"Fiat Deposit.\"<\/span><\/p>\n<p><img loading=\"lazy\" decoding=\"async\" class=\"alignnone wp-image-3208 size-full\" src=\"https:\/\/coinkickoff.com\/wp-content\/uploads\/bybit-fiat-deposit.png\" alt=\"bybit fiat ins\u00e4ttning\" width=\"1432\" height=\"630\" srcset=\"https:\/\/coinkickoff.com\/wp-content\/uploads\/bybit-fiat-deposit.png 1432w, https:\/\/coinkickoff.com\/wp-content\/uploads\/bybit-fiat-deposit-300x132.png 300w, https:\/\/coinkickoff.com\/wp-content\/uploads\/bybit-fiat-deposit-1024x451.png 1024w, https:\/\/coinkickoff.com\/wp-content\/uploads\/bybit-fiat-deposit-768x338.png 768w, https:\/\/coinkickoff.com\/wp-content\/uploads\/bybit-fiat-deposit-18x8.png 18w\" sizes=\"auto, (max-width: 1432px) 100vw, 1432px\" \/><\/p>\n<p><span style=\"font-weight: 400;\">Ange det belopp du vill skicka till Bybit och v\u00e4lj \u00f6verf\u00f6ringsmetod. Klicka p\u00e5 \"Forts\u00e4tt\" och f\u00f6lj instruktionerna f\u00f6r att slutf\u00f6ra processen.<\/span><\/p>\n<p><img loading=\"lazy\" decoding=\"async\" class=\"alignnone wp-image-3209 size-full\" src=\"https:\/\/coinkickoff.com\/wp-content\/uploads\/bybitfiatdeposit2.png\" alt=\"bybit fiat ins\u00e4ttning\" width=\"1418\" height=\"783\" srcset=\"https:\/\/coinkickoff.com\/wp-content\/uploads\/bybitfiatdeposit2.png 1418w, https:\/\/coinkickoff.com\/wp-content\/uploads\/bybitfiatdeposit2-300x166.png 300w, https:\/\/coinkickoff.com\/wp-content\/uploads\/bybitfiatdeposit2-1024x565.png 1024w, https:\/\/coinkickoff.com\/wp-content\/uploads\/bybitfiatdeposit2-768x424.png 768w, https:\/\/coinkickoff.com\/wp-content\/uploads\/bybitfiatdeposit2-18x10.png 18w\" sizes=\"auto, (max-width: 1418px) 100vw, 1418px\" \/><\/p>\n<h3><span class=\"ez-toc-section\" id=\"4_Navigate_to_the_Relevant_Screen_to_Buy\"><\/span><span style=\"font-weight: 400;\">4. Navigera till den relevanta sk\u00e4rmen f\u00f6r att k\u00f6pa<\/span><span class=\"ez-toc-section-end\"><\/span><\/h3>\n<p><span style=\"font-weight: 400;\">Nu kommer vi att anv\u00e4nda funktionen \"One-Click Buy\" f\u00f6r att k\u00f6pa ADA med din fiat-ins\u00e4ttning.\u00a0<\/span><\/p>\n<p><img loading=\"lazy\" decoding=\"async\" class=\"alignnone wp-image-3211 size-full\" src=\"https:\/\/coinkickoff.com\/wp-content\/uploads\/bybit-one-click-buy-2.png\" alt=\"bybit ett klick k\u00f6p 2 Hur man k\u00f6per Shiba Inu p\u00e5 Bybit Hur man k\u00f6per Bitcoin p\u00e5 Bybit Hur man k\u00f6per Cardano p\u00e5 Bybit \" width=\"1433\" height=\"795\" srcset=\"https:\/\/coinkickoff.com\/wp-content\/uploads\/bybit-one-click-buy-2.png 1433w, https:\/\/coinkickoff.com\/wp-content\/uploads\/bybit-one-click-buy-2-300x166.png 300w, https:\/\/coinkickoff.com\/wp-content\/uploads\/bybit-one-click-buy-2-1024x568.png 1024w, https:\/\/coinkickoff.com\/wp-content\/uploads\/bybit-one-click-buy-2-768x426.png 768w, https:\/\/coinkickoff.com\/wp-content\/uploads\/bybit-one-click-buy-2-18x10.png 18w\" sizes=\"auto, (max-width: 1433px) 100vw, 1433px\" \/><\/p>\n<p><span style=\"font-weight: 400;\">Som du kan se \u00e4r best\u00e4llningsformul\u00e4ret mycket enkelt: Kom bara ih\u00e5g att st\u00e4lla in kolumnen \"Receive\" till Cardano (ADA). Du kan anv\u00e4nda ditt USD-saldo som betalningsmetod.<\/span><\/p>\n<p><span style=\"font-weight: 400;\">Klicka p\u00e5 \"K\u00f6p med USD\" f\u00f6r att g\u00f6ra din best\u00e4llning. ADA token kommer snart att dyka upp bland dina tillg\u00e5ngar.<\/span><\/p>\n<p><span style=\"font-weight: 400;\">F\u00f6rhoppningsvis hj\u00e4lpte vi dig att f\u00f6rst\u00e5 hur du k\u00f6per Cardano p\u00e5 Bybit. Om du vill l\u00e4ra dig hur man k\u00f6per Cardano p\u00e5 <a href=\"https:\/\/coinkickoff.com\/sv\/crypto-exchanges\/\">andra utbyten<\/a>f\u00e5r du tillg\u00e5ng till v\u00e5ra olika guider via v\u00e5r <a href=\"https:\/\/coinkickoff.com\/sv\/how-to-buy-cardano\/\">Hur man k\u00f6per Cardano<\/a> sida.<\/span><\/p>","protected":false},"excerpt":{"rendered":"<p>Hur man k\u00f6per Cardano p\u00e5 Bybit Vill du veta hur man k\u00f6per Cardano p\u00e5 Bybit? D\u00e5 har du kommit till r\u00e4tt st\u00e4lle: H\u00e4r \u00e4r hur man k\u00f6per Cardano p\u00e5 Bybit med detaljerade instruktioner. En steg-f\u00f6r-steg-guide om hur man k\u00f6per Cardano p\u00e5 Bybit 1. Registrera ett konto F\u00f6rst, g\u00e5 vidare och skapa ett Bybit [...]<\/p>","protected":false},"author":3,"featured_media":0,"parent":4010,"menu_order":0,"comment_status":"closed","ping_status":"closed","template":"","meta":{"_genesis_hide_title":false,"_genesis_hide_breadcrumbs":false,"_genesis_hide_singular_image":false,"_genesis_hide_footer_widgets":false,"_genesis_custom_body_class":"","_genesis_custom_post_class":"","_genesis_layout":"","_glsr_average":0,"_glsr_ranking":0,"_glsr_reviews":0,"footnotes":""},"class_list":{"0":"post-4050","1":"page","2":"type-page","3":"status-publish","5":"entry"},"featured_image_src":null,"featured_image_src_square":null,"_links":{"self":[{"href":"https:\/\/coinkickoff.com\/sv\/wp-json\/wp\/v2\/pages\/4050","targetHints":{"allow":["GET"]}}],"collection":[{"href":"https:\/\/coinkickoff.com\/sv\/wp-json\/wp\/v2\/pages"}],"about":[{"href":"https:\/\/coinkickoff.com\/sv\/wp-json\/wp\/v2\/types\/page"}],"author":[{"embeddable":true,"href":"https:\/\/coinkickoff.com\/sv\/wp-json\/wp\/v2\/users\/3"}],"replies":[{"embeddable":true,"href":"https:\/\/coinkickoff.com\/sv\/wp-json\/wp\/v2\/comments?post=4050"}],"version-history":[{"count":4,"href":"https:\/\/coinkickoff.com\/sv\/wp-json\/wp\/v2\/pages\/4050\/revisions"}],"predecessor-version":[{"id":4073,"href":"https:\/\/coinkickoff.com\/sv\/wp-json\/wp\/v2\/pages\/4050\/revisions\/4073"}],"up":[{"embeddable":true,"href":"https:\/\/coinkickoff.com\/sv\/wp-json\/wp\/v2\/pages\/4010"}],"wp:attachment":[{"href":"https:\/\/coinkickoff.com\/sv\/wp-json\/wp\/v2\/media?parent=4050"}],"curies":[{"name":"wp","href":"https:\/\/api.w.org\/{rel}","templated":true}]}}