{"id":3968,"date":"2026-01-08T14:07:21","date_gmt":"2026-01-08T14:07:21","guid":{"rendered":"https:\/\/coinkickoff.com\/?page_id=3968"},"modified":"2026-01-08T14:07:21","modified_gmt":"2026-01-08T14:07:21","slug":"how-to-buy-ethereum-on-poloniex","status":"publish","type":"page","link":"https:\/\/coinkickoff.com\/sv\/how-to-buy-ethereum\/how-to-buy-ethereum-on-poloniex\/","title":{"rendered":"Hur man k\u00f6per Ethereum p\u00e5 Poloniex"},"content":{"rendered":"<div id=\"ez-toc-container\" class=\"ez-toc-v2_0_80 counter-hierarchy ez-toc-counter ez-toc-transparent ez-toc-container-direction\">\n<div class=\"ez-toc-title-container\">\n<p class=\"ez-toc-title\" style=\"cursor:inherit\">Avsnitt<\/p>\n<span class=\"ez-toc-title-toggle\"><a href=\"#\" class=\"ez-toc-pull-right ez-toc-btn ez-toc-btn-xs ez-toc-btn-default ez-toc-toggle\" aria-label=\"V\u00e4xla till inneh\u00e5llsf\u00f6rteckning\"><span class=\"ez-toc-js-icon-con\"><span class=\"\"><span class=\"eztoc-hide\" style=\"display:none;\">V\u00e4xel<\/span><span class=\"ez-toc-icon-toggle-span\"><svg style=\"fill: #999;color:#999\" xmlns=\"http:\/\/www.w3.org\/2000\/svg\" class=\"list-377408\" width=\"20px\" height=\"20px\" viewbox=\"0 0 24 24\" fill=\"none\"><path d=\"M6 6H4v2h2V6zm14 0H8v2h12V6zM4 11h2v2H4v-2zm16 0H8v2h12v-2zM4 16h2v2H4v-2zm16 0H8v2h12v-2z\" fill=\"currentColor\"><\/path><\/svg><svg style=\"fill: #999;color:#999\" class=\"arrow-unsorted-368013\" xmlns=\"http:\/\/www.w3.org\/2000\/svg\" width=\"10px\" height=\"10px\" viewbox=\"0 0 24 24\" version=\"1.2\" baseprofile=\"tiny\"><path d=\"M18.2 9.3l-6.2-6.3-6.2 6.3c-.2.2-.3.4-.3.7s.1.5.3.7c.2.2.4.3.7.3h11c.3 0 .5-.1.7-.3.2-.2.3-.5.3-.7s-.1-.5-.3-.7zM5.8 14.7l6.2 6.3 6.2-6.3c.2-.2.3-.5.3-.7s-.1-.5-.3-.7c-.2-.2-.4-.3-.7-.3h-11c-.3 0-.5.1-.7.3-.2.2-.3.5-.3.7s.1.5.3.7z\"\/><\/svg><\/span><\/span><\/span><\/a><\/span><\/div>\n<nav><ul class='ez-toc-list ez-toc-list-level-1 eztoc-toggle-hide-by-default' ><li class='ez-toc-page-1 ez-toc-heading-level-1'><a class=\"ez-toc-link ez-toc-heading-1\" href=\"https:\/\/coinkickoff.com\/sv\/how-to-buy-ethereum\/how-to-buy-ethereum-on-poloniex\/#How_to_Buy_Ethereum_on_Poloniex\" >Hur man k\u00f6per Ethereum p\u00e5 Poloniex<\/a><ul class='ez-toc-list-level-2' ><li class='ez-toc-heading-level-2'><a class=\"ez-toc-link ez-toc-heading-2\" href=\"https:\/\/coinkickoff.com\/sv\/how-to-buy-ethereum\/how-to-buy-ethereum-on-poloniex\/#A_Step-By-Step_Guide_on_How_to_Buy_Ethereum_on_Poloniex\" >En steg-f\u00f6r-steg-guide om hur man k\u00f6per Ethereum p\u00e5 Poloniex<\/a><ul class='ez-toc-list-level-3' ><li class='ez-toc-heading-level-3'><a class=\"ez-toc-link ez-toc-heading-3\" href=\"https:\/\/coinkickoff.com\/sv\/how-to-buy-ethereum\/how-to-buy-ethereum-on-poloniex\/#1_Register_an_Account\" >1. Registrera ett konto<\/a><\/li><li class='ez-toc-page-1 ez-toc-heading-level-3'><a class=\"ez-toc-link ez-toc-heading-4\" href=\"https:\/\/coinkickoff.com\/sv\/how-to-buy-ethereum\/how-to-buy-ethereum-on-poloniex\/#2_Verify_Your_Account\" >2. Verifiera ditt konto<\/a><\/li><li class='ez-toc-page-1 ez-toc-heading-level-3'><a class=\"ez-toc-link ez-toc-heading-5\" href=\"https:\/\/coinkickoff.com\/sv\/how-to-buy-ethereum\/how-to-buy-ethereum-on-poloniex\/#3_Buy_Crypto\" >3. K\u00f6p krypto<\/a><\/li><\/ul><\/li><\/ul><\/li><\/ul><\/nav><\/div>\n<h1><span class=\"ez-toc-section\" id=\"How_to_Buy_Ethereum_on_Poloniex\"><\/span><span style=\"font-weight: 400;\">Hur man k\u00f6per Ethereum p\u00e5 Poloniex<\/span><span class=\"ez-toc-section-end\"><\/span><\/h1>\n<p><span style=\"font-weight: 400;\">Du kan k\u00f6pa <a href=\"https:\/\/coinkickoff.com\/sv\/ethereum-eth\/\" data-internallinksmanager029f6b8e52c=\"2\" title=\"Vad \u00e4r Ethereum (ETH)? Pris, historia och var man kan k\u00f6pa\">Ethereum<\/a> p\u00e5 praktiskt taget alla b\u00f6rser, eftersom det \u00e4r en av de mest popul\u00e4ra och framst\u00e5ende digitala valutorna p\u00e5 marknaden. <a href=\"https:\/\/coinkickoff.com\/sv\/poloniex-review\/\" data-internallinksmanager029f6b8e52c=\"164\" title=\"Poloniex recensioner 2023: Avgifter, funktioner, s\u00e4kerhet, f\u00f6rdelar och nackdelar\">Poloniex<\/a> \u00e4r en av dessa b\u00f6rser, \u00e5tminstone f\u00f6r anv\u00e4ndare som \u00e4r baserade utanf\u00f6r USA.<\/span><\/p>\n<p><span style=\"font-weight: 400;\">Vi uppmanar dig dock att l\u00e4sa v\u00e5r <a href=\"https:\/\/coinkickoff.com\/sv\/poloniex-review\/\">v\u00e4gledning om Poloniex<\/a> innan du g\u00f6r n\u00e5gra ink\u00f6p p\u00e5 plattformen, eftersom det har f\u00f6rekommit <\/span><a href=\"https:\/\/www.coindesk.com\/policy\/2023\/05\/01\/crypto-exchange-poloniex-agrees-to-76m-fine-settle-sanctions-violation-charges\/\" target=\"_blank\" rel=\"noopener\"><span style=\"font-weight: 400;\">flera fr\u00e5gor<\/span><\/a><span style=\"font-weight: 400;\"> kopplad till b\u00f6rsen, samt dess \u00e4gare <\/span><a href=\"https:\/\/www.cnbc.com\/2023\/03\/22\/sec-hits-jake-paul-lindsey-lohan-justin-sun-with-crypto-violations.html\" target=\"_blank\" rel=\"noopener\"><span style=\"font-weight: 400;\">Justin Sun<\/span><\/a><span style=\"font-weight: 400;\">.<\/span><\/p>\n<p><span style=\"font-weight: 400;\">Om du \u00e4r inst\u00e4lld p\u00e5 b\u00f6rsen, h\u00e4r \u00e4r hur du k\u00f6per Ethereum p\u00e5 Poloniex.<\/span><\/p>\n<h2><span class=\"ez-toc-section\" id=\"A_Step-By-Step_Guide_on_How_to_Buy_Ethereum_on_Poloniex\"><\/span><span style=\"font-weight: 400;\">En steg-f\u00f6r-steg-guide om hur man k\u00f6per Ethereum p\u00e5 Poloniex<\/span><span class=\"ez-toc-section-end\"><\/span><\/h2>\n<h3><span class=\"ez-toc-section\" id=\"1_Register_an_Account\"><\/span><span style=\"font-weight: 400;\">1. Registrera ett konto<\/span><span class=\"ez-toc-section-end\"><\/span><\/h3>\n<p><span style=\"font-weight: 400;\">F\u00f6rst av allt, g\u00e5 till Poloniex webbplats och skapa ett konto. <\/span><\/p>\n<p><img loading=\"lazy\" decoding=\"async\" class=\"alignnone wp-image-3397 size-full\" src=\"https:\/\/coinkickoff.com\/wp-content\/uploads\/poloniex-sign-up.png\" alt=\"Poloniex registrering\" width=\"1436\" height=\"653\" srcset=\"https:\/\/coinkickoff.com\/wp-content\/uploads\/poloniex-sign-up.png 1436w, https:\/\/coinkickoff.com\/wp-content\/uploads\/poloniex-sign-up-300x136.png 300w, https:\/\/coinkickoff.com\/wp-content\/uploads\/poloniex-sign-up-1024x466.png 1024w, https:\/\/coinkickoff.com\/wp-content\/uploads\/poloniex-sign-up-768x349.png 768w, https:\/\/coinkickoff.com\/wp-content\/uploads\/poloniex-sign-up-18x8.png 18w\" sizes=\"auto, (max-width: 1436px) 100vw, 1436px\" \/><\/p>\n<h3><span class=\"ez-toc-section\" id=\"2_Verify_Your_Account\"><\/span><span style=\"font-weight: 400;\">2. Verifiera ditt konto<\/span><span class=\"ez-toc-section-end\"><\/span><\/h3>\n<p><span style=\"font-weight: 400;\">Tekniskt sett beh\u00f6ver du inte verifiera ditt ID p\u00e5 Poloniex. Alla anv\u00e4ndare \u00e4r verifierade p\u00e5 niv\u00e5 1 vid registrering och kan k\u00f6pa tillg\u00e5ngar med kreditkort. Niv\u00e5 2-verifiering m\u00f6jligg\u00f6r h\u00f6gre uttagsgr\u00e4nser men \u00e4r inte n\u00f6dv\u00e4ndigt f\u00f6r de flesta detaljhandlare.<\/span><\/p>\n<p><span style=\"font-weight: 400;\">Om du \u00e4nd\u00e5 vill bekr\u00e4fta din identitet kan du g\u00e5 till din profil genom att klicka p\u00e5 profilsymbolen p\u00e5 din instrumentpanel. <\/span><\/p>\n<p><img loading=\"lazy\" decoding=\"async\" class=\"alignnone wp-image-3398 size-full\" src=\"https:\/\/coinkickoff.com\/wp-content\/uploads\/poloniex-verification.png\" alt=\"poloniex verifiering\" width=\"1437\" height=\"679\" srcset=\"https:\/\/coinkickoff.com\/wp-content\/uploads\/poloniex-verification.png 1437w, https:\/\/coinkickoff.com\/wp-content\/uploads\/poloniex-verification-300x142.png 300w, https:\/\/coinkickoff.com\/wp-content\/uploads\/poloniex-verification-1024x484.png 1024w, https:\/\/coinkickoff.com\/wp-content\/uploads\/poloniex-verification-768x363.png 768w, https:\/\/coinkickoff.com\/wp-content\/uploads\/poloniex-verification-18x9.png 18w\" sizes=\"auto, (max-width: 1437px) 100vw, 1437px\" \/><\/p>\n<p><span style=\"font-weight: 400;\">Fyll i informationsformul\u00e4ret och ladda upp en officiell fotolegitimation, t.ex. ett pass eller ett k\u00f6rkort. Klicka p\u00e5 \"Kom ig\u00e5ng\" f\u00f6r niv\u00e5 2-verifiering. Du kommer att beh\u00f6va ladda upp ett foto-ID.<\/span><\/p>\n<h3><span class=\"ez-toc-section\" id=\"3_Buy_Crypto\"><\/span><span style=\"font-weight: 400;\">3. K\u00f6p krypto<\/span><span class=\"ez-toc-section-end\"><\/span><\/h3>\n<p><span style=\"font-weight: 400;\">Tryck p\u00e5 \"K\u00f6p Crypto\" f\u00f6r att komma \u00e5t det omedelbara best\u00e4llningsformul\u00e4ret. V\u00e4lj den valuta du vill spendera (till exempel USD) och den valuta du vill k\u00f6pa (i detta fall Ethereum eller ETH). Ange det belopp du vill betala f\u00f6r ditt k\u00f6p.<\/span><\/p>\n<p><img loading=\"lazy\" decoding=\"async\" class=\"alignnone wp-image-3399 size-full\" src=\"https:\/\/coinkickoff.com\/wp-content\/uploads\/poloniex-buy-crypto.png\" alt=\"Hur man k\u00f6per Ethereum p\u00e5 Poloniex\" width=\"1436\" height=\"793\" srcset=\"https:\/\/coinkickoff.com\/wp-content\/uploads\/poloniex-buy-crypto.png 1436w, https:\/\/coinkickoff.com\/wp-content\/uploads\/poloniex-buy-crypto-300x166.png 300w, https:\/\/coinkickoff.com\/wp-content\/uploads\/poloniex-buy-crypto-1024x565.png 1024w, https:\/\/coinkickoff.com\/wp-content\/uploads\/poloniex-buy-crypto-768x424.png 768w, https:\/\/coinkickoff.com\/wp-content\/uploads\/poloniex-buy-crypto-18x10.png 18w\" sizes=\"auto, (max-width: 1436px) 100vw, 1436px\" \/><\/p>\n<p><span style=\"font-weight: 400;\">Avgifterna visas i den h\u00f6gra panelen. Du beh\u00f6ver ett Simplex- eller Mercuryo-konto f\u00f6r att slutf\u00f6ra k\u00f6pet. Om du inte har n\u00e5got av dem beh\u00f6ver du inte oroa dig, eftersom du kan registrera dig efter att du klickat p\u00e5 \"Skicka\".<\/span><\/p>\n<p><span style=\"font-weight: 400;\">Om du redan har ett konto kan du logga in och slutf\u00f6ra ditt k\u00f6p!<\/span><\/p>\n<p><span style=\"font-weight: 400;\">Det \u00e4r det f\u00f6r hur man Ethereum p\u00e5 Poloniex! Om du kontrollerar dina tillg\u00e5ngar kommer du att se din ETH i din pl\u00e5nbok.<\/span><\/p>","protected":false},"excerpt":{"rendered":"<p>Hur man k\u00f6per Ethereum p\u00e5 Poloniex Du kan k\u00f6pa Ethereum p\u00e5 praktiskt taget vilken b\u00f6rs som helst, eftersom det \u00e4r en av de mest popul\u00e4ra och framst\u00e5ende digitala valutorna p\u00e5 marknaden. Poloniex \u00e4r en av dessa b\u00f6rser, \u00e5tminstone f\u00f6r anv\u00e4ndare baserade utanf\u00f6r USA. Vi uppmanar dig dock att l\u00e4sa v\u00e5r guide om Poloniex innan du g\u00f6r [...]<\/p>","protected":false},"author":3,"featured_media":0,"parent":3937,"menu_order":0,"comment_status":"closed","ping_status":"closed","template":"","meta":{"_genesis_hide_title":false,"_genesis_hide_breadcrumbs":false,"_genesis_hide_singular_image":false,"_genesis_hide_footer_widgets":false,"_genesis_custom_body_class":"","_genesis_custom_post_class":"","_genesis_layout":"","_glsr_average":0,"_glsr_ranking":0,"_glsr_reviews":0,"footnotes":""},"class_list":{"0":"post-3968","1":"page","2":"type-page","3":"status-publish","5":"entry"},"featured_image_src":null,"featured_image_src_square":null,"_links":{"self":[{"href":"https:\/\/coinkickoff.com\/sv\/wp-json\/wp\/v2\/pages\/3968","targetHints":{"allow":["GET"]}}],"collection":[{"href":"https:\/\/coinkickoff.com\/sv\/wp-json\/wp\/v2\/pages"}],"about":[{"href":"https:\/\/coinkickoff.com\/sv\/wp-json\/wp\/v2\/types\/page"}],"author":[{"embeddable":true,"href":"https:\/\/coinkickoff.com\/sv\/wp-json\/wp\/v2\/users\/3"}],"replies":[{"embeddable":true,"href":"https:\/\/coinkickoff.com\/sv\/wp-json\/wp\/v2\/comments?post=3968"}],"version-history":[{"count":1,"href":"https:\/\/coinkickoff.com\/sv\/wp-json\/wp\/v2\/pages\/3968\/revisions"}],"predecessor-version":[{"id":3969,"href":"https:\/\/coinkickoff.com\/sv\/wp-json\/wp\/v2\/pages\/3968\/revisions\/3969"}],"up":[{"embeddable":true,"href":"https:\/\/coinkickoff.com\/sv\/wp-json\/wp\/v2\/pages\/3937"}],"wp:attachment":[{"href":"https:\/\/coinkickoff.com\/sv\/wp-json\/wp\/v2\/media?parent=3968"}],"curies":[{"name":"wp","href":"https:\/\/api.w.org\/{rel}","templated":true}]}}