{"id":3899,"date":"2026-01-08T14:07:44","date_gmt":"2026-01-08T14:07:44","guid":{"rendered":"https:\/\/coinkickoff.com\/?page_id=3899"},"modified":"2026-01-08T14:07:44","modified_gmt":"2026-01-08T14:07:44","slug":"how-to-buy-bitcoin-on-coinbase","status":"publish","type":"page","link":"https:\/\/coinkickoff.com\/sv\/how-to-buy-bitcoin\/how-to-buy-bitcoin-on-coinbase\/","title":{"rendered":"Hur man k\u00f6per Bitcoin p\u00e5 Coinbase"},"content":{"rendered":"<div id=\"ez-toc-container\" class=\"ez-toc-v2_0_80 counter-hierarchy ez-toc-counter ez-toc-transparent ez-toc-container-direction\">\n<div class=\"ez-toc-title-container\">\n<p class=\"ez-toc-title\" style=\"cursor:inherit\">Avsnitt<\/p>\n<span class=\"ez-toc-title-toggle\"><a href=\"#\" class=\"ez-toc-pull-right ez-toc-btn ez-toc-btn-xs ez-toc-btn-default ez-toc-toggle\" aria-label=\"V\u00e4xla till inneh\u00e5llsf\u00f6rteckning\"><span class=\"ez-toc-js-icon-con\"><span class=\"\"><span class=\"eztoc-hide\" style=\"display:none;\">V\u00e4xel<\/span><span class=\"ez-toc-icon-toggle-span\"><svg style=\"fill: #999;color:#999\" xmlns=\"http:\/\/www.w3.org\/2000\/svg\" class=\"list-377408\" width=\"20px\" height=\"20px\" viewbox=\"0 0 24 24\" fill=\"none\"><path d=\"M6 6H4v2h2V6zm14 0H8v2h12V6zM4 11h2v2H4v-2zm16 0H8v2h12v-2zM4 16h2v2H4v-2zm16 0H8v2h12v-2z\" fill=\"currentColor\"><\/path><\/svg><svg style=\"fill: #999;color:#999\" class=\"arrow-unsorted-368013\" xmlns=\"http:\/\/www.w3.org\/2000\/svg\" width=\"10px\" height=\"10px\" viewbox=\"0 0 24 24\" version=\"1.2\" baseprofile=\"tiny\"><path d=\"M18.2 9.3l-6.2-6.3-6.2 6.3c-.2.2-.3.4-.3.7s.1.5.3.7c.2.2.4.3.7.3h11c.3 0 .5-.1.7-.3.2-.2.3-.5.3-.7s-.1-.5-.3-.7zM5.8 14.7l6.2 6.3 6.2-6.3c.2-.2.3-.5.3-.7s-.1-.5-.3-.7c-.2-.2-.4-.3-.7-.3h-11c-.3 0-.5.1-.7.3-.2.2-.3.5-.3.7s.1.5.3.7z\"\/><\/svg><\/span><\/span><\/span><\/a><\/span><\/div>\n<nav><ul class='ez-toc-list ez-toc-list-level-1 eztoc-toggle-hide-by-default' ><li class='ez-toc-page-1 ez-toc-heading-level-2'><a class=\"ez-toc-link ez-toc-heading-1\" href=\"https:\/\/coinkickoff.com\/sv\/how-to-buy-bitcoin\/how-to-buy-bitcoin-on-coinbase\/#How_to_Buy_Bitcoin_on_Coinbase\" >Hur man k\u00f6per Bitcoin p\u00e5 Coinbase<\/a><\/li><li class='ez-toc-page-1 ez-toc-heading-level-2'><a class=\"ez-toc-link ez-toc-heading-2\" href=\"https:\/\/coinkickoff.com\/sv\/how-to-buy-bitcoin\/how-to-buy-bitcoin-on-coinbase\/#A_Step-By-Step_Guide_on_How_to_Buy_Bitcoin_on_Coinbase\" >En steg-f\u00f6r-steg-guide om hur du k\u00f6per Bitcoin p\u00e5 Coinbase<\/a><ul class='ez-toc-list-level-3' ><li class='ez-toc-heading-level-3'><a class=\"ez-toc-link ez-toc-heading-3\" href=\"https:\/\/coinkickoff.com\/sv\/how-to-buy-bitcoin\/how-to-buy-bitcoin-on-coinbase\/#1_Register_an_Account\" >1. Registrera ett konto<\/a><\/li><li class='ez-toc-page-1 ez-toc-heading-level-3'><a class=\"ez-toc-link ez-toc-heading-4\" href=\"https:\/\/coinkickoff.com\/sv\/how-to-buy-bitcoin\/how-to-buy-bitcoin-on-coinbase\/#2_Verify_Your_Account\" >2. Verifiera ditt konto<\/a><\/li><li class='ez-toc-page-1 ez-toc-heading-level-3'><a class=\"ez-toc-link ez-toc-heading-5\" href=\"https:\/\/coinkickoff.com\/sv\/how-to-buy-bitcoin\/how-to-buy-bitcoin-on-coinbase\/#3_Deposit_FundsCrypto\" >3. Ins\u00e4ttning av medel\/krypto<\/a><\/li><li class='ez-toc-page-1 ez-toc-heading-level-3'><a class=\"ez-toc-link ez-toc-heading-6\" href=\"https:\/\/coinkickoff.com\/sv\/how-to-buy-bitcoin\/how-to-buy-bitcoin-on-coinbase\/#4_Navigate_to_the_Relevant_Screen_to_Buy\" >4. Navigera till den relevanta sk\u00e4rmen f\u00f6r att k\u00f6pa<\/a><\/li><\/ul><\/li><\/ul><\/nav><\/div>\n<h2><span class=\"ez-toc-section\" id=\"How_to_Buy_Bitcoin_on_Coinbase\"><\/span><span style=\"font-weight: 400;\">Hur man k\u00f6per Bitcoin p\u00e5 Coinbase<\/span><span class=\"ez-toc-section-end\"><\/span><\/h2>\n<p><span style=\"font-weight: 400;\">Om du vet lite om <a href=\"https:\/\/coinkickoff.com\/sv\/bitcoin-btc\/\" data-internallinksmanager029f6b8e52c=\"1\" title=\"Vad \u00e4r Bitcoin (BTC)? Pris, historia och var man kan k\u00f6pa\">Bitcoin<\/a>har du kanske redan h\u00f6rt talas om <a href=\"https:\/\/coinkickoff.com\/sv\/coinbase-review\/\" data-internallinksmanager029f6b8e52c=\"142\" title=\"Coinbase recensioner 2024: Funktioner, avgifter, s\u00e4kerhet, f\u00f6r- och nackdelar\">Coinbase<\/a>, en av de fr\u00e4msta <a href=\"https:\/\/coinkickoff.com\/sv\/crypto-exchanges\/\" data-internallinksmanager029f6b8e52c=\"141\" title=\"21 b\u00e4sta kryptovalutab\u00f6rser och appar 2024\">utbyte av kryptovalutor<\/a> i v\u00e4rlden.<\/span><\/p>\n<p><span style=\"font-weight: 400;\">Coinbase \u00e4r en USA-baserad digital b\u00f6rs k\u00e4nd f\u00f6r sin anv\u00e4ndarv\u00e4nlighet och efterlevnad av lagar och f\u00f6rordningar i de l\u00e4nder d\u00e4r den \u00e4r verksam. I ett hav av vilda och ofta oreglerade kryptob\u00f6rser \u00e4r den fortfarande en ledstj\u00e4rna f\u00f6r stabilitet och rekommenderas d\u00e4rf\u00f6r ofta till nyb\u00f6rjare som ett p\u00e5litligt alternativ.\u00a0<\/span><\/p>\n<p><span style=\"font-weight: 400;\">Om du vill starta din egen kryptoresa f\u00f6r att k\u00f6pa n\u00e5gra BTC, <\/span><a href=\"https:\/\/coinkickoff.com\/sv\/coinbase-review\/\"><span style=\"font-weight: 400;\">Coinbase<\/span><\/a><span style=\"font-weight: 400;\"> \u00e4r ett logiskt val. I den h\u00e4r guiden f\u00f6rklarar vi steg f\u00f6r steg hur du k\u00f6per Bitcoin p\u00e5 Coin-basen med steg-f\u00f6r-steg-instruktioner.<\/span><\/p>\n<h2><span class=\"ez-toc-section\" id=\"A_Step-By-Step_Guide_on_How_to_Buy_Bitcoin_on_Coinbase\"><\/span><span style=\"font-weight: 400;\">En steg-f\u00f6r-steg-guide om hur du k\u00f6per Bitcoin p\u00e5 Coinbase<\/span><span class=\"ez-toc-section-end\"><\/span><\/h2>\n<h3><span class=\"ez-toc-section\" id=\"1_Register_an_Account\"><\/span><span style=\"font-weight: 400;\">1. Registrera ett konto<\/span><span class=\"ez-toc-section-end\"><\/span><\/h3>\n<h2><img loading=\"lazy\" decoding=\"async\" class=\"alignnone wp-image-3527 size-large\" style=\"font-size: 18px; font-family: Muli, sans-serif;\" src=\"https:\/\/coinkickoff.com\/wp-content\/uploads\/Screen-Shot-2023-03-30-at-7.13.25-AM-e1686183370122-1024x538.png\" alt=\"\" width=\"1024\" height=\"538\" srcset=\"https:\/\/coinkickoff.com\/wp-content\/uploads\/Screen-Shot-2023-03-30-at-7.13.25-AM-e1686183370122-1024x538.png 1024w, https:\/\/coinkickoff.com\/wp-content\/uploads\/Screen-Shot-2023-03-30-at-7.13.25-AM-e1686183370122-300x158.png 300w, https:\/\/coinkickoff.com\/wp-content\/uploads\/Screen-Shot-2023-03-30-at-7.13.25-AM-e1686183370122-768x404.png 768w, https:\/\/coinkickoff.com\/wp-content\/uploads\/Screen-Shot-2023-03-30-at-7.13.25-AM-e1686183370122-18x9.png 18w, https:\/\/coinkickoff.com\/wp-content\/uploads\/Screen-Shot-2023-03-30-at-7.13.25-AM-e1686183370122.png 1277w\" sizes=\"auto, (max-width: 1024px) 100vw, 1024px\" \/><\/h2>\n<p><span style=\"font-weight: 400;\">F\u00f6rst och fr\u00e4mst, anv\u00e4nd v\u00e5r l\u00e4nk f\u00f6r att g\u00e5 till <\/span><a href=\"https:\/\/coinbase-consumer.sjv.io\/ORPoaG\" target=\"_blank\" rel=\"noopener\"><span style=\"font-weight: 400;\">Coinbasens officiella webbplats<\/span><\/a><span style=\"font-weight: 400;\"> och \u00f6ppna ett v\u00e4xlingskonto.<\/span><\/p>\n<p><span style=\"font-weight: 400;\">Du m\u00e5ste registrera dig med ditt officiella namn. Eftersom Coinbase har en strikt KYC-policy \u00e4r det viktigt att dina personliga uppgifter matchar ditt ID n\u00e4r du f\u00f6rst registrerar dig.<\/span><\/p>\n<p><span style=\"font-weight: 400;\">N\u00e4r du har fyllt i formul\u00e4ret klickar du p\u00e5 \"Skapa konto\". Coinbase kommer att skicka en verifieringsl\u00e4nk till dig via e-post. Klicka p\u00e5 l\u00e4nken f\u00f6r att verifiera din e-postadress.\u00a0<\/span><\/p>\n<p><span style=\"font-weight: 400;\">Coinbase kr\u00e4ver ocks\u00e5 att du bekr\u00e4ftar ditt mobilnummer f\u00f6r att logga in p\u00e5 ditt konto. Ange dina siffror n\u00e4r du blir ombedd och anv\u00e4nd SMS-koden du f\u00e5r f\u00f6r att logga in.<\/span><\/p>\n<h3><span class=\"ez-toc-section\" id=\"2_Verify_Your_Account\"><\/span><span style=\"font-weight: 400;\">2. Verifiera ditt konto<\/span><span class=\"ez-toc-section-end\"><\/span><\/h3>\n<p><span style=\"font-weight: 400;\">Identitetsverifiering \u00e4r ett m\u00e5ste p\u00e5 Coinbase. Tack och lov \u00e4r det en enkel process. Klicka bara p\u00e5 knappen \"Verifiera ditt ID\" som dyker upp n\u00e4r du loggar in f\u00f6rsta g\u00e5ngen. <\/span><\/p>\n<p><img loading=\"lazy\" decoding=\"async\" class=\"alignnone wp-image-3526 size-large\" src=\"https:\/\/coinkickoff.com\/wp-content\/uploads\/Screen-Shot-2023-03-30-at-6.16.20-AM-e1683779340546-1024x470.png\" alt=\"\" width=\"1024\" height=\"470\" srcset=\"https:\/\/coinkickoff.com\/wp-content\/uploads\/Screen-Shot-2023-03-30-at-6.16.20-AM-e1683779340546-1024x470.png 1024w, https:\/\/coinkickoff.com\/wp-content\/uploads\/Screen-Shot-2023-03-30-at-6.16.20-AM-e1683779340546-300x138.png 300w, https:\/\/coinkickoff.com\/wp-content\/uploads\/Screen-Shot-2023-03-30-at-6.16.20-AM-e1683779340546-768x352.png 768w, https:\/\/coinkickoff.com\/wp-content\/uploads\/Screen-Shot-2023-03-30-at-6.16.20-AM-e1683779340546-18x8.png 18w, https:\/\/coinkickoff.com\/wp-content\/uploads\/Screen-Shot-2023-03-30-at-6.16.20-AM-e1683779340546.png 1389w\" sizes=\"auto, (max-width: 1024px) 100vw, 1024px\" \/><\/p>\n<p><span style=\"font-weight: 400;\">Om du av misstag st\u00e4ngde popup-varningen f\u00f6r verifiering beh\u00f6ver du inte oroa dig. Om du klickar p\u00e5 fliken \"K\u00f6p och s\u00e4lj\" som \u00e4r markerad med bl\u00e5tt kommer en ny verifieringsbeg\u00e4ran att skickas ut. Du kan ocks\u00e5 klicka p\u00e5 din profilikon och navigera till fliken \"Verifiering\" f\u00f6r att starta processen manuellt.<\/span><\/p>\n<p><img loading=\"lazy\" decoding=\"async\" class=\"alignnone wp-image-3525 size-full\" src=\"https:\/\/coinkickoff.com\/wp-content\/uploads\/Screen-Shot-2023-03-30-at-6.15.03-AM-e1683779367919.png\" alt=\"\" width=\"1436\" height=\"806\" srcset=\"https:\/\/coinkickoff.com\/wp-content\/uploads\/Screen-Shot-2023-03-30-at-6.15.03-AM-e1683779367919.png 1436w, https:\/\/coinkickoff.com\/wp-content\/uploads\/Screen-Shot-2023-03-30-at-6.15.03-AM-e1683779367919-300x168.png 300w, https:\/\/coinkickoff.com\/wp-content\/uploads\/Screen-Shot-2023-03-30-at-6.15.03-AM-e1683779367919-1024x575.png 1024w, https:\/\/coinkickoff.com\/wp-content\/uploads\/Screen-Shot-2023-03-30-at-6.15.03-AM-e1683779367919-768x431.png 768w, https:\/\/coinkickoff.com\/wp-content\/uploads\/Screen-Shot-2023-03-30-at-6.15.03-AM-e1683779367919-18x10.png 18w, https:\/\/coinkickoff.com\/wp-content\/uploads\/Screen-Shot-2023-03-30-at-6.15.03-AM-e1683779367919-600x338.png 600w\" sizes=\"auto, (max-width: 1436px) 100vw, 1436px\" \/><\/p>\n<p><span style=\"font-weight: 400;\">Coinbase ger dig ett detaljerat fr\u00e5geformul\u00e4r att fylla i. Se till att du fyller i formul\u00e4ret med korrekt information. Felaktig eller saknad information kan f\u00f6rsena godk\u00e4nnandet av din verifiering.\u00a0\u00a0<\/span><\/p>\n<p><span style=\"font-weight: 400;\">N\u00e4r du har fyllt i formul\u00e4ret laddar du upp ett officiellt foto-ID, till exempel en passida eller ett k\u00f6rkort till plattformen. Verifiering tar vanligtvis n\u00e5gra minuter, och du kommer att kunna s\u00e4tta in pengar och k\u00f6pa BTC n\u00e4r det \u00e4r klart.<\/span><\/p>\n<h3><span class=\"ez-toc-section\" id=\"3_Deposit_FundsCrypto\"><\/span><span style=\"font-weight: 400;\">3. Ins\u00e4ttning av medel\/krypto<\/span><span class=\"ez-toc-section-end\"><\/span><\/h3>\n<p><span style=\"font-weight: 400;\">N\u00e4sta steg \u00e4r att l\u00e4gga till en betalningsmetod till ditt Coinbase-konto. Klicka p\u00e5 din profilikon (\u00f6vre h\u00f6gra h\u00f6rnet) f\u00f6r att g\u00e5 till dina kontoinst\u00e4llningar. <\/span><\/p>\n<p><img loading=\"lazy\" decoding=\"async\" class=\"alignnone wp-image-3521 size-full\" src=\"https:\/\/coinkickoff.com\/wp-content\/uploads\/Screen-Shot-2023-03-29-at-10.44.01-PM-e1683779393247.png\" alt=\"\" width=\"1396\" height=\"673\" srcset=\"https:\/\/coinkickoff.com\/wp-content\/uploads\/Screen-Shot-2023-03-29-at-10.44.01-PM-e1683779393247.png 1396w, https:\/\/coinkickoff.com\/wp-content\/uploads\/Screen-Shot-2023-03-29-at-10.44.01-PM-e1683779393247-300x145.png 300w, https:\/\/coinkickoff.com\/wp-content\/uploads\/Screen-Shot-2023-03-29-at-10.44.01-PM-e1683779393247-1024x494.png 1024w, https:\/\/coinkickoff.com\/wp-content\/uploads\/Screen-Shot-2023-03-29-at-10.44.01-PM-e1683779393247-768x370.png 768w, https:\/\/coinkickoff.com\/wp-content\/uploads\/Screen-Shot-2023-03-29-at-10.44.01-PM-e1683779393247-18x9.png 18w\" sizes=\"auto, (max-width: 1396px) 100vw, 1396px\" \/><\/p>\n<p><span style=\"font-weight: 400;\">Klicka p\u00e5 fliken \"Betalningsmetoder\".<\/span><\/p>\n<p><img loading=\"lazy\" decoding=\"async\" class=\"alignnone wp-image-3522 size-full\" src=\"https:\/\/coinkickoff.com\/wp-content\/uploads\/Screen-Shot-2023-03-29-at-10.44.08-PM-e1683779417928.png\" alt=\"\" width=\"1414\" height=\"719\" srcset=\"https:\/\/coinkickoff.com\/wp-content\/uploads\/Screen-Shot-2023-03-29-at-10.44.08-PM-e1683779417928.png 1414w, https:\/\/coinkickoff.com\/wp-content\/uploads\/Screen-Shot-2023-03-29-at-10.44.08-PM-e1683779417928-300x153.png 300w, https:\/\/coinkickoff.com\/wp-content\/uploads\/Screen-Shot-2023-03-29-at-10.44.08-PM-e1683779417928-1024x521.png 1024w, https:\/\/coinkickoff.com\/wp-content\/uploads\/Screen-Shot-2023-03-29-at-10.44.08-PM-e1683779417928-768x391.png 768w, https:\/\/coinkickoff.com\/wp-content\/uploads\/Screen-Shot-2023-03-29-at-10.44.08-PM-e1683779417928-18x9.png 18w\" sizes=\"auto, (max-width: 1414px) 100vw, 1414px\" \/><\/p>\n<p><span style=\"font-weight: 400;\">Klicka nu p\u00e5 knappen \"L\u00e4gg till en betalningsmetod\" f\u00f6r att se dina alternativ.<\/span><\/p>\n<p><img loading=\"lazy\" decoding=\"async\" class=\"alignnone wp-image-3523 size-full\" src=\"https:\/\/coinkickoff.com\/wp-content\/uploads\/Screen-Shot-2023-03-29-at-10.44.22-PM-e1683779442560.png\" alt=\"\" width=\"1403\" height=\"737\" srcset=\"https:\/\/coinkickoff.com\/wp-content\/uploads\/Screen-Shot-2023-03-29-at-10.44.22-PM-e1683779442560.png 1403w, https:\/\/coinkickoff.com\/wp-content\/uploads\/Screen-Shot-2023-03-29-at-10.44.22-PM-e1683779442560-300x158.png 300w, https:\/\/coinkickoff.com\/wp-content\/uploads\/Screen-Shot-2023-03-29-at-10.44.22-PM-e1683779442560-1024x538.png 1024w, https:\/\/coinkickoff.com\/wp-content\/uploads\/Screen-Shot-2023-03-29-at-10.44.22-PM-e1683779442560-768x403.png 768w, https:\/\/coinkickoff.com\/wp-content\/uploads\/Screen-Shot-2023-03-29-at-10.44.22-PM-e1683779442560-18x9.png 18w\" sizes=\"auto, (max-width: 1403px) 100vw, 1403px\" \/><\/p>\n<p><span style=\"font-weight: 400;\">Betalningsmetoderna varierar beroende p\u00e5 land. USA-baserade anv\u00e4ndare kan enkelt ansluta sitt amerikanska bankkonto till plattformen f\u00f6r att g\u00f6ra ins\u00e4ttningar i fiatvaluta. Europabaserade anv\u00e4ndare kan ocks\u00e5 anv\u00e4nda SEPA och bank\u00f6verf\u00f6ringar.<\/span><\/p>\n<p><span style=\"font-weight: 400;\">De vanligaste betalningsmetoderna som n\u00e4stan alla kan anv\u00e4nda \u00e4r betalkort och kreditkort. Att k\u00f6pa digitala tillg\u00e5ngar med betal- och kreditkort \u00e4r superenkelt och mycket snabbt. Tyv\u00e4rr \u00e4r en nackdel de extra avgifterna f\u00f6r betalningshantering. Vanligtvis tar Coinbase ut en avgift p\u00e5 3-5% f\u00f6r alla k\u00f6p med kredit- och betalkort coin.<\/span><\/p>\n<p><span style=\"font-weight: 400;\">Klicka p\u00e5 den metod du vill anv\u00e4nda. Om du v\u00e4ljer bank\u00f6verf\u00f6ring f\u00f6ljer du instruktionerna p\u00e5 sk\u00e4rmen f\u00f6r att l\u00e4nka ditt bankkonto till ditt Coinbase-konto.<\/span><\/p>\n<p><span style=\"font-weight: 400;\">Du kan ocks\u00e5 v\u00e4lja kredit-\/debetkortsalternativet och f\u00f6lja instruktionerna nedan.<\/span><\/p>\n<p><img loading=\"lazy\" decoding=\"async\" class=\"alignnone wp-image-3524 size-full\" src=\"https:\/\/coinkickoff.com\/wp-content\/uploads\/Screen-Shot-2023-03-29-at-10.44.29-PM-e1683779464552.png\" alt=\"\" width=\"1407\" height=\"730\" srcset=\"https:\/\/coinkickoff.com\/wp-content\/uploads\/Screen-Shot-2023-03-29-at-10.44.29-PM-e1683779464552.png 1407w, https:\/\/coinkickoff.com\/wp-content\/uploads\/Screen-Shot-2023-03-29-at-10.44.29-PM-e1683779464552-300x156.png 300w, https:\/\/coinkickoff.com\/wp-content\/uploads\/Screen-Shot-2023-03-29-at-10.44.29-PM-e1683779464552-1024x531.png 1024w, https:\/\/coinkickoff.com\/wp-content\/uploads\/Screen-Shot-2023-03-29-at-10.44.29-PM-e1683779464552-768x398.png 768w, https:\/\/coinkickoff.com\/wp-content\/uploads\/Screen-Shot-2023-03-29-at-10.44.29-PM-e1683779464552-18x9.png 18w\" sizes=\"auto, (max-width: 1407px) 100vw, 1407px\" \/><\/p>\n<p><span style=\"font-weight: 400;\">Ange f\u00f6rst ditt namn som det st\u00e5r p\u00e5 kortet. Observera att namnet p\u00e5 kortet m\u00e5ste st\u00e4mma \u00f6verens med ditt officiella namn som det st\u00e5r p\u00e5 din ID-handling. Ange kortnummer, utg\u00e5ngsdatum och ditt CVC. CVC \u00e4r vanligtvis en tresiffrig kod som st\u00e5r p\u00e5 baksidan av ditt kort. Slutligen anger du ditt postnummer och trycker p\u00e5 knappen \"L\u00e4gg till kort\".<\/span><\/p>\n<h3><span class=\"ez-toc-section\" id=\"4_Navigate_to_the_Relevant_Screen_to_Buy\"><\/span><span style=\"font-weight: 400;\">4. Navigera till den relevanta sk\u00e4rmen f\u00f6r att k\u00f6pa<\/span><span class=\"ez-toc-section-end\"><\/span><\/h3>\n<p><span style=\"font-weight: 400;\">G\u00e5 till din hemsida och klicka p\u00e5 knappen \"K\u00f6p &amp; s\u00e4lj\" som \u00e4r markerad med bl\u00e5tt. D\u00e5 \u00f6ppnas k\u00f6pformul\u00e4ret med ett klick. <\/span><\/p>\n<p><img loading=\"lazy\" decoding=\"async\" class=\"alignnone wp-image-3811 size-full\" src=\"https:\/\/coinkickoff.com\/wp-content\/uploads\/Screen-Shot-2023-06-08-at-3.20.32-AM-1-e1686183860887.png\" alt=\"hur man k\u00f6per shiba inu p\u00e5 coinbase\" width=\"1295\" height=\"655\" \/><\/p>\n<p><span style=\"font-weight: 400;\">Ange bara det belopp du vill spendera. K\u00f6pwidgeten \u00e4r inst\u00e4lld p\u00e5 BTC som standard, men du kan \u00e4ndra den till andra digitala tillg\u00e5ngar genom att klicka p\u00e5 pilen bredvid den.<\/span><\/p>\n<p><span style=\"font-weight: 400;\">Klicka p\u00e5 rutan \"Betala med\" och v\u00e4lj ditt kredit- eller betalkort som betalningsmetod.<\/span><\/p>\n<p><span style=\"font-weight: 400;\">Om du tittar under det belopp du har angett kommer du att m\u00e4rka en annan ruta som s\u00e4ger \"Eng\u00e5ngsk\u00f6p\". Det \u00e4r standardinst\u00e4llningen, men du kan \u00e4ndra den s\u00e5 att Coinbase g\u00f6r automatiskt \u00e5terkommande ink\u00f6p \u00e5t dig varje vecka eller varje m\u00e5nad.\u00a0<\/span><\/p>\n<p><span style=\"font-weight: 400;\">N\u00e4r du har fyllt i formul\u00e4ret klickar du p\u00e5 \"F\u00f6rhandsgranska k\u00f6p\". <\/span><\/p>\n<p><img loading=\"lazy\" decoding=\"async\" class=\"alignnone wp-image-3519 size-full\" src=\"https:\/\/coinkickoff.com\/wp-content\/uploads\/Screen-Shot-2023-03-29-at-10.39.23-PM-e1683779487708.png\" alt=\"hur man k\u00f6per dogecoin p\u00e5 coinbaseHur man k\u00f6per Bitcoin p\u00e5 Coinbase\" width=\"1439\" height=\"763\" srcset=\"https:\/\/coinkickoff.com\/wp-content\/uploads\/Screen-Shot-2023-03-29-at-10.39.23-PM-e1683779487708.png 1439w, https:\/\/coinkickoff.com\/wp-content\/uploads\/Screen-Shot-2023-03-29-at-10.39.23-PM-e1683779487708-300x159.png 300w, https:\/\/coinkickoff.com\/wp-content\/uploads\/Screen-Shot-2023-03-29-at-10.39.23-PM-e1683779487708-1024x543.png 1024w, https:\/\/coinkickoff.com\/wp-content\/uploads\/Screen-Shot-2023-03-29-at-10.39.23-PM-e1683779487708-768x407.png 768w, https:\/\/coinkickoff.com\/wp-content\/uploads\/Screen-Shot-2023-03-29-at-10.39.23-PM-e1683779487708-18x10.png 18w\" sizes=\"auto, (max-width: 1439px) 100vw, 1439px\" \/><\/p>\n<p><span style=\"font-weight: 400;\">Coinbase visar hur mycket BTC du kommer att f\u00e5, samt eventuella avgifter som du debiteras. Om du \u00e4r n\u00f6jd med din best\u00e4llning kan du klicka p\u00e5 \"K\u00f6p nu\" f\u00f6r att avsluta den.\u00a0<\/span><\/p>","protected":false},"excerpt":{"rendered":"<p>Hur man k\u00f6per Bitcoin p\u00e5 Coinbase Om du vet lite om Bitcoin, du kanske redan har h\u00f6rt talas om Coinbase, en av de fr\u00e4msta kryptovaluta utbyte i v\u00e4rlden. Coinbase \u00e4r ett USA-baserat digitalt utbyte k\u00e4nt f\u00f6r sin anv\u00e4ndarv\u00e4nlighet och efterlevnad av lagar och f\u00f6rordningar i de l\u00e4nder det verkar i. [...]<\/p>","protected":false},"author":3,"featured_media":0,"parent":3885,"menu_order":0,"comment_status":"closed","ping_status":"closed","template":"","meta":{"_genesis_hide_title":false,"_genesis_hide_breadcrumbs":false,"_genesis_hide_singular_image":false,"_genesis_hide_footer_widgets":false,"_genesis_custom_body_class":"","_genesis_custom_post_class":"","_genesis_layout":"","_glsr_average":0,"_glsr_ranking":0,"_glsr_reviews":0,"footnotes":""},"class_list":{"0":"post-3899","1":"page","2":"type-page","3":"status-publish","5":"entry"},"featured_image_src":null,"featured_image_src_square":null,"_links":{"self":[{"href":"https:\/\/coinkickoff.com\/sv\/wp-json\/wp\/v2\/pages\/3899","targetHints":{"allow":["GET"]}}],"collection":[{"href":"https:\/\/coinkickoff.com\/sv\/wp-json\/wp\/v2\/pages"}],"about":[{"href":"https:\/\/coinkickoff.com\/sv\/wp-json\/wp\/v2\/types\/page"}],"author":[{"embeddable":true,"href":"https:\/\/coinkickoff.com\/sv\/wp-json\/wp\/v2\/users\/3"}],"replies":[{"embeddable":true,"href":"https:\/\/coinkickoff.com\/sv\/wp-json\/wp\/v2\/comments?post=3899"}],"version-history":[{"count":1,"href":"https:\/\/coinkickoff.com\/sv\/wp-json\/wp\/v2\/pages\/3899\/revisions"}],"predecessor-version":[{"id":3900,"href":"https:\/\/coinkickoff.com\/sv\/wp-json\/wp\/v2\/pages\/3899\/revisions\/3900"}],"up":[{"embeddable":true,"href":"https:\/\/coinkickoff.com\/sv\/wp-json\/wp\/v2\/pages\/3885"}],"wp:attachment":[{"href":"https:\/\/coinkickoff.com\/sv\/wp-json\/wp\/v2\/media?parent=3899"}],"curies":[{"name":"wp","href":"https:\/\/api.w.org\/{rel}","templated":true}]}}