{"id":3877,"date":"2026-01-08T14:06:52","date_gmt":"2026-01-08T14:06:52","guid":{"rendered":"https:\/\/coinkickoff.com\/?page_id=3877"},"modified":"2026-01-08T14:06:52","modified_gmt":"2026-01-08T14:06:52","slug":"how-to-buy-shiba-inu-on-kraken","status":"publish","type":"page","link":"https:\/\/coinkickoff.com\/sv\/how-to-buy-shiba-inu\/how-to-buy-shiba-inu-on-kraken\/","title":{"rendered":"Hur man k\u00f6per Shiba Inu p\u00e5 Kraken"},"content":{"rendered":"<div id=\"ez-toc-container\" class=\"ez-toc-v2_0_80 counter-hierarchy ez-toc-counter ez-toc-transparent ez-toc-container-direction\">\n<div class=\"ez-toc-title-container\">\n<p class=\"ez-toc-title\" style=\"cursor:inherit\">Avsnitt<\/p>\n<span class=\"ez-toc-title-toggle\"><a href=\"#\" class=\"ez-toc-pull-right ez-toc-btn ez-toc-btn-xs ez-toc-btn-default ez-toc-toggle\" aria-label=\"V\u00e4xla till inneh\u00e5llsf\u00f6rteckning\"><span class=\"ez-toc-js-icon-con\"><span class=\"\"><span class=\"eztoc-hide\" style=\"display:none;\">V\u00e4xel<\/span><span class=\"ez-toc-icon-toggle-span\"><svg style=\"fill: #999;color:#999\" xmlns=\"http:\/\/www.w3.org\/2000\/svg\" class=\"list-377408\" width=\"20px\" height=\"20px\" viewbox=\"0 0 24 24\" fill=\"none\"><path d=\"M6 6H4v2h2V6zm14 0H8v2h12V6zM4 11h2v2H4v-2zm16 0H8v2h12v-2zM4 16h2v2H4v-2zm16 0H8v2h12v-2z\" fill=\"currentColor\"><\/path><\/svg><svg style=\"fill: #999;color:#999\" class=\"arrow-unsorted-368013\" xmlns=\"http:\/\/www.w3.org\/2000\/svg\" width=\"10px\" height=\"10px\" viewbox=\"0 0 24 24\" version=\"1.2\" baseprofile=\"tiny\"><path d=\"M18.2 9.3l-6.2-6.3-6.2 6.3c-.2.2-.3.4-.3.7s.1.5.3.7c.2.2.4.3.7.3h11c.3 0 .5-.1.7-.3.2-.2.3-.5.3-.7s-.1-.5-.3-.7zM5.8 14.7l6.2 6.3 6.2-6.3c.2-.2.3-.5.3-.7s-.1-.5-.3-.7c-.2-.2-.4-.3-.7-.3h-11c-.3 0-.5.1-.7.3-.2.2-.3.5-.3.7s.1.5.3.7z\"\/><\/svg><\/span><\/span><\/span><\/a><\/span><\/div>\n<nav><ul class='ez-toc-list ez-toc-list-level-1 eztoc-toggle-hide-by-default' ><li class='ez-toc-page-1 ez-toc-heading-level-2'><a class=\"ez-toc-link ez-toc-heading-1\" href=\"https:\/\/coinkickoff.com\/sv\/how-to-buy-shiba-inu\/how-to-buy-shiba-inu-on-kraken\/#How_to_Buy_Shiba_Inu_on_Kraken_Exchange\" >Hur man k\u00f6per Shiba Inu p\u00e5 Kraken Exchange<\/a><\/li><li class='ez-toc-page-1 ez-toc-heading-level-2'><a class=\"ez-toc-link ez-toc-heading-2\" href=\"https:\/\/coinkickoff.com\/sv\/how-to-buy-shiba-inu\/how-to-buy-shiba-inu-on-kraken\/#A_Step-By-Step_Guide_on_How_to_Buy_Shiba_Inu_on_Kraken\" >En steg-f\u00f6r-steg-guide om hur man k\u00f6per Shiba Inu p\u00e5 Kraken<\/a><ul class='ez-toc-list-level-3' ><li class='ez-toc-heading-level-3'><a class=\"ez-toc-link ez-toc-heading-3\" href=\"https:\/\/coinkickoff.com\/sv\/how-to-buy-shiba-inu\/how-to-buy-shiba-inu-on-kraken\/#1_Register_an_Account_on_Kraken\" >1. Registrera ett konto p\u00e5 Kraken<\/a><\/li><li class='ez-toc-page-1 ez-toc-heading-level-3'><a class=\"ez-toc-link ez-toc-heading-4\" href=\"https:\/\/coinkickoff.com\/sv\/how-to-buy-shiba-inu\/how-to-buy-shiba-inu-on-kraken\/#2_Verify_Your_Account\" >2. Verifiera ditt konto<\/a><\/li><li class='ez-toc-page-1 ez-toc-heading-level-3'><a class=\"ez-toc-link ez-toc-heading-5\" href=\"https:\/\/coinkickoff.com\/sv\/how-to-buy-shiba-inu\/how-to-buy-shiba-inu-on-kraken\/#3_Enable_2FA\" >3. Aktivera 2FA<\/a><\/li><li class='ez-toc-page-1 ez-toc-heading-level-3'><a class=\"ez-toc-link ez-toc-heading-6\" href=\"https:\/\/coinkickoff.com\/sv\/how-to-buy-shiba-inu\/how-to-buy-shiba-inu-on-kraken\/#4_Add_an_Instant_Payment_Method\" >4. L\u00e4gg till en direktbetalningsmetod<\/a><\/li><li class='ez-toc-page-1 ez-toc-heading-level-3'><a class=\"ez-toc-link ez-toc-heading-7\" href=\"https:\/\/coinkickoff.com\/sv\/how-to-buy-shiba-inu\/how-to-buy-shiba-inu-on-kraken\/#4_Navigate_to_the_Relevant_Screen_to_Buy\" >4. Navigera till den relevanta sk\u00e4rmen f\u00f6r att k\u00f6pa<\/a><\/li><\/ul><\/li><\/ul><\/nav><\/div>\n<h2><span class=\"ez-toc-section\" id=\"How_to_Buy_Shiba_Inu_on_Kraken_Exchange\"><\/span><span style=\"font-weight: 400;\">Hur man k\u00f6per Shiba Inu p\u00e5 Kraken Exchange<\/span><span class=\"ez-toc-section-end\"><\/span><\/h2>\n<p><span style=\"font-weight: 400;\">Som de flesta kryptovalutor, <a href=\"https:\/\/coinkickoff.com\/sv\/shiba-inu-shib\/\">Shiba Inu (SHIB)<\/a> \u00e4r en spekulativ tillg\u00e5ng: Dess pris kan stiga och sjunka beroende p\u00e5 infall fr\u00e5n k\u00e4ndisar, marknadsf\u00f6rare och till och med Reddit-kommentatorer. Som ett meme coin utan anv\u00e4ndningsomr\u00e5de, <a href=\"https:\/\/coinkickoff.com\/sv\/shiba-inu-shib\/\" data-internallinksmanager029f6b8e52c=\"16\" title=\"Vad \u00e4r Shiba Inu (SHIB)? Hur fungerar det och var kan man k\u00f6pa det?\">SHIB<\/a> \u00e4r s\u00e4rskilt k\u00e4nslig f\u00f6r stora och pl\u00f6tsliga kurssv\u00e4ngningar, vilket g\u00f6r den potentiellt l\u00f6nsam och riskfylld.<\/span><\/p>\n<p><span style=\"font-weight: 400;\">Du kan k\u00f6pa SHIB p\u00e5 flera <a href=\"https:\/\/coinkickoff.com\/sv\/crypto-exchanges\/\" data-internallinksmanager029f6b8e52c=\"141\" title=\"21 b\u00e4sta kryptovalutab\u00f6rser och appar 2024\">kryptob\u00f6rser<\/a>tack vare dess popularitet. I den h\u00e4r guiden kommer vi att f\u00f6rklara hur man k\u00f6per Shiba Inu p\u00e5 <a href=\"https:\/\/coinkickoff.com\/sv\/kraken-review\/\">Kraken<\/a>, en USA-baserad veteranb\u00f6rs som \u00e4r k\u00e4nd f\u00f6r sina h\u00f6ga s\u00e4kerhetsstandarder.<\/span><\/p>\n<h2><span class=\"ez-toc-section\" id=\"A_Step-By-Step_Guide_on_How_to_Buy_Shiba_Inu_on_Kraken\"><\/span><span style=\"font-weight: 400;\">En steg-f\u00f6r-steg-guide om hur man k\u00f6per Shiba Inu p\u00e5 Kraken<\/span><span class=\"ez-toc-section-end\"><\/span><\/h2>\n<h3><span class=\"ez-toc-section\" id=\"1_Register_an_Account_on_Kraken\"><\/span><span style=\"font-weight: 400;\">1. Registrera ett konto p\u00e5 Kraken<\/span><span class=\"ez-toc-section-end\"><\/span><\/h3>\n<p><img loading=\"lazy\" decoding=\"async\" class=\"alignnone wp-image-3406 size-full\" src=\"https:\/\/coinkickoff.com\/wp-content\/uploads\/kraken1-e1682502957481.png\" alt=\"hur man k\u00f6per Dogecoin p\u00e5 Kraken\" width=\"1339\" height=\"763\" srcset=\"https:\/\/coinkickoff.com\/wp-content\/uploads\/kraken1-e1682502957481.png 1339w, https:\/\/coinkickoff.com\/wp-content\/uploads\/kraken1-e1682502957481-300x171.png 300w, https:\/\/coinkickoff.com\/wp-content\/uploads\/kraken1-e1682502957481-1024x584.png 1024w, https:\/\/coinkickoff.com\/wp-content\/uploads\/kraken1-e1682502957481-768x438.png 768w, https:\/\/coinkickoff.com\/wp-content\/uploads\/kraken1-e1682502957481-18x10.png 18w\" sizes=\"auto, (max-width: 1339px) 100vw, 1339px\" \/><\/p>\n<p><span style=\"font-weight: 400;\">Det viktigaste f\u00f6rst: G\u00e5 till <a href=\"https:\/\/coinkickoff.com\/sv\/kraken-review\/\" data-internallinksmanager029f6b8e52c=\"171\" title=\"Kraken recensioner 2023: Avgifter, funktioner, s\u00e4kerhet, f\u00f6rdelar och nackdelar\">Kraken<\/a>s officiella webbplats och skapa ett konto. Fyll i registreringsformul\u00e4ret genom att ange all n\u00f6dv\u00e4ndig information. Se till att du anger en giltig e-postadress: Kraken kommer att anv\u00e4nda den f\u00f6r att skicka dig en aktiveringsl\u00e4nk.<\/span><\/p>\n<h3><span class=\"ez-toc-section\" id=\"2_Verify_Your_Account\"><\/span><span style=\"font-weight: 400;\">2. Verifiera ditt konto<\/span><span class=\"ez-toc-section-end\"><\/span><\/h3>\n<p><span style=\"font-weight: 400;\">N\u00e4r du har loggat in \u00e4r det dags att slutf\u00f6ra identitetsverifiering. Kraken \u00e4r ganska strikt med identitetsverifiering, s\u00e5 du kan inte hoppa \u00f6ver det h\u00e4r steget. I sj\u00e4lva verket, s\u00e5 snart du f\u00f6rs\u00f6ker klicka p\u00e5 fliken \"K\u00f6p Crypto\" h\u00f6gst upp p\u00e5 instrumentpanelen, kommer du att uppmanas att verifiera din identitet.<\/span><\/p>\n<p><img loading=\"lazy\" decoding=\"async\" class=\"alignnone wp-image-3407 size-full\" src=\"https:\/\/coinkickoff.com\/wp-content\/uploads\/kraken2-e1686524781685.png\" alt=\"varning f\u00f6r verifiering av kraken\" width=\"1360\" height=\"791\" srcset=\"https:\/\/coinkickoff.com\/wp-content\/uploads\/kraken2-e1686524781685.png 1360w, https:\/\/coinkickoff.com\/wp-content\/uploads\/kraken2-e1686524781685-300x174.png 300w, https:\/\/coinkickoff.com\/wp-content\/uploads\/kraken2-e1686524781685-1024x596.png 1024w, https:\/\/coinkickoff.com\/wp-content\/uploads\/kraken2-e1686524781685-768x447.png 768w, https:\/\/coinkickoff.com\/wp-content\/uploads\/kraken2-e1686524781685-18x10.png 18w\" sizes=\"auto, (max-width: 1360px) 100vw, 1360px\" \/><\/p>\n<p><span style=\"font-weight: 400;\">Krakens verifieringsschema \u00e4r ganska standard: du m\u00e5ste ange ditt namn, adress och personliga uppgifter och ladda upp ID-dokument.<\/span><\/p>\n<p><img loading=\"lazy\" decoding=\"async\" class=\"alignnone wp-image-3408 size-full\" src=\"https:\/\/coinkickoff.com\/wp-content\/uploads\/kraken3-e1682503223180.png\" alt=\"\" width=\"1375\" height=\"777\" srcset=\"https:\/\/coinkickoff.com\/wp-content\/uploads\/kraken3-e1682503223180.png 1375w, https:\/\/coinkickoff.com\/wp-content\/uploads\/kraken3-e1682503223180-300x170.png 300w, https:\/\/coinkickoff.com\/wp-content\/uploads\/kraken3-e1682503223180-1024x579.png 1024w, https:\/\/coinkickoff.com\/wp-content\/uploads\/kraken3-e1682503223180-768x434.png 768w, https:\/\/coinkickoff.com\/wp-content\/uploads\/kraken3-e1682503223180-18x10.png 18w, https:\/\/coinkickoff.com\/wp-content\/uploads\/kraken3-e1682503223180-600x338.png 600w\" sizes=\"auto, (max-width: 1375px) 100vw, 1375px\" \/><\/p>\n<p><span style=\"font-weight: 400;\">Ange all n\u00f6dv\u00e4ndig information och klicka p\u00e5 \"Forts\u00e4tt\". Ladda upp n\u00f6dv\u00e4ndiga dokument n\u00e4r du uppmanas till det. Du kan slutf\u00f6ra processen p\u00e5 n\u00e5gra minuter.\u00a0<\/span><\/p>\n<h3><span class=\"ez-toc-section\" id=\"3_Enable_2FA\"><\/span><span style=\"font-weight: 400;\">3. Aktivera 2FA<\/span><span class=\"ez-toc-section-end\"><\/span><\/h3>\n<p><span style=\"font-weight: 400;\">N\u00e4r du \u00e4r en verifierad anv\u00e4ndare kan du s\u00e4tta in pengar p\u00e5 Kraken. Det \u00e4r dock klokt att aktivera tv\u00e5faktorsautentisering (2FA) innan du s\u00e4tter in pengar p\u00e5 ditt konto. 2FA minskar risken f\u00f6r att ditt konto (och dina pengar) blir stulna.<\/span><\/p>\n<p><span style=\"font-weight: 400;\">Klicka p\u00e5 ditt anv\u00e4ndarnamn som visas i det \u00f6vre h\u00f6gra h\u00f6rnet av sk\u00e4rmen och g\u00e5 till 2FA-inst\u00e4llningar.<\/span><\/p>\n<p><img loading=\"lazy\" decoding=\"async\" class=\"alignnone wp-image-3409 size-full\" src=\"https:\/\/coinkickoff.com\/wp-content\/uploads\/kraken4-e1682503267822.png\" alt=\"\" width=\"1360\" height=\"795\" srcset=\"https:\/\/coinkickoff.com\/wp-content\/uploads\/kraken4-e1682503267822.png 1360w, https:\/\/coinkickoff.com\/wp-content\/uploads\/kraken4-e1682503267822-300x175.png 300w, https:\/\/coinkickoff.com\/wp-content\/uploads\/kraken4-e1682503267822-1024x599.png 1024w, https:\/\/coinkickoff.com\/wp-content\/uploads\/kraken4-e1682503267822-768x449.png 768w, https:\/\/coinkickoff.com\/wp-content\/uploads\/kraken4-e1682503267822-18x12.png 18w\" sizes=\"auto, (max-width: 1360px) 100vw, 1360px\" \/><\/p>\n<p><span style=\"font-weight: 400;\">Du m\u00e5ste aktivera 2FA f\u00f6r kontoinloggningar, men du kan ocks\u00e5 aktivera det f\u00f6r andra \u00e5tg\u00e4rder som handel och finansiering. Klicka p\u00e5 den markerade knappen \"Aktivera nu\" f\u00f6r att b\u00f6rja.<\/span><\/p>\n<p><span style=\"font-weight: 400;\"><img loading=\"lazy\" decoding=\"async\" class=\"alignnone wp-image-3405 size-full\" src=\"https:\/\/coinkickoff.com\/wp-content\/uploads\/kraken-5-e1682503294785.png\" alt=\"\" width=\"1357\" height=\"770\" srcset=\"https:\/\/coinkickoff.com\/wp-content\/uploads\/kraken-5-e1682503294785.png 1357w, https:\/\/coinkickoff.com\/wp-content\/uploads\/kraken-5-e1682503294785-300x170.png 300w, https:\/\/coinkickoff.com\/wp-content\/uploads\/kraken-5-e1682503294785-1024x581.png 1024w, https:\/\/coinkickoff.com\/wp-content\/uploads\/kraken-5-e1682503294785-768x436.png 768w, https:\/\/coinkickoff.com\/wp-content\/uploads\/kraken-5-e1682503294785-18x10.png 18w\" sizes=\"auto, (max-width: 1357px) 100vw, 1357px\" \/><\/span><\/p>\n<p><span style=\"font-weight: 400;\">Krakens webbplats f\u00f6rklarar hur 2FA fungerar i detalj och ger dig instruktioner om hur du g\u00e5r tillv\u00e4ga. I grund och botten \u00e4r allt du beh\u00f6ver g\u00f6ra att skaffa Google Authenticator-appen och anv\u00e4nda den f\u00f6r att skanna QR-koden som Kraken genererar \u00e5t dig. Appen ger dig en autentiseringskod f\u00f6r att bekr\u00e4fta din s\u00e4kerhet. Ange koden fr\u00e5n appen och klicka p\u00e5 \"Bekr\u00e4fta\".<\/span><\/p>\n<p><img loading=\"lazy\" decoding=\"async\" class=\"alignnone wp-image-3410 size-full\" src=\"https:\/\/coinkickoff.com\/wp-content\/uploads\/kraken6-e1682503322525.png\" alt=\"\" width=\"1357\" height=\"791\" \/><\/p>\n<p><span style=\"font-weight: 400;\">Du kommer att anv\u00e4nda Google Authenticator-appen varje g\u00e5ng du loggar in p\u00e5 ditt konto.\u00a0<\/span><\/p>\n<h3><span class=\"ez-toc-section\" id=\"4_Add_an_Instant_Payment_Method\"><\/span><span style=\"font-weight: 400;\">4. L\u00e4gg till en direktbetalningsmetod<\/span><span class=\"ez-toc-section-end\"><\/span><\/h3>\n<p><span style=\"font-weight: 400;\">Det snabbaste s\u00e4ttet att k\u00f6pa Shiba Inu (eller n\u00e5gon annan kryptovaluta) p\u00e5 Kraken \u00e4r att l\u00e4gga till en omedelbar betalningsmetod till ditt konto. Du kan l\u00e4nka kredit- och betalkort eller ditt online-bankkonto f\u00f6r att v\u00e4xla.<\/span><\/p>\n<p><span style=\"font-weight: 400;\">Klicka p\u00e5 fliken \"K\u00f6p krypto\" f\u00f6r att koppla ett kort till ditt konto. Du kommer att omdirigeras till sidan Crypto Buy methods, d\u00e4r du kan l\u00e4gga till en betalningsmetod.<\/span><\/p>\n<p><img loading=\"lazy\" decoding=\"async\" class=\"alignnone wp-image-3412 size-full\" src=\"https:\/\/coinkickoff.com\/wp-content\/uploads\/kraken8-e1682503364155.png\" alt=\"hur man k\u00f6per Shiba Inu p\u00e5 Kraken\" width=\"1206\" height=\"781\" srcset=\"https:\/\/coinkickoff.com\/wp-content\/uploads\/kraken8-e1682503364155.png 1206w, https:\/\/coinkickoff.com\/wp-content\/uploads\/kraken8-e1682503364155-300x194.png 300w, https:\/\/coinkickoff.com\/wp-content\/uploads\/kraken8-e1682503364155-1024x663.png 1024w, https:\/\/coinkickoff.com\/wp-content\/uploads\/kraken8-e1682503364155-768x497.png 768w, https:\/\/coinkickoff.com\/wp-content\/uploads\/kraken8-e1682503364155-18x12.png 18w\" sizes=\"auto, (max-width: 1206px) 100vw, 1206px\" \/><\/p>\n<p><span style=\"font-weight: 400;\">Klicka p\u00e5 \"L\u00e4gg till betalningsmetoder\". <\/span><\/p>\n<p><img loading=\"lazy\" decoding=\"async\" class=\"alignnone wp-image-3413 size-full\" src=\"https:\/\/coinkickoff.com\/wp-content\/uploads\/kraken9-e1682503407337.png\" alt=\"\" width=\"1196\" height=\"776\" srcset=\"https:\/\/coinkickoff.com\/wp-content\/uploads\/kraken9-e1682503407337.png 1196w, https:\/\/coinkickoff.com\/wp-content\/uploads\/kraken9-e1682503407337-300x195.png 300w, https:\/\/coinkickoff.com\/wp-content\/uploads\/kraken9-e1682503407337-1024x664.png 1024w, https:\/\/coinkickoff.com\/wp-content\/uploads\/kraken9-e1682503407337-768x498.png 768w, https:\/\/coinkickoff.com\/wp-content\/uploads\/kraken9-e1682503407337-18x12.png 18w\" sizes=\"auto, (max-width: 1196px) 100vw, 1196px\" \/><\/p>\n<p><span style=\"font-weight: 400;\">Du kan l\u00e4gga till ett betal- eller kreditkort genom att helt enkelt ange din kortinformation. Du kan ocks\u00e5 s\u00e4tta in kontanter via internetbanken, men det g\u00e5r inte lika snabbt som det f\u00f6rsta alternativet.<\/span><\/p>\n<h3><span class=\"ez-toc-section\" id=\"4_Navigate_to_the_Relevant_Screen_to_Buy\"><\/span><span style=\"font-weight: 400;\">4. Navigera till den relevanta sk\u00e4rmen f\u00f6r att k\u00f6pa<\/span><span class=\"ez-toc-section-end\"><\/span><\/h3>\n<p><span style=\"font-weight: 400;\">N\u00e4r du har lagt till en betalningsmetod till ditt Kraken-konto \u00e4r det v\u00e4ldigt enkelt att k\u00f6pa SHIB. Klicka p\u00e5 \"K\u00f6p\" p\u00e5 sidan \"K\u00f6p krypto\".<\/span><\/p>\n<p><span style=\"font-weight: 400;\">Du kan se de erbjudna tillg\u00e5ngarna i rullgardinsmenyn. V\u00e4lj Shiba Inu fr\u00e5n listan (du kan hitta den listad som SHIB). Ange det belopp du vill spendera p\u00e5 Shib, v\u00e4lj din betalningsmetod och klicka p\u00e5 bekr\u00e4fta.<\/span><\/p>\n<p><span style=\"font-weight: 400;\">\u00c4ven om det h\u00e4r alternativet \u00e4r mycket snabbt, kan kredit- och betalkortsk\u00f6p via den enkla k\u00f6pwidgeten vara mycket kostsamma. Om du inte vill betala h\u00f6ga avgifter f\u00f6r att k\u00f6pa Shiba Inu kan du anv\u00e4nda den andra metoden som vi kommer att beskriva nedan.<\/span><\/p>\n<p><span style=\"font-weight: 400;\">Du kan handla utvalda fiatvalutor, inklusive USD, f\u00f6r Shiba Inu p\u00e5 Kraken. T\u00e4nk p\u00e5 att du m\u00e5ste s\u00e4tta in pengar p\u00e5 ditt konto f\u00f6r att dra nytta av Krakens billigare avgifter. Du kan inte anv\u00e4nda betalkort eller kreditkort f\u00f6r handel p\u00e5 Kraken.<\/span><\/p>\n<p><span style=\"font-weight: 400;\">Det finns tv\u00e5 s\u00e4tt att konvertera din USD till Shiba Inu p\u00e5 Kraken: Du kan anv\u00e4nda <\/span><a href=\"https:\/\/kraken.pxf.io\/B0Rny4convert\/shib\/usd\" target=\"_blank\" rel=\"noopener\"><span style=\"font-weight: 400;\">Krakens auto-konverterare<\/span><\/a><span style=\"font-weight: 400;\"> eller genomf\u00f6ra en handel genom att l\u00e4gga en order p\u00e5 Shiba Inu.<\/span><\/p>\n<p><span style=\"font-weight: 400;\">Aute-converter \u00e4r det enklaste s\u00e4ttet att handla USD f\u00f6r Kraken, men om du vill best\u00e4mma ditt eget pris, placera en order \u00e4r v\u00e4gen att g\u00e5.<\/span><\/p>\n<p><span style=\"font-weight: 400;\">Om du vill l\u00e4gga en order, g\u00e5 till fliken \"Handel\" och klicka p\u00e5 \"Ny order\". V\u00e4lj handelsparet USD\/SHIB.<\/span><\/p>\n<p><span style=\"font-weight: 400;\">Best\u00e4llningsformul\u00e4ret kan se f\u00f6rvirrande ut, men det \u00e4r superenkelt: Ange bara hur mycket du vill spendera. Du kan antingen acceptera marknadspriset f\u00f6r SHIB eller s\u00e4tta ett pris f\u00f6r dig sj\u00e4lv. Om du anger ett f\u00f6r l\u00e5gt pris kan det ta ett tag innan din best\u00e4llning uppfylls.<\/span><\/p>\n<p><span style=\"font-weight: 400;\">Vi gratulerar! Du vet nu hur man k\u00f6per Shiba Inu p\u00e5 Kraken.<\/span><\/p>","protected":false},"excerpt":{"rendered":"<p>Hur man k\u00f6per Shiba Inu p\u00e5 Kraken Exchange Liksom de flesta kryptovalutor \u00e4r Shiba Inu (SHIB) en spekulativ tillg\u00e5ng: Dess pris kan stiga och falla beroende p\u00e5 infall fr\u00e5n k\u00e4ndisar, marknadsf\u00f6rare och till och med Reddit-kommentatorer. Som en meme coin utan anv\u00e4ndningsfall \u00e4r SHIB s\u00e4rskilt s\u00e5rbar f\u00f6r stora och pl\u00f6tsliga prissv\u00e4ngningar, vilket g\u00f6r den [...]<\/p>","protected":false},"author":3,"featured_media":0,"parent":3709,"menu_order":0,"comment_status":"closed","ping_status":"closed","template":"","meta":{"_genesis_hide_title":false,"_genesis_hide_breadcrumbs":false,"_genesis_hide_singular_image":false,"_genesis_hide_footer_widgets":false,"_genesis_custom_body_class":"","_genesis_custom_post_class":"","_genesis_layout":"","_glsr_average":0,"_glsr_ranking":0,"_glsr_reviews":0,"footnotes":""},"class_list":{"0":"post-3877","1":"page","2":"type-page","3":"status-publish","5":"entry"},"featured_image_src":null,"featured_image_src_square":null,"_links":{"self":[{"href":"https:\/\/coinkickoff.com\/sv\/wp-json\/wp\/v2\/pages\/3877","targetHints":{"allow":["GET"]}}],"collection":[{"href":"https:\/\/coinkickoff.com\/sv\/wp-json\/wp\/v2\/pages"}],"about":[{"href":"https:\/\/coinkickoff.com\/sv\/wp-json\/wp\/v2\/types\/page"}],"author":[{"embeddable":true,"href":"https:\/\/coinkickoff.com\/sv\/wp-json\/wp\/v2\/users\/3"}],"replies":[{"embeddable":true,"href":"https:\/\/coinkickoff.com\/sv\/wp-json\/wp\/v2\/comments?post=3877"}],"version-history":[{"count":3,"href":"https:\/\/coinkickoff.com\/sv\/wp-json\/wp\/v2\/pages\/3877\/revisions"}],"predecessor-version":[{"id":3880,"href":"https:\/\/coinkickoff.com\/sv\/wp-json\/wp\/v2\/pages\/3877\/revisions\/3880"}],"up":[{"embeddable":true,"href":"https:\/\/coinkickoff.com\/sv\/wp-json\/wp\/v2\/pages\/3709"}],"wp:attachment":[{"href":"https:\/\/coinkickoff.com\/sv\/wp-json\/wp\/v2\/media?parent=3877"}],"curies":[{"name":"wp","href":"https:\/\/api.w.org\/{rel}","templated":true}]}}