{"id":3424,"date":"2026-01-08T14:07:30","date_gmt":"2026-01-08T14:07:30","guid":{"rendered":"https:\/\/coinkickoff.com\/?page_id=3424"},"modified":"2026-01-08T14:07:30","modified_gmt":"2026-01-08T14:07:30","slug":"how-to-buy-dogecoin-on-mexc","status":"publish","type":"page","link":"https:\/\/coinkickoff.com\/sv\/how-to-buy-dogecoin\/how-to-buy-dogecoin-on-mexc\/","title":{"rendered":"Hur man k\u00f6per Dogecoin (DOGE) p\u00e5 MEXC"},"content":{"rendered":"<h2><span style=\"font-weight: 400;\"><img loading=\"lazy\" decoding=\"async\" class=\"alignnone wp-image-155 size-full\" src=\"https:\/\/coinkickoff.com\/wp-content\/uploads\/2022\/06\/Dogecoin-DOGE.jpg\" alt=\"hur man k\u00f6per dogecoin\" width=\"1000\" height=\"800\" srcset=\"https:\/\/coinkickoff.com\/wp-content\/uploads\/2022\/06\/Dogecoin-DOGE.jpg 1000w, https:\/\/coinkickoff.com\/wp-content\/uploads\/2022\/06\/Dogecoin-DOGE-300x240.jpg 300w, https:\/\/coinkickoff.com\/wp-content\/uploads\/2022\/06\/Dogecoin-DOGE-768x614.jpg 768w, https:\/\/coinkickoff.com\/wp-content\/uploads\/2022\/06\/Dogecoin-DOGE-15x12.jpg 15w\" sizes=\"auto, (max-width: 1000px) 100vw, 1000px\" \/><\/span><\/h2>\n<div id=\"ez-toc-container\" class=\"ez-toc-v2_0_80 counter-hierarchy ez-toc-counter ez-toc-transparent ez-toc-container-direction\">\n<div class=\"ez-toc-title-container\">\n<p class=\"ez-toc-title\" style=\"cursor:inherit\">Avsnitt<\/p>\n<span class=\"ez-toc-title-toggle\"><a href=\"#\" class=\"ez-toc-pull-right ez-toc-btn ez-toc-btn-xs ez-toc-btn-default ez-toc-toggle\" aria-label=\"V\u00e4xla till inneh\u00e5llsf\u00f6rteckning\"><span class=\"ez-toc-js-icon-con\"><span class=\"\"><span class=\"eztoc-hide\" style=\"display:none;\">V\u00e4xel<\/span><span class=\"ez-toc-icon-toggle-span\"><svg style=\"fill: #999;color:#999\" xmlns=\"http:\/\/www.w3.org\/2000\/svg\" class=\"list-377408\" width=\"20px\" height=\"20px\" viewbox=\"0 0 24 24\" fill=\"none\"><path d=\"M6 6H4v2h2V6zm14 0H8v2h12V6zM4 11h2v2H4v-2zm16 0H8v2h12v-2zM4 16h2v2H4v-2zm16 0H8v2h12v-2z\" fill=\"currentColor\"><\/path><\/svg><svg style=\"fill: #999;color:#999\" class=\"arrow-unsorted-368013\" xmlns=\"http:\/\/www.w3.org\/2000\/svg\" width=\"10px\" height=\"10px\" viewbox=\"0 0 24 24\" version=\"1.2\" baseprofile=\"tiny\"><path d=\"M18.2 9.3l-6.2-6.3-6.2 6.3c-.2.2-.3.4-.3.7s.1.5.3.7c.2.2.4.3.7.3h11c.3 0 .5-.1.7-.3.2-.2.3-.5.3-.7s-.1-.5-.3-.7zM5.8 14.7l6.2 6.3 6.2-6.3c.2-.2.3-.5.3-.7s-.1-.5-.3-.7c-.2-.2-.4-.3-.7-.3h-11c-.3 0-.5.1-.7.3-.2.2-.3.5-.3.7s.1.5.3.7z\"\/><\/svg><\/span><\/span><\/span><\/a><\/span><\/div>\n<nav><ul class='ez-toc-list ez-toc-list-level-1 eztoc-toggle-hide-by-default' ><li class='ez-toc-page-1 ez-toc-heading-level-2'><a class=\"ez-toc-link ez-toc-heading-1\" href=\"https:\/\/coinkickoff.com\/sv\/how-to-buy-dogecoin\/how-to-buy-dogecoin-on-mexc\/#How_to_Buy_Dogecoin_on_MEXC\" >Hur man k\u00f6per Dogecoin p\u00e5 MEXC<\/a><\/li><li class='ez-toc-page-1 ez-toc-heading-level-2'><a class=\"ez-toc-link ez-toc-heading-2\" href=\"https:\/\/coinkickoff.com\/sv\/how-to-buy-dogecoin\/how-to-buy-dogecoin-on-mexc\/#A_Step-By-Step_Guide_on_How_to_Buy_Dogecoin_on_MEXC\" >En steg-f\u00f6r-steg-guide om hur du k\u00f6per Dogecoin p\u00e5 MEXC<\/a><ul class='ez-toc-list-level-3' ><li class='ez-toc-heading-level-3'><a class=\"ez-toc-link ez-toc-heading-3\" href=\"https:\/\/coinkickoff.com\/sv\/how-to-buy-dogecoin\/how-to-buy-dogecoin-on-mexc\/#1_Register_an_Account\" >1. Registrera ett konto<\/a><\/li><li class='ez-toc-page-1 ez-toc-heading-level-3'><a class=\"ez-toc-link ez-toc-heading-4\" href=\"https:\/\/coinkickoff.com\/sv\/how-to-buy-dogecoin\/how-to-buy-dogecoin-on-mexc\/#2_Verify_Your_Account\" >2. Verifiera ditt konto<\/a><\/li><li class='ez-toc-page-1 ez-toc-heading-level-3'><a class=\"ez-toc-link ez-toc-heading-5\" href=\"https:\/\/coinkickoff.com\/sv\/how-to-buy-dogecoin\/how-to-buy-dogecoin-on-mexc\/#3_Buy_Crypto\" >3. K\u00f6p krypto<\/a><\/li><li class='ez-toc-page-1 ez-toc-heading-level-3'><a class=\"ez-toc-link ez-toc-heading-6\" href=\"https:\/\/coinkickoff.com\/sv\/how-to-buy-dogecoin\/how-to-buy-dogecoin-on-mexc\/#4_Trade_USDT_for_DOGE\" >4. Byt USDT mot DOGE<\/a><\/li><\/ul><\/li><\/ul><\/nav><\/div>\n<h2><span class=\"ez-toc-section\" id=\"How_to_Buy_Dogecoin_on_MEXC\"><\/span><span style=\"font-weight: 400;\">Hur man k\u00f6per Dogecoin p\u00e5 MEXC<\/span><span class=\"ez-toc-section-end\"><\/span><\/h2>\n<p><span style=\"font-weight: 400;\"><a href=\"https:\/\/coinkickoff.com\/sv\/dogecoin-doge\/\" data-internallinksmanager029f6b8e52c=\"14\" title=\"Vad \u00e4r Dogecoin (DOGE)? Hur det fungerar och var man kan k\u00f6pa det?\">Dogecoin<\/a>, \u00e4ven om det \u00e4r en k\u00e4nd kryptovaluta, \u00e4r inte riktigt som <a href=\"https:\/\/coinkickoff.com\/sv\/ethereum-eth\/\" data-internallinksmanager029f6b8e52c=\"2\" title=\"Vad \u00e4r Ethereum (ETH)? Pris, historia och var man kan k\u00f6pa\">Ethereum<\/a> eller . <a href=\"https:\/\/coinkickoff.com\/sv\/bitcoin-btc\/\" data-internallinksmanager029f6b8e52c=\"1\" title=\"Vad \u00e4r Bitcoin (BTC)? Pris, historia och var man kan k\u00f6pa\">Bitcoin<\/a>. Denna v\u00e4lk\u00e4nda meme coin \u00e4r ganska v\u00e4rdel\u00f6s till sin natur, eftersom den f\u00f6rst lanserades som ett sk\u00e4mt. Den \u00e4r dock numera ganska allest\u00e4des n\u00e4rvarande, fr\u00e4mst tack vare Reddit och Elon Musk, och du kan hitta den p\u00e5 n\u00e4stan alla b\u00f6rser, inklusive <a href=\"https:\/\/coinkickoff.com\/sv\/mexc-global-review\/\">MEXC<\/a>.<\/span><\/p>\n<p><span style=\"font-weight: 400;\">Om du vill vara med p\u00e5 sk\u00e4mtet genom att k\u00f6pa Dogecoin men inte vet var du ska b\u00f6rja \u00e4r du p\u00e5 r\u00e4tt plats. H\u00e4r \u00e4r en steg-f\u00f6r-steg-guide om hur du k\u00f6per Dogecoin p\u00e5 <a href=\"https:\/\/coinkickoff.com\/sv\/mexc-global-review\/\" data-internallinksmanager029f6b8e52c=\"154\" title=\"MEXC Global Reviews 2023: Avgifter, funktioner, s\u00e4kerhet, f\u00f6rdelar och nackdelar\">MEXC<\/a> utbyte.<\/span><\/p>\n<h2><span class=\"ez-toc-section\" id=\"A_Step-By-Step_Guide_on_How_to_Buy_Dogecoin_on_MEXC\"><\/span><span style=\"font-weight: 400;\">En steg-f\u00f6r-steg-guide om hur du k\u00f6per Dogecoin p\u00e5 MEXC<\/span><span class=\"ez-toc-section-end\"><\/span><\/h2>\n<h3><span class=\"ez-toc-section\" id=\"1_Register_an_Account\"><\/span><span style=\"font-weight: 400;\">1. Registrera ett konto<\/span><span class=\"ez-toc-section-end\"><\/span><\/h3>\n<p><img loading=\"lazy\" decoding=\"async\" class=\"alignnone wp-image-3441 size-full\" src=\"https:\/\/coinkickoff.com\/wp-content\/uploads\/mexc-register.png\" alt=\"hur man k\u00f6per dogecoin p\u00e5 mexc\" width=\"1328\" height=\"783\" srcset=\"https:\/\/coinkickoff.com\/wp-content\/uploads\/mexc-register.png 1328w, https:\/\/coinkickoff.com\/wp-content\/uploads\/mexc-register-300x177.png 300w, https:\/\/coinkickoff.com\/wp-content\/uploads\/mexc-register-1024x604.png 1024w, https:\/\/coinkickoff.com\/wp-content\/uploads\/mexc-register-768x453.png 768w, https:\/\/coinkickoff.com\/wp-content\/uploads\/mexc-register-18x12.png 18w\" sizes=\"auto, (max-width: 1328px) 100vw, 1328px\" \/><\/p>\n<p><span style=\"font-weight: 400;\">F\u00f6rst skapar du ett MEXC-konto genom att bes\u00f6ka webbplatsen <a href=\"https:\/\/www.mexc.com\/en-US\/register?inviteCode=mexc-1WwwX\" target=\"_blank\" rel=\"noopener\">MEXC:s webbplats<\/a> och klicka p\u00e5 \"Registrera dig\". <\/span><\/p>\n<p><span style=\"font-weight: 400;\">Du kan registrera dig med ditt mobilnummer eller e-post. Du f\u00e5r en verifieringskod till din e-postadress. Anv\u00e4nd koden f\u00f6r att logga in p\u00e5 ditt konto.\u00a0\u00a0<\/span><\/p>\n<h3><span class=\"ez-toc-section\" id=\"2_Verify_Your_Account\"><\/span><span style=\"font-weight: 400;\">2. Verifiera ditt konto<\/span><span class=\"ez-toc-section-end\"><\/span><\/h3>\n<p><span style=\"font-weight: 400;\">Du beh\u00f6ver inte fylla i en identitetskontroll f\u00f6r att handla p\u00e5 MEXC, men du beh\u00f6ver den f\u00f6r att handla med fiat. Om du redan har digitala tillg\u00e5ngar som du kan skicka till din MEXC-pl\u00e5nbok kan du hoppa \u00f6ver det h\u00e4r steget.<\/span><\/p>\n<p><span style=\"font-weight: 400;\">Alternativt kan du hoppa \u00f6ver det h\u00e4r steget om du vill anv\u00e4nda tredjepartsleverant\u00f6rer som Banxa, Moonpay eller Mercuyo f\u00f6r att k\u00f6pa krypto. De har sina separata processer f\u00f6r ID-verifiering.<\/span><\/p>\n<p><span style=\"font-weight: 400;\">Om du klarar ID-kontrollen kan du k\u00f6pa krypto via ett bankkonto, kreditkort eller p\u00e5 annat s\u00e4tt. F\u00f6r att g\u00f6ra det klickar du p\u00e5 profilsymbolen i det \u00f6vre h\u00f6gra h\u00f6rnet av instrumentpanelen och v\u00e4ljer \"Profil\".<\/span><\/p>\n<p><span style=\"font-weight: 400;\">P\u00e5 profilsidan v\u00e4ljer du \"Identifiering\" och klickar p\u00e5 \"Primary KYC\".<\/span><\/p>\n<p><img loading=\"lazy\" decoding=\"async\" class=\"alignnone wp-image-3439 size-full\" src=\"https:\/\/coinkickoff.com\/wp-content\/uploads\/mexc-id.png\" alt=\"\" width=\"1436\" height=\"810\" srcset=\"https:\/\/coinkickoff.com\/wp-content\/uploads\/mexc-id.png 1436w, https:\/\/coinkickoff.com\/wp-content\/uploads\/mexc-id-300x169.png 300w, https:\/\/coinkickoff.com\/wp-content\/uploads\/mexc-id-1024x578.png 1024w, https:\/\/coinkickoff.com\/wp-content\/uploads\/mexc-id-768x433.png 768w, https:\/\/coinkickoff.com\/wp-content\/uploads\/mexc-id-18x10.png 18w, https:\/\/coinkickoff.com\/wp-content\/uploads\/mexc-id-600x338.png 600w\" sizes=\"auto, (max-width: 1436px) 100vw, 1436px\" \/><\/p>\n<p><span style=\"font-weight: 400;\">Du kommer att omdirigeras till KYC-sidan, d\u00e4r du antingen kan g\u00e5 till <\/span><i><span style=\"font-weight: 400;\">Prim\u00e4r KYC<\/span><\/i><span style=\"font-weight: 400;\"> eller . <\/span><i><span style=\"font-weight: 400;\">Avancerad KYC<\/span><\/i><span style=\"font-weight: 400;\">. Avancerad KYC kr\u00e4vs f\u00f6r de flesta ins\u00e4ttningar i fiatvaluta.<\/span><\/p>\n<p><img loading=\"lazy\" decoding=\"async\" class=\"alignnone wp-image-3440 size-full\" src=\"https:\/\/coinkickoff.com\/wp-content\/uploads\/mexc-id2.png\" alt=\"\" width=\"1436\" height=\"582\" srcset=\"https:\/\/coinkickoff.com\/wp-content\/uploads\/mexc-id2.png 1436w, https:\/\/coinkickoff.com\/wp-content\/uploads\/mexc-id2-300x122.png 300w, https:\/\/coinkickoff.com\/wp-content\/uploads\/mexc-id2-1024x415.png 1024w, https:\/\/coinkickoff.com\/wp-content\/uploads\/mexc-id2-768x311.png 768w, https:\/\/coinkickoff.com\/wp-content\/uploads\/mexc-id2-18x7.png 18w\" sizes=\"auto, (max-width: 1436px) 100vw, 1436px\" \/><\/p>\n<p><span style=\"font-weight: 400;\">Klicka p\u00e5 \"Verifiera\" f\u00f6r att starta verifieringsprocessen. Ladda upp de dokument som kr\u00e4vs och du \u00e4r redo att b\u00f6rja.<\/span><\/p>\n<h3><span class=\"ez-toc-section\" id=\"3_Buy_Crypto\"><\/span><span style=\"font-weight: 400;\">3. K\u00f6p krypto<\/span><span class=\"ez-toc-section-end\"><\/span><\/h3>\n<p><span style=\"font-weight: 400;\">Klicka p\u00e5 \"Buy Crypto\" i det \u00f6vre v\u00e4nstra h\u00f6rnet. P\u00e5 den nya sidan v\u00e4ljer du ett av de alternativ som st\u00e5r till buds. Om du slutf\u00f6r identitetsverifieringen kan du anv\u00e4nda kredit- och betalkort, bank\u00f6verf\u00f6ringar, Expressbetalningar och P2P-marknaden f\u00f6r att k\u00f6pa krypto. Om inte v\u00e4ljer du \"tredje part\" fr\u00e5n listan.<\/span><\/p>\n<p><img loading=\"lazy\" decoding=\"async\" class=\"alignnone wp-image-3438 size-full\" src=\"https:\/\/coinkickoff.com\/wp-content\/uploads\/mexc-buy-payment.png\" alt=\"\" width=\"1403\" height=\"778\" srcset=\"https:\/\/coinkickoff.com\/wp-content\/uploads\/mexc-buy-payment.png 1403w, https:\/\/coinkickoff.com\/wp-content\/uploads\/mexc-buy-payment-300x166.png 300w, https:\/\/coinkickoff.com\/wp-content\/uploads\/mexc-buy-payment-1024x568.png 1024w, https:\/\/coinkickoff.com\/wp-content\/uploads\/mexc-buy-payment-768x426.png 768w, https:\/\/coinkickoff.com\/wp-content\/uploads\/mexc-buy-payment-18x10.png 18w\" sizes=\"auto, (max-width: 1403px) 100vw, 1403px\" \/><\/p>\n<p><span style=\"font-weight: 400;\">Ange hur mycket du vill spendera och v\u00e4lj vilken kryptovaluta du vill k\u00f6pa. Tyv\u00e4rr kan du inte bara k\u00f6pa DOGE med kontanter, s\u00e5 du m\u00e5ste f\u00f6rst k\u00f6pa en annan coin, t.ex. <a href=\"https:\/\/coinkickoff.com\/sv\/tether-usdt\/\" data-internallinksmanager029f6b8e52c=\"3\" title=\"Vad \u00e4r Tether (USDT)? Hur det fungerar och var man kan k\u00f6pa det?\">USDT<\/a> eller . <a href=\"https:\/\/coinkickoff.com\/sv\/usd-coin-usdc\/\" data-internallinksmanager029f6b8e52c=\"8\" title=\"Vad \u00e4r USD Coin (USDC)? Hur fungerar det och var kan man k\u00f6pa det?\">USDC<\/a>och sedan byta ut den mot DOGE senare.<\/span><\/p>\n<p><span style=\"font-weight: 400;\">N\u00e4r du har angett det belopp du vill k\u00f6pa m\u00e5ste du v\u00e4lja en betalningsmetod. MEXC erbjuder en hel del tredjepartsalternativ att v\u00e4lja mellan och f\u00f6resl\u00e5r att du anv\u00e4nder det billigaste alternativet.<\/span><\/p>\n<p><span style=\"font-weight: 400;\">Kontrollera betalningsuppgifterna och klicka p\u00e5 \"Forts\u00e4tt\". Du kommer att omdirigeras till sidan f\u00f6r betalningskanalen f\u00f6r att bekr\u00e4fta din best\u00e4llning. Granska din information och klicka p\u00e5 \"K\u00f6p\".<\/span><\/p>\n<p><img loading=\"lazy\" decoding=\"async\" class=\"alignnone wp-image-3436 size-full\" src=\"https:\/\/coinkickoff.com\/wp-content\/uploads\/mercuryo-mexc1u.png\" alt=\"\" width=\"1360\" height=\"791\" srcset=\"https:\/\/coinkickoff.com\/wp-content\/uploads\/mercuryo-mexc1u.png 1360w, https:\/\/coinkickoff.com\/wp-content\/uploads\/mercuryo-mexc1u-300x174.png 300w, https:\/\/coinkickoff.com\/wp-content\/uploads\/mercuryo-mexc1u-1024x596.png 1024w, https:\/\/coinkickoff.com\/wp-content\/uploads\/mercuryo-mexc1u-768x447.png 768w, https:\/\/coinkickoff.com\/wp-content\/uploads\/mercuryo-mexc1u-18x10.png 18w\" sizes=\"auto, (max-width: 1360px) 100vw, 1360px\" \/><\/p>\n<p><img loading=\"lazy\" decoding=\"async\" class=\"alignnone wp-image-3435 size-full\" src=\"https:\/\/coinkickoff.com\/wp-content\/uploads\/mercuryo-mexc.png\" alt=\"\" width=\"1407\" height=\"796\" srcset=\"https:\/\/coinkickoff.com\/wp-content\/uploads\/mercuryo-mexc.png 1407w, https:\/\/coinkickoff.com\/wp-content\/uploads\/mercuryo-mexc-300x170.png 300w, https:\/\/coinkickoff.com\/wp-content\/uploads\/mercuryo-mexc-1024x579.png 1024w, https:\/\/coinkickoff.com\/wp-content\/uploads\/mercuryo-mexc-768x434.png 768w, https:\/\/coinkickoff.com\/wp-content\/uploads\/mercuryo-mexc-18x10.png 18w, https:\/\/coinkickoff.com\/wp-content\/uploads\/mercuryo-mexc-600x338.png 600w\" sizes=\"auto, (max-width: 1407px) 100vw, 1407px\" \/><\/p>\n<p><span style=\"font-weight: 400;\">Nu m\u00e5ste du ange din e-postadress i betalningskanalen. Om du inte har ett konto hos leverant\u00f6ren omdirigeras du till att \u00f6ppna ett konto.<\/span><\/p>\n<h3><span class=\"ez-toc-section\" id=\"4_Trade_USDT_for_DOGE\"><\/span><span style=\"font-weight: 400;\">4. Byt USDT mot DOGE<\/span><span class=\"ez-toc-section-end\"><\/span><\/h3>\n<p><span style=\"font-weight: 400;\">N\u00e4r du har k\u00f6pt en stabil coin som USDT kan du byta den mot DOGE p\u00e5 MEXC. Klicka p\u00e5 \"Trade\" p\u00e5 instrumentpanelen. I det v\u00e4nstra h\u00f6rnet p\u00e5 den nya sk\u00e4rmen s\u00f6ker du efter DOGE.<\/span><\/p>\n<p><img loading=\"lazy\" decoding=\"async\" class=\"alignnone wp-image-3443 size-full\" src=\"https:\/\/coinkickoff.com\/wp-content\/uploads\/mexctrade1.png\" alt=\"\" width=\"1436\" height=\"736\" srcset=\"https:\/\/coinkickoff.com\/wp-content\/uploads\/mexctrade1.png 1436w, https:\/\/coinkickoff.com\/wp-content\/uploads\/mexctrade1-300x154.png 300w, https:\/\/coinkickoff.com\/wp-content\/uploads\/mexctrade1-1024x525.png 1024w, https:\/\/coinkickoff.com\/wp-content\/uploads\/mexctrade1-768x394.png 768w, https:\/\/coinkickoff.com\/wp-content\/uploads\/mexctrade1-18x9.png 18w\" sizes=\"auto, (max-width: 1436px) 100vw, 1436px\" \/><\/p>\n<p><span style=\"font-weight: 400;\">Bland resultaten v\u00e4ljer du DOGE\/USDT f\u00f6r att byta mellan tv\u00e5 tillg\u00e5ngar.<\/span><\/p>\n<p><img loading=\"lazy\" decoding=\"async\" class=\"alignnone wp-image-3442 size-full\" src=\"https:\/\/coinkickoff.com\/wp-content\/uploads\/mexc-trade-2.png\" alt=\"\" width=\"1392\" height=\"748\" srcset=\"https:\/\/coinkickoff.com\/wp-content\/uploads\/mexc-trade-2.png 1392w, https:\/\/coinkickoff.com\/wp-content\/uploads\/mexc-trade-2-300x161.png 300w, https:\/\/coinkickoff.com\/wp-content\/uploads\/mexc-trade-2-1024x550.png 1024w, https:\/\/coinkickoff.com\/wp-content\/uploads\/mexc-trade-2-768x413.png 768w, https:\/\/coinkickoff.com\/wp-content\/uploads\/mexc-trade-2-18x10.png 18w\" sizes=\"auto, (max-width: 1392px) 100vw, 1392px\" \/><\/p>\n<p><span style=\"font-weight: 400;\">Nu beh\u00f6ver du bara ange hur mycket DOGE du vill k\u00f6pa (eller hur mycket USDT du vill s\u00e4lja) i rutan l\u00e4ngst ner p\u00e5 sk\u00e4rmen. Du kan justera det belopp du vill k\u00f6pa i det f\u00f6nstret.<\/span><\/p>\n<p><span style=\"font-weight: 400;\">N\u00e4r du \u00e4r redo att g\u00f6ra din best\u00e4llning klickar du p\u00e5 K\u00f6p DOGE. Det var allt.<\/span><\/p>\n<p><span style=\"font-weight: 400;\">Mer information finns i v\u00e5ra artiklar om Dogecoin och MEXC-b\u00f6rsen.<\/span><\/p>","protected":false},"excerpt":{"rendered":"<p>Hur man k\u00f6per Dogecoin p\u00e5 MEXC Dogecoin \u00e4r en k\u00e4nd kryptovaluta, men \u00e4r inte riktigt som Ethereum eller Bitcoin. Denna v\u00e4lk\u00e4nda meme coin \u00e4r ganska v\u00e4rdel\u00f6s till sin utformning, eftersom den f\u00f6rst lanserades som ett sk\u00e4mt. Den \u00e4r dock nu ganska allest\u00e4des n\u00e4rvarande, fr\u00e4mst tack vare Reddit och Elon Musk, och du kan hitta den p\u00e5 n\u00e4stan [...]<\/p>","protected":false},"author":3,"featured_media":155,"parent":3196,"menu_order":0,"comment_status":"closed","ping_status":"closed","template":"","meta":{"_genesis_hide_title":false,"_genesis_hide_breadcrumbs":false,"_genesis_hide_singular_image":false,"_genesis_hide_footer_widgets":false,"_genesis_custom_body_class":"","_genesis_custom_post_class":"","_genesis_layout":"","_glsr_average":0,"_glsr_ranking":0,"_glsr_reviews":0,"footnotes":""},"class_list":{"0":"post-3424","1":"page","2":"type-page","3":"status-publish","4":"has-post-thumbnail","6":"entry"},"featured_image_src":"https:\/\/coinkickoff.com\/wp-content\/uploads\/2022\/06\/Dogecoin-DOGE-600x400.jpg","featured_image_src_square":"https:\/\/coinkickoff.com\/wp-content\/uploads\/2022\/06\/Dogecoin-DOGE-600x600.jpg","_links":{"self":[{"href":"https:\/\/coinkickoff.com\/sv\/wp-json\/wp\/v2\/pages\/3424","targetHints":{"allow":["GET"]}}],"collection":[{"href":"https:\/\/coinkickoff.com\/sv\/wp-json\/wp\/v2\/pages"}],"about":[{"href":"https:\/\/coinkickoff.com\/sv\/wp-json\/wp\/v2\/types\/page"}],"author":[{"embeddable":true,"href":"https:\/\/coinkickoff.com\/sv\/wp-json\/wp\/v2\/users\/3"}],"replies":[{"embeddable":true,"href":"https:\/\/coinkickoff.com\/sv\/wp-json\/wp\/v2\/comments?post=3424"}],"version-history":[{"count":3,"href":"https:\/\/coinkickoff.com\/sv\/wp-json\/wp\/v2\/pages\/3424\/revisions"}],"predecessor-version":[{"id":4496,"href":"https:\/\/coinkickoff.com\/sv\/wp-json\/wp\/v2\/pages\/3424\/revisions\/4496"}],"up":[{"embeddable":true,"href":"https:\/\/coinkickoff.com\/sv\/wp-json\/wp\/v2\/pages\/3196"}],"wp:featuredmedia":[{"embeddable":true,"href":"https:\/\/coinkickoff.com\/sv\/wp-json\/wp\/v2\/media\/155"}],"wp:attachment":[{"href":"https:\/\/coinkickoff.com\/sv\/wp-json\/wp\/v2\/media?parent=3424"}],"curies":[{"name":"wp","href":"https:\/\/api.w.org\/{rel}","templated":true}]}}