{"id":3404,"date":"2026-01-08T14:07:29","date_gmt":"2026-01-08T14:07:29","guid":{"rendered":"https:\/\/coinkickoff.com\/?page_id=3404"},"modified":"2026-01-08T14:07:29","modified_gmt":"2026-01-08T14:07:29","slug":"how-to-buy-dogecoin-on-kraken","status":"publish","type":"page","link":"https:\/\/coinkickoff.com\/sv\/how-to-buy-dogecoin\/how-to-buy-dogecoin-on-kraken\/","title":{"rendered":"Hur man k\u00f6per Dogecoin (DOGE) p\u00e5 Kraken"},"content":{"rendered":"<div id=\"ez-toc-container\" class=\"ez-toc-v2_0_80 counter-hierarchy ez-toc-counter ez-toc-transparent ez-toc-container-direction\">\n<div class=\"ez-toc-title-container\">\n<p class=\"ez-toc-title\" style=\"cursor:inherit\">Avsnitt<\/p>\n<span class=\"ez-toc-title-toggle\"><a href=\"#\" class=\"ez-toc-pull-right ez-toc-btn ez-toc-btn-xs ez-toc-btn-default ez-toc-toggle\" aria-label=\"V\u00e4xla till inneh\u00e5llsf\u00f6rteckning\"><span class=\"ez-toc-js-icon-con\"><span class=\"\"><span class=\"eztoc-hide\" style=\"display:none;\">V\u00e4xel<\/span><span class=\"ez-toc-icon-toggle-span\"><svg style=\"fill: #999;color:#999\" xmlns=\"http:\/\/www.w3.org\/2000\/svg\" class=\"list-377408\" width=\"20px\" height=\"20px\" viewbox=\"0 0 24 24\" fill=\"none\"><path d=\"M6 6H4v2h2V6zm14 0H8v2h12V6zM4 11h2v2H4v-2zm16 0H8v2h12v-2zM4 16h2v2H4v-2zm16 0H8v2h12v-2z\" fill=\"currentColor\"><\/path><\/svg><svg style=\"fill: #999;color:#999\" class=\"arrow-unsorted-368013\" xmlns=\"http:\/\/www.w3.org\/2000\/svg\" width=\"10px\" height=\"10px\" viewbox=\"0 0 24 24\" version=\"1.2\" baseprofile=\"tiny\"><path d=\"M18.2 9.3l-6.2-6.3-6.2 6.3c-.2.2-.3.4-.3.7s.1.5.3.7c.2.2.4.3.7.3h11c.3 0 .5-.1.7-.3.2-.2.3-.5.3-.7s-.1-.5-.3-.7zM5.8 14.7l6.2 6.3 6.2-6.3c.2-.2.3-.5.3-.7s-.1-.5-.3-.7c-.2-.2-.4-.3-.7-.3h-11c-.3 0-.5.1-.7.3-.2.2-.3.5-.3.7s.1.5.3.7z\"\/><\/svg><\/span><\/span><\/span><\/a><\/span><\/div>\n<nav><ul class='ez-toc-list ez-toc-list-level-1 eztoc-toggle-hide-by-default' ><li class='ez-toc-page-1 ez-toc-heading-level-2'><a class=\"ez-toc-link ez-toc-heading-1\" href=\"https:\/\/coinkickoff.com\/sv\/how-to-buy-dogecoin\/how-to-buy-dogecoin-on-kraken\/#How_to_Buy_Dogecoin_on_Kraken\" >Hur man k\u00f6per Dogecoin p\u00e5 Kraken<\/a><\/li><li class='ez-toc-page-1 ez-toc-heading-level-2'><a class=\"ez-toc-link ez-toc-heading-2\" href=\"https:\/\/coinkickoff.com\/sv\/how-to-buy-dogecoin\/how-to-buy-dogecoin-on-kraken\/#A_Step-By-Step_Guide_on_How_to_Buy_Dogecoin_on_Kraken\" >En steg-f\u00f6r-steg-guide om hur du k\u00f6per Dogecoin p\u00e5 Kraken<\/a><ul class='ez-toc-list-level-3' ><li class='ez-toc-heading-level-3'><a class=\"ez-toc-link ez-toc-heading-3\" href=\"https:\/\/coinkickoff.com\/sv\/how-to-buy-dogecoin\/how-to-buy-dogecoin-on-kraken\/#1_Register_an_Account_on_Kraken\" >1. Registrera ett konto p\u00e5 Kraken<\/a><\/li><li class='ez-toc-page-1 ez-toc-heading-level-3'><a class=\"ez-toc-link ez-toc-heading-4\" href=\"https:\/\/coinkickoff.com\/sv\/how-to-buy-dogecoin\/how-to-buy-dogecoin-on-kraken\/#2_Verify_Your_Account\" >2. Verifiera ditt konto<\/a><\/li><li class='ez-toc-page-1 ez-toc-heading-level-3'><a class=\"ez-toc-link ez-toc-heading-5\" href=\"https:\/\/coinkickoff.com\/sv\/how-to-buy-dogecoin\/how-to-buy-dogecoin-on-kraken\/#3_Deposit_FundsCrypto\" >3. Ins\u00e4ttning av medel\/krypto<\/a><\/li><li class='ez-toc-page-1 ez-toc-heading-level-3'><a class=\"ez-toc-link ez-toc-heading-6\" href=\"https:\/\/coinkickoff.com\/sv\/how-to-buy-dogecoin\/how-to-buy-dogecoin-on-kraken\/#4_Navigate_to_the_Relevant_Screen_to_Buy\" >4. Navigera till den relevanta sk\u00e4rmen f\u00f6r att k\u00f6pa<\/a><\/li><\/ul><\/li><\/ul><\/nav><\/div>\n<h2><span class=\"ez-toc-section\" id=\"How_to_Buy_Dogecoin_on_Kraken\"><\/span><span style=\"font-weight: 400;\">Hur man k\u00f6per Dogecoin p\u00e5 Kraken<\/span><span class=\"ez-toc-section-end\"><\/span><\/h2>\n<p><span style=\"font-weight: 400;\"><a href=\"https:\/\/coinkickoff.com\/sv\/dogecoin-doge\/\" data-internallinksmanager029f6b8e52c=\"14\" title=\"Vad \u00e4r Dogecoin (DOGE)? Hur det fungerar och var man kan k\u00f6pa det?\">Dogecoin<\/a> (DOGE) \u00e4r en av de st\u00f6rsta kryptovalutorna sett till marknadskapitalet, trots eller kanske p\u00e5 grund av sin status som v\u00e4rldens f\u00f6rsta meme coin. token lanserades mest som ett sk\u00e4mt, inspirerat av \"doge meme\", men blev snabbt popul\u00e4r tack vare internet och sociala medier.<\/span><\/p>\n<p><span style=\"font-weight: 400;\">Om du vill k\u00f6pa <a href=\"https:\/\/coinkickoff.com\/sv\/dogecoin-doge\/\">Dogecoin<\/a> p\u00e5 <a href=\"https:\/\/coinkickoff.com\/sv\/kraken-review\/\">Kraken<\/a> men inte \u00e4r s\u00e4ker p\u00e5 hur du ska g\u00f6ra \u00e4r du p\u00e5 r\u00e4tt plats. H\u00e4r \u00e4r en steg-f\u00f6r-steg-uppdelning av hur du k\u00f6per Dogecoin p\u00e5 <a href=\"https:\/\/coinkickoff.com\/sv\/kraken-review\/\" data-internallinksmanager029f6b8e52c=\"171\" title=\"Kraken recensioner 2023: Avgifter, funktioner, s\u00e4kerhet, f\u00f6rdelar och nackdelar\">Kraken<\/a>.<\/span><\/p>\n<h2><span class=\"ez-toc-section\" id=\"A_Step-By-Step_Guide_on_How_to_Buy_Dogecoin_on_Kraken\"><\/span><span style=\"font-weight: 400;\">En steg-f\u00f6r-steg-guide om hur du k\u00f6per Dogecoin p\u00e5 Kraken<\/span><span class=\"ez-toc-section-end\"><\/span><\/h2>\n<h3><span class=\"ez-toc-section\" id=\"1_Register_an_Account_on_Kraken\"><\/span><span style=\"font-weight: 400;\">1. Registrera ett konto p\u00e5 Kraken<\/span><span class=\"ez-toc-section-end\"><\/span><\/h3>\n<p><img loading=\"lazy\" decoding=\"async\" class=\"alignnone wp-image-3406 size-full\" src=\"https:\/\/coinkickoff.com\/wp-content\/uploads\/kraken1-e1682502957481.png\" alt=\"hur man k\u00f6per Dogecoin p\u00e5 Kraken\" width=\"1339\" height=\"763\" srcset=\"https:\/\/coinkickoff.com\/wp-content\/uploads\/kraken1-e1682502957481.png 1339w, https:\/\/coinkickoff.com\/wp-content\/uploads\/kraken1-e1682502957481-300x171.png 300w, https:\/\/coinkickoff.com\/wp-content\/uploads\/kraken1-e1682502957481-1024x584.png 1024w, https:\/\/coinkickoff.com\/wp-content\/uploads\/kraken1-e1682502957481-768x438.png 768w, https:\/\/coinkickoff.com\/wp-content\/uploads\/kraken1-e1682502957481-18x10.png 18w\" sizes=\"auto, (max-width: 1339px) 100vw, 1339px\" \/> I<span style=\"font-weight: 400;\">Om du inte redan har ett Kraken-konto kan du g\u00e5 till <a href=\"https:\/\/kraken.pxf.io\/B0Rny4\" rel=\"nofollow noopener\" target=\"_blank\">Krakens officiella webbplats<\/a> och klicka p\u00e5 \"Skapa ett konto\". Ange din e-postadress, ditt anv\u00e4ndarnamn och ett starkt l\u00f6senord med siffror och specialtecken. V\u00e4lj ditt bos\u00e4ttningsland och din delstat och skapa ditt konto.\u00a0<\/span><\/p>\n<p><span style=\"font-weight: 400;\">Kraken kommer att skicka dig ett bekr\u00e4ftelsemeddelande och en l\u00e4nk f\u00f6r aktivering av kontot. F\u00f6lj l\u00e4nken f\u00f6r att logga in p\u00e5 ditt konto.<\/span><\/p>\n<h3><span class=\"ez-toc-section\" id=\"2_Verify_Your_Account\"><\/span><span style=\"font-weight: 400;\">2. Verifiera ditt konto<\/span><span class=\"ez-toc-section-end\"><\/span><\/h3>\n<p><span style=\"font-weight: 400;\">F\u00f6r att kunna k\u00f6pa krypto p\u00e5 Kraken m\u00e5ste du uppfylla deras KYC-krav och tillhandah\u00e5lla viss personlig information och ID-handlingar. S\u00e5 det andra steget \u00e4r att verifiera din identitet.<\/span><\/p>\n<p><span style=\"font-weight: 400;\">Vissa b\u00f6rser till\u00e5ter dig att s\u00e4tta in krypto p\u00e5 deras plattform utan att du beh\u00f6ver verifiera ditt ID. Observera att Kraken \u00e4r <\/span><i><span style=\"font-weight: 400;\">inte <\/span><\/i><span style=\"font-weight: 400;\">ett av dessa utbyten. <\/span><b>Du m\u00e5ste verifiera din identitet innan du g\u00f6r en ins\u00e4ttning p\u00e5 plattformen.<\/b><\/p>\n<p><span style=\"font-weight: 400;\">Kraken skickar ett e-postmeddelande till dig f\u00f6r att p\u00e5minna dig om att du ska bekr\u00e4fta ditt konto. Du kan ocks\u00e5 klicka p\u00e5 ikonen \"K\u00f6p\" till v\u00e4nster p\u00e5 huvudsidan, d\u00e4r Kraken omedelbart uppmanar dig att slutf\u00f6ra ID-kontrollen.<\/span><\/p>\n<p><img loading=\"lazy\" decoding=\"async\" class=\"alignnone wp-image-3407 size-full\" src=\"https:\/\/coinkickoff.com\/wp-content\/uploads\/kraken2-e1682502904796.png\" alt=\"varning f\u00f6r verifiering av kraken\" width=\"1378\" height=\"770\" \/><\/p>\n<p><span style=\"font-weight: 400;\">Klicka bara p\u00e5 Verifiera s\u00e5 kommer du till den relevanta sidan. Ange ditt juridiska namn, f\u00f6delsedatum, adress och telefonnummer f\u00f6r att p\u00e5b\u00f6rja verifieringen. Klicka p\u00e5 Forts\u00e4tt.<\/span><\/p>\n<p><img loading=\"lazy\" decoding=\"async\" class=\"alignnone wp-image-3408 size-full\" src=\"https:\/\/coinkickoff.com\/wp-content\/uploads\/kraken3-e1682503223180.png\" alt=\"\" width=\"1375\" height=\"777\" srcset=\"https:\/\/coinkickoff.com\/wp-content\/uploads\/kraken3-e1682503223180.png 1375w, https:\/\/coinkickoff.com\/wp-content\/uploads\/kraken3-e1682503223180-300x170.png 300w, https:\/\/coinkickoff.com\/wp-content\/uploads\/kraken3-e1682503223180-1024x579.png 1024w, https:\/\/coinkickoff.com\/wp-content\/uploads\/kraken3-e1682503223180-768x434.png 768w, https:\/\/coinkickoff.com\/wp-content\/uploads\/kraken3-e1682503223180-18x10.png 18w, https:\/\/coinkickoff.com\/wp-content\/uploads\/kraken3-e1682503223180-600x338.png 600w\" sizes=\"auto, (max-width: 1375px) 100vw, 1375px\" \/><\/p>\n<p><span style=\"font-weight: 400;\">P\u00e5 n\u00e4sta sida ombeds du att l\u00e4mna in ytterligare dokument, inklusive ett foto-ID, till exempel en sida av ett pass eller ett k\u00f6rkort.<\/span><\/p>\n<h3><span class=\"ez-toc-section\" id=\"3_Deposit_FundsCrypto\"><\/span><span style=\"font-weight: 400;\">3. Ins\u00e4ttning av medel\/krypto<\/span><span class=\"ez-toc-section-end\"><\/span><\/h3>\n<p><span style=\"font-weight: 400;\">Om du redan \u00e4ger krypto kan du s\u00e4tta in dina coins p\u00e5 Kraken och byta dem mot DOGE. Annars k\u00f6per du helt enkelt DOGE p\u00e5 Kraken med fiatvaluta.\u00a0<\/span><\/p>\n<p><span style=\"font-weight: 400;\">Vi rekommenderar starkt att du s\u00e4krar ditt konto med tv\u00e5faktorsautentisering (2FA) innan du l\u00e4gger till en betalningsmetod eller g\u00f6r n\u00e5gra fiatins\u00e4ttningar. 2FA l\u00e4gger till ytterligare ett s\u00e4kerhetslager till ditt konto.<\/span><\/p>\n<p><span style=\"font-weight: 400;\">F\u00f6r att aktivera 2FA klickar du p\u00e5 ditt profilnamn (h\u00f6gst upp till h\u00f6ger) och v\u00e4ljer \"S\u00e4kerhet\" i rullgardinsmenyn. Klicka p\u00e5 \"2FA-inst\u00e4llningar\" f\u00f6r att justera dina inst\u00e4llningar.<\/span><\/p>\n<p><img loading=\"lazy\" decoding=\"async\" class=\"alignnone wp-image-3409 size-full\" src=\"https:\/\/coinkickoff.com\/wp-content\/uploads\/kraken4-e1682503267822.png\" alt=\"\" width=\"1360\" height=\"795\" srcset=\"https:\/\/coinkickoff.com\/wp-content\/uploads\/kraken4-e1682503267822.png 1360w, https:\/\/coinkickoff.com\/wp-content\/uploads\/kraken4-e1682503267822-300x175.png 300w, https:\/\/coinkickoff.com\/wp-content\/uploads\/kraken4-e1682503267822-1024x599.png 1024w, https:\/\/coinkickoff.com\/wp-content\/uploads\/kraken4-e1682503267822-768x449.png 768w, https:\/\/coinkickoff.com\/wp-content\/uploads\/kraken4-e1682503267822-18x12.png 18w\" sizes=\"auto, (max-width: 1360px) 100vw, 1360px\" \/><\/p>\n<p><span style=\"font-weight: 400;\">Kraken erbjuder flera 2FA-alternativ. Du kan aktivera 2FA f\u00f6r olika \u00e5tg\u00e4rder som inloggning, finansiering, handel och uttag.<\/span><\/p>\n<p><span style=\"font-weight: 400;\"><img loading=\"lazy\" decoding=\"async\" class=\"alignnone wp-image-3405 size-full\" src=\"https:\/\/coinkickoff.com\/wp-content\/uploads\/kraken-5-e1682503294785.png\" alt=\"\" width=\"1357\" height=\"770\" srcset=\"https:\/\/coinkickoff.com\/wp-content\/uploads\/kraken-5-e1682503294785.png 1357w, https:\/\/coinkickoff.com\/wp-content\/uploads\/kraken-5-e1682503294785-300x170.png 300w, https:\/\/coinkickoff.com\/wp-content\/uploads\/kraken-5-e1682503294785-1024x581.png 1024w, https:\/\/coinkickoff.com\/wp-content\/uploads\/kraken-5-e1682503294785-768x436.png 768w, https:\/\/coinkickoff.com\/wp-content\/uploads\/kraken-5-e1682503294785-18x10.png 18w\" sizes=\"auto, (max-width: 1357px) 100vw, 1357px\" \/><\/span><\/p>\n<p><span style=\"font-weight: 400;\">Det \u00e4r ganska enkelt att konfigurera 2FA. Ladda ner appen Google Authenticator och skanna QR-koden p\u00e5 sk\u00e4rmen. Appen genererar en kod som du kan ange f\u00f6r att aktivera 2FA.\u00a0<\/span><\/p>\n<p><img loading=\"lazy\" decoding=\"async\" class=\"alignnone wp-image-3410 size-full\" src=\"https:\/\/coinkickoff.com\/wp-content\/uploads\/kraken6-e1682503322525.png\" alt=\"\" width=\"1357\" height=\"791\" \/><\/p>\n<p><span style=\"font-weight: 400;\">N\u00e4r du har aktiverat 2FA m\u00e5ste du anv\u00e4nda appen Google Authenticator f\u00f6r att logga in p\u00e5 ditt konto. Appen genererar ett unikt eng\u00e5ngsl\u00f6senord f\u00f6r varje inloggning.<\/span><\/p>\n<p><span style=\"font-weight: 400;\">N\u00e4r du har aktiverat 2FA \u00e4r du redo att s\u00e4tta in pengar p\u00e5 ditt Kraken-konto. Det finns tv\u00e5 s\u00e4tt att k\u00f6pa DOGE p\u00e5 Kraken. Du kan l\u00e4gga till en omedelbar betalningsmetod som ett kreditkort till ditt konto eller koppla ditt bankkonto till Kraken f\u00f6r att enkelt \u00f6verf\u00f6ra pengar.<\/span><\/p>\n<p><span style=\"font-weight: 400;\">Det \u00e4r snabbare och enklare att l\u00e4gga till en omedelbar betalningsmetod. Klicka helt enkelt p\u00e5 \"Buy Crypto\" i den \u00f6vre menyn.<\/span><\/p>\n<p><img loading=\"lazy\" decoding=\"async\" class=\"alignnone wp-image-3412 size-full\" src=\"https:\/\/coinkickoff.com\/wp-content\/uploads\/kraken8-e1682503364155.png\" alt=\"\" width=\"1206\" height=\"781\" srcset=\"https:\/\/coinkickoff.com\/wp-content\/uploads\/kraken8-e1682503364155.png 1206w, https:\/\/coinkickoff.com\/wp-content\/uploads\/kraken8-e1682503364155-300x194.png 300w, https:\/\/coinkickoff.com\/wp-content\/uploads\/kraken8-e1682503364155-1024x663.png 1024w, https:\/\/coinkickoff.com\/wp-content\/uploads\/kraken8-e1682503364155-768x497.png 768w, https:\/\/coinkickoff.com\/wp-content\/uploads\/kraken8-e1682503364155-18x12.png 18w\" sizes=\"auto, (max-width: 1206px) 100vw, 1206px\" \/><\/p>\n<p><span style=\"font-weight: 400;\">P\u00e5 den nya sidan v\u00e4ljer du \"Betalningsmetoder\".<\/span><\/p>\n<p><span style=\"font-weight: 400;\">Klicka p\u00e5 \"L\u00e4gg till betalningsmetoder\". Du kan l\u00e4gga till en <\/span><a href=\"https:\/\/support.kraken.com\/hc\/en-us\/articles\/360048212832-Visa-and-MasterCard-purchases\" target=\"_blank\" rel=\"noopener\"><span style=\"font-weight: 400;\">Visa och Mastercard debet\/kreditkort<\/span><\/a><span style=\"font-weight: 400;\"> eller s\u00e4tta in kontanter p\u00e5 ditt konto via internetbanken.<\/span><\/p>\n<p><img loading=\"lazy\" decoding=\"async\" class=\"alignnone wp-image-3413 size-full\" src=\"https:\/\/coinkickoff.com\/wp-content\/uploads\/kraken9-e1682503407337.png\" alt=\"\" width=\"1196\" height=\"776\" srcset=\"https:\/\/coinkickoff.com\/wp-content\/uploads\/kraken9-e1682503407337.png 1196w, https:\/\/coinkickoff.com\/wp-content\/uploads\/kraken9-e1682503407337-300x195.png 300w, https:\/\/coinkickoff.com\/wp-content\/uploads\/kraken9-e1682503407337-1024x664.png 1024w, https:\/\/coinkickoff.com\/wp-content\/uploads\/kraken9-e1682503407337-768x498.png 768w, https:\/\/coinkickoff.com\/wp-content\/uploads\/kraken9-e1682503407337-18x12.png 18w\" sizes=\"auto, (max-width: 1196px) 100vw, 1196px\" \/><\/p>\n<p><span style=\"font-weight: 400;\">Klicka p\u00e5 \u00f6nskad metod och ange relevant information.\u00a0<\/span><\/p>\n<p><span style=\"font-weight: 400;\">Ink\u00f6p med kredit- och betalkort g\u00e5r snabbare men \u00e4r oftast dyrare eftersom kortleverant\u00f6rerna tar ut extra avgifter.<\/span><\/p>\n<p><span style=\"font-weight: 400;\">Om du v\u00e4ljer kontantins\u00e4ttning kan du s\u00e4tta in pengar p\u00e5 ditt konto via internetbanken. V\u00e4lj den valuta du vill s\u00e4tta in och v\u00e4lj ins\u00e4ttningsmetod.<\/span><\/p>\n<p><img loading=\"lazy\" decoding=\"async\" class=\"alignnone wp-image-3414 size-full\" src=\"https:\/\/coinkickoff.com\/wp-content\/uploads\/kraken-deposit.png\" alt=\"\" width=\"752\" height=\"298\" srcset=\"https:\/\/coinkickoff.com\/wp-content\/uploads\/kraken-deposit.png 752w, https:\/\/coinkickoff.com\/wp-content\/uploads\/kraken-deposit-300x119.png 300w, https:\/\/coinkickoff.com\/wp-content\/uploads\/kraken-deposit-18x7.png 18w\" sizes=\"auto, (max-width: 752px) 100vw, 752px\" \/> <img loading=\"lazy\" decoding=\"async\" class=\"alignnone wp-image-3415 size-full\" src=\"https:\/\/coinkickoff.com\/wp-content\/uploads\/kraken-deposit-2.png\" alt=\"\" width=\"808\" height=\"547\" srcset=\"https:\/\/coinkickoff.com\/wp-content\/uploads\/kraken-deposit-2.png 808w, https:\/\/coinkickoff.com\/wp-content\/uploads\/kraken-deposit-2-300x203.png 300w, https:\/\/coinkickoff.com\/wp-content\/uploads\/kraken-deposit-2-768x520.png 768w, https:\/\/coinkickoff.com\/wp-content\/uploads\/kraken-deposit-2-18x12.png 18w\" sizes=\"auto, (max-width: 808px) 100vw, 808px\" \/><\/p>\n<p><span style=\"font-weight: 400;\">L\u00e4s noggrant alla instruktioner n\u00e4r du skickar pengar till ditt Kraken-konto. Du kan beh\u00f6va ange en referenskod f\u00f6r att se till att din ins\u00e4ttning n\u00e5r Kraken.<\/span><\/p>\n<p><span style=\"font-weight: 400;\">Pengarna b\u00f6r komma in p\u00e5 ditt konto inom ett par dagar, men t\u00e4nk p\u00e5 helgdagar och andra eventuella f\u00f6rseningar. Du kan kontrollera om dina pengar har kommit fram genom att klicka p\u00e5 flikarna \"Trade\" eller \"Funding\".<\/span><\/p>\n<h3><span class=\"ez-toc-section\" id=\"4_Navigate_to_the_Relevant_Screen_to_Buy\"><\/span><span style=\"font-weight: 400;\">4. Navigera till den relevanta sk\u00e4rmen f\u00f6r att k\u00f6pa<\/span><span class=\"ez-toc-section-end\"><\/span><\/h3>\n<p><span style=\"font-weight: 400;\">Det finns tv\u00e5 s\u00e4tt att k\u00f6pa DOGE p\u00e5 Kraken. Det f\u00f6rsta och enklaste \u00e4r att anv\u00e4nda den enkla Buy\/Sell-widgeten. Klicka p\u00e5 fliken \"Buy Crypto\" p\u00e5 instrumentpanelen (h\u00f6gst upp i mitten) och v\u00e4lj \"Buy\".<\/span><\/p>\n<p><span style=\"font-weight: 400;\">V\u00e4lj DOGE i rullgardinsmenyn p\u00e5 widgeten och ange hur mycket du vill spendera. V\u00e4lj en betalningsmetod (kredit-\/betalkort eller kontanter).<\/span><\/p>\n<p><span style=\"font-weight: 400;\">Kraken visar hur mycket DOGE du f\u00e5r f\u00f6r dina pengar och eventuella avgifter som g\u00e4ller f\u00f6r ditt k\u00f6p. Klicka p\u00e5 bekr\u00e4fta, s\u00e5 \u00e4r du klar.\u00a0<\/span><\/p>\n<p><span style=\"font-weight: 400;\">\u00c4ven om denna metod \u00e4r bra f\u00f6r f\u00f6rstag\u00e5ngsanv\u00e4ndare finns det faktiskt en billigare metod f\u00f6r att k\u00f6pa DOGE p\u00e5 Kraken.<\/span><\/p>\n<p><img loading=\"lazy\" decoding=\"async\" class=\"alignnone wp-image-3416 size-full\" src=\"https:\/\/coinkickoff.com\/wp-content\/uploads\/kraken-trade1.png\" alt=\"\" width=\"1139\" height=\"206\" srcset=\"https:\/\/coinkickoff.com\/wp-content\/uploads\/kraken-trade1.png 1139w, https:\/\/coinkickoff.com\/wp-content\/uploads\/kraken-trade1-300x54.png 300w, https:\/\/coinkickoff.com\/wp-content\/uploads\/kraken-trade1-1024x185.png 1024w, https:\/\/coinkickoff.com\/wp-content\/uploads\/kraken-trade1-768x139.png 768w, https:\/\/coinkickoff.com\/wp-content\/uploads\/kraken-trade1-18x3.png 18w\" sizes=\"auto, (max-width: 1139px) 100vw, 1139px\" \/><\/p>\n<p><span style=\"font-weight: 400;\">V\u00e4lj \"Trade\" p\u00e5 den huvudsakliga instrumentpanelen. Klicka p\u00e5 fliken \"Ny order\" och v\u00e4lj \"Enkel order\".\u00a0<\/span>\u00a0\u00a0<img loading=\"lazy\" decoding=\"async\" class=\"alignnone wp-image-3419 size-full\" src=\"https:\/\/coinkickoff.com\/wp-content\/uploads\/kraken-trade4-e1682504018815.png\" alt=\"\" width=\"1220\" height=\"309\" srcset=\"https:\/\/coinkickoff.com\/wp-content\/uploads\/kraken-trade4-e1682504018815.png 1220w, https:\/\/coinkickoff.com\/wp-content\/uploads\/kraken-trade4-e1682504018815-300x76.png 300w, https:\/\/coinkickoff.com\/wp-content\/uploads\/kraken-trade4-e1682504018815-1024x259.png 1024w, https:\/\/coinkickoff.com\/wp-content\/uploads\/kraken-trade4-e1682504018815-768x195.png 768w, https:\/\/coinkickoff.com\/wp-content\/uploads\/kraken-trade4-e1682504018815-18x5.png 18w\" sizes=\"auto, (max-width: 1220px) 100vw, 1220px\" \/><span style=\"font-weight: 400;\">Justera valutatyperna p\u00e5 best\u00e4llningsformul\u00e4ret. Du kan till exempel justera utgiftskolumnen till USD och k\u00f6pkolumnen till DOGE.<\/span><\/p>\n<p><span style=\"font-weight: 400;\">Ange hur mycket du vill spendera i kolumnen f\u00f6r utgifter. P\u00e5 fliken Pris anger du det pris du vill k\u00f6pa DOGE f\u00f6r. Du kommer automatiskt att erbjudas ett fast marknadspris, men du kan ocks\u00e5 ange ett pris sj\u00e4lv.<\/span><\/p>\n<p><span style=\"font-weight: 400;\">N\u00e4r du accepterar det erbjudna marknadspriset placerar du en marknadsorder. Det betyder helt enkelt att din order kommer att utf\u00f6ras ganska snabbt eftersom du accepterar n\u00e5gon annans erbjudande att s\u00e4lja dig DOGE till det pris som de har fastst\u00e4llt.\u00a0<\/span><\/p>\n<p><span style=\"font-weight: 400;\">N\u00e4r du sj\u00e4lv fastst\u00e4ller ett pris kan det ta lite l\u00e4ngre tid att genomf\u00f6ra f\u00f6rs\u00e4ljningen eftersom n\u00e5gon annan m\u00e5ste acceptera att s\u00e4lja dig DOGE till det priset. Detta kallas annars f\u00f6r en limitorder.<\/span><\/p>\n<p><span style=\"font-weight: 400;\">Granska din best\u00e4llning och klicka p\u00e5 \"K\u00f6p\".<\/span><\/p>\n<p><span style=\"font-weight: 400;\">Du kan klicka p\u00e5 fliken Best\u00e4llningar f\u00f6r att se om transaktionen har slutf\u00f6rts. Om ordern \u00e4r st\u00e4ngd har du k\u00f6pt coin. Om ordern \u00e4r \u00f6ppen v\u00e4ntar du fortfarande p\u00e5 att n\u00e5gon ska s\u00e4lja dig DOGE.<\/span><\/p>\n<p><span style=\"font-weight: 400;\">Det var allt. Grattis!\u00a0<\/span><\/p>","protected":false},"excerpt":{"rendered":"<p>Hur man k\u00f6per Dogecoin p\u00e5 Kraken Dogecoin (DOGE) \u00e4r en av de st\u00f6rsta kryptovalutorna sett till marknadsv\u00e4rde, trots eller kanske p\u00e5 grund av dess status som v\u00e4rldens f\u00f6rsta meme coin. token lanserades mest som ett sk\u00e4mt, inspirerat av \"doge meme\", men blev snabbt popul\u00e4r tack vare internet och sociala medier. Om [...]<\/p>","protected":false},"author":3,"featured_media":155,"parent":3196,"menu_order":0,"comment_status":"closed","ping_status":"closed","template":"","meta":{"_genesis_hide_title":false,"_genesis_hide_breadcrumbs":false,"_genesis_hide_singular_image":false,"_genesis_hide_footer_widgets":false,"_genesis_custom_body_class":"","_genesis_custom_post_class":"","_genesis_layout":"","_glsr_average":0,"_glsr_ranking":0,"_glsr_reviews":0,"footnotes":""},"class_list":{"0":"post-3404","1":"page","2":"type-page","3":"status-publish","4":"has-post-thumbnail","6":"entry"},"featured_image_src":"https:\/\/coinkickoff.com\/wp-content\/uploads\/2022\/06\/Dogecoin-DOGE-600x400.jpg","featured_image_src_square":"https:\/\/coinkickoff.com\/wp-content\/uploads\/2022\/06\/Dogecoin-DOGE-600x600.jpg","_links":{"self":[{"href":"https:\/\/coinkickoff.com\/sv\/wp-json\/wp\/v2\/pages\/3404","targetHints":{"allow":["GET"]}}],"collection":[{"href":"https:\/\/coinkickoff.com\/sv\/wp-json\/wp\/v2\/pages"}],"about":[{"href":"https:\/\/coinkickoff.com\/sv\/wp-json\/wp\/v2\/types\/page"}],"author":[{"embeddable":true,"href":"https:\/\/coinkickoff.com\/sv\/wp-json\/wp\/v2\/users\/3"}],"replies":[{"embeddable":true,"href":"https:\/\/coinkickoff.com\/sv\/wp-json\/wp\/v2\/comments?post=3404"}],"version-history":[{"count":3,"href":"https:\/\/coinkickoff.com\/sv\/wp-json\/wp\/v2\/pages\/3404\/revisions"}],"predecessor-version":[{"id":4494,"href":"https:\/\/coinkickoff.com\/sv\/wp-json\/wp\/v2\/pages\/3404\/revisions\/4494"}],"up":[{"embeddable":true,"href":"https:\/\/coinkickoff.com\/sv\/wp-json\/wp\/v2\/pages\/3196"}],"wp:featuredmedia":[{"embeddable":true,"href":"https:\/\/coinkickoff.com\/sv\/wp-json\/wp\/v2\/media\/155"}],"wp:attachment":[{"href":"https:\/\/coinkickoff.com\/sv\/wp-json\/wp\/v2\/media?parent=3404"}],"curies":[{"name":"wp","href":"https:\/\/api.w.org\/{rel}","templated":true}]}}