{"id":3285,"date":"2026-01-08T14:07:35","date_gmt":"2026-01-08T14:07:35","guid":{"rendered":"https:\/\/coinkickoff.com\/?page_id=3285"},"modified":"2026-01-08T14:07:35","modified_gmt":"2026-01-08T14:07:35","slug":"how-to-buy-dogecoin-on-okx","status":"publish","type":"page","link":"https:\/\/coinkickoff.com\/sv\/how-to-buy-dogecoin\/how-to-buy-dogecoin-on-okx\/","title":{"rendered":"Hur man k\u00f6per Dogecoin (DOGE) p\u00e5 OKX"},"content":{"rendered":"<div id=\"ez-toc-container\" class=\"ez-toc-v2_0_80 counter-hierarchy ez-toc-counter ez-toc-transparent ez-toc-container-direction\">\n<div class=\"ez-toc-title-container\">\n<p class=\"ez-toc-title\" style=\"cursor:inherit\">Avsnitt<\/p>\n<span class=\"ez-toc-title-toggle\"><a href=\"#\" class=\"ez-toc-pull-right ez-toc-btn ez-toc-btn-xs ez-toc-btn-default ez-toc-toggle\" aria-label=\"V\u00e4xla till inneh\u00e5llsf\u00f6rteckning\"><span class=\"ez-toc-js-icon-con\"><span class=\"\"><span class=\"eztoc-hide\" style=\"display:none;\">V\u00e4xel<\/span><span class=\"ez-toc-icon-toggle-span\"><svg style=\"fill: #999;color:#999\" xmlns=\"http:\/\/www.w3.org\/2000\/svg\" class=\"list-377408\" width=\"20px\" height=\"20px\" viewbox=\"0 0 24 24\" fill=\"none\"><path d=\"M6 6H4v2h2V6zm14 0H8v2h12V6zM4 11h2v2H4v-2zm16 0H8v2h12v-2zM4 16h2v2H4v-2zm16 0H8v2h12v-2z\" fill=\"currentColor\"><\/path><\/svg><svg style=\"fill: #999;color:#999\" class=\"arrow-unsorted-368013\" xmlns=\"http:\/\/www.w3.org\/2000\/svg\" width=\"10px\" height=\"10px\" viewbox=\"0 0 24 24\" version=\"1.2\" baseprofile=\"tiny\"><path d=\"M18.2 9.3l-6.2-6.3-6.2 6.3c-.2.2-.3.4-.3.7s.1.5.3.7c.2.2.4.3.7.3h11c.3 0 .5-.1.7-.3.2-.2.3-.5.3-.7s-.1-.5-.3-.7zM5.8 14.7l6.2 6.3 6.2-6.3c.2-.2.3-.5.3-.7s-.1-.5-.3-.7c-.2-.2-.4-.3-.7-.3h-11c-.3 0-.5.1-.7.3-.2.2-.3.5-.3.7s.1.5.3.7z\"\/><\/svg><\/span><\/span><\/span><\/a><\/span><\/div>\n<nav><ul class='ez-toc-list ez-toc-list-level-1 eztoc-toggle-hide-by-default' ><li class='ez-toc-page-1 ez-toc-heading-level-2'><a class=\"ez-toc-link ez-toc-heading-1\" href=\"https:\/\/coinkickoff.com\/sv\/how-to-buy-dogecoin\/how-to-buy-dogecoin-on-okx\/#How_to_Buy_Dogecoin_on_OKX\" >Hur man k\u00f6per Dogecoin p\u00e5 OKX<\/a><\/li><li class='ez-toc-page-1 ez-toc-heading-level-2'><a class=\"ez-toc-link ez-toc-heading-2\" href=\"https:\/\/coinkickoff.com\/sv\/how-to-buy-dogecoin\/how-to-buy-dogecoin-on-okx\/#A_Step-By-Step_Guide_on_How_to_Buy_Dogecoin_on_OKX\" >En steg-f\u00f6r-steg-guide om hur du k\u00f6per Dogecoin p\u00e5 OKX<\/a><ul class='ez-toc-list-level-3' ><li class='ez-toc-heading-level-3'><a class=\"ez-toc-link ez-toc-heading-3\" href=\"https:\/\/coinkickoff.com\/sv\/how-to-buy-dogecoin\/how-to-buy-dogecoin-on-okx\/#1_Register_an_Account\" >1. Registrera ett konto<\/a><\/li><li class='ez-toc-page-1 ez-toc-heading-level-3'><a class=\"ez-toc-link ez-toc-heading-4\" href=\"https:\/\/coinkickoff.com\/sv\/how-to-buy-dogecoin\/how-to-buy-dogecoin-on-okx\/#2_Verify_Your_Account\" >2. Verifiera ditt konto<\/a><\/li><li class='ez-toc-page-1 ez-toc-heading-level-3'><a class=\"ez-toc-link ez-toc-heading-5\" href=\"https:\/\/coinkickoff.com\/sv\/how-to-buy-dogecoin\/how-to-buy-dogecoin-on-okx\/#3_Deposit_FundsCrypto\" >3. Ins\u00e4ttning av medel\/krypto<\/a><\/li><li class='ez-toc-page-1 ez-toc-heading-level-3'><a class=\"ez-toc-link ez-toc-heading-6\" href=\"https:\/\/coinkickoff.com\/sv\/how-to-buy-dogecoin\/how-to-buy-dogecoin-on-okx\/#4_Navigate_to_the_Relevant_Screen_to_Buy\" >4. Navigera till den relevanta sk\u00e4rmen f\u00f6r att k\u00f6pa<\/a><\/li><\/ul><\/li><\/ul><\/nav><\/div>\n<h2><span class=\"ez-toc-section\" id=\"How_to_Buy_Dogecoin_on_OKX\"><\/span><span style=\"font-weight: 400;\">Hur man k\u00f6per Dogecoin p\u00e5 OKX<\/span><span class=\"ez-toc-section-end\"><\/span><\/h2>\n<p><span style=\"font-weight: 400;\">Den \u00e4r fr\u00e4mst utformad som ett sk\u00e4mt coin, DOGE har inget tydligt anv\u00e4ndningsomr\u00e5de eller stort v\u00e4rde. N\u00e4r <a href=\"https:\/\/coinkickoff.com\/sv\/dogecoin-doge\/\" data-internallinksmanager029f6b8e52c=\"14\" title=\"Vad \u00e4r Dogecoin (DOGE)? Hur det fungerar och var man kan k\u00f6pa det?\">Dogecoin<\/a> lanserades 2013 var det ingen som f\u00f6rv\u00e4ntade sig att denna membaserade coin skulle f\u00e5 n\u00e5gon st\u00f6rre spridning. Men \u00e5r 2021, p\u00e5 h\u00f6jden av kryptohaveriet, fick DOGE sina 15 minuter av internetber\u00f6mmelse och \u00e4r fortfarande en av de mest k\u00e4nda digitala tillg\u00e5ngarna. <a href=\"https:\/\/www.coindesk.com\/markets\/2023\/04\/06\/dogecoin-drops-after-elon-musks-twitter-stops-using-its-logo\/\" target=\"_blank\" rel=\"noopener\">tack vare sociala medier<\/a>.<\/span><\/p>\n<p><span style=\"font-weight: 400;\">Om du vill vara med och k\u00f6pa Dogecoin, men inte vet var du ska b\u00f6rja, \u00e4r det ingen fara. I den h\u00e4r artikeln f\u00f6rklarar vi hur du k\u00f6per Dogecoin p\u00e5 <a href=\"https:\/\/www.okx.com\/join\/65358827\" target=\"_blank\" rel=\"noopener\">OKX-b\u00f6rsen<\/a> steg-f\u00f6r-steg. Nu k\u00f6r vi.<\/span><\/p>\n<h2><span class=\"ez-toc-section\" id=\"A_Step-By-Step_Guide_on_How_to_Buy_Dogecoin_on_OKX\"><\/span><span style=\"font-weight: 400;\">En steg-f\u00f6r-steg-guide om hur du k\u00f6per Dogecoin p\u00e5 OKX<\/span><span class=\"ez-toc-section-end\"><\/span><\/h2>\n<h3><span class=\"ez-toc-section\" id=\"1_Register_an_Account\"><\/span><span style=\"font-weight: 400;\">1. Registrera ett konto<\/span><span class=\"ez-toc-section-end\"><\/span><\/h3>\n<p><span style=\"font-weight: 400;\">G\u00e5 f\u00f6rst till <a href=\"https:\/\/coinkickoff.com\/sv\/okx-review\/\" data-internallinksmanager029f6b8e52c=\"150\" title=\"OKX recensioner 2023: Avgifter, funktioner, s\u00e4kerhet, f\u00f6rdelar och nackdelar\">OKX<\/a>och klicka p\u00e5 \"Registrera dig\" f\u00f6r att skapa ett konto.\u00a0<\/span><\/p>\n<p><img loading=\"lazy\" decoding=\"async\" class=\"alignnone wp-image-3286 size-full\" src=\"https:\/\/coinkickoff.com\/wp-content\/uploads\/okx-sign-up.png\" alt=\"hur man k\u00f6per dogecoin p\u00e5 okx sign up\" width=\"1410\" height=\"721\" srcset=\"https:\/\/coinkickoff.com\/wp-content\/uploads\/okx-sign-up.png 1410w, https:\/\/coinkickoff.com\/wp-content\/uploads\/okx-sign-up-300x153.png 300w, https:\/\/coinkickoff.com\/wp-content\/uploads\/okx-sign-up-1024x524.png 1024w, https:\/\/coinkickoff.com\/wp-content\/uploads\/okx-sign-up-768x393.png 768w, https:\/\/coinkickoff.com\/wp-content\/uploads\/okx-sign-up-18x9.png 18w\" sizes=\"auto, (max-width: 1410px) 100vw, 1410px\" \/><\/p>\n<p><span style=\"font-weight: 400;\">Det tar bara en minut att \u00f6ppna ett OKX-konto: Du kan registrera dig med en e-postadress eller ett telefonnummer. Du kan ocks\u00e5 registrera dig med din Google- eller Telegramadress.\u00a0\u00a0<\/span><\/p>\n<h3><span class=\"ez-toc-section\" id=\"2_Verify_Your_Account\"><\/span><span style=\"font-weight: 400;\">2. Verifiera ditt konto<\/span><span class=\"ez-toc-section-end\"><\/span><\/h3>\n<p><span style=\"font-weight: 400;\">Du beh\u00f6ver inte verifiera din identitet f\u00f6r att handla med krypto p\u00e5 OKX. Du kan skicka dina digitala tillg\u00e5ngar till ditt OKX-konto och omedelbart b\u00f6rja handla p\u00e5 plattformen.<\/span><\/p>\n<p><span style=\"font-weight: 400;\">Om du vill k\u00f6pa krypto med fiatvaluta p\u00e5 plattformen m\u00e5ste du dock slutf\u00f6ra en ID-verifiering. Klicka p\u00e5 profiltecknet uppe i h\u00f6gra h\u00f6rnet och v\u00e4lj \"\u00d6versikt\".\u00a0<\/span><\/p>\n<p><img loading=\"lazy\" decoding=\"async\" class=\"alignnone wp-image-3287 size-full\" src=\"https:\/\/coinkickoff.com\/wp-content\/uploads\/okx-verif.png\" alt=\"\" width=\"1417\" height=\"694\" srcset=\"https:\/\/coinkickoff.com\/wp-content\/uploads\/okx-verif.png 1417w, https:\/\/coinkickoff.com\/wp-content\/uploads\/okx-verif-300x147.png 300w, https:\/\/coinkickoff.com\/wp-content\/uploads\/okx-verif-1024x502.png 1024w, https:\/\/coinkickoff.com\/wp-content\/uploads\/okx-verif-768x376.png 768w, https:\/\/coinkickoff.com\/wp-content\/uploads\/okx-verif-18x9.png 18w\" sizes=\"auto, (max-width: 1417px) 100vw, 1417px\" \/><\/p>\n<p><span style=\"font-weight: 400;\">V\u00e4lj fliken Verifiering f\u00f6r att starta processen.<\/span><\/p>\n<p><img loading=\"lazy\" decoding=\"async\" class=\"alignnone wp-image-3288 size-full\" src=\"https:\/\/coinkickoff.com\/wp-content\/uploads\/okx-ver2.png\" alt=\"\" width=\"1426\" height=\"486\" srcset=\"https:\/\/coinkickoff.com\/wp-content\/uploads\/okx-ver2.png 1426w, https:\/\/coinkickoff.com\/wp-content\/uploads\/okx-ver2-300x102.png 300w, https:\/\/coinkickoff.com\/wp-content\/uploads\/okx-ver2-1024x349.png 1024w, https:\/\/coinkickoff.com\/wp-content\/uploads\/okx-ver2-768x262.png 768w, https:\/\/coinkickoff.com\/wp-content\/uploads\/okx-ver2-18x6.png 18w\" sizes=\"auto, (max-width: 1426px) 100vw, 1426px\" \/><\/p>\n<p><span style=\"font-weight: 400;\">V\u00e4lj det enskilda kontot och klicka p\u00e5 \"Forts\u00e4tt\".<\/span><\/p>\n<p><img loading=\"lazy\" decoding=\"async\" class=\"alignnone wp-image-3289 size-full\" src=\"https:\/\/coinkickoff.com\/wp-content\/uploads\/okx-ver3.png\" alt=\"\" width=\"1427\" height=\"666\" srcset=\"https:\/\/coinkickoff.com\/wp-content\/uploads\/okx-ver3.png 1427w, https:\/\/coinkickoff.com\/wp-content\/uploads\/okx-ver3-300x140.png 300w, https:\/\/coinkickoff.com\/wp-content\/uploads\/okx-ver3-1024x478.png 1024w, https:\/\/coinkickoff.com\/wp-content\/uploads\/okx-ver3-768x358.png 768w, https:\/\/coinkickoff.com\/wp-content\/uploads\/okx-ver3-18x8.png 18w\" sizes=\"auto, (max-width: 1427px) 100vw, 1427px\" \/><\/p>\n<p><span style=\"font-weight: 400;\">OKX har f\u00f6rmodligen den enklaste id-verifieringsprocessen n\u00e5gonsin, eftersom plattformen inte ens ber om ett foto-ID. Skriv bara ditt namn, v\u00e4lj din ID-typ och ange ditt ID-nummer. Klicka p\u00e5 \"Skicka\" och du \u00e4r klar.<\/span><\/p>\n<h3><span class=\"ez-toc-section\" id=\"3_Deposit_FundsCrypto\"><\/span><span style=\"font-weight: 400;\">3. Ins\u00e4ttning av medel\/krypto<\/span><span class=\"ez-toc-section-end\"><\/span><\/h3>\n<p><span style=\"font-weight: 400;\">N\u00e4r du har slutf\u00f6rt identitetskontrollen kan du s\u00e4tta in fiatvaluta p\u00e5 ditt konto, eller s\u00e5 kan du k\u00f6pa DOGE med ett kreditkort eller en annan betalningsmetod.\u00a0<\/span><\/p>\n<p><span style=\"font-weight: 400;\">Klicka p\u00e5 din profillogotyp och v\u00e4lj \"\u00d6versikt\" f\u00f6r att v\u00e4lja ins\u00e4ttnings- och k\u00f6palternativ. Om du vill g\u00f6ra en ins\u00e4ttning klickar du p\u00e5 \"Ins\u00e4ttning\".<\/span><\/p>\n<p><img loading=\"lazy\" decoding=\"async\" class=\"alignnone wp-image-3290 size-full\" src=\"https:\/\/coinkickoff.com\/wp-content\/uploads\/okx-verif-1.png\" alt=\"\" width=\"1417\" height=\"694\" srcset=\"https:\/\/coinkickoff.com\/wp-content\/uploads\/okx-verif-1.png 1417w, https:\/\/coinkickoff.com\/wp-content\/uploads\/okx-verif-1-300x147.png 300w, https:\/\/coinkickoff.com\/wp-content\/uploads\/okx-verif-1-1024x502.png 1024w, https:\/\/coinkickoff.com\/wp-content\/uploads\/okx-verif-1-768x376.png 768w, https:\/\/coinkickoff.com\/wp-content\/uploads\/okx-verif-1-18x9.png 18w\" sizes=\"auto, (max-width: 1417px) 100vw, 1417px\" \/><\/p>\n<h3><span class=\"ez-toc-section\" id=\"4_Navigate_to_the_Relevant_Screen_to_Buy\"><\/span><span style=\"font-weight: 400;\">4. Navigera till den relevanta sk\u00e4rmen f\u00f6r att k\u00f6pa<\/span><span class=\"ez-toc-section-end\"><\/span><\/h3>\n<p><span style=\"font-weight: 400;\">P\u00e5 \u00f6versiktssidan v\u00e4ljer du alternativet \"K\u00f6p med kort\". D\u00e5 kommer du till den enkla sidan f\u00f6r k\u00f6p\/s\u00e4ljning.<\/span><\/p>\n<p><img loading=\"lazy\" decoding=\"async\" class=\"alignnone wp-image-3291 size-full\" src=\"https:\/\/coinkickoff.com\/wp-content\/uploads\/Screen-Shot-2023-03-24-at-5.59.53-AM-e1686184973371.png\" alt=\"\" width=\"1428\" height=\"802\" srcset=\"https:\/\/coinkickoff.com\/wp-content\/uploads\/Screen-Shot-2023-03-24-at-5.59.53-AM-e1686184973371.png 1428w, https:\/\/coinkickoff.com\/wp-content\/uploads\/Screen-Shot-2023-03-24-at-5.59.53-AM-e1686184973371-300x168.png 300w, https:\/\/coinkickoff.com\/wp-content\/uploads\/Screen-Shot-2023-03-24-at-5.59.53-AM-e1686184973371-1024x575.png 1024w, https:\/\/coinkickoff.com\/wp-content\/uploads\/Screen-Shot-2023-03-24-at-5.59.53-AM-e1686184973371-768x431.png 768w, https:\/\/coinkickoff.com\/wp-content\/uploads\/Screen-Shot-2023-03-24-at-5.59.53-AM-e1686184973371-18x10.png 18w, https:\/\/coinkickoff.com\/wp-content\/uploads\/Screen-Shot-2023-03-24-at-5.59.53-AM-e1686184973371-600x338.png 600w\" sizes=\"auto, (max-width: 1428px) 100vw, 1428px\" \/><\/p>\n<p><span style=\"font-weight: 400;\">Ange hur mycket du vill spendera p\u00e5 ditt k\u00f6p och v\u00e4lj den kryptovaluta du vill k\u00f6pa (DOGE). Klicka p\u00e5 \"Buy Doge\".<\/span><\/p>\n<p><img loading=\"lazy\" decoding=\"async\" class=\"alignnone wp-image-3292 size-full\" src=\"https:\/\/coinkickoff.com\/wp-content\/uploads\/buydogeend.png\" alt=\"\" width=\"1432\" height=\"798\" srcset=\"https:\/\/coinkickoff.com\/wp-content\/uploads\/buydogeend.png 1432w, https:\/\/coinkickoff.com\/wp-content\/uploads\/buydogeend-300x167.png 300w, https:\/\/coinkickoff.com\/wp-content\/uploads\/buydogeend-1024x571.png 1024w, https:\/\/coinkickoff.com\/wp-content\/uploads\/buydogeend-768x428.png 768w, https:\/\/coinkickoff.com\/wp-content\/uploads\/buydogeend-18x10.png 18w\" sizes=\"auto, (max-width: 1432px) 100vw, 1432px\" \/><\/p>\n<p><span style=\"font-weight: 400;\">P\u00e5 n\u00e4sta sida v\u00e4ljer du din metod och f\u00e5r en sammanfattning av ditt k\u00f6p, inklusive hur mycket DOGE du kommer att f\u00e5 n\u00e4r du har slutf\u00f6rt transaktionen.<\/span><\/p>\n<p><span style=\"font-weight: 400;\">Betalningsmetoderna varierar beroende p\u00e5 vilken fiatvaluta du vill anv\u00e4nda. Som du kan se finns det flera alternativ du kan v\u00e4lja, bland annat Payoneer, Revolut, AirTM och fler. Du kan ocks\u00e5 v\u00e4lja tredjepartsleverant\u00f6rer som Simplex och Banxa.<\/span><\/p>\n<p><span style=\"font-weight: 400;\">Klicka p\u00e5 \"Verifiera\" f\u00f6r att slutf\u00f6ra k\u00f6pet. Grattis!<\/span><\/p>\n<p><span style=\"font-weight: 400;\">F\u00f6r mer information, l\u00e4s v\u00e5ra artiklar om <a href=\"https:\/\/coinkickoff.com\/sv\/dogecoin-doge\/\">Dogecoin<\/a> och <a href=\"https:\/\/coinkickoff.com\/sv\/?s=okx+review\">OKX-b\u00f6rsen<\/a>.<\/span><\/p>","protected":false},"excerpt":{"rendered":"<p>Hur man k\u00f6per Dogecoin p\u00e5 OKX coin och DOGE \u00e4r fr\u00e4mst utformade som ett sk\u00e4mt och har inget tydligt anv\u00e4ndningsomr\u00e5de eller stort v\u00e4rde. N\u00e4r Dogecoin lanserades 2013 f\u00f6rv\u00e4ntade sig ingen att denna meme-baserade coin skulle f\u00e5 mycket dragkraft. Men \u00e5r 2021, p\u00e5 h\u00f6jden av kryptohaveriet, nj\u00f6t DOGE grundligt av sina 15 minuter av internetber\u00f6mmelse och [...]<\/p>","protected":false},"author":3,"featured_media":3291,"parent":3196,"menu_order":0,"comment_status":"closed","ping_status":"closed","template":"","meta":{"_genesis_hide_title":false,"_genesis_hide_breadcrumbs":false,"_genesis_hide_singular_image":false,"_genesis_hide_footer_widgets":false,"_genesis_custom_body_class":"","_genesis_custom_post_class":"","_genesis_layout":"","_glsr_average":0,"_glsr_ranking":0,"_glsr_reviews":0,"footnotes":""},"class_list":{"0":"post-3285","1":"page","2":"type-page","3":"status-publish","4":"has-post-thumbnail","6":"entry"},"featured_image_src":"https:\/\/coinkickoff.com\/wp-content\/uploads\/Screen-Shot-2023-03-24-at-5.59.53-AM-e1686184973371-600x400.png","featured_image_src_square":"https:\/\/coinkickoff.com\/wp-content\/uploads\/Screen-Shot-2023-03-24-at-5.59.53-AM-e1686184973371-600x600.png","_links":{"self":[{"href":"https:\/\/coinkickoff.com\/sv\/wp-json\/wp\/v2\/pages\/3285","targetHints":{"allow":["GET"]}}],"collection":[{"href":"https:\/\/coinkickoff.com\/sv\/wp-json\/wp\/v2\/pages"}],"about":[{"href":"https:\/\/coinkickoff.com\/sv\/wp-json\/wp\/v2\/types\/page"}],"author":[{"embeddable":true,"href":"https:\/\/coinkickoff.com\/sv\/wp-json\/wp\/v2\/users\/3"}],"replies":[{"embeddable":true,"href":"https:\/\/coinkickoff.com\/sv\/wp-json\/wp\/v2\/comments?post=3285"}],"version-history":[{"count":4,"href":"https:\/\/coinkickoff.com\/sv\/wp-json\/wp\/v2\/pages\/3285\/revisions"}],"predecessor-version":[{"id":4497,"href":"https:\/\/coinkickoff.com\/sv\/wp-json\/wp\/v2\/pages\/3285\/revisions\/4497"}],"up":[{"embeddable":true,"href":"https:\/\/coinkickoff.com\/sv\/wp-json\/wp\/v2\/pages\/3196"}],"wp:featuredmedia":[{"embeddable":true,"href":"https:\/\/coinkickoff.com\/sv\/wp-json\/wp\/v2\/media\/3291"}],"wp:attachment":[{"href":"https:\/\/coinkickoff.com\/sv\/wp-json\/wp\/v2\/media?parent=3285"}],"curies":[{"name":"wp","href":"https:\/\/api.w.org\/{rel}","templated":true}]}}