{"id":3268,"date":"2026-01-08T14:07:33","date_gmt":"2026-01-08T14:07:33","guid":{"rendered":"https:\/\/coinkickoff.com\/?page_id=3268"},"modified":"2026-01-08T14:07:33","modified_gmt":"2026-01-08T14:07:33","slug":"how-to-buy-dogecoin-on-kucoin","status":"publish","type":"page","link":"https:\/\/coinkickoff.com\/sv\/how-to-buy-dogecoin\/how-to-buy-dogecoin-on-kucoin\/","title":{"rendered":"Hur man k\u00f6per Dogecoin (DOGE) p\u00e5 Kucoin"},"content":{"rendered":"<div id=\"ez-toc-container\" class=\"ez-toc-v2_0_80 counter-hierarchy ez-toc-counter ez-toc-transparent ez-toc-container-direction\">\n<div class=\"ez-toc-title-container\">\n<p class=\"ez-toc-title\" style=\"cursor:inherit\">Avsnitt<\/p>\n<span class=\"ez-toc-title-toggle\"><a href=\"#\" class=\"ez-toc-pull-right ez-toc-btn ez-toc-btn-xs ez-toc-btn-default ez-toc-toggle\" aria-label=\"V\u00e4xla till inneh\u00e5llsf\u00f6rteckning\"><span class=\"ez-toc-js-icon-con\"><span class=\"\"><span class=\"eztoc-hide\" style=\"display:none;\">V\u00e4xel<\/span><span class=\"ez-toc-icon-toggle-span\"><svg style=\"fill: #999;color:#999\" xmlns=\"http:\/\/www.w3.org\/2000\/svg\" class=\"list-377408\" width=\"20px\" height=\"20px\" viewbox=\"0 0 24 24\" fill=\"none\"><path d=\"M6 6H4v2h2V6zm14 0H8v2h12V6zM4 11h2v2H4v-2zm16 0H8v2h12v-2zM4 16h2v2H4v-2zm16 0H8v2h12v-2z\" fill=\"currentColor\"><\/path><\/svg><svg style=\"fill: #999;color:#999\" class=\"arrow-unsorted-368013\" xmlns=\"http:\/\/www.w3.org\/2000\/svg\" width=\"10px\" height=\"10px\" viewbox=\"0 0 24 24\" version=\"1.2\" baseprofile=\"tiny\"><path d=\"M18.2 9.3l-6.2-6.3-6.2 6.3c-.2.2-.3.4-.3.7s.1.5.3.7c.2.2.4.3.7.3h11c.3 0 .5-.1.7-.3.2-.2.3-.5.3-.7s-.1-.5-.3-.7zM5.8 14.7l6.2 6.3 6.2-6.3c.2-.2.3-.5.3-.7s-.1-.5-.3-.7c-.2-.2-.4-.3-.7-.3h-11c-.3 0-.5.1-.7.3-.2.2-.3.5-.3.7s.1.5.3.7z\"\/><\/svg><\/span><\/span><\/span><\/a><\/span><\/div>\n<nav><ul class='ez-toc-list ez-toc-list-level-1 eztoc-toggle-hide-by-default' ><li class='ez-toc-page-1 ez-toc-heading-level-2'><a class=\"ez-toc-link ez-toc-heading-1\" href=\"https:\/\/coinkickoff.com\/sv\/how-to-buy-dogecoin\/how-to-buy-dogecoin-on-kucoin\/#How_to_Buy_Dogecoin_on_Kucoin\" >Hur man k\u00f6per Dogecoin p\u00e5 Kucoin<\/a><\/li><li class='ez-toc-page-1 ez-toc-heading-level-2'><a class=\"ez-toc-link ez-toc-heading-2\" href=\"https:\/\/coinkickoff.com\/sv\/how-to-buy-dogecoin\/how-to-buy-dogecoin-on-kucoin\/#A_Step-By-Step_Guide_on_How_to_Buy_Dogecoin_on_Kucoin\" >En steg-f\u00f6r-steg-guide om hur du k\u00f6per Dogecoin p\u00e5 Kucoin<\/a><ul class='ez-toc-list-level-3' ><li class='ez-toc-heading-level-3'><a class=\"ez-toc-link ez-toc-heading-3\" href=\"https:\/\/coinkickoff.com\/sv\/how-to-buy-dogecoin\/how-to-buy-dogecoin-on-kucoin\/#1_Register_an_Account\" >1. Registrera ett konto<\/a><\/li><li class='ez-toc-page-1 ez-toc-heading-level-3'><a class=\"ez-toc-link ez-toc-heading-4\" href=\"https:\/\/coinkickoff.com\/sv\/how-to-buy-dogecoin\/how-to-buy-dogecoin-on-kucoin\/#2_Verify_Your_Account\" >2. Verifiera ditt konto<\/a><\/li><li class='ez-toc-page-1 ez-toc-heading-level-3'><a class=\"ez-toc-link ez-toc-heading-5\" href=\"https:\/\/coinkickoff.com\/sv\/how-to-buy-dogecoin\/how-to-buy-dogecoin-on-kucoin\/#3_Deposit_FundsCrypto\" >3. Ins\u00e4ttning av medel\/krypto<\/a><\/li><li class='ez-toc-page-1 ez-toc-heading-level-3'><a class=\"ez-toc-link ez-toc-heading-6\" href=\"https:\/\/coinkickoff.com\/sv\/how-to-buy-dogecoin\/how-to-buy-dogecoin-on-kucoin\/#4_Navigate_to_the_Relevant_Screen_to_Buy\" >4. Navigera till den relevanta sk\u00e4rmen f\u00f6r att k\u00f6pa<\/a><ul class='ez-toc-list-level-4' ><li class='ez-toc-heading-level-4'><a class=\"ez-toc-link ez-toc-heading-7\" href=\"https:\/\/coinkickoff.com\/sv\/how-to-buy-dogecoin\/how-to-buy-dogecoin-on-kucoin\/#Fast_TradeOne-click_Buy\" >Snabb handel\/ett klick k\u00f6p<\/a><\/li><li class='ez-toc-page-1 ez-toc-heading-level-4'><a class=\"ez-toc-link ez-toc-heading-8\" href=\"https:\/\/coinkickoff.com\/sv\/how-to-buy-dogecoin\/how-to-buy-dogecoin-on-kucoin\/#Third-Party\" >Tredje part<\/a><\/li><li class='ez-toc-page-1 ez-toc-heading-level-4'><a class=\"ez-toc-link ez-toc-heading-9\" href=\"https:\/\/coinkickoff.com\/sv\/how-to-buy-dogecoin\/how-to-buy-dogecoin-on-kucoin\/#P2P_Market\" >P2P-marknaden<\/a><\/li><\/ul><\/li><\/ul><\/li><\/ul><\/nav><\/div>\n<h2><span class=\"ez-toc-section\" id=\"How_to_Buy_Dogecoin_on_Kucoin\"><\/span>Hur man k\u00f6per Dogecoin p\u00e5 Kucoin<span class=\"ez-toc-section-end\"><\/span><\/h2>\n<p><a href=\"https:\/\/coinkickoff.com\/sv\/dogecoin-doge\/\"><span style=\"font-weight: 400;\">Dogecoin<\/span><\/a><span style=\"font-weight: 400;\"> \u00e4r en ber\u00f6md meme coin som du kan k\u00f6pa p\u00e5 m\u00e5nga b\u00f6rser, inklusive <\/span><a href=\"https:\/\/coinkickoff.com\/sv\/kucoin-review\/\"><span style=\"font-weight: 400;\">Kucoin<\/span><\/a><span style=\"font-weight: 400;\">. <a href=\"https:\/\/coinkickoff.com\/sv\/dogecoin-doge\/\" data-internallinksmanager029f6b8e52c=\"14\" title=\"Vad \u00e4r Dogecoin (DOGE)? Hur det fungerar och var man kan k\u00f6pa det?\">DOGE<\/a> \u00e4r ganska billigt och l\u00e4tt att handla.<\/span><\/p>\n<p><span style=\"font-weight: 400;\">Om du vill k\u00f6pa Dogecoin p\u00e5 <a href=\"https:\/\/coinkickoff.com\/sv\/kucoin-review\/\" data-internallinksmanager029f6b8e52c=\"153\" title=\"KuCoin Recensioner 2023: Avgifter, s\u00e4kerhet, f\u00f6r och nackdelar\">Kucoin<\/a> men inte vet var du ska b\u00f6rja? Vi har allt f\u00f6r dig. H\u00e4r \u00e4r en steg-f\u00f6r-steg-beskrivning av hur du k\u00f6per Dogecoin p\u00e5 Kucoin.<\/span><\/p>\n<h2><span class=\"ez-toc-section\" id=\"A_Step-By-Step_Guide_on_How_to_Buy_Dogecoin_on_Kucoin\"><\/span><span style=\"font-weight: 400;\">En steg-f\u00f6r-steg-guide om hur du k\u00f6per Dogecoin p\u00e5 Kucoin<\/span><span class=\"ez-toc-section-end\"><\/span><\/h2>\n<h3><span class=\"ez-toc-section\" id=\"1_Register_an_Account\"><\/span><span style=\"font-weight: 400;\">1. Registrera ett konto<\/span><span class=\"ez-toc-section-end\"><\/span><\/h3>\n<p><span style=\"font-weight: 400;\">Bes\u00f6k f\u00f6rst <\/span><a href=\"https:\/\/www.kucoin.com\/r\/af\/rMJPV3B\" target=\"_blank\" rel=\"noopener\"><span style=\"font-weight: 400;\">Kucoin:s officiella webbplats<\/span><\/a><span style=\"font-weight: 400;\"> f\u00f6r att registrera ett konto.\u00a0<\/span><\/p>\n<p><img loading=\"lazy\" decoding=\"async\" class=\"alignnone wp-image-3269 size-full\" src=\"https:\/\/coinkickoff.com\/wp-content\/uploads\/kucoin-register.png\" alt=\"k\u00f6pa doge p\u00e5 kucoin register\" width=\"1421\" height=\"788\" srcset=\"https:\/\/coinkickoff.com\/wp-content\/uploads\/kucoin-register.png 1421w, https:\/\/coinkickoff.com\/wp-content\/uploads\/kucoin-register-300x166.png 300w, https:\/\/coinkickoff.com\/wp-content\/uploads\/kucoin-register-1024x568.png 1024w, https:\/\/coinkickoff.com\/wp-content\/uploads\/kucoin-register-768x426.png 768w, https:\/\/coinkickoff.com\/wp-content\/uploads\/kucoin-register-18x10.png 18w\" sizes=\"auto, (max-width: 1421px) 100vw, 1421px\" \/><\/p>\n<p><span style=\"font-weight: 400;\">Det \u00e4r mycket enkelt att \u00f6ppna ett Kucoin-konto: Du kan registrera dig med din e-postadress eller ditt telefonnummer. Kucoin skickar dig en verifieringskod f\u00f6r att logga in p\u00e5 ditt nya konto.<\/span><\/p>\n<h3><span class=\"ez-toc-section\" id=\"2_Verify_Your_Account\"><\/span><span style=\"font-weight: 400;\">2. Verifiera ditt konto<\/span><span class=\"ez-toc-section-end\"><\/span><\/h3>\n<p><span style=\"font-weight: 400;\">F\u00f6r att verifiera ditt konto g\u00e5r du till din anv\u00e4ndarprofil (h\u00f6gst upp i h\u00f6gra h\u00f6rnet, bredvid \"Assets\").  I menyn klickar du p\u00e5 \"Identitetsverifiering\".<\/span><\/p>\n<p><img loading=\"lazy\" decoding=\"async\" class=\"alignnone wp-image-3272 size-full\" src=\"https:\/\/coinkickoff.com\/wp-content\/uploads\/kucoin-identity-verification.png\" alt=\"kucoin id-kontroll 1\" width=\"1420\" height=\"785\" srcset=\"https:\/\/coinkickoff.com\/wp-content\/uploads\/kucoin-identity-verification.png 1420w, https:\/\/coinkickoff.com\/wp-content\/uploads\/kucoin-identity-verification-300x166.png 300w, https:\/\/coinkickoff.com\/wp-content\/uploads\/kucoin-identity-verification-1024x566.png 1024w, https:\/\/coinkickoff.com\/wp-content\/uploads\/kucoin-identity-verification-768x425.png 768w, https:\/\/coinkickoff.com\/wp-content\/uploads\/kucoin-identity-verification-18x10.png 18w\" sizes=\"auto, (max-width: 1420px) 100vw, 1420px\" \/><\/p>\n<p><span style=\"font-weight: 400;\">Tekniskt sett beh\u00f6ver du inte verifiera din identitet f\u00f6r att k\u00f6pa DOGE p\u00e5 Kucoin-plattformen om du redan har andra digitala tillg\u00e5ngar.\u00a0<\/span><\/p>\n<p><span style=\"font-weight: 400;\">Om du redan \u00e4ger digitala tillg\u00e5ngar kan du helt enkelt skicka dem till din Kucoin-kryptopl\u00e5nbok. N\u00e4r du har satt in krypto p\u00e5 ditt Kucoin-konto kan du handla dessa tillg\u00e5ngar med Dogecoin.<\/span><\/p>\n<p><span style=\"font-weight: 400;\">Du m\u00e5ste dock slutf\u00f6ra id-verifiering f\u00f6r att kunna s\u00e4tta in fiat p\u00e5 plattformen. S\u00e5 om du inte redan \u00e4ger krypto eller om du inte vill handla med dina tillg\u00e5ngar, g\u00e5 vidare och slutf\u00f6r identitetskontrollen.<\/span><\/p>\n<p><img loading=\"lazy\" decoding=\"async\" class=\"alignnone wp-image-3270 size-full\" src=\"https:\/\/coinkickoff.com\/wp-content\/uploads\/kucoin-id-verification-2.png\" alt=\"kucoin identitetskontroll 2\" width=\"1407\" height=\"706\" srcset=\"https:\/\/coinkickoff.com\/wp-content\/uploads\/kucoin-id-verification-2.png 1407w, https:\/\/coinkickoff.com\/wp-content\/uploads\/kucoin-id-verification-2-300x151.png 300w, https:\/\/coinkickoff.com\/wp-content\/uploads\/kucoin-id-verification-2-1024x514.png 1024w, https:\/\/coinkickoff.com\/wp-content\/uploads\/kucoin-id-verification-2-768x385.png 768w, https:\/\/coinkickoff.com\/wp-content\/uploads\/kucoin-id-verification-2-18x9.png 18w\" sizes=\"auto, (max-width: 1407px) 100vw, 1407px\" \/><\/p>\n<p><span style=\"font-weight: 400;\">Kucoin har en f\u00f6renklad id-verifieringsprocess i tre steg som best\u00e5r av att ange personlig information, ladda upp ett statligt ID och slutf\u00f6ra ansiktsbekr\u00e4ftelsen.<\/span><\/p>\n<p><span style=\"font-weight: 400;\">B\u00f6rja med att ange dina personuppgifter och klicka sedan p\u00e5 \"N\u00e4sta\" f\u00f6r att g\u00e5 vidare till n\u00e4sta steg.<\/span><\/p>\n<p><img loading=\"lazy\" decoding=\"async\" class=\"alignnone wp-image-3271 size-full\" src=\"https:\/\/coinkickoff.com\/wp-content\/uploads\/kucoin-id-verification-3.png\" alt=\"kucoin id-kontroll 3\" width=\"1412\" height=\"789\" srcset=\"https:\/\/coinkickoff.com\/wp-content\/uploads\/kucoin-id-verification-3.png 1412w, https:\/\/coinkickoff.com\/wp-content\/uploads\/kucoin-id-verification-3-300x168.png 300w, https:\/\/coinkickoff.com\/wp-content\/uploads\/kucoin-id-verification-3-1024x572.png 1024w, https:\/\/coinkickoff.com\/wp-content\/uploads\/kucoin-id-verification-3-768x429.png 768w, https:\/\/coinkickoff.com\/wp-content\/uploads\/kucoin-id-verification-3-18x10.png 18w\" sizes=\"auto, (max-width: 1412px) 100vw, 1412px\" \/><\/p>\n<h3><span class=\"ez-toc-section\" id=\"3_Deposit_FundsCrypto\"><\/span><span style=\"font-weight: 400;\">3. Ins\u00e4ttning av medel\/krypto<\/span><span class=\"ez-toc-section-end\"><\/span><\/h3>\n<p><span style=\"font-weight: 400;\">Det finns flera s\u00e4tt att s\u00e4tta in krypto p\u00e5 ditt Kucoin-konto. Klicka p\u00e5 \"Assets\" i det \u00f6vre h\u00f6gra h\u00f6rnet av sidan och v\u00e4lj \"Deposit\" i rullgardinsmenyn. Du kan ocks\u00e5 g\u00e5 till sidan \"Asset Overview\" och klicka p\u00e5 \"Deposit\".<\/span><\/p>\n<p><img loading=\"lazy\" decoding=\"async\" class=\"alignnone wp-image-3273 size-full\" src=\"https:\/\/coinkickoff.com\/wp-content\/uploads\/kucoin-deposit.png\" alt=\"kucoin ins\u00e4ttningsmedel 1\" width=\"1427\" height=\"758\" srcset=\"https:\/\/coinkickoff.com\/wp-content\/uploads\/kucoin-deposit.png 1427w, https:\/\/coinkickoff.com\/wp-content\/uploads\/kucoin-deposit-300x159.png 300w, https:\/\/coinkickoff.com\/wp-content\/uploads\/kucoin-deposit-1024x544.png 1024w, https:\/\/coinkickoff.com\/wp-content\/uploads\/kucoin-deposit-768x408.png 768w, https:\/\/coinkickoff.com\/wp-content\/uploads\/kucoin-deposit-18x10.png 18w\" sizes=\"auto, (max-width: 1427px) 100vw, 1427px\" \/><\/p>\n<p><span style=\"font-weight: 400;\">N\u00e4r du klickar p\u00e5 ins\u00e4ttning kan du s\u00f6ka efter den coin som du vill skicka till plattformen, till exempel, <a href=\"https:\/\/coinkickoff.com\/sv\/tether-usdt\/\" data-internallinksmanager029f6b8e52c=\"3\" title=\"Vad \u00e4r Tether (USDT)? Hur det fungerar och var man kan k\u00f6pa det?\">USDT<\/a>. Du kommer att f\u00e5 en ins\u00e4ttningsadress som du kan anv\u00e4nda f\u00f6r att skicka din coins till plattformen.\u00a0<\/span><\/p>\n<p><span style=\"font-weight: 400;\">Kucoin st\u00f6der \u00f6ver 70 betalningsmetoder, s\u00e5 du har m\u00e5nga alternativ n\u00e4r det g\u00e4ller att k\u00f6pa krypto p\u00e5 plattformen. Vissa metoder kanske inte \u00e4r tillg\u00e4ngliga beroende p\u00e5 var du befinner dig, men det finns oftast ett alternativ som fungerar f\u00f6r alla.<\/span><\/p>\n<h3><span class=\"ez-toc-section\" id=\"4_Navigate_to_the_Relevant_Screen_to_Buy\"><\/span><span style=\"font-weight: 400;\">4. Navigera till den relevanta sk\u00e4rmen f\u00f6r att k\u00f6pa<\/span><span class=\"ez-toc-section-end\"><\/span><\/h3>\n<p><img loading=\"lazy\" decoding=\"async\" class=\"alignnone wp-image-3274 size-full\" src=\"https:\/\/coinkickoff.com\/wp-content\/uploads\/kucoin-buy-crypto.png\" alt=\"kucoin k\u00f6pa sk\u00e4rm\" width=\"1418\" height=\"692\" srcset=\"https:\/\/coinkickoff.com\/wp-content\/uploads\/kucoin-buy-crypto.png 1418w, https:\/\/coinkickoff.com\/wp-content\/uploads\/kucoin-buy-crypto-300x146.png 300w, https:\/\/coinkickoff.com\/wp-content\/uploads\/kucoin-buy-crypto-1024x500.png 1024w, https:\/\/coinkickoff.com\/wp-content\/uploads\/kucoin-buy-crypto-768x375.png 768w, https:\/\/coinkickoff.com\/wp-content\/uploads\/kucoin-buy-crypto-18x9.png 18w\" sizes=\"auto, (max-width: 1418px) 100vw, 1418px\" \/><\/p>\n<h4><span class=\"ez-toc-section\" id=\"Fast_TradeOne-click_Buy\"><\/span><span style=\"font-weight: 400;\">Snabb handel\/ett klick k\u00f6p<\/span><span class=\"ez-toc-section-end\"><\/span><\/h4>\n<p><span style=\"font-weight: 400;\">Det finns ett par s\u00e4tt att k\u00f6pa krypto p\u00e5 Kucoin. Du kan koppla ett bankkort eller bankkonto f\u00f6r att s\u00e4tta in fiatvaluta till plattformen. Kucoin accepterar flera fiatvalutor, inklusive USD, EUR, GBP och AUD. Inv\u00e5nare i Europa kan anv\u00e4nda SEPA f\u00f6r att \u00f6verf\u00f6ra pengar till sina konton.\u00a0<\/span><\/p>\n<p><img loading=\"lazy\" decoding=\"async\" class=\"alignnone wp-image-3275 size-full\" src=\"https:\/\/coinkickoff.com\/wp-content\/uploads\/kucoin-buy-crypto-one-click.png\" alt=\"kucoin ett klick k\u00f6p\" width=\"1421\" height=\"770\" srcset=\"https:\/\/coinkickoff.com\/wp-content\/uploads\/kucoin-buy-crypto-one-click.png 1421w, https:\/\/coinkickoff.com\/wp-content\/uploads\/kucoin-buy-crypto-one-click-300x163.png 300w, https:\/\/coinkickoff.com\/wp-content\/uploads\/kucoin-buy-crypto-one-click-1024x555.png 1024w, https:\/\/coinkickoff.com\/wp-content\/uploads\/kucoin-buy-crypto-one-click-768x416.png 768w, https:\/\/coinkickoff.com\/wp-content\/uploads\/kucoin-buy-crypto-one-click-18x10.png 18w\" sizes=\"auto, (max-width: 1421px) 100vw, 1421px\" \/><\/p>\n<p><span style=\"font-weight: 400;\">N\u00e4r du har satt in fiatvaluta p\u00e5 ditt konto kan du anv\u00e4nda den snabba handeln f\u00f6r att k\u00f6pa krypto med ett klick. Ange helt enkelt det belopp du vill spendera och den valuta du vill k\u00f6pa och v\u00e4lj en betalningsmetod fr\u00e5n rullgardinsmenyn.<\/span><\/p>\n<p><span style=\"font-weight: 400;\">Betalningsmetoder som st\u00f6ds \u00e4r Zelle, Apple Pay och ADVCash, <a href=\"https:\/\/coinkickoff.com\/sv\/uphold-review\/\" data-internallinksmanager029f6b8e52c=\"156\" title=\"Uppr\u00e4tth\u00e5ller \u00f6versyner 2023: Avgifter, funktioner, s\u00e4kerhet, f\u00f6rdelar och nackdelar\">Uppr\u00e4tth\u00e5ller<\/a>och flera andra.<\/span><\/p>\n<p><img loading=\"lazy\" decoding=\"async\" class=\"alignnone wp-image-3276 size-full\" src=\"https:\/\/coinkickoff.com\/wp-content\/uploads\/kucoin-select-paymnet-method.png\" alt=\"\" width=\"1424\" height=\"794\" srcset=\"https:\/\/coinkickoff.com\/wp-content\/uploads\/kucoin-select-paymnet-method.png 1424w, https:\/\/coinkickoff.com\/wp-content\/uploads\/kucoin-select-paymnet-method-300x167.png 300w, https:\/\/coinkickoff.com\/wp-content\/uploads\/kucoin-select-paymnet-method-1024x571.png 1024w, https:\/\/coinkickoff.com\/wp-content\/uploads\/kucoin-select-paymnet-method-768x428.png 768w, https:\/\/coinkickoff.com\/wp-content\/uploads\/kucoin-select-paymnet-method-18x10.png 18w\" sizes=\"auto, (max-width: 1424px) 100vw, 1424px\" \/><\/p>\n<p><span style=\"font-weight: 400;\"><img loading=\"lazy\" decoding=\"async\" class=\"alignnone wp-image-3277 size-full\" src=\"https:\/\/coinkickoff.com\/wp-content\/uploads\/kucoin-select-paymnt2.png\" alt=\"\" width=\"1432\" height=\"798\" srcset=\"https:\/\/coinkickoff.com\/wp-content\/uploads\/kucoin-select-paymnt2.png 1432w, https:\/\/coinkickoff.com\/wp-content\/uploads\/kucoin-select-paymnt2-300x167.png 300w, https:\/\/coinkickoff.com\/wp-content\/uploads\/kucoin-select-paymnt2-1024x571.png 1024w, https:\/\/coinkickoff.com\/wp-content\/uploads\/kucoin-select-paymnt2-768x428.png 768w, https:\/\/coinkickoff.com\/wp-content\/uploads\/kucoin-select-paymnt2-18x10.png 18w\" sizes=\"auto, (max-width: 1432px) 100vw, 1432px\" \/><\/span><\/p>\n<p><span style=\"font-weight: 400;\">\u00c4ven om detta \u00e4r ganska rakt<\/span>Det finns ett problem med att anv\u00e4nda ett k\u00f6p med ett klick. Tyv\u00e4rr kan du inte k\u00f6pa DOGE med den h\u00e4r metoden. Kucoin l\u00e5ter dig k\u00f6pa <a href=\"https:\/\/coinkickoff.com\/sv\/bitcoin-btc\/\" data-internallinksmanager029f6b8e52c=\"1\" title=\"Vad \u00e4r Bitcoin (BTC)? Pris, historia och var man kan k\u00f6pa\">BTC<\/a>, <a href=\"https:\/\/coinkickoff.com\/sv\/ethereum-eth\/\" data-internallinksmanager029f6b8e52c=\"2\" title=\"Vad \u00e4r Ethereum (ETH)? Pris, historia och var man kan k\u00f6pa\">ETH<\/a>, USDT, och <a href=\"https:\/\/coinkickoff.com\/sv\/usd-coin-usdc\/\" data-internallinksmanager029f6b8e52c=\"8\" title=\"Vad \u00e4r USD Coin (USDC)? Hur fungerar det och var kan man k\u00f6pa det?\">USDC<\/a> med ett enda klick.<\/p>\n<p><span style=\"font-weight: 400;\">Du kan dock k\u00f6pa en av de erbjudna digitala tillg\u00e5ngarna och sedan konvertera den till DOGE p\u00e5 plattformen. Om det l\u00e5ter f\u00f6r komplicerat beh\u00f6ver du inte oroa dig, eftersom n\u00e4sta metod \u00e4r superenkelt.<\/span><\/p>\n<h4><span class=\"ez-toc-section\" id=\"Third-Party\"><\/span><span style=\"font-weight: 400;\">Tredje part<\/span><span class=\"ez-toc-section-end\"><\/span><\/h4>\n<p><img loading=\"lazy\" decoding=\"async\" class=\"alignnone wp-image-3278 size-full\" src=\"https:\/\/coinkickoff.com\/wp-content\/uploads\/kucoin-screenshot.png\" alt=\"\" width=\"1436\" height=\"673\" srcset=\"https:\/\/coinkickoff.com\/wp-content\/uploads\/kucoin-screenshot.png 1436w, https:\/\/coinkickoff.com\/wp-content\/uploads\/kucoin-screenshot-300x141.png 300w, https:\/\/coinkickoff.com\/wp-content\/uploads\/kucoin-screenshot-1024x480.png 1024w, https:\/\/coinkickoff.com\/wp-content\/uploads\/kucoin-screenshot-768x360.png 768w, https:\/\/coinkickoff.com\/wp-content\/uploads\/kucoin-screenshot-18x8.png 18w\" sizes=\"auto, (max-width: 1436px) 100vw, 1436px\" \/><\/p>\n<p><span style=\"font-weight: 400;\">Det absolut enklaste s\u00e4ttet att k\u00f6pa DOGE p\u00e5 Kucoin \u00e4r att v\u00e4lja \"Third-Party\" i menyn \"Buy Crypto\" i det \u00f6vre v\u00e4nstra h\u00f6rnet. P\u00e5 sidan Third-Party anger du hur mycket du vill spendera, v\u00e4ljer den coin du vill k\u00f6pa fr\u00e5n rullgardinsmenyn (DOGE) och v\u00e4ljer betalningsmetod och betalkanal.<\/span><\/p>\n<p><span style=\"font-weight: 400;\">Kucoin st\u00f6der flera betalningsprogram fr\u00e5n tredje part, inklusive <\/span><a href=\"https:\/\/banxa.com\/case-study\/kucoin\/\" target=\"_blank\" rel=\"noopener\"><span style=\"font-weight: 400;\">Banxa<\/span><\/a><span style=\"font-weight: 400;\">, <\/span><a href=\"https:\/\/www.simplex.com\" target=\"_blank\" rel=\"noopener\"><span style=\"font-weight: 400;\">Simplex<\/span><\/a><span style=\"font-weight: 400;\">, <\/span><a href=\"https:\/\/legendtrading.com\/infrastructure\" target=\"_blank\" rel=\"noopener\"><span style=\"font-weight: 400;\">Legend trading<\/span><\/a><span style=\"font-weight: 400;\">, och <\/span><a href=\"https:\/\/btcdirect.eu\/en-gb\" target=\"_blank\" rel=\"noopener\"><span style=\"font-weight: 400;\">BTC Direkt<\/span><\/a><span style=\"font-weight: 400;\">.\u00a0<\/span><\/p>\n<p><span style=\"font-weight: 400;\">Du kan k\u00f6pa kryptovaluta fr\u00e5n dessa s\u00e4ljare genom att ange dina kortuppgifter och slutf\u00f6ra identitetskontrollen f\u00f6r den s\u00e4ljare du vill anv\u00e4nda. T\u00e4nk dock p\u00e5 att betaltj\u00e4nster fr\u00e5n tredje part ofta tar ut h\u00f6ga avgifter f\u00f6r sina tj\u00e4nster.\u00a0<\/span><\/p>\n<h4><span class=\"ez-toc-section\" id=\"P2P_Market\"><\/span><span style=\"font-weight: 400;\">P2P-marknaden<\/span><span class=\"ez-toc-section-end\"><\/span><\/h4>\n<p><span style=\"font-weight: 400;\">En annan metod \u00e4r att anv\u00e4nda Kucoin:s P2P-handelsmarknad f\u00f6r att k\u00f6pa krypto, men du m\u00e5ste ha USDT p\u00e5 ditt konto f\u00f6r att kunna anv\u00e4nda P2P-marknaden f\u00f6r \"snabba k\u00f6p\", s\u00e5 det \u00e4r inte det snabbaste alternativet f\u00f6r nyb\u00f6rjare.<\/span><\/p>","protected":false},"excerpt":{"rendered":"<p>Hur man k\u00f6per Dogecoin p\u00e5 Kucoin Dogecoin \u00e4r en ber\u00f6md meme coin du kan k\u00f6pa p\u00e5 m\u00e5nga b\u00f6rser, inklusive Kucoin. DOGE \u00e4r ganska billigt och l\u00e4tt att handla. Om du vill k\u00f6pa Dogecoin p\u00e5 Kucoin-b\u00f6rsen men inte vet var du ska b\u00f6rja, har vi t\u00e4ckt dig. H\u00e4r \u00e4r en steg-f\u00f6r-steg-uppdelning av hur [...]<\/p>","protected":false},"author":3,"featured_media":3275,"parent":3196,"menu_order":0,"comment_status":"closed","ping_status":"closed","template":"","meta":{"_genesis_hide_title":false,"_genesis_hide_breadcrumbs":false,"_genesis_hide_singular_image":false,"_genesis_hide_footer_widgets":false,"_genesis_custom_body_class":"","_genesis_custom_post_class":"","_genesis_layout":"","_glsr_average":0,"_glsr_ranking":0,"_glsr_reviews":0,"footnotes":""},"class_list":{"0":"post-3268","1":"page","2":"type-page","3":"status-publish","4":"has-post-thumbnail","6":"entry"},"featured_image_src":"https:\/\/coinkickoff.com\/wp-content\/uploads\/kucoin-buy-crypto-one-click-600x400.png","featured_image_src_square":"https:\/\/coinkickoff.com\/wp-content\/uploads\/kucoin-buy-crypto-one-click-600x600.png","_links":{"self":[{"href":"https:\/\/coinkickoff.com\/sv\/wp-json\/wp\/v2\/pages\/3268","targetHints":{"allow":["GET"]}}],"collection":[{"href":"https:\/\/coinkickoff.com\/sv\/wp-json\/wp\/v2\/pages"}],"about":[{"href":"https:\/\/coinkickoff.com\/sv\/wp-json\/wp\/v2\/types\/page"}],"author":[{"embeddable":true,"href":"https:\/\/coinkickoff.com\/sv\/wp-json\/wp\/v2\/users\/3"}],"replies":[{"embeddable":true,"href":"https:\/\/coinkickoff.com\/sv\/wp-json\/wp\/v2\/comments?post=3268"}],"version-history":[{"count":3,"href":"https:\/\/coinkickoff.com\/sv\/wp-json\/wp\/v2\/pages\/3268\/revisions"}],"predecessor-version":[{"id":4495,"href":"https:\/\/coinkickoff.com\/sv\/wp-json\/wp\/v2\/pages\/3268\/revisions\/4495"}],"up":[{"embeddable":true,"href":"https:\/\/coinkickoff.com\/sv\/wp-json\/wp\/v2\/pages\/3196"}],"wp:featuredmedia":[{"embeddable":true,"href":"https:\/\/coinkickoff.com\/sv\/wp-json\/wp\/v2\/media\/3275"}],"wp:attachment":[{"href":"https:\/\/coinkickoff.com\/sv\/wp-json\/wp\/v2\/media?parent=3268"}],"curies":[{"name":"wp","href":"https:\/\/api.w.org\/{rel}","templated":true}]}}