{"id":3196,"date":"2026-01-08T14:07:36","date_gmt":"2026-01-08T14:07:36","guid":{"rendered":"https:\/\/coinkickoff.com\/?page_id=3196"},"modified":"2026-01-08T14:07:36","modified_gmt":"2026-01-08T14:07:36","slug":"how-to-buy-dogecoin","status":"publish","type":"page","link":"https:\/\/coinkickoff.com\/sv\/how-to-buy-dogecoin\/","title":{"rendered":"Hur man k\u00f6per Dogecoin (DOGE)"},"content":{"rendered":"<p><span style=\"font-weight: 400;\"><img loading=\"lazy\" decoding=\"async\" class=\"aligncenter wp-image-155 size-full\" src=\"https:\/\/coinkickoff.com\/wp-content\/uploads\/2022\/06\/Dogecoin-DOGE.jpg\" alt=\"hur man k\u00f6per dogecoin\" width=\"1000\" height=\"800\" srcset=\"https:\/\/coinkickoff.com\/wp-content\/uploads\/2022\/06\/Dogecoin-DOGE.jpg 1000w, https:\/\/coinkickoff.com\/wp-content\/uploads\/2022\/06\/Dogecoin-DOGE-300x240.jpg 300w, https:\/\/coinkickoff.com\/wp-content\/uploads\/2022\/06\/Dogecoin-DOGE-768x614.jpg 768w, https:\/\/coinkickoff.com\/wp-content\/uploads\/2022\/06\/Dogecoin-DOGE-15x12.jpg 15w\" sizes=\"auto, (max-width: 1000px) 100vw, 1000px\" \/>Om du vill k\u00f6pa <a href=\"https:\/\/coinkickoff.com\/sv\/dogecoin-doge\/\" data-internallinksmanager029f6b8e52c=\"14\" title=\"Vad \u00e4r Dogecoin (DOGE)? Hur det fungerar och var man kan k\u00f6pa det?\">Dogecoin<\/a> och inte vet var du ska b\u00f6rja, \u00e4r du p\u00e5 r\u00e4tt st\u00e4lle. Vi visar dig hur och var du kan k\u00f6pa DOGE med stegvisa instruktioner.<\/span><\/p>\n<div id=\"ez-toc-container\" class=\"ez-toc-v2_0_80 counter-hierarchy ez-toc-counter ez-toc-transparent ez-toc-container-direction\">\n<div class=\"ez-toc-title-container\">\n<p class=\"ez-toc-title\" style=\"cursor:inherit\">Avsnitt<\/p>\n<span class=\"ez-toc-title-toggle\"><a href=\"#\" class=\"ez-toc-pull-right ez-toc-btn ez-toc-btn-xs ez-toc-btn-default ez-toc-toggle\" aria-label=\"V\u00e4xla till inneh\u00e5llsf\u00f6rteckning\"><span class=\"ez-toc-js-icon-con\"><span class=\"\"><span class=\"eztoc-hide\" style=\"display:none;\">V\u00e4xel<\/span><span class=\"ez-toc-icon-toggle-span\"><svg style=\"fill: #999;color:#999\" xmlns=\"http:\/\/www.w3.org\/2000\/svg\" class=\"list-377408\" width=\"20px\" height=\"20px\" viewbox=\"0 0 24 24\" fill=\"none\"><path d=\"M6 6H4v2h2V6zm14 0H8v2h12V6zM4 11h2v2H4v-2zm16 0H8v2h12v-2zM4 16h2v2H4v-2zm16 0H8v2h12v-2z\" fill=\"currentColor\"><\/path><\/svg><svg style=\"fill: #999;color:#999\" class=\"arrow-unsorted-368013\" xmlns=\"http:\/\/www.w3.org\/2000\/svg\" width=\"10px\" height=\"10px\" viewbox=\"0 0 24 24\" version=\"1.2\" baseprofile=\"tiny\"><path d=\"M18.2 9.3l-6.2-6.3-6.2 6.3c-.2.2-.3.4-.3.7s.1.5.3.7c.2.2.4.3.7.3h11c.3 0 .5-.1.7-.3.2-.2.3-.5.3-.7s-.1-.5-.3-.7zM5.8 14.7l6.2 6.3 6.2-6.3c.2-.2.3-.5.3-.7s-.1-.5-.3-.7c-.2-.2-.4-.3-.7-.3h-11c-.3 0-.5.1-.7.3-.2.2-.3.5-.3.7s.1.5.3.7z\"\/><\/svg><\/span><\/span><\/span><\/a><\/span><\/div>\n<nav><ul class='ez-toc-list ez-toc-list-level-1 eztoc-toggle-hide-by-default' ><li class='ez-toc-page-1 ez-toc-heading-level-2'><a class=\"ez-toc-link ez-toc-heading-1\" href=\"https:\/\/coinkickoff.com\/sv\/how-to-buy-dogecoin\/#What_Is_Dogecoin\" >Vad \u00e4r Dogecoin?<\/a><\/li><li class='ez-toc-page-1 ez-toc-heading-level-2'><a class=\"ez-toc-link ez-toc-heading-2\" href=\"https:\/\/coinkickoff.com\/sv\/how-to-buy-dogecoin\/#Where_Can_I_Buy_Dogecoin\" >Var kan jag k\u00f6pa Dogecoin?<\/a><\/li><li class='ez-toc-page-1 ez-toc-heading-level-2'><a class=\"ez-toc-link ez-toc-heading-3\" href=\"https:\/\/coinkickoff.com\/sv\/how-to-buy-dogecoin\/#How_to_Buy_Dogecoin\" >Hur man k\u00f6per Dogecoin<\/a><ul class='ez-toc-list-level-3' ><li class='ez-toc-heading-level-3'><a class=\"ez-toc-link ez-toc-heading-4\" href=\"https:\/\/coinkickoff.com\/sv\/how-to-buy-dogecoin\/#Choose_Your_Exchange\" >V\u00e4lj ditt utbyte<\/a><\/li><li class='ez-toc-page-1 ez-toc-heading-level-3'><a class=\"ez-toc-link ez-toc-heading-5\" href=\"https:\/\/coinkickoff.com\/sv\/how-to-buy-dogecoin\/#Buy_DOGE\" >K\u00f6p DOGE<\/a><\/li><li class='ez-toc-page-1 ez-toc-heading-level-3'><a class=\"ez-toc-link ez-toc-heading-6\" href=\"https:\/\/coinkickoff.com\/sv\/how-to-buy-dogecoin\/#Store_Your_DOGE\" >F\u00f6rvara din DOGE<\/a><ul class='ez-toc-list-level-4' ><li class='ez-toc-heading-level-4'><a class=\"ez-toc-link ez-toc-heading-7\" href=\"https:\/\/coinkickoff.com\/sv\/how-to-buy-dogecoin\/#Exchange_Wallet\" >V\u00e4xla pl\u00e5nbok<\/a><\/li><li class='ez-toc-page-1 ez-toc-heading-level-4'><a class=\"ez-toc-link ez-toc-heading-8\" href=\"https:\/\/coinkickoff.com\/sv\/how-to-buy-dogecoin\/#Self-Custody_Hot_Wallets\" >Sj\u00e4lvf\u00f6rvaltande heta pl\u00e5nb\u00f6cker<\/a><\/li><li class='ez-toc-page-1 ez-toc-heading-level-4'><a class=\"ez-toc-link ez-toc-heading-9\" href=\"https:\/\/coinkickoff.com\/sv\/how-to-buy-dogecoin\/#Cold_Wallets\" >Kalla pl\u00e5nb\u00f6cker<\/a><\/li><\/ul><\/li><\/ul><\/li><\/ul><\/nav><\/div>\n<h2><span class=\"ez-toc-section\" id=\"What_Is_Dogecoin\"><\/span><span style=\"font-weight: 400;\">Vad \u00e4r Dogecoin?<\/span><span class=\"ez-toc-section-end\"><\/span><\/h2>\n<p><span style=\"font-weight: 400;\">Du kanske har h\u00f6rt talas om f\u00f6ljande <\/span><a href=\"https:\/\/coinkickoff.com\/sv\/dogecoin-doge\/\"><span style=\"font-weight: 400;\">Dogecoin<\/span><\/a><span style=\"font-weight: 400;\"> som en meme coin. Det \u00e4r sant: Dogecoin:s grundare, Billy Marcus och Jackson Palmer, inspirerades av en <\/span><a href=\"https:\/\/knowyourmeme.com\/memes\/doge\" target=\"_blank\" rel=\"noopener\"><span style=\"font-weight: 400;\">meme med en Shiba Inu-hund<\/span><\/a><span style=\"font-weight: 400;\"> och lanserade Dogecoin i f\u00f6rsta hand som ett sk\u00e4mt.<\/span><\/p>\n<p><span style=\"font-weight: 400;\">coin blev popul\u00e4r tack vare den hype den fick p\u00e5 Reddit efter att ha f\u00e5ngat uppm\u00e4rksamheten hos Teslas vd Elon Musk, som <\/span><a href=\"https:\/\/uk.finance.yahoo.com\/news\/dogecoin-elon-musk-tweet-reddit-100947312.html\" target=\"_blank\" rel=\"noopener\"><span style=\"font-weight: 400;\">twittrade om coin \u00e5r 2021<\/span><\/a><span style=\"font-weight: 400;\">. Musks inblandning fick kortvarigt priserna p\u00e5 DOGE att stiga, men kort d\u00e4refter f\u00f6rlorade tillg\u00e5ngen det mesta av sitt v\u00e4rde.<\/span><\/p>\n<p><img loading=\"lazy\" decoding=\"async\" class=\"alignnone size-medium\" src=\"https:\/\/coinkickoff.com\/wp-content\/uploads\/1612461300-elon-musk-lion-king.jpg\" alt=\"ELON MUSK DOGE\" width=\"675\" height=\"380\" \/><\/p>\n<p><span style=\"font-weight: 400;\">Dogecoin har egentligen inget anv\u00e4ndningsomr\u00e5de: det \u00e4r inte ett bra s\u00e4tt att \u00f6verf\u00f6ra v\u00e4rde, som till exempel <\/span><a href=\"https:\/\/coinkickoff.com\/sv\/tether-usdt\/\"><span style=\"font-weight: 400;\">stabilcoins<\/span><\/a><span style=\"font-weight: 400;\">eftersom priserna inte \u00e4r stabila. Den har ett o\u00e4ndligt utbud (till skillnad fr\u00e5n t.ex, <\/span><a href=\"https:\/\/coinkickoff.com\/sv\/bitcoin-btc\/\"><span style=\"font-weight: 400;\">Bitcoin<\/span><\/a><span style=\"font-weight: 400;\">), s\u00e5 den blir inte mindre tillg\u00e4nglig eller mer v\u00e4rdefull med tiden.\u00a0<\/span><\/p>\n<p><span style=\"font-weight: 400;\">Det finns miljarder DOGE p\u00e5 marknaden, och Dogecoin \u00e4r fortfarande en av de st\u00f6rsta kryptovalutorna coins sett till marknadskapital, men det betyder inte att de har ett monet\u00e4rt v\u00e4rde.<\/span><\/p>\n<p><img loading=\"lazy\" decoding=\"async\" class=\"alignnone wp-image-3198 size-full\" src=\"https:\/\/coinkickoff.com\/wp-content\/uploads\/dogemarketcap.png\" alt=\"doge marketcap\" width=\"977\" height=\"573\" srcset=\"https:\/\/coinkickoff.com\/wp-content\/uploads\/dogemarketcap.png 977w, https:\/\/coinkickoff.com\/wp-content\/uploads\/dogemarketcap-300x176.png 300w, https:\/\/coinkickoff.com\/wp-content\/uploads\/dogemarketcap-768x450.png 768w, https:\/\/coinkickoff.com\/wp-content\/uploads\/dogemarketcap-18x12.png 18w\" sizes=\"auto, (max-width: 977px) 100vw, 977px\" \/><\/p>\n<p><span style=\"font-weight: 400;\">Du kan bryta coin i stora m\u00e4ngder, vilket g\u00f6r att den inte \u00e4r s\u00e5 v\u00e4rdefull trots allt. Priset stiger ibland kortvarigt, oftast tack vare egensinniga kommentarer fr\u00e5n k\u00e4ndisar som Musk.<\/span><\/p>\n<p><img loading=\"lazy\" decoding=\"async\" class=\"alignnone wp-image-3197 size-full\" src=\"https:\/\/coinkickoff.com\/wp-content\/uploads\/doge-price.png\" alt=\"DOGE pris\" width=\"973\" height=\"559\" srcset=\"https:\/\/coinkickoff.com\/wp-content\/uploads\/doge-price.png 973w, https:\/\/coinkickoff.com\/wp-content\/uploads\/doge-price-300x172.png 300w, https:\/\/coinkickoff.com\/wp-content\/uploads\/doge-price-768x441.png 768w, https:\/\/coinkickoff.com\/wp-content\/uploads\/doge-price-18x10.png 18w\" sizes=\"auto, (max-width: 973px) 100vw, 973px\" \/><\/p>\n<p><span style=\"font-weight: 400;\">P\u00e5 det hela taget \u00e4r det korrekt att kalla det ett sk\u00e4mt coin.<\/span><\/p>\n<h2><span class=\"ez-toc-section\" id=\"Where_Can_I_Buy_Dogecoin\"><\/span><span style=\"font-weight: 400;\">Var kan jag k\u00f6pa Dogecoin?<\/span><span class=\"ez-toc-section-end\"><\/span><\/h2>\n<p><span style=\"font-weight: 400;\">Du kan k\u00f6pa Dogecoin p\u00e5 de flesta <a href=\"https:\/\/coinkickoff.com\/sv\/crypto-exchanges\/\" data-internallinksmanager029f6b8e52c=\"141\" title=\"21 b\u00e4sta kryptovalutab\u00f6rser och appar 2024\">kryptob\u00f6rser<\/a>. <\/span><a href=\"https:\/\/coinmarketcap.com\/currencies\/dogecoin\/\" target=\"_blank\" rel=\"noopener\"><span style=\"font-weight: 400;\">Doge \u00e4r den 16:e st\u00f6rsta krypto<\/span><\/a><span style=\"font-weight: 400;\"> efter marknadsv\u00e4rde, s\u00e5 den \u00e4r i allm\u00e4nhet tillg\u00e4nglig p\u00e5 popul\u00e4ra b\u00f6rser.<\/span><\/p>\n<p><img loading=\"lazy\" decoding=\"async\" class=\"alignnone wp-image-3199 size-full\" src=\"https:\/\/coinkickoff.com\/wp-content\/uploads\/doge-on-binance.png\" alt=\"DOGE p\u00e5 Binance\" width=\"1366\" height=\"584\" srcset=\"https:\/\/coinkickoff.com\/wp-content\/uploads\/doge-on-binance.png 1366w, https:\/\/coinkickoff.com\/wp-content\/uploads\/doge-on-binance-300x128.png 300w, https:\/\/coinkickoff.com\/wp-content\/uploads\/doge-on-binance-1024x438.png 1024w, https:\/\/coinkickoff.com\/wp-content\/uploads\/doge-on-binance-768x328.png 768w, https:\/\/coinkickoff.com\/wp-content\/uploads\/doge-on-binance-18x8.png 18w\" sizes=\"auto, (max-width: 1366px) 100vw, 1366px\" \/><\/p>\n<p><span style=\"font-weight: 400;\">Du kan k\u00f6pa DOGE med fiatvalutor p\u00e5 centraliserade kryptob\u00f6rser som <\/span><a href=\"https:\/\/coinkickoff.com\/sv\/coinbase-review\/\"><span style=\"font-weight: 400;\">Coinbase<\/span><\/a><span style=\"font-weight: 400;\">, <\/span><a href=\"https:\/\/coinkickoff.com\/sv\/binance-review\/\"><span style=\"font-weight: 400;\">Binance<\/span><\/a><span style=\"font-weight: 400;\">, <\/span><a href=\"https:\/\/coinkickoff.com\/sv\/kraken-review\/\"><span style=\"font-weight: 400;\">Kraken<\/span><\/a><span style=\"font-weight: 400;\">, och <\/span><a href=\"https:\/\/coinkickoff.com\/sv\/etoro-review\/\"><span style=\"font-weight: 400;\">eToro<\/span><\/a><span style=\"font-weight: 400;\">.<\/span><\/p>\n<p><span style=\"font-weight: 400;\">Om du redan har krypto kan du ocks\u00e5 k\u00f6pa DOGE och andra digitala tillg\u00e5ngar p\u00e5 decentraliserade b\u00f6rser som <\/span><a href=\"https:\/\/www.sushi.com\/\" target=\"_blank\" rel=\"noopener\"><span style=\"font-weight: 400;\">SushiSwap<\/span><\/a><span style=\"font-weight: 400;\"> eller . <\/span><a href=\"https:\/\/uniswap.org\/\" target=\"_blank\" rel=\"noopener\"><span style=\"font-weight: 400;\">Uniswap<\/span><\/a><span style=\"font-weight: 400;\">. Dessa b\u00f6rser underl\u00e4ttar transaktioner mellan kollegor utan mellanh\u00e4nder.<\/span><\/p>\n<p><span style=\"font-weight: 400;\">De \u00e4r ofta billigare \u00e4n centraliserade b\u00f6rser, men de kan vara sv\u00e5rare att navigera och \u00e4r inte s\u00e4rskilt l\u00e4mpliga f\u00f6r nyb\u00f6rjare. Naturligtvis kan du l\u00e4tt l\u00e4ra dig att anv\u00e4nda en decentraliserad b\u00f6rs om du \u00e4gnar lite tid \u00e5t det.<\/span><\/p>\n<h2><span class=\"ez-toc-section\" id=\"How_to_Buy_Dogecoin\"><\/span><span style=\"font-weight: 400;\">Hur man k\u00f6per Dogecoin<\/span><span class=\"ez-toc-section-end\"><\/span><\/h2>\n<p><span style=\"font-weight: 400;\">Det finns tre steg f\u00f6r att k\u00f6pa en kryptovaluta, inklusive Dogecoin. F\u00f6rst best\u00e4mmer du dig f\u00f6r vilken b\u00f6rs du vill anv\u00e4nda. D\u00e4refter ska du fundera p\u00e5 var du ska lagra din krypto. N\u00e4r du har fattat detta beslut kan du g\u00e5 vidare och k\u00f6pa DOGE.\u00a0<\/span><\/p>\n<p><span style=\"font-weight: 400;\">H\u00e4r \u00e4r en mer detaljerad metod f\u00f6r absoluta nyb\u00f6rjare:<\/span><\/p>\n<h3><span class=\"ez-toc-section\" id=\"Choose_Your_Exchange\"><\/span><span style=\"font-weight: 400;\">V\u00e4lj ditt utbyte<\/span><span class=\"ez-toc-section-end\"><\/span><\/h3>\n<p><span style=\"font-weight: 400;\">Olika b\u00f6rser erbjuder olika funktioner och har olika tillg\u00e5ng till kryptovalutor och avgifter. Du kan j\u00e4mf\u00f6ra n\u00e5gra av de mest k\u00e4nda b\u00f6rserna f\u00f6r att se vilken som passar dina behov b\u00e4st innan du fattar ett beslut.<\/span><\/p>\n<p><span style=\"font-weight: 400;\">Till exempel, <a href=\"https:\/\/coinkickoff.com\/sv\/coinbase-review\/\" data-internallinksmanager029f6b8e52c=\"142\" title=\"Coinbase recensioner 2024: Funktioner, avgifter, s\u00e4kerhet, f\u00f6r- och nackdelar\">Coinbase<\/a> och <a href=\"https:\/\/coinkickoff.com\/sv\/binance-review\/\" data-internallinksmanager029f6b8e52c=\"152\" title=\"Binance Recensioner 2024: Funktioner, avgifter, s\u00e4kerhet, f\u00f6r- och nackdelar\">Binance<\/a> US erbjuder b\u00e5da liknande digitala tillg\u00e5ngar (inklusive DOGE), men Binance har l\u00e4gre avgifter. Coinbase anses dock vara s\u00e4krare och mer nyb\u00f6rjarv\u00e4nligt. G\u00f6r din forskning innan du best\u00e4mmer dig f\u00f6r en plattform, eftersom krypto kan vara en riskfylld investering.<\/span><\/p>\n<p><span style=\"font-weight: 400;\">Du kan kolla in v\u00e5r guide f\u00f6r granskning av utbyten f\u00f6r att f\u00e5 en mer omfattande titt p\u00e5 <\/span><a href=\"https:\/\/coinkickoff.com\/sv\/crypto-exchanges\/\"><span style=\"font-weight: 400;\">de mest popul\u00e4ra kryptob\u00f6rserna<\/span><\/a><span style=\"font-weight: 400;\">.<\/span><\/p>\n<h3><span class=\"ez-toc-section\" id=\"Buy_DOGE\"><\/span><span style=\"font-weight: 400;\">K\u00f6p DOGE<\/span><span class=\"ez-toc-section-end\"><\/span><\/h3>\n<p><span style=\"font-weight: 400;\">N\u00e4r du har valt en plattform kan du registrera dig. De flesta centraliserade kryptob\u00f6rser till\u00e5ter dig att k\u00f6pa krypto med fiatvaluta (som USD eller EUR). Du kan ansluta ditt bankkonto till plattformen och \u00f6verf\u00f6ra pengar till ditt v\u00e4xlingskonto.<\/span><\/p>\n<p><img loading=\"lazy\" decoding=\"async\" class=\"alignnone wp-image-3201 size-full\" src=\"https:\/\/coinkickoff.com\/wp-content\/uploads\/buy-doge-on-binance-1.png\" alt=\"k\u00f6pa doge p\u00e5 binance\" width=\"1432\" height=\"802\" srcset=\"https:\/\/coinkickoff.com\/wp-content\/uploads\/buy-doge-on-binance-1.png 1432w, https:\/\/coinkickoff.com\/wp-content\/uploads\/buy-doge-on-binance-1-300x168.png 300w, https:\/\/coinkickoff.com\/wp-content\/uploads\/buy-doge-on-binance-1-1024x573.png 1024w, https:\/\/coinkickoff.com\/wp-content\/uploads\/buy-doge-on-binance-1-768x430.png 768w, https:\/\/coinkickoff.com\/wp-content\/uploads\/buy-doge-on-binance-1-18x10.png 18w\" sizes=\"auto, (max-width: 1432px) 100vw, 1432px\" \/><\/p>\n<p><span style=\"font-weight: 400;\">P\u00e5 vissa b\u00f6rser kan du ocks\u00e5 k\u00f6pa krypto med kreditkort, betalkort, PayPal, Google Pay och Apple Pay. Om du har ett b\u00f6rskonto eller andra digitala tillg\u00e5ngar kan du ocks\u00e5 byta dessa tillg\u00e5ngar mot DOGE.<\/span><\/p>\n<p><span style=\"font-weight: 400;\">Vissa b\u00f6rser till\u00e5ter dig att k\u00f6pa DOGE direkt med fiat, medan andra kanske bara erbjuder stabilacoins som t.ex. <a href=\"https:\/\/coinkickoff.com\/sv\/tether-usdt\/\" data-internallinksmanager029f6b8e52c=\"3\" title=\"Vad \u00e4r Tether (USDT)? Hur det fungerar och var man kan k\u00f6pa det?\">USDT<\/a> eller . <a href=\"https:\/\/coinkickoff.com\/sv\/usd-coin-usdc\/\" data-internallinksmanager029f6b8e52c=\"8\" title=\"Vad \u00e4r USD Coin (USDC)? Hur fungerar det och var kan man k\u00f6pa det?\">USDC<\/a>. I dessa fall m\u00e5ste du f\u00f6rst k\u00f6pa en stabilcoin och sedan byta den mot DOGE.<\/span><\/p>\n<h3><span class=\"ez-toc-section\" id=\"Store_Your_DOGE\"><\/span><span style=\"font-weight: 400;\">F\u00f6rvara din DOGE<\/span><span class=\"ez-toc-section-end\"><\/span><\/h3>\n<p><span style=\"font-weight: 400;\">N\u00e4r du har k\u00f6pt DOGE m\u00e5ste du best\u00e4mma var du ska f\u00f6rvara den. Du har ett par olika alternativ.<\/span><\/p>\n<h4><span class=\"ez-toc-section\" id=\"Exchange_Wallet\"><\/span><span style=\"font-weight: 400;\">V\u00e4xla pl\u00e5nbok<\/span><span class=\"ez-toc-section-end\"><\/span><\/h4>\n<p><span style=\"font-weight: 400;\">N\u00e4r du k\u00f6per krypto p\u00e5 en b\u00f6rs lagras dina tillg\u00e5ngar automatiskt i b\u00f6rsens pl\u00e5nbok. Dessa pl\u00e5nb\u00f6cker \u00e4r k\u00e4nda som dep\u00e5pl\u00e5nb\u00f6cker eftersom plattformarna kontrollerar och f\u00f6rvaltar dem.<\/span><\/p>\n<p><span style=\"font-weight: 400;\">\u00c4ven om du kan handla med tillg\u00e5ngarna i pl\u00e5nboken via ditt v\u00e4xlingskonto har du inte fullst\u00e4ndig kontroll \u00f6ver dem. Om b\u00f6rsen uts\u00e4tts f\u00f6r en attack eller g\u00e5r i konkurs kan dina tillg\u00e5ngar vara f\u00f6rlorade f\u00f6r alltid.<\/span><\/p>\n<h4><span class=\"ez-toc-section\" id=\"Self-Custody_Hot_Wallets\"><\/span><span style=\"font-weight: 400;\">Sj\u00e4lvf\u00f6rvaltande heta pl\u00e5nb\u00f6cker<\/span><span class=\"ez-toc-section-end\"><\/span><\/h4>\n<p><span style=\"font-weight: 400;\">Det finns flera sj\u00e4lvf\u00f6rvaltande hot wallets p\u00e5 marknaden: En del av dem \u00e4r programvarupl\u00e5nb\u00f6cker som du kan ladda ner till dina mobila enheter och datorer, medan andra kan n\u00e5s via webbl\u00e4sare. De kallas hot wallets eftersom de \u00e4r anslutna till internet via din enhet (dator eller mobil enhet).\u00a0<\/span><\/p>\n<p><span style=\"font-weight: 400;\">\u00c4ven om pl\u00e5nb\u00f6cker med egen f\u00f6rvaring ger dig full kontroll \u00f6ver dina tillg\u00e5ngar \u00e4r de ocks\u00e5 s\u00e5rbara f\u00f6r s\u00e4kerhets\u00f6vertr\u00e4delser och \u00e4r ofta m\u00e5ltavlor f\u00f6r hackare. Om du inte har mycket kunskap om hur man skyddar internetanslutna enheter fr\u00e5n skadlig kod och hackningsf\u00f6rs\u00f6k kan du uts\u00e4tta dina pengar f\u00f6r risker genom att f\u00f6rvara dem i en varm pl\u00e5nbok.<\/span><\/p>\n<h4><span class=\"ez-toc-section\" id=\"Cold_Wallets\"><\/span><span style=\"font-weight: 400;\">Kalla pl\u00e5nb\u00f6cker<\/span><span class=\"ez-toc-section-end\"><\/span><\/h4>\n<p><span style=\"font-weight: 400;\">Kalla pl\u00e5nb\u00f6cker anses i allm\u00e4nhet vara det s\u00e4kraste lagringsalternativet f\u00f6r kryptovalutor. De \u00e4r inte anslutna till internet, s\u00e5 de \u00e4r ogenomtr\u00e4ngliga f\u00f6r hackningsf\u00f6rs\u00f6k. En kall pl\u00e5nbok kan vara en papperspl\u00e5nbok eller en h\u00e5rdvarupl\u00e5nbok.<\/span><\/p>\n<p><span style=\"font-weight: 400;\">En papperspl\u00e5nbok \u00e4r helt enkelt en papperslapp som inneh\u00e5ller din privata nyckel, vilket g\u00f6r att du kan f\u00e5 tillg\u00e5ng till dina pengar via ett pl\u00e5nboksgr\u00e4nssnitt. Papperspl\u00e5nb\u00f6cker kan dock vara sv\u00e5ra att anv\u00e4nda och \u00e4r inte l\u00e4mpliga om du vill handla dina tillg\u00e5ngar enkelt.<\/span><\/p>\n<p><span style=\"font-weight: 400;\">H\u00e5rdvarupl\u00e5nb\u00f6cker \u00e4r USB-liknande enheter som lagrar dina privata nycklar. Eftersom enheten inte \u00e4r direkt ansluten till internet kan den inte hackas. <\/span><a href=\"https:\/\/trezor.io\/\" target=\"_blank\" rel=\"noopener\"><span style=\"font-weight: 400;\">Trezor<\/span><\/a><span style=\"font-weight: 400;\"> och <\/span><a href=\"https:\/\/www.ledger.com\/\" target=\"_blank\" rel=\"noopener\"><span style=\"font-weight: 400;\">Huvudbok<\/span><\/a><span style=\"font-weight: 400;\"> \u00e4r tv\u00e5 tillverkare av h\u00e5rdvarupl\u00e5nb\u00f6cker som anses vara de b\u00e4sta i branschen. B\u00e5da f\u00f6retagen erbjuder flera h\u00e5rdvarupl\u00e5nb\u00f6cker f\u00f6r lagring av krypto, \u00e4ven om de kan vara ganska dyra.<\/span><\/p>\n<p><span style=\"font-weight: 400;\">Om du handlar tillf\u00e4lligt med sm\u00e5 belopp kan det vara \u00f6verdrivet att k\u00f6pa en h\u00e5rdvarupl\u00e5nbok. Om du d\u00e4remot v\u00e4rdes\u00e4tter s\u00e4kerhet \u00e4r det b\u00e4sta valet p\u00e5 l\u00e5ng sikt att k\u00f6pa en h\u00e5rdvarupl\u00e5nbok.\u00a0\u00a0<\/span><\/p>\n<p>Se \u00e4ven Hur man k\u00f6per Dogecoin (DOGE) p\u00e5:<\/p>\n<p><a href=\"https:\/\/coinkickoff.com\/sv\/how-to-buy-dogecoin\/how-to-buy-dogecoin-on-coinbase\/\">Coinbase<\/a><br \/>\n<a href=\"https:\/\/coinkickoff.com\/sv\/how-to-buy-dogecoin\/how-to-buy-dogecoin-on-kraken\/\">Kraken<\/a><br \/>\n<a href=\"https:\/\/coinkickoff.com\/sv\/how-to-buy-dogecoin\/how-to-buy-dogecoin-on-binance\/\">Binance<\/a><br \/>\n<a href=\"https:\/\/coinkickoff.com\/sv\/how-to-buy-dogecoin\/how-to-buy-dogecoin-on-bitmart\/\">Bitmart<\/a><br \/>\n<a href=\"https:\/\/coinkickoff.com\/sv\/how-to-buy-dogecoin\/how-to-buy-dogecoin-on-bybit\/\">Bybit<\/a><br \/>\n<a href=\"https:\/\/coinkickoff.com\/sv\/how-to-buy-dogecoin\/how-to-buy-dogecoin-on-gate-io\/\">Gate.io<\/a><br \/>\n<a href=\"https:\/\/coinkickoff.com\/sv\/how-to-buy-dogecoin\/how-to-buy-dogecoin-on-gemini\/\">Gemini<\/a><br \/>\n<a href=\"https:\/\/coinkickoff.com\/sv\/how-to-buy-dogecoin\/how-to-buy-dogecoin-on-kucoin\/\">Kucoin<\/a><br \/>\n<a href=\"https:\/\/coinkickoff.com\/sv\/how-to-buy-dogecoin\/how-to-buy-dogecoin-on-mexc\/\">MEXC<\/a><br \/>\n<a href=\"https:\/\/coinkickoff.com\/sv\/how-to-buy-dogecoin\/how-to-buy-dogecoin-on-okx\/\">OKX<\/a><br \/>\n<a href=\"https:\/\/coinkickoff.com\/sv\/how-to-buy-dogecoin\/how-to-buy-dogecoin-on-poloniex\/\">Poloniex<\/a><\/p>","protected":false},"excerpt":{"rendered":"<p>Om du vill k\u00f6pa Dogecoin och inte vet var du ska b\u00f6rja, \u00e4r du p\u00e5 r\u00e4tt plats. Vi visar dig hur och var du kan k\u00f6pa DOGE med steg-f\u00f6r-steg-instruktioner. Vad \u00e4r Dogecoin? Du kanske har h\u00f6rt m\u00e4nniskor h\u00e4nvisa till Dogecoin som ett meme coin. Det \u00e4r sant: Dogecoin: s grundare, Billy Marcus och Jackson Palmer, var [...].<\/p>","protected":false},"author":3,"featured_media":155,"parent":0,"menu_order":0,"comment_status":"closed","ping_status":"closed","template":"","meta":{"_genesis_hide_title":false,"_genesis_hide_breadcrumbs":false,"_genesis_hide_singular_image":false,"_genesis_hide_footer_widgets":false,"_genesis_custom_body_class":"","_genesis_custom_post_class":"","_genesis_layout":"","_glsr_average":0,"_glsr_ranking":0,"_glsr_reviews":0,"footnotes":""},"class_list":{"0":"post-3196","1":"page","2":"type-page","3":"status-publish","4":"has-post-thumbnail","6":"entry"},"featured_image_src":"https:\/\/coinkickoff.com\/wp-content\/uploads\/2022\/06\/Dogecoin-DOGE-600x400.jpg","featured_image_src_square":"https:\/\/coinkickoff.com\/wp-content\/uploads\/2022\/06\/Dogecoin-DOGE-600x600.jpg","_links":{"self":[{"href":"https:\/\/coinkickoff.com\/sv\/wp-json\/wp\/v2\/pages\/3196","targetHints":{"allow":["GET"]}}],"collection":[{"href":"https:\/\/coinkickoff.com\/sv\/wp-json\/wp\/v2\/pages"}],"about":[{"href":"https:\/\/coinkickoff.com\/sv\/wp-json\/wp\/v2\/types\/page"}],"author":[{"embeddable":true,"href":"https:\/\/coinkickoff.com\/sv\/wp-json\/wp\/v2\/users\/3"}],"replies":[{"embeddable":true,"href":"https:\/\/coinkickoff.com\/sv\/wp-json\/wp\/v2\/comments?post=3196"}],"version-history":[{"count":5,"href":"https:\/\/coinkickoff.com\/sv\/wp-json\/wp\/v2\/pages\/3196\/revisions"}],"predecessor-version":[{"id":4940,"href":"https:\/\/coinkickoff.com\/sv\/wp-json\/wp\/v2\/pages\/3196\/revisions\/4940"}],"wp:featuredmedia":[{"embeddable":true,"href":"https:\/\/coinkickoff.com\/sv\/wp-json\/wp\/v2\/media\/155"}],"wp:attachment":[{"href":"https:\/\/coinkickoff.com\/sv\/wp-json\/wp\/v2\/media?parent=3196"}],"curies":[{"name":"wp","href":"https:\/\/api.w.org\/{rel}","templated":true}]}}