{"id":1700,"date":"2026-01-08T14:07:53","date_gmt":"2026-01-08T14:07:53","guid":{"rendered":"https:\/\/coinkickoff.com\/?page_id=1700"},"modified":"2026-01-08T14:07:53","modified_gmt":"2026-01-08T14:07:53","slug":"bitcoin-price-calculator","status":"publish","type":"page","link":"https:\/\/coinkickoff.com\/sv\/bitcoin-price-calculator\/","title":{"rendered":"Bitcoin (BTC) Priskalkylator: BTC till USD, EUR, GBP med mera"},"content":{"rendered":"<div id=\"ez-toc-container\" class=\"ez-toc-v2_0_80 counter-hierarchy ez-toc-counter ez-toc-transparent ez-toc-container-direction\">\n<div class=\"ez-toc-title-container\">\n<p class=\"ez-toc-title\" style=\"cursor:inherit\">Avsnitt<\/p>\n<span class=\"ez-toc-title-toggle\"><a href=\"#\" class=\"ez-toc-pull-right ez-toc-btn ez-toc-btn-xs ez-toc-btn-default ez-toc-toggle\" aria-label=\"V\u00e4xla till inneh\u00e5llsf\u00f6rteckning\"><span class=\"ez-toc-js-icon-con\"><span class=\"\"><span class=\"eztoc-hide\" style=\"display:none;\">V\u00e4xel<\/span><span class=\"ez-toc-icon-toggle-span\"><svg style=\"fill: #999;color:#999\" xmlns=\"http:\/\/www.w3.org\/2000\/svg\" class=\"list-377408\" width=\"20px\" height=\"20px\" viewbox=\"0 0 24 24\" fill=\"none\"><path d=\"M6 6H4v2h2V6zm14 0H8v2h12V6zM4 11h2v2H4v-2zm16 0H8v2h12v-2zM4 16h2v2H4v-2zm16 0H8v2h12v-2z\" fill=\"currentColor\"><\/path><\/svg><svg style=\"fill: #999;color:#999\" class=\"arrow-unsorted-368013\" xmlns=\"http:\/\/www.w3.org\/2000\/svg\" width=\"10px\" height=\"10px\" viewbox=\"0 0 24 24\" version=\"1.2\" baseprofile=\"tiny\"><path d=\"M18.2 9.3l-6.2-6.3-6.2 6.3c-.2.2-.3.4-.3.7s.1.5.3.7c.2.2.4.3.7.3h11c.3 0 .5-.1.7-.3.2-.2.3-.5.3-.7s-.1-.5-.3-.7zM5.8 14.7l6.2 6.3 6.2-6.3c.2-.2.3-.5.3-.7s-.1-.5-.3-.7c-.2-.2-.4-.3-.7-.3h-11c-.3 0-.5.1-.7.3-.2.2-.3.5-.3.7s.1.5.3.7z\"\/><\/svg><\/span><\/span><\/span><\/a><\/span><\/div>\n<nav><ul class='ez-toc-list ez-toc-list-level-1 eztoc-toggle-hide-by-default' ><ul class='ez-toc-list-level-3' ><li class='ez-toc-heading-level-3'><a class=\"ez-toc-link ez-toc-heading-1\" href=\"https:\/\/coinkickoff.com\/sv\/bitcoin-price-calculator\/#Bitcoin_BTC_Price_Calculator\" >Prisber\u00e4knare f\u00f6r Bitcoin (BTC)<\/a><\/li><\/ul><\/li> <\/li>.<li class='ez-toc-page-1 ez-toc-heading-level-2'><a class=\"ez-toc-link ez-toc-heading-2\" href=\"https:\/\/coinkickoff.com\/sv\/bitcoin-price-calculator\/#Current_Bitcoin_BTC_Price\" >Nuvarande Bitcoin (BTC) Pris<\/a><ul class='ez-toc-list-level-3' ><li class='ez-toc-heading-level-3'><a class=\"ez-toc-link ez-toc-heading-3\" href=\"https:\/\/coinkickoff.com\/sv\/bitcoin-price-calculator\/#Historical_Bitcoin_Price_Chart\" >Historiskt prisdiagram f\u00f6r Bitcoin<\/a><\/li><\/ul><\/li><li class='ez-toc-page-1 ez-toc-heading-level-2'><a class=\"ez-toc-link ez-toc-heading-4\" href=\"https:\/\/coinkickoff.com\/sv\/bitcoin-price-calculator\/#Other_Crypto_Price_Calculators\" >Andra kryptoprisr\u00e4knare<\/a><\/li><\/ul><\/nav><\/div>\n<h3><span class=\"ez-toc-section\" id=\"Bitcoin_BTC_Price_Calculator\"><\/span>Prisber\u00e4knare f\u00f6r Bitcoin (BTC)<span class=\"ez-toc-section-end\"><\/span><\/h3>\n<div class=\"ccpw_react_widget ccpw_calculator\" id=\"ccpw_react_widgets_922_69f47204ce3f7\" data-attribute=\"{&quot;type&quot;:&quot;calculator&quot;,&quot;baseCurrency&quot;:&quot;bitcoin&quot;,&quot;targetCurrency&quot;:&quot;USD&quot;}\"><\/div><style type='text\/css'>\r\n\t\t\t  #ccpw_react_widgets_922 .ccpw-Converter {\r\n\t\t\t\t  background-color: #ffffff;\r\n\t\t\t\t  color: #000;\r\n\t\t\t  }<\/style>\n<p>Du kan anv\u00e4nda kalkylatorn ovan f\u00f6r att se den aktuella <a href=\"https:\/\/coinkickoff.com\/sv\/bitcoin-btc\/\" data-internallinksmanager029f6b8e52c=\"1\" title=\"Vad \u00e4r Bitcoin (BTC)? Pris, historia och var man kan k\u00f6pa\">BTC<\/a> till USD v\u00e4xelkurs tillsammans med andra valutapar som BTC till EUR, BTC till GBP, BTC till JPY och de flesta andra st\u00f6rre valutor. Dessutom kan du ocks\u00e5 anv\u00e4nda f\u00f6r att se BTC till <a href=\"https:\/\/coinkickoff.com\/sv\/ethereum-eth\/\" data-internallinksmanager029f6b8e52c=\"2\" title=\"Vad \u00e4r Ethereum (ETH)? Pris, historia och var man kan k\u00f6pa\">ETH<\/a> v\u00e4xelkurs, BTC till <a href=\"https:\/\/coinkickoff.com\/sv\/binance-coin-bnb\/\" data-internallinksmanager029f6b8e52c=\"6\" title=\"Vad \u00e4r Binance Coin (BNB)? Hur fungerar det och var kan man k\u00f6pa det?\">BNB<\/a> och andra kryptopar.<\/p>\n<div class=\"cg-choice-box-six   cg-blue\" ><div class=\"cg-cb-row\"><div class=\"cg-cb-items\" id=\"product-265843\"><div class=\"cg-cb-top-head\"><div class=\"cg-cb-top-pick\">Mest Coins<\/div><\/div><a href=\"https:\/\/accounts.binance.com\/register?ref=BLJQ60RW\" target=\"_blank\" rel=\"nofollow noopener\" class=\"cg-aff-link cg-cb-img\" data-post-title=\"Binance\" data-aff-link=\"https:\/\/accounts.binance.com\/register?ref=BLJQ60RW\" data-post-type=\"top\" data-post-id=\"127750\"><img decoding=\"async\" src=\"https:\/\/coinkickoff.com\/wp-content\/uploads\/2022\/10\/Binance_logo.png\" class=\"cg-img-1\" alt=\"Binance\" style=\"\"><\/a><div class=\"cg-cb-title\"><a href=\"https:\/\/accounts.binance.com\/register?ref=BLJQ60RW\" class=\"cg-aff-link\" data-post-id=\"127750\" data-post-type=\"top\" data-aff-link=\"https:\/\/accounts.binance.com\/register?ref=BLJQ60RW\" data-post-title=\"Binance\" target=\"\" rel=\"nofollow noopener\">Binance<\/a><\/span> &lt;\/span<\/div><div class=\"cg-cb-content\"><ul><li><strong>350+<\/strong> Kryptovalutor listade<\/li><li><strong>&lt;0.10%<\/strong> Transaktionsavgifter<\/li><li><strong>120 miljoner euro<\/strong> Registrerade anv\u00e4ndare<\/li><li>S\u00e4ker tillg\u00e5ngsfond f\u00f6r anv\u00e4ndare<\/li><li>Tj\u00e4na p\u00e5 ins\u00e4ttningar<\/li><\/ul><\/div><div class=\"cg-cb-btn\"><span class='cta-copy'><a href=\"https:\/\/accounts.binance.com\/register?ref=BLJQ60RW\" class=\"cg-one-button cg-btn cg-red  cg-aff-link cg-btn-lg\" data-post-id=\"127750\" data-post-type=\"top\" data-aff-link=\"https:\/\/accounts.binance.com\/register?ref=BLJQ60RW\" data-style=\"default\" data-post-title=\"Binance\" data-extra=\"arrow\" style=\"\" target=\"\" rel=\"nofollow noopener\">Kom ig\u00e5ng<\/a><\/span><\/span> &lt;\/span<\/div><\/div><div class=\"cg-cb-items\" id=\"product-265829\"><div class=\"cg-cb-top-head\"><div class=\"cg-cb-top-pick\">De flesta l\u00e4nder<\/div><\/div><a href=\"https:\/\/kraken.pxf.io\/756J3y\" target=\"_blank\" rel=\"nofollow noopener\" class=\"cg-aff-link cg-cb-img\" data-post-title=\"Kraken\" data-aff-link=\"https:\/\/kraken.pxf.io\/756J3y\" data-post-type=\"top\" data-post-id=\"127750\"><img decoding=\"async\" src=\"https:\/\/coinkickoff.com\/wp-content\/uploads\/Kraken-logo.webp\" class=\"cg-img-1\" alt=\"Kraken\" style=\"\"><\/a><div class=\"cg-cb-title\"><a href=\"https:\/\/kraken.pxf.io\/756J3y\" class=\"cg-aff-link\" data-post-id=\"127750\" data-post-type=\"top\" data-aff-link=\"https:\/\/kraken.pxf.io\/756J3y\" data-post-title=\"Kraken\" target=\"\" rel=\"nofollow noopener\">Kraken<\/a><\/span> &lt;\/span<\/div><div class=\"cg-cb-content\"><ul><li>USA-baserad<\/li><li>B\u00f6rja med s\u00e5 lite som <strong>$10<\/strong><\/li><li>K\u00f6pa och s\u00e4lja <strong>200+<\/strong> kryptovalutor<\/li><li>Pro Solution f\u00f6r st\u00f6rre handlare<\/li><li>Tillg\u00e4nglig i <strong>190+<\/strong> l\u00e4nder<\/li><\/ul><\/div><div class=\"cg-cb-btn\"><span class='cta-copy'><a href=\"https:\/\/kraken.pxf.io\/756J3y\" class=\"cg-one-button cg-btn cg-red  cg-aff-link cg-btn-lg\" data-post-id=\"127750\" data-post-type=\"top\" data-aff-link=\"https:\/\/kraken.pxf.io\/756J3y\" data-style=\"default\" data-post-title=\"Kraken\" data-extra=\"arrow\" style=\"\" target=\"\" rel=\"nofollow noopener\">Kom ig\u00e5ng<\/a><\/span><\/span> &lt;\/span<\/div><\/div><div class=\"cg-cb-items\" id=\"product-265822\"><div class=\"cg-cb-top-head\"><div class=\"cg-cb-top-pick\">USA-baserad<\/div><\/div><a href=\"https:\/\/coinbase-consumer.sjv.io\/ORPoaG\" target=\"_blank\" rel=\"nofollow noopener\" class=\"cg-aff-link cg-cb-img\" data-post-title=\"Coinbase\" data-aff-link=\"https:\/\/coinbase-consumer.sjv.io\/ORPoaG\" data-post-type=\"top\" data-post-id=\"127750\"><img decoding=\"async\" src=\"https:\/\/coinkickoff.com\/wp-content\/uploads\/2022\/10\/Coinbase.png\" class=\"cg-img-1\" alt=\"Coinbase\" style=\"\"><\/a><div class=\"cg-cb-title\"><a href=\"https:\/\/coinbase-consumer.sjv.io\/ORPoaG\" class=\"cg-aff-link\" data-post-id=\"127750\" data-post-type=\"top\" data-aff-link=\"https:\/\/coinbase-consumer.sjv.io\/ORPoaG\" data-post-title=\"Coinbase\" target=\"\" rel=\"nofollow noopener\">Coinbase<\/a><\/span> &lt;\/span<\/div><div class=\"cg-cb-content\"><ul><li><strong>200+<\/strong> Kryptovalutor listade<\/li><li>F\u00e5 Crypto efter ditt f\u00f6rsta k\u00f6p<\/li><li>Skyddad av f\u00f6rs\u00e4kring&nbsp;<\/li><li>S\u00e4ker f\u00f6rvaring med valvskydd<\/li><li>Den mest betrodda plattformen f\u00f6r kryptovalutor<\/li><\/ul><\/div><div class=\"cg-cb-btn\"><span class='cta-copy'><a href=\"https:\/\/coinbase-consumer.sjv.io\/ORPoaG\" class=\"cg-one-button cg-btn cg-red  cg-aff-link cg-btn-lg\" data-post-id=\"127750\" data-post-type=\"top\" data-aff-link=\"https:\/\/coinbase-consumer.sjv.io\/ORPoaG\" data-style=\"default\" data-post-title=\"Coinbase\" data-extra=\"arrow\" style=\"\" target=\"\" rel=\"nofollow noopener\">Kom ig\u00e5ng<\/a><\/span><\/span> &lt;\/span<\/div><\/div><\/div><\/div>\n\n<h2><span class=\"ez-toc-section\" id=\"Current_Bitcoin_BTC_Price\"><\/span>Nuvarande Bitcoin (BTC) Pris<span class=\"ez-toc-section-end\"><\/span><\/h2>\n<!-- Cryptocurrency Widgets PRO 4.1.2  !--><div id=\"ccpw-price-block-732\" ><div class=\"ccpw_react_widget\" id=\"ccpw_react_widgets_7321656097161\" data-attribute=\"{&quot;type&quot;:&quot;price-block&quot;,&quot;selected_currency&quot;:&quot;USD&quot;,&quot;custom_currency&quot;:[&quot;bitcoin&quot;],&quot;show_coins&quot;:&quot;custom&quot;,&quot;design_block&quot;:&quot;style-5&quot;,&quot;block_card_column&quot;:&quot;&quot;,&quot;MbFormating&quot;:&quot;on&quot;,&quot;live_changes&quot;:&quot;&quot;,&quot;odometer_style&quot;:&quot;&quot;,&quot;chart_type&quot;:&quot;area&quot;,&quot;chart_height&quot;:140,&quot;display_changes&quot;:&quot;&quot;,&quot;block_chart_color&quot;:&quot;&quot;,&quot;enable_chart_color&quot;:&quot;&quot;}\"><\/div><\/div><style type='text\/css'>\r\n\t\t\t\t\t  #ccpw-price-block-732 .blocktop-area {\r\n\t\t\t\t\t\t  color: #000;\r\n\t\t\t\t\t\t  background: #ffffff;\r\n\t\t\t\t\t  }\r\n\t\t\t\t\t  #ccpw-price-block-732 span.ccpw-currencybtn {\r\n\t\t\t\t\t\t  color: rgba(255,255,255,0.95);\r\n\t\t\t\t\t\t  background: rgba(0,0,0,0.55);\r\n\t\t\t\t\t  }\r\n\t\t\t\t\t  #ccpw-price-block-732 span.ccpw-currencybtn.active {\r\n\t\t\t\t\t\t  color: #ffffff;\r\n\t\t\t\t\t\t  background: #000;\r\n\t\t\t\t\t  }\r\n\t\t\t\t\t  #ccpw-price-block-732 .price-block.style-5 span.ccpw-coin-24h-change span {\r\n\t\t\t\t\t\t  color: rgba(255,255,255,0.98);\r\n\t\t\t\t\t\t  background: rgba(0,0,0,0.65);\r\n\t\t\t\t\t  }<\/style>\n<p>Se realtidspriser p\u00e5 Bitcoin i USD, EUR och GBP ovan.<\/p>\n<h3><span class=\"ez-toc-section\" id=\"Historical_Bitcoin_Price_Chart\"><\/span>Historiskt prisdiagram f\u00f6r Bitcoin<span class=\"ez-toc-section-end\"><\/span><\/h3>\n<!-- Cryptocurrency Widgets PRO 4.1.2  !--><div id=\"ccpw-chart-923\" class=\"ccpw-container chart\"><div class=\"coin_details\"><ul>\r\n            <li><div class=\"ccpw_icon\"><img decoding=\"async\" style=\"width:128px;\" id=\"bitcoin\" alt=\"bitcoin\" src=\"https:\/\/coinkickoff.com\/wp-content\/plugins\/cryptocurrency-price-ticker-widget-pro\/assets\/coin-logos\/bitcoin.svg\"><\/div><\/li>\r\n            <li><div class=\"ticker-name\"><strong>Bitcoin<br\/>(BTC)<\/strong><\/div>\r\n            <\/li>\r\n            <li class=\"c_info\"><strong>Pris <\/strong> <div class=\"chart_coin_price CCP-bitcoin\"><span class=\"ticker-price\">&#036;77,307.18<\/span><\/div><\/li>\r\n            <li  class=\"c_info\"><strong>Marknadsv\u00e4rde<\/strong>\r\n            <div class=\"coin_market_cap\"><span class=\"CCMC\">$1,55 T<\/span><\/div><\/li>\r\n            <\/ul><\/div><div id=\"ccpw-default-chart-bitcoin-69f47204cebd6\" class=\"ccpw-default-chart\"><\/div><div class=\"chart-wrp\"  id=\"CCPW-CHART-bitcoin-69f47204cebd6\" style=\"width:100%; height:400px;\" ><div\r\n\t\t\tclass=\"ccpw-chart\"\r\n\t\t\tdata-no-formatting=\"&#039;$&#039;#,###.##\"\r\n\t\t\tdata-coin-period=\"365day\"\r\n\t\t\tdata-coin-id=\"bitcoin\"\r\n\t\t\tdata-chart-color=\"#2196F3\"\r\n\t\t\tdata-from-lbl=\"From\"\r\n\t\t\tdata-zoom-lbl=\"Zoom\"\r\n\t\t\tdata-to-lbl=\"To\"\r\n\t\t\tdata-price-lbl=\"Price\"\r\n\t\t\tdata-volume-lbl=\"Volume\"\r\n\t\t\t data-1d=\"24H\" data-7d=\"7D\" data-1m=\"1M\" data-3m=\"3M\"\r\n            data-6m=\"6M\" data-1y=\"1Y\" data-coinid=\"bitcoin\"\r\n            data-unique-id=\"69f47204cebd6\"><\/div><img decoding=\"async\" class=\"ccpw-preloader\" src=\"https:\/\/coinkickoff.com\/wp-content\/plugins\/cryptocurrency-price-ticker-widget-pro\/images\/chart-loading.svg\"><span class=\"ccpw-no-data\"><\/span>\r\n<\/div><\/div><style type='text\/css'>\r\n\t\t\t  #ccpw-chart-923 .ccc-chart-header { background: #2196F3}\r\n\t\t\t  #ccpw-chart-923 #ccc-chart-block .exportBtnTop,\r\n\t\t\t  #ccpw-chart-923 a.tabperiods.tabperiods_active,\r\n\t\t\t  #ccpw-chart-923 .coin_details {\r\n\t\t\t\t  color: #2196F3;\r\n\t\t\t\t  background: rgba(33,150,243,0.15);\r\n\t\t\t  }\r\n\t\t\t  #ccpw-chart-923 .coin_details {\r\n\t\t\t\t  border: 1px solid rgba(33,150,243,0.16);\r\n\t\t\t  }\r\n\t\t\t  .ccpw-container_chart #ccpw-chart-923 .coin-container:after,\r\n\t\t\t  .ccpw-container_four #ccpw-chart-923 .coin-container:after {border-color:#ccc !Important;}\r\n\t\t  <\/style>\n<p>Du kan f\u00f6lja Bitcoin:s prishistorik med hj\u00e4lp av diagrammet ovan. Finns f\u00f6r n\u00e4rvarande endast i USD.<\/p>\n<h2><span class=\"ez-toc-section\" id=\"Other_Crypto_Price_Calculators\"><\/span>Andra kryptoprisr\u00e4knare<span class=\"ez-toc-section-end\"><\/span><\/h2>\n<ul>\n<li> <a href=\"https:\/\/coinkickoff.com\/sv\/ethereum-price-calculator\/\">Ethereum (ETH)<\/a><\/li>\n<\/ul>","protected":false},"excerpt":{"rendered":"<p>Bitcoin (BTC) Priskalkylator Du kan anv\u00e4nda kalkylatorn ovan f\u00f6r att se den aktuella v\u00e4xelkursen fr\u00e5n BTC till USD tillsammans med andra valutapar s\u00e5som BTC till EUR, BTC till GBP, BTC till JPY och de flesta andra st\u00f6rre valutor. Dessutom kan du ocks\u00e5 anv\u00e4nda f\u00f6r att se v\u00e4xelkursen f\u00f6r BTC till ETH, BTC till [...]<\/p>","protected":false},"author":1,"featured_media":0,"parent":0,"menu_order":0,"comment_status":"closed","ping_status":"closed","template":"","meta":{"_genesis_hide_title":false,"_genesis_hide_breadcrumbs":false,"_genesis_hide_singular_image":false,"_genesis_hide_footer_widgets":false,"_genesis_custom_body_class":"","_genesis_custom_post_class":"","_genesis_layout":"","_glsr_average":0,"_glsr_ranking":0,"_glsr_reviews":0,"footnotes":""},"class_list":{"0":"post-1700","1":"page","2":"type-page","3":"status-publish","5":"entry"},"featured_image_src":null,"featured_image_src_square":null,"_links":{"self":[{"href":"https:\/\/coinkickoff.com\/sv\/wp-json\/wp\/v2\/pages\/1700","targetHints":{"allow":["GET"]}}],"collection":[{"href":"https:\/\/coinkickoff.com\/sv\/wp-json\/wp\/v2\/pages"}],"about":[{"href":"https:\/\/coinkickoff.com\/sv\/wp-json\/wp\/v2\/types\/page"}],"author":[{"embeddable":true,"href":"https:\/\/coinkickoff.com\/sv\/wp-json\/wp\/v2\/users\/1"}],"replies":[{"embeddable":true,"href":"https:\/\/coinkickoff.com\/sv\/wp-json\/wp\/v2\/comments?post=1700"}],"version-history":[{"count":5,"href":"https:\/\/coinkickoff.com\/sv\/wp-json\/wp\/v2\/pages\/1700\/revisions"}],"predecessor-version":[{"id":1706,"href":"https:\/\/coinkickoff.com\/sv\/wp-json\/wp\/v2\/pages\/1700\/revisions\/1706"}],"wp:attachment":[{"href":"https:\/\/coinkickoff.com\/sv\/wp-json\/wp\/v2\/media?parent=1700"}],"curies":[{"name":"wp","href":"https:\/\/api.w.org\/{rel}","templated":true}]}}