{"id":9,"date":"2026-01-08T14:07:51","date_gmt":"2026-01-08T14:07:51","guid":{"rendered":"https:\/\/coinkickoff.com\/?page_id=9"},"modified":"2026-01-08T14:07:51","modified_gmt":"2026-01-08T14:07:51","slug":"o-nas","status":"publish","type":"page","link":"https:\/\/coinkickoff.com\/sl\/o-nas\/","title":{"rendered":"O"},"content":{"rendered":"<h1 class=\"wp-block-genesis-blocks-gb-spacer gb-block-spacer gb-divider-solid gb-divider-size-1\" style=\"color: #ddd;\">O Coin Kickoff\u00a0<\/h1>\r\n<div class=\"wp-block-columns has-2-columns\">\r\n<div class=\"wp-block-column\">\r\n<p>Ustvaril sem Coin Kickoff, ker menim, da je kriptografija\/<a href=\"https:\/\/coinkickoff.com\/sl\/what-is-web-3-0\/\" data-internallinksmanager029f6b8e52c=\"184\" title=\"Kaj je splet 3.0?\">web3<\/a> je preve\u010d zapletena.<\/p>\r\n\r\n\r\n\r\n<p>Moje ime je Ian Wright in s kriptovalutami sem se za\u010del ukvarjati leta <strong>2017<\/strong> ko <a href=\"https:\/\/coinkickoff.com\/sl\/bitcoin-btc\/\" data-internallinksmanager029f6b8e52c=\"1\" title=\"Kaj je Bitcoin (BTC)? Cena, zgodovina in kje kupiti\">Bitcoin<\/a> je bil prvi bikovski tek do skoraj <strong>$20,000<\/strong> vsak.<\/p>\r\n\r\n\r\n\r\n<p>Imel sem sre\u010do, da mi je takrat uspelo zaslu\u017eiti nekaj denarja. Nato sem na kriptovalute takoj pozabil.<\/p>\r\n\r\n\r\n\r\n<p>Predvideval sem, da je mehur\u010dek po\u010dil. Imel sem sre\u010do, da sem se re\u0161il, ko sem se.<\/p>\r\n\r\n\r\n\r\n<p>Vse skupaj se je zdelo kot velikanska prevara, ki bo s\u010dasoma izginila.<\/p>\r\n\r\n\r\n\r\n<p><strong>Nato se je zgodilo nekaj nenavadnega.<\/strong><\/p>\r\n\r\n\r\n\r\n<p>Jeseni <strong>2020<\/strong> Spet sem sli\u0161al ljudi govoriti o Bitcoin in kriptografiji.<\/p>\r\n\r\n\r\n\r\n<p>Najprej sem ga zavrnil. Bitcoin je bil tako <strong>2017<\/strong>.<\/p>\r\n\r\n\r\n\r\n<p>Poleg tega je \u0161lo v vsakem primeru za prevaro.<\/p>\r\n\r\n\r\n\r\n<p>Toda s\u010dasoma sem si premislil, ko se je cena Bitcoin povzpela nad prej\u0161njo najvi\u0161jo vrednost v zgodovini.<\/p>\r\n\r\n\r\n\r\n<p>Po mojem mnenju se to ne bi smelo zgoditi.<\/p>\r\n\r\n\r\n\r\n<p>Bil sem in ostajam skepti\u010den glede vrednosti Bitcoin, kripto, web3 in Blockchain.<\/p>\r\n\r\n\r\n\r\n<p>Vendar nimam ve\u010d ob\u010dutka, da bodo kmalu izginili.<\/p>\r\n\r\n\r\n\r\n<p><strong>Odlo\u010dil sem se celo, da bom ponovno investiral. <\/strong><\/p>\r\n\r\n\r\n\r\n<p>Toda za razliko od prej\u0161njega primera sem izgubil denar. Na bikovskem trgu!<\/p>\r\n\r\n\r\n\r\n<p>Zato sem se odlo\u010dil, da se bom izobra\u017eeval.<\/p>\r\n\r\n\r\n\r\n<p>Zato sem ustvaril Coin Kickoff.<\/p>\r\n\r\n\r\n\r\n<p>Cilj je preprost: razlo\u017eiti, kaj so razli\u010dni modeli coin, kaj po\u010dnejo in kje jih je mogo\u010de kupiti.<\/p>\r\n\r\n\r\n\r\n<p>Vse to na preprost in razumljiv na\u010din.<\/p>\r\n\r\n\r\n\r\n<p>Da bo jasno, nimam pojma, kaj po\u010dnem. Ni\u010desar na tej spletni strani ne smete razumeti kot spodbujanje kakr\u0161ne koli nalo\u017ebe.<\/p>\r\n\r\n\r\n\r\n<p>Pri\u010dakujem, da ve\u010dina coins <strong>bo ni\u010delna.<\/strong>.<\/p>\r\n\r\n\r\n\r\n<p>Coin Kickoff je izhodi\u0161\u010dna to\u010dka za \u0161e ve\u010d informacij o razli\u010dnih mo\u017enostih kriptovalut.<\/p>\r\n\r\n\r\n\r\n<p>Vse objave in vodniki so namenjeni le informiranju.<\/p>\r\n\r\n\r\n\r\n<p>Nikoli ne vlo\u017eite ve\u010d denarja, kot si ga lahko privo\u0161\u010dite izgubiti.<\/p>\r\n\r\n\r\n\r\n<p>&nbsp;<\/p>\r\n<\/div>\r\n<!-- \/wp:post-content --><\/div>\r\n<!-- \/wp:columns -->\r\n\r\n<!-- wp:paragraph -->\r\n<p>&nbsp;<\/p>\r\n<!-- \/wp:paragraph -->","protected":false},"excerpt":{"rendered":"<p>Moje ime je Ian Wright in s kriptovalutami sem se za\u010del ukvarjati leta 2017, ko je Bitcoin do\u017eivel prvi bikovski vzpon na skoraj $20.000. Imel sem dovolj sre\u010de, da mi je takrat dejansko uspelo zaslu\u017eiti nekaj denarja. Nato sem takoj pozabil na kriptovalute. Domneval sem, da je mehur\u010dek po\u010dil. I [...]<\/p>","protected":false},"author":1,"featured_media":10,"parent":0,"menu_order":0,"comment_status":"closed","ping_status":"closed","template":"","meta":{"_genesis_hide_title":true,"_genesis_hide_breadcrumbs":true,"_genesis_hide_singular_image":true,"_genesis_hide_footer_widgets":false,"_genesis_custom_body_class":"","_genesis_custom_post_class":"","_genesis_layout":"full-width-content","_glsr_average":0,"_glsr_ranking":0,"_glsr_reviews":0,"footnotes":""},"class_list":{"0":"post-9","1":"page","2":"type-page","3":"status-publish","4":"has-post-thumbnail","6":"entry"},"featured_image_src":"https:\/\/coinkickoff.com\/wp-content\/uploads\/2022\/03\/about-600x400.jpg","featured_image_src_square":"https:\/\/coinkickoff.com\/wp-content\/uploads\/2022\/03\/about-600x600.jpg","_links":{"self":[{"href":"https:\/\/coinkickoff.com\/sl\/wp-json\/wp\/v2\/pages\/9","targetHints":{"allow":["GET"]}}],"collection":[{"href":"https:\/\/coinkickoff.com\/sl\/wp-json\/wp\/v2\/pages"}],"about":[{"href":"https:\/\/coinkickoff.com\/sl\/wp-json\/wp\/v2\/types\/page"}],"author":[{"embeddable":true,"href":"https:\/\/coinkickoff.com\/sl\/wp-json\/wp\/v2\/users\/1"}],"replies":[{"embeddable":true,"href":"https:\/\/coinkickoff.com\/sl\/wp-json\/wp\/v2\/comments?post=9"}],"version-history":[{"count":6,"href":"https:\/\/coinkickoff.com\/sl\/wp-json\/wp\/v2\/pages\/9\/revisions"}],"predecessor-version":[{"id":79,"href":"https:\/\/coinkickoff.com\/sl\/wp-json\/wp\/v2\/pages\/9\/revisions\/79"}],"wp:featuredmedia":[{"embeddable":true,"href":"https:\/\/coinkickoff.com\/sl\/wp-json\/wp\/v2\/media\/10"}],"wp:attachment":[{"href":"https:\/\/coinkickoff.com\/sl\/wp-json\/wp\/v2\/media?parent=9"}],"curies":[{"name":"wp","href":"https:\/\/api.w.org\/{rel}","templated":true}]}}