{"id":825,"date":"2026-01-08T14:06:31","date_gmt":"2026-01-08T14:06:31","guid":{"rendered":"https:\/\/coinkickoff.com\/?page_id=825"},"modified":"2026-01-08T14:06:31","modified_gmt":"2026-01-08T14:06:31","slug":"prices-pln","status":"publish","type":"page","link":"https:\/\/coinkickoff.com\/sl\/prices\/prices-pln\/","title":{"rendered":"Top 100 Cene kriptovalut v \u017eivo v poljski zlati (PLN)"},"content":{"rendered":"<p>Oglejte si posodobitve cen v realnem \u010dasu v poljskih zlotih (PLN) za <a href=\"https:\/\/coinkickoff.com\/sl\/bitcoin-btc\/\" data-internallinksmanager029f6b8e52c=\"1\" title=\"Kaj je Bitcoin (BTC)? Cena, zgodovina in kje kupiti\">bitcoin<\/a> in drugih 100 najbolj\u0161ih kriptovalut spodaj. <\/p>\n<!-- Cryptocurrency Widgets PRO 4.1.2  !--><div  class=\"ccpw-widget\" id=\"ccpw-list-widget-1357\" ><div class=\"ccpw_react_widget\" id=\"ccpw_react_widgets_1357117361362\" data-attribute=\"{&quot;type&quot;:&quot;list-widget&quot;,&quot;selected_currency&quot;:&quot;PLN&quot;,&quot;design&quot;:&quot;style-4&quot;,&quot;header&quot;:&quot;&quot;,&quot;show_chart&quot;:&quot;&quot;,&quot;custom_currency&quot;:&quot;&quot;,&quot;show_coins&quot;:&quot;100&quot;,&quot;MbFormating&quot;:&quot;on&quot;,&quot;live_changes&quot;:&quot;&quot;,&quot;display_changes&quot;:&quot;on&quot;}\"><\/div><\/div><style type='text\/css'>\r\n\t\t\t  .ccpw-widget #ccpw-list-widget-1357{background-color:#ffffff;color:#000;}\r\n\t\t\t  .ccpw-widget .ccpw_table tr #ccpw-list-widget-1357 {background-color:#ffffff;}\r\n\t\t\t  .ccpw-widget #ccpw-list-widget-1357.table {background-color:#ffffff;color:#000; box-shadow:inset 0px 0px 0px 3px rgba(0,0,0,0.25);}\r\n\t\t\t  #ccpw-list-widget-1357 .ccpw_table > tbody > tr > td,\r\n\t\t\t  #ccpw-list-widget-1357 .ccpw_table > tbody > tr > td .ticker-price,\r\n\t\t\t  #ccpw-list-widget-1357 .ccpw_table > tbody > tr > td.price,\r\n\t\t\t  #ccpw-list-widget-1357 .ccpw_table.table tr ,\r\n\t\t\t  #ccpw-list-widget-1357 .ccpw_table.table > thead > tr > th {border-color:rgba(0,0,0,0.25) !important;color:#000;background-color:#ffffff;}\r\n\t\t\t   .ccpw_table span.symbol { position:initial !Important; }<\/style>\n<div class=\"cg-choice-box-six   cg-blue\" ><div class=\"cg-cb-row\"><div class=\"cg-cb-items\" id=\"product-265843\"><div class=\"cg-cb-top-head\"><div class=\"cg-cb-top-pick\">Ve\u010dina Coins<\/div><\/div><a href=\"https:\/\/accounts.binance.com\/register?ref=BLJQ60RW\" target=\"_blank\" rel=\"nofollow noopener\" class=\"cg-aff-link cg-cb-img\" data-post-title=\"Binance\" data-aff-link=\"https:\/\/accounts.binance.com\/register?ref=BLJQ60RW\" data-post-type=\"top\" data-post-id=\"127750\"><img decoding=\"async\" src=\"https:\/\/coinkickoff.com\/wp-content\/uploads\/2022\/10\/Binance_logo.png\" class=\"cg-img-1\" alt=\"Binance\" style=\"\"><\/a><div class=\"cg-cb-title\"><a href=\"https:\/\/accounts.binance.com\/register?ref=BLJQ60RW\" class=\"cg-aff-link\" data-post-id=\"127750\" data-post-type=\"top\" data-aff-link=\"https:\/\/accounts.binance.com\/register?ref=BLJQ60RW\" data-post-title=\"Binance\" target=\"\" rel=\"nofollow noopener\">Binance<\/a><\/span><\/div><div class=\"cg-cb-content\"><ul><li><strong>350+<\/strong> Navedene kriptovalute<\/li><li><strong>&lt;0.10%<\/strong> Pristojbine za transakcije<\/li><li><strong>120 milijonov<\/strong> Registrirani uporabniki<\/li><li>Varen sklad premo\u017eenja za uporabnike<\/li><li>Zaslu\u017eek na depozitih<\/li><\/ul><\/div><div class=\"cg-cb-btn\"><span class='cta-copy'><a href=\"https:\/\/accounts.binance.com\/register?ref=BLJQ60RW\" class=\"cg-one-button cg-btn cg-red  cg-aff-link cg-btn-lg\" data-post-id=\"127750\" data-post-type=\"top\" data-aff-link=\"https:\/\/accounts.binance.com\/register?ref=BLJQ60RW\" data-style=\"default\" data-post-title=\"Binance\" data-extra=\"arrow\" style=\"\" target=\"\" rel=\"nofollow noopener\">Za\u010dnite z delom<\/a><\/span><\/span><\/div><\/div><div class=\"cg-cb-items\" id=\"product-265829\"><div class=\"cg-cb-top-head\"><div class=\"cg-cb-top-pick\">Ve\u010dina dr\u017eav<\/div><\/div><a href=\"https:\/\/kraken.pxf.io\/756J3y\" target=\"_blank\" rel=\"nofollow noopener\" class=\"cg-aff-link cg-cb-img\" data-post-title=\"Kraken\" data-aff-link=\"https:\/\/kraken.pxf.io\/756J3y\" data-post-type=\"top\" data-post-id=\"127750\"><img decoding=\"async\" src=\"https:\/\/coinkickoff.com\/wp-content\/uploads\/Kraken-logo.webp\" class=\"cg-img-1\" alt=\"Kraken\" style=\"\"><\/a><div class=\"cg-cb-title\"><a href=\"https:\/\/kraken.pxf.io\/756J3y\" class=\"cg-aff-link\" data-post-id=\"127750\" data-post-type=\"top\" data-aff-link=\"https:\/\/kraken.pxf.io\/756J3y\" data-post-title=\"Kraken\" target=\"\" rel=\"nofollow noopener\">Kraken<\/a><\/span><\/div><div class=\"cg-cb-content\"><ul><li>S sede\u017eem v ZDA<\/li><li>Za\u010dnite s \u010dim manj <strong>$10<\/strong><\/li><li>Nakup in prodaja <strong>200+<\/strong> kriptovalute<\/li><li>Pro re\u0161itev za ve\u010dje trgovce<\/li><li>Na voljo v <strong>190+<\/strong> dr\u017eave<\/li><\/ul><\/div><div class=\"cg-cb-btn\"><span class='cta-copy'><a href=\"https:\/\/kraken.pxf.io\/756J3y\" class=\"cg-one-button cg-btn cg-red  cg-aff-link cg-btn-lg\" data-post-id=\"127750\" data-post-type=\"top\" data-aff-link=\"https:\/\/kraken.pxf.io\/756J3y\" data-style=\"default\" data-post-title=\"Kraken\" data-extra=\"arrow\" style=\"\" target=\"\" rel=\"nofollow noopener\">Za\u010dnite z delom<\/a><\/span><\/span><\/div><\/div><div class=\"cg-cb-items\" id=\"product-265822\"><div class=\"cg-cb-top-head\"><div class=\"cg-cb-top-pick\">S sede\u017eem v ZDA<\/div><\/div><a href=\"https:\/\/coinbase-consumer.sjv.io\/ORPoaG\" target=\"_blank\" rel=\"nofollow noopener\" class=\"cg-aff-link cg-cb-img\" data-post-title=\"Coinbase\" data-aff-link=\"https:\/\/coinbase-consumer.sjv.io\/ORPoaG\" data-post-type=\"top\" data-post-id=\"127750\"><img decoding=\"async\" src=\"https:\/\/coinkickoff.com\/wp-content\/uploads\/2022\/10\/Coinbase.png\" class=\"cg-img-1\" alt=\"Coinbase\" style=\"\"><\/a><div class=\"cg-cb-title\"><a href=\"https:\/\/coinbase-consumer.sjv.io\/ORPoaG\" class=\"cg-aff-link\" data-post-id=\"127750\" data-post-type=\"top\" data-aff-link=\"https:\/\/coinbase-consumer.sjv.io\/ORPoaG\" data-post-title=\"Coinbase\" target=\"\" rel=\"nofollow noopener\">Coinbase<\/a><\/span><\/div><div class=\"cg-cb-content\"><ul><li><strong>200+<\/strong> Navedene kriptovalute<\/li><li>Pridobite kriptovaluto po prvem nakupu<\/li><li>Za\u0161\u010diteni z zavarovanjem&nbsp;<\/li><li>Varno shranjevanje z za\u0161\u010dito trezorja<\/li><li>Najbolj zaupanja vredna platforma za kriptovalute<\/li><\/ul><\/div><div class=\"cg-cb-btn\"><span class='cta-copy'><a href=\"https:\/\/coinbase-consumer.sjv.io\/ORPoaG\" class=\"cg-one-button cg-btn cg-red  cg-aff-link cg-btn-lg\" data-post-id=\"127750\" data-post-type=\"top\" data-aff-link=\"https:\/\/coinbase-consumer.sjv.io\/ORPoaG\" data-style=\"default\" data-post-title=\"Coinbase\" data-extra=\"arrow\" style=\"\" target=\"\" rel=\"nofollow noopener\">Za\u010dnite z delom<\/a><\/span><\/span><\/div><\/div><\/div><\/div>\n\n<h2>Kriptovaluta Kalkulator cene (PLN)<\/h2>\n<p>Uporabite spodnji kalkulator za menjalne te\u010daje v realnem \u010dasu med PLN in mnogimi priljubljenimi kriptovalutami<\/p>\n<div class=\"ccpw_react_widget ccpw_calculator\" id=\"ccpw_react_widgets_1359_69d3640a2237b\" data-attribute=\"{&quot;type&quot;:&quot;calculator&quot;,&quot;baseCurrency&quot;:&quot;bitcoin&quot;,&quot;targetCurrency&quot;:&quot;PLN&quot;}\"><\/div><style type='text\/css'>\r\n\t\t\t  #ccpw_react_widgets_1359 .ccpw-Converter {\r\n\t\t\t\t  background-color: #ffffff;\r\n\t\t\t\t  color: #000;\r\n\t\t\t  }<\/style>\n<h2>Heatmap spremembe cen: Top 20 kriptovalut<\/h2>\n<!-- Cryptocurrency Widgets PRO 4.1.2  !--><div class=\"ccpw-coingecko-widget\" style=\"width:100%;\"> \r\n    <gecko-coin-heatmap-widget  height=\"400\"  locale=\"en\" outlined=\"true\" top=\"20\"><\/gecko-coin-heatmap-widget>\r\n    <\/div><style type='text\/css'><\/style>\n<p>Oglejte si tudi cene v:<\/p>\n<ul>\n<li> <a href=\"https:\/\/coinkickoff.com\/sl\/prices\/\">Ameri\u0161ki dolarji (USD)<\/a><\/li>\n<li> <a href=\"https:\/\/coinkickoff.com\/sl\/prices\/prices-euros\/\">Euro (EUD)<\/li>\n<li> <a href=\"https:\/\/coinkickoff.com\/sl\/prices\/prices-gbp\/\">Britanski funti \u0161terlingi (GBP)<\/a><\/li>\n<li> <a href=\"https:\/\/coinkickoff.com\/sl\/prices\/prices-cad\/\">Kanadski dolarji (CAD)<\/a><\/li>\n<li> <a href=\"https:\/\/coinkickoff.com\/sl\/prices\/prices-aud\/\" data-internallinksmanager029f6b8e52c=\"116\" title=\"Top 100 Cene kriptovalut v \u017eivo Avstralski dolarji (AUD)\">Avstralski dolarji (AUD)<\/a><\/li>\n<li> <a href=\"https:\/\/coinkickoff.com\/sl\/prices\/prices-jpy\/\" data-internallinksmanager029f6b8e52c=\"118\" title=\"Top 100 Cene kriptovalut v \u017eivo v japonskem jenu (JPY)\">Japonski jen (JPY)<\/a><\/li>\n<li> <a href=\"https:\/\/coinkickoff.com\/sl\/prices\/prices-mxn\/\" data-internallinksmanager029f6b8e52c=\"119\" title=\"Top 100 Cene kriptovalut v \u017eivo v mehi\u0161kem pesu (MXN)\">Mehi\u0161ki peso (MXN)<\/a><\/li>\n<li> <a href=\"https:\/\/coinkickoff.com\/sl\/prices\/prices-brl\/\" data-internallinksmanager029f6b8e52c=\"120\" title=\"Top 100 Cene kriptovalut v \u017eivo v brazilskem realu (BRL)\">Brazilski real (BRL)<\/a><\/li>\n<li> <a href=\"https:\/\/coinkickoff.com\/sl\/prices\/prices-cny\/\" data-internallinksmanager029f6b8e52c=\"121\" title=\"Top 100 Cene kriptovalut v \u017eivo v kitajskem renminbiju (CNY)\">Kitajski renminbi (CNY)<\/a><\/li>\n<li> <a href=\"https:\/\/coinkickoff.com\/sl\/prices\/prices-chf\/\" data-internallinksmanager029f6b8e52c=\"122\" title=\"Top 100 Cene kriptovalut v \u017eivo v \u0161vicarskem franku (CHF)\">\u0160vicarski frank (CHF)<\/a><\/li>\n<li> <a href=\"https:\/\/coinkickoff.com\/sl\/prices\/prices-hkd\/\" data-internallinksmanager029f6b8e52c=\"123\" title=\"Top 100 Cene kriptovalut v \u017eivo v hongkon\u0161kih dolarjih (HKD)\">Hongkon\u0161ki dolarji (HKD)<\/a><\/li>\n<li> <a href=\"https:\/\/coinkickoff.com\/sl\/prices\/prices-sgd\/\" data-internallinksmanager029f6b8e52c=\"124\" title=\"Top 100 Cene kriptovalut v \u017eivo v singapurskem dolarju (SGD)\">Singapurski dolar (SGD)<\/a><\/li>\n<li> <a href=\"https:\/\/coinkickoff.com\/sl\/prices\/prices-sek\/\" data-internallinksmanager029f6b8e52c=\"125\" title=\"Top 100 Cene kriptovalut v \u017eivo v \u0161vedski kroni (SEK)\">\u0160vedska krona (SEK)<\/a><\/li>\n<li> <a href=\"https:\/\/coinkickoff.com\/sl\/prices\/prices-nzd\/\" data-internallinksmanager029f6b8e52c=\"126\" title=\"Top 100 Cene kriptovalut v \u017eivo v novozelandskem dolarju (NZD)\">Novozelandski dolar (NZD)<\/a><\/li>\n<li> <a href=\"https:\/\/coinkickoff.com\/sl\/prices\/prices-inr\/\" data-internallinksmanager029f6b8e52c=\"127\" title=\"Top 100 Cene kriptovalut v \u017eivo v indijski rupiji (INR)\">Indijska rupija (INR)<\/a><\/li>\n<li> <a href=\"https:\/\/coinkickoff.com\/sl\/prices\/prices-twd\/\" data-internallinksmanager029f6b8e52c=\"128\" title=\"Top 100 Cene kriptovalut v \u017eivo v novih tajvanskih dolarjih (TWD)\">Novi tajvanski dolarji (TWD)<\/a><\/li>\n<li> <a href=\"https:\/\/coinkickoff.com\/sl\/prices\/prices-zar\/\" data-internallinksmanager029f6b8e52c=\"129\" title=\"Top 100 Cene kriptovalut v \u017eivo v ju\u017enoafri\u0161kem randu (ZAR)\">Ju\u017enoafri\u0161ki rand (ZAR)<\/a><\/li>\n<li> <a href=\"https:\/\/coinkickoff.com\/sl\/prices\/prices-dkk\/\" data-internallinksmanager029f6b8e52c=\"130\" title=\"Top 100 Cene kriptovalut v \u017eivo v danski kroni (DKK)\">Danska krona (DKK)<\/a><\/li>\n<li> Poljski zlot (PLN)<\/li>\n<li> <a href=\"https:\/\/coinkickoff.com\/sl\/prices\/prices-czk\/\" data-internallinksmanager029f6b8e52c=\"132\" title=\"Top 100 Cene kriptovalut v \u017eivo v \u010de\u0161ki kroni (CZK)\">\u010ce\u0161ka krona (CZK)<\/a><\/li>\n<li> <a href=\"https:\/\/coinkickoff.com\/sl\/prices\/prices-huf\/\" data-internallinksmanager029f6b8e52c=\"133\" title=\"Top 100 Cene kriptovalut v \u017eivo v mad\u017earskem forintu (HUF)\">Mad\u017earski forint (HUF)<\/a><\/li>\n<li> <a href=\"https:\/\/coinkickoff.com\/sl\/prices\/prices-rub\/\" data-internallinksmanager029f6b8e52c=\"134\" title=\"Top 100 Cene kriptovalut v \u017eivo v ruski rubljih (RUB)\">Ruski rubelj (RUB)<\/a><\/li>\n<\/ul>","protected":false},"excerpt":{"rendered":"<p>Oglejte si posodobitve cen bitcoin in drugih 100 najbolj\u0161ih kriptovalut v realnem \u010dasu v poljskih zlotih (PLN) spodaj. Kalkulator cene kriptovalut (PLN) Uporabite spodnji kalkulator za menjalne te\u010daje v realnem \u010dasu med PLN in \u0161tevilnimi priljubljenimi kriptovalutami Zemljevid spremembe cen: Oglejte si tudi cene v: Ameri\u0161ki dolar (USD) Evro (EUD) Britanski funt Sterling (GBP) Kanadski [...]<\/p>","protected":false},"author":1,"featured_media":738,"parent":708,"menu_order":0,"comment_status":"closed","ping_status":"closed","template":"","meta":{"_genesis_hide_title":false,"_genesis_hide_breadcrumbs":false,"_genesis_hide_singular_image":false,"_genesis_hide_footer_widgets":false,"_genesis_custom_body_class":"","_genesis_custom_post_class":"","_genesis_layout":"","_glsr_average":0,"_glsr_ranking":0,"_glsr_reviews":0,"footnotes":""},"class_list":{"0":"post-825","1":"page","2":"type-page","3":"status-publish","4":"has-post-thumbnail","6":"entry"},"featured_image_src":"https:\/\/coinkickoff.com\/wp-content\/uploads\/crypto-prices-600x400.jpg","featured_image_src_square":"https:\/\/coinkickoff.com\/wp-content\/uploads\/crypto-prices-600x586.jpg","_links":{"self":[{"href":"https:\/\/coinkickoff.com\/sl\/wp-json\/wp\/v2\/pages\/825","targetHints":{"allow":["GET"]}}],"collection":[{"href":"https:\/\/coinkickoff.com\/sl\/wp-json\/wp\/v2\/pages"}],"about":[{"href":"https:\/\/coinkickoff.com\/sl\/wp-json\/wp\/v2\/types\/page"}],"author":[{"embeddable":true,"href":"https:\/\/coinkickoff.com\/sl\/wp-json\/wp\/v2\/users\/1"}],"replies":[{"embeddable":true,"href":"https:\/\/coinkickoff.com\/sl\/wp-json\/wp\/v2\/comments?post=825"}],"version-history":[{"count":4,"href":"https:\/\/coinkickoff.com\/sl\/wp-json\/wp\/v2\/pages\/825\/revisions"}],"predecessor-version":[{"id":1360,"href":"https:\/\/coinkickoff.com\/sl\/wp-json\/wp\/v2\/pages\/825\/revisions\/1360"}],"up":[{"embeddable":true,"href":"https:\/\/coinkickoff.com\/sl\/wp-json\/wp\/v2\/pages\/708"}],"wp:featuredmedia":[{"embeddable":true,"href":"https:\/\/coinkickoff.com\/sl\/wp-json\/wp\/v2\/media\/738"}],"wp:attachment":[{"href":"https:\/\/coinkickoff.com\/sl\/wp-json\/wp\/v2\/media?parent=825"}],"curies":[{"name":"wp","href":"https:\/\/api.w.org\/{rel}","templated":true}]}}