{"id":4628,"date":"2026-01-08T14:08:02","date_gmt":"2026-01-08T14:08:02","guid":{"rendered":"https:\/\/coinkickoff.com\/?page_id=4628"},"modified":"2026-01-08T14:08:02","modified_gmt":"2026-01-08T14:08:02","slug":"how-are-bitcoin-slots-different","status":"publish","type":"page","link":"https:\/\/coinkickoff.com\/sl\/bitcoin-casino\/how-are-bitcoin-slots-different\/","title":{"rendered":"Kako se re\u017ee Bitcoin razlikujejo od tradicionalnih igralni\u0161kih re\u017ee?"},"content":{"rendered":"<p><em>Izjava o omejitvi odgovornosti: Igre na sre\u010do vklju\u010dujejo veliko finan\u010dno tveganje. Igrajte le z denarjem, ki si ga lahko privo\u0161\u010dite izgubiti. Spodaj navedene informacije so zgolj informativne. Morda bomo prejeli provizijo, \u010de se prijavite in izgubite denar pri kateri koli od naslednjih iger <a href=\"https:\/\/coinkickoff.com\/sl\/bitcoin-casino\/\" data-internallinksmanager029f6b8e52c=\"200\" title=\"3 najbolj\u0161e kripto igralnice Bitcoin z bonusi\">igralnice<\/a>. Vse igralnice niso na voljo v vseh dr\u017eavah. Vse informacije so bile v \u010dasu objave pravilne, vendar so se morda od takrat spremenile.<\/em><\/p>\n<div id=\"ez-toc-container\" class=\"ez-toc-v2_0_80 counter-hierarchy ez-toc-counter ez-toc-transparent ez-toc-container-direction\">\n<div class=\"ez-toc-title-container\">\n<p class=\"ez-toc-title\" style=\"cursor:inherit\">Oddelki<\/p>\n<span class=\"ez-toc-title-toggle\"><a href=\"#\" class=\"ez-toc-pull-right ez-toc-btn ez-toc-btn-xs ez-toc-btn-default ez-toc-toggle\" aria-label=\"Toggle Tabela vsebine\"><span class=\"ez-toc-js-icon-con\"><span class=\"\"><span class=\"eztoc-hide\" style=\"display:none;\">Toggle<\/span><span class=\"ez-toc-icon-toggle-span\"><svg style=\"fill: #999;color:#999\" xmlns=\"http:\/\/www.w3.org\/2000\/svg\" class=\"list-377408\" width=\"20px\" height=\"20px\" viewbox=\"0 0 24 24\" fill=\"none\"><path d=\"M6 6H4v2h2V6zm14 0H8v2h12V6zM4 11h2v2H4v-2zm16 0H8v2h12v-2zM4 16h2v2H4v-2zm16 0H8v2h12v-2z\" fill=\"currentColor\"><\/path><\/svg><svg style=\"fill: #999;color:#999\" class=\"arrow-unsorted-368013\" xmlns=\"http:\/\/www.w3.org\/2000\/svg\" width=\"10px\" height=\"10px\" viewbox=\"0 0 24 24\" version=\"1.2\" baseprofile=\"tiny\"><path d=\"M18.2 9.3l-6.2-6.3-6.2 6.3c-.2.2-.3.4-.3.7s.1.5.3.7c.2.2.4.3.7.3h11c.3 0 .5-.1.7-.3.2-.2.3-.5.3-.7s-.1-.5-.3-.7zM5.8 14.7l6.2 6.3 6.2-6.3c.2-.2.3-.5.3-.7s-.1-.5-.3-.7c-.2-.2-.4-.3-.7-.3h-11c-.3 0-.5.1-.7.3-.2.2-.3.5-.3.7s.1.5.3.7z\"\/><\/svg><\/span><\/span><\/span><\/a><\/span><\/div>\n<nav><ul class='ez-toc-list ez-toc-list-level-1 eztoc-toggle-hide-by-default' ><li class='ez-toc-page-1 ez-toc-heading-level-2'><a class=\"ez-toc-link ez-toc-heading-1\" href=\"https:\/\/coinkickoff.com\/sl\/bitcoin-casino\/how-are-bitcoin-slots-different\/#Overview_of_Bitcoin_Slots\" >Pregled re\u017e Bitcoin<\/a><ul class='ez-toc-list-level-3' ><li class='ez-toc-heading-level-3'><a class=\"ez-toc-link ez-toc-heading-2\" href=\"https:\/\/coinkickoff.com\/sl\/bitcoin-casino\/how-are-bitcoin-slots-different\/#Definition_of_Bitcoin_Slots\" >Opredelitev re\u017e Bitcoin<\/a><\/li><li class='ez-toc-page-1 ez-toc-heading-level-3'><a class=\"ez-toc-link ez-toc-heading-3\" href=\"https:\/\/coinkickoff.com\/sl\/bitcoin-casino\/how-are-bitcoin-slots-different\/#Primary_Characteristics\" >Osnovne zna\u010dilnosti<\/a><\/li><li class='ez-toc-page-1 ez-toc-heading-level-3'><a class=\"ez-toc-link ez-toc-heading-4\" href=\"https:\/\/coinkickoff.com\/sl\/bitcoin-casino\/how-are-bitcoin-slots-different\/#Comparison_with_Traditional_Slots\" >Primerjava s tradicionalnimi igralnimi avtomati<\/a><\/li><\/ul><\/li><li class='ez-toc-page-1 ez-toc-heading-level-2'><a class=\"ez-toc-link ez-toc-heading-5\" href=\"https:\/\/coinkickoff.com\/sl\/bitcoin-casino\/how-are-bitcoin-slots-different\/#Operational_Mechanisms\" >Operativni mehanizmi<\/a><ul class='ez-toc-list-level-3' ><li class='ez-toc-heading-level-3'><a class=\"ez-toc-link ez-toc-heading-6\" href=\"https:\/\/coinkickoff.com\/sl\/bitcoin-casino\/how-are-bitcoin-slots-different\/#Underlying_Technology\" >Osnovna tehnologija<\/a><\/li><li class='ez-toc-page-1 ez-toc-heading-level-3'><a class=\"ez-toc-link ez-toc-heading-7\" href=\"https:\/\/coinkickoff.com\/sl\/bitcoin-casino\/how-are-bitcoin-slots-different\/#Random_Number_Generation\" >Generiranje naklju\u010dnih \u0161tevilk<\/a><\/li><li class='ez-toc-page-1 ez-toc-heading-level-3'><a class=\"ez-toc-link ez-toc-heading-8\" href=\"https:\/\/coinkickoff.com\/sl\/bitcoin-casino\/how-are-bitcoin-slots-different\/#Transaction_Process\" >Postopek transakcije<\/a><\/li><\/ul><\/li><li class='ez-toc-page-1 ez-toc-heading-level-2'><a class=\"ez-toc-link ez-toc-heading-9\" href=\"https:\/\/coinkickoff.com\/sl\/bitcoin-casino\/how-are-bitcoin-slots-different\/#User_Experience_and_Accessibility\" >Uporabni\u0161ka izku\u0161nja in dostopnost<\/a><ul class='ez-toc-list-level-3' ><li class='ez-toc-heading-level-3'><a class=\"ez-toc-link ez-toc-heading-10\" href=\"https:\/\/coinkickoff.com\/sl\/bitcoin-casino\/how-are-bitcoin-slots-different\/#Interface_and_Design_Differences\" >Razlike v vmesniku in oblikovanju<\/a><\/li><li class='ez-toc-page-1 ez-toc-heading-level-3'><a class=\"ez-toc-link ez-toc-heading-11\" href=\"https:\/\/coinkickoff.com\/sl\/bitcoin-casino\/how-are-bitcoin-slots-different\/#Payment_and_Withdrawal_Methods\" >Na\u010dini pla\u010dila in izpla\u010dila<\/a><\/li><li class='ez-toc-page-1 ez-toc-heading-level-3'><a class=\"ez-toc-link ez-toc-heading-12\" href=\"https:\/\/coinkickoff.com\/sl\/bitcoin-casino\/how-are-bitcoin-slots-different\/#Anonymity_and_Security\" >Anonimnost in varnost<\/a><\/li><\/ul><\/li><li class='ez-toc-page-1 ez-toc-heading-level-2'><a class=\"ez-toc-link ez-toc-heading-13\" href=\"https:\/\/coinkickoff.com\/sl\/bitcoin-casino\/how-are-bitcoin-slots-different\/#Frequently_Asked_Questions\" >Pogosto zastavljena vpra\u0161anja<\/a><ul class='ez-toc-list-level-3' ><li class='ez-toc-heading-level-3'><a class=\"ez-toc-link ez-toc-heading-14\" href=\"https:\/\/coinkickoff.com\/sl\/bitcoin-casino\/how-are-bitcoin-slots-different\/#What_advantages_do_Bitcoin_slots_offer_over_traditional_slot_machines\" >Katere prednosti imajo igralni avtomati Bitcoin v primerjavi s klasi\u010dnimi igralnimi avtomati?<\/a><\/li><li class='ez-toc-page-1 ez-toc-heading-level-3'><a class=\"ez-toc-link ez-toc-heading-15\" href=\"https:\/\/coinkickoff.com\/sl\/bitcoin-casino\/how-are-bitcoin-slots-different\/#How_do_crypto-based_slot_games_ensure_fairness\" >Kako se pri igrah na sre\u010do s kriptovalutami zagotavlja po\u0161tenost?<\/a><\/li><li class='ez-toc-page-1 ez-toc-heading-level-3'><a class=\"ez-toc-link ez-toc-heading-16\" href=\"https:\/\/coinkickoff.com\/sl\/bitcoin-casino\/how-are-bitcoin-slots-different\/#Can_players_use_Bitcoin_on_all_online_slot_platforms\" >Ali lahko igralci uporabljajo Bitcoin na vseh spletnih platformah za igralne avtomate?<\/a><\/li><li class='ez-toc-page-1 ez-toc-heading-level-3'><a class=\"ez-toc-link ez-toc-heading-17\" href=\"https:\/\/coinkickoff.com\/sl\/bitcoin-casino\/how-are-bitcoin-slots-different\/#What_are_the_legal_implications_of_using_Bitcoin_for_gambling\" >Kak\u0161ne so pravne posledice uporabe storitve Bitcoin za igre na sre\u010do?<\/a><\/li><li class='ez-toc-page-1 ez-toc-heading-level-3'><a class=\"ez-toc-link ez-toc-heading-18\" href=\"https:\/\/coinkickoff.com\/sl\/bitcoin-casino\/how-are-bitcoin-slots-different\/#Why_might_Bitcoin_slots_offer_more_privacy_than_regular_slots\" >Zakaj so re\u017ee Bitcoin morda bolj zasebne kot obi\u010dajne re\u017ee?<\/a><\/li><li class='ez-toc-page-1 ez-toc-heading-level-3'><a class=\"ez-toc-link ez-toc-heading-19\" href=\"https:\/\/coinkickoff.com\/sl\/bitcoin-casino\/how-are-bitcoin-slots-different\/#In_what_ways_can_the_payouts_differ_between_Bitcoin_slots_and_conventional_slots\" >V \u010dem se izpla\u010dila razlikujejo med igralnimi avtomati Bitcoin in obi\u010dajnimi igralnimi avtomati?<\/a><\/li><\/ul><\/li><\/ul><\/nav><\/div>\n<h2><span class=\"ez-toc-section\" id=\"Overview_of_Bitcoin_Slots\"><\/span>Pregled re\u017e Bitcoin<span class=\"ez-toc-section-end\"><\/span><\/h2>\n<p><img decoding=\"async\" src=\"https:\/\/coinkickoff.com\/wp-content\/uploads\/v2-3dh2w-v0uhq.jpg\" alt=\"\"><\/p>\n<p><a href=\"https:\/\/coinkickoff.com\/sl\/bitcoin-casino\/how-to-play-crypto-slots\/\" data-internallinksmanager029f6b8e52c=\"205\" title=\"Kako igrati kriptografske re\u017ee: Vodnik korak za korakom\">Re\u017ee Bitcoin<\/a> vklju\u010dujejo uporabo kriptovalute za stave in transakcije ter tako zagotavljajo sodoben preobrat pri igrah na igralnih avtomatih.<\/p>\n<h3><span class=\"ez-toc-section\" id=\"Definition_of_Bitcoin_Slots\"><\/span>Opredelitev re\u017e Bitcoin<span class=\"ez-toc-section-end\"><\/span><\/h3>\n<p>Bitcoin igralni avtomati so igralni avtomati, pri katerih se kot valuta uporablja Bitcoin. Ti igralni avtomati se nahajajo na spletnih platformah, ki podpirajo tehnologijo veri\u017eenja blokov in so namenjene predvsem uporabnikom kriptovalut.<\/p>\n<h3><span class=\"ez-toc-section\" id=\"Primary_Characteristics\"><\/span>Osnovne zna\u010dilnosti<span class=\"ez-toc-section-end\"><\/span><\/h3>\n<p><strong>Decentralizacija<\/strong>: Bitcoin re\u017ee delujejo v decentraliziranem omre\u017eju brez tradicionalnih ban\u010dnih sistemov.<br \/>\n<strong>Zasebnost<\/strong>: Uporabniki u\u017eivajo ve\u010djo zasebnost, saj osebni podatki niso povezani s transakcijami.<br \/>\n<strong>Dokazano po\u0161teno<\/strong>: Vklju\u010dujejo dokazano po\u0161tene algoritme, ki igralcem omogo\u010dajo, da neodvisno preverijo po\u0161tenost vsakega vrtenja.<br \/>\n<strong>Hitre transakcije<\/strong>: Vpla\u010dila in izpla\u010dila so zaradi narave veri\u017eenja blokov praviloma hitrej\u0161a od tradicionalnih valut.<br \/>\n<strong>Ekskluzivni bonusi<\/strong>: Nekateri igralni avtomati Bitcoin ponujajo posebne bonuse za uporabnike, ki igrajo s kriptovaluto.<\/p>\n<h3><span class=\"ez-toc-section\" id=\"Comparison_with_Traditional_Slots\"><\/span>Primerjava s tradicionalnimi igralnimi avtomati<span class=\"ez-toc-section-end\"><\/span><\/h3>\n<ul>\n<li><strong>Valuta<\/strong>: Tradicionalni igralni avtomati uporabljajo fiat valuto, avtomati Bitcoin pa kriptovaluto.<\/li>\n<li><strong>Obdelava pla\u010dil<\/strong>: Tradicionalni igralni avtomati se zana\u0161ajo na standardne ban\u010dne metode, avtomati Bitcoin pa uporabljajo veri\u017eenje blokov, kar lahko privede do hitrej\u0161e obdelave.<\/li>\n<li><strong>Uredba<\/strong>: Bitcoin re\u017ee se lahko zaradi decentralizirane narave kriptovalute soo\u010dijo z razli\u010dnimi predpisi.<\/li>\n<\/ul>\n<h2><span class=\"ez-toc-section\" id=\"Operational_Mechanisms\"><\/span>Operativni mehanizmi<span class=\"ez-toc-section-end\"><\/span><\/h2>\n<p><img decoding=\"async\" src=\"https:\/\/coinkickoff.com\/wp-content\/uploads\/v2-3dh39-38urg.jpg\" alt=\"\"><\/p>\n<p>Igralni avtomati Bitcoin izrazito izkori\u0161\u010dajo tehnolo\u0161ke prednosti kriptovalut, medtem ko so obi\u010dajni igralni avtomati tradicionalno vezani na fiat valute. Te operativne razlike poudarjajo edinstvenost igralnih avtomatov Bitcoin v igralni\u0161ki industriji.<\/p>\n<h3><span class=\"ez-toc-section\" id=\"Underlying_Technology\"><\/span>Osnovna tehnologija<span class=\"ez-toc-section-end\"><\/span><\/h3>\n<p>re\u017ee Bitcoin delujejo na <strong>tehnologija veri\u017eenja blokov<\/strong>, kar zagotavlja preglednost in nespremenljivost. Transakcije znotraj teh \u010dasovnih intervalov se zabele\u017eijo v porazdeljenem <a href=\"https:\/\/coinkickoff.com\/sl\/what-is-ledger-wallet\/\" data-internallinksmanager029f6b8e52c=\"167\" title=\"Mnenja o denarnici Ledger 2023: Pristojbine, funkcije, varnost, prednosti in slabosti\">glavna knjiga<\/a>, ki je viden vsem, vendar ga nih\u010de ne more spremeniti, kar spodbuja visoko stopnjo zaupanja. Obi\u010dajni igralni avtomati pa se zana\u0161ajo na igralno programsko opremo, ki gostuje na zasebnih stre\u017enikih, kjer se morajo igralci zana\u0161ati na ugled igralnice glede po\u0161tenosti in varnosti.<\/p>\n<h3><span class=\"ez-toc-section\" id=\"Random_Number_Generation\"><\/span>Generiranje naklju\u010dnih \u0161tevilk<span class=\"ez-toc-section-end\"><\/span><\/h3>\n<p>Tako re\u017ee Bitcoin kot obi\u010dajne re\u017ee uporabljajo <strong>Generatorji naklju\u010dnih \u0161tevil (RNG)<\/strong> da bi zagotovili povsem naklju\u010den izid vsakega vrtenja. Vendar pa re\u017ee Bitcoin pogosto uporabljajo <strong>dokazljivo po\u0161teni algoritmi<\/strong>ki igralcem omogo\u010dajo, da neodvisno preverijo naklju\u010dnost vsakega rezultata. To je v nasprotju z obi\u010dajnimi igralnimi avtomati, ki uporabljajo lastni\u0161ke RNG, katerih po\u0161tenost preverjajo neodvisna podjetja.<\/p>\n<ul>\n<li><strong>Dokazljivo po\u0161ten algoritem<\/strong>: Kriptografska metoda, ki zagotavlja po\u0161tenost igre.<\/li>\n<li><strong>Lastni\u0161ki RNG<\/strong>: Zaprti sistemi, ki se uporabljajo v rednih re\u017eah in so predmet revizij.<\/li>\n<\/ul>\n<h3><span class=\"ez-toc-section\" id=\"Transaction_Process\"><\/span>Postopek transakcije<span class=\"ez-toc-section-end\"><\/span><\/h3>\n<p>Postopek transakcije v re\u017eeh Bitcoin je bistveno druga\u010den, saj ponuja <strong>takoj\u0161nje transakcije peer-to-peer.<\/strong> ki igralcem omogo\u010dajo skoraj takoj\u0161nje vpla\u010dilo in izpla\u010dilo.<\/p>\n<ul>\n<li><strong>Depoziti<\/strong>: Iz igral\u010deve denarnice Bitcoin se po\u0161lje neposredno v denarnico igralnice.<\/li>\n<li><strong>Izpla\u010dila<\/strong>: Prenos nazaj v denarnico igralca, pogosto brez odobritve ban\u010dne ustanove.<\/li>\n<\/ul>\n<p>Pri obi\u010dajnih re\u017eeh pa so udele\u017eene banke ali drugi finan\u010dni posredniki, ki lahko zavle\u010dejo transakcije zaradi \u010dasa obdelave in dodatnih pristojbin.<\/p>\n<h2><span class=\"ez-toc-section\" id=\"User_Experience_and_Accessibility\"><\/span>Uporabni\u0161ka izku\u0161nja in dostopnost<span class=\"ez-toc-section-end\"><\/span><\/h2>\n<p><img decoding=\"async\" src=\"https:\/\/coinkickoff.com\/wp-content\/uploads\/v2-3dh3q-bmbhr.jpg\" alt=\"\"><\/p>\n<p>Bitcoin igralni avtomati so z razli\u010dnimi vmesniki, na\u010dini pla\u010devanja in ve\u010djo zasebnostjo spremenili interakcije z uporabniki in dostopnost spletnih iger na sre\u010do.<\/p>\n<h3><span class=\"ez-toc-section\" id=\"Interface_and_Design_Differences\"><\/span>Razlike v vmesniku in oblikovanju<span class=\"ez-toc-section-end\"><\/span><\/h3>\n<p>re\u017ee Bitcoin so pogosto opremljene z <strong>sodoben in intuitiven vmesnik<\/strong>, ki se spogleduje s trendi spletnega oblikovanja. Igralci lahko naletijo na interaktivne elemente, kot so:<\/p>\n<ul>\n<li>Sledilniki napredka za bonuse.<\/li>\n<li>V realnem \u010dasu <a href=\"https:\/\/coinkickoff.com\/sl\/crypto-exchanges\/\" data-internallinksmanager029f6b8e52c=\"141\" title=\"21 Najbolj\u0161e menjalnice kriptovalut in aplikacije v letu 2024\">izmenjava kriptovalut<\/a> cene.<\/li>\n<\/ul>\n<p>Obi\u010dajne re\u017ee so ponavadi <a href=\"https:\/\/coinkickoff.com\/sl\/uphold-review\/\" data-internallinksmanager029f6b8e52c=\"156\" title=\"Uphold Reviews 2023: Pristojbine, funkcije, varnost, prednosti in slabosti\">podpiranje<\/a> a <strong>klasi\u010dna oblikovalska etika<\/strong>z vmesniki, ki dajejo prednost poznavanju in preprostosti, kot so stati\u010dni prikazi glavnega dobitka.<\/p>\n<h3><span class=\"ez-toc-section\" id=\"Payment_and_Withdrawal_Methods\"><\/span>Na\u010dini pla\u010dila in izpla\u010dila<span class=\"ez-toc-section-end\"><\/span><\/h3>\n<table>\n<thead>\n<tr>\n<th>Metoda<\/th>\n<th>Bitcoin re\u017ee<\/th>\n<th>Obi\u010dajne re\u017ee<\/th>\n<\/tr>\n<\/thead>\n<tbody>\n<tr>\n<td>Depoziti<\/td>\n<td>Neposredno iz kripto denarnic, skoraj takoj.<\/td>\n<td>Z ban\u010dnimi karticami, e-denarnicami ali ban\u010dnimi nakazili, pri \u010demer je \u010das obdelave razli\u010den.<\/td>\n<\/tr>\n<tr>\n<td>Izpla\u010dila<\/td>\n<td>Obi\u010dajno je obdelano v nekaj minutah do nekaj urah.<\/td>\n<td>To lahko traja ve\u010d dni, pogosto pa so dolo\u010dene tudi minimalne omejitve izpla\u010dil.<\/td>\n<\/tr>\n<\/tbody>\n<\/table>\n<p>Platforme z re\u017eami Bitcoin obi\u010dajno ponujajo <strong>transakcije brez trenja<\/strong> zaradi narave tehnologije veri\u017eenja blokov.<\/p>\n<h3><span class=\"ez-toc-section\" id=\"Anonymity_and_Security\"><\/span>Anonimnost in varnost<span class=\"ez-toc-section-end\"><\/span><\/h3>\n<p>V igralnih avtomatih Bitcoin imajo igralci ve\u010djo stopnjo <strong>anonimnost<\/strong>. V njih so:<\/p>\n<ul>\n<li>jim ni treba posredovati toliko osebnih podatkov.<\/li>\n<li>Izkoristite varnostne funkcije, ki so nelo\u010dljivo povezane s tehnologijo veri\u017eenja blokov.<\/li>\n<\/ul>\n<p>Obi\u010dajne re\u017ee pa morajo upo\u0161tevati stroge <strong>postopki urejanja in preverjanja<\/strong>ki pogosto zahteva podrobne osebne podatke uporabnikov.<\/p>\n<h2><span class=\"ez-toc-section\" id=\"Frequently_Asked_Questions\"><\/span>Pogosto zastavljena vpra\u0161anja<span class=\"ez-toc-section-end\"><\/span><\/h2>\n<p><img decoding=\"async\" src=\"https:\/\/coinkickoff.com\/wp-content\/uploads\/v2-3dh42-3zxyj.jpg\" alt=\"\"><\/p>\n<p>V tem poglavju so obravnavana pogosta vpra\u0161anja o razlikah med igralnimi avtomati Bitcoin in tradicionalnimi igralnimi avtomati, pri \u010demer se osredoto\u010damo na vidike, kot so prednosti, po\u0161tenost, dostopnost, pravni vidiki, zasebnost in razlike v izpla\u010dilih.<\/p>\n<h3><span class=\"ez-toc-section\" id=\"What_advantages_do_Bitcoin_slots_offer_over_traditional_slot_machines\"><\/span>Katere prednosti imajo igralni avtomati Bitcoin v primerjavi s klasi\u010dnimi igralnimi avtomati?<span class=\"ez-toc-section-end\"><\/span><\/h3>\n<p>Re\u017ee Bitcoin uporabnikom obi\u010dajno zagotavljajo ve\u010djo zasebnost, saj za transakcije ne zahtevajo vedno osebnih podatkov. V primerjavi s tradicionalnimi ban\u010dnimi metodami ponujajo tudi hitrej\u0161e transakcije, saj se lahko transakcije Bitcoin hitro obdelajo brez potrebe po osrednjem organu.<\/p>\n<h3><span class=\"ez-toc-section\" id=\"How_do_crypto-based_slot_games_ensure_fairness\"><\/span>Kako se pri igrah na sre\u010do s kriptovalutami zagotavlja po\u0161tenost?<span class=\"ez-toc-section-end\"><\/span><\/h3>\n<p>Igre na sre\u010do s kriptovalutami pogosto uporabljajo dokazano po\u0161tene algoritme, ki igralcem omogo\u010dajo, da neodvisno preverijo po\u0161tenost vsakega vrtenja. Ta sistem zagotavlja preglednost, saj z uporabo kriptografskih tehnik poka\u017ee, da izid igre ni bil prirejen.<\/p>\n<h3><span class=\"ez-toc-section\" id=\"Can_players_use_Bitcoin_on_all_online_slot_platforms\"><\/span>Ali lahko igralci uporabljajo Bitcoin na vseh spletnih platformah za igralne avtomate?<span class=\"ez-toc-section-end\"><\/span><\/h3>\n<p>Vse spletne platforme za igralne avtomate ne sprejemajo Bitcoin. \u0160tevilo platform, ki podpirajo kriptovalute, nara\u0161\u010da, zato morajo igralci preveriti mo\u017enosti pla\u010dila na posameznem spletnem mestu, da ugotovijo, ali je Bitcoin sprejet.<\/p>\n<h3><span class=\"ez-toc-section\" id=\"What_are_the_legal_implications_of_using_Bitcoin_for_gambling\"><\/span>Kak\u0161ne so pravne posledice uporabe storitve Bitcoin za igre na sre\u010do?<span class=\"ez-toc-section-end\"><\/span><\/h3>\n<p>Pravne posledice uporabe Bitcoin za igre na sre\u010do se razlikujejo glede na jurisdikcijo. Igralci so odgovorni za razumevanje in upo\u0161tevanje lokalne zakonodaje glede spletnih iger na sre\u010do in uporabe kriptovalut.<\/p>\n<h3><span class=\"ez-toc-section\" id=\"Why_might_Bitcoin_slots_offer_more_privacy_than_regular_slots\"><\/span>Zakaj so re\u017ee Bitcoin morda bolj zasebne kot obi\u010dajne re\u017ee?<span class=\"ez-toc-section-end\"><\/span><\/h3>\n<p>Re\u017ee Bitcoin lahko nudijo ve\u010d zasebnosti, saj transakcije z njimi ne vklju\u010dujejo nujno deljenja osebnih ban\u010dnih podatkov. Tako lahko igralci igrajo na sre\u010do, ne da bi finan\u010dne institucije zlahka izsledile njihove dejavnosti.<\/p>\n<h3><span class=\"ez-toc-section\" id=\"In_what_ways_can_the_payouts_differ_between_Bitcoin_slots_and_conventional_slots\"><\/span>V \u010dem se izpla\u010dila razlikujejo med igralnimi avtomati Bitcoin in obi\u010dajnimi igralnimi avtomati?<span class=\"ez-toc-section-end\"><\/span><\/h3>\n<p>Izpla\u010dila v igralnih avtomatih Bitcoin so lahko ve\u010dja zaradi potencialno ni\u017ejih stro\u0161kov poslovanja pri transakcijah s kriptovalutami. Poleg tega nekateri igralni avtomati Bitcoin ponujajo edinstvene glavne dobitke, izpla\u010dane v kriptovaluti, katere vrednost lahko niha, kar v\u010dasih pove\u010da vrednost izpla\u010dila v fiat valuti.<\/p>","protected":false},"excerpt":{"rendered":"<p>Izjava o omejitvi odgovornosti: Igre na sre\u010do vklju\u010dujejo veliko finan\u010dno tveganje. Igrajte le z denarjem, ki si ga lahko privo\u0161\u010dite izgubiti. Spodaj navedene informacije so zgolj informativne. \u010ce se prijavite in izgubite denar v kateri od naslednjih igralnic, bomo morda prejeli provizijo. Vse igralnice niso na voljo v vseh dr\u017eavah. Vse informacije, ki smo jih [...]<\/p>","protected":false},"author":1,"featured_media":4631,"parent":4440,"menu_order":0,"comment_status":"closed","ping_status":"closed","template":"","meta":{"_genesis_hide_title":false,"_genesis_hide_breadcrumbs":false,"_genesis_hide_singular_image":false,"_genesis_hide_footer_widgets":false,"_genesis_custom_body_class":"","_genesis_custom_post_class":"","_genesis_layout":"","_glsr_average":0,"_glsr_ranking":0,"_glsr_reviews":0,"footnotes":""},"class_list":{"0":"post-4628","1":"page","2":"type-page","3":"status-publish","4":"has-post-thumbnail","6":"entry"},"featured_image_src":"https:\/\/coinkickoff.com\/wp-content\/uploads\/v2-3dh3q-bmbhr-600x400.jpg","featured_image_src_square":"https:\/\/coinkickoff.com\/wp-content\/uploads\/v2-3dh3q-bmbhr-600x600.jpg","_links":{"self":[{"href":"https:\/\/coinkickoff.com\/sl\/wp-json\/wp\/v2\/pages\/4628","targetHints":{"allow":["GET"]}}],"collection":[{"href":"https:\/\/coinkickoff.com\/sl\/wp-json\/wp\/v2\/pages"}],"about":[{"href":"https:\/\/coinkickoff.com\/sl\/wp-json\/wp\/v2\/types\/page"}],"author":[{"embeddable":true,"href":"https:\/\/coinkickoff.com\/sl\/wp-json\/wp\/v2\/users\/1"}],"replies":[{"embeddable":true,"href":"https:\/\/coinkickoff.com\/sl\/wp-json\/wp\/v2\/comments?post=4628"}],"version-history":[{"count":3,"href":"https:\/\/coinkickoff.com\/sl\/wp-json\/wp\/v2\/pages\/4628\/revisions"}],"predecessor-version":[{"id":4635,"href":"https:\/\/coinkickoff.com\/sl\/wp-json\/wp\/v2\/pages\/4628\/revisions\/4635"}],"up":[{"embeddable":true,"href":"https:\/\/coinkickoff.com\/sl\/wp-json\/wp\/v2\/pages\/4440"}],"wp:featuredmedia":[{"embeddable":true,"href":"https:\/\/coinkickoff.com\/sl\/wp-json\/wp\/v2\/media\/4631"}],"wp:attachment":[{"href":"https:\/\/coinkickoff.com\/sl\/wp-json\/wp\/v2\/media?parent=4628"}],"curies":[{"name":"wp","href":"https:\/\/api.w.org\/{rel}","templated":true}]}}