{"id":4605,"date":"2026-01-08T14:07:58","date_gmt":"2026-01-08T14:07:58","guid":{"rendered":"https:\/\/coinkickoff.com\/?page_id=4605"},"modified":"2026-01-08T14:07:58","modified_gmt":"2026-01-08T14:07:58","slug":"how-is-bitcoin-poker-different","status":"publish","type":"page","link":"https:\/\/coinkickoff.com\/sl\/bitcoin-casino\/how-is-bitcoin-poker-different\/","title":{"rendered":"V \u010dem se Bitcoin poker razlikuje od spletnega pokra?"},"content":{"rendered":"<p><em>Izjava o omejitvi odgovornosti: Igre na sre\u010do vklju\u010dujejo veliko finan\u010dno tveganje. Igrajte le z denarjem, ki si ga lahko privo\u0161\u010dite izgubiti. Spodaj navedene informacije so zgolj informativne. Morda bomo prejeli provizijo, \u010de se prijavite in izgubite denar pri kateri koli od naslednjih iger <a href=\"https:\/\/coinkickoff.com\/sl\/bitcoin-casino\/\" data-internallinksmanager029f6b8e52c=\"200\" title=\"3 najbolj\u0161e kripto igralnice Bitcoin z bonusi\">igralnice<\/a>. Vse igralnice niso na voljo v vseh dr\u017eavah. Vse informacije so bile v \u010dasu objave pravilne, vendar so se morda od takrat spremenile.<\/em><\/p>\n<div id=\"ez-toc-container\" class=\"ez-toc-v2_0_80 counter-hierarchy ez-toc-counter ez-toc-transparent ez-toc-container-direction\">\n<div class=\"ez-toc-title-container\">\n<p class=\"ez-toc-title\" style=\"cursor:inherit\">Oddelki<\/p>\n<span class=\"ez-toc-title-toggle\"><a href=\"#\" class=\"ez-toc-pull-right ez-toc-btn ez-toc-btn-xs ez-toc-btn-default ez-toc-toggle\" aria-label=\"Toggle Tabela vsebine\"><span class=\"ez-toc-js-icon-con\"><span class=\"\"><span class=\"eztoc-hide\" style=\"display:none;\">Toggle<\/span><span class=\"ez-toc-icon-toggle-span\"><svg style=\"fill: #999;color:#999\" xmlns=\"http:\/\/www.w3.org\/2000\/svg\" class=\"list-377408\" width=\"20px\" height=\"20px\" viewbox=\"0 0 24 24\" fill=\"none\"><path d=\"M6 6H4v2h2V6zm14 0H8v2h12V6zM4 11h2v2H4v-2zm16 0H8v2h12v-2zM4 16h2v2H4v-2zm16 0H8v2h12v-2z\" fill=\"currentColor\"><\/path><\/svg><svg style=\"fill: #999;color:#999\" class=\"arrow-unsorted-368013\" xmlns=\"http:\/\/www.w3.org\/2000\/svg\" width=\"10px\" height=\"10px\" viewbox=\"0 0 24 24\" version=\"1.2\" baseprofile=\"tiny\"><path d=\"M18.2 9.3l-6.2-6.3-6.2 6.3c-.2.2-.3.4-.3.7s.1.5.3.7c.2.2.4.3.7.3h11c.3 0 .5-.1.7-.3.2-.2.3-.5.3-.7s-.1-.5-.3-.7zM5.8 14.7l6.2 6.3 6.2-6.3c.2-.2.3-.5.3-.7s-.1-.5-.3-.7c-.2-.2-.4-.3-.7-.3h-11c-.3 0-.5.1-.7.3-.2.2-.3.5-.3.7s.1.5.3.7z\"\/><\/svg><\/span><\/span><\/span><\/a><\/span><\/div>\n<nav><ul class='ez-toc-list ez-toc-list-level-1 eztoc-toggle-hide-by-default' ><li class='ez-toc-page-1 ez-toc-heading-level-2'><a class=\"ez-toc-link ez-toc-heading-1\" href=\"https:\/\/coinkickoff.com\/sl\/bitcoin-casino\/how-is-bitcoin-poker-different\/#Understanding_Bitcoin_Poker\" >Razumevanje pokra Bitcoin<\/a><ul class='ez-toc-list-level-3' ><li class='ez-toc-heading-level-3'><a class=\"ez-toc-link ez-toc-heading-2\" href=\"https:\/\/coinkickoff.com\/sl\/bitcoin-casino\/how-is-bitcoin-poker-different\/#Definition_and_Concept_of_Bitcoin_Poker\" >Opredelitev in koncept pokra Bitcoin<\/a><\/li><li class='ez-toc-page-1 ez-toc-heading-level-3'><a class=\"ez-toc-link ez-toc-heading-3\" href=\"https:\/\/coinkickoff.com\/sl\/bitcoin-casino\/how-is-bitcoin-poker-different\/#Key_Differences_Between_Bitcoin_Poker_and_Online_Poker\" >Glavne razlike med pokrom Bitcoin in spletnim pokrom<\/a><\/li><li class='ez-toc-page-1 ez-toc-heading-level-3'><a class=\"ez-toc-link ez-toc-heading-4\" href=\"https:\/\/coinkickoff.com\/sl\/bitcoin-casino\/how-is-bitcoin-poker-different\/#The_Role_of_Cryptocurrency_in_Poker\" >Vloga kriptovalut v pokru<\/a><\/li><\/ul><\/li><li class='ez-toc-page-1 ez-toc-heading-level-2'><a class=\"ez-toc-link ez-toc-heading-5\" href=\"https:\/\/coinkickoff.com\/sl\/bitcoin-casino\/how-is-bitcoin-poker-different\/#The_Gameplay_Experience\" >Izku\u0161nja igranja<\/a><ul class='ez-toc-list-level-3' ><li class='ez-toc-heading-level-3'><a class=\"ez-toc-link ez-toc-heading-6\" href=\"https:\/\/coinkickoff.com\/sl\/bitcoin-casino\/how-is-bitcoin-poker-different\/#Account_Funding_and_Withdrawals\" >Financiranje ra\u010duna in izpla\u010dila<\/a><\/li><li class='ez-toc-page-1 ez-toc-heading-level-3'><a class=\"ez-toc-link ez-toc-heading-7\" href=\"https:\/\/coinkickoff.com\/sl\/bitcoin-casino\/how-is-bitcoin-poker-different\/#Anonymity_and_Security_Features\" >Anonimnost in varnostne funkcije<\/a><\/li><li class='ez-toc-page-1 ez-toc-heading-level-3'><a class=\"ez-toc-link ez-toc-heading-8\" href=\"https:\/\/coinkickoff.com\/sl\/bitcoin-casino\/how-is-bitcoin-poker-different\/#Poker_Variants_and_Software_Differences\" >Variante pokra in razlike v programski opremi<\/a><\/li><\/ul><\/li><li class='ez-toc-page-1 ez-toc-heading-level-2'><a class=\"ez-toc-link ez-toc-heading-9\" href=\"https:\/\/coinkickoff.com\/sl\/bitcoin-casino\/how-is-bitcoin-poker-different\/#Regulatory_and_Legal_Landscape\" >Regulativno in pravno okolje<\/a><ul class='ez-toc-list-level-3' ><li class='ez-toc-heading-level-3'><a class=\"ez-toc-link ez-toc-heading-10\" href=\"https:\/\/coinkickoff.com\/sl\/bitcoin-casino\/how-is-bitcoin-poker-different\/#Jurisdictional_Variations_in_Bitcoin_Poker\" >Jurisdikcijske razli\u010dice pokra Bitcoin<\/a><\/li><li class='ez-toc-page-1 ez-toc-heading-level-3'><a class=\"ez-toc-link ez-toc-heading-11\" href=\"https:\/\/coinkickoff.com\/sl\/bitcoin-casino\/how-is-bitcoin-poker-different\/#Legal_Implications_for_Players_and_Operators\" >Pravne posledice za igralce in operaterje<\/a><\/li><li class='ez-toc-page-1 ez-toc-heading-level-3'><a class=\"ez-toc-link ez-toc-heading-12\" href=\"https:\/\/coinkickoff.com\/sl\/bitcoin-casino\/how-is-bitcoin-poker-different\/#Compliance_and_Fair_Play_Standards\" >Skladnost in standardi po\u0161tene igre<\/a><\/li><\/ul><\/li><li class='ez-toc-page-1 ez-toc-heading-level-2'><a class=\"ez-toc-link ez-toc-heading-13\" href=\"https:\/\/coinkickoff.com\/sl\/bitcoin-casino\/how-is-bitcoin-poker-different\/#Frequently_Asked_Questions\" >Pogosto zastavljena vpra\u0161anja<\/a><ul class='ez-toc-list-level-3' ><li class='ez-toc-heading-level-3'><a class=\"ez-toc-link ez-toc-heading-14\" href=\"https:\/\/coinkickoff.com\/sl\/bitcoin-casino\/how-is-bitcoin-poker-different\/#What_are_the_advantages_of_playing_poker_using_Bitcoin\" >Kak\u0161ne so prednosti igranja pokra s storitvijo Bitcoin?<\/a><\/li><li class='ez-toc-page-1 ez-toc-heading-level-3'><a class=\"ez-toc-link ez-toc-heading-15\" href=\"https:\/\/coinkickoff.com\/sl\/bitcoin-casino\/how-is-bitcoin-poker-different\/#Can_Bitcoin_transactions_affect_the_speed_of_online_poker_play\" >Ali lahko transakcije Bitcoin vplivajo na hitrost igranja spletnega pokra?<\/a><\/li><li class='ez-toc-page-1 ez-toc-heading-level-3'><a class=\"ez-toc-link ez-toc-heading-16\" href=\"https:\/\/coinkickoff.com\/sl\/bitcoin-casino\/how-is-bitcoin-poker-different\/#Are_there_any_legal_differences_in_playing_poker_with_Bitcoin_versus_traditional_currencies\" >Ali obstajajo kak\u0161ne pravne razlike pri igranju pokra s Bitcoin v primerjavi s tradicionalnimi valutami?<\/a><\/li><li class='ez-toc-page-1 ez-toc-heading-level-3'><a class=\"ez-toc-link ez-toc-heading-17\" href=\"https:\/\/coinkickoff.com\/sl\/bitcoin-casino\/how-is-bitcoin-poker-different\/#How_does_provable_fairness_in_Bitcoin_poker_compare_to_regular_online_poker_games\" >Kako je dokazljiva po\u0161tenost v pokru Bitcoin v primerjavi z obi\u010dajnimi spletnimi igrami pokra?<\/a><\/li><li class='ez-toc-page-1 ez-toc-heading-level-3'><a class=\"ez-toc-link ez-toc-heading-18\" href=\"https:\/\/coinkickoff.com\/sl\/bitcoin-casino\/how-is-bitcoin-poker-different\/#Does_the_use_of_Bitcoin_offer_more_anonymity_in_online_poker\" >Ali uporaba protokola Bitcoin zagotavlja ve\u010djo anonimnost v spletnem pokru?<\/a><\/li><li class='ez-toc-page-1 ez-toc-heading-level-3'><a class=\"ez-toc-link ez-toc-heading-19\" href=\"https:\/\/coinkickoff.com\/sl\/bitcoin-casino\/how-is-bitcoin-poker-different\/#What_impact_does_cryptocurrency_volatility_have_on_Bitcoin_poker_stakes\" >Kak\u0161en vpliv ima nestanovitnost kriptovalut na poker vlo\u017eke Bitcoin?<\/a><\/li><\/ul><\/li><\/ul><\/nav><\/div>\n<h2><span class=\"ez-toc-section\" id=\"Understanding_Bitcoin_Poker\"><\/span>Razumevanje pokra Bitcoin<span class=\"ez-toc-section-end\"><\/span><\/h2>\n<p><img decoding=\"async\" src=\"https:\/\/coinkickoff.com\/wp-content\/uploads\/v2-3dh0j-a3sgg.jpg\" alt=\"\"><\/p>\n<p><a href=\"https:\/\/coinkickoff.com\/sl\/bitcoin-casino\/how-to-play-crypto-poker\/\" data-internallinksmanager029f6b8e52c=\"203\" title=\"Kako igrati kripto poker: Kako obvladati stavo Bitcoin?\">Bitcoin Poker<\/a> zdru\u017euje klasi\u010dno igro pokra s sodobno tehnologijo veri\u017eenja blokov in ponuja edinstvene prednosti, kot sta ve\u010dja zasebnost in hitrej\u0161e transakcije.<\/p>\n<h3><span class=\"ez-toc-section\" id=\"Definition_and_Concept_of_Bitcoin_Poker\"><\/span>Opredelitev in koncept pokra Bitcoin<span class=\"ez-toc-section-end\"><\/span><\/h3>\n<p>Bitcoin Poker se nana\u0161a na razli\u010dico spletnega pokra, ki kot valuto za vpla\u010dila, stave in izpla\u010dila uporablja Bitcoin. V nasprotju s tradicionalnimi spletnimi igrami pokra, kjer se uporablja fiat valuta, Bitcoin Poker deluje z digitalno valuto, pri \u010demer izkori\u0161\u010da decentraliziranost in enakopravnost tehnologije veri\u017eenja blokov.<\/p>\n<h3><span class=\"ez-toc-section\" id=\"Key_Differences_Between_Bitcoin_Poker_and_Online_Poker\"><\/span>Glavne razlike med pokrom Bitcoin in spletnim pokrom<span class=\"ez-toc-section-end\"><\/span><\/h3>\n<p><strong>Anonimnost:<\/strong> Ena od klju\u010dnih razlik je stopnja anonimnosti, ki jo ponuja Bitcoin. Tradicionalne spletne strani za poker pogosto zahtevajo osebne finan\u010dne podatke, medtem ko spletne strani za poker Bitcoin uporabnikom omogo\u010dajo razmeroma anonimno igranje.<\/p>\n<p><strong>Hitrost transakcij:<\/strong> Transakcije Bitcoin so lahko bistveno hitrej\u0161e od transakcij s fiat denarjem, kar igralcem omogo\u010da hitrej\u0161e pologe in dvige.<\/p>\n<p><strong>Razlike v vsebini:<\/strong><\/p>\n<table>\n<thead>\n<tr>\n<th>Funkcija<\/th>\n<th>Bitcoin Poker<\/th>\n<th>Spletni poker<\/th>\n<\/tr>\n<\/thead>\n<tbody>\n<tr>\n<td>Vrsta valute<\/td>\n<td>Kriptovaluta (Bitcoin)<\/td>\n<td>Fiatna valuta (USD, EUR, <a href=\"https:\/\/coinkickoff.com\/sl\/ethereum-classic-etc\/\" data-internallinksmanager029f6b8e52c=\"29\" title=\"Kaj je Ethereum Classic (ETC), kako deluje in kje ga kupiti?\">itd.<\/a>.)<\/td>\n<\/tr>\n<tr>\n<td>Stopnja anonimnosti<\/td>\n<td>Visoka<\/td>\n<td>Zmerno do nizko<\/td>\n<\/tr>\n<tr>\n<td>Hitrost transakcij<\/td>\n<td>Hitro (od minut do ur)<\/td>\n<td>Spremenljivo (ure do dnevi)<\/td>\n<\/tr>\n<tr>\n<td>Zahteva po finan\u010dnih podatkih<\/td>\n<td>Minimalno<\/td>\n<td>Pogosto obse\u017eno<\/td>\n<\/tr>\n<\/tbody>\n<\/table>\n<h3><span class=\"ez-toc-section\" id=\"The_Role_of_Cryptocurrency_in_Poker\"><\/span>Vloga kriptovalut v pokru<span class=\"ez-toc-section-end\"><\/span><\/h3>\n<p>Kriptovalute, kot je Bitcoin, so spremenile spletno pokrsko okolje, saj so zagotovile alternativni na\u010din izvajanja transakcij. Ponujajo decentralizirano gospodarstvo pokra, prena\u0161ajo nadzor s centralnega organa in prispevajo k oblikovanju globalne skupnosti pokra, ki ni vezana na tradicionalne ban\u010dne predpise.<\/p>\n<h2><span class=\"ez-toc-section\" id=\"The_Gameplay_Experience\"><\/span>Izku\u0161nja igranja<span class=\"ez-toc-section-end\"><\/span><\/h2>\n<p><img decoding=\"async\" src=\"https:\/\/coinkickoff.com\/wp-content\/uploads\/v2-3dh10-d5088.jpg\" alt=\"\"><\/p>\n<p>\u010ceprav je osnovno igranje pokra podobno, ponuja poker Bitcoin v primerjavi s tradicionalnim spletnim pokrom druga\u010dno izku\u0161njo pri upravljanju ra\u010duna, zasebnosti in mo\u017enostih programske opreme.<\/p>\n<h3><span class=\"ez-toc-section\" id=\"Account_Funding_and_Withdrawals\"><\/span>Financiranje ra\u010duna in izpla\u010dila<span class=\"ez-toc-section-end\"><\/span><\/h3>\n<ul>\n<li><strong>Bitcoin Transakcije<\/strong>: Igralci financirajo svoje ra\u010dune in se umaknejo <a href=\"https:\/\/coinkickoff.com\/sl\/bitcoin-casino\/cash-in-bitcoin-casino-winnings\/\" data-internallinksmanager029f6b8e52c=\"211\" title=\"Kako unov\u010diti igralni\u0161ke dobitke Bitcoin: Vodnik po korakih: Kako igrati v igralnici Casino Casino: korak za korakom\">dobitki<\/a> ki uporabljajo Bitcoin, zaradi decentralizirane narave kriptovalute pa so \u010dasi transakcij pogosto hitrej\u0161i.<\/li>\n<li><strong>Valutna nihanja<\/strong>: Vrednost Bitcoin je lahko nestalna, kar pomeni, da lahko vrednost igral\u010devih denarnih sredstev niha neodvisno od njegove uspe\u0161nosti v pokru.<\/li>\n<\/ul>\n<h3><span class=\"ez-toc-section\" id=\"Anonymity_and_Security_Features\"><\/span>Anonimnost in varnostne funkcije<span class=\"ez-toc-section-end\"><\/span><\/h3>\n<ul>\n<li><strong>Zasebnost<\/strong>: Bitcoin poker platforme lahko nudijo ve\u010djo anonimnost, saj se osebni finan\u010dni podatki ne zahtevajo na enak na\u010din kot na spletnih mestih s fiat valuto.<\/li>\n<li><strong>Varnostni ukrepi<\/strong>: Transakcije so zavarovane s tehnologijo veri\u017eenja blokov, ki zagotavlja pregleden in varen zapis vseh prenosov.<\/li>\n<\/ul>\n<h3><span class=\"ez-toc-section\" id=\"Poker_Variants_and_Software_Differences\"><\/span>Variante pokra in razlike v programski opremi<span class=\"ez-toc-section-end\"><\/span><\/h3>\n<ul>\n<li><strong>Raznolikost iger<\/strong>: Nekatera spletna mesta za poker Bitcoin lahko ponujajo edinstvene razli\u010dice pokra, ki jih ni mogo\u010de najti na obi\u010dajnih platformah.<\/li>\n<li><strong>Programski vmesniki<\/strong>: Vmesnik in uporabni\u0161ka izku\u0161nja se lahko razlikujeta, v\u010dasih ponujajo naprednej\u0161a statisti\u010dna orodja, zasnovana posebej za uporabnike kriptovalut.<\/li>\n<\/ul>\n<h2><span class=\"ez-toc-section\" id=\"Regulatory_and_Legal_Landscape\"><\/span>Regulativno in pravno okolje<span class=\"ez-toc-section-end\"><\/span><\/h2>\n<p><img decoding=\"async\" src=\"https:\/\/coinkickoff.com\/wp-content\/uploads\/v2-3dh1d-kf9ye.jpg\" alt=\"\"><\/p>\n<p>Regulativni in pravni vidiki pokra Bitcoin se po svetu precej razlikujejo in imajo razli\u010dne posledice tako za igralce kot za operaterje, saj veljajo strogi standardi skladnosti in po\u0161tene igre.<\/p>\n<h3><span class=\"ez-toc-section\" id=\"Jurisdictional_Variations_in_Bitcoin_Poker\"><\/span>Jurisdikcijske razli\u010dice pokra Bitcoin<span class=\"ez-toc-section-end\"><\/span><\/h3>\n<p>Razli\u010dne dr\u017eave imajo razli\u010dne predpise glede uporabe kriptovalut, kot je Bitcoin, za igre na sre\u010do. Nekatere so jo v celoti sprejele z jasnimi predpisi, medtem ko druge delujejo v sivem obmo\u010dju ali pa so povsem prepovedane. Na primer:<\/p>\n<ul>\n<li><strong>Zdru\u017eene dr\u017eave Amerike:<\/strong> Razlikuje se po dr\u017eavah; nekatere sprejemajo poker Bitcoin, druge pa spletnih iger na sre\u010do sploh ne dovoljujejo.<\/li>\n<li><strong>Zdru\u017eeno kraljestvo:<\/strong> Popolnoma regulirana s posebnimi smernicami za uporabo kriptovalut.<\/li>\n<li><strong>Kitajska:<\/strong> Spletne igre na sre\u010do, vklju\u010dno s pokrom Bitcoin, so nezakonite.<\/li>\n<\/ul>\n<h3><span class=\"ez-toc-section\" id=\"Legal_Implications_for_Players_and_Operators\"><\/span>Pravne posledice za igralce in operaterje<span class=\"ez-toc-section-end\"><\/span><\/h3>\n<p><strong>Igralci<\/strong> da bi se izognili pravnemu tveganju, morajo poznati zakonodajo svoje dr\u017eave glede kriptovalut in spletnih iger na sre\u010do. Kazni za kr\u0161itev lahko segajo od denarnih kazni do kazenskega pregona.<\/p>\n<p><strong>Operaterji<\/strong> Bitcoin Spletne strani za poker morajo izpolnjevati zahteve za izdajo licenc, postopke za prepre\u010devanje pranja denarja (AML) in politike poznavanja svojih strank (KYC).<\/p>\n<ul>\n<li><strong>Zahteve za licenciranje:<\/strong> Pridobiti morate ustrezna dovoljenja, kjer so spletne igre na sre\u010do urejene.<\/li>\n<li><strong>Postopki za prepre\u010devanje pranja denarja:<\/strong> izvajati sisteme za prepre\u010devanje finan\u010dnih kaznivih dejanj.<\/li>\n<li><strong>Politike KYC:<\/strong> Preveriti morajo identiteto svojih strank.<\/li>\n<\/ul>\n<h3><span class=\"ez-toc-section\" id=\"Compliance_and_Fair_Play_Standards\"><\/span>Skladnost in standardi po\u0161tene igre<span class=\"ez-toc-section-end\"><\/span><\/h3>\n<p>Operaterji morajo izpolnjevati standarde, ki zagotavljajo po\u0161tenost in varnost.<\/p>\n<ul>\n<li><strong>Certificiranje RNG:<\/strong> Generatorje naklju\u010dnih \u0161tevilk morajo potrditi neodvisni organi.<\/li>\n<li><strong>Varnostni protokoli:<\/strong> izvajanje \u0161ifriranja SSL in drugih ukrepov za kibernetsko varnost.<\/li>\n<li><strong>Dokazljivo po\u0161teni sistemi:<\/strong> Edinstvena mo\u017enost pri igrah Bitcoin, ki igralcem omogo\u010da, da preverijo po\u0161tenost vsake igre.<\/li>\n<\/ul>\n<h2><span class=\"ez-toc-section\" id=\"Frequently_Asked_Questions\"><\/span>Pogosto zastavljena vpra\u0161anja<span class=\"ez-toc-section-end\"><\/span><\/h2>\n<p><img decoding=\"async\" src=\"https:\/\/coinkickoff.com\/wp-content\/uploads\/v2-3dh1y-p4uhr.jpg\" alt=\"\"><\/p>\n<p>V tem poglavju so predstavljene razlike med Bitcoin pokrom in standardnim spletnim pokrom glede prednosti, hitrosti, zakonitosti, po\u0161tenosti, anonimnosti in vpliva nestanovitnosti kriptovalut.<\/p>\n<h3><span class=\"ez-toc-section\" id=\"What_are_the_advantages_of_playing_poker_using_Bitcoin\"><\/span>Kak\u0161ne so prednosti igranja pokra s storitvijo Bitcoin?<span class=\"ez-toc-section-end\"><\/span><\/h3>\n<p>Igralci, ki za poker uporabljajo storitev Bitcoin, lahko hitreje opravljajo transakcije, imajo ni\u017eje stro\u0161ke obdelave in lahko igrajo v regijah, kjer so obi\u010dajne ban\u010dne transakcije na poker straneh omejene. Te prednosti izhajajo iz decentralizirane narave kriptovalut.<\/p>\n<h3><span class=\"ez-toc-section\" id=\"Can_Bitcoin_transactions_affect_the_speed_of_online_poker_play\"><\/span>Ali lahko transakcije Bitcoin vplivajo na hitrost igranja spletnega pokra?<span class=\"ez-toc-section-end\"><\/span><\/h3>\n<p>Da, Bitcoin lahko pospe\u0161i postopek vpla\u010dila in izpla\u010dila, tako da lahko igralci hitreje za\u010dnejo igrati in izpla\u010dajo dobitke brez dolgih ban\u010dnih zamud. To poenostavljeno delovanje izhaja iz transakcijskega sistema peer-to-peer, ki je zna\u010dilen za Bitcoin.<\/p>\n<h3><span class=\"ez-toc-section\" id=\"Are_there_any_legal_differences_in_playing_poker_with_Bitcoin_versus_traditional_currencies\"><\/span>Ali obstajajo kak\u0161ne pravne razlike pri igranju pokra s Bitcoin v primerjavi s tradicionalnimi valutami?<span class=\"ez-toc-section-end\"><\/span><\/h3>\n<p>Pravno okolje za poker Bitcoin se lahko precej razlikuje, saj nekatere jurisdikcije, ki urejajo ali prepovedujejo spletne igre na sre\u010do, kriptovalut \u0161e niso izrecno obravnavale. To stanje lahko povzro\u010di dvoumnost, ki lahko vpliva na pravni polo\u017eaj pokra Bitcoin na dolo\u010denih obmo\u010djih.<\/p>\n<h3><span class=\"ez-toc-section\" id=\"How_does_provable_fairness_in_Bitcoin_poker_compare_to_regular_online_poker_games\"><\/span>Kako je dokazljiva po\u0161tenost v pokru Bitcoin v primerjavi z obi\u010dajnimi spletnimi igrami pokra?<span class=\"ez-toc-section-end\"><\/span><\/h3>\n<p>Bitcoin platforme za poker pogosto uporabljajo algoritme za dokazovanje po\u0161tenosti, ki igralcem omogo\u010dajo, da preverijo naklju\u010dnost in po\u0161tenost vsake igre. Ta raven preglednosti pri obi\u010dajnih spletnih poker igrah na splo\u0161no ni na voljo, kar igralcem pokra Bitcoin zagotavlja dodatno stopnjo zaupanja.<\/p>\n<h3><span class=\"ez-toc-section\" id=\"Does_the_use_of_Bitcoin_offer_more_anonymity_in_online_poker\"><\/span>Ali uporaba protokola Bitcoin zagotavlja ve\u010djo anonimnost v spletnem pokru?<span class=\"ez-toc-section-end\"><\/span><\/h3>\n<p>Transakcije Bitcoin zagotavljajo ve\u010djo anonimnost v primerjavi s tradicionalnimi spletnimi pla\u010dilnimi metodami, saj ne zahtevajo osebnih ban\u010dnih podatkov. Igralci so identificirani z naslovi denarnic in ne z osebnimi podatki, \u010deprav popolna anonimnost zaradi sledljivosti transakcij v verigi blokov ni zagotovljena.<\/p>\n<h3><span class=\"ez-toc-section\" id=\"What_impact_does_cryptocurrency_volatility_have_on_Bitcoin_poker_stakes\"><\/span>Kak\u0161en vpliv ima nestanovitnost kriptovalut na poker vlo\u017eke Bitcoin?<span class=\"ez-toc-section-end\"><\/span><\/h3>\n<p>Vrednost Bitcoin lahko mo\u010dno niha, kar lahko vpliva na denarno vrednost vstopnin in dobitkov v pokru Bitcoin. Medtem ko nekateri igralci cenijo mo\u017enost pove\u010danja vrednosti, lahko drugi ugotovijo, da nepredvidljivost vpliva na njihovo <a href=\"https:\/\/coinkickoff.com\/sl\/bitcoin-casino\/bankroll-management\/\" data-internallinksmanager029f6b8e52c=\"210\" title=\"Upravljanje denarnih sredstev pri stavah z Bitcoin\">upravljanje z denarnimi sredstvi<\/a> in splo\u0161no strategijo.<\/p>","protected":false},"excerpt":{"rendered":"<p>Izjava o omejitvi odgovornosti: Igre na sre\u010do vklju\u010dujejo veliko finan\u010dno tveganje. Igrajte le z denarjem, ki si ga lahko privo\u0161\u010dite izgubiti. Spodaj navedene informacije so zgolj informativne. \u010ce se prijavite in izgubite denar v kateri od naslednjih igralnic, bomo morda prejeli provizijo. Vse igralnice niso na voljo v vseh dr\u017eavah. Vse informacije, ki smo jih [...]<\/p>","protected":false},"author":1,"featured_media":4609,"parent":4440,"menu_order":0,"comment_status":"closed","ping_status":"closed","template":"","meta":{"_genesis_hide_title":false,"_genesis_hide_breadcrumbs":false,"_genesis_hide_singular_image":false,"_genesis_hide_footer_widgets":false,"_genesis_custom_body_class":"","_genesis_custom_post_class":"","_genesis_layout":"","_glsr_average":0,"_glsr_ranking":0,"_glsr_reviews":0,"footnotes":""},"class_list":{"0":"post-4605","1":"page","2":"type-page","3":"status-publish","4":"has-post-thumbnail","6":"entry"},"featured_image_src":"https:\/\/coinkickoff.com\/wp-content\/uploads\/v2-3dh1y-p4uhr-600x400.jpg","featured_image_src_square":"https:\/\/coinkickoff.com\/wp-content\/uploads\/v2-3dh1y-p4uhr-600x600.jpg","_links":{"self":[{"href":"https:\/\/coinkickoff.com\/sl\/wp-json\/wp\/v2\/pages\/4605","targetHints":{"allow":["GET"]}}],"collection":[{"href":"https:\/\/coinkickoff.com\/sl\/wp-json\/wp\/v2\/pages"}],"about":[{"href":"https:\/\/coinkickoff.com\/sl\/wp-json\/wp\/v2\/types\/page"}],"author":[{"embeddable":true,"href":"https:\/\/coinkickoff.com\/sl\/wp-json\/wp\/v2\/users\/1"}],"replies":[{"embeddable":true,"href":"https:\/\/coinkickoff.com\/sl\/wp-json\/wp\/v2\/comments?post=4605"}],"version-history":[{"count":3,"href":"https:\/\/coinkickoff.com\/sl\/wp-json\/wp\/v2\/pages\/4605\/revisions"}],"predecessor-version":[{"id":4614,"href":"https:\/\/coinkickoff.com\/sl\/wp-json\/wp\/v2\/pages\/4605\/revisions\/4614"}],"up":[{"embeddable":true,"href":"https:\/\/coinkickoff.com\/sl\/wp-json\/wp\/v2\/pages\/4440"}],"wp:featuredmedia":[{"embeddable":true,"href":"https:\/\/coinkickoff.com\/sl\/wp-json\/wp\/v2\/media\/4609"}],"wp:attachment":[{"href":"https:\/\/coinkickoff.com\/sl\/wp-json\/wp\/v2\/media?parent=4605"}],"curies":[{"name":"wp","href":"https:\/\/api.w.org\/{rel}","templated":true}]}}